{"id":9766,"date":"2025-04-06T07:01:28","date_gmt":"2025-04-06T07:01:28","guid":{"rendered":"https:\/\/www.ebanoviajes.com\/?page_id=9766"},"modified":"2025-04-06T07:01:59","modified_gmt":"2025-04-06T07:01:59","slug":"cuaderno-de-viaje-por-sudafrica","status":"publish","type":"page","link":"https:\/\/www.ebanoviajes.com\/index.php\/cuaderno-de-viaje-por-sudafrica\/","title":{"rendered":"Cuaderno de viaje por Sud\u00e1frica"},"content":{"rendered":"\t\t<div data-elementor-type=\"wp-page\" data-elementor-id=\"9766\" class=\"elementor elementor-9766\">\n\t\t\t\t\t\t<section class=\"elementor-section elementor-top-section elementor-element elementor-element-112058c1 elementor-section-boxed elementor-section-height-default elementor-section-height-default\" data-id=\"112058c1\" data-element_type=\"section\" data-e-type=\"section\">\n\t\t\t\t\t\t<div class=\"elementor-container elementor-column-gap-default\">\n\t\t\t\t\t<div class=\"elementor-column elementor-col-100 elementor-top-column elementor-element elementor-element-425616ae\" data-id=\"425616ae\" data-element_type=\"column\" data-e-type=\"column\" data-settings=\"{&quot;background_background&quot;:&quot;gradient&quot;}\">\n\t\t\t<div class=\"elementor-widget-wrap elementor-element-populated\">\n\t\t\t\t\t\t<div class=\"elementor-element elementor-element-bb27de1 elementor-widget elementor-widget-heading\" data-id=\"bb27de1\" data-element_type=\"widget\" data-e-type=\"widget\" data-widget_type=\"heading.default\">\n\t\t\t\t<div class=\"elementor-widget-container\">\n\t\t\t\t\t<h2 class=\"elementor-heading-title elementor-size-default\"><u>ITINERARIO 8 D\u00cdAS COSTA OESTE SUD\u00c1FRICA<\/u><\/h2>\t\t\t\t<\/div>\n\t\t\t\t<\/div>\n\t\t\t\t<div class=\"elementor-element elementor-element-2effda1f elementor-widget elementor-widget-text-editor\" data-id=\"2effda1f\" data-element_type=\"widget\" data-e-type=\"widget\" data-widget_type=\"text-editor.default\">\n\t\t\t\t<div class=\"elementor-widget-container\">\n\t\t\t\t\t\t\t\t\t<hr>\n<p><span style=\"text-align: justify;\"><b><u>&#8211; D\u00cdA 1:<\/u><\/b> Llegada a Ciudad del Cabo.<\/span><\/p>\n<p><span style=\"text-align: justify;\"><b><u>-D\u00cdA 2:<\/u><\/b> Visita <b>Ciudad del Cabo<\/b>, la ciudad madre.<\/span><\/p>\n<p><span style=\"text-align: justify;\"><b><u>-D\u00cdA 3:<\/u><\/b> Subida y trekking en la <b>Table Mountain<\/b>, una de las&nbsp; 7 maravillas naturales del mundo.<\/span><\/p>\n<p><span style=\"text-align: justify;\"><b><u>-D\u00cdA 4:<\/u><\/b> Visita a los ping\u00fcinos de<b> Boulders Beach<\/b> y ruta por la <b>Pen\u00ednsula del Cabo.&nbsp;<\/b><\/span><\/p>\n<p><span style=\"text-align: justify;\"><b><u>-D\u00cdA 5:<\/u><\/b>&nbsp;Viaje Ciudad del Cabo &#8211; Gansbaai (160km\/2h). Parada de camino en la colonia de ping\u00fcinos de&nbsp;&nbsp;<b>Bettysbaai.<\/b><\/span><\/p>\n<p><span style=\"text-align: justify;\"><b><u>-D\u00cdA 6:<\/u><\/b> Buceo en busca del <b>tibur\u00f3n blanco <\/b>y avistamiento de<b> ballenas francas australes<\/b>.<\/span><\/p>\n<p><span style=\"text-align: justify;\"><b><u>-D\u00cdA 7:<\/u><\/b> Viaje Gansbaai &#8211; Springbok (700km\/8h).<\/span><\/p>\n<p><span style=\"text-align: justify;\"><b><u>-D\u00cdA 8:<\/u><\/b> Cruce de frontera Vioolsdrif (Sud\u00e1frica &#8211; Namibia)<\/span><\/p>\n<p><span style=\"text-align: justify;\">&nbsp;<\/span><\/p>\n<p><span style=\"text-align: justify;\"><span style=\"font-style: inherit;\">*Antes de comenzar, quiero que sepas que este itinerario es solo una parte de un <b>viaje de m\u00e1s de dos meses<\/b> que hice desde noviembre 2022 hasta enero 2023. Mi periplo africano consisti\u00f3 en llegar hasta el coraz\u00f3n del continente, cruzando los siguientes pa\u00edses:<\/span><b style=\"font-style: inherit;\"> Sud\u00e1frica, Namibia, Botsuana, Zambia, Tanzania y Kenia.<\/b><span style=\"font-style: inherit;\"> Un viaje totalmente por libre, atravesando fronteras, llevando mi propio veh\u00edculo, durmiendo en tienda de campa\u00f1a dentro y fuera de los Parques Nacionales y realizando todo tipo de actividades extremas.<\/span><\/span><\/p>\t\t\t\t\t\t\t\t<\/div>\n\t\t\t\t<\/div>\n\t\t\t\t\t<\/div>\n\t\t<\/div>\n\t\t\t\t\t<\/div>\n\t\t<\/section>\n\t\t\t\t<section class=\"elementor-section elementor-top-section elementor-element elementor-element-205c6e1f elementor-section-boxed elementor-section-height-default elementor-section-height-default\" data-id=\"205c6e1f\" data-element_type=\"section\" data-e-type=\"section\">\n\t\t\t\t\t\t<div class=\"elementor-container elementor-column-gap-default\">\n\t\t\t\t\t<div class=\"elementor-column elementor-col-100 elementor-top-column elementor-element elementor-element-294cc3d9\" data-id=\"294cc3d9\" data-element_type=\"column\" data-e-type=\"column\">\n\t\t\t<div class=\"elementor-widget-wrap elementor-element-populated\">\n\t\t\t\t\t\t<div class=\"elementor-element elementor-element-59697739 elementor-widget elementor-widget-heading\" data-id=\"59697739\" data-element_type=\"widget\" data-e-type=\"widget\" data-widget_type=\"heading.default\">\n\t\t\t\t<div class=\"elementor-widget-container\">\n\t\t\t\t\t<h2 class=\"elementor-heading-title elementor-size-default\">CUADERNO DE VIAJE<\/h2>\t\t\t\t<\/div>\n\t\t\t\t<\/div>\n\t\t\t\t<div class=\"elementor-element elementor-element-7d313fb5 elementor-widget elementor-widget-text-editor\" data-id=\"7d313fb5\" data-element_type=\"widget\" data-e-type=\"widget\" data-widget_type=\"text-editor.default\">\n\t\t\t\t<div class=\"elementor-widget-container\">\n\t\t\t\t\t\t\t\t\t<hr \/><p>&#8211; <u><b>FECHA DE VIAJE<\/b><\/u>: 3 Noviembre &#8211; 11 Noviembre 2022.<\/p><p>&#8211; <u><b>TIPO DE VIAJE<\/b><\/u>: Grupo de 4 amigos, por libre y con coche de alquiler.\u00a0<\/p><p>&#8211; <u><b>EMPRESA ALQUILER DE COCHE<\/b><\/u>:\u00a0<a style=\"font-size: 1rem;\" href=\"https:\/\/aroundaboutcars.com\" target=\"_blank\" rel=\"noopener\">Around About Cars<\/a>.\u00a0<span style=\"text-align: justify; font-size: 1rem;\">Buena opci\u00f3n si el objetivo de tu viaje es atravesar fronteras, ya que puedes recoge el veh\u00edculo en Sud\u00e1frica y dejarlo en cualquier sucursal de Namibia o Botsuana.<\/span><\/p><p>&#8211; <u><b>ALOJAMIENTOS<\/b><\/u>:<\/p><ul><li><b>Ciudad del Cabo<\/b>:\u00a0<a href=\"https:\/\/www.booking.com\/hotel\/za\/bramber-court-art-deco-self-catering-apartments.es.html?aid=304142&amp;label=gen173nr-1FCAEoggI46AdIM1gEaEaIAQGYAQq4AQfIAQ3YAQHoAQH4AQ2IAgGoAgO4AoPO774GwAIB0gIkYmJlM2YzOGMtOWE3NC00MTFiLTkyZmItMzY5ZTdmNDc3ZjFm2AIG4AIB&amp;sid=f5b3496e3457275ff28d6ae6d0e6ad62&amp;all_sr_blocks=132123606_334369905_2_0_0_284844&amp;checkin=2025-04-09&amp;checkout=2025-04-10&amp;dest_id=1321236&amp;dest_type=hotel&amp;dist=0&amp;group_adults=2&amp;group_children=0&amp;hapos=1&amp;highlighted_blocks=132123606_334369905_2_0_0_284844&amp;hpos=1&amp;matching_block_id=132123606_334369905_2_0_0_284844&amp;no_rooms=1&amp;req_adults=2&amp;req_children=0&amp;room1=A%2CA&amp;sb_price_type=total&amp;sr_order=popularity&amp;sr_pri_blocks=132123606_334369905_2_0_0_284844_131040&amp;srepoch=1742464814&amp;srpvid=0dc74654ffe00107&amp;type=total&amp;ucfs=1&amp;\" target=\"_blank\" rel=\"noopener\">Bramber Court Art-Deco<\/a>: alojamiento con una ubicaci\u00f3n perfecta para recorrer Ciudad del Cabo.\u00a0<\/li><li><b>Gansbaai<\/b>:\u00a0<a href=\"https:\/\/www.booking.com\/hotel\/za\/bella-vista-gansbaai.es.html?label=gen173nr-1FCAEoggI46AdIM1gEaEaIAQGYAQq4AQfIAQ3YAQHoAQH4AQ2IAgGoAgO4AoPO774GwAIB0gIkYmJlM2YzOGMtOWE3NC00MTFiLTkyZmItMzY5ZTdmNDc3ZjFm2AIG4AIB&amp;sid=f5b3496e3457275ff28d6ae6d0e6ad62&amp;aid=304142&amp;ucfs=1&amp;checkin=2025-04-09&amp;checkout=2025-04-10&amp;dest_id=-1229719&amp;dest_type=city&amp;group_adults=2&amp;no_rooms=1&amp;group_children=0&amp;sr_order=price&amp;srpvid=5240467d4dc9031e&amp;srepoch=1742465398&amp;matching_block_id=745821501_350211274_0_0_0&amp;atlas_src=sr_iw_title\" target=\"_blank\" rel=\"noopener\">Bella<\/a><a href=\"https:\/\/www.booking.com\/hotel\/za\/bella-vista-gansbaai.es.html?label=gen173nr-1FCAEoggI46AdIM1gEaEaIAQGYAQq4AQfIAQ3YAQHoAQH4AQ2IAgGoAgO4AoPO774GwAIB0gIkYmJlM2YzOGMtOWE3NC00MTFiLTkyZmItMzY5ZTdmNDc3ZjFm2AIG4AIB&amp;sid=f5b3496e3457275ff28d6ae6d0e6ad62&amp;aid=304142&amp;ucfs=1&amp;checkin=2025-04-09&amp;checkout=2025-04-10&amp;dest_id=-1229719&amp;dest_type=city&amp;group_adults=2&amp;no_rooms=1&amp;group_children=0&amp;sr_order=price&amp;srpvid=5240467d4dc9031e&amp;srepoch=1742465398&amp;matching_block_id=745821501_350211274_0_0_0&amp;atlas_src=sr_iw_title\" target=\"_blank\" rel=\"noopener\">\u00a0Vista<\/a>: si volviese de nuevo, no repetir\u00eda en este alojamiento. Hay muchas alternativas de hospedaje por la zona al mismo precio. Ubicaci\u00f3n perfecta para contratar actividades de buceo con el famoso tibur\u00f3n blanco y avistamiento de ballenas francas australes.\u00a0<\/li><li><b>Springbook<\/b>:<a href=\"https:\/\/www.booking.com\/hotel\/za\/ginas-place.es.html?aid=304142&amp;label=gen173nr-1FCAEoggI46AdIM1gEaEaIAQGYAQq4AQfIAQ3YAQHoAQH4AQ2IAgGoAgO4AoPO774GwAIB0gIkYmJlM2YzOGMtOWE3NC00MTFiLTkyZmItMzY5ZTdmNDc3ZjFm2AIG4AIB&amp;sid=f5b3496e3457275ff28d6ae6d0e6ad62&amp;all_sr_blocks=495689801_168046578_2_0_0&amp;checkin=2025-04-09&amp;checkout=2025-04-10&amp;dest_id=-1286438&amp;dest_type=city&amp;dist=0&amp;group_adults=2&amp;group_children=0&amp;hapos=8&amp;highlighted_blocks=495689801_168046578_2_0_0&amp;hpos=8&amp;matching_block_id=495689801_168046578_2_0_0&amp;no_rooms=1&amp;req_adults=2&amp;req_children=0&amp;room1=A%2CA&amp;sb_price_type=total&amp;sr_order=popularity&amp;sr_pri_blocks=495689801_168046578_2_0_0__85000&amp;srepoch=1742465506&amp;srpvid=041947ac264c0085&amp;type=total&amp;ucfs=1&amp;\" target=\"_blank\" rel=\"noopener\"> Ginas Place<\/a>: muy buen alojamiento pegado a la frontera con Namibia<\/li><\/ul>\t\t\t\t\t\t\t\t<\/div>\n\t\t\t\t<\/div>\n\t\t\t\t\t<\/div>\n\t\t<\/div>\n\t\t\t\t\t<\/div>\n\t\t<\/section>\n\t\t\t\t<section class=\"elementor-section elementor-top-section elementor-element elementor-element-40629e22 elementor-section-boxed elementor-section-height-default elementor-section-height-default\" data-id=\"40629e22\" data-element_type=\"section\" data-e-type=\"section\">\n\t\t\t\t\t\t<div class=\"elementor-container elementor-column-gap-default\">\n\t\t\t\t\t<div class=\"elementor-column elementor-col-100 elementor-top-column elementor-element elementor-element-a68b29d\" data-id=\"a68b29d\" data-element_type=\"column\" data-e-type=\"column\">\n\t\t\t<div class=\"elementor-widget-wrap elementor-element-populated\">\n\t\t\t\t\t\t<div class=\"elementor-element elementor-element-72900e28 elementor-widget elementor-widget-heading\" data-id=\"72900e28\" data-element_type=\"widget\" data-e-type=\"widget\" data-widget_type=\"heading.default\">\n\t\t\t\t<div class=\"elementor-widget-container\">\n\t\t\t\t\t<h2 class=\"elementor-heading-title elementor-size-default\">PRESUPUESTO<\/h2>\t\t\t\t<\/div>\n\t\t\t\t<\/div>\n\t\t\t\t<div class=\"elementor-element elementor-element-77a12ea2 elementor-widget elementor-widget-text-editor\" data-id=\"77a12ea2\" data-element_type=\"widget\" data-e-type=\"widget\" data-widget_type=\"text-editor.default\">\n\t\t\t\t<div class=\"elementor-widget-container\">\n\t\t\t\t\t\t\t\t\t<hr \/><p>&#8211; <u><b>VUELO<\/b><\/u>: desde<span style=\"color: #ff0000;\"> 500\u20ac<\/span>.<\/p><p>&#8211; <u><b>COCHE DE ALQUILER<\/b><\/u>: 360\u20ac\/<span style=\"color: #ff0000;\">90\u20ac<\/span> persona por 8 d\u00edas.<\/p><p>&#8211; <u><b>SEGURO DE VIAJE<\/b><\/u>: <span style=\"color: #ff0000;\">45\u20ac.<\/span><\/p><p>&#8211; <u><b>ALOJAMIENTOS<\/b><\/u>: 520\u20ac\/<span style=\"color: #ff0000;\">130\u20ac<\/span> persona.<\/p><p>&#8211; <u><b>ACTIVIDADES<\/b><\/u>: <span style=\"color: #ff0000;\">200\u20ac<\/span><\/p><ul><li>Table Mountain: 16\u20ac entrada a trav\u00e9s de<i> Kirstenbosch National Botanical Garden.<\/i><\/li><li>Boulders Beach: 9\u20ac<\/li><li>Cabo de Buena Esperanza: 21\u20ac<\/li><li>Ping\u00fcinos Bettys bay: 1,5\u20ac<\/li><li>Avistamiento ballenas en Hermanus: 30\u20ac<\/li><li>Buceo con tiburones: 120\u20ac<\/li><\/ul><div>&#8211; <u><b>OTROS GASTOS<\/b><\/u>: <span style=\"color: #ff0000;\">375\u20ac<\/span><\/div><ul><li>Comida: 320\u20ac<\/li><li>Gasolina: 180\u20ac\/45\u20ac por persona<\/li><li>Sim: 16\u20ac<\/li><\/ul><div><span style=\"color: #ff0000;\"><strong>* PRESUPUESTO TOTAL APROXIMADO GRUPO 4 PERSONAS 8 D\u00cdAS: 1340\u20ac<\/strong><\/span><\/div>\t\t\t\t\t\t\t\t<\/div>\n\t\t\t\t<\/div>\n\t\t\t\t\t<\/div>\n\t\t<\/div>\n\t\t\t\t\t<\/div>\n\t\t<\/section>\n\t\t\t\t<section class=\"elementor-section elementor-top-section elementor-element elementor-element-24fbf86c elementor-section-boxed elementor-section-height-default elementor-section-height-default\" data-id=\"24fbf86c\" data-element_type=\"section\" data-e-type=\"section\">\n\t\t\t\t\t\t<div class=\"elementor-container elementor-column-gap-default\">\n\t\t\t\t\t<div class=\"elementor-column elementor-col-100 elementor-top-column elementor-element elementor-element-53372427\" data-id=\"53372427\" data-element_type=\"column\" data-e-type=\"column\">\n\t\t\t<div class=\"elementor-widget-wrap elementor-element-populated\">\n\t\t\t\t\t\t<div class=\"elementor-element elementor-element-cddf312 elementor-widget elementor-widget-heading\" data-id=\"cddf312\" data-element_type=\"widget\" data-e-type=\"widget\" data-widget_type=\"heading.default\">\n\t\t\t\t<div class=\"elementor-widget-container\">\n\t\t\t\t\t<h2 class=\"elementor-heading-title elementor-size-default\">LA RUTA <\/h2>\t\t\t\t<\/div>\n\t\t\t\t<\/div>\n\t\t\t\t\t<\/div>\n\t\t<\/div>\n\t\t\t\t\t<\/div>\n\t\t<\/section>\n\t\t\t\t<section class=\"elementor-section elementor-top-section elementor-element elementor-element-29c956da elementor-section-boxed elementor-section-height-default elementor-section-height-default\" data-id=\"29c956da\" data-element_type=\"section\" data-e-type=\"section\">\n\t\t\t\t\t\t<div class=\"elementor-container elementor-column-gap-default\">\n\t\t\t\t\t<div class=\"elementor-column elementor-col-100 elementor-top-column elementor-element elementor-element-67d62b8d\" data-id=\"67d62b8d\" data-element_type=\"column\" data-e-type=\"column\">\n\t\t\t<div class=\"elementor-widget-wrap elementor-element-populated\">\n\t\t\t\t\t\t<div class=\"elementor-element elementor-element-2f686218 elementor-widget elementor-widget-html\" data-id=\"2f686218\" data-element_type=\"widget\" data-e-type=\"widget\" data-widget_type=\"html.default\">\n\t\t\t\t<div class=\"elementor-widget-container\">\n\t\t\t\t\t<iframe src=\"https:\/\/www.google.com\/maps\/d\/embed?mid=1_sANI466HJ5YeWl3tbNKAYrerkTcU9E&ehbc=2E312F\" width=\"640\" height=\"480\"><\/iframe>\t\t\t\t<\/div>\n\t\t\t\t<\/div>\n\t\t\t\t\t<\/div>\n\t\t<\/div>\n\t\t\t\t\t<\/div>\n\t\t<\/section>\n\t\t\t\t<\/div>\n\t\t","protected":false},"excerpt":{"rendered":"<p>ITINERARIO 8 D\u00cdAS COSTA OESTE SUD\u00c1FRICA &#8211; D\u00cdA 1: Llegada a Ciudad del Cabo. -D\u00cdA 2: Visita Ciudad del Cabo, la ciudad madre. -D\u00cdA 3: Subida y trekking en la Table Mountain, una de las&nbsp; 7 maravillas naturales del mundo. -D\u00cdA 4: Visita a los ping\u00fcinos de Boulders Beach y ruta por la Pen\u00ednsula del [&hellip;]<\/p>\n","protected":false},"author":1,"featured_media":0,"parent":0,"menu_order":0,"comment_status":"closed","ping_status":"closed","template":"","meta":{"_uag_custom_page_level_css":"","site-sidebar-layout":"no-sidebar","site-content-layout":"","ast-site-content-layout":"full-width-container","site-content-style":"default","site-sidebar-style":"default","ast-global-header-display":"","ast-banner-title-visibility":"","ast-main-header-display":"","ast-hfb-above-header-display":"","ast-hfb-below-header-display":"","ast-hfb-mobile-header-display":"","site-post-title":"disabled","ast-breadcrumbs-content":"","ast-featured-img":"disabled","footer-sml-layout":"","ast-disable-related-posts":"","theme-transparent-header-meta":"","adv-header-id-meta":"","stick-header-meta":"","header-above-stick-meta":"","header-main-stick-meta":"","header-below-stick-meta":"","astra-migrate-meta-layouts":"default","ast-page-background-enabled":"default","ast-page-background-meta":{"desktop":{"background-color":"var(--ast-global-color-4)","background-image":"","background-repeat":"repeat","background-position":"center center","background-size":"auto","background-attachment":"scroll","background-type":"","background-media":"","overlay-type":"","overlay-color":"","overlay-opacity":"","overlay-gradient":""},"tablet":{"background-color":"","background-image":"","background-repeat":"repeat","background-position":"center center","background-size":"auto","background-attachment":"scroll","background-type":"","background-media":"","overlay-type":"","overlay-color":"","overlay-opacity":"","overlay-gradient":""},"mobile":{"background-color":"","background-image":"","background-repeat":"repeat","background-position":"center center","background-size":"auto","background-attachment":"scroll","background-type":"","background-media":"","overlay-type":"","overlay-color":"","overlay-opacity":"","overlay-gradient":""}},"ast-content-background-meta":{"desktop":{"background-color":"var(--ast-global-color-5)","background-image":"","background-repeat":"repeat","background-position":"center center","background-size":"auto","background-attachment":"scroll","background-type":"","background-media":"","overlay-type":"","overlay-color":"","overlay-opacity":"","overlay-gradient":""},"tablet":{"background-color":"var(--ast-global-color-5)","background-image":"","background-repeat":"repeat","background-position":"center center","background-size":"auto","background-attachment":"scroll","background-type":"","background-media":"","overlay-type":"","overlay-color":"","overlay-opacity":"","overlay-gradient":""},"mobile":{"background-color":"var(--ast-global-color-5)","background-image":"","background-repeat":"repeat","background-position":"center center","background-size":"auto","background-attachment":"scroll","background-type":"","background-media":"","overlay-type":"","overlay-color":"","overlay-opacity":"","overlay-gradient":""}},"footnotes":""},"class_list":["post-9766","page","type-page","status-publish","hentry"],"uagb_featured_image_src":{"full":false,"thumbnail":false,"medium":false,"medium_large":false,"large":false,"1536x1536":false,"2048x2048":false,"bm-post-thumb":false,"bm-post-medium":false},"uagb_author_info":{"display_name":"admin","author_link":"https:\/\/www.ebanoviajes.com\/index.php\/author\/admin\/"},"uagb_comment_info":0,"uagb_excerpt":"ITINERARIO 8 D\u00cdAS COSTA OESTE SUD\u00c1FRICA &#8211; D\u00cdA 1: Llegada a Ciudad del Cabo. -D\u00cdA 2: Visita Ciudad del Cabo, la ciudad madre. -D\u00cdA 3: Subida y trekking en la Table Mountain, una de las&nbsp; 7 maravillas naturales del mundo. -D\u00cdA 4: Visita a los ping\u00fcinos de Boulders Beach y ruta por la Pen\u00ednsula del&hellip;","_links":{"self":[{"href":"https:\/\/www.ebanoviajes.com\/index.php\/wp-json\/wp\/v2\/pages\/9766","targetHints":{"allow":["GET"]}}],"collection":[{"href":"https:\/\/www.ebanoviajes.com\/index.php\/wp-json\/wp\/v2\/pages"}],"about":[{"href":"https:\/\/www.ebanoviajes.com\/index.php\/wp-json\/wp\/v2\/types\/page"}],"author":[{"embeddable":true,"href":"https:\/\/www.ebanoviajes.com\/index.php\/wp-json\/wp\/v2\/users\/1"}],"replies":[{"embeddable":true,"href":"https:\/\/www.ebanoviajes.com\/index.php\/wp-json\/wp\/v2\/comments?post=9766"}],"version-history":[{"count":4,"href":"https:\/\/www.ebanoviajes.com\/index.php\/wp-json\/wp\/v2\/pages\/9766\/revisions"}],"predecessor-version":[{"id":9770,"href":"https:\/\/www.ebanoviajes.com\/index.php\/wp-json\/wp\/v2\/pages\/9766\/revisions\/9770"}],"wp:attachment":[{"href":"https:\/\/www.ebanoviajes.com\/index.php\/wp-json\/wp\/v2\/media?parent=9766"}],"curies":[{"name":"wp","href":"https:\/\/api.w.org\/{rel}","templated":true}]}}