{"id":9665,"date":"2025-04-03T16:19:17","date_gmt":"2025-04-03T16:19:17","guid":{"rendered":"https:\/\/www.ebanoviajes.com\/?page_id=9665"},"modified":"2025-04-03T17:34:49","modified_gmt":"2025-04-03T17:34:49","slug":"permisos-annapurna-sanctuary","status":"publish","type":"page","link":"https:\/\/www.ebanoviajes.com\/index.php\/permisos-annapurna-sanctuary\/","title":{"rendered":"permisos Annapurna Sanctuary"},"content":{"rendered":"\t\t<div data-elementor-type=\"wp-page\" data-elementor-id=\"9665\" class=\"elementor elementor-9665\">\n\t\t\t\t\t\t<section class=\"elementor-section elementor-top-section elementor-element elementor-element-a1a8616 elementor-section-height-min-height elementor-section-boxed elementor-section-height-default elementor-section-items-middle\" data-id=\"a1a8616\" data-element_type=\"section\" data-e-type=\"section\" data-settings=\"{&quot;background_background&quot;:&quot;classic&quot;}\">\n\t\t\t\t\t\t<div class=\"elementor-container elementor-column-gap-default\">\n\t\t\t\t\t<div class=\"elementor-column elementor-col-100 elementor-top-column elementor-element elementor-element-ffb8fba\" data-id=\"ffb8fba\" data-element_type=\"column\" data-e-type=\"column\">\n\t\t\t<div class=\"elementor-widget-wrap elementor-element-populated\">\n\t\t\t\t\t\t<div class=\"elementor-element elementor-element-3542349 elementor-widget elementor-widget-heading\" data-id=\"3542349\" data-element_type=\"widget\" data-e-type=\"widget\" data-widget_type=\"heading.default\">\n\t\t\t\t<div class=\"elementor-widget-container\">\n\t\t\t\t\t<h2 class=\"elementor-heading-title elementor-size-default\">PERMISOS \u00c1REA ANNAPURNA<\/h2>\t\t\t\t<\/div>\n\t\t\t\t<\/div>\n\t\t\t\t\t<\/div>\n\t\t<\/div>\n\t\t\t\t\t<\/div>\n\t\t<\/section>\n\t\t\t\t<section class=\"elementor-section elementor-top-section elementor-element elementor-element-8448f93 elementor-section-boxed elementor-section-height-default elementor-section-height-default\" data-id=\"8448f93\" data-element_type=\"section\" data-e-type=\"section\">\n\t\t\t\t\t\t<div class=\"elementor-container elementor-column-gap-default\">\n\t\t\t\t\t<div class=\"elementor-column elementor-col-100 elementor-top-column elementor-element elementor-element-d91f693\" data-id=\"d91f693\" data-element_type=\"column\" data-e-type=\"column\">\n\t\t\t<div class=\"elementor-widget-wrap elementor-element-populated\">\n\t\t\t\t\t\t<div class=\"elementor-element elementor-element-0ccf4a8 elementor-widget elementor-widget-heading\" data-id=\"0ccf4a8\" data-element_type=\"widget\" data-e-type=\"widget\" data-widget_type=\"heading.default\">\n\t\t\t\t<div class=\"elementor-widget-container\">\n\t\t\t\t\t<h2 class=\"elementor-heading-title elementor-size-default\">\u00bfQU\u00c9 PERMISOS HACEN FALTA PARA HACER UN TREKKING EN EL ANNAPURNA EN 2025?<\/h2>\t\t\t\t<\/div>\n\t\t\t\t<\/div>\n\t\t\t\t<div class=\"elementor-element elementor-element-fe5eb4e elementor-widget elementor-widget-text-editor\" data-id=\"fe5eb4e\" data-element_type=\"widget\" data-e-type=\"widget\" data-widget_type=\"text-editor.default\">\n\t\t\t\t<div class=\"elementor-widget-container\">\n\t\t\t\t\t\t\t\t\t<p>Actualmente en <strong><span style=\"color: #ff9900;\">2025<\/span><\/strong>, necesitar\u00e1s cumplir con ciertos requisitos y permisos:<\/p><p><b><u>1 &#8211; PERMISO DEL AREA DE CONSERVACI\u00d3N DEL ANNAPURNA (ACAP):<\/u><\/b><\/p><ul><li>Tiene un costo de <strong><span style=\"color: #ff0000;\">25\u20ac\/3000 rupias<\/span><\/strong>.<\/li><li>Se obtiene en las oficinas de la <strong>Junta de Turismo de Nepal<\/strong> en <strong>Katmand\u00fa<\/strong> o <strong>Pokhara<\/strong><\/li><li>Para la obtenci\u00f3n se debe llevar <b>fotocopia del pasaporte<\/b>, <b>dos fotos tama\u00f1o pasaporte<\/b> y un<b> formulario de solicitud <\/b>(lo obtendr\u00e1s en la misma oficina).<\/li><li>V\u00e1lido \u00fanicamente para una sola entrada o expedici\u00f3n de trekking sin l\u00edmite de tiempo.\u00a0<\/li><\/ul><div><b><u>2 &#8211; TARJETA DEL SISTEMA DE INFORMACI\u00d3N PARA SENDERISTAS (TIMS):<\/u><\/b><\/div><ul><li>Desde el 1 de abril de 2023, la tarjeta TIMS ya no es obligatoria.<\/li><\/ul><div><u><b>3 &#8211; REQUISITO OBLIGATORIO DE GU\u00cdA:<\/b><\/u><\/div><ul><li>Desde el 1 de abril de 2023, todos los senderistas en la regi\u00f3n del Annapurna deben ir acompa\u00f1ados por un gu\u00eda autorizado.\u00a0<\/li><li>Las tarifas diarias suelen rondar los <span style=\"color: #ff0000;\"><strong>25\u20ac-40\u20ac<\/strong><\/span>, aunque puede variar en funci\u00f3n de las personas y el recorrido.<\/li><li>Algunas de las empresas recomendadas son:\u00a0<a href=\"https:\/\/sherpaexpeditiontrekking.com\" target=\"_blank\" rel=\"noopener\">Sherpa Expedition &amp; Trekking<\/a>\u00a0y<a href=\"https:\/\/www.greenvalleynepaltreks.com\" target=\"_blank\" rel=\"noopener\">\u00a0Green Valley Nepal Treks<\/a>.\u00a0<\/li><\/ul>\t\t\t\t\t\t\t\t<\/div>\n\t\t\t\t<\/div>\n\t\t\t\t\t<\/div>\n\t\t<\/div>\n\t\t\t\t\t<\/div>\n\t\t<\/section>\n\t\t\t\t<section class=\"elementor-section elementor-top-section elementor-element elementor-element-55173c5 elementor-section-boxed elementor-section-height-default elementor-section-height-default\" data-id=\"55173c5\" data-element_type=\"section\" data-e-type=\"section\">\n\t\t\t\t\t\t<div class=\"elementor-container elementor-column-gap-default\">\n\t\t\t\t\t<div class=\"elementor-column elementor-col-50 elementor-top-column elementor-element elementor-element-a2c85f3\" data-id=\"a2c85f3\" data-element_type=\"column\" data-e-type=\"column\">\n\t\t\t<div class=\"elementor-widget-wrap elementor-element-populated\">\n\t\t\t\t\t\t<div class=\"elementor-element elementor-element-09407e1 elementor-widget elementor-widget-heading\" data-id=\"09407e1\" data-element_type=\"widget\" data-e-type=\"widget\" data-widget_type=\"heading.default\">\n\t\t\t\t<div class=\"elementor-widget-container\">\n\t\t\t\t\t<h2 class=\"elementor-heading-title elementor-size-default\">OFICINA DE TURISMO KATMAND\u00da<\/h2>\t\t\t\t<\/div>\n\t\t\t\t<\/div>\n\t\t\t\t<div class=\"elementor-element elementor-element-5241faa elementor-widget elementor-widget-html\" data-id=\"5241faa\" data-element_type=\"widget\" data-e-type=\"widget\" data-widget_type=\"html.default\">\n\t\t\t\t<div class=\"elementor-widget-container\">\n\t\t\t\t\t<iframe src=\"https:\/\/www.google.com\/maps\/embed?pb=!1m18!1m12!1m3!1d7064.991742267288!2d85.30748605728151!3d27.70197208911158!2m3!1f0!2f0!3f0!3m2!1i1024!2i768!4f13.1!3m3!1m2!1s0x39eb19abb6cf1d19%3A0xe53f5b44cc5c9325!2sNepal%20Tourism%20Board!5e0!3m2!1ses!2ses!4v1743701271506!5m2!1ses!2ses\" width=\"600\" height=\"450\" style=\"border:0;\" allowfullscreen=\"\" loading=\"lazy\" referrerpolicy=\"no-referrer-when-downgrade\"><\/iframe>\t\t\t\t<\/div>\n\t\t\t\t<\/div>\n\t\t\t\t\t<\/div>\n\t\t<\/div>\n\t\t\t\t<div class=\"elementor-column elementor-col-50 elementor-top-column elementor-element elementor-element-f97c797\" data-id=\"f97c797\" data-element_type=\"column\" data-e-type=\"column\">\n\t\t\t<div class=\"elementor-widget-wrap elementor-element-populated\">\n\t\t\t\t\t\t<div class=\"elementor-element elementor-element-c7451e3 elementor-widget elementor-widget-heading\" data-id=\"c7451e3\" data-element_type=\"widget\" data-e-type=\"widget\" data-widget_type=\"heading.default\">\n\t\t\t\t<div class=\"elementor-widget-container\">\n\t\t\t\t\t<h2 class=\"elementor-heading-title elementor-size-default\">OFICINA DE TURISMO EN POKHARA<\/h2>\t\t\t\t<\/div>\n\t\t\t\t<\/div>\n\t\t\t\t<div class=\"elementor-element elementor-element-ed2bd3b elementor-widget elementor-widget-html\" data-id=\"ed2bd3b\" data-element_type=\"widget\" data-e-type=\"widget\" data-widget_type=\"html.default\">\n\t\t\t\t<div class=\"elementor-widget-container\">\n\t\t\t\t\t<iframe src=\"https:\/\/www.google.com\/maps\/embed?pb=!1m18!1m12!1m3!1d8223.32519503001!2d83.96019473472904!3d28.210752103788675!2m3!1f0!2f0!3f0!3m2!1i1024!2i768!4f13.1!3m3!1m2!1s0x39959508d50660f1%3A0x3259d54fd978fbbd!2sACAP%20Entry%20Permit%20Counter-Pokhara!5e0!3m2!1ses!2ses!4v1743701371745!5m2!1ses!2ses\" width=\"600\" height=\"450\" style=\"border:0;\" allowfullscreen=\"\" loading=\"lazy\" referrerpolicy=\"no-referrer-when-downgrade\"><\/iframe>\t\t\t\t<\/div>\n\t\t\t\t<\/div>\n\t\t\t\t\t<\/div>\n\t\t<\/div>\n\t\t\t\t\t<\/div>\n\t\t<\/section>\n\t\t\t\t<\/div>\n\t\t","protected":false},"excerpt":{"rendered":"<p>PERMISOS \u00c1REA ANNAPURNA \u00bfQU\u00c9 PERMISOS HACEN FALTA PARA HACER UN TREKKING EN EL ANNAPURNA EN 2025? Actualmente en 2025, necesitar\u00e1s cumplir con ciertos requisitos y permisos: 1 &#8211; PERMISO DEL AREA DE CONSERVACI\u00d3N DEL ANNAPURNA (ACAP): Tiene un costo de 25\u20ac\/3000 rupias. Se obtiene en las oficinas de la Junta de Turismo de Nepal en [&hellip;]<\/p>\n","protected":false},"author":1,"featured_media":0,"parent":0,"menu_order":0,"comment_status":"closed","ping_status":"closed","template":"","meta":{"_uag_custom_page_level_css":"","site-sidebar-layout":"no-sidebar","site-content-layout":"","ast-site-content-layout":"full-width-container","site-content-style":"default","site-sidebar-style":"default","ast-global-header-display":"","ast-banner-title-visibility":"","ast-main-header-display":"","ast-hfb-above-header-display":"","ast-hfb-below-header-display":"","ast-hfb-mobile-header-display":"","site-post-title":"disabled","ast-breadcrumbs-content":"","ast-featured-img":"disabled","footer-sml-layout":"","ast-disable-related-posts":"","theme-transparent-header-meta":"","adv-header-id-meta":"","stick-header-meta":"","header-above-stick-meta":"","header-main-stick-meta":"","header-below-stick-meta":"","astra-migrate-meta-layouts":"default","ast-page-background-enabled":"default","ast-page-background-meta":{"desktop":{"background-color":"var(--ast-global-color-4)","background-image":"","background-repeat":"repeat","background-position":"center center","background-size":"auto","background-attachment":"scroll","background-type":"","background-media":"","overlay-type":"","overlay-color":"","overlay-opacity":"","overlay-gradient":""},"tablet":{"background-color":"","background-image":"","background-repeat":"repeat","background-position":"center center","background-size":"auto","background-attachment":"scroll","background-type":"","background-media":"","overlay-type":"","overlay-color":"","overlay-opacity":"","overlay-gradient":""},"mobile":{"background-color":"","background-image":"","background-repeat":"repeat","background-position":"center center","background-size":"auto","background-attachment":"scroll","background-type":"","background-media":"","overlay-type":"","overlay-color":"","overlay-opacity":"","overlay-gradient":""}},"ast-content-background-meta":{"desktop":{"background-color":"var(--ast-global-color-5)","background-image":"","background-repeat":"repeat","background-position":"center center","background-size":"auto","background-attachment":"scroll","background-type":"","background-media":"","overlay-type":"","overlay-color":"","overlay-opacity":"","overlay-gradient":""},"tablet":{"background-color":"var(--ast-global-color-5)","background-image":"","background-repeat":"repeat","background-position":"center center","background-size":"auto","background-attachment":"scroll","background-type":"","background-media":"","overlay-type":"","overlay-color":"","overlay-opacity":"","overlay-gradient":""},"mobile":{"background-color":"var(--ast-global-color-5)","background-image":"","background-repeat":"repeat","background-position":"center center","background-size":"auto","background-attachment":"scroll","background-type":"","background-media":"","overlay-type":"","overlay-color":"","overlay-opacity":"","overlay-gradient":""}},"footnotes":""},"class_list":["post-9665","page","type-page","status-publish","hentry"],"uagb_featured_image_src":{"full":false,"thumbnail":false,"medium":false,"medium_large":false,"large":false,"1536x1536":false,"2048x2048":false,"bm-post-thumb":false,"bm-post-medium":false},"uagb_author_info":{"display_name":"admin","author_link":"https:\/\/www.ebanoviajes.com\/index.php\/author\/admin\/"},"uagb_comment_info":0,"uagb_excerpt":"PERMISOS \u00c1REA ANNAPURNA \u00bfQU\u00c9 PERMISOS HACEN FALTA PARA HACER UN TREKKING EN EL ANNAPURNA EN 2025? Actualmente en 2025, necesitar\u00e1s cumplir con ciertos requisitos y permisos: 1 &#8211; PERMISO DEL AREA DE CONSERVACI\u00d3N DEL ANNAPURNA (ACAP): Tiene un costo de 25\u20ac\/3000 rupias. Se obtiene en las oficinas de la Junta de Turismo de Nepal en&hellip;","_links":{"self":[{"href":"https:\/\/www.ebanoviajes.com\/index.php\/wp-json\/wp\/v2\/pages\/9665","targetHints":{"allow":["GET"]}}],"collection":[{"href":"https:\/\/www.ebanoviajes.com\/index.php\/wp-json\/wp\/v2\/pages"}],"about":[{"href":"https:\/\/www.ebanoviajes.com\/index.php\/wp-json\/wp\/v2\/types\/page"}],"author":[{"embeddable":true,"href":"https:\/\/www.ebanoviajes.com\/index.php\/wp-json\/wp\/v2\/users\/1"}],"replies":[{"embeddable":true,"href":"https:\/\/www.ebanoviajes.com\/index.php\/wp-json\/wp\/v2\/comments?post=9665"}],"version-history":[{"count":22,"href":"https:\/\/www.ebanoviajes.com\/index.php\/wp-json\/wp\/v2\/pages\/9665\/revisions"}],"predecessor-version":[{"id":9693,"href":"https:\/\/www.ebanoviajes.com\/index.php\/wp-json\/wp\/v2\/pages\/9665\/revisions\/9693"}],"wp:attachment":[{"href":"https:\/\/www.ebanoviajes.com\/index.php\/wp-json\/wp\/v2\/media?parent=9665"}],"curies":[{"name":"wp","href":"https:\/\/api.w.org\/{rel}","templated":true}]}}