{"id":9594,"date":"2025-04-02T10:40:13","date_gmt":"2025-04-02T10:40:13","guid":{"rendered":"https:\/\/www.ebanoviajes.com\/?page_id=9594"},"modified":"2025-04-02T10:40:57","modified_gmt":"2025-04-02T10:40:57","slug":"cuaderno-de-viaje-nepal","status":"publish","type":"page","link":"https:\/\/www.ebanoviajes.com\/index.php\/cuaderno-de-viaje-nepal\/","title":{"rendered":"CUADERNO DE VIAJE NEPAL"},"content":{"rendered":"\t\t<div data-elementor-type=\"wp-page\" data-elementor-id=\"9594\" class=\"elementor elementor-9594\">\n\t\t\t\t\t\t<section class=\"elementor-section elementor-top-section elementor-element elementor-element-6af35626 elementor-section-boxed elementor-section-height-default elementor-section-height-default\" data-id=\"6af35626\" data-element_type=\"section\" data-e-type=\"section\" data-settings=\"{&quot;background_background&quot;:&quot;gradient&quot;}\">\n\t\t\t\t\t\t<div class=\"elementor-container elementor-column-gap-default\">\n\t\t\t\t\t<div class=\"elementor-column elementor-col-100 elementor-top-column elementor-element elementor-element-77ce6222\" data-id=\"77ce6222\" data-element_type=\"column\" data-e-type=\"column\" data-settings=\"{&quot;background_background&quot;:&quot;classic&quot;}\">\n\t\t\t<div class=\"elementor-widget-wrap elementor-element-populated\">\n\t\t\t\t\t\t<div class=\"elementor-element elementor-element-65312069 elementor-widget elementor-widget-heading\" data-id=\"65312069\" data-element_type=\"widget\" data-e-type=\"widget\" data-widget_type=\"heading.default\">\n\t\t\t\t<div class=\"elementor-widget-container\">\n\t\t\t\t\t<h2 class=\"elementor-heading-title elementor-size-default\"><u>ITINERARIO 20 D\u00cdAS<\/u><\/h2>\t\t\t\t<\/div>\n\t\t\t\t<\/div>\n\t\t\t\t<div class=\"elementor-element elementor-element-5a1bafdd elementor-widget elementor-widget-text-editor\" data-id=\"5a1bafdd\" data-element_type=\"widget\" data-e-type=\"widget\" data-widget_type=\"text-editor.default\">\n\t\t\t\t<div class=\"elementor-widget-container\">\n\t\t\t\t\t\t\t\t\t<hr \/><p><b><u>D\u00cdA 1:<\/u><\/b> Llegada a Katmand\u00fa y alojamiento en<b> Thamel.<\/b><\/p><p><b><u>D\u00cdA 2:<\/u><\/b> Por la ma\u00f1ana, visita <b>Pashupatinath<\/b>\u00a0y tr\u00e1mites permisos trekking Annapurna. Por la tarde, visita <b>Patan Durbar Square<\/b>.<\/p><p><b><u>D\u00cdA 3<\/u><\/b>:\u00a0 Viaje a<b> Phokara<\/b> (6h\/200km). Por la tarde, compras y preparativos trekking.<\/p><p><b><u>D\u00cdAS 4\/5\/6\/7\/8\/9<\/u><\/b>:\u00a0<a style=\"font-size: 1rem;\" href=\"https:\/\/www.ebanoviajes.com\/index.php\/trekking-santuario\/\" target=\"_blank\" rel=\"noopener\">Trekking Annapurna Sanctuary.<\/a><\/p><p><b><u>D\u00cdA 10:<\/u><\/b> Visita <b>lagos de Phokara <\/b>y vuelo en parapente.<\/p><p><b><u>D\u00cdA 11:<\/u><\/b> Por la ma\u00f1ana, <b>rafting \u00abUpper Sety\u00bb<\/b>. Por la tarde, viaje a<b> Lumbini<\/b>, lugar de nacimiento de Buda (6H30&#8217;\/ 205km).<\/p><p><b style=\"text-decoration-line: underline;\">D\u00cdA 12<\/b>:\u00a0Visita<b> Lumbini.<\/b><\/p><p><b><u>D\u00cdA 13:<\/u><\/b> Viaje a<b> Chitwan<\/b> National Park (150km \/ 5h).<\/p><p><b><u>D\u00cdA 14:<\/u><\/b> Safari <b>a pie <\/b>en Chitwan.<\/p><p><b><u>D\u00cdA 15:<\/u><\/b> Safari en <b>Jeep<\/b> en Chitwan.<\/p><p><b><u>D\u00cdA 16:<\/u><\/b> Safari en<b> canoa<\/b>. Por la tarde, viaje a Katmand\u00fa.<\/p><p><u style=\"font-weight: bold;\">D\u00cdA 17: <\/u>Visita<b> Bhaktapur<\/b> y <b>Swayambhunath<\/b> el templo de los Monos.<\/p><p><b><u>D\u00cdA 18<\/u><\/b>: Por la ma\u00f1ana, visita<b> Durbar Square Katmand\u00fa (Ni\u00f1a Kumari)<\/b>. Por la tarde, visita <b>Boudhanath Stupa<\/b>.<\/p><p><b><u>D\u00cdA 19:<\/u><\/b> Descanso y compras en Katmand\u00fa.<\/p><p><u><b>D\u00cdA 20<\/b><\/u>: Regreso a Espa\u00f1a.<\/p>\t\t\t\t\t\t\t\t<\/div>\n\t\t\t\t<\/div>\n\t\t\t\t\t<\/div>\n\t\t<\/div>\n\t\t\t\t\t<\/div>\n\t\t<\/section>\n\t\t\t\t<section class=\"elementor-section elementor-top-section elementor-element elementor-element-4c6b09b8 elementor-section-boxed elementor-section-height-default elementor-section-height-default\" data-id=\"4c6b09b8\" data-element_type=\"section\" data-e-type=\"section\">\n\t\t\t\t\t\t<div class=\"elementor-container elementor-column-gap-default\">\n\t\t\t\t\t<div class=\"elementor-column elementor-col-100 elementor-top-column elementor-element elementor-element-541d28a6\" data-id=\"541d28a6\" data-element_type=\"column\" data-e-type=\"column\">\n\t\t\t<div class=\"elementor-widget-wrap elementor-element-populated\">\n\t\t\t\t\t\t<div class=\"elementor-element elementor-element-10e8c70f elementor-widget elementor-widget-heading\" data-id=\"10e8c70f\" data-element_type=\"widget\" data-e-type=\"widget\" data-widget_type=\"heading.default\">\n\t\t\t\t<div class=\"elementor-widget-container\">\n\t\t\t\t\t<h2 class=\"elementor-heading-title elementor-size-default\">CUADERNO DE VIAJE<\/h2>\t\t\t\t<\/div>\n\t\t\t\t<\/div>\n\t\t\t\t<div class=\"elementor-element elementor-element-34110a70 elementor-widget elementor-widget-text-editor\" data-id=\"34110a70\" data-element_type=\"widget\" data-e-type=\"widget\" data-widget_type=\"text-editor.default\">\n\t\t\t\t<div class=\"elementor-widget-container\">\n\t\t\t\t\t\t\t\t\t<hr \/><p>&#8211; <u><b>FECHAS DEL VIAJE:<\/b><\/u> 21 Noviembre &#8211; 12 Diciembre 2021.<\/p><p>&#8211; <u style=\"font-weight: bold;\">TIPO DE VIAJE<\/u>: Grupo de siete personas. Viaje completamente por libre.\u00a0<\/p><p>&#8211; <u><b>ALOJAMIENTOS<\/b><\/u>: Gama media\/baja. Precio 12\u20ac de media por persona y noche. Durante el trekking del Annapurna, los alojamientos nos costaron unos 3\u20ac por persona y noche.\u00a0<\/p><ul><li><b>Katmand\u00fa<\/b>:\u00a0<a href=\"https:\/\/www.booking.com\/hotel\/np\/aryatara-kathmandu.es.html?aid=304142&amp;label=gen173bo-1FCAEoggI46AdIClgDaEaIAQGYAQq4AQfIAQ3YAQHoAQH4AQOIAgGYAiGoAgO4AqqAtL8GwAIB0gIkZTc1MWYzNTAtNjljYi00ZTJkLWJhN2MtZDg4YzVkNWRhYmJk2AIF4AIB&amp;sid=1f881b7fc0bbdc408b4d4b9bd53115c3&amp;dist=0&amp;group_adults=2&amp;group_children=0&amp;hapos=1&amp;hpos=1&amp;no_rooms=1&amp;req_adults=2&amp;req_children=0&amp;room1=A%2CA&amp;sb_price_type=total&amp;sr_order=popularity&amp;srepoch=1743585423&amp;srpvid=00c54145137100b5&amp;type=total&amp;ucfs=1&amp;\" target=\"_blank\" rel=\"noopener\">Aryatara Kathmandu<\/a>: buen alojamiento en el centro del Thamel. Habitaciones limpias con mobiliario relativamente nuevo.<\/li><li><b>Pokhara<\/b>:<a href=\"https:\/\/www.booking.com\/hotel\/np\/krishna-cottage.es.html?label=gen173bo-1DCAQoggJCHXNlYXJjaF9sYSBtYW5nYSBkZWwgbWFyIG1lbm9ySApYA2hGiAEBmAEKuAEHyAEN2AED6AEB-AEDiAIBmAICqAIDuALMgrS_BsACAdICJDYxZmMxYWVmLTBiNTgtNDNiNS1iZDYxLTI1ZGVhYmQ2NjEwONgCBOACAQ&amp;aid=304142&amp;ucfs=1&amp;dest_id=-1022488&amp;dest_type=city&amp;group_adults=2&amp;no_rooms=1&amp;group_children=0&amp;nflt=ht_id%3D204&amp;srpvid=a87e41abec310096&amp;srepoch=1743585709&amp;atlas_src=sr_iw_title\" target=\"_blank\" rel=\"noopener\"> Hotel Eagle Zone<\/a>: alojamiento humilde a dos pasos del lago de Pokhara y cerca del centro. Lo mejor del hotel fueron sus propietarios, los cuales nos guardaron parte del equipaje hasta nuestro regreso del trekking y aparte nos gestionaron todos los transportes para movernos por el pa\u00eds.<\/li><li><b>Lumbini<\/b>:\u00a0<a href=\"https:\/\/www.booking.com\/hotel\/np\/seven-steps-guest-house.es.html?aid=304142&amp;label=gen173bo-1FCAEoggI46AdIClgDaEaIAQGYAQq4AQfIAQ3YAQHoAQH4AQOIAgGYAiGoAgO4AqqAtL8GwAIB0gIkZTc1MWYzNTAtNjljYi00ZTJkLWJhN2MtZDg4YzVkNWRhYmJk2AIF4AIB&amp;sid=1f881b7fc0bbdc408b4d4b9bd53115c3&amp;dest_id=900060487&amp;dest_type=city&amp;dist=0&amp;group_adults=2&amp;group_children=0&amp;hapos=16&amp;hpos=16&amp;no_rooms=1&amp;req_adults=2&amp;req_children=0&amp;room1=A%2CA&amp;sb_price_type=total&amp;sr_order=popularity&amp;srepoch=1743586016&amp;srpvid=e26e426a186900e8&amp;type=total&amp;ucfs=1&amp;\" target=\"_blank\" rel=\"noopener\">Seven Steps Guest House<\/a>: el alojamiento es extremadamente humilde, sin embargo, es la \u00fanica opci\u00f3n econ\u00f3mica cerca de los puntos de inter\u00e9s de Lumbini.\u00a0<\/li><li><b>Chitwan<\/b><b style=\"text-decoration: underline;\">:<\/b><a href=\"https:\/\/www.booking.com\/hotel\/np\/chitwan-tiger-camp.es.html?aid=304142&amp;label=gen173bo-1FCAEoggI46AdIClgDaEaIAQGYAQq4AQfIAQ3YAQHoAQH4AQOIAgGYAiGoAgO4AqqAtL8GwAIB0gIkZTc1MWYzNTAtNjljYi00ZTJkLWJhN2MtZDg4YzVkNWRhYmJk2AIF4AIB&amp;sid=1f881b7fc0bbdc408b4d4b9bd53115c3&amp;all_sr_blocks=86803001_199979443_0_41_0&amp;checkin=2025-04-10&amp;checkout=2025-04-11&amp;dist=0&amp;group_adults=2&amp;group_children=0&amp;hapos=1&amp;highlighted_blocks=86803001_199979443_0_41_0&amp;hpos=1&amp;matching_block_id=86803001_199979443_0_41_0&amp;no_rooms=1&amp;req_adults=2&amp;req_children=0&amp;room1=A%2CA&amp;sb_price_type=total&amp;sr_order=distance_from_search&amp;sr_pri_blocks=86803001_199979443_0_41_0__2210&amp;srepoch=1743586481&amp;srpvid=6fad43573ffd0464&amp;type=total&amp;ucfs=1&amp;\" target=\"_blank\" rel=\"noopener\"> Hotel Tiguer Camp:\u00a0<\/a>muy buena opci\u00f3n de alojamiento para visitar el Parque Nacional de Chitwan. Contratamos todas las actividades directamente con el propietario.\u00a0<\/li><\/ul>\t\t\t\t\t\t\t\t<\/div>\n\t\t\t\t<\/div>\n\t\t\t\t\t<\/div>\n\t\t<\/div>\n\t\t\t\t\t<\/div>\n\t\t<\/section>\n\t\t\t\t<section class=\"elementor-section elementor-top-section elementor-element elementor-element-274fe1d3 elementor-section-boxed elementor-section-height-default elementor-section-height-default\" data-id=\"274fe1d3\" data-element_type=\"section\" data-e-type=\"section\">\n\t\t\t\t\t\t<div class=\"elementor-container elementor-column-gap-default\">\n\t\t\t\t\t<div class=\"elementor-column elementor-col-100 elementor-top-column elementor-element elementor-element-22881ca\" data-id=\"22881ca\" data-element_type=\"column\" data-e-type=\"column\">\n\t\t\t<div class=\"elementor-widget-wrap elementor-element-populated\">\n\t\t\t\t\t\t<div class=\"elementor-element elementor-element-349db22 elementor-widget elementor-widget-heading\" data-id=\"349db22\" data-element_type=\"widget\" data-e-type=\"widget\" data-widget_type=\"heading.default\">\n\t\t\t\t<div class=\"elementor-widget-container\">\n\t\t\t\t\t<h2 class=\"elementor-heading-title elementor-size-default\">PRESUPUESTO<\/h2>\t\t\t\t<\/div>\n\t\t\t\t<\/div>\n\t\t\t\t<div class=\"elementor-element elementor-element-249710fc elementor-widget elementor-widget-text-editor\" data-id=\"249710fc\" data-element_type=\"widget\" data-e-type=\"widget\" data-widget_type=\"text-editor.default\">\n\t\t\t\t<div class=\"elementor-widget-container\">\n\t\t\t\t\t\t\t\t\t<hr \/><p>&#8211; <u><b>VUELO<\/b><\/u>:<span style=\"color: #ff0000;\"><strong> 620\u20ac<\/strong><\/span><\/p><p>&#8211; <b><u>VISADO<\/u><\/b>:<strong><span style=\"color: #ff0000;\"> 50\u20ac<\/span><\/strong><\/p><p>&#8211; <u><b>SEGURO<\/b><\/u>: <span style=\"color: #ff0000;\"><strong>65\u20ac<\/strong><\/span><\/p><p>&#8211; <u><b>ALOJAMIENTOS<\/b><\/u>: <strong><span style=\"color: #ff0000;\">130\u20ac <\/span><\/strong>(no se incluye aqu\u00ed los lodge correspondientes al trekking).<\/p><p><span style=\"font-style: inherit;\">&#8211; <u><b>ACTIVIDADES<\/b><\/u>: <strong><span style=\"color: #ff0000;\">243\u20ac<\/span><\/strong><\/span><\/p><ul><li>Visita Templo Passhupatinath: 7\u20ac<\/li><li>Visita Patan Durbar Square: 6\u20ac<\/li><li>Vuelo Parapente Pokhara: 104\u20ac<\/li><li>Rafting Upper Setty: 40\u20ac\u00a0<\/li><li>Entrada recinto Lumbini: 4\u20ac + 2\u20ac por camara.<\/li><li>Safari Chitwan a pie: 10\u20ac + 7\u20ac entrada al parque.<\/li><li>Safari Chitwan en Jeep: 25\u20ac + 7\u20ac entrada al parque.\u00a0<\/li><li>Safari Chitwan en canoa: 10\u20ac<\/li><li>Entrada Bhaktapur: 12\u20ac<\/li><li><span style=\"font-style: inherit;\">Boudhanath Stupa: 9\u20ac<\/span><b style=\"font-style: inherit; caret-color: #000000; color: #000000;\">\u00a0<\/b><\/li><\/ul><p>&#8211; <u><b>TREKKING ANNAPURNA SANCTUARY<\/b><\/u>: <strong><span style=\"color: #ff0000;\">140\u20ac<\/span><\/strong><\/p><ul><li>Permisos Trekking Annapurna Sanctuary: 40\u20ac<\/li><li>Lodges durante el trekking: 20\u20ac<\/li><li>Comida durante el trekking: 80\u20ac\u00a0<\/li><\/ul><p>&#8211; <u><b>TRANSLADOS<\/b><\/u>: <strong><span style=\"color: #ff0000;\">195\u20ac<\/span><\/strong> por persona.\u00a0<\/p><ul><li>Katmand\u00fa &#8211; Pokhara: 350\u20ac \/ 7 personas.<\/li><li>Pokhara &#8211; Naya Pul (inicio del trekking): 32\u20ac \/ 7 personas.<\/li><li>Landruk (final del trekking) &#8211; Pokhara: 68\u20ac \/ 7 personas.\u00a0<\/li><li>Pokhara &#8211; Lumbini: 340\u20ac \/ 7 personas.\u00a0<\/li><li>Lumbini &#8211; Chitwan: 270\u20ac \/ 7 personas.\u00a0<\/li><li>Chitwan &#8211; Katmand\u00fa: 310\u20ac \/ 7 personas.\u00a0<\/li><\/ul><p>&#8211; <u><b>OTROS GASTOS<\/b><\/u>: <strong><span style=\"color: #ff0000;\">200\u20ac<\/span><\/strong><\/p><ul><li>Comida: 180\u20ac<\/li><li>Tarjeta Sim: 17\u20ac<\/li><\/ul><div><span style=\"text-decoration: underline; color: #ff0000;\"><strong>*PRESUPUESTO APROXIMADO 1 PERSONA EN VIAJE GRUPAL, 20 D\u00cdAS + TREKKING ANNAPURNA SANCTUARY: 1643\u20ac<\/strong><\/span><\/div>\t\t\t\t\t\t\t\t<\/div>\n\t\t\t\t<\/div>\n\t\t\t\t\t<\/div>\n\t\t<\/div>\n\t\t\t\t\t<\/div>\n\t\t<\/section>\n\t\t\t\t<section class=\"elementor-section elementor-top-section elementor-element elementor-element-12de99f1 elementor-section-boxed elementor-section-height-default elementor-section-height-default\" data-id=\"12de99f1\" data-element_type=\"section\" data-e-type=\"section\">\n\t\t\t\t\t\t<div class=\"elementor-container elementor-column-gap-default\">\n\t\t\t\t\t<div class=\"elementor-column elementor-col-100 elementor-top-column elementor-element elementor-element-722da087\" data-id=\"722da087\" data-element_type=\"column\" data-e-type=\"column\">\n\t\t\t<div class=\"elementor-widget-wrap elementor-element-populated\">\n\t\t\t\t\t\t<div class=\"elementor-element elementor-element-6bfc95ff elementor-widget elementor-widget-heading\" data-id=\"6bfc95ff\" data-element_type=\"widget\" data-e-type=\"widget\" data-widget_type=\"heading.default\">\n\t\t\t\t<div class=\"elementor-widget-container\">\n\t\t\t\t\t<h2 class=\"elementor-heading-title elementor-size-default\">LA RUTA<\/h2>\t\t\t\t<\/div>\n\t\t\t\t<\/div>\n\t\t\t\t\t<\/div>\n\t\t<\/div>\n\t\t\t\t\t<\/div>\n\t\t<\/section>\n\t\t\t\t<section class=\"elementor-section elementor-top-section elementor-element elementor-element-1a8fec02 elementor-section-boxed elementor-section-height-default elementor-section-height-default\" data-id=\"1a8fec02\" data-element_type=\"section\" data-e-type=\"section\">\n\t\t\t\t\t\t<div class=\"elementor-container elementor-column-gap-default\">\n\t\t\t\t\t<div class=\"elementor-column elementor-col-100 elementor-top-column elementor-element elementor-element-1f0da7a0\" data-id=\"1f0da7a0\" data-element_type=\"column\" data-e-type=\"column\">\n\t\t\t<div class=\"elementor-widget-wrap elementor-element-populated\">\n\t\t\t\t\t\t<div class=\"elementor-element elementor-element-56042db0 elementor-widget elementor-widget-html\" data-id=\"56042db0\" data-element_type=\"widget\" data-e-type=\"widget\" data-widget_type=\"html.default\">\n\t\t\t\t<div class=\"elementor-widget-container\">\n\t\t\t\t\t<iframe src=\"https:\/\/www.google.com\/maps\/d\/embed?mid=16PMh2vo0OhyIPJ4ydTi-8QaKcxdThVE&ehbc=2E312F\" width=\"640\" height=\"480\"><\/iframe>\t\t\t\t<\/div>\n\t\t\t\t<\/div>\n\t\t\t\t\t<\/div>\n\t\t<\/div>\n\t\t\t\t\t<\/div>\n\t\t<\/section>\n\t\t\t\t<\/div>\n\t\t","protected":false},"excerpt":{"rendered":"<p>ITINERARIO 20 D\u00cdAS D\u00cdA 1: Llegada a Katmand\u00fa y alojamiento en Thamel. D\u00cdA 2: Por la ma\u00f1ana, visita Pashupatinath\u00a0y tr\u00e1mites permisos trekking Annapurna. Por la tarde, visita Patan Durbar Square. D\u00cdA 3:\u00a0 Viaje a Phokara (6h\/200km). Por la tarde, compras y preparativos trekking. D\u00cdAS 4\/5\/6\/7\/8\/9:\u00a0Trekking Annapurna Sanctuary. D\u00cdA 10: Visita lagos de Phokara y vuelo [&hellip;]<\/p>\n","protected":false},"author":1,"featured_media":0,"parent":0,"menu_order":0,"comment_status":"closed","ping_status":"closed","template":"","meta":{"_uag_custom_page_level_css":"","site-sidebar-layout":"no-sidebar","site-content-layout":"","ast-site-content-layout":"full-width-container","site-content-style":"default","site-sidebar-style":"default","ast-global-header-display":"","ast-banner-title-visibility":"","ast-main-header-display":"","ast-hfb-above-header-display":"","ast-hfb-below-header-display":"","ast-hfb-mobile-header-display":"","site-post-title":"disabled","ast-breadcrumbs-content":"","ast-featured-img":"disabled","footer-sml-layout":"","ast-disable-related-posts":"","theme-transparent-header-meta":"","adv-header-id-meta":"","stick-header-meta":"","header-above-stick-meta":"","header-main-stick-meta":"","header-below-stick-meta":"","astra-migrate-meta-layouts":"default","ast-page-background-enabled":"default","ast-page-background-meta":{"desktop":{"background-color":"var(--ast-global-color-4)","background-image":"","background-repeat":"repeat","background-position":"center center","background-size":"auto","background-attachment":"scroll","background-type":"","background-media":"","overlay-type":"","overlay-color":"","overlay-opacity":"","overlay-gradient":""},"tablet":{"background-color":"","background-image":"","background-repeat":"repeat","background-position":"center center","background-size":"auto","background-attachment":"scroll","background-type":"","background-media":"","overlay-type":"","overlay-color":"","overlay-opacity":"","overlay-gradient":""},"mobile":{"background-color":"","background-image":"","background-repeat":"repeat","background-position":"center center","background-size":"auto","background-attachment":"scroll","background-type":"","background-media":"","overlay-type":"","overlay-color":"","overlay-opacity":"","overlay-gradient":""}},"ast-content-background-meta":{"desktop":{"background-color":"var(--ast-global-color-5)","background-image":"","background-repeat":"repeat","background-position":"center center","background-size":"auto","background-attachment":"scroll","background-type":"","background-media":"","overlay-type":"","overlay-color":"","overlay-opacity":"","overlay-gradient":""},"tablet":{"background-color":"var(--ast-global-color-5)","background-image":"","background-repeat":"repeat","background-position":"center center","background-size":"auto","background-attachment":"scroll","background-type":"","background-media":"","overlay-type":"","overlay-color":"","overlay-opacity":"","overlay-gradient":""},"mobile":{"background-color":"var(--ast-global-color-5)","background-image":"","background-repeat":"repeat","background-position":"center center","background-size":"auto","background-attachment":"scroll","background-type":"","background-media":"","overlay-type":"","overlay-color":"","overlay-opacity":"","overlay-gradient":""}},"footnotes":""},"class_list":["post-9594","page","type-page","status-publish","hentry"],"uagb_featured_image_src":{"full":false,"thumbnail":false,"medium":false,"medium_large":false,"large":false,"1536x1536":false,"2048x2048":false,"bm-post-thumb":false,"bm-post-medium":false},"uagb_author_info":{"display_name":"admin","author_link":"https:\/\/www.ebanoviajes.com\/index.php\/author\/admin\/"},"uagb_comment_info":0,"uagb_excerpt":"ITINERARIO 20 D\u00cdAS D\u00cdA 1: Llegada a Katmand\u00fa y alojamiento en Thamel. D\u00cdA 2: Por la ma\u00f1ana, visita Pashupatinath\u00a0y tr\u00e1mites permisos trekking Annapurna. Por la tarde, visita Patan Durbar Square. D\u00cdA 3:\u00a0 Viaje a Phokara (6h\/200km). Por la tarde, compras y preparativos trekking. D\u00cdAS 4\/5\/6\/7\/8\/9:\u00a0Trekking Annapurna Sanctuary. D\u00cdA 10: Visita lagos de Phokara y vuelo&hellip;","_links":{"self":[{"href":"https:\/\/www.ebanoviajes.com\/index.php\/wp-json\/wp\/v2\/pages\/9594","targetHints":{"allow":["GET"]}}],"collection":[{"href":"https:\/\/www.ebanoviajes.com\/index.php\/wp-json\/wp\/v2\/pages"}],"about":[{"href":"https:\/\/www.ebanoviajes.com\/index.php\/wp-json\/wp\/v2\/types\/page"}],"author":[{"embeddable":true,"href":"https:\/\/www.ebanoviajes.com\/index.php\/wp-json\/wp\/v2\/users\/1"}],"replies":[{"embeddable":true,"href":"https:\/\/www.ebanoviajes.com\/index.php\/wp-json\/wp\/v2\/comments?post=9594"}],"version-history":[{"count":4,"href":"https:\/\/www.ebanoviajes.com\/index.php\/wp-json\/wp\/v2\/pages\/9594\/revisions"}],"predecessor-version":[{"id":9598,"href":"https:\/\/www.ebanoviajes.com\/index.php\/wp-json\/wp\/v2\/pages\/9594\/revisions\/9598"}],"wp:attachment":[{"href":"https:\/\/www.ebanoviajes.com\/index.php\/wp-json\/wp\/v2\/media?parent=9594"}],"curies":[{"name":"wp","href":"https:\/\/api.w.org\/{rel}","templated":true}]}}