{"id":8685,"date":"2025-03-03T15:00:11","date_gmt":"2025-03-03T15:00:11","guid":{"rendered":"https:\/\/www.ebanoviajes.com\/?page_id=8685"},"modified":"2025-03-22T10:32:44","modified_gmt":"2025-03-22T10:32:44","slug":"cuaderno-de-viaje-colombia","status":"publish","type":"page","link":"https:\/\/www.ebanoviajes.com\/index.php\/cuaderno-de-viaje-colombia\/","title":{"rendered":"Cuaderno de viaje Colombia"},"content":{"rendered":"\t\t<div data-elementor-type=\"wp-page\" data-elementor-id=\"8685\" class=\"elementor elementor-8685\">\n\t\t\t\t\t\t<section class=\"elementor-section elementor-top-section elementor-element elementor-element-474f4433 elementor-section-boxed elementor-section-height-default elementor-section-height-default\" data-id=\"474f4433\" data-element_type=\"section\" data-e-type=\"section\">\n\t\t\t\t\t\t<div class=\"elementor-container elementor-column-gap-default\">\n\t\t\t\t\t<div class=\"elementor-column elementor-col-100 elementor-top-column elementor-element elementor-element-7d089de0\" data-id=\"7d089de0\" data-element_type=\"column\" data-e-type=\"column\" data-settings=\"{&quot;background_background&quot;:&quot;gradient&quot;}\">\n\t\t\t<div class=\"elementor-widget-wrap elementor-element-populated\">\n\t\t\t\t\t\t<div class=\"elementor-element elementor-element-53c6a8cc elementor-widget elementor-widget-heading\" data-id=\"53c6a8cc\" data-element_type=\"widget\" data-e-type=\"widget\" data-widget_type=\"heading.default\">\n\t\t\t\t<div class=\"elementor-widget-container\">\n\t\t\t\t\t<h2 class=\"elementor-heading-title elementor-size-default\">ITINERARIO 18 D\u00cdAS<\/h2>\t\t\t\t<\/div>\n\t\t\t\t<\/div>\n\t\t\t\t<div class=\"elementor-element elementor-element-1e36fe7f elementor-widget elementor-widget-text-editor\" data-id=\"1e36fe7f\" data-element_type=\"widget\" data-e-type=\"widget\" data-widget_type=\"text-editor.default\">\n\t\t\t\t<div class=\"elementor-widget-container\">\n\t\t\t\t\t\t\t\t\t<hr \/><p><span style=\"font-weight: 400;\"><span style=\"font-weight: bold;\"><u>D\u00cdA 1:<\/u><\/span>\u00a0Llegada y visita<\/span><b> Bogot\u00e1<\/b>.<\/p><p><span style=\"font-weight: 400;\"><u><span style=\"font-weight: bold;\">D\u00cdA 2:<\/span><\/u>\u00a0Vuelo a Pereira, alquiler de coche y viaje a <\/span><b>Armenia<\/b>.<\/p><p><span style=\"font-weight: 400;\"><u><span style=\"font-weight: bold;\">D\u00cdA 3:\u00a0<\/span><\/u>Viaje a <\/span><b>Salento<\/b><span style=\"font-weight: 400;\"> y trekking <\/span><b>Valle del C\u00f3cora<\/b>.<\/p><p><span style=\"font-weight: 400;\"><u><span style=\"font-weight: bold;\">D\u00cdA 4:<\/span><\/u>\u00a0Viaje a <\/span><b>Filandia<\/b> y trekking en <b>Parque Nacional Barbas Bremen<\/b>.<\/p><p><span style=\"font-weight: bold;\"><u>D\u00cdA 5:<\/u> <\/span>Vuelo a<span style=\"font-weight: bold;\"> Medell\u00edn<\/span>, visita ciudad y <span style=\"font-weight: bold;\">Comuna 13<\/span>.<\/p><p><span style=\"font-weight: 400;\"><span style=\"font-weight: bold;\"><u>D\u00cdA 6:<\/u><\/span>\u00a0Viaje y visita <\/span><b>Guatap\u00e9<\/b>\u00a0y <b>Pe\u00f1ol<\/b>.<\/p><p><span style=\"font-weight: 400;\"><span style=\"font-weight: bold;\"><u>D\u00cdA 7:<\/u><\/span>\u00a0Vuelo Santa Marta, visita ciudad y <\/span><b>Playa Cristal <\/b>en el <b>Parque Nacional Tayrona<\/b> .<\/p><p><span style=\"font-weight: 400;\"><span style=\"font-weight: bold;\"><u>D\u00cdA 8:<\/u><\/span>\u00a0Visita y trekking en el <\/span><b>Parque Nacional Tayrona + Noche de acampada en Cabo de San Juan.<\/b><\/p><p><b style=\"text-decoration-line: underline;\">D\u00cdA 9:<\/b><b>\u00a0<\/b>Regreso a Santa Marta.<\/p><p><span style=\"font-weight: 400;\"><span style=\"font-weight: bold;\"><u>D\u00cdA 10:<\/u><\/span>\u00a0Viaje en bus a <\/span><b>Cartagena de Indias <\/b>y visita de la ciudad.<\/p><p><span style=\"font-weight: 400;\"><span style=\"font-weight: bold;\"><u>D\u00cdA 11:<\/u><\/span>\u00a0Viaje y noche en <\/span><b>Islas del Rosario (Isla Grande)<\/b>\u00a0y snorkel en el Mar Caribe.<\/p><p><span style=\"font-weight: 400;\"><span style=\"font-weight: bold;\"><u>D\u00cdA 12:<\/u><\/span>\u00a0Regreso a <\/span><b>Cartagena <\/b>y visita de la ciudad.<\/p><p><span style=\"font-weight: 400;\"><u><span style=\"font-weight: bold;\">D\u00cdA 13:<\/span><\/u>\u00a0Vuelo al <\/span><b>Amazonas<\/b>, <b>Leticia<\/b>. Trekking por la selva en la <b>Reserva Natural Tanimboca<\/b>.<\/p><p><span style=\"font-weight: 400;\"><span style=\"font-weight: bold;\"><u>D\u00cdA 14:<\/u><\/span>\u00a0Viaje a <\/span><b>Marasha<\/b>, Amazonas peruano. Kayak y trekking por la selva.<\/p><p><span style=\"font-weight: 400;\"><span style=\"font-weight: bold;\"><u>D\u00cdA 15:<\/u><\/span>\u00a0Viaje a la <\/span><b>Isla de los Micos <\/b>y noche en la comunidad ind\u00edgena <b>Yaguas<\/b>. Trekking por la selva.<\/p><p><span style=\"font-weight: 400;\"><span style=\"font-weight: bold;\"><u>D\u00cdA 16:<\/u><\/span>\u00a0Viaje a <\/span><b>Puerto Nari\u00f1o<\/b>. Visita comunidad ind\u00edgena <b>Macedonia <\/b>y avistamiento de delfines rosados.<\/p><p><u><b>D\u00cdA 17:<\/b><\/u> Viaje de regreso a Leticia y vuelo a Bogot\u00e1.<\/p><p><b><u>D<\/u><\/b><u><b>\u00cdA 18:<\/b><\/u> Visita de la ciudad Bogot\u00e1 y Regreso a Espa\u00f1a.<\/p>\t\t\t\t\t\t\t\t<\/div>\n\t\t\t\t<\/div>\n\t\t\t\t\t<\/div>\n\t\t<\/div>\n\t\t\t\t\t<\/div>\n\t\t<\/section>\n\t\t\t\t<section class=\"elementor-section elementor-top-section elementor-element elementor-element-1fac6622 elementor-section-boxed elementor-section-height-default elementor-section-height-default\" data-id=\"1fac6622\" data-element_type=\"section\" data-e-type=\"section\">\n\t\t\t\t\t\t<div class=\"elementor-container elementor-column-gap-default\">\n\t\t\t\t\t<div class=\"elementor-column elementor-col-100 elementor-top-column elementor-element elementor-element-20214635\" data-id=\"20214635\" data-element_type=\"column\" data-e-type=\"column\">\n\t\t\t<div class=\"elementor-widget-wrap elementor-element-populated\">\n\t\t\t\t\t\t<div class=\"elementor-element elementor-element-43d472e4 elementor-widget elementor-widget-heading\" data-id=\"43d472e4\" data-element_type=\"widget\" data-e-type=\"widget\" data-widget_type=\"heading.default\">\n\t\t\t\t<div class=\"elementor-widget-container\">\n\t\t\t\t\t<h2 class=\"elementor-heading-title elementor-size-default\">ALOJAMIENTOS, EMPRESA DE ALQUILER DE VEH\u00cdCULO Y CONTACTOS.<\/h2>\t\t\t\t<\/div>\n\t\t\t\t<\/div>\n\t\t\t\t<div class=\"elementor-element elementor-element-4d8b115b elementor-widget elementor-widget-text-editor\" data-id=\"4d8b115b\" data-element_type=\"widget\" data-e-type=\"widget\" data-widget_type=\"text-editor.default\">\n\t\t\t\t<div class=\"elementor-widget-container\">\n\t\t\t\t\t\t\t\t\t<hr \/><p><strong style=\"text-decoration: underline;\">&#8211; FECHA DE VIAJE:<\/strong> 22 Julio &#8211; 8 Agosto de 2023.<\/p><p><u style=\"font-weight: bold;\">&#8211; TIPO DE VIAJE:<\/u> En pareja, completamente por libre (excepto regi\u00f3n del Amazonas).<\/p><p><strong style=\"text-decoration: underline;\">&#8211; EMPRESA DE ALQUILER DE VEH\u00cdCULO EN EJE CAFETERO:<\/strong>\u00a0<a href=\"https:\/\/www.booking.com\/cars\/index.es.html?selected_currency=EUR&amp;adplat=www-index-web_shell_header-car-missing_creative-oH8IY2ppgkyS1AU9rtAlT&amp;aid=304142&amp;client_name=b-web-shell-bff&amp;etStateBlob=EUHT-J1kQiRmBikTT8U7KMFhw0sdkEmCDQUOm9icFdDWhdtoWfQcEdNPNLxDB6RYk3VxnyVkoY3ep1N7lAzFDnw&amp;distribution_id=oH8IY2ppgkyS1AU9rtAlT\" target=\"_blank\" rel=\"noopener\">Booking<\/a>, 100\u20ac\/4 d\u00edas.\u00a0<\/p><p><b><u>&#8211; CONTACTO AVENTURA POR EL AMAZONAS<\/u><\/b>: Contactar con Carlos, ind\u00edgena nativo y amigo de confianza, Instagram:\u00a0<a style=\"font-size: 1rem;\" href=\"https:\/\/www.instagram.com\/duendeamazonas\/\" target=\"_blank\" rel=\"noopener\">@duendeamazonas<\/a>.<\/p><p><strong style=\"text-decoration: underline;\">&#8211; ALOJAMIENTOS:<\/strong> Durante nuestro viaje por Colombia optamos por alojamiento de gama intermedia, saliendo aproximadamente 30\u20ac-35\u20ac por noche, dos personas. Tambi\u00e9n dormimos en tienda de campa\u00f1a en el Parque Nacional Tayrona y en mitad de la selva amaz\u00f3nica.\u00a0<\/p><ul><li><strong>Bogot\u00e1:\u00a0<\/strong><a href=\"https:\/\/www.booking.com\/hotel\/co\/casa-de-la-luz-galeria-boutique.es.html?aid=304142&amp;label=gen173nr-1FCAEoggI46AdIM1gEaEaIAQGYAQq4AQfIAQ3YAQHoAQH4AQ2IAgGoAgO4ArCblr4GwAIB0gIkM2NhNGQ5NGEtMGI1MS00ZTJjLWIxNGEtMzlkZDkyZDVmOGFl2AIG4AIB&amp;sid=6d0c1723fa8eb6f7866e8ee9fbb41a76&amp;all_sr_blocks=936830401_365836336_2_1_0&amp;checkin=2025-05-08&amp;checkout=2025-05-09&amp;dest_id=9368304&amp;dest_type=hotel&amp;dist=0&amp;group_adults=2&amp;group_children=0&amp;hapos=1&amp;highlighted_blocks=936830401_365836336_2_1_0&amp;hpos=1&amp;matching_block_id=936830401_365836336_2_1_0&amp;no_rooms=1&amp;req_adults=2&amp;req_children=0&amp;room1=A%2CA&amp;sb_price_type=total&amp;sr_order=popularity&amp;sr_pri_blocks=936830401_365836336_2_1_0__18000000&amp;srepoch=1741001185&amp;srpvid=2816506c4a64019a&amp;type=total&amp;ucfs=1&amp;\" target=\"_blank\" rel=\"noopener\">Hotel Casa de la Luz<\/a>: lo mejor su ubicaci\u00f3n en el centro del barrio insignia de la capital colombiana. El alojamiento est\u00e1 algo viejo y poco cuidado.<\/li><li><strong>Armenia:<\/strong><a href=\"https:\/\/www.booking.com\/searchresults.es.html?ss=Hotel+Hacienda+Combia%2C+Armenia%2C+Quind\u00edo%2C+Colombia&amp;ssne=Bogot\u00e1&amp;ssne_untouched=Bogot\u00e1&amp;highlighted_hotels=9368304&amp;label=gen173nr-1FCAEoggI46AdIM1gEaEaIAQGYAQq4AQfIAQ3YAQHoAQH4AQ2IAgGoAgO4ArCblr4GwAIB0gIkM2NhNGQ5NGEtMGI1MS00ZTJjLWIxNGEtMzlkZDkyZDVmOGFl2AIG4AIB&amp;sid=6d0c1723fa8eb6f7866e8ee9fbb41a76&amp;aid=304142&amp;lang=es&amp;sb=1&amp;src_elem=sb&amp;src=hotel&amp;dest_id=291100&amp;dest_type=hotel&amp;ac_position=0&amp;ac_click_type=b&amp;ac_langcode=es&amp;ac_suggestion_list_length=1&amp;search_selected=true&amp;search_pageview_id=427d5070986605f9&amp;ac_meta=GhA0MjdkNTA3MDk4NjYwNWY5IAAoATICZXM6FUhPVEVMIEhBQ0lFTkRBIENPTUJJQUAASgBQAA%3D%3D&amp;checkin=2025-05-08&amp;checkout=2025-05-09&amp;group_adults=2&amp;no_rooms=1&amp;group_children=0\" target=\"_blank\" rel=\"noopener\"> Hotel Hacienda\u00a0Combia:<\/a>\u00a0uno de los mejores alojamientos de todo el viaje. Habitaciones preciosas con unas vistas al atardecer inmejorables. Hay que reservar con bastante antelaci\u00f3n.\u00a0<\/li><li><strong>Salento:\u00a0<\/strong><a href=\"https:\/\/www.booking.com\/hotel\/co\/posada-casa-salento-salento.es.html?aid=304142&amp;label=gen173nr-1FCAEoggI46AdIM1gEaEaIAQGYAQq4AQfIAQ3YAQHoAQH4AQ2IAgGoAgO4ArCblr4GwAIB0gIkM2NhNGQ5NGEtMGI1MS00ZTJjLWIxNGEtMzlkZDkyZDVmOGFl2AIG4AIB&amp;sid=6d0c1723fa8eb6f7866e8ee9fbb41a76&amp;all_sr_blocks=162975302_143387066_2_1_0_435551&amp;checkin=2025-05-08&amp;checkout=2025-05-09&amp;dest_id=1629753&amp;dest_type=hotel&amp;dist=0&amp;group_adults=2&amp;group_children=0&amp;hapos=1&amp;highlighted_blocks=162975302_143387066_2_1_0_435551&amp;hpos=1&amp;matching_block_id=162975302_143387066_2_1_0_435551&amp;no_rooms=1&amp;req_adults=2&amp;req_children=0&amp;room1=A%2CA&amp;sb_price_type=total&amp;sr_order=popularity&amp;sr_pri_blocks=162975302_143387066_2_1_0_435551_16020000&amp;srepoch=1741001273&amp;srpvid=3fbf5097fc0d0563&amp;type=total&amp;ucfs=1&amp;\" target=\"_blank\" rel=\"noopener\">Casa Salento:<\/a>\u00a0muy buena alternativa para alojarse en Salento y visitar el Valle del C\u00f3cora.\u00a0<\/li><li><b>Filandia:\u00a0<\/b><a href=\"https:\/\/www.booking.com\/searchresults.es.html?ss=Hostal+FIND+LAND+%26+A+REST%2C+Carrera+7%2C+Filandia%2C+Quind\u00edo%2C+Colombia&amp;ssne=Hostal+FIND+LAND+%26+A+REST%2C+Carrera+7%2C+Filandia%2C+Quind\u00edo%2C+Colombia&amp;ssne_untouched=Hostal+FIND+LAND+%26+A+REST%2C+Carrera+7%2C+Filandia%2C+Quind\u00edo%2C+Colombia&amp;highlighted_hotels=1629753&amp;label=gen173nr-1FCAEoggI46AdIM1gEaEaIAQGYAQq4AQfIAQ3YAQHoAQH4AQ2IAgGoAgO4ArCblr4GwAIB0gIkM2NhNGQ5NGEtMGI1MS00ZTJjLWIxNGEtMzlkZDkyZDVmOGFl2AIG4AIB&amp;sid=6d0c1723fa8eb6f7866e8ee9fbb41a76&amp;aid=304142&amp;lang=es&amp;sb=1&amp;src_elem=sb&amp;src=searchresults&amp;latitude=4.6762029&amp;longitude=-75.6579145&amp;checkin=2025-05-08&amp;checkout=2025-05-09&amp;group_adults=2&amp;no_rooms=1&amp;group_children=0\" target=\"_blank\" rel=\"noopener\">Find Land &amp; Rest<b>:<\/b><\/a><b>\u00a0<\/b>lo mejor su ubicaci\u00f3n y precio, pero sinceramente buscar\u00eda otra alternativa.\u00a0<\/li><li><b>Medell\u00edn:\u00a0<\/b><a href=\"https:\/\/www.booking.com\/hotel\/co\/brana.es.html?aid=304142&amp;label=gen173nr-1FCAEoggI46AdIM1gEaEaIAQGYAQq4AQfIAQ3YAQHoAQH4AQ2IAgGoAgO4ArCblr4GwAIB0gIkM2NhNGQ5NGEtMGI1MS00ZTJjLWIxNGEtMzlkZDkyZDVmOGFl2AIG4AIB&amp;sid=6d0c1723fa8eb6f7866e8ee9fbb41a76&amp;all_sr_blocks=857039404_369306576_2_1_0&amp;checkin=2025-05-08&amp;checkout=2025-05-09&amp;dest_id=8570394&amp;dest_type=hotel&amp;dist=0&amp;group_adults=2&amp;group_children=0&amp;hapos=1&amp;highlighted_blocks=857039404_369306576_2_1_0&amp;hpos=1&amp;matching_block_id=857039404_369306576_2_1_0&amp;no_rooms=1&amp;req_adults=2&amp;req_children=0&amp;room1=A%2CA&amp;sb_price_type=total&amp;sr_order=popularity&amp;sr_pri_blocks=857039404_369306576_2_1_0__17442000&amp;srepoch=1741001393&amp;srpvid=4f2450d6b43a059b&amp;type=total&amp;ucfs=1&amp;\" target=\"_blank\" rel=\"noopener\">Hotel Brana<\/a>: buena ubicaci\u00f3n en una zona tranquila y cerca de todos los puntos de inter\u00e9s de Medell\u00edn.\u00a0<\/li><li><strong>Santa Marta:\u00a0<\/strong><a href=\"https:\/\/www.booking.com\/hotel\/co\/gagaka-hostel.es.html?aid=304142&amp;label=gen173nr-1FCAEoggI46AdIM1gEaEaIAQGYAQq4AQfIAQ3YAQHoAQH4AQ2IAgGoAgO4ArCblr4GwAIB0gIkM2NhNGQ5NGEtMGI1MS00ZTJjLWIxNGEtMzlkZDkyZDVmOGFl2AIG4AIB&amp;sid=6d0c1723fa8eb6f7866e8ee9fbb41a76&amp;all_sr_blocks=699108005_288059524_2_1_0&amp;checkin=2025-05-08&amp;checkout=2025-05-09&amp;dest_id=6991080&amp;dest_type=hotel&amp;dist=0&amp;group_adults=2&amp;group_children=0&amp;hapos=1&amp;highlighted_blocks=699108005_288059524_2_1_0&amp;hpos=1&amp;matching_block_id=699108005_288059524_2_1_0&amp;no_rooms=1&amp;req_adults=2&amp;req_children=0&amp;room1=A%2CA&amp;sb_price_type=total&amp;sr_order=popularity&amp;sr_pri_blocks=699108005_288059524_2_1_0__16830000&amp;srepoch=1741001432&amp;srpvid=3e4350eab608067d&amp;type=total&amp;ucfs=1&amp;\" target=\"_blank\" rel=\"noopener\">Gagaka Rua Hostel:<\/a>\u00a0muy buena opci\u00f3n de alojamiento en Santa Marta, cerca de todo, buenas habitaciones y precios econ\u00f3micos.<\/li><li><strong>Cartagena de Indias:\u00a0<\/strong><a href=\"https:\/\/www.booking.com\/hotel\/co\/hostal-1811.es.html?aid=304142&amp;label=gen173nr-1FCAEoggI46AdIM1gEaEaIAQGYAQq4AQfIAQ3YAQHoAQH4AQ2IAgGoAgO4ArCblr4GwAIB0gIkM2NhNGQ5NGEtMGI1MS00ZTJjLWIxNGEtMzlkZDkyZDVmOGFl2AIG4AIB&amp;sid=6d0c1723fa8eb6f7866e8ee9fbb41a76&amp;all_sr_blocks=152583704_275701471_2_0_0&amp;checkin=2025-05-08&amp;checkout=2025-05-09&amp;dist=0&amp;group_adults=2&amp;group_children=0&amp;hapos=1&amp;highlighted_blocks=152583704_275701471_2_0_0&amp;hpos=1&amp;matching_block_id=152583704_275701471_2_0_0&amp;no_rooms=1&amp;req_adults=2&amp;req_children=0&amp;room1=A%2CA&amp;sb_price_type=total&amp;sr_order=distance_from_search&amp;sr_pri_blocks=152583704_275701471_2_0_0__14985000&amp;srepoch=1741001543&amp;srpvid=46715120a1680581&amp;type=total&amp;ucfs=1&amp;\" target=\"_blank\" rel=\"noopener\">Hotel 1811:\u00a0<\/a>no recomendable.\u00a0<\/li><li><strong>Isla Grande \/ Islas Rosario:<\/strong><a href=\"https:\/\/www.booking.com\/hotel\/co\/eco-las-flores.es.html?aid=304142&amp;label=gen173nr-1FCAEoggI46AdIM1gEaEaIAQGYAQq4AQfIAQ3YAQHoAQH4AQ2IAgGoAgO4ArCblr4GwAIB0gIkM2NhNGQ5NGEtMGI1MS00ZTJjLWIxNGEtMzlkZDkyZDVmOGFl2AIG4AIB&amp;sid=6d0c1723fa8eb6f7866e8ee9fbb41a76&amp;all_sr_blocks=202534601_278918448_2_42_0&amp;checkin=2025-05-08&amp;checkout=2025-05-09&amp;dest_id=2025346&amp;dest_type=hotel&amp;dist=0&amp;group_adults=2&amp;group_children=0&amp;hapos=1&amp;highlighted_blocks=202534601_278918448_2_42_0&amp;hpos=1&amp;matching_block_id=202534601_278918448_2_42_0&amp;no_rooms=1&amp;req_adults=2&amp;req_children=0&amp;room1=A%2CA&amp;sb_price_type=total&amp;sr_order=popularity&amp;sr_pri_blocks=202534601_278918448_2_42_0__12600000&amp;srepoch=1741001588&amp;srpvid=00c55138567f08f7&amp;type=total&amp;ucfs=1&amp;\" target=\"_blank\" rel=\"noopener\"> Las Flores Econativo:\u00a0<\/a>humilde alojamiento en el coraz\u00f3n de Isla Grande, alejado de todo bullicio y rodeado de gente local. Ideal para desconectar.\u00a0<\/li><li><strong>Leticia \/ Amazonas: Contacto: Carlos &#8211; IG:\u00a0<a href=\"https:\/\/www.instagram.com\/duendeamazonas\/\" target=\"_blank\" rel=\"noopener\">@duendeamazonas<\/a>.<\/strong><\/li><\/ul>\t\t\t\t\t\t\t\t<\/div>\n\t\t\t\t<\/div>\n\t\t\t\t\t<\/div>\n\t\t<\/div>\n\t\t\t\t\t<\/div>\n\t\t<\/section>\n\t\t\t\t<section class=\"elementor-section elementor-top-section elementor-element elementor-element-39b5422c elementor-section-boxed elementor-section-height-default elementor-section-height-default\" data-id=\"39b5422c\" data-element_type=\"section\" data-e-type=\"section\">\n\t\t\t\t\t\t<div class=\"elementor-container elementor-column-gap-default\">\n\t\t\t\t\t<div class=\"elementor-column elementor-col-100 elementor-top-column elementor-element elementor-element-3a5dd46a\" data-id=\"3a5dd46a\" data-element_type=\"column\" data-e-type=\"column\">\n\t\t\t<div class=\"elementor-widget-wrap elementor-element-populated\">\n\t\t\t\t\t\t<div class=\"elementor-element elementor-element-1520a75f elementor-widget elementor-widget-heading\" data-id=\"1520a75f\" data-element_type=\"widget\" data-e-type=\"widget\" data-widget_type=\"heading.default\">\n\t\t\t\t<div class=\"elementor-widget-container\">\n\t\t\t\t\t<h2 class=\"elementor-heading-title elementor-size-default\">PRESUPUESTO<\/h2>\t\t\t\t<\/div>\n\t\t\t\t<\/div>\n\t\t\t\t<div class=\"elementor-element elementor-element-44c5eab6 elementor-widget elementor-widget-text-editor\" data-id=\"44c5eab6\" data-element_type=\"widget\" data-e-type=\"widget\" data-widget_type=\"text-editor.default\">\n\t\t\t\t<div class=\"elementor-widget-container\">\n\t\t\t\t\t\t\t\t\t<hr \/><p>&#8211; <b><u>VUELOS<\/u><\/b>: <span style=\"color: #ff0000;\">1390\u20ac<\/span><\/p><ul><li><span style=\"font-style: inherit;\">Madrid &#8211; Bogot\u00e1: 900\u20ac<\/span><\/li><li><span style=\"font-style: inherit;\">Bogot\u00e1 &#8211; Pereira: 65\u20ac<\/span><\/li><li><span style=\"font-style: inherit;\">Pereira &#8211; Medell\u00edn: 60\u20ac<\/span><\/li><li><span style=\"font-style: inherit;\">Medell\u00edn &#8211; Sta Marta: 75\u20ac<\/span><\/li><li><span style=\"font-style: inherit;\">Cartagena &#8211; Leticia &#8211; Bogot\u00e1: 290\u20ac\u00a0<\/span><\/li><\/ul><div>&#8211; <b><u>SEGURO<\/u><\/b>: <span style=\"color: #ff0000;\">45\u20ac<\/span><\/div><div>&#8211; <u><b>COCHE EJE CAFETERO<\/b><\/u>: <span style=\"color: #ff0000;\">100\u20ac <\/span>\/ 4 D\u00cdAS<\/div><div>&#8211; <b><u>ALOJAMIENTOS<\/u><\/b>: 406\u20ac \/ <span style=\"color: #ff0000;\">203\u20ac<\/span><\/div><div>&#8211; <u><b>TOUR AMAZONAS<\/b><\/u>: <span style=\"color: #ff0000;\">500\u20ac<\/span> \/ 4 d\u00edas\u00a0<\/div><div>&#8211; <b><u>ACTIVIDADES<\/u><\/b>: <span style=\"color: #ff0000;\">213\u20ac<\/span><\/div><ul><li>Subida a Montserrat: 6\u20ac<\/li><li>Mariposario y Jard\u00edn Bot\u00e1nico Armenia: 12\u20ac<\/li><li>Valle del C\u00f3cora + Casa de los Colibries + Parking: 15\u20ac<\/li><li>Visita Reserva Barbas Bremen: 25\u20ac<\/li><li>Mirador Filandia: 2\u20ac<\/li><li>Free Tour Comuna 13: 12\u20ac\u00a0<\/li><li>Visita Guatape + Pe\u00f1on + Buses: 25\u20ac<\/li><li>Playa Cristal Tayrona: 30\u20ac<\/li><li>Visita Parque Nacional Tayrona 24h: 42\u20ac<\/li><li>Castillo Felipe Barajas: 11\u20ac<\/li><li>Snorkel Isla Grande: 20\u20ac<\/li><\/ul><div>&#8211; <u><b>OTROS GASTOS<\/b><\/u>: <span style=\"color: #ff0000;\">505\u20ac<\/span><\/div><ul><li>Bus Sta Marta &#8211; Cartagena: 13\u20ac<\/li><li>Barca Cartagena &#8211; Isla Grande: 17\u20ac\u00a0<\/li><li>Comida: 360\u20ac<\/li><li>Gasolina: 40\u20ac<\/li><li>Taxis: 50\u20ac<\/li><li>SIM: 25\u20ac<\/li><\/ul><div><span style=\"color: #ff0000;\"><b><u>* TOTAL PRESUPUESTO APROXIMADO: 2956\u20ac POR PERSONA.\u00a0<\/u><\/b><\/span><\/div>\t\t\t\t\t\t\t\t<\/div>\n\t\t\t\t<\/div>\n\t\t\t\t\t<\/div>\n\t\t<\/div>\n\t\t\t\t\t<\/div>\n\t\t<\/section>\n\t\t\t\t<section class=\"elementor-section elementor-top-section elementor-element elementor-element-5b09c6bf elementor-section-boxed elementor-section-height-default elementor-section-height-default\" data-id=\"5b09c6bf\" data-element_type=\"section\" data-e-type=\"section\">\n\t\t\t\t\t\t<div class=\"elementor-container elementor-column-gap-default\">\n\t\t\t\t\t<div class=\"elementor-column elementor-col-100 elementor-top-column elementor-element elementor-element-42416f95\" data-id=\"42416f95\" data-element_type=\"column\" data-e-type=\"column\">\n\t\t\t<div class=\"elementor-widget-wrap elementor-element-populated\">\n\t\t\t\t\t\t<div class=\"elementor-element elementor-element-7bf9b972 elementor-widget elementor-widget-heading\" data-id=\"7bf9b972\" data-element_type=\"widget\" data-e-type=\"widget\" data-widget_type=\"heading.default\">\n\t\t\t\t<div class=\"elementor-widget-container\">\n\t\t\t\t\t<h2 class=\"elementor-heading-title elementor-size-default\">LA RUTA <\/h2>\t\t\t\t<\/div>\n\t\t\t\t<\/div>\n\t\t\t\t<div class=\"elementor-element elementor-element-49c4cbb6 elementor-widget elementor-widget-html\" data-id=\"49c4cbb6\" data-element_type=\"widget\" data-e-type=\"widget\" data-widget_type=\"html.default\">\n\t\t\t\t<div class=\"elementor-widget-container\">\n\t\t\t\t\t<iframe src=\"https:\/\/www.google.com\/maps\/d\/embed?mid=1hyttgSNuf2ft1ESsIfGnHm-De06WYj4&ehbc=2E312F\" width=\"640\" height=\"480\"><\/iframe>\t\t\t\t<\/div>\n\t\t\t\t<\/div>\n\t\t\t\t\t<\/div>\n\t\t<\/div>\n\t\t\t\t\t<\/div>\n\t\t<\/section>\n\t\t\t\t<\/div>\n\t\t","protected":false},"excerpt":{"rendered":"<p>ITINERARIO 18 D\u00cdAS D\u00cdA 1:\u00a0Llegada y visita Bogot\u00e1. D\u00cdA 2:\u00a0Vuelo a Pereira, alquiler de coche y viaje a Armenia. D\u00cdA 3:\u00a0Viaje a Salento y trekking Valle del C\u00f3cora. D\u00cdA 4:\u00a0Viaje a Filandia y trekking en Parque Nacional Barbas Bremen. D\u00cdA 5: Vuelo a Medell\u00edn, visita ciudad y Comuna 13. D\u00cdA 6:\u00a0Viaje y visita Guatap\u00e9\u00a0y Pe\u00f1ol. [&hellip;]<\/p>\n","protected":false},"author":1,"featured_media":0,"parent":0,"menu_order":0,"comment_status":"closed","ping_status":"closed","template":"","meta":{"_uag_custom_page_level_css":"","site-sidebar-layout":"no-sidebar","site-content-layout":"","ast-site-content-layout":"full-width-container","site-content-style":"default","site-sidebar-style":"default","ast-global-header-display":"","ast-banner-title-visibility":"","ast-main-header-display":"","ast-hfb-above-header-display":"","ast-hfb-below-header-display":"","ast-hfb-mobile-header-display":"","site-post-title":"disabled","ast-breadcrumbs-content":"","ast-featured-img":"disabled","footer-sml-layout":"","ast-disable-related-posts":"","theme-transparent-header-meta":"","adv-header-id-meta":"","stick-header-meta":"","header-above-stick-meta":"","header-main-stick-meta":"","header-below-stick-meta":"","astra-migrate-meta-layouts":"default","ast-page-background-enabled":"default","ast-page-background-meta":{"desktop":{"background-color":"var(--ast-global-color-4)","background-image":"","background-repeat":"repeat","background-position":"center center","background-size":"auto","background-attachment":"scroll","background-type":"","background-media":"","overlay-type":"","overlay-color":"","overlay-opacity":"","overlay-gradient":""},"tablet":{"background-color":"","background-image":"","background-repeat":"repeat","background-position":"center center","background-size":"auto","background-attachment":"scroll","background-type":"","background-media":"","overlay-type":"","overlay-color":"","overlay-opacity":"","overlay-gradient":""},"mobile":{"background-color":"","background-image":"","background-repeat":"repeat","background-position":"center center","background-size":"auto","background-attachment":"scroll","background-type":"","background-media":"","overlay-type":"","overlay-color":"","overlay-opacity":"","overlay-gradient":""}},"ast-content-background-meta":{"desktop":{"background-color":"var(--ast-global-color-5)","background-image":"","background-repeat":"repeat","background-position":"center center","background-size":"auto","background-attachment":"scroll","background-type":"","background-media":"","overlay-type":"","overlay-color":"","overlay-opacity":"","overlay-gradient":""},"tablet":{"background-color":"var(--ast-global-color-5)","background-image":"","background-repeat":"repeat","background-position":"center center","background-size":"auto","background-attachment":"scroll","background-type":"","background-media":"","overlay-type":"","overlay-color":"","overlay-opacity":"","overlay-gradient":""},"mobile":{"background-color":"var(--ast-global-color-5)","background-image":"","background-repeat":"repeat","background-position":"center center","background-size":"auto","background-attachment":"scroll","background-type":"","background-media":"","overlay-type":"","overlay-color":"","overlay-opacity":"","overlay-gradient":""}},"footnotes":""},"class_list":["post-8685","page","type-page","status-publish","hentry"],"uagb_featured_image_src":{"full":false,"thumbnail":false,"medium":false,"medium_large":false,"large":false,"1536x1536":false,"2048x2048":false,"bm-post-thumb":false,"bm-post-medium":false},"uagb_author_info":{"display_name":"admin","author_link":"https:\/\/www.ebanoviajes.com\/index.php\/author\/admin\/"},"uagb_comment_info":0,"uagb_excerpt":"ITINERARIO 18 D\u00cdAS D\u00cdA 1:\u00a0Llegada y visita Bogot\u00e1. D\u00cdA 2:\u00a0Vuelo a Pereira, alquiler de coche y viaje a Armenia. D\u00cdA 3:\u00a0Viaje a Salento y trekking Valle del C\u00f3cora. D\u00cdA 4:\u00a0Viaje a Filandia y trekking en Parque Nacional Barbas Bremen. D\u00cdA 5: Vuelo a Medell\u00edn, visita ciudad y Comuna 13. D\u00cdA 6:\u00a0Viaje y visita Guatap\u00e9\u00a0y Pe\u00f1ol.&hellip;","_links":{"self":[{"href":"https:\/\/www.ebanoviajes.com\/index.php\/wp-json\/wp\/v2\/pages\/8685","targetHints":{"allow":["GET"]}}],"collection":[{"href":"https:\/\/www.ebanoviajes.com\/index.php\/wp-json\/wp\/v2\/pages"}],"about":[{"href":"https:\/\/www.ebanoviajes.com\/index.php\/wp-json\/wp\/v2\/types\/page"}],"author":[{"embeddable":true,"href":"https:\/\/www.ebanoviajes.com\/index.php\/wp-json\/wp\/v2\/users\/1"}],"replies":[{"embeddable":true,"href":"https:\/\/www.ebanoviajes.com\/index.php\/wp-json\/wp\/v2\/comments?post=8685"}],"version-history":[{"count":16,"href":"https:\/\/www.ebanoviajes.com\/index.php\/wp-json\/wp\/v2\/pages\/8685\/revisions"}],"predecessor-version":[{"id":9129,"href":"https:\/\/www.ebanoviajes.com\/index.php\/wp-json\/wp\/v2\/pages\/8685\/revisions\/9129"}],"wp:attachment":[{"href":"https:\/\/www.ebanoviajes.com\/index.php\/wp-json\/wp\/v2\/media?parent=8685"}],"curies":[{"name":"wp","href":"https:\/\/api.w.org\/{rel}","templated":true}]}}