{"id":8136,"date":"2025-02-10T10:22:23","date_gmt":"2025-02-10T10:22:23","guid":{"rendered":"https:\/\/www.ebanoviajes.com\/?page_id=8136"},"modified":"2025-04-04T13:59:20","modified_gmt":"2025-04-04T13:59:20","slug":"informacion-para-viajar-a-senegal","status":"publish","type":"page","link":"https:\/\/www.ebanoviajes.com\/index.php\/informacion-para-viajar-a-senegal\/","title":{"rendered":"Informaci\u00f3n para viajar a Senegal"},"content":{"rendered":"\t\t<div data-elementor-type=\"wp-page\" data-elementor-id=\"8136\" class=\"elementor elementor-8136\">\n\t\t\t\t\t\t<section class=\"elementor-section elementor-top-section elementor-element elementor-element-11d66e1b elementor-section-full_width elementor-section-height-min-height elementor-section-height-default elementor-section-items-middle\" data-id=\"11d66e1b\" data-element_type=\"section\" data-e-type=\"section\" data-settings=\"{&quot;background_background&quot;:&quot;classic&quot;}\">\n\t\t\t\t\t\t<div class=\"elementor-container elementor-column-gap-default\">\n\t\t\t\t\t<div class=\"elementor-column elementor-col-100 elementor-top-column elementor-element elementor-element-6cd037a5\" data-id=\"6cd037a5\" data-element_type=\"column\" data-e-type=\"column\">\n\t\t\t<div class=\"elementor-widget-wrap\">\n\t\t\t\t\t\t\t<\/div>\n\t\t<\/div>\n\t\t\t\t\t<\/div>\n\t\t<\/section>\n\t\t\t\t<section class=\"elementor-section elementor-top-section elementor-element elementor-element-5b4d60d6 elementor-section-boxed elementor-section-height-default elementor-section-height-default\" data-id=\"5b4d60d6\" data-element_type=\"section\" data-e-type=\"section\">\n\t\t\t\t\t\t<div class=\"elementor-container elementor-column-gap-default\">\n\t\t\t\t\t<div class=\"elementor-column elementor-col-100 elementor-top-column elementor-element elementor-element-22b46c74\" data-id=\"22b46c74\" data-element_type=\"column\" data-e-type=\"column\">\n\t\t\t<div class=\"elementor-widget-wrap elementor-element-populated\">\n\t\t\t\t\t\t<div class=\"elementor-element elementor-element-61668191 elementor-widget elementor-widget-heading\" data-id=\"61668191\" data-element_type=\"widget\" data-e-type=\"widget\" data-widget_type=\"heading.default\">\n\t\t\t\t<div class=\"elementor-widget-container\">\n\t\t\t\t\t<h2 class=\"elementor-heading-title elementor-size-default\">1- \u00bfHACE FALTA VISADO?<\/h2>\t\t\t\t<\/div>\n\t\t\t\t<\/div>\n\t\t\t\t<div class=\"elementor-element elementor-element-4445deb elementor-widget elementor-widget-text-editor\" data-id=\"4445deb\" data-element_type=\"widget\" data-e-type=\"widget\" data-widget_type=\"text-editor.default\">\n\t\t\t\t<div class=\"elementor-widget-container\">\n\t\t\t\t\t\t\t\t\t<p>Los ciudadanos espa\u00f1oles<b> no necesitan visado <\/b>para estancias inferiores a<b> 90 d\u00edas <\/b>en <b>Senegal<\/b>.<\/p>\t\t\t\t\t\t\t\t<\/div>\n\t\t\t\t<\/div>\n\t\t\t\t\t<\/div>\n\t\t<\/div>\n\t\t\t\t\t<\/div>\n\t\t<\/section>\n\t\t\t\t<section class=\"elementor-section elementor-top-section elementor-element elementor-element-550aaf1 elementor-section-boxed elementor-section-height-default elementor-section-height-default\" data-id=\"550aaf1\" data-element_type=\"section\" data-e-type=\"section\">\n\t\t\t\t\t\t<div class=\"elementor-container elementor-column-gap-default\">\n\t\t\t\t\t<div class=\"elementor-column elementor-col-100 elementor-top-column elementor-element elementor-element-3f8918b5\" data-id=\"3f8918b5\" data-element_type=\"column\" data-e-type=\"column\">\n\t\t\t<div class=\"elementor-widget-wrap elementor-element-populated\">\n\t\t\t\t\t\t<div class=\"elementor-element elementor-element-468a4501 elementor-widget elementor-widget-heading\" data-id=\"468a4501\" data-element_type=\"widget\" data-e-type=\"widget\" data-widget_type=\"heading.default\">\n\t\t\t\t<div class=\"elementor-widget-container\">\n\t\t\t\t\t<h2 class=\"elementor-heading-title elementor-size-default\">2- \u00bfQUE DOCUMENTOS OBLIGATORIOS NECESITO?<\/h2>\t\t\t\t<\/div>\n\t\t\t\t<\/div>\n\t\t\t\t\t<\/div>\n\t\t<\/div>\n\t\t\t\t\t<\/div>\n\t\t<\/section>\n\t\t\t\t<section class=\"elementor-section elementor-top-section elementor-element elementor-element-618794e6 elementor-section-boxed elementor-section-height-default elementor-section-height-default\" data-id=\"618794e6\" data-element_type=\"section\" data-e-type=\"section\">\n\t\t\t\t\t\t<div class=\"elementor-container elementor-column-gap-default\">\n\t\t\t\t\t<div class=\"elementor-column elementor-col-100 elementor-top-column elementor-element elementor-element-72a19fa8\" data-id=\"72a19fa8\" data-element_type=\"column\" data-e-type=\"column\">\n\t\t\t<div class=\"elementor-widget-wrap elementor-element-populated\">\n\t\t\t\t\t\t<div class=\"elementor-element elementor-element-4f49bc34 elementor-widget elementor-widget-text-editor\" data-id=\"4f49bc34\" data-element_type=\"widget\" data-e-type=\"widget\" data-widget_type=\"text-editor.default\">\n\t\t\t\t<div class=\"elementor-widget-container\">\n\t\t\t\t\t\t\t\t\t<p>Actualmente en <span style=\"color: #ff9900;\"><b>2025<\/b><\/span>, son obligatorios:<\/p><ul><li><span style=\"color: #ff9900;\"><b>Pasaporte<\/b><\/span> en vigor, con una <span style=\"color: #ff9900;\"><b>validez m\u00ednima de 6 meses<\/b><\/span>.<\/li><li><span style=\"color: #ff9900;\"><b style=\"font-style: inherit;\">Vacuna fiebre amarilla<\/b><\/span><span style=\"font-style: inherit;\"> en caso de venir de un pa\u00eds end\u00e9mico o escala superior a 12 horas en uno de ellos<\/span><span style=\"font-style: inherit;\">.<\/span><\/li><li><span style=\"color: #ff9900;\"><b>Permiso de circulaci\u00f3n internacional<\/b><\/span>, en caso de que vayas a conducir.<\/li><\/ul>\t\t\t\t\t\t\t\t<\/div>\n\t\t\t\t<\/div>\n\t\t\t\t\t<\/div>\n\t\t<\/div>\n\t\t\t\t\t<\/div>\n\t\t<\/section>\n\t\t\t\t<section class=\"elementor-section elementor-top-section elementor-element elementor-element-2f6d8331 elementor-section-boxed elementor-section-height-default elementor-section-height-default\" data-id=\"2f6d8331\" data-element_type=\"section\" data-e-type=\"section\">\n\t\t\t\t\t\t<div class=\"elementor-container elementor-column-gap-default\">\n\t\t\t\t\t<div class=\"elementor-column elementor-col-100 elementor-top-column elementor-element elementor-element-63b7bfef\" data-id=\"63b7bfef\" data-element_type=\"column\" data-e-type=\"column\">\n\t\t\t<div class=\"elementor-widget-wrap elementor-element-populated\">\n\t\t\t\t\t\t<div class=\"elementor-element elementor-element-16cc3003 elementor-widget elementor-widget-heading\" data-id=\"16cc3003\" data-element_type=\"widget\" data-e-type=\"widget\" data-widget_type=\"heading.default\">\n\t\t\t\t<div class=\"elementor-widget-container\">\n\t\t\t\t\t<h2 class=\"elementor-heading-title elementor-size-default\">3- \u00bfHACE FALTA VACUNARSE?<\/h2>\t\t\t\t<\/div>\n\t\t\t\t<\/div>\n\t\t\t\t\t<\/div>\n\t\t<\/div>\n\t\t\t\t\t<\/div>\n\t\t<\/section>\n\t\t\t\t<section class=\"elementor-section elementor-top-section elementor-element elementor-element-21dc0561 elementor-section-boxed elementor-section-height-default elementor-section-height-default\" data-id=\"21dc0561\" data-element_type=\"section\" data-e-type=\"section\">\n\t\t\t\t\t\t<div class=\"elementor-container elementor-column-gap-default\">\n\t\t\t\t\t<div class=\"elementor-column elementor-col-100 elementor-top-column elementor-element elementor-element-6c869e26\" data-id=\"6c869e26\" data-element_type=\"column\" data-e-type=\"column\">\n\t\t\t<div class=\"elementor-widget-wrap elementor-element-populated\">\n\t\t\t\t\t\t<div class=\"elementor-element elementor-element-8c7af65 elementor-widget__width-initial elementor-widget elementor-widget-text-editor\" data-id=\"8c7af65\" data-element_type=\"widget\" data-e-type=\"widget\" data-widget_type=\"text-editor.default\">\n\t\t\t\t<div class=\"elementor-widget-container\">\n\t\t\t\t\t\t\t\t\t<p><span style=\"font-style: inherit;\">La \u00fanica vacuna <span style=\"color: #ff9900;\"><b>obligatoria<\/b><\/span> es la <span style=\"color: #ff9900;\"><b>fiebre amarilla<\/b><\/span> en los casos enumerados en el apartado anterior<b>, <\/b>sin embargo, se aconseja la vacuna de la hepatitis A-B, del t\u00e9tanos, el colera y de la fiebre tifoidea. Independientemente,<b>\u00a0<\/b>antes de iniciar el viaje se recomienda consultar a su centro de vacunaci\u00f3n internacional, as\u00ed como leer las recomendaciones sanitarias por pa\u00edses del\u00a0<\/span><a style=\"font-style: inherit;\" href=\"https:\/\/www.sanidad.gob.es\/areas\/sanidadExterior\/laSaludTambienViaja\/consejosSanitarios\/home.htm\" target=\"_blank\" rel=\"noopener\">Ministerio de Sanidad<\/a><span style=\"font-style: inherit;\">.\u00a0<\/span><span style=\"font-style: inherit;\">Ya no se exige ninguna prueba <b>Covid-19<\/b> antes de embarcar para volar a <b>Senegal<\/b>, ni a la llegada a las fronteras internacionales del pa\u00eds.<\/span><\/p><p><span style=\"font-style: inherit;\">\u00a0<\/span><\/p><p><span style=\"font-style: inherit;\"><u><b>*MALARIA<\/b><\/u>: es importante tener en cuenta que la malaria esta presente en <b>Senegal<\/b>, especialmente en el sur,\u00a0\u00a0por lo que se recomienda tomar la medicaci\u00f3n de <\/span>profilaxis Malarone o Malawey (ambas con receta m\u00e9dica). Como medidas preventivas, se aconseja tener: un buen repelente (especialmente al amanecer\/atardecer), ropa de color claro y manga larga y dormir siempre con mosquitera.<\/p>\t\t\t\t\t\t\t\t<\/div>\n\t\t\t\t<\/div>\n\t\t\t\t\t<\/div>\n\t\t<\/div>\n\t\t\t\t\t<\/div>\n\t\t<\/section>\n\t\t\t\t<section class=\"elementor-section elementor-top-section elementor-element elementor-element-4164e078 elementor-section-boxed elementor-section-height-default elementor-section-height-default\" data-id=\"4164e078\" data-element_type=\"section\" data-e-type=\"section\">\n\t\t\t\t\t\t<div class=\"elementor-container elementor-column-gap-default\">\n\t\t\t\t\t<div class=\"elementor-column elementor-col-100 elementor-top-column elementor-element elementor-element-14878d3c\" data-id=\"14878d3c\" data-element_type=\"column\" data-e-type=\"column\">\n\t\t\t<div class=\"elementor-widget-wrap elementor-element-populated\">\n\t\t\t\t\t\t<div class=\"elementor-element elementor-element-55b9e767 elementor-widget elementor-widget-heading\" data-id=\"55b9e767\" data-element_type=\"widget\" data-e-type=\"widget\" data-widget_type=\"heading.default\">\n\t\t\t\t<div class=\"elementor-widget-container\">\n\t\t\t\t\t<h2 class=\"elementor-heading-title elementor-size-default\">4- \u00bfES UN PA\u00cdS SEGURO?<\/h2>\t\t\t\t<\/div>\n\t\t\t\t<\/div>\n\t\t\t\t\t<\/div>\n\t\t<\/div>\n\t\t\t\t\t<\/div>\n\t\t<\/section>\n\t\t\t\t<section class=\"elementor-section elementor-top-section elementor-element elementor-element-240ec287 elementor-section-boxed elementor-section-height-default elementor-section-height-default\" data-id=\"240ec287\" data-element_type=\"section\" data-e-type=\"section\">\n\t\t\t\t\t\t<div class=\"elementor-container elementor-column-gap-default\">\n\t\t\t\t\t<div class=\"elementor-column elementor-col-100 elementor-top-column elementor-element elementor-element-12f44196\" data-id=\"12f44196\" data-element_type=\"column\" data-e-type=\"column\">\n\t\t\t<div class=\"elementor-widget-wrap elementor-element-populated\">\n\t\t\t\t\t\t<div class=\"elementor-element elementor-element-4d6b572b elementor-widget elementor-widget-text-editor\" data-id=\"4d6b572b\" data-element_type=\"widget\" data-e-type=\"widget\" data-widget_type=\"text-editor.default\">\n\t\t\t\t<div class=\"elementor-widget-container\">\n\t\t\t\t\t\t\t\t\t<p>La respuesta es <span style=\"color: #ff9900;\"><b>S\u00cd<\/b><\/span>, viajar a <b>Senegal<\/b> es seguro, siempre que viajes con cabeza y sentido com\u00fan.\u00a0<span style=\"font-style: inherit;\">Sin embargo, te recomendar\u00eda precauci\u00f3n ante las siguientes situaciones:<\/span><\/p><ul><li>Pasear solo\/a en las ciudades principales como <b>Dakar<\/b> por la noche, ya que son frecuentes robos y hurtos.<\/li><li>Evitar las <b>zonas fronterizas<\/b> con <b>Mali<\/b> y <b>Guinea-Bissau.<\/b><\/li><li>Evitar pasear o conducir de noche en las regiones de <b>Casamance y Zinguinchor.<\/b>\u00a0<\/li><li>Senegal es un pa\u00eds muy conservador, por lo que si perteneces al colectivo <b>LGTBI<\/b> se recomienda evitar gestos de afecto en p\u00fablico.\u00a0<\/li><\/ul>\t\t\t\t\t\t\t\t<\/div>\n\t\t\t\t<\/div>\n\t\t\t\t\t<\/div>\n\t\t<\/div>\n\t\t\t\t\t<\/div>\n\t\t<\/section>\n\t\t\t\t<section class=\"elementor-section elementor-top-section elementor-element elementor-element-639aa4da elementor-section-boxed elementor-section-height-default elementor-section-height-default\" data-id=\"639aa4da\" data-element_type=\"section\" data-e-type=\"section\">\n\t\t\t\t\t\t<div class=\"elementor-container elementor-column-gap-default\">\n\t\t\t\t\t<div class=\"elementor-column elementor-col-100 elementor-top-column elementor-element elementor-element-2d018539\" data-id=\"2d018539\" data-element_type=\"column\" data-e-type=\"column\">\n\t\t\t<div class=\"elementor-widget-wrap elementor-element-populated\">\n\t\t\t\t\t\t<div class=\"elementor-element elementor-element-a945a97 elementor-widget elementor-widget-heading\" data-id=\"a945a97\" data-element_type=\"widget\" data-e-type=\"widget\" data-widget_type=\"heading.default\">\n\t\t\t\t<div class=\"elementor-widget-container\">\n\t\t\t\t\t<h2 class=\"elementor-heading-title elementor-size-default\">5- \u00bfCU\u00c1L ES LA MEJOR \u00c9POCA PARA VIAJAR A UGANDA? <\/h2>\t\t\t\t<\/div>\n\t\t\t\t<\/div>\n\t\t\t\t\t<\/div>\n\t\t<\/div>\n\t\t\t\t\t<\/div>\n\t\t<\/section>\n\t\t\t\t<section class=\"elementor-section elementor-top-section elementor-element elementor-element-439a775 elementor-section-boxed elementor-section-height-default elementor-section-height-default\" data-id=\"439a775\" data-element_type=\"section\" data-e-type=\"section\">\n\t\t\t\t\t\t<div class=\"elementor-container elementor-column-gap-default\">\n\t\t\t\t\t<div class=\"elementor-column elementor-col-100 elementor-top-column elementor-element elementor-element-4bda6285\" data-id=\"4bda6285\" data-element_type=\"column\" data-e-type=\"column\">\n\t\t\t<div class=\"elementor-widget-wrap elementor-element-populated\">\n\t\t\t\t\t\t<div class=\"elementor-element elementor-element-152e36d0 elementor-widget elementor-widget-text-editor\" data-id=\"152e36d0\" data-element_type=\"widget\" data-e-type=\"widget\" data-widget_type=\"text-editor.default\">\n\t\t\t\t<div class=\"elementor-widget-container\">\n\t\t\t\t\t\t\t\t\t<p><strong>&#8211;<\/strong> <b>Mejores meses (\u00c9poca seca)<\/b>: <u>Noviembre &#8211; Mayo: <\/u>mejor momento para visitar el parque <b>Niokolo Koba<\/b> y las <b>playas<\/b> de Senegal. Aunque estos meses corresponden con la \u00e9poca seca, tambi\u00e9n son frecuentes peque\u00f1as tormentas.&nbsp;<\/p><p><br><\/p>\n<p><\/p>\n<p><strong>&#8211; Peores meses (\u00c9poca de lluvias):<\/strong><u>&nbsp;Junio &#8211; Octubre:<\/u> durante estos meses la lluvia y las tormentas son frecuentes. Las temperaturas m\u00e1s altas tienen lugar entre julio y septiembre.&nbsp;<\/p><p><br><\/p>\n<p><\/p>\n<p>Independientemente del mes en el que se viaje, es recomendable mirar la previsi\u00f3n del tiempo de las diferentes zonas de tu itinerario, ya que la temperatura y el clima es muy diferente de una regi\u00f3n a otra. El clima del norte des\u00e9rtico es muy diferente al clima del sur de la regi\u00f3n de <b>K\u00e9dougou<\/b>.<\/p>\n<p><\/p>\t\t\t\t\t\t\t\t<\/div>\n\t\t\t\t<\/div>\n\t\t\t\t\t<\/div>\n\t\t<\/div>\n\t\t\t\t\t<\/div>\n\t\t<\/section>\n\t\t\t\t<section class=\"elementor-section elementor-top-section elementor-element elementor-element-1ed0f605 elementor-section-boxed elementor-section-height-default elementor-section-height-default\" data-id=\"1ed0f605\" data-element_type=\"section\" data-e-type=\"section\">\n\t\t\t\t\t\t<div class=\"elementor-container elementor-column-gap-default\">\n\t\t\t\t\t<div class=\"elementor-column elementor-col-100 elementor-top-column elementor-element elementor-element-61d2ad92\" data-id=\"61d2ad92\" data-element_type=\"column\" data-e-type=\"column\">\n\t\t\t<div class=\"elementor-widget-wrap elementor-element-populated\">\n\t\t\t\t\t\t<div class=\"elementor-element elementor-element-5cfe5e42 elementor-widget elementor-widget-heading\" data-id=\"5cfe5e42\" data-element_type=\"widget\" data-e-type=\"widget\" data-widget_type=\"heading.default\">\n\t\t\t\t<div class=\"elementor-widget-container\">\n\t\t\t\t\t<h2 class=\"elementor-heading-title elementor-size-default\">6- \u00bfCOMO MOVERSE?<\/h2>\t\t\t\t<\/div>\n\t\t\t\t<\/div>\n\t\t\t\t\t<\/div>\n\t\t<\/div>\n\t\t\t\t\t<\/div>\n\t\t<\/section>\n\t\t\t\t<section class=\"elementor-section elementor-top-section elementor-element elementor-element-879f221 elementor-section-boxed elementor-section-height-default elementor-section-height-default\" data-id=\"879f221\" data-element_type=\"section\" data-e-type=\"section\">\n\t\t\t\t\t\t<div class=\"elementor-container elementor-column-gap-default\">\n\t\t\t\t\t<div class=\"elementor-column elementor-col-100 elementor-top-column elementor-element elementor-element-3908b27\" data-id=\"3908b27\" data-element_type=\"column\" data-e-type=\"column\">\n\t\t\t<div class=\"elementor-widget-wrap elementor-element-populated\">\n\t\t\t\t\t\t<div class=\"elementor-element elementor-element-28568a7 elementor-widget elementor-widget-text-editor\" data-id=\"28568a7\" data-element_type=\"widget\" data-e-type=\"widget\" data-widget_type=\"text-editor.default\">\n\t\t\t\t<div class=\"elementor-widget-container\">\n\t\t\t\t\t\t\t\t\t<p>Moverse por <b>Senegal<\/b> no es una tarea f\u00e1cil, lo m\u00e1s c\u00f3modo es alquilar un <b>veh\u00edculo propio&nbsp;<\/b><a href=\"https:\/\/www.discovercars.com\/es?keyword=discover%20cars&amp;network=g&amp;gad_source=1&amp;gbraid=0AAAAADL55j7ekE2DovsZ0ksB2HltvDPo3&amp;gclid=CjwKCAiA5Ka9BhB5EiwA1ZVtvOM0m_CUB4gSsUBsoquxSuLofZnzNtvd_xL3bkIh2JH0JDFA5pUXgRoChAkQAvD_BwE\" target=\"_blank\" rel=\"noopener\">(Discover cars)<\/a>&nbsp;y conducir por tu cuenta, aunque las carreteras no est\u00e1n en muy buen estado tampoco necesitas un 4&#215;4, aunque si es<b> recomendable un SUV<\/b>. Tambi\u00e9n existe la opci\u00f3n de alquiler un coche con driver, aunque l\u00f3gicamente es mucho m\u00e1s costoso. &nbsp;<\/p><p><br><\/p><p>Otra alternativa sin dar por hecho la opci\u00f3n de una agencia de viajes, ser\u00eda usar el<b> transporte p\u00fablico<\/b> que recorre el pa\u00eds y conecta las principales ciudades como <b>Dakar<\/b>, <b>Casamance<\/b>, <b>Tambacounda<\/b> o <b>K\u00e9dougou<\/b>. Lo malo de esta opci\u00f3n es la duraci\u00f3n de los trayectos&#8230; para que te hagas una idea, de Dakar a K\u00e9dougou se tarda una media de 14h. He tenido la suerte (o la desgracia) de hacer este recorrido hasta en 4 ocasiones, y aunque es una verdadera paliza, es una experiencia realmente aut\u00e9ntica. Aqu\u00ed te dejo la ubicaci\u00f3n de la estaci\u00f3n de autobuses de <b>Dakar<\/b>. Los precios suelen rondar los 10-20\u20ac por trayecto.&nbsp;<\/p>\t\t\t\t\t\t\t\t<\/div>\n\t\t\t\t<\/div>\n\t\t\t\t<div class=\"elementor-element elementor-element-0403e1d elementor-widget elementor-widget-html\" data-id=\"0403e1d\" data-element_type=\"widget\" data-e-type=\"widget\" data-widget_type=\"html.default\">\n\t\t\t\t<div class=\"elementor-widget-container\">\n\t\t\t\t\t<iframe src=\"https:\/\/www.google.com\/maps\/embed?pb=!1m18!1m12!1m3!1d4758.976924253294!2d-17.461251222829016!3d14.724016263169808!2m3!1f0!2f0!3f0!3m2!1i1024!2i768!4f13.1!3m3!1m2!1s0xec172b5d5000001%3A0x4bf83c0885508ca5!2sTerminus%20Libert%C3%A9%20V!5e0!3m2!1ses!2ses!4v1739190693328!5m2!1ses!2ses\" width=\"600\" height=\"450\" style=\"border:0;\" allowfullscreen=\"\" loading=\"lazy\" referrerpolicy=\"no-referrer-when-downgrade\"><\/iframe>\t\t\t\t<\/div>\n\t\t\t\t<\/div>\n\t\t\t\t\t<\/div>\n\t\t<\/div>\n\t\t\t\t\t<\/div>\n\t\t<\/section>\n\t\t\t\t<\/div>\n\t\t","protected":false},"excerpt":{"rendered":"<p>1- \u00bfHACE FALTA VISADO? Los ciudadanos espa\u00f1oles no necesitan visado para estancias inferiores a 90 d\u00edas en Senegal. 2- \u00bfQUE DOCUMENTOS OBLIGATORIOS NECESITO? Actualmente en 2025, son obligatorios: Pasaporte en vigor, con una validez m\u00ednima de 6 meses. Vacuna fiebre amarilla en caso de venir de un pa\u00eds end\u00e9mico o escala superior a 12 horas [&hellip;]<\/p>\n","protected":false},"author":1,"featured_media":0,"parent":0,"menu_order":0,"comment_status":"closed","ping_status":"closed","template":"","meta":{"_uag_custom_page_level_css":"","site-sidebar-layout":"no-sidebar","site-content-layout":"","ast-site-content-layout":"full-width-container","site-content-style":"default","site-sidebar-style":"default","ast-global-header-display":"","ast-banner-title-visibility":"","ast-main-header-display":"","ast-hfb-above-header-display":"","ast-hfb-below-header-display":"","ast-hfb-mobile-header-display":"","site-post-title":"disabled","ast-breadcrumbs-content":"","ast-featured-img":"disabled","footer-sml-layout":"","ast-disable-related-posts":"","theme-transparent-header-meta":"","adv-header-id-meta":"","stick-header-meta":"","header-above-stick-meta":"","header-main-stick-meta":"","header-below-stick-meta":"","astra-migrate-meta-layouts":"default","ast-page-background-enabled":"default","ast-page-background-meta":{"desktop":{"background-color":"var(--ast-global-color-4)","background-image":"","background-repeat":"repeat","background-position":"center center","background-size":"auto","background-attachment":"scroll","background-type":"","background-media":"","overlay-type":"","overlay-color":"","overlay-opacity":"","overlay-gradient":""},"tablet":{"background-color":"","background-image":"","background-repeat":"repeat","background-position":"center center","background-size":"auto","background-attachment":"scroll","background-type":"","background-media":"","overlay-type":"","overlay-color":"","overlay-opacity":"","overlay-gradient":""},"mobile":{"background-color":"","background-image":"","background-repeat":"repeat","background-position":"center center","background-size":"auto","background-attachment":"scroll","background-type":"","background-media":"","overlay-type":"","overlay-color":"","overlay-opacity":"","overlay-gradient":""}},"ast-content-background-meta":{"desktop":{"background-color":"var(--ast-global-color-5)","background-image":"","background-repeat":"repeat","background-position":"center center","background-size":"auto","background-attachment":"scroll","background-type":"","background-media":"","overlay-type":"","overlay-color":"","overlay-opacity":"","overlay-gradient":""},"tablet":{"background-color":"var(--ast-global-color-5)","background-image":"","background-repeat":"repeat","background-position":"center center","background-size":"auto","background-attachment":"scroll","background-type":"","background-media":"","overlay-type":"","overlay-color":"","overlay-opacity":"","overlay-gradient":""},"mobile":{"background-color":"var(--ast-global-color-5)","background-image":"","background-repeat":"repeat","background-position":"center center","background-size":"auto","background-attachment":"scroll","background-type":"","background-media":"","overlay-type":"","overlay-color":"","overlay-opacity":"","overlay-gradient":""}},"footnotes":""},"class_list":["post-8136","page","type-page","status-publish","hentry"],"uagb_featured_image_src":{"full":false,"thumbnail":false,"medium":false,"medium_large":false,"large":false,"1536x1536":false,"2048x2048":false,"bm-post-thumb":false,"bm-post-medium":false},"uagb_author_info":{"display_name":"admin","author_link":"https:\/\/www.ebanoviajes.com\/index.php\/author\/admin\/"},"uagb_comment_info":0,"uagb_excerpt":"1- \u00bfHACE FALTA VISADO? Los ciudadanos espa\u00f1oles no necesitan visado para estancias inferiores a 90 d\u00edas en Senegal. 2- \u00bfQUE DOCUMENTOS OBLIGATORIOS NECESITO? Actualmente en 2025, son obligatorios: Pasaporte en vigor, con una validez m\u00ednima de 6 meses. Vacuna fiebre amarilla en caso de venir de un pa\u00eds end\u00e9mico o escala superior a 12 horas&hellip;","_links":{"self":[{"href":"https:\/\/www.ebanoviajes.com\/index.php\/wp-json\/wp\/v2\/pages\/8136","targetHints":{"allow":["GET"]}}],"collection":[{"href":"https:\/\/www.ebanoviajes.com\/index.php\/wp-json\/wp\/v2\/pages"}],"about":[{"href":"https:\/\/www.ebanoviajes.com\/index.php\/wp-json\/wp\/v2\/types\/page"}],"author":[{"embeddable":true,"href":"https:\/\/www.ebanoviajes.com\/index.php\/wp-json\/wp\/v2\/users\/1"}],"replies":[{"embeddable":true,"href":"https:\/\/www.ebanoviajes.com\/index.php\/wp-json\/wp\/v2\/comments?post=8136"}],"version-history":[{"count":13,"href":"https:\/\/www.ebanoviajes.com\/index.php\/wp-json\/wp\/v2\/pages\/8136\/revisions"}],"predecessor-version":[{"id":9756,"href":"https:\/\/www.ebanoviajes.com\/index.php\/wp-json\/wp\/v2\/pages\/8136\/revisions\/9756"}],"wp:attachment":[{"href":"https:\/\/www.ebanoviajes.com\/index.php\/wp-json\/wp\/v2\/media?parent=8136"}],"curies":[{"name":"wp","href":"https:\/\/api.w.org\/{rel}","templated":true}]}}