{"id":8024,"date":"2025-02-08T14:54:41","date_gmt":"2025-02-08T14:54:41","guid":{"rendered":"https:\/\/www.ebanoviajes.com\/?page_id=8024"},"modified":"2025-04-10T09:21:30","modified_gmt":"2025-04-10T09:21:30","slug":"informacion-para-visitar-las-cataratas-victoria","status":"publish","type":"page","link":"https:\/\/www.ebanoviajes.com\/index.php\/informacion-para-visitar-las-cataratas-victoria\/","title":{"rendered":"Informaci\u00f3n para visitar las cataratas victoria"},"content":{"rendered":"\t\t<div data-elementor-type=\"wp-page\" data-elementor-id=\"8024\" class=\"elementor elementor-8024\">\n\t\t\t\t\t\t<section class=\"elementor-section elementor-top-section elementor-element elementor-element-5cb2cb7c elementor-section-full_width elementor-section-height-min-height elementor-section-height-default elementor-section-items-middle\" data-id=\"5cb2cb7c\" data-element_type=\"section\" data-e-type=\"section\" data-settings=\"{&quot;background_background&quot;:&quot;classic&quot;}\">\n\t\t\t\t\t\t<div class=\"elementor-container elementor-column-gap-default\">\n\t\t\t\t\t<div class=\"elementor-column elementor-col-100 elementor-top-column elementor-element elementor-element-1d50ff9f\" data-id=\"1d50ff9f\" data-element_type=\"column\" data-e-type=\"column\">\n\t\t\t<div class=\"elementor-widget-wrap\">\n\t\t\t\t\t\t\t<\/div>\n\t\t<\/div>\n\t\t\t\t\t<\/div>\n\t\t<\/section>\n\t\t\t\t<section class=\"elementor-section elementor-top-section elementor-element elementor-element-3b0919d1 elementor-section-boxed elementor-section-height-default elementor-section-height-default\" data-id=\"3b0919d1\" data-element_type=\"section\" data-e-type=\"section\">\n\t\t\t\t\t\t<div class=\"elementor-container elementor-column-gap-default\">\n\t\t\t\t\t<div class=\"elementor-column elementor-col-100 elementor-top-column elementor-element elementor-element-32213cbd\" data-id=\"32213cbd\" data-element_type=\"column\" data-e-type=\"column\">\n\t\t\t<div class=\"elementor-widget-wrap elementor-element-populated\">\n\t\t\t\t\t\t<div class=\"elementor-element elementor-element-132e3094 elementor-widget elementor-widget-heading\" data-id=\"132e3094\" data-element_type=\"widget\" data-e-type=\"widget\" data-widget_type=\"heading.default\">\n\t\t\t\t<div class=\"elementor-widget-container\">\n\t\t\t\t\t<h2 class=\"elementor-heading-title elementor-size-default\">1- \u00bfHACE FALTA VISADO PARA VIAJAR A ZAMBIA EN 2025?<\/h2>\t\t\t\t<\/div>\n\t\t\t\t<\/div>\n\t\t\t\t<div class=\"elementor-element elementor-element-1a362c4 elementor-widget elementor-widget-text-editor\" data-id=\"1a362c4\" data-element_type=\"widget\" data-e-type=\"widget\" data-widget_type=\"text-editor.default\">\n\t\t\t\t<div class=\"elementor-widget-container\">\n\t\t\t\t\t\t\t\t\t<p><span style=\"color: #ff9900;\"><strong>No es necesario visado para viajar a Zambia<\/strong><\/span> desde Espa\u00f1a. Existe la posibilidad de solicitar tanto en los aeropuertos de <b>Lusaka<\/b> y <b>Livingstone<\/b> como en las fronteras terrestres con <b>Zimbabue<\/b> y <b>Botsuana<\/b>, un visado turista conjunto para <b>Zimbabue<\/b> y <b>Zambia<\/b> llamado <span style=\"color: #ff9900;\"><b>KAZA<\/b><\/span>. Tiene una duraci\u00f3n m\u00e1xima de <span style=\"color: #ff0000;\"><b>30 d\u00edas<\/b><\/span> y cuesta<span style=\"color: #ff0000;\"> <b>50$<\/b><\/span>.\u00a0<\/p>\t\t\t\t\t\t\t\t<\/div>\n\t\t\t\t<\/div>\n\t\t\t\t\t<\/div>\n\t\t<\/div>\n\t\t\t\t\t<\/div>\n\t\t<\/section>\n\t\t\t\t<section class=\"elementor-section elementor-top-section elementor-element elementor-element-fbe158f elementor-section-boxed elementor-section-height-default elementor-section-height-default\" data-id=\"fbe158f\" data-element_type=\"section\" data-e-type=\"section\">\n\t\t\t\t\t\t<div class=\"elementor-container elementor-column-gap-default\">\n\t\t\t\t\t<div class=\"elementor-column elementor-col-100 elementor-top-column elementor-element elementor-element-434359ef\" data-id=\"434359ef\" data-element_type=\"column\" data-e-type=\"column\">\n\t\t\t<div class=\"elementor-widget-wrap elementor-element-populated\">\n\t\t\t\t\t\t<div class=\"elementor-element elementor-element-5b1cff55 elementor-widget elementor-widget-heading\" data-id=\"5b1cff55\" data-element_type=\"widget\" data-e-type=\"widget\" data-widget_type=\"heading.default\">\n\t\t\t\t<div class=\"elementor-widget-container\">\n\t\t\t\t\t<h2 class=\"elementor-heading-title elementor-size-default\">2- \u00bfQUE DOCUMENTOS OBLIGATORIOS NECESITO?<\/h2>\t\t\t\t<\/div>\n\t\t\t\t<\/div>\n\t\t\t\t\t<\/div>\n\t\t<\/div>\n\t\t\t\t\t<\/div>\n\t\t<\/section>\n\t\t\t\t<section class=\"elementor-section elementor-top-section elementor-element elementor-element-3d7b8916 elementor-section-boxed elementor-section-height-default elementor-section-height-default\" data-id=\"3d7b8916\" data-element_type=\"section\" data-e-type=\"section\">\n\t\t\t\t\t\t<div class=\"elementor-container elementor-column-gap-default\">\n\t\t\t\t\t<div class=\"elementor-column elementor-col-100 elementor-top-column elementor-element elementor-element-353c2c52\" data-id=\"353c2c52\" data-element_type=\"column\" data-e-type=\"column\">\n\t\t\t<div class=\"elementor-widget-wrap elementor-element-populated\">\n\t\t\t\t\t\t<div class=\"elementor-element elementor-element-4d04ef46 elementor-widget elementor-widget-text-editor\" data-id=\"4d04ef46\" data-element_type=\"widget\" data-e-type=\"widget\" data-widget_type=\"text-editor.default\">\n\t\t\t\t<div class=\"elementor-widget-container\">\n\t\t\t\t\t\t\t\t\t<p>Actualmente en <span style=\"color: #ff9900;\"><b>2025<\/b><\/span>, son obligatorios:<\/p><ul><li><span style=\"color: #ff9900;\">\u00a0<b>Pasaporte<\/b> <\/span>en vigor, con una <b>validez m\u00ednima de 6 meses<\/b>.<\/li><li><span style=\"color: #ff9900;\"><b>Vacuna fiebre amarilla<\/b><\/span>, \u00fanicamente en caso de venir de un pa\u00eds end\u00e9mico o escala superior a 12 horas en uno de ellos.\u00a0<\/li><li><span style=\"color: #ff9900;\"><b>Permiso de circulaci\u00f3n internacional<\/b><\/span>, en caso de que vayas a conducir.\u00a0<\/li><\/ul>\t\t\t\t\t\t\t\t<\/div>\n\t\t\t\t<\/div>\n\t\t\t\t\t<\/div>\n\t\t<\/div>\n\t\t\t\t\t<\/div>\n\t\t<\/section>\n\t\t\t\t<section class=\"elementor-section elementor-top-section elementor-element elementor-element-694b9a7a elementor-section-boxed elementor-section-height-default elementor-section-height-default\" data-id=\"694b9a7a\" data-element_type=\"section\" data-e-type=\"section\">\n\t\t\t\t\t\t<div class=\"elementor-container elementor-column-gap-default\">\n\t\t\t\t\t<div class=\"elementor-column elementor-col-100 elementor-top-column elementor-element elementor-element-b9e4bed\" data-id=\"b9e4bed\" data-element_type=\"column\" data-e-type=\"column\">\n\t\t\t<div class=\"elementor-widget-wrap elementor-element-populated\">\n\t\t\t\t\t\t<div class=\"elementor-element elementor-element-1710c1a5 elementor-widget elementor-widget-heading\" data-id=\"1710c1a5\" data-element_type=\"widget\" data-e-type=\"widget\" data-widget_type=\"heading.default\">\n\t\t\t\t<div class=\"elementor-widget-container\">\n\t\t\t\t\t<h2 class=\"elementor-heading-title elementor-size-default\">3- \u00bfHACE FALTA VACUNARSE?<\/h2>\t\t\t\t<\/div>\n\t\t\t\t<\/div>\n\t\t\t\t\t<\/div>\n\t\t<\/div>\n\t\t\t\t\t<\/div>\n\t\t<\/section>\n\t\t\t\t<section class=\"elementor-section elementor-top-section elementor-element elementor-element-5eb39322 elementor-section-boxed elementor-section-height-default elementor-section-height-default\" data-id=\"5eb39322\" data-element_type=\"section\" data-e-type=\"section\">\n\t\t\t\t\t\t<div class=\"elementor-container elementor-column-gap-default\">\n\t\t\t\t\t<div class=\"elementor-column elementor-col-100 elementor-top-column elementor-element elementor-element-26a863bb\" data-id=\"26a863bb\" data-element_type=\"column\" data-e-type=\"column\">\n\t\t\t<div class=\"elementor-widget-wrap elementor-element-populated\">\n\t\t\t\t\t\t<div class=\"elementor-element elementor-element-5a36b2e6 elementor-widget__width-initial elementor-widget elementor-widget-text-editor\" data-id=\"5a36b2e6\" data-element_type=\"widget\" data-e-type=\"widget\" data-widget_type=\"text-editor.default\">\n\t\t\t\t<div class=\"elementor-widget-container\">\n\t\t\t\t\t\t\t\t\t<p><span style=\"font-style: inherit;\">La \u00fanica vacuna <\/span><span style=\"color: #ff9900;\"><b style=\"font-style: inherit;\">obligatoria<\/b><\/span><span style=\"font-style: inherit;\"> es la <\/span><span style=\"font-style: inherit;\"><b><span style=\"color: #ff9900;\">fiebre amarilla<\/span> <\/b>en <\/span>los<span style=\"font-style: inherit;\">\u00a0casos mencionados<\/span><span style=\"font-weight: bold; font-style: inherit;\">, <\/span><span style=\"font-style: inherit;\">sin embargo, se aconseja la vacuna de la hepatitis A-B, colera, del t\u00e9tanos y de la fiebre tifoidea. Independientemente,<\/span><b style=\"font-style: inherit;\">\u00a0<\/b><span style=\"font-style: inherit;\">antes de iniciar el viaje se recomienda consultar a su centro de vacunaci\u00f3n internacional, as\u00ed como leer las recomendaciones sanitarias por pa\u00edses del\u00a0<\/span><a style=\"font-style: inherit;\" href=\"https:\/\/www.sanidad.gob.es\/areas\/sanidadExterior\/laSaludTambienViaja\/consejosSanitarios\/home.htm\" target=\"_blank\" rel=\"noopener\">Ministerio de Sanidad<\/a><span style=\"font-style: inherit;\">.\u00a0<\/span><span style=\"font-style: inherit;\">Ya no se exige ninguna prueba <b>Covid-19<\/b> antes de embarcar para volar a <b>Zambia<\/b>, ni a la llegada a las fronteras internacionales del pa\u00eds.<\/span><\/p><p><span style=\"font-style: inherit;\">\u00a0<\/span><\/p><p><span style=\"font-style: inherit;\"><u><b>*MALARIA<\/b><\/u>: es importante tener en cuenta que la malaria esta presente en todo <b>Zambia<\/b>, por lo que se recomienda tomar la medicaci\u00f3n de <\/span>profilaxis Malarone o Malawey (ambas con receta m\u00e9dica). Como medidas preventivas, se aconseja tener: un buen repelente (especialmente al amanecer\/atardecer), ropa de color claro y manga larga y dormir siempre con mosquitera.<\/p>\t\t\t\t\t\t\t\t<\/div>\n\t\t\t\t<\/div>\n\t\t\t\t\t<\/div>\n\t\t<\/div>\n\t\t\t\t\t<\/div>\n\t\t<\/section>\n\t\t\t\t<section class=\"elementor-section elementor-top-section elementor-element elementor-element-25d71037 elementor-section-boxed elementor-section-height-default elementor-section-height-default\" data-id=\"25d71037\" data-element_type=\"section\" data-e-type=\"section\">\n\t\t\t\t\t\t<div class=\"elementor-container elementor-column-gap-default\">\n\t\t\t\t\t<div class=\"elementor-column elementor-col-100 elementor-top-column elementor-element elementor-element-51edcb51\" data-id=\"51edcb51\" data-element_type=\"column\" data-e-type=\"column\">\n\t\t\t<div class=\"elementor-widget-wrap elementor-element-populated\">\n\t\t\t\t\t\t<div class=\"elementor-element elementor-element-3e6f5afa elementor-widget elementor-widget-heading\" data-id=\"3e6f5afa\" data-element_type=\"widget\" data-e-type=\"widget\" data-widget_type=\"heading.default\">\n\t\t\t\t<div class=\"elementor-widget-container\">\n\t\t\t\t\t<h2 class=\"elementor-heading-title elementor-size-default\">4- \u00bfES UN PA\u00cdS SEGURO?<\/h2>\t\t\t\t<\/div>\n\t\t\t\t<\/div>\n\t\t\t\t\t<\/div>\n\t\t<\/div>\n\t\t\t\t\t<\/div>\n\t\t<\/section>\n\t\t\t\t<section class=\"elementor-section elementor-top-section elementor-element elementor-element-69215c71 elementor-section-boxed elementor-section-height-default elementor-section-height-default\" data-id=\"69215c71\" data-element_type=\"section\" data-e-type=\"section\">\n\t\t\t\t\t\t<div class=\"elementor-container elementor-column-gap-default\">\n\t\t\t\t\t<div class=\"elementor-column elementor-col-100 elementor-top-column elementor-element elementor-element-4806876e\" data-id=\"4806876e\" data-element_type=\"column\" data-e-type=\"column\">\n\t\t\t<div class=\"elementor-widget-wrap elementor-element-populated\">\n\t\t\t\t\t\t<div class=\"elementor-element elementor-element-3f9b40b2 elementor-widget elementor-widget-text-editor\" data-id=\"3f9b40b2\" data-element_type=\"widget\" data-e-type=\"widget\" data-widget_type=\"text-editor.default\">\n\t\t\t\t<div class=\"elementor-widget-container\">\n\t\t\t\t\t\t\t\t\t<p>La respuesta es <span style=\"color: #ff9900;\"><b>S\u00cd<\/b><\/span>, viajar a <b>Zambia<\/b> en seguro, siempre que viajes con cabeza y sentido com\u00fan.\u00a0<span style=\"font-style: inherit;\">Sin embargo, te recomendar\u00eda precauci\u00f3n ante las siguientes situaciones:<\/span><\/p><ul><li><span style=\"font-style: inherit;\">Conducir de noche.<\/span><\/li><li>Pasear solo\/a en las ciudades principales como <b>Lusaka<\/b> por la noche, ya que son frecuentes robos y hurtos.<\/li><li>Evitar las zona rurales colindantes a la frontera con Rep\u00fablica Democr\u00e1tica del Congo. \u00a0<\/li><li>Precauci\u00f3n con los medicamentos que se llevan, ya que en las fronteras son habituales los controles en busca de f\u00e1rmacos prohibidos del grupo de\u00a0<span style=\"font-style: inherit;\">las <\/span><b style=\"font-style: inherit;\">benzodiazepinas<\/b><span style=\"font-style: inherit;\">: diazepam, lorazepam, etc.\u00a0<\/span><\/li><\/ul>\t\t\t\t\t\t\t\t<\/div>\n\t\t\t\t<\/div>\n\t\t\t\t\t<\/div>\n\t\t<\/div>\n\t\t\t\t\t<\/div>\n\t\t<\/section>\n\t\t\t\t<section class=\"elementor-section elementor-top-section elementor-element elementor-element-7e94952b elementor-section-boxed elementor-section-height-default elementor-section-height-default\" data-id=\"7e94952b\" data-element_type=\"section\" data-e-type=\"section\">\n\t\t\t\t\t\t<div class=\"elementor-container elementor-column-gap-default\">\n\t\t\t\t\t<div class=\"elementor-column elementor-col-100 elementor-top-column elementor-element elementor-element-2622182c\" data-id=\"2622182c\" data-element_type=\"column\" data-e-type=\"column\">\n\t\t\t<div class=\"elementor-widget-wrap elementor-element-populated\">\n\t\t\t\t\t\t<div class=\"elementor-element elementor-element-77a4eef0 elementor-widget elementor-widget-heading\" data-id=\"77a4eef0\" data-element_type=\"widget\" data-e-type=\"widget\" data-widget_type=\"heading.default\">\n\t\t\t\t<div class=\"elementor-widget-container\">\n\t\t\t\t\t<h2 class=\"elementor-heading-title elementor-size-default\">5- \u00bfCU\u00c1L ES LA MEJOR \u00c9POCA PARA VIAJAR A ZAMBIA? <\/h2>\t\t\t\t<\/div>\n\t\t\t\t<\/div>\n\t\t\t\t\t<\/div>\n\t\t<\/div>\n\t\t\t\t\t<\/div>\n\t\t<\/section>\n\t\t\t\t<section class=\"elementor-section elementor-top-section elementor-element elementor-element-6bad58ac elementor-section-boxed elementor-section-height-default elementor-section-height-default\" data-id=\"6bad58ac\" data-element_type=\"section\" data-e-type=\"section\">\n\t\t\t\t\t\t<div class=\"elementor-container elementor-column-gap-default\">\n\t\t\t\t\t<div class=\"elementor-column elementor-col-100 elementor-top-column elementor-element elementor-element-20647371\" data-id=\"20647371\" data-element_type=\"column\" data-e-type=\"column\">\n\t\t\t<div class=\"elementor-widget-wrap elementor-element-populated\">\n\t\t\t\t\t\t<div class=\"elementor-element elementor-element-4bb1053 elementor-widget elementor-widget-text-editor\" data-id=\"4bb1053\" data-element_type=\"widget\" data-e-type=\"widget\" data-widget_type=\"text-editor.default\">\n\t\t\t\t<div class=\"elementor-widget-container\">\n\t\t\t\t\t\t\t\t\t<p>En<strong> Zambia <\/strong>podemos diferenciar dos temporadas:<\/p><p><span style=\"color: #99cc00;\"><strong>&#8211;<\/strong> <b>Mejores meses (Temporada alta)<\/b><\/span>:<u>\u00a0Mayo, Junio, Julio, Agosto, Septiembre y Octubre<\/u>. Estos meses corresponden con la <b>\u00e9poca seca<\/b>, por lo que el buen tiempo esta\u00a0asegurado. Adem\u00e1s la vegetaci\u00f3n es menos densa y favorece el avistamiento de fauna salvaje en los safaris. Precios altos.<\/p><p>\u00a0<\/p><p><strong><span style=\"color: #ff0000;\">&#8211; Peores meses (Temporada baja):<\/span>\u00a0<\/strong><u>Noviembre, Diciembre, Enero, Febrero, Marzo y Abril<\/u>. Estos meses corresponden con la <b>\u00e9poca de lluvias <\/b>por lo que <b>no se recomienda viajar<\/b>. Las tormentas son frecuentes y los caminos est\u00e1n en mal estado, el avistamiento de fauna es complicado y muchos lodges cierran. Precios muy bajos. Tal es el verde que adquiere el paisaje durante estos meses que se conoce como <b>Temporada Esmeralda<\/b>.<\/p><p>\u00a0<\/p>\t\t\t\t\t\t\t\t<\/div>\n\t\t\t\t<\/div>\n\t\t\t\t\t<\/div>\n\t\t<\/div>\n\t\t\t\t\t<\/div>\n\t\t<\/section>\n\t\t\t\t<section class=\"elementor-section elementor-top-section elementor-element elementor-element-74fda2c elementor-section-boxed elementor-section-height-default elementor-section-height-default\" data-id=\"74fda2c\" data-element_type=\"section\" data-e-type=\"section\">\n\t\t\t\t\t\t<div class=\"elementor-container elementor-column-gap-default\">\n\t\t\t\t\t<div class=\"elementor-column elementor-col-100 elementor-top-column elementor-element elementor-element-797897ec\" data-id=\"797897ec\" data-element_type=\"column\" data-e-type=\"column\">\n\t\t\t<div class=\"elementor-widget-wrap elementor-element-populated\">\n\t\t\t\t\t\t<div class=\"elementor-element elementor-element-136cc274 elementor-widget elementor-widget-heading\" data-id=\"136cc274\" data-element_type=\"widget\" data-e-type=\"widget\" data-widget_type=\"heading.default\">\n\t\t\t\t<div class=\"elementor-widget-container\">\n\t\t\t\t\t<h2 class=\"elementor-heading-title elementor-size-default\">6- \u00bfCOMO MOVERSE?<\/h2>\t\t\t\t<\/div>\n\t\t\t\t<\/div>\n\t\t\t\t\t<\/div>\n\t\t<\/div>\n\t\t\t\t\t<\/div>\n\t\t<\/section>\n\t\t\t\t<section class=\"elementor-section elementor-top-section elementor-element elementor-element-71b3f525 elementor-section-boxed elementor-section-height-default elementor-section-height-default\" data-id=\"71b3f525\" data-element_type=\"section\" data-e-type=\"section\">\n\t\t\t\t\t\t<div class=\"elementor-container elementor-column-gap-default\">\n\t\t\t\t\t<div class=\"elementor-column elementor-col-100 elementor-top-column elementor-element elementor-element-3a170ee4\" data-id=\"3a170ee4\" data-element_type=\"column\" data-e-type=\"column\">\n\t\t\t<div class=\"elementor-widget-wrap elementor-element-populated\">\n\t\t\t\t\t\t<div class=\"elementor-element elementor-element-1f5f18d4 elementor-widget elementor-widget-text-editor\" data-id=\"1f5f18d4\" data-element_type=\"widget\" data-e-type=\"widget\" data-widget_type=\"text-editor.default\">\n\t\t\t\t<div class=\"elementor-widget-container\">\n\t\t\t\t\t\t\t\t\t<p>Puesto que la mayor\u00eda de las personas viajar a <b>Zambia<\/b> para hacer safaris, existen dos posibles alternativas<b>:&nbsp;<\/b><\/p>\n<p><b>&nbsp;<\/b><\/p>\n<p><u><b>1- Alquiler de veh\u00edculo:<\/b><\/u>&nbsp;Recorrer Zambia por libre es totalmente factible <b>(obligatorio 4&#215;4)<\/b>. Actualmente <b>(2025)<\/b>, las carreteras que conectan los puntos de mayor inter\u00e9s del pa\u00eds est\u00e1n en buen estado. Sin embargo, dentro de los Parques Nacionales tendr\u00e1s que tener algo de conocimiento de conducci\u00f3n <i>off road<\/i> 4&#215;4. Empresa recomendada:<a href=\"https:\/\/www.faircarhires.com\/tours-safari\/\" target=\"_blank\" rel=\"noopener\"> FairCar Hires<\/a>.<\/p>\n<p><\/p>\n<p><u><b>2- Alquiler de veh\u00edculo con driver<\/b><\/u>: Opci\u00f3n recomendada si estas buscando un viaje algo m\u00e1s c\u00f3modo, ya que las distancias muchas veces son enormes y dentro de los Parque Nacionales no tendr\u00e1s que preocuparte por nada. <b>Recuerda que tanto si vas por libre, como si contratas un driver, podr\u00e1s hacer safaris con el mismo veh\u00edculo, no hace falta contratar nada m\u00e1s.&nbsp;<\/b><\/p>\n<p><b>&nbsp;<\/b><\/p>\n<p>*Si como en nuestro caso solo vas a viajar por la regi\u00f3n de las <b>Cataratas Victoria<\/b> como parte de un viaje por distintos pa\u00edses de \u00c1frica y no tienes intenci\u00f3n de hacer safaris, tienes tambi\u00e9n la posibilidad de contratar <b>Drivers<\/b> a un precio muy econ\u00f3mico para que te lleven a las fronteras o incluso a la capital, Lusaka.<b> Los due\u00f1os de los alojamientos suelen facilitarte estos contactos.<\/b>&nbsp;<\/p>\t\t\t\t\t\t\t\t<\/div>\n\t\t\t\t<\/div>\n\t\t\t\t\t<\/div>\n\t\t<\/div>\n\t\t\t\t\t<\/div>\n\t\t<\/section>\n\t\t\t\t<\/div>\n\t\t","protected":false},"excerpt":{"rendered":"<p>1- \u00bfHACE FALTA VISADO PARA VIAJAR A ZAMBIA EN 2025? No es necesario visado para viajar a Zambia desde Espa\u00f1a. Existe la posibilidad de solicitar tanto en los aeropuertos de Lusaka y Livingstone como en las fronteras terrestres con Zimbabue y Botsuana, un visado turista conjunto para Zimbabue y Zambia llamado KAZA. Tiene una duraci\u00f3n [&hellip;]<\/p>\n","protected":false},"author":1,"featured_media":0,"parent":0,"menu_order":0,"comment_status":"closed","ping_status":"closed","template":"","meta":{"_uag_custom_page_level_css":"","site-sidebar-layout":"no-sidebar","site-content-layout":"","ast-site-content-layout":"full-width-container","site-content-style":"default","site-sidebar-style":"default","ast-global-header-display":"","ast-banner-title-visibility":"","ast-main-header-display":"","ast-hfb-above-header-display":"","ast-hfb-below-header-display":"","ast-hfb-mobile-header-display":"","site-post-title":"disabled","ast-breadcrumbs-content":"","ast-featured-img":"disabled","footer-sml-layout":"","ast-disable-related-posts":"","theme-transparent-header-meta":"","adv-header-id-meta":"","stick-header-meta":"","header-above-stick-meta":"","header-main-stick-meta":"","header-below-stick-meta":"","astra-migrate-meta-layouts":"default","ast-page-background-enabled":"default","ast-page-background-meta":{"desktop":{"background-color":"var(--ast-global-color-4)","background-image":"","background-repeat":"repeat","background-position":"center center","background-size":"auto","background-attachment":"scroll","background-type":"","background-media":"","overlay-type":"","overlay-color":"","overlay-opacity":"","overlay-gradient":""},"tablet":{"background-color":"","background-image":"","background-repeat":"repeat","background-position":"center center","background-size":"auto","background-attachment":"scroll","background-type":"","background-media":"","overlay-type":"","overlay-color":"","overlay-opacity":"","overlay-gradient":""},"mobile":{"background-color":"","background-image":"","background-repeat":"repeat","background-position":"center center","background-size":"auto","background-attachment":"scroll","background-type":"","background-media":"","overlay-type":"","overlay-color":"","overlay-opacity":"","overlay-gradient":""}},"ast-content-background-meta":{"desktop":{"background-color":"var(--ast-global-color-5)","background-image":"","background-repeat":"repeat","background-position":"center center","background-size":"auto","background-attachment":"scroll","background-type":"","background-media":"","overlay-type":"","overlay-color":"","overlay-opacity":"","overlay-gradient":""},"tablet":{"background-color":"var(--ast-global-color-5)","background-image":"","background-repeat":"repeat","background-position":"center center","background-size":"auto","background-attachment":"scroll","background-type":"","background-media":"","overlay-type":"","overlay-color":"","overlay-opacity":"","overlay-gradient":""},"mobile":{"background-color":"var(--ast-global-color-5)","background-image":"","background-repeat":"repeat","background-position":"center center","background-size":"auto","background-attachment":"scroll","background-type":"","background-media":"","overlay-type":"","overlay-color":"","overlay-opacity":"","overlay-gradient":""}},"footnotes":""},"class_list":["post-8024","page","type-page","status-publish","hentry"],"uagb_featured_image_src":{"full":false,"thumbnail":false,"medium":false,"medium_large":false,"large":false,"1536x1536":false,"2048x2048":false,"bm-post-thumb":false,"bm-post-medium":false},"uagb_author_info":{"display_name":"admin","author_link":"https:\/\/www.ebanoviajes.com\/index.php\/author\/admin\/"},"uagb_comment_info":0,"uagb_excerpt":"1- \u00bfHACE FALTA VISADO PARA VIAJAR A ZAMBIA EN 2025? No es necesario visado para viajar a Zambia desde Espa\u00f1a. Existe la posibilidad de solicitar tanto en los aeropuertos de Lusaka y Livingstone como en las fronteras terrestres con Zimbabue y Botsuana, un visado turista conjunto para Zimbabue y Zambia llamado KAZA. Tiene una duraci\u00f3n&hellip;","_links":{"self":[{"href":"https:\/\/www.ebanoviajes.com\/index.php\/wp-json\/wp\/v2\/pages\/8024","targetHints":{"allow":["GET"]}}],"collection":[{"href":"https:\/\/www.ebanoviajes.com\/index.php\/wp-json\/wp\/v2\/pages"}],"about":[{"href":"https:\/\/www.ebanoviajes.com\/index.php\/wp-json\/wp\/v2\/types\/page"}],"author":[{"embeddable":true,"href":"https:\/\/www.ebanoviajes.com\/index.php\/wp-json\/wp\/v2\/users\/1"}],"replies":[{"embeddable":true,"href":"https:\/\/www.ebanoviajes.com\/index.php\/wp-json\/wp\/v2\/comments?post=8024"}],"version-history":[{"count":25,"href":"https:\/\/www.ebanoviajes.com\/index.php\/wp-json\/wp\/v2\/pages\/8024\/revisions"}],"predecessor-version":[{"id":9962,"href":"https:\/\/www.ebanoviajes.com\/index.php\/wp-json\/wp\/v2\/pages\/8024\/revisions\/9962"}],"wp:attachment":[{"href":"https:\/\/www.ebanoviajes.com\/index.php\/wp-json\/wp\/v2\/media?parent=8024"}],"curies":[{"name":"wp","href":"https:\/\/api.w.org\/{rel}","templated":true}]}}