{"id":7993,"date":"2025-02-05T10:50:31","date_gmt":"2025-02-05T10:50:31","guid":{"rendered":"https:\/\/www.ebanoviajes.com\/?page_id=7993"},"modified":"2025-04-13T14:04:24","modified_gmt":"2025-04-13T14:04:24","slug":"informacion-para-viajar-a-kenia-por-libre","status":"publish","type":"page","link":"https:\/\/www.ebanoviajes.com\/index.php\/informacion-para-viajar-a-kenia-por-libre\/","title":{"rendered":"Informaci\u00f3n para viajar a Kenia por libre"},"content":{"rendered":"\t\t<div data-elementor-type=\"wp-page\" data-elementor-id=\"7993\" class=\"elementor elementor-7993\">\n\t\t\t\t\t\t<section class=\"elementor-section elementor-top-section elementor-element elementor-element-75b782e2 elementor-section-full_width elementor-section-height-min-height elementor-section-height-default elementor-section-items-middle\" data-id=\"75b782e2\" data-element_type=\"section\" data-e-type=\"section\" data-settings=\"{&quot;background_background&quot;:&quot;classic&quot;}\">\n\t\t\t\t\t\t<div class=\"elementor-container elementor-column-gap-default\">\n\t\t\t\t\t<div class=\"elementor-column elementor-col-100 elementor-top-column elementor-element elementor-element-6b6f910e\" data-id=\"6b6f910e\" data-element_type=\"column\" data-e-type=\"column\">\n\t\t\t<div class=\"elementor-widget-wrap\">\n\t\t\t\t\t\t\t<\/div>\n\t\t<\/div>\n\t\t\t\t\t<\/div>\n\t\t<\/section>\n\t\t\t\t<section class=\"elementor-section elementor-top-section elementor-element elementor-element-1cc37b71 elementor-section-boxed elementor-section-height-default elementor-section-height-default\" data-id=\"1cc37b71\" data-element_type=\"section\" data-e-type=\"section\">\n\t\t\t\t\t\t<div class=\"elementor-container elementor-column-gap-default\">\n\t\t\t\t\t<div class=\"elementor-column elementor-col-100 elementor-top-column elementor-element elementor-element-e139ebe\" data-id=\"e139ebe\" data-element_type=\"column\" data-e-type=\"column\">\n\t\t\t<div class=\"elementor-widget-wrap elementor-element-populated\">\n\t\t\t\t\t\t<div class=\"elementor-element elementor-element-5e644281 elementor-widget elementor-widget-heading\" data-id=\"5e644281\" data-element_type=\"widget\" data-e-type=\"widget\" data-widget_type=\"heading.default\">\n\t\t\t\t<div class=\"elementor-widget-container\">\n\t\t\t\t\t<h2 class=\"elementor-heading-title elementor-size-default\">1- \u00bfHACE FALTA VISADO PARA VIAJAR A KENIA EN 2025?<\/h2>\t\t\t\t<\/div>\n\t\t\t\t<\/div>\n\t\t\t\t<div class=\"elementor-element elementor-element-5bd5134c elementor-widget elementor-widget-text-editor\" data-id=\"5bd5134c\" data-element_type=\"widget\" data-e-type=\"widget\" data-widget_type=\"text-editor.default\">\n\t\t\t\t<div class=\"elementor-widget-container\">\n\t\t\t\t\t\t\t\t\t<p><span style=\"color: #ff9900;\"><strong>Desde enero 2024 no hace falta visado<\/strong><\/span> para entrar en Kenia, sin embargo, si se debe obtener una<a href=\"https:\/\/www.etakenya.go.ke\/es\" target=\"_blank\" rel=\"noopener\"> ETA (Electronic Travel Authorization)<\/a>. Para tramitar dicha autorizaci\u00f3n deber\u00e1s aportar los siguientes documentos:<\/p><ul><li><b><span style=\"color: #ff9900;\">Pasaporte en vigor<\/span>,<\/b> con una validez m\u00ednima de 6 meses.<\/li><li><span style=\"color: #ff9900;\"><b style=\"font-style: inherit;\">Foto<\/b><\/span><span style=\"font-style: inherit;\"> de carnet <\/span><span style=\"font-style: inherit;\">digital<\/span><span style=\"font-style: inherit;\">.<\/span><\/li><li><span style=\"color: #ff9900;\"><b>Itinerario<\/b><\/span>, datos de <b>contacto<\/b> y <b>alojamientos<\/b>.\u00a0<\/li><li><b>Pagar \u00a0<span style=\"color: #ff0000;\">30\u20ac<\/span>.\u00a0<\/b><b style=\"font-style: inherit;\">\u00a0<\/b><\/li><\/ul><p>*En caso de hacer un <b>viaje combinado<\/b> con <b>Tanzania<\/b>, ten en cuenta que una vez salgas de <b>Kenia<\/b> <b>la ETA expirar\u00e1<\/b>, por lo que si tienes pensado volver a <b>Tanzania<\/b> tendr\u00e1s que<b> tramitar una nueva ETA<\/b>.\u00a0<\/p>\t\t\t\t\t\t\t\t<\/div>\n\t\t\t\t<\/div>\n\t\t\t\t\t<\/div>\n\t\t<\/div>\n\t\t\t\t\t<\/div>\n\t\t<\/section>\n\t\t\t\t<section class=\"elementor-section elementor-top-section elementor-element elementor-element-6d830ea9 elementor-section-boxed elementor-section-height-default elementor-section-height-default\" data-id=\"6d830ea9\" data-element_type=\"section\" data-e-type=\"section\">\n\t\t\t\t\t\t<div class=\"elementor-container elementor-column-gap-default\">\n\t\t\t\t\t<div class=\"elementor-column elementor-col-100 elementor-top-column elementor-element elementor-element-257d48fa\" data-id=\"257d48fa\" data-element_type=\"column\" data-e-type=\"column\">\n\t\t\t<div class=\"elementor-widget-wrap elementor-element-populated\">\n\t\t\t\t\t\t<div class=\"elementor-element elementor-element-3bb58b19 elementor-widget elementor-widget-heading\" data-id=\"3bb58b19\" data-element_type=\"widget\" data-e-type=\"widget\" data-widget_type=\"heading.default\">\n\t\t\t\t<div class=\"elementor-widget-container\">\n\t\t\t\t\t<h2 class=\"elementor-heading-title elementor-size-default\">2- \u00bfQUE DOCUMENTOS OBLIGATORIOS NECESITO?<\/h2>\t\t\t\t<\/div>\n\t\t\t\t<\/div>\n\t\t\t\t\t<\/div>\n\t\t<\/div>\n\t\t\t\t\t<\/div>\n\t\t<\/section>\n\t\t\t\t<section class=\"elementor-section elementor-top-section elementor-element elementor-element-6553a720 elementor-section-boxed elementor-section-height-default elementor-section-height-default\" data-id=\"6553a720\" data-element_type=\"section\" data-e-type=\"section\">\n\t\t\t\t\t\t<div class=\"elementor-container elementor-column-gap-default\">\n\t\t\t\t\t<div class=\"elementor-column elementor-col-100 elementor-top-column elementor-element elementor-element-492b7574\" data-id=\"492b7574\" data-element_type=\"column\" data-e-type=\"column\">\n\t\t\t<div class=\"elementor-widget-wrap elementor-element-populated\">\n\t\t\t\t\t\t<div class=\"elementor-element elementor-element-6c040e24 elementor-widget elementor-widget-text-editor\" data-id=\"6c040e24\" data-element_type=\"widget\" data-e-type=\"widget\" data-widget_type=\"text-editor.default\">\n\t\t\t\t<div class=\"elementor-widget-container\">\n\t\t\t\t\t\t\t\t\t<p>Actualmente en <span style=\"color: #ff9900;\"><b>2025<\/b><\/span>, son obligatorios:<\/p><ul><li><span style=\"color: #ff9900;\"><b>Pasaporte<\/b><\/span> en vigor, con una <b>validez m\u00ednima de 6 meses<\/b>.<\/li><li><b><span style=\"color: #ff9900;\">ETA<\/span>.<\/b><\/li><li><span style=\"color: #ff9900;\"><b>Vacuna fiebre amarilla<\/b><\/span>, en caso de venir de un pa\u00eds end\u00e9mico o tras hacer una escala superior a 12 horas en uno de ellos.\u00a0<\/li><li><span style=\"color: #ff9900;\"><b>Permiso de circulaci\u00f3n internacional<\/b><\/span>, en caso de que vayas a conducir.<\/li><\/ul>\t\t\t\t\t\t\t\t<\/div>\n\t\t\t\t<\/div>\n\t\t\t\t\t<\/div>\n\t\t<\/div>\n\t\t\t\t\t<\/div>\n\t\t<\/section>\n\t\t\t\t<section class=\"elementor-section elementor-top-section elementor-element elementor-element-44b0661b elementor-section-boxed elementor-section-height-default elementor-section-height-default\" data-id=\"44b0661b\" data-element_type=\"section\" data-e-type=\"section\">\n\t\t\t\t\t\t<div class=\"elementor-container elementor-column-gap-default\">\n\t\t\t\t\t<div class=\"elementor-column elementor-col-100 elementor-top-column elementor-element elementor-element-1844a0e1\" data-id=\"1844a0e1\" data-element_type=\"column\" data-e-type=\"column\">\n\t\t\t<div class=\"elementor-widget-wrap elementor-element-populated\">\n\t\t\t\t\t\t<div class=\"elementor-element elementor-element-9893615 elementor-widget elementor-widget-heading\" data-id=\"9893615\" data-element_type=\"widget\" data-e-type=\"widget\" data-widget_type=\"heading.default\">\n\t\t\t\t<div class=\"elementor-widget-container\">\n\t\t\t\t\t<h2 class=\"elementor-heading-title elementor-size-default\">3- \u00bfHACE FALTA VACUNARSE?<\/h2>\t\t\t\t<\/div>\n\t\t\t\t<\/div>\n\t\t\t\t\t<\/div>\n\t\t<\/div>\n\t\t\t\t\t<\/div>\n\t\t<\/section>\n\t\t\t\t<section class=\"elementor-section elementor-top-section elementor-element elementor-element-47e9d1d elementor-section-boxed elementor-section-height-default elementor-section-height-default\" data-id=\"47e9d1d\" data-element_type=\"section\" data-e-type=\"section\">\n\t\t\t\t\t\t<div class=\"elementor-container elementor-column-gap-default\">\n\t\t\t\t\t<div class=\"elementor-column elementor-col-100 elementor-top-column elementor-element elementor-element-1c5ab4ef\" data-id=\"1c5ab4ef\" data-element_type=\"column\" data-e-type=\"column\">\n\t\t\t<div class=\"elementor-widget-wrap elementor-element-populated\">\n\t\t\t\t\t\t<div class=\"elementor-element elementor-element-6ad040db elementor-widget__width-initial elementor-widget elementor-widget-text-editor\" data-id=\"6ad040db\" data-element_type=\"widget\" data-e-type=\"widget\" data-widget_type=\"text-editor.default\">\n\t\t\t\t<div class=\"elementor-widget-container\">\n\t\t\t\t\t\t\t\t\t<p><span style=\"font-style: inherit;\">La \u00fanica vacuna <span style=\"color: #ff9900;\"><b>obligatoria<\/b><\/span> es la<b><span style=\"color: #ff9900;\"> fiebre amarilla en los casos mencionados antes<\/span>, <\/b>sin embargo, se aconseja la vacuna de la hepatitis A-B, del t\u00e9tanos y de la fiebre tifoidea. Independientemente,<b>\u00a0<\/b>antes de iniciar el viaje se recomienda consultar a su centro de vacunaci\u00f3n internacional, as\u00ed como leer las recomendaciones sanitarias por pa\u00edses del\u00a0<\/span><a style=\"font-style: inherit;\" href=\"https:\/\/www.sanidad.gob.es\/areas\/sanidadExterior\/laSaludTambienViaja\/consejosSanitarios\/home.htm\" target=\"_blank\" rel=\"noopener\">Ministerio de Sanidad<\/a><span style=\"font-style: inherit;\">.\u00a0<\/span><span style=\"font-style: inherit;\">Ya no se exige ninguna prueba <b>Covid-19<\/b> antes de embarcar para volar a <b>Kenia<\/b>, ni a la llegada a las fronteras internacionales del pa\u00eds.<\/span><\/p><p><span style=\"font-style: inherit;\">\u00a0<\/span><\/p><p><span style=\"font-style: inherit;\"><u><b>*MALARIA<\/b><\/u>: es importante tener en cuenta que la malaria esta presente en todo <b>Kenia<\/b>, por lo que se recomienda tomar la medicaci\u00f3n de <\/span>profilaxis Malarone o Malawey (ambas con receta m\u00e9dica). Como medidas preventivas, se aconseja tener: un buen repelente (especialmente al amanecer\/atardecer), ropa de color claro y manga larga y dormir siempre con mosquitera.<\/p>\t\t\t\t\t\t\t\t<\/div>\n\t\t\t\t<\/div>\n\t\t\t\t\t<\/div>\n\t\t<\/div>\n\t\t\t\t\t<\/div>\n\t\t<\/section>\n\t\t\t\t<section class=\"elementor-section elementor-top-section elementor-element elementor-element-12f98e45 elementor-section-boxed elementor-section-height-default elementor-section-height-default\" data-id=\"12f98e45\" data-element_type=\"section\" data-e-type=\"section\">\n\t\t\t\t\t\t<div class=\"elementor-container elementor-column-gap-default\">\n\t\t\t\t\t<div class=\"elementor-column elementor-col-100 elementor-top-column elementor-element elementor-element-30cb9b78\" data-id=\"30cb9b78\" data-element_type=\"column\" data-e-type=\"column\">\n\t\t\t<div class=\"elementor-widget-wrap elementor-element-populated\">\n\t\t\t\t\t\t<div class=\"elementor-element elementor-element-4c346e2 elementor-widget elementor-widget-heading\" data-id=\"4c346e2\" data-element_type=\"widget\" data-e-type=\"widget\" data-widget_type=\"heading.default\">\n\t\t\t\t<div class=\"elementor-widget-container\">\n\t\t\t\t\t<h2 class=\"elementor-heading-title elementor-size-default\">4- \u00bfES UN PA\u00cdS SEGURO?<\/h2>\t\t\t\t<\/div>\n\t\t\t\t<\/div>\n\t\t\t\t\t<\/div>\n\t\t<\/div>\n\t\t\t\t\t<\/div>\n\t\t<\/section>\n\t\t\t\t<section class=\"elementor-section elementor-top-section elementor-element elementor-element-4c84505a elementor-section-boxed elementor-section-height-default elementor-section-height-default\" data-id=\"4c84505a\" data-element_type=\"section\" data-e-type=\"section\">\n\t\t\t\t\t\t<div class=\"elementor-container elementor-column-gap-default\">\n\t\t\t\t\t<div class=\"elementor-column elementor-col-100 elementor-top-column elementor-element elementor-element-61714705\" data-id=\"61714705\" data-element_type=\"column\" data-e-type=\"column\">\n\t\t\t<div class=\"elementor-widget-wrap elementor-element-populated\">\n\t\t\t\t\t\t<div class=\"elementor-element elementor-element-b2aaa49 elementor-widget elementor-widget-text-editor\" data-id=\"b2aaa49\" data-element_type=\"widget\" data-e-type=\"widget\" data-widget_type=\"text-editor.default\">\n\t\t\t\t<div class=\"elementor-widget-container\">\n\t\t\t\t\t\t\t\t\t<p>La respuesta es <span style=\"color: #ff9900;\"><b>S\u00cd<\/b><\/span>, viajar a <b>Kenia<\/b> es seguro, especialmente si vas a dedicar tu viaje a recorrer sus Parques Nacionales. Durante todo nuestro viaje por libre y sin agencia no hemos tenido ning\u00fan problema, ni con la poblaci\u00f3n local, ni con las autoridades.\u00a0<span style=\"font-style: inherit;\">Sin embargo, te recomendar\u00eda precauci\u00f3n ante las siguientes situaciones:<\/span><\/p><ul><li>Conducir de noche.<\/li><li>Pasear solo\/a en las ciudades principales como <b>Nairobi<\/b> por la noche, ya que son frecuentes robos y hurtos.<\/li><\/ul>\t\t\t\t\t\t\t\t<\/div>\n\t\t\t\t<\/div>\n\t\t\t\t\t<\/div>\n\t\t<\/div>\n\t\t\t\t\t<\/div>\n\t\t<\/section>\n\t\t\t\t<section class=\"elementor-section elementor-top-section elementor-element elementor-element-34dbfe30 elementor-section-boxed elementor-section-height-default elementor-section-height-default\" data-id=\"34dbfe30\" data-element_type=\"section\" data-e-type=\"section\">\n\t\t\t\t\t\t<div class=\"elementor-container elementor-column-gap-default\">\n\t\t\t\t\t<div class=\"elementor-column elementor-col-100 elementor-top-column elementor-element elementor-element-18b35fbf\" data-id=\"18b35fbf\" data-element_type=\"column\" data-e-type=\"column\">\n\t\t\t<div class=\"elementor-widget-wrap elementor-element-populated\">\n\t\t\t\t\t\t<div class=\"elementor-element elementor-element-60ccd802 elementor-widget elementor-widget-heading\" data-id=\"60ccd802\" data-element_type=\"widget\" data-e-type=\"widget\" data-widget_type=\"heading.default\">\n\t\t\t\t<div class=\"elementor-widget-container\">\n\t\t\t\t\t<h2 class=\"elementor-heading-title elementor-size-default\">5- \u00bfCU\u00c1L ES LA MEJOR \u00c9POCA PARA VIAJAR A KENIA? <\/h2>\t\t\t\t<\/div>\n\t\t\t\t<\/div>\n\t\t\t\t\t<\/div>\n\t\t<\/div>\n\t\t\t\t\t<\/div>\n\t\t<\/section>\n\t\t\t\t<section class=\"elementor-section elementor-top-section elementor-element elementor-element-287561bd elementor-section-boxed elementor-section-height-default elementor-section-height-default\" data-id=\"287561bd\" data-element_type=\"section\" data-e-type=\"section\">\n\t\t\t\t\t\t<div class=\"elementor-container elementor-column-gap-default\">\n\t\t\t\t\t<div class=\"elementor-column elementor-col-100 elementor-top-column elementor-element elementor-element-51abd0f9\" data-id=\"51abd0f9\" data-element_type=\"column\" data-e-type=\"column\">\n\t\t\t<div class=\"elementor-widget-wrap elementor-element-populated\">\n\t\t\t\t\t\t<div class=\"elementor-element elementor-element-71684007 elementor-widget elementor-widget-text-editor\" data-id=\"71684007\" data-element_type=\"widget\" data-e-type=\"widget\" data-widget_type=\"text-editor.default\">\n\t\t\t\t<div class=\"elementor-widget-container\">\n\t\t\t\t\t\t\t\t\t<p><span style=\"color: #99cc00;\"><strong>&#8211;<\/strong> <b>Mejores meses (Estaci\u00f3n Seca)<\/b><\/span>:<u> Enero, Febrero, Junio, Julio, Agosto y Septiembre<\/u>. Durante estos meses el buen tiempo est\u00e1 asegurado, pr\u00e1cticamente no llueve y el avistamiento de fauna salvaje es m\u00e1s f\u00e1cil, ya que la vegetaci\u00f3n es menos densa y al haber m\u00e1s turismo, hay mas ojos para localizar animales. <b>Precios m\u00e1s altos y temperaturas m\u00ednimas de 10\u00ba<\/b><b style=\"font-style: inherit;\">C.<\/b><\/p><p><strong><span style=\"color: #ff0000;\">&#8211; Peores meses (Estaci\u00f3n de lluvias)<\/span>:<\/strong><u> Marzo, Abril, Mayo, Octubre, Noviembre y Diciembre.<\/u> Durante estos meses las lluvias son frecuentes, especialmente <b>de marzo a mayo (no se recomienda viajar entre estos meses)<\/b>. Precios muy bajos.\u00a0<\/p>\t\t\t\t\t\t\t\t<\/div>\n\t\t\t\t<\/div>\n\t\t\t\t\t<\/div>\n\t\t<\/div>\n\t\t\t\t\t<\/div>\n\t\t<\/section>\n\t\t\t\t<section class=\"elementor-section elementor-top-section elementor-element elementor-element-51916e53 elementor-section-boxed elementor-section-height-default elementor-section-height-default\" data-id=\"51916e53\" data-element_type=\"section\" data-e-type=\"section\">\n\t\t\t\t\t\t<div class=\"elementor-container elementor-column-gap-default\">\n\t\t\t\t\t<div class=\"elementor-column elementor-col-100 elementor-top-column elementor-element elementor-element-6769e9d9\" data-id=\"6769e9d9\" data-element_type=\"column\" data-e-type=\"column\">\n\t\t\t<div class=\"elementor-widget-wrap elementor-element-populated\">\n\t\t\t\t\t\t<div class=\"elementor-element elementor-element-16f6ee74 elementor-widget elementor-widget-heading\" data-id=\"16f6ee74\" data-element_type=\"widget\" data-e-type=\"widget\" data-widget_type=\"heading.default\">\n\t\t\t\t<div class=\"elementor-widget-container\">\n\t\t\t\t\t<h2 class=\"elementor-heading-title elementor-size-default\">6- \u00bfCOMO MOVERSE?<\/h2>\t\t\t\t<\/div>\n\t\t\t\t<\/div>\n\t\t\t\t\t<\/div>\n\t\t<\/div>\n\t\t\t\t\t<\/div>\n\t\t<\/section>\n\t\t\t\t<section class=\"elementor-section elementor-top-section elementor-element elementor-element-5db2da2c elementor-section-boxed elementor-section-height-default elementor-section-height-default\" data-id=\"5db2da2c\" data-element_type=\"section\" data-e-type=\"section\">\n\t\t\t\t\t\t<div class=\"elementor-container elementor-column-gap-default\">\n\t\t\t\t\t<div class=\"elementor-column elementor-col-100 elementor-top-column elementor-element elementor-element-646ca7bf\" data-id=\"646ca7bf\" data-element_type=\"column\" data-e-type=\"column\">\n\t\t\t<div class=\"elementor-widget-wrap elementor-element-populated\">\n\t\t\t\t\t\t<div class=\"elementor-element elementor-element-6131ac6f elementor-widget__width-initial elementor-widget elementor-widget-text-editor\" data-id=\"6131ac6f\" data-element_type=\"widget\" data-e-type=\"widget\" data-widget_type=\"text-editor.default\">\n\t\t\t\t<div class=\"elementor-widget-container\">\n\t\t\t\t\t\t\t\t\t<p>Aunque es posible moverse en transporte p\u00fablico entre las ciudades principales, la mayor\u00eda de turistas enfocan el viaje para hacer safaris en sus Parques Nacionales, por lo que si tu objetivo es el avistamiento de fauna salvaje tienes 2 posibles alternativa:<\/p><p><br><\/p>\n<p><\/p>\n<p><u><b>1- Alquiler de veh\u00edculo 4&#215;4:<\/b><\/u>&nbsp;Recorrer <b>Kenia<\/b> por libre es totalmente factible. Actualmente <b>(2025)<\/b>, las carreteras que conectan los puntos de mayor inter\u00e9s del pa\u00eds est\u00e1n en buen estado. Sin embargo, dentro de los Parques Nacionales tendr\u00e1s que tener algo de conocimiento de conducci\u00f3n 4&#215;4. Empresas recomendadas:&nbsp;<a href=\"https:\/\/www.4x4selfdrivekenya.com\" target=\"_blank\" rel=\"noopener\">Selfdrive Kenia<\/a><a href=\"https:\/\/www.selfdriveuganda.com\" target=\"_blank\" rel=\"noopener\">&nbsp;<\/a>y&nbsp;<a href=\"https:\/\/www.roadtripafrica.com\" target=\"_blank\" rel=\"noopener\">Roadtrip Africa<\/a>&nbsp;(<b>nuestra<\/b> <b>elecci\u00f3n<\/b>, aparte de ayudarnos l\u00f3gicamente con el alquiler del veh\u00edculo, tambi\u00e9n nos ayudaron con el itinerario y con algunos permisos). Los precios de alquiler de 4&#215;4 por d\u00eda suelen rondan los <strong><span style=\"color: #ff0000;\">100\u20ac-125\u20ac.&nbsp;&nbsp;<\/span><\/strong><\/p>\n<p><span style=\"font-style: inherit;\">&nbsp;<\/span><\/p>\n<p><\/p>\n<p><u><b>2- Alquiler de veh\u00edculo con driver<\/b><\/u>: Opci\u00f3n recomendada si estas buscando un viaje algo m\u00e1s c\u00f3modo, ya que las distancias muchas veces son enormes y dentro de los Parque Nacionales no tendr\u00e1s que preocuparte por nada.&nbsp;<b>Recuerda que tanto si vas por libre, como si contratas un driver, podr\u00e1s hacer safaris con el mismo veh\u00edculo, no hace falta contratar nada mas.<\/b> Algunas empresas de alquiler de 4&#215;4 con driver recomendadas son:<b>&nbsp;<\/b><\/p>\n<p><a href=\"https:\/\/www.roadtripafrica.com\" target=\"_blank\" rel=\"noopener\">&#8211; Roadtrip Africa<\/a><\/p>\n<p><a href=\"https:\/\/www.explorerkenya.com\/safari-vehicle-hire-kenya\/\" target=\"_blank\" rel=\"noopener\">&#8211; Explorer&nbsp;<\/a><a style=\"font-size: 1rem;\" href=\"https:\/\/www.explorerkenya.com\/safari-vehicle-hire-kenya\/\" target=\"_blank\" rel=\"noopener\">Kenia<\/a><\/p>\n<p><a style=\"font-size: 1rem;\" href=\"https:\/\/www.safaribookings.com\/tours\/kenya?utm_source=87UK5SDZ8&amp;utm_medium=affiliate\" target=\"_blank\" rel=\"noopener\">&#8211; Safaribookings.com<\/a><b>: <\/b>No es una agencia como tal, sino un portal donde podr\u00e1s buscar ofertas entre numerosas agencias locales.&nbsp;<\/p>\t\t\t\t\t\t\t\t<\/div>\n\t\t\t\t<\/div>\n\t\t\t\t\t<\/div>\n\t\t<\/div>\n\t\t\t\t\t<\/div>\n\t\t<\/section>\n\t\t\t\t<\/div>\n\t\t","protected":false},"excerpt":{"rendered":"<p>1- \u00bfHACE FALTA VISADO PARA VIAJAR A KENIA EN 2025? Desde enero 2024 no hace falta visado para entrar en Kenia, sin embargo, si se debe obtener una ETA (Electronic Travel Authorization). Para tramitar dicha autorizaci\u00f3n deber\u00e1s aportar los siguientes documentos: Pasaporte en vigor, con una validez m\u00ednima de 6 meses. Foto de carnet digital. [&hellip;]<\/p>\n","protected":false},"author":1,"featured_media":0,"parent":0,"menu_order":0,"comment_status":"closed","ping_status":"closed","template":"","meta":{"_uag_custom_page_level_css":"","site-sidebar-layout":"no-sidebar","site-content-layout":"","ast-site-content-layout":"full-width-container","site-content-style":"default","site-sidebar-style":"default","ast-global-header-display":"","ast-banner-title-visibility":"","ast-main-header-display":"","ast-hfb-above-header-display":"","ast-hfb-below-header-display":"","ast-hfb-mobile-header-display":"","site-post-title":"disabled","ast-breadcrumbs-content":"","ast-featured-img":"disabled","footer-sml-layout":"","ast-disable-related-posts":"","theme-transparent-header-meta":"","adv-header-id-meta":"","stick-header-meta":"","header-above-stick-meta":"","header-main-stick-meta":"","header-below-stick-meta":"","astra-migrate-meta-layouts":"default","ast-page-background-enabled":"default","ast-page-background-meta":{"desktop":{"background-color":"var(--ast-global-color-4)","background-image":"","background-repeat":"repeat","background-position":"center center","background-size":"auto","background-attachment":"scroll","background-type":"","background-media":"","overlay-type":"","overlay-color":"","overlay-opacity":"","overlay-gradient":""},"tablet":{"background-color":"","background-image":"","background-repeat":"repeat","background-position":"center center","background-size":"auto","background-attachment":"scroll","background-type":"","background-media":"","overlay-type":"","overlay-color":"","overlay-opacity":"","overlay-gradient":""},"mobile":{"background-color":"","background-image":"","background-repeat":"repeat","background-position":"center center","background-size":"auto","background-attachment":"scroll","background-type":"","background-media":"","overlay-type":"","overlay-color":"","overlay-opacity":"","overlay-gradient":""}},"ast-content-background-meta":{"desktop":{"background-color":"var(--ast-global-color-5)","background-image":"","background-repeat":"repeat","background-position":"center center","background-size":"auto","background-attachment":"scroll","background-type":"","background-media":"","overlay-type":"","overlay-color":"","overlay-opacity":"","overlay-gradient":""},"tablet":{"background-color":"var(--ast-global-color-5)","background-image":"","background-repeat":"repeat","background-position":"center center","background-size":"auto","background-attachment":"scroll","background-type":"","background-media":"","overlay-type":"","overlay-color":"","overlay-opacity":"","overlay-gradient":""},"mobile":{"background-color":"var(--ast-global-color-5)","background-image":"","background-repeat":"repeat","background-position":"center center","background-size":"auto","background-attachment":"scroll","background-type":"","background-media":"","overlay-type":"","overlay-color":"","overlay-opacity":"","overlay-gradient":""}},"footnotes":""},"class_list":["post-7993","page","type-page","status-publish","hentry"],"uagb_featured_image_src":{"full":false,"thumbnail":false,"medium":false,"medium_large":false,"large":false,"1536x1536":false,"2048x2048":false,"bm-post-thumb":false,"bm-post-medium":false},"uagb_author_info":{"display_name":"admin","author_link":"https:\/\/www.ebanoviajes.com\/index.php\/author\/admin\/"},"uagb_comment_info":0,"uagb_excerpt":"1- \u00bfHACE FALTA VISADO PARA VIAJAR A KENIA EN 2025? Desde enero 2024 no hace falta visado para entrar en Kenia, sin embargo, si se debe obtener una ETA (Electronic Travel Authorization). Para tramitar dicha autorizaci\u00f3n deber\u00e1s aportar los siguientes documentos: Pasaporte en vigor, con una validez m\u00ednima de 6 meses. Foto de carnet digital.&hellip;","_links":{"self":[{"href":"https:\/\/www.ebanoviajes.com\/index.php\/wp-json\/wp\/v2\/pages\/7993","targetHints":{"allow":["GET"]}}],"collection":[{"href":"https:\/\/www.ebanoviajes.com\/index.php\/wp-json\/wp\/v2\/pages"}],"about":[{"href":"https:\/\/www.ebanoviajes.com\/index.php\/wp-json\/wp\/v2\/types\/page"}],"author":[{"embeddable":true,"href":"https:\/\/www.ebanoviajes.com\/index.php\/wp-json\/wp\/v2\/users\/1"}],"replies":[{"embeddable":true,"href":"https:\/\/www.ebanoviajes.com\/index.php\/wp-json\/wp\/v2\/comments?post=7993"}],"version-history":[{"count":22,"href":"https:\/\/www.ebanoviajes.com\/index.php\/wp-json\/wp\/v2\/pages\/7993\/revisions"}],"predecessor-version":[{"id":10067,"href":"https:\/\/www.ebanoviajes.com\/index.php\/wp-json\/wp\/v2\/pages\/7993\/revisions\/10067"}],"wp:attachment":[{"href":"https:\/\/www.ebanoviajes.com\/index.php\/wp-json\/wp\/v2\/media?parent=7993"}],"curies":[{"name":"wp","href":"https:\/\/api.w.org\/{rel}","templated":true}]}}