{"id":7889,"date":"2025-02-04T16:26:27","date_gmt":"2025-02-04T16:26:27","guid":{"rendered":"https:\/\/www.ebanoviajes.com\/?page_id=7889"},"modified":"2025-04-09T15:02:47","modified_gmt":"2025-04-09T15:02:47","slug":"informacion-para-viajar-a-botsuana-por-libre","status":"publish","type":"page","link":"https:\/\/www.ebanoviajes.com\/index.php\/informacion-para-viajar-a-botsuana-por-libre\/","title":{"rendered":"Informaci\u00f3n para viajar a Botsuana por libre"},"content":{"rendered":"\t\t<div data-elementor-type=\"wp-page\" data-elementor-id=\"7889\" class=\"elementor elementor-7889\">\n\t\t\t\t\t\t<section class=\"elementor-section elementor-top-section elementor-element elementor-element-6cb0eef elementor-section-full_width elementor-section-height-min-height elementor-section-height-default elementor-section-items-middle\" data-id=\"6cb0eef\" data-element_type=\"section\" data-e-type=\"section\" data-settings=\"{&quot;background_background&quot;:&quot;classic&quot;}\">\n\t\t\t\t\t\t<div class=\"elementor-container elementor-column-gap-default\">\n\t\t\t\t\t<div class=\"elementor-column elementor-col-100 elementor-top-column elementor-element elementor-element-1c60c466\" data-id=\"1c60c466\" data-element_type=\"column\" data-e-type=\"column\">\n\t\t\t<div class=\"elementor-widget-wrap\">\n\t\t\t\t\t\t\t<\/div>\n\t\t<\/div>\n\t\t\t\t\t<\/div>\n\t\t<\/section>\n\t\t\t\t<section class=\"elementor-section elementor-top-section elementor-element elementor-element-33793e87 elementor-section-boxed elementor-section-height-default elementor-section-height-default\" data-id=\"33793e87\" data-element_type=\"section\" data-e-type=\"section\">\n\t\t\t\t\t\t<div class=\"elementor-container elementor-column-gap-default\">\n\t\t\t\t\t<div class=\"elementor-column elementor-col-100 elementor-top-column elementor-element elementor-element-716de875\" data-id=\"716de875\" data-element_type=\"column\" data-e-type=\"column\">\n\t\t\t<div class=\"elementor-widget-wrap elementor-element-populated\">\n\t\t\t\t\t\t<div class=\"elementor-element elementor-element-2b18cc87 elementor-widget elementor-widget-heading\" data-id=\"2b18cc87\" data-element_type=\"widget\" data-e-type=\"widget\" data-widget_type=\"heading.default\">\n\t\t\t\t<div class=\"elementor-widget-container\">\n\t\t\t\t\t<h2 class=\"elementor-heading-title elementor-size-default\">1- \u00bfHACE FALTA VISADO PARA VIAJAR A BOTSUANA EN 2025?<\/h2>\t\t\t\t<\/div>\n\t\t\t\t<\/div>\n\t\t\t\t<div class=\"elementor-element elementor-element-66438a78 elementor-widget elementor-widget-text-editor\" data-id=\"66438a78\" data-element_type=\"widget\" data-e-type=\"widget\" data-widget_type=\"text-editor.default\">\n\t\t\t\t<div class=\"elementor-widget-container\">\n\t\t\t\t\t\t\t\t\t<p>Actualmente <span style=\"color: #ff9900;\"><b>no hace falta visado<\/b><\/span> para entrar a <b>Botsuana<\/b> a ciudadanos de la Union Europea para <span style=\"color: #ff9900;\"><b>estancias inferiores a 90 d\u00edas<\/b><\/span>.\u00a0<\/p>\t\t\t\t\t\t\t\t<\/div>\n\t\t\t\t<\/div>\n\t\t\t\t\t<\/div>\n\t\t<\/div>\n\t\t\t\t\t<\/div>\n\t\t<\/section>\n\t\t\t\t<section class=\"elementor-section elementor-top-section elementor-element elementor-element-44480d5 elementor-section-boxed elementor-section-height-default elementor-section-height-default\" data-id=\"44480d5\" data-element_type=\"section\" data-e-type=\"section\">\n\t\t\t\t\t\t<div class=\"elementor-container elementor-column-gap-default\">\n\t\t\t\t\t<div class=\"elementor-column elementor-col-100 elementor-top-column elementor-element elementor-element-f1f7704\" data-id=\"f1f7704\" data-element_type=\"column\" data-e-type=\"column\">\n\t\t\t<div class=\"elementor-widget-wrap elementor-element-populated\">\n\t\t\t\t\t\t<div class=\"elementor-element elementor-element-38d771 elementor-widget elementor-widget-heading\" data-id=\"38d771\" data-element_type=\"widget\" data-e-type=\"widget\" data-widget_type=\"heading.default\">\n\t\t\t\t<div class=\"elementor-widget-container\">\n\t\t\t\t\t<h2 class=\"elementor-heading-title elementor-size-default\">2- \u00bfQUE DOCUMENTOS OBLIGATORIOS NECESITO?<\/h2>\t\t\t\t<\/div>\n\t\t\t\t<\/div>\n\t\t\t\t\t<\/div>\n\t\t<\/div>\n\t\t\t\t\t<\/div>\n\t\t<\/section>\n\t\t\t\t<section class=\"elementor-section elementor-top-section elementor-element elementor-element-1c35bb61 elementor-section-boxed elementor-section-height-default elementor-section-height-default\" data-id=\"1c35bb61\" data-element_type=\"section\" data-e-type=\"section\">\n\t\t\t\t\t\t<div class=\"elementor-container elementor-column-gap-default\">\n\t\t\t\t\t<div class=\"elementor-column elementor-col-100 elementor-top-column elementor-element elementor-element-6f4c8826\" data-id=\"6f4c8826\" data-element_type=\"column\" data-e-type=\"column\">\n\t\t\t<div class=\"elementor-widget-wrap elementor-element-populated\">\n\t\t\t\t\t\t<div class=\"elementor-element elementor-element-6323cf7c elementor-widget__width-initial elementor-widget elementor-widget-text-editor\" data-id=\"6323cf7c\" data-element_type=\"widget\" data-e-type=\"widget\" data-widget_type=\"text-editor.default\">\n\t\t\t\t<div class=\"elementor-widget-container\">\n\t\t\t\t\t\t\t\t\t<p>Actualmente en <span style=\"color: #ff9900;\"><b>2025<\/b><\/span>, son obligatorios:<\/p><ul><li><span style=\"color: #ff9900;\"><b>Pasaporte<\/b><\/span> en vigor, con una <span style=\"color: #ff9900;\"><b>validez m\u00ednima de 6 meses<\/b><\/span>.<\/li><li><b><span style=\"color: #ff9900;\">Vacuna fiebre<\/span> <span style=\"color: #ff9900;\">amarilla <\/span><\/b>en caso de venir de un pa\u00eds end\u00e9mico o escala superior a 12 horas en uno de ellos.\u00a0<\/li><li><span style=\"color: #ff9900;\"><b>Permiso de circulaci\u00f3n internacional<\/b><\/span>\u00a0en caso de que vayas a conducir.<\/li><\/ul>\t\t\t\t\t\t\t\t<\/div>\n\t\t\t\t<\/div>\n\t\t\t\t\t<\/div>\n\t\t<\/div>\n\t\t\t\t\t<\/div>\n\t\t<\/section>\n\t\t\t\t<section class=\"elementor-section elementor-top-section elementor-element elementor-element-252b9073 elementor-section-boxed elementor-section-height-default elementor-section-height-default\" data-id=\"252b9073\" data-element_type=\"section\" data-e-type=\"section\">\n\t\t\t\t\t\t<div class=\"elementor-container elementor-column-gap-default\">\n\t\t\t\t\t<div class=\"elementor-column elementor-col-100 elementor-top-column elementor-element elementor-element-5d307398\" data-id=\"5d307398\" data-element_type=\"column\" data-e-type=\"column\">\n\t\t\t<div class=\"elementor-widget-wrap elementor-element-populated\">\n\t\t\t\t\t\t<div class=\"elementor-element elementor-element-2028c9aa elementor-widget elementor-widget-heading\" data-id=\"2028c9aa\" data-element_type=\"widget\" data-e-type=\"widget\" data-widget_type=\"heading.default\">\n\t\t\t\t<div class=\"elementor-widget-container\">\n\t\t\t\t\t<h2 class=\"elementor-heading-title elementor-size-default\">3- \u00bfHACE FALTA VACUNARSE?<\/h2>\t\t\t\t<\/div>\n\t\t\t\t<\/div>\n\t\t\t\t\t<\/div>\n\t\t<\/div>\n\t\t\t\t\t<\/div>\n\t\t<\/section>\n\t\t\t\t<section class=\"elementor-section elementor-top-section elementor-element elementor-element-63eee08 elementor-section-boxed elementor-section-height-default elementor-section-height-default\" data-id=\"63eee08\" data-element_type=\"section\" data-e-type=\"section\">\n\t\t\t\t\t\t<div class=\"elementor-container elementor-column-gap-default\">\n\t\t\t\t\t<div class=\"elementor-column elementor-col-100 elementor-top-column elementor-element elementor-element-42ade4f4\" data-id=\"42ade4f4\" data-element_type=\"column\" data-e-type=\"column\">\n\t\t\t<div class=\"elementor-widget-wrap elementor-element-populated\">\n\t\t\t\t\t\t<div class=\"elementor-element elementor-element-61eda054 elementor-widget__width-initial elementor-widget elementor-widget-text-editor\" data-id=\"61eda054\" data-element_type=\"widget\" data-e-type=\"widget\" data-widget_type=\"text-editor.default\">\n\t\t\t\t<div class=\"elementor-widget-container\">\n\t\t\t\t\t\t\t\t\t<p><span style=\"font-style: inherit;\">La \u00fanica vacuna <\/span><span style=\"color: #ff9900;\"><b style=\"font-style: inherit;\">obligatoria<\/b><\/span><span style=\"font-style: inherit;\"> es la <\/span><span style=\"font-style: inherit;\"><b><span style=\"color: #ff9900;\">fiebre amarilla<\/span> <\/b>en los casos <\/span>mencionados en el apartado\u00a0anterior<span style=\"font-weight: bold; font-style: inherit;\">, <\/span><span style=\"font-style: inherit;\">sin embargo, se aconseja la vacuna de la hepatitis A-B, del t\u00e9tanos y difteria. Independientemente,<\/span><b style=\"font-style: inherit;\">\u00a0<\/b><span style=\"font-style: inherit;\">antes de iniciar el viaje se recomienda consultar a su centro de vacunaci\u00f3n internacional, as\u00ed como leer las recomendaciones sanitarias por pa\u00edses del\u00a0<\/span><a style=\"font-style: inherit;\" href=\"https:\/\/www.sanidad.gob.es\/areas\/sanidadExterior\/laSaludTambienViaja\/consejosSanitarios\/home.htm\" target=\"_blank\" rel=\"noopener\">Ministerio de Sanidad<\/a><span style=\"font-style: inherit;\">.\u00a0<\/span><span style=\"font-style: inherit;\">Ya no se exige ninguna prueba <b>Covid-19<\/b> antes de embarcar para volar a <b>Botsuana<\/b>, ni a la llegada a las fronteras internacionales del pa\u00eds.<\/span><\/p><p><span style=\"font-style: inherit;\">\u00a0<\/span><\/p><p><span style=\"font-style: inherit;\"><u><b>*MALARIA<\/b><\/u>: es importante tener en cuenta que la malaria esta presente en todo <b>Botsuana,<\/b> especialmente en el norte del pa\u00eds, por lo que se recomienda tomar la medicaci\u00f3n de <\/span>profilaxis Malarone o Malawey (ambas con receta m\u00e9dica). Como medidas preventivas, se aconseja tener: un buen repelente (especialmente al amanecer\/atardecer), ropa de color claro y manga larga y dormir siempre con mosquitera.<\/p>\t\t\t\t\t\t\t\t<\/div>\n\t\t\t\t<\/div>\n\t\t\t\t\t<\/div>\n\t\t<\/div>\n\t\t\t\t\t<\/div>\n\t\t<\/section>\n\t\t\t\t<section class=\"elementor-section elementor-top-section elementor-element elementor-element-865d078 elementor-section-boxed elementor-section-height-default elementor-section-height-default\" data-id=\"865d078\" data-element_type=\"section\" data-e-type=\"section\">\n\t\t\t\t\t\t<div class=\"elementor-container elementor-column-gap-default\">\n\t\t\t\t\t<div class=\"elementor-column elementor-col-100 elementor-top-column elementor-element elementor-element-54a97db6\" data-id=\"54a97db6\" data-element_type=\"column\" data-e-type=\"column\">\n\t\t\t<div class=\"elementor-widget-wrap elementor-element-populated\">\n\t\t\t\t\t\t<div class=\"elementor-element elementor-element-1d8bc6c2 elementor-widget elementor-widget-heading\" data-id=\"1d8bc6c2\" data-element_type=\"widget\" data-e-type=\"widget\" data-widget_type=\"heading.default\">\n\t\t\t\t<div class=\"elementor-widget-container\">\n\t\t\t\t\t<h2 class=\"elementor-heading-title elementor-size-default\">4- \u00bfES UN PA\u00cdS SEGURO?<\/h2>\t\t\t\t<\/div>\n\t\t\t\t<\/div>\n\t\t\t\t\t<\/div>\n\t\t<\/div>\n\t\t\t\t\t<\/div>\n\t\t<\/section>\n\t\t\t\t<section class=\"elementor-section elementor-top-section elementor-element elementor-element-5afc51cc elementor-section-boxed elementor-section-height-default elementor-section-height-default\" data-id=\"5afc51cc\" data-element_type=\"section\" data-e-type=\"section\">\n\t\t\t\t\t\t<div class=\"elementor-container elementor-column-gap-default\">\n\t\t\t\t\t<div class=\"elementor-column elementor-col-100 elementor-top-column elementor-element elementor-element-74bce6c\" data-id=\"74bce6c\" data-element_type=\"column\" data-e-type=\"column\">\n\t\t\t<div class=\"elementor-widget-wrap elementor-element-populated\">\n\t\t\t\t\t\t<div class=\"elementor-element elementor-element-1715e35c elementor-widget elementor-widget-text-editor\" data-id=\"1715e35c\" data-element_type=\"widget\" data-e-type=\"widget\" data-widget_type=\"text-editor.default\">\n\t\t\t\t<div class=\"elementor-widget-container\">\n\t\t\t\t\t\t\t\t\t<p>La respuesta es <span style=\"color: #ff9900;\"><b>S\u00cd<\/b><\/span>, viajar a <b>Botsuana<\/b> en seguro, siempre que viajes con cabeza y sentido com\u00fan. Durante todo nuestro viaje por libre y sin agencia no hemos tenido ning\u00fan problema, ni con la poblaci\u00f3n local, ni con las autoridades.&nbsp;<span style=\"font-style: inherit;\">Sin embargo, te recomendar\u00eda precauci\u00f3n ante las siguientes situaciones:<\/span><\/p>\n<ul>\n<li>Conducir de noche.<\/li>\n<li>Pasear solo\/a en las ciudades principales, <b>Maun<\/b> y <b>Gaborone<\/b>, por la noche, ya que son frecuentes robos y hurtos.<span style=\"font-style: inherit;\">&nbsp;<\/span><\/li>\n<\/ul>\t\t\t\t\t\t\t\t<\/div>\n\t\t\t\t<\/div>\n\t\t\t\t\t<\/div>\n\t\t<\/div>\n\t\t\t\t\t<\/div>\n\t\t<\/section>\n\t\t\t\t<section class=\"elementor-section elementor-top-section elementor-element elementor-element-50eac4e4 elementor-section-boxed elementor-section-height-default elementor-section-height-default\" data-id=\"50eac4e4\" data-element_type=\"section\" data-e-type=\"section\">\n\t\t\t\t\t\t<div class=\"elementor-container elementor-column-gap-default\">\n\t\t\t\t\t<div class=\"elementor-column elementor-col-100 elementor-top-column elementor-element elementor-element-27a51b5c\" data-id=\"27a51b5c\" data-element_type=\"column\" data-e-type=\"column\">\n\t\t\t<div class=\"elementor-widget-wrap elementor-element-populated\">\n\t\t\t\t\t\t<div class=\"elementor-element elementor-element-56db949f elementor-widget elementor-widget-heading\" data-id=\"56db949f\" data-element_type=\"widget\" data-e-type=\"widget\" data-widget_type=\"heading.default\">\n\t\t\t\t<div class=\"elementor-widget-container\">\n\t\t\t\t\t<h2 class=\"elementor-heading-title elementor-size-default\">5- \u00bfCU\u00c1L ES LA MEJOR \u00c9POCA PARA VIAJAR A UGANDA? <\/h2>\t\t\t\t<\/div>\n\t\t\t\t<\/div>\n\t\t\t\t\t<\/div>\n\t\t<\/div>\n\t\t\t\t\t<\/div>\n\t\t<\/section>\n\t\t\t\t<section class=\"elementor-section elementor-top-section elementor-element elementor-element-9a7ae7e elementor-section-boxed elementor-section-height-default elementor-section-height-default\" data-id=\"9a7ae7e\" data-element_type=\"section\" data-e-type=\"section\">\n\t\t\t\t\t\t<div class=\"elementor-container elementor-column-gap-default\">\n\t\t\t\t\t<div class=\"elementor-column elementor-col-100 elementor-top-column elementor-element elementor-element-c0efa6d\" data-id=\"c0efa6d\" data-element_type=\"column\" data-e-type=\"column\">\n\t\t\t<div class=\"elementor-widget-wrap elementor-element-populated\">\n\t\t\t\t\t\t<div class=\"elementor-element elementor-element-558897f elementor-widget elementor-widget-text-editor\" data-id=\"558897f\" data-element_type=\"widget\" data-e-type=\"widget\" data-widget_type=\"text-editor.default\">\n\t\t\t\t<div class=\"elementor-widget-container\">\n\t\t\t\t\t\t\t\t\t<p><span style=\"color: #99cc00;\"><strong>&#8211;<\/strong> <b>Mejores meses (Temporada alta)<\/b><\/span>: <u>Mayo &#8211; Noviembre<\/u>. Estos meses corresponden con la\u00a0<b>\u00e9poca sin lluvias<\/b>, por lo que el buen tiempo esta\u00a0asegurado. Adem\u00e1s la vegetaci\u00f3n es menos densa y favorece el avistamiento de fauna salvaje en los safaris. Precios altos, sin embargo, Botsuana no es un pa\u00eds con un turismo masivo, por lo que encontrar\u00e1s los parques nacionales con poca densidad de gente. Los <b>mejores meses para visitar el Delta del Okavango es de junio-octubre<\/b> (m\u00e1ximo nivel de agua).\u00a0<\/p><p><strong><span style=\"color: #ff0000;\">&#8211; Peores meses (Temporada baja)<\/span>:<\/strong>\u00a0<u>Diciembre &#8211; Abril<\/u>. Estos meses corresponden con la <b>\u00e9poca de lluvias<\/b>. Las tormentas son frecuentes, por lo que los caminos pueden estar en mal estado, el avistamiento de fauna es complicado debido a la frondosa vegetaci\u00f3n y muchos lodges cierran. Precios muy bajos.\u00a0<\/p><p>Independientemente del mes en el que se viaje, es recomendable mirar la previsi\u00f3n del tiempo de las diferentes zonas de tu itinerario, ya que la temperatura y el clima es muy diferente de una regi\u00f3n a otra.\u00a0<\/p>\t\t\t\t\t\t\t\t<\/div>\n\t\t\t\t<\/div>\n\t\t\t\t\t<\/div>\n\t\t<\/div>\n\t\t\t\t\t<\/div>\n\t\t<\/section>\n\t\t\t\t<section class=\"elementor-section elementor-top-section elementor-element elementor-element-1d8f3a5c elementor-section-boxed elementor-section-height-default elementor-section-height-default\" data-id=\"1d8f3a5c\" data-element_type=\"section\" data-e-type=\"section\">\n\t\t\t\t\t\t<div class=\"elementor-container elementor-column-gap-default\">\n\t\t\t\t\t<div class=\"elementor-column elementor-col-100 elementor-top-column elementor-element elementor-element-75d0c92a\" data-id=\"75d0c92a\" data-element_type=\"column\" data-e-type=\"column\">\n\t\t\t<div class=\"elementor-widget-wrap elementor-element-populated\">\n\t\t\t\t\t\t<div class=\"elementor-element elementor-element-11aaa9fc elementor-widget elementor-widget-heading\" data-id=\"11aaa9fc\" data-element_type=\"widget\" data-e-type=\"widget\" data-widget_type=\"heading.default\">\n\t\t\t\t<div class=\"elementor-widget-container\">\n\t\t\t\t\t<h2 class=\"elementor-heading-title elementor-size-default\">6- \u00bfCOMO MOVERSE?<\/h2>\t\t\t\t<\/div>\n\t\t\t\t<\/div>\n\t\t\t\t\t<\/div>\n\t\t<\/div>\n\t\t\t\t\t<\/div>\n\t\t<\/section>\n\t\t\t\t<section class=\"elementor-section elementor-top-section elementor-element elementor-element-6a35a680 elementor-section-boxed elementor-section-height-default elementor-section-height-default\" data-id=\"6a35a680\" data-element_type=\"section\" data-e-type=\"section\">\n\t\t\t\t\t\t<div class=\"elementor-container elementor-column-gap-default\">\n\t\t\t\t\t<div class=\"elementor-column elementor-col-100 elementor-top-column elementor-element elementor-element-63f6b3f9\" data-id=\"63f6b3f9\" data-element_type=\"column\" data-e-type=\"column\">\n\t\t\t<div class=\"elementor-widget-wrap elementor-element-populated\">\n\t\t\t\t\t\t<div class=\"elementor-element elementor-element-36b59fd5 elementor-widget elementor-widget-text-editor\" data-id=\"36b59fd5\" data-element_type=\"widget\" data-e-type=\"widget\" data-widget_type=\"text-editor.default\">\n\t\t\t\t<div class=\"elementor-widget-container\">\n\t\t\t\t\t\t\t\t\t<p>Hay 3 posibles alternativas para moverse por <b>Botsuana:\u00a0<\/b><b>\u00a0<\/b><\/p><p><u><b>1- Alquiler de veh\u00edculo:<\/b><\/u>\u00a0Recorrer <b>Botsuana<\/b> por libre es totalmente factible. Actualmente <b>(2025)<\/b>, las carreteras que conectan los puntos de mayor inter\u00e9s del pa\u00eds est\u00e1n en buen estado, aunque hay pendiente por los famosos <i>pot-holes<\/i> (agujeros en el pavimento). Dentro de los Parques Nacionales tendr\u00e1s que tener algo de conocimiento de conducci\u00f3n 4&#215;4. Algunas de las mejores empresas son:<\/p><ul><li><a href=\"https:\/\/www.britz.co.za\/vehicles?pickup=Maun&amp;start=10%2FJun%2F2025&amp;dropoff=Same+as+pick-up&amp;end=20%2FJun%2F2025\" target=\"_blank\" rel=\"noopener\">Britz 4&#215;4<\/a>: Opci\u00f3n recomendada para alquiler 4&#215;4. Precios<span style=\"color: #ff0000;\"><b> desde 100\u20ac al d\u00eda<\/b><\/span>.\u00a0<\/li><li><a style=\"font-size: 1rem;\" href=\"https:\/\/aroundaboutcars.com\" target=\"_blank\" rel=\"noopener\">Round About Cars:<\/a>\u00a0Nuestra opci\u00f3n, con esta empresa puedes alquilar un veh\u00edculo en <b>Sud\u00e1frica<\/b> o <b>Namibia<\/b> y entregarlo en <b>Botsuana<\/b>, o a la inversa.<\/li><\/ul><p><u><b>2- Alquiler de veh\u00edculo con driver<\/b><\/u>: Opci\u00f3n recomendada si estas buscando un viaje algo m\u00e1s c\u00f3modo, ya que las distancias muchas veces son enormes y dentro de los Parque Nacionales no tendr\u00e1s que preocuparte por nada. <b>Recuerda que tanto si vas por libre, como si contratas un driver, podr\u00e1s hacer safaris con el mismo veh\u00edculo (4&#215;4 obligatorio), no hace falta contratar nada mas. <\/b>Al precio de alquiler del veh\u00edculo habr\u00eda que sumarle unos <span style=\"color: #ff0000;\"><b>80\u20ac-120\u20ac <\/b><\/span>adicionales por d\u00eda.<b>\u00a0<\/b><\/p><p><b>\u00a0<\/b><\/p><p><u style=\"font-weight: bold;\">3- Shuttle Taxi: <\/u>\u00a0Una alternativa perfecta si tienes mucho tiempo y\/o poco presupuesto. Son minibuses compartidos que recorren las principales rutas del pa\u00eds. L\u00f3gicamente, sacrificas las comodidad y la rapidez, a cambio de una experiencia aut\u00e9ntica y econ\u00f3mica. El \u00fanico inconveniente es que tendr\u00e1s que buscar una alternativa para poder hacer safaris dentro de los parques.\u00a0<\/p><p><span style=\"font-style: inherit;\">\u00a0<\/span><\/p><p><span style=\"font-style: inherit;\">* Una <\/span><b>opci\u00f3n muy interesante y econ\u00f3mica <\/b>es realizar un <b>viaje mixto<\/b> alquilando un veh\u00edculo normal (no 4&#215;4) para moverte libremente por el pa\u00eds y despu\u00e9s contratar los safaris en las ciudades principales. El precio de un safari por persona y d\u00eda suelen rondar los <b><span style=\"color: #ff0000;\">60\u20ac<\/span>. <\/b>Normalmente los alojamientos suelen facilitar contactos para realizar estos safaris, incluso muchos de ellos tiene su servicio propio como es el caso de<a href=\"https:\/\/africanbushlovers.com\" target=\"_blank\" rel=\"noopener\"> African Bush Lover<\/a>, un alojamiento en el centro de <b>Maun<\/b> con el que contratamos nuestros safaris por el <b>Moremi National Park.<\/b>\u00a0<\/p>\t\t\t\t\t\t\t\t<\/div>\n\t\t\t\t<\/div>\n\t\t\t\t\t<\/div>\n\t\t<\/div>\n\t\t\t\t\t<\/div>\n\t\t<\/section>\n\t\t\t\t<\/div>\n\t\t","protected":false},"excerpt":{"rendered":"<p>1- \u00bfHACE FALTA VISADO PARA VIAJAR A BOTSUANA EN 2025? Actualmente no hace falta visado para entrar a Botsuana a ciudadanos de la Union Europea para estancias inferiores a 90 d\u00edas.\u00a0 2- \u00bfQUE DOCUMENTOS OBLIGATORIOS NECESITO? Actualmente en 2025, son obligatorios: Pasaporte en vigor, con una validez m\u00ednima de 6 meses. Vacuna fiebre amarilla en [&hellip;]<\/p>\n","protected":false},"author":1,"featured_media":0,"parent":0,"menu_order":0,"comment_status":"closed","ping_status":"closed","template":"","meta":{"_uag_custom_page_level_css":"","site-sidebar-layout":"no-sidebar","site-content-layout":"","ast-site-content-layout":"full-width-container","site-content-style":"default","site-sidebar-style":"default","ast-global-header-display":"","ast-banner-title-visibility":"","ast-main-header-display":"","ast-hfb-above-header-display":"","ast-hfb-below-header-display":"","ast-hfb-mobile-header-display":"","site-post-title":"disabled","ast-breadcrumbs-content":"","ast-featured-img":"disabled","footer-sml-layout":"","ast-disable-related-posts":"","theme-transparent-header-meta":"","adv-header-id-meta":"","stick-header-meta":"","header-above-stick-meta":"","header-main-stick-meta":"","header-below-stick-meta":"","astra-migrate-meta-layouts":"default","ast-page-background-enabled":"default","ast-page-background-meta":{"desktop":{"background-color":"var(--ast-global-color-4)","background-image":"","background-repeat":"repeat","background-position":"center center","background-size":"auto","background-attachment":"scroll","background-type":"","background-media":"","overlay-type":"","overlay-color":"","overlay-opacity":"","overlay-gradient":""},"tablet":{"background-color":"","background-image":"","background-repeat":"repeat","background-position":"center center","background-size":"auto","background-attachment":"scroll","background-type":"","background-media":"","overlay-type":"","overlay-color":"","overlay-opacity":"","overlay-gradient":""},"mobile":{"background-color":"","background-image":"","background-repeat":"repeat","background-position":"center center","background-size":"auto","background-attachment":"scroll","background-type":"","background-media":"","overlay-type":"","overlay-color":"","overlay-opacity":"","overlay-gradient":""}},"ast-content-background-meta":{"desktop":{"background-color":"var(--ast-global-color-5)","background-image":"","background-repeat":"repeat","background-position":"center center","background-size":"auto","background-attachment":"scroll","background-type":"","background-media":"","overlay-type":"","overlay-color":"","overlay-opacity":"","overlay-gradient":""},"tablet":{"background-color":"var(--ast-global-color-5)","background-image":"","background-repeat":"repeat","background-position":"center center","background-size":"auto","background-attachment":"scroll","background-type":"","background-media":"","overlay-type":"","overlay-color":"","overlay-opacity":"","overlay-gradient":""},"mobile":{"background-color":"var(--ast-global-color-5)","background-image":"","background-repeat":"repeat","background-position":"center center","background-size":"auto","background-attachment":"scroll","background-type":"","background-media":"","overlay-type":"","overlay-color":"","overlay-opacity":"","overlay-gradient":""}},"footnotes":""},"class_list":["post-7889","page","type-page","status-publish","hentry"],"uagb_featured_image_src":{"full":false,"thumbnail":false,"medium":false,"medium_large":false,"large":false,"1536x1536":false,"2048x2048":false,"bm-post-thumb":false,"bm-post-medium":false},"uagb_author_info":{"display_name":"admin","author_link":"https:\/\/www.ebanoviajes.com\/index.php\/author\/admin\/"},"uagb_comment_info":0,"uagb_excerpt":"1- \u00bfHACE FALTA VISADO PARA VIAJAR A BOTSUANA EN 2025? Actualmente no hace falta visado para entrar a Botsuana a ciudadanos de la Union Europea para estancias inferiores a 90 d\u00edas.\u00a0 2- \u00bfQUE DOCUMENTOS OBLIGATORIOS NECESITO? Actualmente en 2025, son obligatorios: Pasaporte en vigor, con una validez m\u00ednima de 6 meses. Vacuna fiebre amarilla en&hellip;","_links":{"self":[{"href":"https:\/\/www.ebanoviajes.com\/index.php\/wp-json\/wp\/v2\/pages\/7889","targetHints":{"allow":["GET"]}}],"collection":[{"href":"https:\/\/www.ebanoviajes.com\/index.php\/wp-json\/wp\/v2\/pages"}],"about":[{"href":"https:\/\/www.ebanoviajes.com\/index.php\/wp-json\/wp\/v2\/types\/page"}],"author":[{"embeddable":true,"href":"https:\/\/www.ebanoviajes.com\/index.php\/wp-json\/wp\/v2\/users\/1"}],"replies":[{"embeddable":true,"href":"https:\/\/www.ebanoviajes.com\/index.php\/wp-json\/wp\/v2\/comments?post=7889"}],"version-history":[{"count":16,"href":"https:\/\/www.ebanoviajes.com\/index.php\/wp-json\/wp\/v2\/pages\/7889\/revisions"}],"predecessor-version":[{"id":9930,"href":"https:\/\/www.ebanoviajes.com\/index.php\/wp-json\/wp\/v2\/pages\/7889\/revisions\/9930"}],"wp:attachment":[{"href":"https:\/\/www.ebanoviajes.com\/index.php\/wp-json\/wp\/v2\/media?parent=7889"}],"curies":[{"name":"wp","href":"https:\/\/api.w.org\/{rel}","templated":true}]}}