{"id":7851,"date":"2025-02-04T10:17:36","date_gmt":"2025-02-04T10:17:36","guid":{"rendered":"https:\/\/www.ebanoviajes.com\/?page_id=7851"},"modified":"2025-04-08T14:47:49","modified_gmt":"2025-04-08T14:47:49","slug":"informacion-para-viajar-a-namibia","status":"publish","type":"page","link":"https:\/\/www.ebanoviajes.com\/index.php\/informacion-para-viajar-a-namibia\/","title":{"rendered":"Informaci\u00f3n para viajar a Namibia"},"content":{"rendered":"\t\t<div data-elementor-type=\"wp-page\" data-elementor-id=\"7851\" class=\"elementor elementor-7851\">\n\t\t\t\t\t\t<section class=\"elementor-section elementor-top-section elementor-element elementor-element-3aaff399 elementor-section-full_width elementor-section-height-min-height elementor-section-height-default elementor-section-items-middle\" data-id=\"3aaff399\" data-element_type=\"section\" data-e-type=\"section\" data-settings=\"{&quot;background_background&quot;:&quot;classic&quot;}\">\n\t\t\t\t\t\t<div class=\"elementor-container elementor-column-gap-default\">\n\t\t\t\t\t<div class=\"elementor-column elementor-col-100 elementor-top-column elementor-element elementor-element-3fb76a8d\" data-id=\"3fb76a8d\" data-element_type=\"column\" data-e-type=\"column\">\n\t\t\t<div class=\"elementor-widget-wrap\">\n\t\t\t\t\t\t\t<\/div>\n\t\t<\/div>\n\t\t\t\t\t<\/div>\n\t\t<\/section>\n\t\t\t\t<section class=\"elementor-section elementor-top-section elementor-element elementor-element-4872f3b4 elementor-section-boxed elementor-section-height-default elementor-section-height-default\" data-id=\"4872f3b4\" data-element_type=\"section\" data-e-type=\"section\">\n\t\t\t\t\t\t<div class=\"elementor-container elementor-column-gap-default\">\n\t\t\t\t\t<div class=\"elementor-column elementor-col-100 elementor-top-column elementor-element elementor-element-21dedc11\" data-id=\"21dedc11\" data-element_type=\"column\" data-e-type=\"column\">\n\t\t\t<div class=\"elementor-widget-wrap elementor-element-populated\">\n\t\t\t\t\t\t<div class=\"elementor-element elementor-element-53c9bcdf elementor-widget elementor-widget-heading\" data-id=\"53c9bcdf\" data-element_type=\"widget\" data-e-type=\"widget\" data-widget_type=\"heading.default\">\n\t\t\t\t<div class=\"elementor-widget-container\">\n\t\t\t\t\t<h2 class=\"elementor-heading-title elementor-size-default\">1- \u00bfHACE FALTA VISADO?<\/h2>\t\t\t\t<\/div>\n\t\t\t\t<\/div>\n\t\t\t\t<div class=\"elementor-element elementor-element-79b77811 elementor-widget elementor-widget-text-editor\" data-id=\"79b77811\" data-element_type=\"widget\" data-e-type=\"widget\" data-widget_type=\"text-editor.default\">\n\t\t\t\t<div class=\"elementor-widget-container\">\n\t\t\t\t\t\t\t\t\t<p>El visado para entrar en <b>Namibia<\/b> es <span style=\"color: #ff9900;\"><b>obligatorio<\/b><\/span>, pero no te preocupes por nada porque es un visado<i> \u00abon arrival\u00bb<\/i>\u00a0que puede obtenerse en el mismo <b>aeropuerto<\/b> o en las principales<b> fronteras terrestres.\u00a0<\/b><\/p><p>*La <i>visa on arrival<\/i> es totalmente<span style=\"color: #ff9900;\"><b> gratuita <\/b><\/span>y tiene una validez de <b><span style=\"color: #ff9900;\">90 d\u00edas<\/span>.\u00a0<\/b><\/p>\t\t\t\t\t\t\t\t<\/div>\n\t\t\t\t<\/div>\n\t\t\t\t\t<\/div>\n\t\t<\/div>\n\t\t\t\t\t<\/div>\n\t\t<\/section>\n\t\t\t\t<section class=\"elementor-section elementor-top-section elementor-element elementor-element-17467bb elementor-section-boxed elementor-section-height-default elementor-section-height-default\" data-id=\"17467bb\" data-element_type=\"section\" data-e-type=\"section\">\n\t\t\t\t\t\t<div class=\"elementor-container elementor-column-gap-default\">\n\t\t\t\t\t<div class=\"elementor-column elementor-col-100 elementor-top-column elementor-element elementor-element-21ded769\" data-id=\"21ded769\" data-element_type=\"column\" data-e-type=\"column\">\n\t\t\t<div class=\"elementor-widget-wrap elementor-element-populated\">\n\t\t\t\t\t\t<div class=\"elementor-element elementor-element-26fde06c elementor-widget elementor-widget-heading\" data-id=\"26fde06c\" data-element_type=\"widget\" data-e-type=\"widget\" data-widget_type=\"heading.default\">\n\t\t\t\t<div class=\"elementor-widget-container\">\n\t\t\t\t\t<h2 class=\"elementor-heading-title elementor-size-default\">2- \u00bfQUE DOCUMENTOS OBLIGATORIOS NECESITO?<\/h2>\t\t\t\t<\/div>\n\t\t\t\t<\/div>\n\t\t\t\t\t<\/div>\n\t\t<\/div>\n\t\t\t\t\t<\/div>\n\t\t<\/section>\n\t\t\t\t<section class=\"elementor-section elementor-top-section elementor-element elementor-element-5969879c elementor-section-boxed elementor-section-height-default elementor-section-height-default\" data-id=\"5969879c\" data-element_type=\"section\" data-e-type=\"section\">\n\t\t\t\t\t\t<div class=\"elementor-container elementor-column-gap-default\">\n\t\t\t\t\t<div class=\"elementor-column elementor-col-100 elementor-top-column elementor-element elementor-element-4cd80853\" data-id=\"4cd80853\" data-element_type=\"column\" data-e-type=\"column\">\n\t\t\t<div class=\"elementor-widget-wrap elementor-element-populated\">\n\t\t\t\t\t\t<div class=\"elementor-element elementor-element-38b944ab elementor-widget elementor-widget-text-editor\" data-id=\"38b944ab\" data-element_type=\"widget\" data-e-type=\"widget\" data-widget_type=\"text-editor.default\">\n\t\t\t\t<div class=\"elementor-widget-container\">\n\t\t\t\t\t\t\t\t\t<p>Actualmente en <span style=\"color: #ff9900;\"><b>2025<\/b><\/span>, son obligatorios:<\/p><ul><li><span style=\"color: #ff9900;\"><b>Pasaporte<\/b><\/span> en vigor, con una<span style=\"color: #ff9900;\"> <b>validez m\u00ednima de 6 meses<\/b><\/span>.<\/li><li><span style=\"color: #ff9900;\"><b>Vacuna fiebre amarilla <\/b><\/span>en caso de venir de un pa\u00eds end\u00e9mico o tras haber hecho una escala superior a 12h en alguno de ellos.\u00a0<\/li><li><span style=\"color: #ff9900;\"><b>Permiso de circulaci\u00f3n internacional<\/b><\/span>, en caso de que vayas a conducir.<\/li><\/ul>\t\t\t\t\t\t\t\t<\/div>\n\t\t\t\t<\/div>\n\t\t\t\t\t<\/div>\n\t\t<\/div>\n\t\t\t\t\t<\/div>\n\t\t<\/section>\n\t\t\t\t<section class=\"elementor-section elementor-top-section elementor-element elementor-element-7b04dfd1 elementor-section-boxed elementor-section-height-default elementor-section-height-default\" data-id=\"7b04dfd1\" data-element_type=\"section\" data-e-type=\"section\">\n\t\t\t\t\t\t<div class=\"elementor-container elementor-column-gap-default\">\n\t\t\t\t\t<div class=\"elementor-column elementor-col-100 elementor-top-column elementor-element elementor-element-5be0aac7\" data-id=\"5be0aac7\" data-element_type=\"column\" data-e-type=\"column\">\n\t\t\t<div class=\"elementor-widget-wrap elementor-element-populated\">\n\t\t\t\t\t\t<div class=\"elementor-element elementor-element-29a82dec elementor-widget elementor-widget-heading\" data-id=\"29a82dec\" data-element_type=\"widget\" data-e-type=\"widget\" data-widget_type=\"heading.default\">\n\t\t\t\t<div class=\"elementor-widget-container\">\n\t\t\t\t\t<h2 class=\"elementor-heading-title elementor-size-default\">3- \u00bfHACE FALTA VACUNARSE?<\/h2>\t\t\t\t<\/div>\n\t\t\t\t<\/div>\n\t\t\t\t\t<\/div>\n\t\t<\/div>\n\t\t\t\t\t<\/div>\n\t\t<\/section>\n\t\t\t\t<section class=\"elementor-section elementor-top-section elementor-element elementor-element-6e70b39c elementor-section-boxed elementor-section-height-default elementor-section-height-default\" data-id=\"6e70b39c\" data-element_type=\"section\" data-e-type=\"section\">\n\t\t\t\t\t\t<div class=\"elementor-container elementor-column-gap-default\">\n\t\t\t\t\t<div class=\"elementor-column elementor-col-100 elementor-top-column elementor-element elementor-element-187b6957\" data-id=\"187b6957\" data-element_type=\"column\" data-e-type=\"column\">\n\t\t\t<div class=\"elementor-widget-wrap elementor-element-populated\">\n\t\t\t\t\t\t<div class=\"elementor-element elementor-element-c1e557b elementor-widget__width-initial elementor-widget elementor-widget-text-editor\" data-id=\"c1e557b\" data-element_type=\"widget\" data-e-type=\"widget\" data-widget_type=\"text-editor.default\">\n\t\t\t\t<div class=\"elementor-widget-container\">\n\t\t\t\t\t\t\t\t\t<p><span style=\"font-style: inherit;\">La \u00fanica vacuna <\/span><span style=\"color: #ff9900;\"><b style=\"font-style: inherit;\">obligatoria<\/b><\/span><span style=\"font-style: inherit;\"> es la <\/span><span style=\"font-style: inherit;\"><b><span style=\"color: #ff9900;\">fiebre amarilla <\/span><\/b>en los casos <\/span>mencion\u00e1ndoselos<span style=\"font-style: inherit;\">\u00a0antes<b>, <\/b><\/span><span style=\"font-style: inherit;\">sin embargo, se aconseja la vacuna de la hepatitis A-B, del t\u00e9tanos y del <\/span>sarampi\u00f3n<span style=\"font-style: inherit;\">. Independientemente,<\/span><b style=\"font-style: inherit;\">\u00a0<\/b><span style=\"font-style: inherit;\">antes de iniciar el viaje se recomienda consultar a su centro de vacunaci\u00f3n internacional, as\u00ed como leer las recomendaciones sanitarias por pa\u00edses del\u00a0<\/span><a style=\"font-style: inherit;\" href=\"https:\/\/www.sanidad.gob.es\/areas\/sanidadExterior\/laSaludTambienViaja\/consejosSanitarios\/home.htm\" target=\"_blank\" rel=\"noopener\">Ministerio de Sanidad<\/a><span style=\"font-style: inherit;\">.\u00a0<\/span><span style=\"font-style: inherit;\">Ya no se exige ninguna prueba <b>Covid-19<\/b> antes de embarcar para volar a <b>Namibia<\/b>, ni a la llegada a las fronteras internacionales del pa\u00eds.<\/span><\/p><p><span style=\"font-style: inherit;\">\u00a0<\/span><\/p>\t\t\t\t\t\t\t\t<\/div>\n\t\t\t\t<\/div>\n\t\t\t\t\t<\/div>\n\t\t<\/div>\n\t\t\t\t\t<\/div>\n\t\t<\/section>\n\t\t\t\t<section class=\"elementor-section elementor-top-section elementor-element elementor-element-448d0799 elementor-section-boxed elementor-section-height-default elementor-section-height-default\" data-id=\"448d0799\" data-element_type=\"section\" data-e-type=\"section\">\n\t\t\t\t\t\t<div class=\"elementor-container elementor-column-gap-default\">\n\t\t\t\t\t<div class=\"elementor-column elementor-col-100 elementor-top-column elementor-element elementor-element-729de1d\" data-id=\"729de1d\" data-element_type=\"column\" data-e-type=\"column\">\n\t\t\t<div class=\"elementor-widget-wrap elementor-element-populated\">\n\t\t\t\t\t\t<div class=\"elementor-element elementor-element-60c2dc21 elementor-widget elementor-widget-heading\" data-id=\"60c2dc21\" data-element_type=\"widget\" data-e-type=\"widget\" data-widget_type=\"heading.default\">\n\t\t\t\t<div class=\"elementor-widget-container\">\n\t\t\t\t\t<h2 class=\"elementor-heading-title elementor-size-default\">4- \u00bfES UN PA\u00cdS SEGURO?<\/h2>\t\t\t\t<\/div>\n\t\t\t\t<\/div>\n\t\t\t\t\t<\/div>\n\t\t<\/div>\n\t\t\t\t\t<\/div>\n\t\t<\/section>\n\t\t\t\t<section class=\"elementor-section elementor-top-section elementor-element elementor-element-28a23f70 elementor-section-boxed elementor-section-height-default elementor-section-height-default\" data-id=\"28a23f70\" data-element_type=\"section\" data-e-type=\"section\">\n\t\t\t\t\t\t<div class=\"elementor-container elementor-column-gap-default\">\n\t\t\t\t\t<div class=\"elementor-column elementor-col-100 elementor-top-column elementor-element elementor-element-fde9188\" data-id=\"fde9188\" data-element_type=\"column\" data-e-type=\"column\">\n\t\t\t<div class=\"elementor-widget-wrap elementor-element-populated\">\n\t\t\t\t\t\t<div class=\"elementor-element elementor-element-43e94740 elementor-widget elementor-widget-text-editor\" data-id=\"43e94740\" data-element_type=\"widget\" data-e-type=\"widget\" data-widget_type=\"text-editor.default\">\n\t\t\t\t<div class=\"elementor-widget-container\">\n\t\t\t\t\t\t\t\t\t<p>La respuesta es <span style=\"color: #ff9900;\"><b>S\u00cd<\/b><\/span>, viajar a <b>Namibia<\/b> en seguro, siempre que viajes con cabeza y sentido com\u00fan. Durante todo nuestro viaje por libre y sin agencia no hemos tenido ning\u00fan problema, ni con la poblaci\u00f3n local, ni con las autoridades. Las carreteras principales que atraviesan el pa\u00eds est\u00e1n en buen estado y \u00a0la conducci\u00f3n es bastante similar a la europea.\u00a0<span style=\"font-style: inherit;\">Sin embargo, te recomendar\u00eda precauci\u00f3n ante las siguientes situaciones:<\/span><\/p><ul><li><span style=\"font-style: inherit;\">Conducir de noche por zonas remotas del pa\u00eds.<\/span><\/li><li>Pasear solo\/a en las ciudades principales por la noche, ya que son frecuentes robos y hurtos.<\/li><li>Riesgos en la conducci\u00f3n 4&#215;4 en la regi\u00f3n del Desierto del Namib y la Costa de los Esqueletos.\u00a0<\/li><\/ul>\t\t\t\t\t\t\t\t<\/div>\n\t\t\t\t<\/div>\n\t\t\t\t\t<\/div>\n\t\t<\/div>\n\t\t\t\t\t<\/div>\n\t\t<\/section>\n\t\t\t\t<section class=\"elementor-section elementor-top-section elementor-element elementor-element-6c356429 elementor-section-boxed elementor-section-height-default elementor-section-height-default\" data-id=\"6c356429\" data-element_type=\"section\" data-e-type=\"section\">\n\t\t\t\t\t\t<div class=\"elementor-container elementor-column-gap-default\">\n\t\t\t\t\t<div class=\"elementor-column elementor-col-100 elementor-top-column elementor-element elementor-element-1326c2e4\" data-id=\"1326c2e4\" data-element_type=\"column\" data-e-type=\"column\">\n\t\t\t<div class=\"elementor-widget-wrap elementor-element-populated\">\n\t\t\t\t\t\t<div class=\"elementor-element elementor-element-79277c7e elementor-widget elementor-widget-heading\" data-id=\"79277c7e\" data-element_type=\"widget\" data-e-type=\"widget\" data-widget_type=\"heading.default\">\n\t\t\t\t<div class=\"elementor-widget-container\">\n\t\t\t\t\t<h2 class=\"elementor-heading-title elementor-size-default\">5- \u00bfCU\u00c1L ES LA MEJOR \u00c9POCA PARA VIAJAR A NAMIBIA? <\/h2>\t\t\t\t<\/div>\n\t\t\t\t<\/div>\n\t\t\t\t\t<\/div>\n\t\t<\/div>\n\t\t\t\t\t<\/div>\n\t\t<\/section>\n\t\t\t\t<section class=\"elementor-section elementor-top-section elementor-element elementor-element-28337e4 elementor-section-boxed elementor-section-height-default elementor-section-height-default\" data-id=\"28337e4\" data-element_type=\"section\" data-e-type=\"section\">\n\t\t\t\t\t\t<div class=\"elementor-container elementor-column-gap-default\">\n\t\t\t\t\t<div class=\"elementor-column elementor-col-100 elementor-top-column elementor-element elementor-element-9f2b122\" data-id=\"9f2b122\" data-element_type=\"column\" data-e-type=\"column\">\n\t\t\t<div class=\"elementor-widget-wrap elementor-element-populated\">\n\t\t\t\t\t\t<div class=\"elementor-element elementor-element-77c47cc7 elementor-widget elementor-widget-text-editor\" data-id=\"77c47cc7\" data-element_type=\"widget\" data-e-type=\"widget\" data-widget_type=\"text-editor.default\">\n\t\t\t\t<div class=\"elementor-widget-container\">\n\t\t\t\t\t\t\t\t\t<p><span style=\"color: #99cc00;\"><strong>&#8211;<\/strong> <b>Mejores meses (Temporada alta)<\/b><\/span>: <u>Abril &#8211; Noviembre<\/u>. Estos meses corresponden con la <b>\u00e9poca seca <\/b>por lo que el buen tiempo est\u00e1 asegurado. De junio a septiembre es cuando mayor afluencia de turistas recibe el pa\u00eds y los precios son m\u00e1s altos. \u00a0\u00a0<\/p><p><span style=\"color: #ff0000;\"><strong>&#8211; Peores meses (Temporada baja):<\/strong><\/span><u>\u00a0Diciembre &#8211; Marzo<\/u>. Estos meses corresponden con la <b>\u00e9poca de lluvias, <\/b>no se recomienda viajar al pa\u00eds entre estos meses.\u00a0<\/p><p>Independientemente del mes en el que se viaje, es recomendable mirar la previsi\u00f3n del tiempo de las diferentes zonas de tu itinerario, ya que la temperatura y el clima es muy diferente de una regi\u00f3n a otra.\u00a0<\/p>\t\t\t\t\t\t\t\t<\/div>\n\t\t\t\t<\/div>\n\t\t\t\t\t<\/div>\n\t\t<\/div>\n\t\t\t\t\t<\/div>\n\t\t<\/section>\n\t\t\t\t<section class=\"elementor-section elementor-top-section elementor-element elementor-element-1a3935cf elementor-section-boxed elementor-section-height-default elementor-section-height-default\" data-id=\"1a3935cf\" data-element_type=\"section\" data-e-type=\"section\">\n\t\t\t\t\t\t<div class=\"elementor-container elementor-column-gap-default\">\n\t\t\t\t\t<div class=\"elementor-column elementor-col-100 elementor-top-column elementor-element elementor-element-2a4b912a\" data-id=\"2a4b912a\" data-element_type=\"column\" data-e-type=\"column\">\n\t\t\t<div class=\"elementor-widget-wrap elementor-element-populated\">\n\t\t\t\t\t\t<div class=\"elementor-element elementor-element-26f2bf9c elementor-widget elementor-widget-heading\" data-id=\"26f2bf9c\" data-element_type=\"widget\" data-e-type=\"widget\" data-widget_type=\"heading.default\">\n\t\t\t\t<div class=\"elementor-widget-container\">\n\t\t\t\t\t<h2 class=\"elementor-heading-title elementor-size-default\">6- \u00bfCOMO MOVERSE?<\/h2>\t\t\t\t<\/div>\n\t\t\t\t<\/div>\n\t\t\t\t\t<\/div>\n\t\t<\/div>\n\t\t\t\t\t<\/div>\n\t\t<\/section>\n\t\t\t\t<section class=\"elementor-section elementor-top-section elementor-element elementor-element-7493fc5 elementor-section-boxed elementor-section-height-default elementor-section-height-default\" data-id=\"7493fc5\" data-element_type=\"section\" data-e-type=\"section\">\n\t\t\t\t\t\t<div class=\"elementor-container elementor-column-gap-default\">\n\t\t\t\t\t<div class=\"elementor-column elementor-col-100 elementor-top-column elementor-element elementor-element-27f11af\" data-id=\"27f11af\" data-element_type=\"column\" data-e-type=\"column\">\n\t\t\t<div class=\"elementor-widget-wrap elementor-element-populated\">\n\t\t\t\t\t\t<div class=\"elementor-element elementor-element-13bff27e elementor-widget elementor-widget-text-editor\" data-id=\"13bff27e\" data-element_type=\"widget\" data-e-type=\"widget\" data-widget_type=\"text-editor.default\">\n\t\t\t\t<div class=\"elementor-widget-container\">\n\t\t\t\t\t\t\t\t\t<p>Hay 2 posibles alternativas para moverse por <b>Namibia:\u00a0<\/b><\/p><p><u><b>1- Alquiler de veh\u00edculo:<\/b><\/u>\u00a0Recorrer <b>Namibia<\/b> por libre es totalmente factible, aunque tendr\u00e1s que asumir que te vas a tirar muchas horas al volante. Actualmente<span style=\"color: #ff9900;\"> <b>(2025)<\/b><\/span>, las carreteras que conectan los puntos de mayor inter\u00e9s del pa\u00eds est\u00e1n en buen estado, sin embargo, una vez que quieras adentrarte al coraz\u00f3n del <b>Namib<\/b>, el asfalto se cambiar\u00e1 por caminos de arena y piedra en relativamente buen estado.<\/p><p>Ahora la pregunta del mill\u00f3n\u00a0<b>\u00bfEs necesario un 4&#215;4?<\/b> Nosotros recorrimos todo el pa\u00eds con un<b> Nissan Almera (Sed\u00e1n)<\/b> y no tuvimos ning\u00fan problema, pero esta elecci\u00f3n era la \u00fanica que ten\u00edamos ya que solamente encontramos una empresa de alquiler que nos permit\u00eda coger el coche en<b> Ciudad del Cabo<\/b>, <b>Sud\u00e1frica<\/b>, y dejarlo en la <b>Kasane, <\/b>frontera <b>Botsuana &#8211; Zambia<\/b>. L\u00f3gicamente, de haber tenido la opci\u00f3n de 4&#215;4 la hubi\u00e9ramos elegido ya que el precio que tienes que pagar por no llevar un 4&#215;4 es de muchas horas adicionales al volante.\u00a0<\/p><p>En cuanto a las mejores empresas de alquiler de 4&#215;4 en <b>Namibia<\/b> existen numerosas opciones, lo mejor es que pidas presupuesto en muchas de ellas. Como referencia, los precios de alquiler de un 4&#215;4 oscilan entre <strong><span style=\"color: #ff0000;\">1000\u20ac-<\/span><span style=\"color: #ff0000;\">1400\u20ac<\/span><\/strong>\u00a0por 10 d\u00edas. Algunas de las mejores opciones son:<\/p><ul><li><a href=\"https:\/\/www.zambezicarrental.com\" target=\"_blank\" rel=\"noopener\">Zambezi Car Rental<\/a><\/li><li><a href=\"https:\/\/www.ascocarhire.com\" target=\"_blank\" rel=\"noopener\">Asco Car Hire Namibia<\/a>\u00a0(muy buenos comentarios)<\/li><li><a href=\"https:\/\/www.namibiacarrental.net\" target=\"_blank\" rel=\"noopener\">Car Rental Namibia<\/a><\/li><li><a href=\"https:\/\/aroundaboutcars.com\" target=\"_blank\" rel=\"noopener\">Around About Cars:\u00a0<\/a>Nuestra elecci\u00f3n, la \u00fanica empresa que nos permiti\u00f3 atravesar fronteras desde Sud\u00e1frica hasta Zambia. Precio <strong><span style=\"color: #ff0000;\">1500\u20ac<\/span><\/strong> por 33 d\u00edas de alquiler. Como he mencionado antes, la \u00fanica opci\u00f3n de alquiler era un sed\u00e1n.\u00a0<\/li><\/ul><p><u><b>2- Alquiler de veh\u00edculo con driver<\/b><\/u>: Opci\u00f3n recomendada si estas buscando un viaje algo m\u00e1s c\u00f3modo, ya que las distancias muchas veces son enormes y dentro de los Parque Nacionales no tendr\u00e1s que preocuparte por nada. <b>Recuerda que tanto si vas por libre, como si contratas un driver, podr\u00e1s hacer safaris con el mismo veh\u00edculo, no hace falta contratar nada mas. <\/b>Al precio de alquiler del veh\u00edculo habr\u00eda que sumarle unos<span style=\"color: #ff0000;\"> <b>100\u20ac-150\u20ac<\/b><\/span> adicionales por d\u00eda.<b>\u00a0<\/b><\/p><p><b>\u00a0<\/b><\/p>\t\t\t\t\t\t\t\t<\/div>\n\t\t\t\t<\/div>\n\t\t\t\t\t<\/div>\n\t\t<\/div>\n\t\t\t\t\t<\/div>\n\t\t<\/section>\n\t\t\t\t<\/div>\n\t\t","protected":false},"excerpt":{"rendered":"<p>1- \u00bfHACE FALTA VISADO? El visado para entrar en Namibia es obligatorio, pero no te preocupes por nada porque es un visado \u00abon arrival\u00bb\u00a0que puede obtenerse en el mismo aeropuerto o en las principales fronteras terrestres.\u00a0 *La visa on arrival es totalmente gratuita y tiene una validez de 90 d\u00edas.\u00a0 2- \u00bfQUE DOCUMENTOS OBLIGATORIOS NECESITO? [&hellip;]<\/p>\n","protected":false},"author":1,"featured_media":0,"parent":0,"menu_order":0,"comment_status":"closed","ping_status":"closed","template":"","meta":{"_uag_custom_page_level_css":"","site-sidebar-layout":"no-sidebar","site-content-layout":"","ast-site-content-layout":"full-width-container","site-content-style":"default","site-sidebar-style":"default","ast-global-header-display":"","ast-banner-title-visibility":"","ast-main-header-display":"","ast-hfb-above-header-display":"","ast-hfb-below-header-display":"","ast-hfb-mobile-header-display":"","site-post-title":"disabled","ast-breadcrumbs-content":"","ast-featured-img":"disabled","footer-sml-layout":"","ast-disable-related-posts":"","theme-transparent-header-meta":"","adv-header-id-meta":"","stick-header-meta":"","header-above-stick-meta":"","header-main-stick-meta":"","header-below-stick-meta":"","astra-migrate-meta-layouts":"default","ast-page-background-enabled":"default","ast-page-background-meta":{"desktop":{"background-color":"var(--ast-global-color-4)","background-image":"","background-repeat":"repeat","background-position":"center center","background-size":"auto","background-attachment":"scroll","background-type":"","background-media":"","overlay-type":"","overlay-color":"","overlay-opacity":"","overlay-gradient":""},"tablet":{"background-color":"","background-image":"","background-repeat":"repeat","background-position":"center center","background-size":"auto","background-attachment":"scroll","background-type":"","background-media":"","overlay-type":"","overlay-color":"","overlay-opacity":"","overlay-gradient":""},"mobile":{"background-color":"","background-image":"","background-repeat":"repeat","background-position":"center center","background-size":"auto","background-attachment":"scroll","background-type":"","background-media":"","overlay-type":"","overlay-color":"","overlay-opacity":"","overlay-gradient":""}},"ast-content-background-meta":{"desktop":{"background-color":"var(--ast-global-color-5)","background-image":"","background-repeat":"repeat","background-position":"center center","background-size":"auto","background-attachment":"scroll","background-type":"","background-media":"","overlay-type":"","overlay-color":"","overlay-opacity":"","overlay-gradient":""},"tablet":{"background-color":"var(--ast-global-color-5)","background-image":"","background-repeat":"repeat","background-position":"center center","background-size":"auto","background-attachment":"scroll","background-type":"","background-media":"","overlay-type":"","overlay-color":"","overlay-opacity":"","overlay-gradient":""},"mobile":{"background-color":"var(--ast-global-color-5)","background-image":"","background-repeat":"repeat","background-position":"center center","background-size":"auto","background-attachment":"scroll","background-type":"","background-media":"","overlay-type":"","overlay-color":"","overlay-opacity":"","overlay-gradient":""}},"footnotes":""},"class_list":["post-7851","page","type-page","status-publish","hentry"],"uagb_featured_image_src":{"full":false,"thumbnail":false,"medium":false,"medium_large":false,"large":false,"1536x1536":false,"2048x2048":false,"bm-post-thumb":false,"bm-post-medium":false},"uagb_author_info":{"display_name":"admin","author_link":"https:\/\/www.ebanoviajes.com\/index.php\/author\/admin\/"},"uagb_comment_info":0,"uagb_excerpt":"1- \u00bfHACE FALTA VISADO? El visado para entrar en Namibia es obligatorio, pero no te preocupes por nada porque es un visado \u00abon arrival\u00bb\u00a0que puede obtenerse en el mismo aeropuerto o en las principales fronteras terrestres.\u00a0 *La visa on arrival es totalmente gratuita y tiene una validez de 90 d\u00edas.\u00a0 2- \u00bfQUE DOCUMENTOS OBLIGATORIOS NECESITO?&hellip;","_links":{"self":[{"href":"https:\/\/www.ebanoviajes.com\/index.php\/wp-json\/wp\/v2\/pages\/7851","targetHints":{"allow":["GET"]}}],"collection":[{"href":"https:\/\/www.ebanoviajes.com\/index.php\/wp-json\/wp\/v2\/pages"}],"about":[{"href":"https:\/\/www.ebanoviajes.com\/index.php\/wp-json\/wp\/v2\/types\/page"}],"author":[{"embeddable":true,"href":"https:\/\/www.ebanoviajes.com\/index.php\/wp-json\/wp\/v2\/users\/1"}],"replies":[{"embeddable":true,"href":"https:\/\/www.ebanoviajes.com\/index.php\/wp-json\/wp\/v2\/comments?post=7851"}],"version-history":[{"count":19,"href":"https:\/\/www.ebanoviajes.com\/index.php\/wp-json\/wp\/v2\/pages\/7851\/revisions"}],"predecessor-version":[{"id":9826,"href":"https:\/\/www.ebanoviajes.com\/index.php\/wp-json\/wp\/v2\/pages\/7851\/revisions\/9826"}],"wp:attachment":[{"href":"https:\/\/www.ebanoviajes.com\/index.php\/wp-json\/wp\/v2\/media?parent=7851"}],"curies":[{"name":"wp","href":"https:\/\/api.w.org\/{rel}","templated":true}]}}