{"id":7584,"date":"2025-02-02T15:13:03","date_gmt":"2025-02-02T15:13:03","guid":{"rendered":"https:\/\/www.ebanoviajes.com\/?page_id=7584"},"modified":"2025-05-16T15:44:43","modified_gmt":"2025-05-16T15:44:43","slug":"informacion-para-viajar-a-tanzania-y-zanzibar","status":"publish","type":"page","link":"https:\/\/www.ebanoviajes.com\/index.php\/informacion-para-viajar-a-tanzania-y-zanzibar\/","title":{"rendered":"Informaci\u00f3n para viajar a Tanzania y Zanz\u00edbar"},"content":{"rendered":"\t\t<div data-elementor-type=\"wp-page\" data-elementor-id=\"7584\" class=\"elementor elementor-7584\">\n\t\t\t\t\t\t<section class=\"elementor-section elementor-top-section elementor-element elementor-element-37349a23 elementor-section-full_width elementor-section-height-min-height elementor-section-height-default elementor-section-items-middle\" data-id=\"37349a23\" data-element_type=\"section\" data-e-type=\"section\" data-settings=\"{&quot;background_background&quot;:&quot;classic&quot;}\">\n\t\t\t\t\t\t<div class=\"elementor-container elementor-column-gap-default\">\n\t\t\t\t\t<div class=\"elementor-column elementor-col-100 elementor-top-column elementor-element elementor-element-6856a472\" data-id=\"6856a472\" data-element_type=\"column\" data-e-type=\"column\">\n\t\t\t<div class=\"elementor-widget-wrap\">\n\t\t\t\t\t\t\t<\/div>\n\t\t<\/div>\n\t\t\t\t\t<\/div>\n\t\t<\/section>\n\t\t\t\t<section class=\"elementor-section elementor-top-section elementor-element elementor-element-3915d66d elementor-section-boxed elementor-section-height-default elementor-section-height-default\" data-id=\"3915d66d\" data-element_type=\"section\" data-e-type=\"section\">\n\t\t\t\t\t\t<div class=\"elementor-container elementor-column-gap-default\">\n\t\t\t\t\t<div class=\"elementor-column elementor-col-100 elementor-top-column elementor-element elementor-element-7d0faa4f\" data-id=\"7d0faa4f\" data-element_type=\"column\" data-e-type=\"column\">\n\t\t\t<div class=\"elementor-widget-wrap elementor-element-populated\">\n\t\t\t\t\t\t<div class=\"elementor-element elementor-element-3ec6ff44 elementor-widget elementor-widget-heading\" data-id=\"3ec6ff44\" data-element_type=\"widget\" data-e-type=\"widget\" data-widget_type=\"heading.default\">\n\t\t\t\t<div class=\"elementor-widget-container\">\n\t\t\t\t\t<h2 class=\"elementor-heading-title elementor-size-default\">1- \u00bfHACE FALTA VISADO PARA VIAJAR A TANZANIA EN 2025?<\/h2>\t\t\t\t<\/div>\n\t\t\t\t<\/div>\n\t\t\t\t<div class=\"elementor-element elementor-element-681d6590 elementor-widget elementor-widget-text-editor\" data-id=\"681d6590\" data-element_type=\"widget\" data-e-type=\"widget\" data-widget_type=\"text-editor.default\">\n\t\t\t\t<div class=\"elementor-widget-container\">\n\t\t\t\t\t\t\t\t\t<p>El visado para entrar en Tanzania es <b><span style=\"color: #ff9900;\">obligatorio<\/span>.<\/b> Puede obtenerse en el mismo <b>aeropuerto<\/b> o en las principales<b> fronteras terrestres,<\/b> pero la forma m\u00e1s c\u00f3moda de hacer el tr\u00e1mite es a trav\u00e9s de la siguiente\u00a0<a href=\"https:\/\/visa.immigration.go.tz\" target=\"_blank\" rel=\"noopener\">web<\/a>.\u00a0<\/p><p>*Tiene un coste de<strong><span style=\"color: #ff0000;\"> 50$<\/span><\/strong> y es v\u00e1lido por <b>90 d\u00edas<\/b>. Es aconsejable hacerlo<b> al menos 10 d\u00edas antes del viaje<\/b>.\u00a0<\/p>\t\t\t\t\t\t\t\t<\/div>\n\t\t\t\t<\/div>\n\t\t\t\t\t<\/div>\n\t\t<\/div>\n\t\t\t\t\t<\/div>\n\t\t<\/section>\n\t\t\t\t<section class=\"elementor-section elementor-top-section elementor-element elementor-element-1a88371c elementor-section-boxed elementor-section-height-default elementor-section-height-default\" data-id=\"1a88371c\" data-element_type=\"section\" data-e-type=\"section\">\n\t\t\t\t\t\t<div class=\"elementor-container elementor-column-gap-default\">\n\t\t\t\t\t<div class=\"elementor-column elementor-col-100 elementor-top-column elementor-element elementor-element-5d130dc8\" data-id=\"5d130dc8\" data-element_type=\"column\" data-e-type=\"column\">\n\t\t\t<div class=\"elementor-widget-wrap elementor-element-populated\">\n\t\t\t\t\t\t<div class=\"elementor-element elementor-element-38a220f2 elementor-widget elementor-widget-heading\" data-id=\"38a220f2\" data-element_type=\"widget\" data-e-type=\"widget\" data-widget_type=\"heading.default\">\n\t\t\t\t<div class=\"elementor-widget-container\">\n\t\t\t\t\t<h2 class=\"elementor-heading-title elementor-size-default\">2- \u00bfQUE DOCUMENTOS OBLIGATORIOS NECESITO?<\/h2>\t\t\t\t<\/div>\n\t\t\t\t<\/div>\n\t\t\t\t\t<\/div>\n\t\t<\/div>\n\t\t\t\t\t<\/div>\n\t\t<\/section>\n\t\t\t\t<section class=\"elementor-section elementor-top-section elementor-element elementor-element-44725a6a elementor-section-boxed elementor-section-height-default elementor-section-height-default\" data-id=\"44725a6a\" data-element_type=\"section\" data-e-type=\"section\">\n\t\t\t\t\t\t<div class=\"elementor-container elementor-column-gap-default\">\n\t\t\t\t\t<div class=\"elementor-column elementor-col-100 elementor-top-column elementor-element elementor-element-1a3019b0\" data-id=\"1a3019b0\" data-element_type=\"column\" data-e-type=\"column\">\n\t\t\t<div class=\"elementor-widget-wrap elementor-element-populated\">\n\t\t\t\t\t\t<div class=\"elementor-element elementor-element-75700224 elementor-widget elementor-widget-text-editor\" data-id=\"75700224\" data-element_type=\"widget\" data-e-type=\"widget\" data-widget_type=\"text-editor.default\">\n\t\t\t\t<div class=\"elementor-widget-container\">\n\t\t\t\t\t\t\t\t\t<p>Actualmente en <b>2025<\/b>, son obligatorios:<\/p><p>\u00a0<\/p><p>1- <b>Pasaporte<\/b> en vigor, con una <b>validez m\u00ednima de 6 meses<\/b>.<\/p><p>2- <b>Billete ida y vuelta<\/b>.<\/p><p>3- <b>Vacuna fiebre amarilla, <\/b>en caso de venir de un <b>pa\u00eds end\u00e9mico o tr\u00e1nsito aeroportuario de m\u00e1s de 12h<\/b> en uno de ellos<b>.\u00a0<\/b><\/p><p>4- <b>Permiso de circulaci\u00f3n internacional<\/b>, en caso de que vayas a conducir.<\/p><p>5- <b>P\u00f3liza de seguro de la\u00a0<\/b><a href=\"https:\/\/visitzanzibar.go.tz\" target=\"_blank\" rel=\"noopener\">Zanzibar Insurance Company<\/a><b>\u00a0<\/b>(<u>solo para Zanz\u00edbar<\/u>). Tiene un coste de <b>44$<\/b> y es v\u00e1lido por<b> 92 d\u00edas<\/b>.\u00a0<\/p><p>\u00a0<\/p>\t\t\t\t\t\t\t\t<\/div>\n\t\t\t\t<\/div>\n\t\t\t\t\t<\/div>\n\t\t<\/div>\n\t\t\t\t\t<\/div>\n\t\t<\/section>\n\t\t\t\t<section class=\"elementor-section elementor-top-section elementor-element elementor-element-342595f4 elementor-section-boxed elementor-section-height-default elementor-section-height-default\" data-id=\"342595f4\" data-element_type=\"section\" data-e-type=\"section\">\n\t\t\t\t\t\t<div class=\"elementor-container elementor-column-gap-default\">\n\t\t\t\t\t<div class=\"elementor-column elementor-col-100 elementor-top-column elementor-element elementor-element-6151a5f3\" data-id=\"6151a5f3\" data-element_type=\"column\" data-e-type=\"column\">\n\t\t\t<div class=\"elementor-widget-wrap elementor-element-populated\">\n\t\t\t\t\t\t<div class=\"elementor-element elementor-element-43410718 elementor-widget elementor-widget-heading\" data-id=\"43410718\" data-element_type=\"widget\" data-e-type=\"widget\" data-widget_type=\"heading.default\">\n\t\t\t\t<div class=\"elementor-widget-container\">\n\t\t\t\t\t<h2 class=\"elementor-heading-title elementor-size-default\">3- \u00bfHACE FALTA VACUNARSE?<\/h2>\t\t\t\t<\/div>\n\t\t\t\t<\/div>\n\t\t\t\t\t<\/div>\n\t\t<\/div>\n\t\t\t\t\t<\/div>\n\t\t<\/section>\n\t\t\t\t<section class=\"elementor-section elementor-top-section elementor-element elementor-element-3959dc94 elementor-section-boxed elementor-section-height-default elementor-section-height-default\" data-id=\"3959dc94\" data-element_type=\"section\" data-e-type=\"section\">\n\t\t\t\t\t\t<div class=\"elementor-container elementor-column-gap-default\">\n\t\t\t\t\t<div class=\"elementor-column elementor-col-100 elementor-top-column elementor-element elementor-element-4508e078\" data-id=\"4508e078\" data-element_type=\"column\" data-e-type=\"column\">\n\t\t\t<div class=\"elementor-widget-wrap elementor-element-populated\">\n\t\t\t\t\t\t<div class=\"elementor-element elementor-element-49fa5056 elementor-widget__width-initial elementor-widget elementor-widget-text-editor\" data-id=\"49fa5056\" data-element_type=\"widget\" data-e-type=\"widget\" data-widget_type=\"text-editor.default\">\n\t\t\t\t<div class=\"elementor-widget-container\">\n\t\t\t\t\t\t\t\t\t<p><span style=\"font-style: inherit;\">La \u00fanica vacuna <\/span><b style=\"font-style: inherit;\">obligatoria<\/b><span style=\"font-style: inherit;\"> es la <\/span><span style=\"font-weight: bold; font-style: inherit;\">fiebre amarilla en caso de venir de un pa\u00eds <\/span><b>end\u00e9mico<\/b><span style=\"font-style: inherit;\"><b>\u00a0o tr\u00e1nsito aeroportuario superior a 12 horas. <\/b>S<\/span><span style=\"font-style: inherit;\">e aconseja la vacuna de la hepatitis A-B, del t\u00e9tanos y de la fiebre tifoidea. Independientemente,<\/span><b style=\"font-style: inherit;\">\u00a0<\/b><span style=\"font-style: inherit;\">antes de iniciar el viaje se recomienda consultar a su centro de vacunaci\u00f3n internacional, as\u00ed como leer las recomendaciones sanitarias por pa\u00edses del\u00a0<\/span><a style=\"font-style: inherit;\" href=\"https:\/\/www.sanidad.gob.es\/areas\/sanidadExterior\/laSaludTambienViaja\/consejosSanitarios\/home.htm\" target=\"_blank\" rel=\"noopener\">Ministerio de Sanidad<\/a><span style=\"font-style: inherit;\">.\u00a0<\/span><span style=\"font-style: inherit;\">Ya no se exige ninguna prueba <b>Covid-19<\/b> antes de embarcar para volar a Tanzania, ni a la llegada a las fronteras internacionales del pa\u00eds.<\/span><\/p><p><span style=\"font-style: inherit;\">\u00a0<\/span><\/p><p><span style=\"font-style: inherit;\"><u><b>*MALARIA<\/b><\/u>: es importante tener en cuenta que la malaria esta presente en todo <b>Tanzania (excepto Zanz\u00edbar)<\/b>, por lo que se recomienda tomar la medicaci\u00f3n de <\/span>profilaxis <b>Malarone<\/b> o <b>Malawey<\/b> (ambas con receta m\u00e9dica). Como medidas preventivas, se aconseja tener: un buen repelente (especialmente al amanecer\/atardecer), ropa de color claro y manga larga y dormir siempre con mosquitera.<\/p><p>\u00a0<\/p><p>\u00a0<\/p>\t\t\t\t\t\t\t\t<\/div>\n\t\t\t\t<\/div>\n\t\t\t\t\t<\/div>\n\t\t<\/div>\n\t\t\t\t\t<\/div>\n\t\t<\/section>\n\t\t\t\t<section class=\"elementor-section elementor-top-section elementor-element elementor-element-540344fa elementor-section-boxed elementor-section-height-default elementor-section-height-default\" data-id=\"540344fa\" data-element_type=\"section\" data-e-type=\"section\">\n\t\t\t\t\t\t<div class=\"elementor-container elementor-column-gap-default\">\n\t\t\t\t\t<div class=\"elementor-column elementor-col-100 elementor-top-column elementor-element elementor-element-53321168\" data-id=\"53321168\" data-element_type=\"column\" data-e-type=\"column\">\n\t\t\t<div class=\"elementor-widget-wrap elementor-element-populated\">\n\t\t\t\t\t\t<div class=\"elementor-element elementor-element-423b60d1 elementor-widget elementor-widget-heading\" data-id=\"423b60d1\" data-element_type=\"widget\" data-e-type=\"widget\" data-widget_type=\"heading.default\">\n\t\t\t\t<div class=\"elementor-widget-container\">\n\t\t\t\t\t<h2 class=\"elementor-heading-title elementor-size-default\">4- \u00bfES UN PA\u00cdS SEGURO?<\/h2>\t\t\t\t<\/div>\n\t\t\t\t<\/div>\n\t\t\t\t\t<\/div>\n\t\t<\/div>\n\t\t\t\t\t<\/div>\n\t\t<\/section>\n\t\t\t\t<section class=\"elementor-section elementor-top-section elementor-element elementor-element-6ca54eff elementor-section-boxed elementor-section-height-default elementor-section-height-default\" data-id=\"6ca54eff\" data-element_type=\"section\" data-e-type=\"section\">\n\t\t\t\t\t\t<div class=\"elementor-container elementor-column-gap-default\">\n\t\t\t\t\t<div class=\"elementor-column elementor-col-100 elementor-top-column elementor-element elementor-element-d432b6a\" data-id=\"d432b6a\" data-element_type=\"column\" data-e-type=\"column\">\n\t\t\t<div class=\"elementor-widget-wrap elementor-element-populated\">\n\t\t\t\t\t\t<div class=\"elementor-element elementor-element-26110887 elementor-widget elementor-widget-text-editor\" data-id=\"26110887\" data-element_type=\"widget\" data-e-type=\"widget\" data-widget_type=\"text-editor.default\">\n\t\t\t\t<div class=\"elementor-widget-container\">\n\t\t\t\t\t\t\t\t\t<p>La respuesta es <b>S\u00cd<\/b>, viajar a <b>Tanzania<\/b> en seguro, siempre que viajes con cabeza y sentido com\u00fan. Durante todo nuestro viaje por libre y sin agencia no hemos tenido ning\u00fan problema, ni con la poblaci\u00f3n local, ni con las autoridades.&nbsp;<\/p>\n<p><br><\/p>\n<p><\/p>\n<p>Sin embargo, te recomendar\u00eda precauci\u00f3n ante las siguientes situaciones:<\/p>\n<p>&#8211; Conducir de noche.<\/p>\n<p>&#8211; Pasear solo\/a en las ciudades principales como <b>Dar es-Salam<\/b> o <b>Arusha<\/b> por la noche, ya que son frecuentes robos y hurtos.<\/p>\n<p>&#8211; Evitar las <b>zonas fronterizas con Burundi y Mozambique<\/b>.<\/p><p><br><\/p>\n<p><\/p>\t\t\t\t\t\t\t\t<\/div>\n\t\t\t\t<\/div>\n\t\t\t\t\t<\/div>\n\t\t<\/div>\n\t\t\t\t\t<\/div>\n\t\t<\/section>\n\t\t\t\t<section class=\"elementor-section elementor-top-section elementor-element elementor-element-44995078 elementor-section-boxed elementor-section-height-default elementor-section-height-default\" data-id=\"44995078\" data-element_type=\"section\" data-e-type=\"section\">\n\t\t\t\t\t\t<div class=\"elementor-container elementor-column-gap-default\">\n\t\t\t\t\t<div class=\"elementor-column elementor-col-100 elementor-top-column elementor-element elementor-element-763c69d1\" data-id=\"763c69d1\" data-element_type=\"column\" data-e-type=\"column\">\n\t\t\t<div class=\"elementor-widget-wrap elementor-element-populated\">\n\t\t\t\t\t\t<div class=\"elementor-element elementor-element-524b36b6 elementor-widget elementor-widget-heading\" data-id=\"524b36b6\" data-element_type=\"widget\" data-e-type=\"widget\" data-widget_type=\"heading.default\">\n\t\t\t\t<div class=\"elementor-widget-container\">\n\t\t\t\t\t<h2 class=\"elementor-heading-title elementor-size-default\">5- \u00bfCU\u00c1L ES LA MEJOR \u00c9POCA PARA VIAJAR A TANZANIA? <\/h2>\t\t\t\t<\/div>\n\t\t\t\t<\/div>\n\t\t\t\t\t<\/div>\n\t\t<\/div>\n\t\t\t\t\t<\/div>\n\t\t<\/section>\n\t\t\t\t<section class=\"elementor-section elementor-top-section elementor-element elementor-element-31999df7 elementor-section-boxed elementor-section-height-default elementor-section-height-default\" data-id=\"31999df7\" data-element_type=\"section\" data-e-type=\"section\">\n\t\t\t\t\t\t<div class=\"elementor-container elementor-column-gap-default\">\n\t\t\t\t\t<div class=\"elementor-column elementor-col-100 elementor-top-column elementor-element elementor-element-3d13ba0f\" data-id=\"3d13ba0f\" data-element_type=\"column\" data-e-type=\"column\">\n\t\t\t<div class=\"elementor-widget-wrap elementor-element-populated\">\n\t\t\t\t\t\t<div class=\"elementor-element elementor-element-5b9f2189 elementor-widget elementor-widget-text-editor\" data-id=\"5b9f2189\" data-element_type=\"widget\" data-e-type=\"widget\" data-widget_type=\"text-editor.default\">\n\t\t\t\t<div class=\"elementor-widget-container\">\n\t\t\t\t\t\t\t\t\t<p><span style=\"color: #99cc00;\"><strong>&#8211;<\/strong> <b>Mejores meses (Temporada alta)<\/b><\/span>:<u>\u00a0meses comprendidos entre <b>Junio-Diciembre<\/b><\/u>. Estos meses corresponden con la <b>\u00e9poca seca<\/b>, por lo que el buen tiempo esta\u00a0asegurado. Adem\u00e1s la vegetaci\u00f3n es menos densa y favorece el avistamiento de fauna salvaje en los safaris. Precios altos. Es recomendable tambi\u00e9n, reservar con antelaci\u00f3n los safaris o permisos como el del <b>cr\u00e1ter del Ngorongoro<\/b>.\u00a0<\/p><p><span style=\"color: #ff0000;\"><strong>&#8211; Peores meses (Temporada baja):<\/strong><\/span><u><b> Marzo, Abril y \u00a0Mayo<\/b><\/u>. Estos meses corresponden con la <b>\u00e9poca de lluvias<\/b>. Las tormentas son frecuentes, por lo que los caminos est\u00e1n en mal estado (especialmente en el sur del pa\u00eds), el avistamiento de fauna es complicado y muchos lodges cierran. Precios muy bajos.\u00a0<\/p><p><span style=\"color: #ff9900;\"><b>&#8211; Buena opci\u00f3n (Temporada media)<\/b><\/span>: <u><b>Enero, Febrero y Mayo.<\/b><\/u> Durante estos tres meses el buen tiempo no esta asegurado, pero es una buena alternativa si buscas recorrer el pa\u00eds sin mucho turismo y con precios m\u00e1s bajos.\u00a0<\/p><p><span style=\"font-style: inherit;\">\u00a0<\/span><\/p><p>*Independientemente del mes en el que se viaje, es recomendable mirar la previsi\u00f3n del tiempo de las diferentes zonas de tu itinerario, ya que la temperatura y el clima es muy diferente de una regi\u00f3n a otra.\u00a0<\/p>\t\t\t\t\t\t\t\t<\/div>\n\t\t\t\t<\/div>\n\t\t\t\t\t<\/div>\n\t\t<\/div>\n\t\t\t\t\t<\/div>\n\t\t<\/section>\n\t\t\t\t<section class=\"elementor-section elementor-top-section elementor-element elementor-element-40320aca elementor-section-boxed elementor-section-height-default elementor-section-height-default\" data-id=\"40320aca\" data-element_type=\"section\" data-e-type=\"section\">\n\t\t\t\t\t\t<div class=\"elementor-container elementor-column-gap-default\">\n\t\t\t\t\t<div class=\"elementor-column elementor-col-100 elementor-top-column elementor-element elementor-element-36c18d29\" data-id=\"36c18d29\" data-element_type=\"column\" data-e-type=\"column\">\n\t\t\t<div class=\"elementor-widget-wrap elementor-element-populated\">\n\t\t\t\t\t\t<div class=\"elementor-element elementor-element-6185a59c elementor-widget elementor-widget-heading\" data-id=\"6185a59c\" data-element_type=\"widget\" data-e-type=\"widget\" data-widget_type=\"heading.default\">\n\t\t\t\t<div class=\"elementor-widget-container\">\n\t\t\t\t\t<h2 class=\"elementor-heading-title elementor-size-default\">6- \u00bfCOMO MOVERSE?<\/h2>\t\t\t\t<\/div>\n\t\t\t\t<\/div>\n\t\t\t\t\t<\/div>\n\t\t<\/div>\n\t\t\t\t\t<\/div>\n\t\t<\/section>\n\t\t\t\t<section class=\"elementor-section elementor-top-section elementor-element elementor-element-eb0e808 elementor-section-boxed elementor-section-height-default elementor-section-height-default\" data-id=\"eb0e808\" data-element_type=\"section\" data-e-type=\"section\">\n\t\t\t\t\t\t<div class=\"elementor-container elementor-column-gap-default\">\n\t\t\t\t\t<div class=\"elementor-column elementor-col-100 elementor-top-column elementor-element elementor-element-532fc6d3\" data-id=\"532fc6d3\" data-element_type=\"column\" data-e-type=\"column\">\n\t\t\t<div class=\"elementor-widget-wrap elementor-element-populated\">\n\t\t\t\t\t\t<div class=\"elementor-element elementor-element-568c46d8 elementor-widget elementor-widget-text-editor\" data-id=\"568c46d8\" data-element_type=\"widget\" data-e-type=\"widget\" data-widget_type=\"text-editor.default\">\n\t\t\t\t<div class=\"elementor-widget-container\">\n\t\t\t\t\t\t\t\t\t<p>Hay 2 posibles alternativas para moverse por <b>Tanzania<\/b> en un viaje enfocado a safaris principalmente:&nbsp;<\/p>\n<p><b>&nbsp;<\/b><\/p>\n<p><u><b>1- Alquiler de veh\u00edculo:<\/b><\/u>&nbsp;Recorrer <b>Tanzania<\/b> por libre es totalmente factible. Actualmente <b>(2025)<\/b>, las carreteras que conectan los puntos de mayor inter\u00e9s del pa\u00eds est\u00e1n en buen estado. Sin embargo, dentro de los Parques Nacionales tendr\u00e1s que tener algo de conocimiento de conducci\u00f3n 4&#215;4. Empresas recomendadas:&nbsp;<a href=\"https:\/\/www.roadtripafrica.com\" target=\"_blank\" rel=\"noopener\">Roadtrip Africa<\/a>&nbsp;(nuestra elecci\u00f3n y un acierto seguro) y<a href=\"https:\/\/www.arushacarrental.co.tz\" target=\"_blank\" rel=\"noopener\"> Arusha Car Rental &amp; Safaris<\/a>. Los precios pueden rondar desde<b> 50\u20ac<\/b> por d\u00eda (Rav4, aunque con este coche no te dejan meterte en todos los Parque Nacionales) hasta <b>110\u20ac<\/b> (Land C<span style=\"font-style: inherit;\">ruiser).<\/span><\/p>\n<p><span style=\"font-style: inherit;\">&nbsp;<\/span><\/p>\n<p><\/p>\n<p><u><b>2- Alquiler de veh\u00edculo con driver<\/b><\/u>: Opci\u00f3n recomendada si estas buscando un viaje algo m\u00e1s c\u00f3modo, ya que las distancias muchas veces son enormes y dentro de los Parque Nacionales no tendr\u00e1s que preocuparte por nada. <b>Recuerda que tanto si vas por libre, como si contratas un driver, podr\u00e1s hacer safaris con el mismo veh\u00edculo, no hace falta contratar nada mas. <\/b>Al precio de alquiler del veh\u00edculo habr\u00eda que sumarle unos <b>40\u20ac-70\u20ac <\/b>adicionales por d\u00eda.<b>&nbsp;<\/b><\/p>\n<p><b>&nbsp;<\/b><\/p>\n<p><b>*Si realizas un viaje combinado entre Kenia y Tanzania,<\/b> a parte de los vuelos (Nairobi &#8211; Arusha)<b>, existe una alternativa de un bus que conecta Nairobi <\/b>(Kenia)<b> &#8211; Arusha<\/b> (punto de partida de los principales safaris de Tanzania) <b>&#8211; Moshi<\/b> (ciudad pr\u00f3xima al Kilimanjaro)<b>.<\/b> La empresa es<b>&nbsp;<\/b><a href=\"https:\/\/www.riverside-shuttle.com\" target=\"_blank\" rel=\"noopener\">Riverside Suttle Bus<\/a>, precio <b>30\u20ac\/5h-8h.&nbsp;<\/b><\/p>\n<p><b>&nbsp;<\/b><\/p>\n<p><\/p>\t\t\t\t\t\t\t\t<\/div>\n\t\t\t\t<\/div>\n\t\t\t\t\t<\/div>\n\t\t<\/div>\n\t\t\t\t\t<\/div>\n\t\t<\/section>\n\t\t\t\t<\/div>\n\t\t","protected":false},"excerpt":{"rendered":"<p>1- \u00bfHACE FALTA VISADO PARA VIAJAR A TANZANIA EN 2025? El visado para entrar en Tanzania es obligatorio. Puede obtenerse en el mismo aeropuerto o en las principales fronteras terrestres, pero la forma m\u00e1s c\u00f3moda de hacer el tr\u00e1mite es a trav\u00e9s de la siguiente\u00a0web.\u00a0 *Tiene un coste de 50$ y es v\u00e1lido por 90 [&hellip;]<\/p>\n","protected":false},"author":1,"featured_media":0,"parent":0,"menu_order":0,"comment_status":"closed","ping_status":"closed","template":"","meta":{"_uag_custom_page_level_css":"","site-sidebar-layout":"no-sidebar","site-content-layout":"","ast-site-content-layout":"full-width-container","site-content-style":"default","site-sidebar-style":"default","ast-global-header-display":"","ast-banner-title-visibility":"","ast-main-header-display":"","ast-hfb-above-header-display":"","ast-hfb-below-header-display":"","ast-hfb-mobile-header-display":"","site-post-title":"disabled","ast-breadcrumbs-content":"","ast-featured-img":"disabled","footer-sml-layout":"","ast-disable-related-posts":"","theme-transparent-header-meta":"","adv-header-id-meta":"","stick-header-meta":"","header-above-stick-meta":"","header-main-stick-meta":"","header-below-stick-meta":"","astra-migrate-meta-layouts":"default","ast-page-background-enabled":"default","ast-page-background-meta":{"desktop":{"background-color":"var(--ast-global-color-4)","background-image":"","background-repeat":"repeat","background-position":"center center","background-size":"auto","background-attachment":"scroll","background-type":"","background-media":"","overlay-type":"","overlay-color":"","overlay-opacity":"","overlay-gradient":""},"tablet":{"background-color":"","background-image":"","background-repeat":"repeat","background-position":"center center","background-size":"auto","background-attachment":"scroll","background-type":"","background-media":"","overlay-type":"","overlay-color":"","overlay-opacity":"","overlay-gradient":""},"mobile":{"background-color":"","background-image":"","background-repeat":"repeat","background-position":"center center","background-size":"auto","background-attachment":"scroll","background-type":"","background-media":"","overlay-type":"","overlay-color":"","overlay-opacity":"","overlay-gradient":""}},"ast-content-background-meta":{"desktop":{"background-color":"var(--ast-global-color-5)","background-image":"","background-repeat":"repeat","background-position":"center center","background-size":"auto","background-attachment":"scroll","background-type":"","background-media":"","overlay-type":"","overlay-color":"","overlay-opacity":"","overlay-gradient":""},"tablet":{"background-color":"var(--ast-global-color-5)","background-image":"","background-repeat":"repeat","background-position":"center center","background-size":"auto","background-attachment":"scroll","background-type":"","background-media":"","overlay-type":"","overlay-color":"","overlay-opacity":"","overlay-gradient":""},"mobile":{"background-color":"var(--ast-global-color-5)","background-image":"","background-repeat":"repeat","background-position":"center center","background-size":"auto","background-attachment":"scroll","background-type":"","background-media":"","overlay-type":"","overlay-color":"","overlay-opacity":"","overlay-gradient":""}},"footnotes":""},"class_list":["post-7584","page","type-page","status-publish","hentry"],"uagb_featured_image_src":{"full":false,"thumbnail":false,"medium":false,"medium_large":false,"large":false,"1536x1536":false,"2048x2048":false,"bm-post-thumb":false,"bm-post-medium":false},"uagb_author_info":{"display_name":"admin","author_link":"https:\/\/www.ebanoviajes.com\/index.php\/author\/admin\/"},"uagb_comment_info":0,"uagb_excerpt":"1- \u00bfHACE FALTA VISADO PARA VIAJAR A TANZANIA EN 2025? El visado para entrar en Tanzania es obligatorio. Puede obtenerse en el mismo aeropuerto o en las principales fronteras terrestres, pero la forma m\u00e1s c\u00f3moda de hacer el tr\u00e1mite es a trav\u00e9s de la siguiente\u00a0web.\u00a0 *Tiene un coste de 50$ y es v\u00e1lido por 90&hellip;","_links":{"self":[{"href":"https:\/\/www.ebanoviajes.com\/index.php\/wp-json\/wp\/v2\/pages\/7584","targetHints":{"allow":["GET"]}}],"collection":[{"href":"https:\/\/www.ebanoviajes.com\/index.php\/wp-json\/wp\/v2\/pages"}],"about":[{"href":"https:\/\/www.ebanoviajes.com\/index.php\/wp-json\/wp\/v2\/types\/page"}],"author":[{"embeddable":true,"href":"https:\/\/www.ebanoviajes.com\/index.php\/wp-json\/wp\/v2\/users\/1"}],"replies":[{"embeddable":true,"href":"https:\/\/www.ebanoviajes.com\/index.php\/wp-json\/wp\/v2\/comments?post=7584"}],"version-history":[{"count":37,"href":"https:\/\/www.ebanoviajes.com\/index.php\/wp-json\/wp\/v2\/pages\/7584\/revisions"}],"predecessor-version":[{"id":10139,"href":"https:\/\/www.ebanoviajes.com\/index.php\/wp-json\/wp\/v2\/pages\/7584\/revisions\/10139"}],"wp:attachment":[{"href":"https:\/\/www.ebanoviajes.com\/index.php\/wp-json\/wp\/v2\/media?parent=7584"}],"curies":[{"name":"wp","href":"https:\/\/api.w.org\/{rel}","templated":true}]}}