{"id":6714,"date":"2024-10-11T15:01:00","date_gmt":"2024-10-11T15:01:00","guid":{"rendered":"https:\/\/www.ebanoviajes.com\/?page_id=6714"},"modified":"2024-10-11T15:07:31","modified_gmt":"2024-10-11T15:07:31","slug":"informacion-yukon","status":"publish","type":"page","link":"https:\/\/www.ebanoviajes.com\/index.php\/informacion-yukon\/","title":{"rendered":"INFORMACI\u00d3N YUK\u00d3N"},"content":{"rendered":"\t\t<div data-elementor-type=\"wp-page\" data-elementor-id=\"6714\" class=\"elementor elementor-6714\">\n\t\t\t\t\t\t<section class=\"elementor-section elementor-top-section elementor-element elementor-element-443d50e elementor-section-boxed elementor-section-height-default elementor-section-height-default\" data-id=\"443d50e\" data-element_type=\"section\" data-e-type=\"section\">\n\t\t\t\t\t\t<div class=\"elementor-container elementor-column-gap-default\">\n\t\t\t\t\t<div class=\"elementor-column elementor-col-100 elementor-top-column elementor-element elementor-element-8c20031\" data-id=\"8c20031\" data-element_type=\"column\" data-e-type=\"column\">\n\t\t\t<div class=\"elementor-widget-wrap elementor-element-populated\">\n\t\t\t\t\t\t<div class=\"elementor-element elementor-element-54501ff elementor-widget elementor-widget-heading\" data-id=\"54501ff\" data-element_type=\"widget\" data-e-type=\"widget\" data-widget_type=\"heading.default\">\n\t\t\t\t<div class=\"elementor-widget-container\">\n\t\t\t\t\t<h2 class=\"elementor-heading-title elementor-size-default\">INFORMACI\u00d3N \u00daTIL PARA VIAJAR AL TERRITORIO YUK\u00d3N<\/h2>\t\t\t\t<\/div>\n\t\t\t\t<\/div>\n\t\t\t\t<div class=\"elementor-element elementor-element-8897fd5 elementor-widget elementor-widget-text-editor\" data-id=\"8897fd5\" data-element_type=\"widget\" data-e-type=\"widget\" data-widget_type=\"text-editor.default\">\n\t\t\t\t<div class=\"elementor-widget-container\">\n\t\t\t\t\t\t\t\t\t<p>Tanto el descenso del R\u00edo Yuk\u00f3n como los trekkings en Kluane NP, solo se pueden hacer entre Junio &#8211; Septiembre, ya que las fuera de estos meses las lluvias y el descenso de las temperaturas hasta los -40\u00baC hace imposible la realizaci\u00f3n de estas actividades.\u00a0<\/p>\t\t\t\t\t\t\t\t<\/div>\n\t\t\t\t<\/div>\n\t\t\t\t<div class=\"elementor-element elementor-element-1f71dad elementor-widget elementor-widget-heading\" data-id=\"1f71dad\" data-element_type=\"widget\" data-e-type=\"widget\" data-widget_type=\"heading.default\">\n\t\t\t\t<div class=\"elementor-widget-container\">\n\t\t\t\t\t<h2 class=\"elementor-heading-title elementor-size-default\">REQUISITOS PARA VIAJAR A CANAD\u00c1:<\/h2>\t\t\t\t<\/div>\n\t\t\t\t<\/div>\n\t\t\t\t<div class=\"elementor-element elementor-element-067232d elementor-widget elementor-widget-text-editor\" data-id=\"067232d\" data-element_type=\"widget\" data-e-type=\"widget\" data-widget_type=\"text-editor.default\">\n\t\t\t\t<div class=\"elementor-widget-container\">\n\t\t\t\t\t\t\t\t\t<p>1 &#8211; <b>Pasaporte<\/b> con <b>validez m\u00ednima de 6 meses<\/b>.<\/p><p>2 &#8211; Aunque no hace falta visado, es necesario contar con la\u00a0<a href=\"https:\/\/www.canada.ca\/en\/immigration-refugees-citizenship\/services\/visit-canada\/eta\/apply-es.html\" target=\"_blank\" rel=\"noopener\">ETA<\/a>\u00a0<i>(Autorizaci\u00f3n Electr\u00f3nica de Viaje)<\/i>. Tiene un precio de <b>5\u20ac<\/b>.<\/p><p>3 &#8211; <b>El<\/b> <b>seguro<\/b> de viaje no es obligatorio, pero muy recomendable ya que los gastos m\u00e9dicos en Canad\u00e1 son muy elevados.\u00a0<\/p>\t\t\t\t\t\t\t\t<\/div>\n\t\t\t\t<\/div>\n\t\t\t\t\t<\/div>\n\t\t<\/div>\n\t\t\t\t\t<\/div>\n\t\t<\/section>\n\t\t\t\t<section class=\"elementor-section elementor-top-section elementor-element elementor-element-00b654f elementor-section-boxed elementor-section-height-default elementor-section-height-default\" data-id=\"00b654f\" data-element_type=\"section\" data-e-type=\"section\">\n\t\t\t\t\t\t<div class=\"elementor-container elementor-column-gap-default\">\n\t\t\t\t\t<div class=\"elementor-column elementor-col-100 elementor-top-column elementor-element elementor-element-72b41b2\" data-id=\"72b41b2\" data-element_type=\"column\" data-e-type=\"column\">\n\t\t\t<div class=\"elementor-widget-wrap elementor-element-populated\">\n\t\t\t\t\t\t<div class=\"elementor-element elementor-element-5acd822 elementor-widget elementor-widget-heading\" data-id=\"5acd822\" data-element_type=\"widget\" data-e-type=\"widget\" data-widget_type=\"heading.default\">\n\t\t\t\t<div class=\"elementor-widget-container\">\n\t\t\t\t\t<h2 class=\"elementor-heading-title elementor-size-default\">EMPRESAS EN WHITEHORSE PARA ALQUILER DE KAYAKS, CANOAS Y VEH\u00cdCULOS.<\/h2>\t\t\t\t<\/div>\n\t\t\t\t<\/div>\n\t\t\t\t<div class=\"elementor-element elementor-element-fa74f65 elementor-widget elementor-widget-text-editor\" data-id=\"fa74f65\" data-element_type=\"widget\" data-e-type=\"widget\" data-widget_type=\"text-editor.default\">\n\t\t\t\t<div class=\"elementor-widget-container\">\n\t\t\t\t\t\t\t\t\t<p>&#8211;\u00a0<a href=\"https:\/\/upnorthadventures.com\" target=\"_blank\" rel=\"noopener\">UP AND NORTH ADVENTURES<\/a>\u00a0(Nuestra elecci\u00f3n).<\/p><p>&#8211;\u00a0<a href=\"https:\/\/www.kanoepeople.com\" target=\"_blank\" rel=\"noopener\">\u00a0KANOE PEOPLE<\/a>.<\/p>\t\t\t\t\t\t\t\t<\/div>\n\t\t\t\t<\/div>\n\t\t\t\t<div class=\"elementor-element elementor-element-00ff5bf elementor-widget elementor-widget-heading\" data-id=\"00ff5bf\" data-element_type=\"widget\" data-e-type=\"widget\" data-widget_type=\"heading.default\">\n\t\t\t\t<div class=\"elementor-widget-container\">\n\t\t\t\t\t<h2 class=\"elementor-heading-title elementor-size-default\">PRESUPUESTO DESCENSO R\u00cdO YUK\u00d3N Y TREKKING EN KLUANE NP.<\/h2>\t\t\t\t<\/div>\n\t\t\t\t<\/div>\n\t\t\t\t<div class=\"elementor-element elementor-element-abcaf10 elementor-widget elementor-widget-text-editor\" data-id=\"abcaf10\" data-element_type=\"widget\" data-e-type=\"widget\" data-widget_type=\"text-editor.default\">\n\t\t\t\t<div class=\"elementor-widget-container\">\n\t\t\t\t\t\t\t\t\t<p>&#8211; <u>VUELOS<\/u>: <b>1400\u20ac<\/b> (Air Canada)<\/p><p>&#8211; <u>ALQUILER KAYAK + TRASLADO DAWSON CITY \/ WHITEHORSE<\/u>: <b>774 \u20ac<\/b><\/p><p>&#8211; <u>SEGURO<\/u>: <b>68\u20ac<\/b><\/p><p>&#8211;\u00a0<a href=\"https:\/\/www.civitatis.com\/es\/tarjeta-esim-canada\/?srsltid=AfmBOor3fViYMPZ0tfObWIVmu-jXbliVEBv5PmHS6YNQihycyoIU4-ee\" target=\"_blank\" rel=\"noopener\"><u>ESIM<\/u><\/a>: <b>15 \u20ac<\/b><\/p><p>&#8211; <u>ALOJAMIENTOS 6 NOCHES EN TOTAL<\/u>: <b>283\u20ac \/ 47\u20ac por noche.<\/b><\/p><ul><li>Whitehorse: <i>Elite Hotel<\/i> y<i> Destination Family.<\/i><\/li><li>Dawson City: <i>Dawson Downtown.<\/i><\/li><\/ul><div><i>&#8211; <\/i><u>COMIDAS EN CIUDAD:<\/u> <b>30\u20ac de media <\/b>(<b>350\u20ac <\/b>total 21 d\u00edas, 15 de ellos cocinando de acampada)<\/div><div><i>&#8211;<\/i><u> TRASLADO AL KLUANE NATIONAL PARK: <\/u><b>260\u20ac desde Whitehorse.<\/b><\/div><div>&#8211; <u>PERMISOS KLUANE NATIONAL PARK: <\/u><b>\u00a040\u20ac por 3 noches.<\/b><\/div><div>&#8211; <u>TRASLADO AEROPUERTO &#8211; WHITEHORSE: <\/u><b>15\u20ac<\/b><\/div><div><b>\u00a0<\/b><\/div><div><b><u>*<span style=\"color: #ff0000;\">PRESUPUESTO TOTAL 21 D\u00cdAS:<\/span> <span style=\"color: #ff0000;\">3200\u20ac &#8211; 3400\u20ac<\/span><\/u><\/b><\/div>\t\t\t\t\t\t\t\t<\/div>\n\t\t\t\t<\/div>\n\t\t\t\t<div class=\"elementor-element elementor-element-2505255 elementor-widget elementor-widget-heading\" data-id=\"2505255\" data-element_type=\"widget\" data-e-type=\"widget\" data-widget_type=\"heading.default\">\n\t\t\t\t<div class=\"elementor-widget-container\">\n\t\t\t\t\t<h2 class=\"elementor-heading-title elementor-size-default\">MATERIAL (JUNIO - SEPTIEMBRE \/ TEMPERATURAS ENTRE 0\u00ba - 30\u00ba).<\/h2>\t\t\t\t<\/div>\n\t\t\t\t<\/div>\n\t\t\t\t<div class=\"elementor-element elementor-element-47085a3 elementor-widget elementor-widget-text-editor\" data-id=\"47085a3\" data-element_type=\"widget\" data-e-type=\"widget\" data-widget_type=\"text-editor.default\">\n\t\t\t\t<div class=\"elementor-widget-container\">\n\t\t\t\t\t\t\t\t\t<p><strong><span style=\"text-decoration: underline;\">ROPA:<\/span><\/strong><\/p><ul><li>PLUMAS LIGERO<\/li><li>IMPERMEABLE GORE-TEX.<\/li><li>CORTAVIENTOS.<\/li><li>FORRO POLAR.<\/li><li>4 CAMISETAS.<\/li><li>2 PANTALONES (1 C\u00c1LIDO &#8211; 1 TRANSPIRABLE).<\/li><li>ROPA INTERIOR T\u00c9RMICA.<\/li><li><span style=\"font-style: inherit;\">CALAZADO GORE-TEX.<\/span><\/li><li>BOTAS DE AGUA O ESCARPINES.<\/li><\/ul>\t\t\t\t\t\t\t\t<\/div>\n\t\t\t\t<\/div>\n\t\t\t\t<div class=\"elementor-element elementor-element-89fb33d elementor-widget elementor-widget-text-editor\" data-id=\"89fb33d\" data-element_type=\"widget\" data-e-type=\"widget\" data-widget_type=\"text-editor.default\">\n\t\t\t\t<div class=\"elementor-widget-container\">\n\t\t\t\t\t\t\t\t\t<p><span style=\"text-decoration: underline;\"><strong>ACAMPADA:<\/strong><\/span><\/p><ul><li>TIENDA DE CAMPA\u00d1A IMPERMEABLE.<\/li><li>ESTERILLA LIGERA.<\/li><li>SACO DORMIR 0\u00ba.<\/li><li>FUNDA VIVAC.<\/li><li>ALMOHADA.<\/li><li>LONA PEQUE\u00d1A DE SUELO.<\/li><\/ul>\t\t\t\t\t\t\t\t<\/div>\n\t\t\t\t<\/div>\n\t\t\t\t<div class=\"elementor-element elementor-element-b80a2cf elementor-widget elementor-widget-text-editor\" data-id=\"b80a2cf\" data-element_type=\"widget\" data-e-type=\"widget\" data-widget_type=\"text-editor.default\">\n\t\t\t\t<div class=\"elementor-widget-container\">\n\t\t\t\t\t\t\t\t\t<p><span style=\"text-decoration: underline;\"><strong>MATERIAL:<\/strong><\/span><\/p><ul><li>2 BATERIAS EXTERNAS.<\/li><li>CORDINOS + MOSQUETONES.<\/li><li>MECHEROS.<\/li><li>FRONTAL.<\/li><li>BOTELLA POTABILIZADORA + LEJIA.<\/li><li>CACEROLAS Y CUBIERTOS.<\/li><li>CAMPINGAZ + HORNILLO (COMPRAR ALL\u00cd).<\/li><li>HACHA (COMPRAR ALL\u00cd).<\/li><\/ul>\t\t\t\t\t\t\t\t<\/div>\n\t\t\t\t<\/div>\n\t\t\t\t\t<\/div>\n\t\t<\/div>\n\t\t\t\t\t<\/div>\n\t\t<\/section>\n\t\t\t\t<section class=\"elementor-section elementor-top-section elementor-element elementor-element-b87ac77 elementor-section-boxed elementor-section-height-default elementor-section-height-default\" data-id=\"b87ac77\" data-element_type=\"section\" data-e-type=\"section\">\n\t\t\t\t\t\t<div class=\"elementor-container elementor-column-gap-default\">\n\t\t\t\t\t<div class=\"elementor-column elementor-col-100 elementor-top-column elementor-element elementor-element-783bb10\" data-id=\"783bb10\" data-element_type=\"column\" data-e-type=\"column\">\n\t\t\t<div class=\"elementor-widget-wrap elementor-element-populated\">\n\t\t\t\t\t\t<div class=\"elementor-element elementor-element-1fa1d53 elementor-widget elementor-widget-heading\" data-id=\"1fa1d53\" data-element_type=\"widget\" data-e-type=\"widget\" data-widget_type=\"heading.default\">\n\t\t\t\t<div class=\"elementor-widget-container\">\n\t\t\t\t\t<h2 class=\"elementor-heading-title elementor-size-default\">PREVENTIVA ANTI OSOS.<\/h2>\t\t\t\t<\/div>\n\t\t\t\t<\/div>\n\t\t\t\t<div class=\"elementor-element elementor-element-0723ce6 elementor-widget elementor-widget-text-editor\" data-id=\"0723ce6\" data-element_type=\"widget\" data-e-type=\"widget\" data-widget_type=\"text-editor.default\">\n\t\t\t\t<div class=\"elementor-widget-container\">\n\t\t\t\t\t\t\t\t\t<p>Canad\u00e1 es conocido como <b>\u00abEl Pa\u00eds de los Osos\u00bb,<\/b> por lo que tendr\u00e1s que tener un m\u00ednimo de precauci\u00f3n para evitar una situaci\u00f3n desagradable. Nosotros estuvimos un total de 15 d\u00edas en plena naturaleza y tuvimos un encuentro con un oso negro a tan solo 2-3 metros. Hay que decir que el \u00abbicho\u00bb paso absolutamente de nosotros, pero eso no quiere decir que todos vayan a actuar igual, por lo que deberas tener claro estas reglas:<\/p>\n<p><br><\/p>\n<p>1- Lo primero de todo, antes de embarcarte en cualquier aventura por el Territorio del Yuk\u00f3n, tienes que comprar un <b>spray anti-osos (30\u20ac\/40\u20ac)<\/b>. En Whitehorse se venden pr\u00e1cticamente en cualquier establecimiento de aventura y tiendas de deportes.&nbsp;<\/p>\n<p>2- Identificar que oso tienes delante, ya que debe cambiar tu manera de actuar en funci\u00f3n de si es un<b> oso negro<\/b> o un <b>oso grizzly<\/b>.&nbsp;<a href=\"https:\/\/capturetheatlas.com\/es\/ataques-osos-canada-estados-unidos\/\" target=\"_blank\" style=\"font-size: 1rem;\">Aqu\u00ed tienes toda la informaci\u00f3n sobre como identificarlos.<\/a><\/p>\n<p>3- Si viajas en grupo, intentar <b>manteneros juntos<\/b>, ya que no hay ning\u00fan ataque de oso registrado a grupos de m\u00e1s de 3 personas.&nbsp;<\/p>\n<p>4- <b>Haz ruido<\/b>, los animales no son tontos, si escuchan jaleo se alejaran de ah\u00ed inmediatamente.&nbsp;<\/p>\n<p>5- Si ves un <b>osezno<\/b> (cachorro de oso), sal de donde estes inmediatamente, las madres se vuelven muy agresivas cuando sus cr\u00edas est\u00e1n cerca.<\/p>\n<p>6- Recuerda que los osos son i<b>ncre\u00edbles escaladores<\/b>, si vas acampar en zona de bosque alto echa un ojo a las copas de los \u00e1rboles.&nbsp;<\/p>\n<p>7- Antes de acampar, es recomendable echar un ojo a las<b> posibles huellas,<\/b> <b>excrementos<\/b>, etc&#8230;&nbsp;<\/p>\t\t\t\t\t\t\t\t<\/div>\n\t\t\t\t<\/div>\n\t\t\t\t\t<\/div>\n\t\t<\/div>\n\t\t\t\t\t<\/div>\n\t\t<\/section>\n\t\t\t\t<\/div>\n\t\t","protected":false},"excerpt":{"rendered":"<p>INFORMACI\u00d3N \u00daTIL PARA VIAJAR AL TERRITORIO YUK\u00d3N Tanto el descenso del R\u00edo Yuk\u00f3n como los trekkings en Kluane NP, solo se pueden hacer entre Junio &#8211; Septiembre, ya que las fuera de estos meses las lluvias y el descenso de las temperaturas hasta los -40\u00baC hace imposible la realizaci\u00f3n de estas actividades.\u00a0 REQUISITOS PARA VIAJAR [&hellip;]<\/p>\n","protected":false},"author":1,"featured_media":0,"parent":0,"menu_order":0,"comment_status":"closed","ping_status":"closed","template":"","meta":{"_uag_custom_page_level_css":"","site-sidebar-layout":"no-sidebar","site-content-layout":"","ast-site-content-layout":"full-width-container","site-content-style":"default","site-sidebar-style":"default","ast-global-header-display":"","ast-banner-title-visibility":"","ast-main-header-display":"","ast-hfb-above-header-display":"","ast-hfb-below-header-display":"","ast-hfb-mobile-header-display":"","site-post-title":"disabled","ast-breadcrumbs-content":"","ast-featured-img":"disabled","footer-sml-layout":"","ast-disable-related-posts":"","theme-transparent-header-meta":"","adv-header-id-meta":"","stick-header-meta":"","header-above-stick-meta":"","header-main-stick-meta":"","header-below-stick-meta":"","astra-migrate-meta-layouts":"default","ast-page-background-enabled":"default","ast-page-background-meta":{"desktop":{"background-color":"var(--ast-global-color-4)","background-image":"","background-repeat":"repeat","background-position":"center center","background-size":"auto","background-attachment":"scroll","background-type":"","background-media":"","overlay-type":"","overlay-color":"","overlay-opacity":"","overlay-gradient":""},"tablet":{"background-color":"","background-image":"","background-repeat":"repeat","background-position":"center center","background-size":"auto","background-attachment":"scroll","background-type":"","background-media":"","overlay-type":"","overlay-color":"","overlay-opacity":"","overlay-gradient":""},"mobile":{"background-color":"","background-image":"","background-repeat":"repeat","background-position":"center center","background-size":"auto","background-attachment":"scroll","background-type":"","background-media":"","overlay-type":"","overlay-color":"","overlay-opacity":"","overlay-gradient":""}},"ast-content-background-meta":{"desktop":{"background-color":"var(--ast-global-color-5)","background-image":"","background-repeat":"repeat","background-position":"center center","background-size":"auto","background-attachment":"scroll","background-type":"","background-media":"","overlay-type":"","overlay-color":"","overlay-opacity":"","overlay-gradient":""},"tablet":{"background-color":"var(--ast-global-color-5)","background-image":"","background-repeat":"repeat","background-position":"center center","background-size":"auto","background-attachment":"scroll","background-type":"","background-media":"","overlay-type":"","overlay-color":"","overlay-opacity":"","overlay-gradient":""},"mobile":{"background-color":"var(--ast-global-color-5)","background-image":"","background-repeat":"repeat","background-position":"center center","background-size":"auto","background-attachment":"scroll","background-type":"","background-media":"","overlay-type":"","overlay-color":"","overlay-opacity":"","overlay-gradient":""}},"footnotes":""},"class_list":["post-6714","page","type-page","status-publish","hentry"],"uagb_featured_image_src":{"full":false,"thumbnail":false,"medium":false,"medium_large":false,"large":false,"1536x1536":false,"2048x2048":false,"bm-post-thumb":false,"bm-post-medium":false},"uagb_author_info":{"display_name":"admin","author_link":"https:\/\/www.ebanoviajes.com\/index.php\/author\/admin\/"},"uagb_comment_info":0,"uagb_excerpt":"INFORMACI\u00d3N \u00daTIL PARA VIAJAR AL TERRITORIO YUK\u00d3N Tanto el descenso del R\u00edo Yuk\u00f3n como los trekkings en Kluane NP, solo se pueden hacer entre Junio &#8211; Septiembre, ya que las fuera de estos meses las lluvias y el descenso de las temperaturas hasta los -40\u00baC hace imposible la realizaci\u00f3n de estas actividades.\u00a0 REQUISITOS PARA VIAJAR&hellip;","_links":{"self":[{"href":"https:\/\/www.ebanoviajes.com\/index.php\/wp-json\/wp\/v2\/pages\/6714","targetHints":{"allow":["GET"]}}],"collection":[{"href":"https:\/\/www.ebanoviajes.com\/index.php\/wp-json\/wp\/v2\/pages"}],"about":[{"href":"https:\/\/www.ebanoviajes.com\/index.php\/wp-json\/wp\/v2\/types\/page"}],"author":[{"embeddable":true,"href":"https:\/\/www.ebanoviajes.com\/index.php\/wp-json\/wp\/v2\/users\/1"}],"replies":[{"embeddable":true,"href":"https:\/\/www.ebanoviajes.com\/index.php\/wp-json\/wp\/v2\/comments?post=6714"}],"version-history":[{"count":10,"href":"https:\/\/www.ebanoviajes.com\/index.php\/wp-json\/wp\/v2\/pages\/6714\/revisions"}],"predecessor-version":[{"id":6727,"href":"https:\/\/www.ebanoviajes.com\/index.php\/wp-json\/wp\/v2\/pages\/6714\/revisions\/6727"}],"wp:attachment":[{"href":"https:\/\/www.ebanoviajes.com\/index.php\/wp-json\/wp\/v2\/media?parent=6714"}],"curies":[{"name":"wp","href":"https:\/\/api.w.org\/{rel}","templated":true}]}}