{"id":6214,"date":"2024-08-31T16:17:47","date_gmt":"2024-08-31T16:17:47","guid":{"rendered":"https:\/\/www.ebanoviajes.com\/?page_id=6214"},"modified":"2024-10-11T15:08:11","modified_gmt":"2024-10-11T15:08:11","slug":"expedicion-yukon-canada","status":"publish","type":"page","link":"https:\/\/www.ebanoviajes.com\/index.php\/expedicion-yukon-canada\/","title":{"rendered":"Expedici\u00f3n Yuk\u00f3n Canad\u00e1"},"content":{"rendered":"\t\t<div data-elementor-type=\"wp-page\" data-elementor-id=\"6214\" class=\"elementor elementor-6214\">\n\t\t\t\t\t\t<section class=\"elementor-section elementor-top-section elementor-element elementor-element-9dad087 elementor-section-height-min-height elementor-section-full_width elementor-section-height-default elementor-section-items-middle\" data-id=\"9dad087\" data-element_type=\"section\" data-e-type=\"section\" data-settings=\"{&quot;background_background&quot;:&quot;classic&quot;}\">\n\t\t\t\t\t\t<div class=\"elementor-container elementor-column-gap-default\">\n\t\t\t\t\t<div class=\"elementor-column elementor-col-100 elementor-top-column elementor-element elementor-element-d2be4a1\" data-id=\"d2be4a1\" data-element_type=\"column\" data-e-type=\"column\">\n\t\t\t<div class=\"elementor-widget-wrap elementor-element-populated\">\n\t\t\t\t\t\t<div class=\"elementor-element elementor-element-5d217d9 elementor-widget elementor-widget-heading\" data-id=\"5d217d9\" data-element_type=\"widget\" data-e-type=\"widget\" data-widget_type=\"heading.default\">\n\t\t\t\t<div class=\"elementor-widget-container\">\n\t\t\t\t\t<h2 class=\"elementor-heading-title elementor-size-default\">EXPEDICI\u00d3N YUK\u00d3N<\/h2>\t\t\t\t<\/div>\n\t\t\t\t<\/div>\n\t\t\t\t\t<\/div>\n\t\t<\/div>\n\t\t\t\t\t<\/div>\n\t\t<\/section>\n\t\t\t\t<section class=\"elementor-section elementor-top-section elementor-element elementor-element-94a5b95 elementor-section-boxed elementor-section-height-default elementor-section-height-default\" data-id=\"94a5b95\" data-element_type=\"section\" data-e-type=\"section\">\n\t\t\t\t\t\t<div class=\"elementor-container elementor-column-gap-default\">\n\t\t\t\t\t<div class=\"elementor-column elementor-col-100 elementor-top-column elementor-element elementor-element-b965211\" data-id=\"b965211\" data-element_type=\"column\" data-e-type=\"column\">\n\t\t\t<div class=\"elementor-widget-wrap elementor-element-populated\">\n\t\t\t\t\t\t<div class=\"elementor-element elementor-element-3f0255e elementor-widget elementor-widget-text-editor\" data-id=\"3f0255e\" data-element_type=\"widget\" data-e-type=\"widget\" data-widget_type=\"text-editor.default\">\n\t\t\t\t<div class=\"elementor-widget-container\">\n\t\t\t\t\t\t\t\t\t<p>Javier Reverte bautiz\u00f3 al r\u00edo Yuk\u00f3n como \u00abEl R\u00edo de la Luz\u00bb y aqu\u00ed tienes un breve ejemplo de ello. En agosto de 2024, nos embarcamos en una aventura\u00a0 recorriendo en kayak los 700km de r\u00edo que separan Whitehorse de Dawson City en 11 d\u00edas. Esta ruta era conocida como la ruta del oro, que tanta fortuna y desgracia trajo a aquellos que a finales del siglo XIX navegaron sus g\u00e9lidas aguas en busca de un futuro mejor. El r\u00edo Yuk\u00f3n solo es navegable de mayo a septiembre, durante el verano boreal, ya que el resto del a\u00f1o se encuentra congelado. Durante estos meses, el r\u00edo fluye atravesando extensos lagos, infinitos bosques boreales y gigantescas monta\u00f1as sin nombres, pero ojo, no todo lo que reluce es oro, el r\u00edo esta repleto de desaf\u00edos y obst\u00e1culos \u00bfQuieres saber m\u00e1s? abajo tienes el relato de nuestra aventura, as\u00ed como todo lo necesario para llevarla a cabo.<\/p>\t\t\t\t\t\t\t\t<\/div>\n\t\t\t\t<\/div>\n\t\t\t\t\t<\/div>\n\t\t<\/div>\n\t\t\t\t\t<\/div>\n\t\t<\/section>\n\t\t\t\t<section class=\"elementor-section elementor-top-section elementor-element elementor-element-3127fdd elementor-section-boxed elementor-section-height-default elementor-section-height-default\" data-id=\"3127fdd\" data-element_type=\"section\" data-e-type=\"section\">\n\t\t\t\t\t\t<div class=\"elementor-container elementor-column-gap-default\">\n\t\t\t\t\t<div class=\"elementor-column elementor-col-33 elementor-top-column elementor-element elementor-element-67ede95\" data-id=\"67ede95\" data-element_type=\"column\" data-e-type=\"column\">\n\t\t\t<div class=\"elementor-widget-wrap elementor-element-populated\">\n\t\t\t\t\t\t<div class=\"elementor-element elementor-element-352a18a elementor-align-justify elementor-widget elementor-widget-button\" data-id=\"352a18a\" data-element_type=\"widget\" data-e-type=\"widget\" data-widget_type=\"button.default\">\n\t\t\t\t<div class=\"elementor-widget-container\">\n\t\t\t\t\t\t\t\t\t<div class=\"elementor-button-wrapper\">\n\t\t\t\t\t<a class=\"elementor-button elementor-button-link elementor-size-sm\" href=\"https:\/\/www.ebanoviajes.com\/index.php\/informacion-yukon\/\">\n\t\t\t\t\t\t<span class=\"elementor-button-content-wrapper\">\n\t\t\t\t\t\t\t\t\t<span class=\"elementor-button-text\">INFORMACI\u00d3N \u00daTIL  Y PREPARATIVOS<\/span>\n\t\t\t\t\t<\/span>\n\t\t\t\t\t<\/a>\n\t\t\t\t<\/div>\n\t\t\t\t\t\t\t\t<\/div>\n\t\t\t\t<\/div>\n\t\t\t\t<div class=\"elementor-element elementor-element-255d507 elementor-widget elementor-widget-image\" data-id=\"255d507\" data-element_type=\"widget\" data-e-type=\"widget\" data-widget_type=\"image.default\">\n\t\t\t\t<div class=\"elementor-widget-container\">\n\t\t\t\t\t\t\t\t\t\t\t\t\t\t\t\t<a href=\"https:\/\/www.ebanoviajes.com\/index.php\/informacion-yukon\/\">\n\t\t\t\t\t\t\t<img fetchpriority=\"high\" decoding=\"async\" width=\"768\" height=\"1024\" src=\"https:\/\/www.ebanoviajes.com\/wp-content\/uploads\/2024\/08\/IMG-20240831-WA0037-768x1024.jpg\" class=\"attachment-large size-large wp-image-6207\" alt=\"\" srcset=\"https:\/\/www.ebanoviajes.com\/wp-content\/uploads\/2024\/08\/IMG-20240831-WA0037-768x1024.jpg 768w, https:\/\/www.ebanoviajes.com\/wp-content\/uploads\/2024\/08\/IMG-20240831-WA0037-225x300.jpg 225w, https:\/\/www.ebanoviajes.com\/wp-content\/uploads\/2024\/08\/IMG-20240831-WA0037-1152x1536.jpg 1152w, https:\/\/www.ebanoviajes.com\/wp-content\/uploads\/2024\/08\/IMG-20240831-WA0037-1536x2048.jpg 1536w, https:\/\/www.ebanoviajes.com\/wp-content\/uploads\/2024\/08\/IMG-20240831-WA0037-scaled.jpg 1920w\" sizes=\"(max-width: 768px) 100vw, 768px\" \/>\t\t\t\t\t\t\t\t<\/a>\n\t\t\t\t\t\t\t\t\t\t\t\t\t\t\t<\/div>\n\t\t\t\t<\/div>\n\t\t\t\t<div class=\"elementor-element elementor-element-0869e43 elementor-widget elementor-widget-text-editor\" data-id=\"0869e43\" data-element_type=\"widget\" data-e-type=\"widget\" data-widget_type=\"text-editor.default\">\n\t\t\t\t<div class=\"elementor-widget-container\">\n\t\t\t\t\t\t\t\t\t<p>Aqu\u00ed encontrar\u00e1s todo lo necesario para iniciar tu aventura:<\/p><p>&#8211; Requisitos.\u00a0<\/p><p>&#8211; Empresas de alquiler<span style=\"font-style: inherit;\">.<\/span><\/p><p>&#8211; Presupuesto.\u00a0<\/p><p>&#8211; Material.<\/p><p>&#8211; Preventiva ataque de osos.\u00a0<\/p>\t\t\t\t\t\t\t\t<\/div>\n\t\t\t\t<\/div>\n\t\t\t\t\t<\/div>\n\t\t<\/div>\n\t\t\t\t<div class=\"elementor-column elementor-col-33 elementor-top-column elementor-element elementor-element-ad93143\" data-id=\"ad93143\" data-element_type=\"column\" data-e-type=\"column\">\n\t\t\t<div class=\"elementor-widget-wrap elementor-element-populated\">\n\t\t\t\t\t\t<div class=\"elementor-element elementor-element-dec31cd elementor-align-justify elementor-widget elementor-widget-button\" data-id=\"dec31cd\" data-element_type=\"widget\" data-e-type=\"widget\" data-widget_type=\"button.default\">\n\t\t\t\t<div class=\"elementor-widget-container\">\n\t\t\t\t\t\t\t\t\t<div class=\"elementor-button-wrapper\">\n\t\t\t\t\t<a class=\"elementor-button elementor-button-link elementor-size-sm\" href=\"https:\/\/www.ebanoviajes.com\/index.php\/aventura-en-el-yukon\/\">\n\t\t\t\t\t\t<span class=\"elementor-button-content-wrapper\">\n\t\t\t\t\t\t\t\t\t<span class=\"elementor-button-text\">R\u00cdO YUK\u00d3N<\/span>\n\t\t\t\t\t<\/span>\n\t\t\t\t\t<\/a>\n\t\t\t\t<\/div>\n\t\t\t\t\t\t\t\t<\/div>\n\t\t\t\t<\/div>\n\t\t\t\t<div class=\"elementor-element elementor-element-690d47b elementor-widget elementor-widget-image\" data-id=\"690d47b\" data-element_type=\"widget\" data-e-type=\"widget\" data-widget_type=\"image.default\">\n\t\t\t\t<div class=\"elementor-widget-container\">\n\t\t\t\t\t\t\t\t\t\t\t\t\t\t\t\t<a href=\"https:\/\/www.ebanoviajes.com\/index.php\/aventura-en-el-yukon\/\">\n\t\t\t\t\t\t\t<img decoding=\"async\" width=\"1536\" height=\"2048\" src=\"https:\/\/www.ebanoviajes.com\/wp-content\/uploads\/2024\/09\/IMG_6757-1536x2048.jpeg\" class=\"attachment-2048x2048 size-2048x2048 wp-image-6355\" alt=\"\" srcset=\"https:\/\/www.ebanoviajes.com\/wp-content\/uploads\/2024\/09\/IMG_6757-1536x2048.jpeg 1536w, https:\/\/www.ebanoviajes.com\/wp-content\/uploads\/2024\/09\/IMG_6757-225x300.jpeg 225w, https:\/\/www.ebanoviajes.com\/wp-content\/uploads\/2024\/09\/IMG_6757-768x1024.jpeg 768w, https:\/\/www.ebanoviajes.com\/wp-content\/uploads\/2024\/09\/IMG_6757-1152x1536.jpeg 1152w, https:\/\/www.ebanoviajes.com\/wp-content\/uploads\/2024\/09\/IMG_6757-scaled.jpeg 1920w\" sizes=\"(max-width: 1536px) 100vw, 1536px\" \/>\t\t\t\t\t\t\t\t<\/a>\n\t\t\t\t\t\t\t\t\t\t\t\t\t\t\t<\/div>\n\t\t\t\t<\/div>\n\t\t\t\t<div class=\"elementor-element elementor-element-730affc elementor-widget__width-initial elementor-widget elementor-widget-text-editor\" data-id=\"730affc\" data-element_type=\"widget\" data-e-type=\"widget\" data-widget_type=\"text-editor.default\">\n\t\t\t\t<div class=\"elementor-widget-container\">\n\t\t\t\t\t\t\t\t\t<p>Diario de nuestra aventura navegando los <b>700km<\/b> del<b> R\u00edo Yuk\u00f3n<\/b> en<span style=\"font-weight: bold;\"> 11 etapas \/ 11&nbsp;d\u00edas<\/span><span style=\"font-weight: bold;\">.<\/span><i>(Incluye mapas, puntos de inter\u00e9s y recomendaciones).<\/i><\/p>\t\t\t\t\t\t\t\t<\/div>\n\t\t\t\t<\/div>\n\t\t\t\t\t<\/div>\n\t\t<\/div>\n\t\t\t\t<div class=\"elementor-column elementor-col-33 elementor-top-column elementor-element elementor-element-870b001\" data-id=\"870b001\" data-element_type=\"column\" data-e-type=\"column\">\n\t\t\t<div class=\"elementor-widget-wrap elementor-element-populated\">\n\t\t\t\t\t\t<div class=\"elementor-element elementor-element-3c7719e elementor-align-justify elementor-widget elementor-widget-button\" data-id=\"3c7719e\" data-element_type=\"widget\" data-e-type=\"widget\" data-widget_type=\"button.default\">\n\t\t\t\t<div class=\"elementor-widget-container\">\n\t\t\t\t\t\t\t\t\t<div class=\"elementor-button-wrapper\">\n\t\t\t\t\t<a class=\"elementor-button elementor-button-link elementor-size-sm\" href=\"https:\/\/www.ebanoviajes.com\/index.php\/kluane-national-park\/\">\n\t\t\t\t\t\t<span class=\"elementor-button-content-wrapper\">\n\t\t\t\t\t\t\t\t\t<span class=\"elementor-button-text\">KLUANE NATIONAL PARK<\/span>\n\t\t\t\t\t<\/span>\n\t\t\t\t\t<\/a>\n\t\t\t\t<\/div>\n\t\t\t\t\t\t\t\t<\/div>\n\t\t\t\t<\/div>\n\t\t\t\t<div class=\"elementor-element elementor-element-4af14cb elementor-widget elementor-widget-image\" data-id=\"4af14cb\" data-element_type=\"widget\" data-e-type=\"widget\" data-widget_type=\"image.default\">\n\t\t\t\t<div class=\"elementor-widget-container\">\n\t\t\t\t\t\t\t\t\t\t\t\t\t\t\t\t<a href=\"https:\/\/www.ebanoviajes.com\/index.php\/kluane-national-park\/\">\n\t\t\t\t\t\t\t<img decoding=\"async\" width=\"768\" height=\"1024\" src=\"https:\/\/www.ebanoviajes.com\/wp-content\/uploads\/2024\/10\/4c5a6538-052d-4a4f-8cbb-57d08e174212-768x1024.jpeg\" class=\"attachment-large size-large wp-image-6596\" alt=\"\" srcset=\"https:\/\/www.ebanoviajes.com\/wp-content\/uploads\/2024\/10\/4c5a6538-052d-4a4f-8cbb-57d08e174212-768x1024.jpeg 768w, https:\/\/www.ebanoviajes.com\/wp-content\/uploads\/2024\/10\/4c5a6538-052d-4a4f-8cbb-57d08e174212-225x300.jpeg 225w, https:\/\/www.ebanoviajes.com\/wp-content\/uploads\/2024\/10\/4c5a6538-052d-4a4f-8cbb-57d08e174212-1152x1536.jpeg 1152w, https:\/\/www.ebanoviajes.com\/wp-content\/uploads\/2024\/10\/4c5a6538-052d-4a4f-8cbb-57d08e174212-1536x2048.jpeg 1536w, https:\/\/www.ebanoviajes.com\/wp-content\/uploads\/2024\/10\/4c5a6538-052d-4a4f-8cbb-57d08e174212-scaled.jpeg 1920w\" sizes=\"(max-width: 768px) 100vw, 768px\" \/>\t\t\t\t\t\t\t\t<\/a>\n\t\t\t\t\t\t\t\t\t\t\t\t\t\t\t<\/div>\n\t\t\t\t<\/div>\n\t\t\t\t<div class=\"elementor-element elementor-element-a7ee91c elementor-widget elementor-widget-text-editor\" data-id=\"a7ee91c\" data-element_type=\"widget\" data-e-type=\"widget\" data-widget_type=\"text-editor.default\">\n\t\t\t\t<div class=\"elementor-widget-container\">\n\t\t\t\t\t\t\t\t\t<p>Ruta <b>Slims River West<\/b> <i>(\u00c4\u00b4\u00e4y Ch\u00fa)<\/i>\u00a0<span style=\"font-style: inherit;\">de <\/span><b style=\"font-style: inherit;\">4 d\u00edas \/ 64km<\/b><span style=\"font-style: inherit;\">\u00a0en el coraz\u00f3n del<b> Parque Nacional Kluane<\/b>. <\/span><i>(Incluye mapas y recomendaciones).<\/i><\/p>\t\t\t\t\t\t\t\t<\/div>\n\t\t\t\t<\/div>\n\t\t\t\t\t<\/div>\n\t\t<\/div>\n\t\t\t\t\t<\/div>\n\t\t<\/section>\n\t\t\t\t<section class=\"elementor-section elementor-top-section elementor-element elementor-element-0997bf0 elementor-section-boxed elementor-section-height-default elementor-section-height-default\" data-id=\"0997bf0\" data-element_type=\"section\" data-e-type=\"section\">\n\t\t\t\t\t\t<div class=\"elementor-container elementor-column-gap-default\">\n\t\t\t\t\t<div class=\"elementor-column elementor-col-100 elementor-top-column elementor-element elementor-element-427a17e\" data-id=\"427a17e\" data-element_type=\"column\" data-e-type=\"column\">\n\t\t\t<div class=\"elementor-widget-wrap elementor-element-populated\">\n\t\t\t\t\t\t<div class=\"elementor-element elementor-element-cc7800f elementor-align-justify elementor-widget elementor-widget-button\" data-id=\"cc7800f\" data-element_type=\"widget\" data-e-type=\"widget\" data-widget_type=\"button.default\">\n\t\t\t\t<div class=\"elementor-widget-container\">\n\t\t\t\t\t\t\t\t\t<div class=\"elementor-button-wrapper\">\n\t\t\t\t\t<a class=\"elementor-button elementor-button-link elementor-size-sm\" href=\"https:\/\/www.ebanoviajes.com\/index.php\/mapa-nautico-rio-yukon\/\">\n\t\t\t\t\t\t<span class=\"elementor-button-content-wrapper\">\n\t\t\t\t\t\t\t\t\t<span class=\"elementor-button-text\">MAPA FLUVIAL R\u00cdO YUK\u00d3N<\/span>\n\t\t\t\t\t<\/span>\n\t\t\t\t\t<\/a>\n\t\t\t\t<\/div>\n\t\t\t\t\t\t\t\t<\/div>\n\t\t\t\t<\/div>\n\t\t\t\t<div class=\"elementor-element elementor-element-313f6f0 elementor-widget elementor-widget-image\" data-id=\"313f6f0\" data-element_type=\"widget\" data-e-type=\"widget\" data-widget_type=\"image.default\">\n\t\t\t\t<div class=\"elementor-widget-container\">\n\t\t\t\t\t\t\t\t\t\t\t\t\t\t\t\t<a href=\"https:\/\/www.ebanoviajes.com\/index.php\/mapa-nautico-rio-yukon\/\">\n\t\t\t\t\t\t\t<img loading=\"lazy\" decoding=\"async\" width=\"1584\" height=\"1413\" src=\"https:\/\/www.ebanoviajes.com\/wp-content\/uploads\/2024\/10\/YUKON-COMPLETO.png\" class=\"attachment-2048x2048 size-2048x2048 wp-image-6576\" alt=\"\" srcset=\"https:\/\/www.ebanoviajes.com\/wp-content\/uploads\/2024\/10\/YUKON-COMPLETO.png 1584w, https:\/\/www.ebanoviajes.com\/wp-content\/uploads\/2024\/10\/YUKON-COMPLETO-300x268.png 300w, https:\/\/www.ebanoviajes.com\/wp-content\/uploads\/2024\/10\/YUKON-COMPLETO-1024x913.png 1024w, https:\/\/www.ebanoviajes.com\/wp-content\/uploads\/2024\/10\/YUKON-COMPLETO-768x685.png 768w, https:\/\/www.ebanoviajes.com\/wp-content\/uploads\/2024\/10\/YUKON-COMPLETO-1536x1370.png 1536w\" sizes=\"(max-width: 1584px) 100vw, 1584px\" \/>\t\t\t\t\t\t\t\t<\/a>\n\t\t\t\t\t\t\t\t\t\t\t\t\t\t\t<\/div>\n\t\t\t\t<\/div>\n\t\t\t\t\t<\/div>\n\t\t<\/div>\n\t\t\t\t\t<\/div>\n\t\t<\/section>\n\t\t\t\t<\/div>\n\t\t","protected":false},"excerpt":{"rendered":"<p>EXPEDICI\u00d3N YUK\u00d3N Javier Reverte bautiz\u00f3 al r\u00edo Yuk\u00f3n como \u00abEl R\u00edo de la Luz\u00bb y aqu\u00ed tienes un breve ejemplo de ello. En agosto de 2024, nos embarcamos en una aventura\u00a0 recorriendo en kayak los 700km de r\u00edo que separan Whitehorse de Dawson City en 11 d\u00edas. Esta ruta era conocida como la ruta del [&hellip;]<\/p>\n","protected":false},"author":1,"featured_media":0,"parent":0,"menu_order":0,"comment_status":"closed","ping_status":"closed","template":"","meta":{"_uag_custom_page_level_css":"","site-sidebar-layout":"no-sidebar","site-content-layout":"","ast-site-content-layout":"full-width-container","site-content-style":"default","site-sidebar-style":"default","ast-global-header-display":"","ast-banner-title-visibility":"","ast-main-header-display":"","ast-hfb-above-header-display":"","ast-hfb-below-header-display":"","ast-hfb-mobile-header-display":"","site-post-title":"disabled","ast-breadcrumbs-content":"","ast-featured-img":"disabled","footer-sml-layout":"","ast-disable-related-posts":"","theme-transparent-header-meta":"","adv-header-id-meta":"","stick-header-meta":"","header-above-stick-meta":"","header-main-stick-meta":"","header-below-stick-meta":"","astra-migrate-meta-layouts":"default","ast-page-background-enabled":"default","ast-page-background-meta":{"desktop":{"background-color":"var(--ast-global-color-4)","background-image":"","background-repeat":"repeat","background-position":"center center","background-size":"auto","background-attachment":"scroll","background-type":"","background-media":"","overlay-type":"","overlay-color":"","overlay-opacity":"","overlay-gradient":""},"tablet":{"background-color":"","background-image":"","background-repeat":"repeat","background-position":"center center","background-size":"auto","background-attachment":"scroll","background-type":"","background-media":"","overlay-type":"","overlay-color":"","overlay-opacity":"","overlay-gradient":""},"mobile":{"background-color":"","background-image":"","background-repeat":"repeat","background-position":"center center","background-size":"auto","background-attachment":"scroll","background-type":"","background-media":"","overlay-type":"","overlay-color":"","overlay-opacity":"","overlay-gradient":""}},"ast-content-background-meta":{"desktop":{"background-color":"var(--ast-global-color-5)","background-image":"","background-repeat":"repeat","background-position":"center center","background-size":"auto","background-attachment":"scroll","background-type":"","background-media":"","overlay-type":"","overlay-color":"","overlay-opacity":"","overlay-gradient":""},"tablet":{"background-color":"var(--ast-global-color-5)","background-image":"","background-repeat":"repeat","background-position":"center center","background-size":"auto","background-attachment":"scroll","background-type":"","background-media":"","overlay-type":"","overlay-color":"","overlay-opacity":"","overlay-gradient":""},"mobile":{"background-color":"var(--ast-global-color-5)","background-image":"","background-repeat":"repeat","background-position":"center center","background-size":"auto","background-attachment":"scroll","background-type":"","background-media":"","overlay-type":"","overlay-color":"","overlay-opacity":"","overlay-gradient":""}},"footnotes":""},"class_list":["post-6214","page","type-page","status-publish","hentry"],"uagb_featured_image_src":{"full":false,"thumbnail":false,"medium":false,"medium_large":false,"large":false,"1536x1536":false,"2048x2048":false,"bm-post-thumb":false,"bm-post-medium":false},"uagb_author_info":{"display_name":"admin","author_link":"https:\/\/www.ebanoviajes.com\/index.php\/author\/admin\/"},"uagb_comment_info":0,"uagb_excerpt":"EXPEDICI\u00d3N YUK\u00d3N Javier Reverte bautiz\u00f3 al r\u00edo Yuk\u00f3n como \u00abEl R\u00edo de la Luz\u00bb y aqu\u00ed tienes un breve ejemplo de ello. En agosto de 2024, nos embarcamos en una aventura\u00a0 recorriendo en kayak los 700km de r\u00edo que separan Whitehorse de Dawson City en 11 d\u00edas. Esta ruta era conocida como la ruta del&hellip;","_links":{"self":[{"href":"https:\/\/www.ebanoviajes.com\/index.php\/wp-json\/wp\/v2\/pages\/6214","targetHints":{"allow":["GET"]}}],"collection":[{"href":"https:\/\/www.ebanoviajes.com\/index.php\/wp-json\/wp\/v2\/pages"}],"about":[{"href":"https:\/\/www.ebanoviajes.com\/index.php\/wp-json\/wp\/v2\/types\/page"}],"author":[{"embeddable":true,"href":"https:\/\/www.ebanoviajes.com\/index.php\/wp-json\/wp\/v2\/users\/1"}],"replies":[{"embeddable":true,"href":"https:\/\/www.ebanoviajes.com\/index.php\/wp-json\/wp\/v2\/comments?post=6214"}],"version-history":[{"count":76,"href":"https:\/\/www.ebanoviajes.com\/index.php\/wp-json\/wp\/v2\/pages\/6214\/revisions"}],"predecessor-version":[{"id":6730,"href":"https:\/\/www.ebanoviajes.com\/index.php\/wp-json\/wp\/v2\/pages\/6214\/revisions\/6730"}],"wp:attachment":[{"href":"https:\/\/www.ebanoviajes.com\/index.php\/wp-json\/wp\/v2\/media?parent=6214"}],"curies":[{"name":"wp","href":"https:\/\/api.w.org\/{rel}","templated":true}]}}