{"id":5874,"date":"2024-07-16T09:14:45","date_gmt":"2024-07-16T09:14:45","guid":{"rendered":"https:\/\/www.ebanoviajes.com\/?page_id=5874"},"modified":"2025-04-04T13:29:28","modified_gmt":"2025-04-04T13:29:28","slug":"itinerario-madagascar","status":"publish","type":"page","link":"https:\/\/www.ebanoviajes.com\/index.php\/itinerario-madagascar\/","title":{"rendered":"itinerario madagascar"},"content":{"rendered":"\t\t<div data-elementor-type=\"wp-page\" data-elementor-id=\"5874\" class=\"elementor elementor-5874\">\n\t\t\t\t\t\t<section class=\"elementor-section elementor-top-section elementor-element elementor-element-0bb7d96 elementor-section-boxed elementor-section-height-default elementor-section-height-default\" data-id=\"0bb7d96\" data-element_type=\"section\" data-e-type=\"section\">\n\t\t\t\t\t\t<div class=\"elementor-container elementor-column-gap-default\">\n\t\t\t\t\t<div class=\"elementor-column elementor-col-100 elementor-top-column elementor-element elementor-element-5ac4be3\" data-id=\"5ac4be3\" data-element_type=\"column\" data-e-type=\"column\" data-settings=\"{&quot;background_background&quot;:&quot;gradient&quot;}\">\n\t\t\t<div class=\"elementor-widget-wrap elementor-element-populated\">\n\t\t\t\t\t\t<div class=\"elementor-element elementor-element-0108f81 elementor-widget elementor-widget-heading\" data-id=\"0108f81\" data-element_type=\"widget\" data-e-type=\"widget\" data-widget_type=\"heading.default\">\n\t\t\t\t<div class=\"elementor-widget-container\">\n\t\t\t\t\t<h2 class=\"elementor-heading-title elementor-size-default\">ITINERARIO  16 D\u00cdAS<\/h2>\t\t\t\t<\/div>\n\t\t\t\t<\/div>\n\t\t\t\t<div class=\"elementor-element elementor-element-893c56b elementor-widget elementor-widget-text-editor\" data-id=\"893c56b\" data-element_type=\"widget\" data-e-type=\"widget\" data-widget_type=\"text-editor.default\">\n\t\t\t\t<div class=\"elementor-widget-container\">\n\t\t\t\t\t\t\t\t\t<hr \/><p style=\"font-size: 17px; font-style: normal;\"><span style=\"font-weight: 400;\"><span style=\"font-weight: bold;\"><u>D\u00cdA 1:<\/u><\/span>\u00a0Llegada y visita <\/span><b>Antananarivo<\/b><span style=\"font-weight: 400;\">.<\/span><\/p><p style=\"font-size: 17px; font-style: normal;\"><span style=\"font-weight: 400;\"><u><span style=\"font-weight: bold;\">D\u00cdA 2:<\/span><\/u>\u00a0Vuelo a <\/span><b>Nosy Be.<\/b><\/p><p style=\"font-size: 17px; font-style: normal;\"><span style=\"text-decoration-line: underline; font-weight: bold;\">D\u00cdA 3:<\/span><span style=\"font-weight: bold;\">\u00a0<\/span>Visita y buceo en <b>Nosy Tanikely. <\/b>Visita playa de <b>Andilana <\/b>y atardecer<b> <\/b>en <b>Mont Passot.<\/b><\/p><p style=\"font-size: 17px; font-style: normal;\"><span style=\"font-weight: 400;\"><u><span style=\"font-weight: bold;\">D\u00cdA 4:<\/span><\/u>\u00a0Visita <\/span><b>Nosy Iranja. <\/b>Atardecer en <b>Ambatoloaka.<\/b><\/p><p style=\"font-size: 17px; font-style: normal;\"><span style=\"font-weight: bold;\"><u>D\u00cdA 5:<\/u>\u00a0<\/span>Visita <span style=\"font-weight: bold;\">Parque Nacional Lokobe. <\/span>Vuelo de regreso\u00a0<span style=\"font-weight: bold;\">Antananarivo.<\/span><\/p><p style=\"font-size: 17px; font-style: normal;\"><span style=\"font-weight: 400;\"><span style=\"font-weight: bold;\"><u>D\u00cdA 6:<\/u><\/span>\u00a0Viaje en coche <\/span><b>Antsirabe <\/b><span style=\"font-weight: 400;\">(5h \/ 185km). Visita de la ciudad.<\/span><\/p><p style=\"font-size: 17px; font-style: normal;\"><span style=\"font-weight: 400;\"><span style=\"font-weight: bold;\"><u>D\u00cdA 7:<\/u><\/span>\u00a0Viaje en coche <\/span><b>Antsirabe<\/b><span style=\"font-weight: 400;\"> &#8211; <\/span><b>Morondava <\/b><span style=\"font-weight: 400;\">(12h \/ 500km).<\/span><\/p><p style=\"font-size: 17px; font-style: normal;\"><span style=\"font-weight: 400;\"><span style=\"font-weight: bold;\"><u>D\u00cdA 8:<\/u><\/span>\u00a0Visita pueblo pesquero. Atardecer en la <\/span><b>Avenida de los Baobabs<\/b><span style=\"font-weight: 400;\">.<\/span><\/p><p style=\"font-size: 17px; font-style: normal;\"><b style=\"text-decoration-line: underline;\">D\u00cdA 9:<\/b><b>\u00a0<\/b>Viaje <b>Morondava <\/b>&#8211; <b>Antsirabe <\/b>(12h \/ 500km).<\/p><p style=\"font-size: 17px; font-style: normal;\"><span style=\"font-weight: 400;\"><span style=\"font-weight: bold;\"><u>D\u00cdA 10:<\/u><\/span>\u00a0Viaje en coche <\/span><b>Antsirabe <\/b><span style=\"font-weight: 400;\">&#8211; <\/span><b>Parque Nacional Ranomafama <\/b>(7h \/ 225km)<span style=\"font-weight: 400;\">. Caminata nocturna en busca de reptiles.<\/span><\/p><p style=\"font-size: 17px; font-style: normal;\"><span style=\"font-weight: 400;\"><span style=\"font-weight: bold;\"><u>D\u00cdA 11:<\/u><\/span>\u00a0Trekking <\/span><b>Parque Nacional Ranomafama<\/b><span style=\"font-weight: 400;\">.<\/span><\/p><p style=\"font-size: 17px; font-style: normal;\"><span style=\"font-weight: 400;\"><span style=\"font-weight: bold;\"><u>D\u00cdA 12:<\/u><\/span>\u00a0Viaje en coche <\/span><b>Ranomafama <\/b><span style=\"font-weight: 400;\">&#8211; <\/span><b>Isalo Ranohira <\/b>(7h \/ 335km).<\/p><p style=\"font-size: 17px; font-style: normal;\"><span style=\"font-weight: 400;\"><u><span style=\"font-weight: bold;\">D\u00cdA 13:<\/span><\/u>\u00a0Trekking <\/span><b>Parque Nacional Isalo<\/b><span style=\"font-weight: 400;\">. Atardecer en la ventana de <\/span><b>Isalo<\/b><span style=\"font-weight: 400;\">.<\/span><\/p><p style=\"font-size: 17px; font-style: normal;\"><span style=\"font-weight: 400;\"><span style=\"font-weight: bold;\"><u>D\u00cdA 14:<\/u><\/span>\u00a0Viaje en coche <\/span><b>Isalo Ranohira<\/b><span style=\"font-weight: 400;\"> &#8211; <\/span><b>Ambositra<\/b><span style=\"font-weight: 400;\"> ( 11h \/ 428km).<\/span><\/p><p style=\"font-size: 17px; font-style: normal;\"><span style=\"font-weight: 400;\"><span style=\"font-weight: bold;\"><u>D\u00cdA 15:<\/u><\/span>\u00a0Viaje en coche <\/span><b>Ambositra <\/b><span style=\"font-weight: 400;\">&#8211; <\/span><b>Antananarivo <\/b>(6h \/ 250km).<\/p><p style=\"font-size: 17px; font-style: normal;\"><b style=\"text-decoration-line: underline;\">D\u00cdA 16: <\/b>Vuelo de\u00a0regreso a casa.<\/p><p style=\"font-size: 17px; font-style: normal;\">*Hay que a\u00f1adir 2 d\u00edas extra de viaje, ya que la duraci\u00f3n de los vuelos rondan las 16h &#8211; 20h.<\/p>\t\t\t\t\t\t\t\t<\/div>\n\t\t\t\t<\/div>\n\t\t\t\t\t<\/div>\n\t\t<\/div>\n\t\t\t\t\t<\/div>\n\t\t<\/section>\n\t\t\t\t<section class=\"elementor-section elementor-top-section elementor-element elementor-element-593de41 elementor-section-boxed elementor-section-height-default elementor-section-height-default\" data-id=\"593de41\" data-element_type=\"section\" data-e-type=\"section\">\n\t\t\t\t\t\t<div class=\"elementor-container elementor-column-gap-default\">\n\t\t\t\t\t<div class=\"elementor-column elementor-col-100 elementor-top-column elementor-element elementor-element-21bce95\" data-id=\"21bce95\" data-element_type=\"column\" data-e-type=\"column\">\n\t\t\t<div class=\"elementor-widget-wrap elementor-element-populated\">\n\t\t\t\t\t\t<div class=\"elementor-element elementor-element-39a70a7 elementor-widget elementor-widget-heading\" data-id=\"39a70a7\" data-element_type=\"widget\" data-e-type=\"widget\" data-widget_type=\"heading.default\">\n\t\t\t\t<div class=\"elementor-widget-container\">\n\t\t\t\t\t<h2 class=\"elementor-heading-title elementor-size-default\">ALOJAMIENTOS<\/h2>\t\t\t\t<\/div>\n\t\t\t\t<\/div>\n\t\t\t\t<div class=\"elementor-element elementor-element-c4659ff elementor-widget elementor-widget-text-editor\" data-id=\"c4659ff\" data-element_type=\"widget\" data-e-type=\"widget\" data-widget_type=\"text-editor.default\">\n\t\t\t\t<div class=\"elementor-widget-container\">\n\t\t\t\t\t\t\t\t\t<p><span style=\"text-decoration: underline;\"><strong>&#8211; FECHA DE VIAJE<\/strong><\/span>: 20 junio &#8211; 8 julio 2024.<\/p>\n<p><b><u>&#8211; TIPO DE VIAJE<\/u><\/b>: En pareja, completamente por libre y con coche de alquiler (SUV) con driver. Empresa:&nbsp;<a style=\"font-size: 1rem;\" href=\"https:\/\/faniry-madagascar-tour.ovh\/madagascar-car-rental.html\" target=\"_blank\" rel=\"noopener\">Faniry Rental Cars<\/a>, la cual no recomiendo, de volver optar\u00eda m\u00e1s por alguna de estas empresas:&nbsp;<a href=\"https:\/\/www.cineroutescarrental.com\" target=\"_blank\" rel=\"noopener\">Cin\u00e9route<\/a>,&nbsp;<a href=\"https:\/\/ramartour.com\" target=\"_blank\" rel=\"noopener\">RamarTours<\/a>,&nbsp;<u><a href=\"https:\/\/madagascar-green-tours.com\" target=\"_blank\" rel=\"noopener\">Green Tours<\/a>&nbsp;<\/u>(recomendaci\u00f3n).<\/p>\n<p><span style=\"text-decoration: underline;\"><strong>&#8211; ALOJAMIENTOS:<\/strong><\/span> Durante todo nuestro viaje optamos por alojamientos que rondaban los 30\u20ac-40\u20ac por noche, 2 personas, gama media.&nbsp;<\/p>\n<ul>\n<li><u style=\"font-weight: bold;\">Nosy Be:&nbsp;<\/u><a href=\"https:\/\/www.booking.com\/hotel\/mg\/les-hibiscus-nosy-be.es.html?aid=311090&amp;label=les-hibiscus-nosy-be-aiuRiRh3%2AzRl9Y9efI1GkQS383193731431%3Apl%3Ata%3Ap1%3Ap2%3Aac%3Aap%3Aneg%3Afi%3Atikwd-120502090817%3Alp9219488%3Ali%3Adec%3Adm%3Appccp%3DUmFuZG9tSVYkc2RlIyh9YYnX0UuDUyu9KI9BHqz-Yu4&amp;sid=656e7729dcf804ae2a1e621100263686&amp;dest_id=-212517&amp;dest_type=city&amp;dist=0&amp;group_adults=2&amp;group_children=0&amp;hapos=1&amp;hpos=1&amp;no_rooms=1&amp;req_adults=2&amp;req_children=0&amp;room1=A%2CA&amp;sb_price_type=total&amp;sr_order=popularity&amp;srepoch=1739357244&amp;srpvid=a6f14bdb8fc20dad&amp;type=total&amp;ucfs=1&amp;\" target=\"_blank\">Le Hibiscus<\/a>: posiblemente el mejor alojamiento del viaje. Ubicaci\u00f3n perfecta para conocer el archipi\u00e9lago de Nosy be. La propietaria nos ayud\u00f3 a organizar nuestro paso por la isla.&nbsp;<\/li>\n<li><u style=\"font-weight: bold;\">Antananarivo:<\/u>&nbsp;&nbsp;<a href=\"https:\/\/www.booking.com\/hotel\/mg\/maison-lovasoa.es.html?aid=2097750&amp;label=r2r07--0194efd6-3737-725e-84ad-a3459928dbd6&amp;sid=656e7729dcf804ae2a1e621100263686&amp;dest_id=1548672&amp;dest_type=hotel&amp;dist=0&amp;group_adults=2&amp;group_children=0&amp;hapos=1&amp;hpos=1&amp;no_rooms=1&amp;req_adults=2&amp;req_children=0&amp;room1=A%2CA&amp;sb_price_type=total&amp;sr_order=popularity&amp;srepoch=1739357291&amp;srpvid=d5b24bf3e28b0469&amp;type=total&amp;ucfs=1&amp;#hotelTmpl\" target=\"_blank\">Maison Lovasoa (centro)<\/a>&nbsp;y&nbsp;<a href=\"https:\/\/www.booking.com\/hotel\/mg\/fly-inn-madagascar-ivato-aeroport.es.html?aid=311090&amp;label=les-hibiscus-nosy-be-aiuRiRh3%2AzRl9Y9efI1GkQS383193731431%3Apl%3Ata%3Ap1%3Ap2%3Aac%3Aap%3Aneg%3Afi%3Atikwd-120502090817%3Alp9219488%3Ali%3Adec%3Adm%3Appccp%3DUmFuZG9tSVYkc2RlIyh9YYnX0UuDUyu9KI9BHqz-Yu4&amp;sid=656e7729dcf804ae2a1e621100263686&amp;dest_id=6416364&amp;dest_type=hotel&amp;dist=0&amp;group_adults=2&amp;group_children=0&amp;hapos=1&amp;hpos=1&amp;no_rooms=1&amp;req_adults=2&amp;req_children=0&amp;room1=A%2CA&amp;sb_price_type=total&amp;sr_order=popularity&amp;srepoch=1739357325&amp;srpvid=45044c03c9e60521&amp;type=total&amp;ucfs=1&amp;\" target=\"_blank\">Fly Inn (aeropuerto)<\/a>. Durante nuestro viaje tuvimos que pasar un total de 3 noches en la capital Tana. Ambos alojamientos son totalmente recomendables. Ubicaciones perfectas y estrat\u00e9gicas.&nbsp;<\/li>\n<li><strong style=\"text-decoration: underline;\">Antsirabe:&nbsp;<\/strong><a href=\"https:\/\/www.booking.com\/hotel\/mg\/badiane-b-amp-b-by-l-anis-etoile.es.html?aid=311090&amp;label=les-hibiscus-nosy-be-aiuRiRh3%2AzRl9Y9efI1GkQS383193731431%3Apl%3Ata%3Ap1%3Ap2%3Aac%3Aap%3Aneg%3Afi%3Atikwd-120502090817%3Alp9219488%3Ali%3Adec%3Adm%3Appccp%3DUmFuZG9tSVYkc2RlIyh9YYnX0UuDUyu9KI9BHqz-Yu4&amp;sid=656e7729dcf804ae2a1e621100263686&amp;dist=0&amp;group_adults=2&amp;group_children=0&amp;hapos=1&amp;hpos=1&amp;no_rooms=1&amp;req_adults=2&amp;req_children=0&amp;room1=A%2CA&amp;sb_price_type=total&amp;sr_order=distance_from_search&amp;srepoch=1739357355&amp;srpvid=21414c137bf007cd&amp;type=total&amp;ucfs=1&amp;\" target=\"_blank\">L&#8217;Anis Etoile<\/a>: acogedor alojamiento en el centro de la ciudad. Lo mejor el restaurante.&nbsp;<\/li>\n<li><strong style=\"text-decoration: underline;\">Miandrivazo:<\/strong> Soa Lia:<strong> <\/strong>alojamiento nuevo, buen restaurante y habitaciones muy limpias.<\/li>\n<li><u style=\"font-weight: bold;\">Morondava:&nbsp;<\/u><a href=\"https:\/\/www.booking.com\/hotel\/mg\/trecicogne-morondava1.es.html?aid=2097750&amp;label=r2r07--0194efd6-3737-725e-84ad-a3459928dbd6&amp;sid=656e7729dcf804ae2a1e621100263686&amp;dest_id=5621766&amp;dest_type=hotel&amp;dist=0&amp;group_adults=2&amp;group_children=0&amp;hapos=1&amp;hpos=1&amp;no_rooms=1&amp;req_adults=2&amp;req_children=0&amp;room1=A%2CA&amp;sb_price_type=total&amp;sr_order=popularity&amp;srepoch=1739357076&amp;srpvid=4bad4b873a680036&amp;type=total&amp;ucfs=1&amp;#hotelTmpl\" target=\"_blank\">Trecicogne<\/a>: buena opci\u00f3n y muy buen restaurante.&nbsp;<\/li>\n<li><strong style=\"text-decoration: underline;\">Ranomafama:<\/strong>&nbsp;<a href=\"https:\/\/www.booking.com\/hotel\/mg\/foret-austral.es.html?aid=2097750&amp;label=r2r07--0194efd6-3737-725e-84ad-a3459928dbd6&amp;sid=656e7729dcf804ae2a1e621100263686&amp;dist=0&amp;group_adults=2&amp;group_children=0&amp;hapos=1&amp;hpos=1&amp;no_rooms=1&amp;req_adults=2&amp;req_children=0&amp;room1=A%2CA&amp;sb_price_type=total&amp;sr_order=popularity&amp;srepoch=1739356865&amp;srpvid=a99e4b1eae020064&amp;type=total&amp;ucfs=1&amp;#hotelTmpl\" target=\"_blank\">Foret Austral<\/a>: el peor alojamiento de todo el viaje. Un aut\u00e9ntico desastre.&nbsp;<\/li>\n<li><u style=\"font-weight: bold;\">Isalo National Park:<\/u>&nbsp;<a href=\"https:\/\/www.booking.com\/hotel\/mg\/satrana-lodge-ranohira2.es.html?aid=2097750&amp;label=r2r07--0194efd6-3737-725e-84ad-a3459928dbd6&amp;sid=656e7729dcf804ae2a1e621100263686&amp;dest_id=-220112&amp;dest_type=city&amp;dist=0&amp;group_adults=2&amp;group_children=0&amp;hapos=1&amp;hpos=1&amp;no_rooms=1&amp;req_adults=2&amp;req_children=0&amp;room1=A%2CA&amp;sb_price_type=total&amp;sr_order=popularity&amp;srepoch=1739356959&amp;srpvid=ab304b4c8ba80455&amp;type=total&amp;ucfs=1&amp;#hotelTmpl\" target=\"_blank\">Satrana<\/a>: espectacular alojamiento a las puertas del Parque Nacional. Vistas al atardecer inmejorables, instalaciones muy cuidadas y el restaurante una pasada.<\/li>\n<li><u style=\"font-weight: bold;\">Ambositra:&nbsp;<\/u><a href=\"https:\/\/www.booking.com\/hotel\/mg\/restaurant-le-miamiam-glouglou.es.html?aid=2097750&amp;label=r2r07--0194efd6-3737-725e-84ad-a3459928dbd6&amp;sid=656e7729dcf804ae2a1e621100263686&amp;dest_id=10484039&amp;dest_type=hotel&amp;dist=0&amp;group_adults=2&amp;group_children=0&amp;hapos=1&amp;hpos=1&amp;no_rooms=1&amp;req_adults=2&amp;req_children=0&amp;room1=A%2CA&amp;sb_price_type=total&amp;sr_order=popularity&amp;srepoch=1739357007&amp;srpvid=00a54b64fcd921dd&amp;type=total&amp;ucfs=1&amp;#hotelTmpl\" target=\"_blank\">Hotel Glouglou:<\/a>&nbsp;sinceramente no sabr\u00eda como describir este alojamiento, digamos que si no tienes otra opci\u00f3n puede ser una alternativa. Lo mejor la ubicaci\u00f3n. Algo siniestro.<\/li>\n<\/ul>\t\t\t\t\t\t\t\t<\/div>\n\t\t\t\t<\/div>\n\t\t\t\t\t<\/div>\n\t\t<\/div>\n\t\t\t\t\t<\/div>\n\t\t<\/section>\n\t\t\t\t<section class=\"elementor-section elementor-top-section elementor-element elementor-element-e5412b6 elementor-section-boxed elementor-section-height-default elementor-section-height-default\" data-id=\"e5412b6\" data-element_type=\"section\" data-e-type=\"section\">\n\t\t\t\t\t\t<div class=\"elementor-container elementor-column-gap-default\">\n\t\t\t\t\t<div class=\"elementor-column elementor-col-100 elementor-top-column elementor-element elementor-element-680c449\" data-id=\"680c449\" data-element_type=\"column\" data-e-type=\"column\">\n\t\t\t<div class=\"elementor-widget-wrap elementor-element-populated\">\n\t\t\t\t\t\t<div class=\"elementor-element elementor-element-a7ffe7f elementor-widget elementor-widget-heading\" data-id=\"a7ffe7f\" data-element_type=\"widget\" data-e-type=\"widget\" data-widget_type=\"heading.default\">\n\t\t\t\t<div class=\"elementor-widget-container\">\n\t\t\t\t\t<h2 class=\"elementor-heading-title elementor-size-default\">PRESUPUESTO<\/h2>\t\t\t\t<\/div>\n\t\t\t\t<\/div>\n\t\t\t\t<div class=\"elementor-element elementor-element-3b885d8 elementor-widget elementor-widget-text-editor\" data-id=\"3b885d8\" data-element_type=\"widget\" data-e-type=\"widget\" data-widget_type=\"text-editor.default\">\n\t\t\t\t<div class=\"elementor-widget-container\">\n\t\t\t\t\t\t\t\t\t<p><span style=\"text-decoration: underline;\"><strong>&#8211; VUELOS:<\/strong><\/span><strong><span style=\"color: #ff0000;\"> 1141\u20ac<\/span><\/strong><\/p><ul><li>Madrid &#8211; Antananarivo: 814\u20ac Ethiopian Airlines.<\/li><li>Antananarivo &#8211; Nosy Be &#8211; Antananarivo: 327\u20ac \u00a0Madagascar Airlines.<\/li><\/ul><p><span style=\"font-style: inherit;\"><span style=\"text-decoration: underline;\"><strong>&#8211; COCHE:<\/strong><\/span> 850\u20ac<strong><span style=\"color: #ff0000;\">\/425\u20ac<\/span><\/strong>\u00a0, alquiler coche 10 d\u00edas + driver + gasolina.\u00a0<\/span><\/p><p><span style=\"text-decoration: underline;\"><strong>&#8211; ALOJAMIENTOS: <\/strong><\/span>530\u20ac<strong><span style=\"color: #ff0000;\">\/265\u20ac.<\/span><\/strong><\/p><p><u style=\"font-weight: bold;\">&#8211; ACTIVIDADES: <\/u><strong><span style=\"color: #ff0000;\">302\u20ac<\/span> \u00a0<\/strong>por persona<\/p><ul><li>Buceo en Nosy Tanikely: 150\u20ac<\/li><li>Excursion Nosy Iranja: 30\u20ac<\/li><li>Visita Lokobe\u00a0N.P: 15\u20ac<\/li><li>Visita Ranomafama N.P: 36\u20ac<\/li><li>Hikking en Isalo N.P: 44\u20ac<\/li><li>Reserva de Anja: 10\u20ac<\/li><li>Visita pueblo pescador Morondava: 17\u20ac<\/li><\/ul><p><span style=\"text-decoration: underline;\"><strong>&#8211; OTROS GASTOS:<\/strong><\/span> <strong><span style=\"color: #ff0000;\">360\u20ac<\/span><\/strong><\/p><ul><li>Visado: 35\u20ac<\/li><li>Seguro: 80\u20ac<\/li><li>Sim: 22\u20ac 10gb<\/li><li>Taxis y comida: 450\u20ac \/ 225\u20ac una persona.<\/li><\/ul><div><span style=\"text-decoration: underline; color: #ff0000;\"><strong>*PRESUPUESTO APROXIMADO 1 PERSONA: 2500\u20ac<\/strong><\/span><\/div>\t\t\t\t\t\t\t\t<\/div>\n\t\t\t\t<\/div>\n\t\t\t\t\t<\/div>\n\t\t<\/div>\n\t\t\t\t\t<\/div>\n\t\t<\/section>\n\t\t\t\t<section class=\"elementor-section elementor-top-section elementor-element elementor-element-e6cf896 elementor-section-boxed elementor-section-height-default elementor-section-height-default\" data-id=\"e6cf896\" data-element_type=\"section\" data-e-type=\"section\">\n\t\t\t\t\t\t<div class=\"elementor-container elementor-column-gap-default\">\n\t\t\t\t\t<div class=\"elementor-column elementor-col-100 elementor-top-column elementor-element elementor-element-dc9d094\" data-id=\"dc9d094\" data-element_type=\"column\" data-e-type=\"column\">\n\t\t\t<div class=\"elementor-widget-wrap elementor-element-populated\">\n\t\t\t\t\t\t<div class=\"elementor-element elementor-element-24b9fa0 elementor-widget elementor-widget-heading\" data-id=\"24b9fa0\" data-element_type=\"widget\" data-e-type=\"widget\" data-widget_type=\"heading.default\">\n\t\t\t\t<div class=\"elementor-widget-container\">\n\t\t\t\t\t<h2 class=\"elementor-heading-title elementor-size-default\">LA RUTA<\/h2>\t\t\t\t<\/div>\n\t\t\t\t<\/div>\n\t\t\t\t\t<\/div>\n\t\t<\/div>\n\t\t\t\t\t<\/div>\n\t\t<\/section>\n\t\t\t\t<section class=\"elementor-section elementor-top-section elementor-element elementor-element-056cc6d elementor-section-boxed elementor-section-height-default elementor-section-height-default\" data-id=\"056cc6d\" data-element_type=\"section\" data-e-type=\"section\">\n\t\t\t\t\t\t<div class=\"elementor-container elementor-column-gap-default\">\n\t\t\t\t\t<div class=\"elementor-column elementor-col-50 elementor-top-column elementor-element elementor-element-88d77d0\" data-id=\"88d77d0\" data-element_type=\"column\" data-e-type=\"column\">\n\t\t\t<div class=\"elementor-widget-wrap elementor-element-populated\">\n\t\t\t\t\t\t<div class=\"elementor-element elementor-element-c90b240 elementor-widget elementor-widget-html\" data-id=\"c90b240\" data-element_type=\"widget\" data-e-type=\"widget\" data-widget_type=\"html.default\">\n\t\t\t\t<div class=\"elementor-widget-container\">\n\t\t\t\t\t<iframe src=\"https:\/\/www.google.com\/maps\/d\/embed?mid=1TelbsnSDawPCTXa4Ri8774GaKDFJHlA&ehbc=2E312F\" width=\"640\" height=\"480\"><\/iframe>\t\t\t\t<\/div>\n\t\t\t\t<\/div>\n\t\t\t\t\t<\/div>\n\t\t<\/div>\n\t\t\t\t<div class=\"elementor-column elementor-col-50 elementor-top-column elementor-element elementor-element-bc6f3b4\" data-id=\"bc6f3b4\" data-element_type=\"column\" data-e-type=\"column\">\n\t\t\t<div class=\"elementor-widget-wrap elementor-element-populated\">\n\t\t\t\t\t\t<div class=\"elementor-element elementor-element-f72ea0a elementor-widget elementor-widget-html\" data-id=\"f72ea0a\" data-element_type=\"widget\" data-e-type=\"widget\" data-widget_type=\"html.default\">\n\t\t\t\t<div class=\"elementor-widget-container\">\n\t\t\t\t\t<iframe src=\"https:\/\/www.google.com\/maps\/d\/embed?mid=1B01W-yQu2YM2f35NV2fLDGkVS4R5U1s&hl=es&ehbc=2E312F\" width=\"640\" height=\"480\"><\/iframe>\t\t\t\t<\/div>\n\t\t\t\t<\/div>\n\t\t\t\t\t<\/div>\n\t\t<\/div>\n\t\t\t\t\t<\/div>\n\t\t<\/section>\n\t\t\t\t<\/div>\n\t\t","protected":false},"excerpt":{"rendered":"<p>ITINERARIO 16 D\u00cdAS D\u00cdA 1:\u00a0Llegada y visita Antananarivo. D\u00cdA 2:\u00a0Vuelo a Nosy Be. D\u00cdA 3:\u00a0Visita y buceo en Nosy Tanikely. Visita playa de Andilana y atardecer en Mont Passot. D\u00cdA 4:\u00a0Visita Nosy Iranja. Atardecer en Ambatoloaka. D\u00cdA 5:\u00a0Visita Parque Nacional Lokobe. Vuelo de regreso\u00a0Antananarivo. D\u00cdA 6:\u00a0Viaje en coche Antsirabe (5h \/ 185km). Visita de la [&hellip;]<\/p>\n","protected":false},"author":1,"featured_media":0,"parent":0,"menu_order":0,"comment_status":"closed","ping_status":"closed","template":"","meta":{"_uag_custom_page_level_css":"","site-sidebar-layout":"no-sidebar","site-content-layout":"","ast-site-content-layout":"full-width-container","site-content-style":"default","site-sidebar-style":"default","ast-global-header-display":"","ast-banner-title-visibility":"","ast-main-header-display":"","ast-hfb-above-header-display":"","ast-hfb-below-header-display":"","ast-hfb-mobile-header-display":"","site-post-title":"disabled","ast-breadcrumbs-content":"","ast-featured-img":"disabled","footer-sml-layout":"","ast-disable-related-posts":"","theme-transparent-header-meta":"","adv-header-id-meta":"","stick-header-meta":"","header-above-stick-meta":"","header-main-stick-meta":"","header-below-stick-meta":"","astra-migrate-meta-layouts":"default","ast-page-background-enabled":"default","ast-page-background-meta":{"desktop":{"background-color":"var(--ast-global-color-4)","background-image":"","background-repeat":"repeat","background-position":"center center","background-size":"auto","background-attachment":"scroll","background-type":"","background-media":"","overlay-type":"","overlay-color":"","overlay-opacity":"","overlay-gradient":""},"tablet":{"background-color":"","background-image":"","background-repeat":"repeat","background-position":"center center","background-size":"auto","background-attachment":"scroll","background-type":"","background-media":"","overlay-type":"","overlay-color":"","overlay-opacity":"","overlay-gradient":""},"mobile":{"background-color":"","background-image":"","background-repeat":"repeat","background-position":"center center","background-size":"auto","background-attachment":"scroll","background-type":"","background-media":"","overlay-type":"","overlay-color":"","overlay-opacity":"","overlay-gradient":""}},"ast-content-background-meta":{"desktop":{"background-color":"var(--ast-global-color-5)","background-image":"","background-repeat":"repeat","background-position":"center center","background-size":"auto","background-attachment":"scroll","background-type":"","background-media":"","overlay-type":"","overlay-color":"","overlay-opacity":"","overlay-gradient":""},"tablet":{"background-color":"var(--ast-global-color-5)","background-image":"","background-repeat":"repeat","background-position":"center center","background-size":"auto","background-attachment":"scroll","background-type":"","background-media":"","overlay-type":"","overlay-color":"","overlay-opacity":"","overlay-gradient":""},"mobile":{"background-color":"var(--ast-global-color-5)","background-image":"","background-repeat":"repeat","background-position":"center center","background-size":"auto","background-attachment":"scroll","background-type":"","background-media":"","overlay-type":"","overlay-color":"","overlay-opacity":"","overlay-gradient":""}},"footnotes":""},"class_list":["post-5874","page","type-page","status-publish","hentry"],"uagb_featured_image_src":{"full":false,"thumbnail":false,"medium":false,"medium_large":false,"large":false,"1536x1536":false,"2048x2048":false,"bm-post-thumb":false,"bm-post-medium":false},"uagb_author_info":{"display_name":"admin","author_link":"https:\/\/www.ebanoviajes.com\/index.php\/author\/admin\/"},"uagb_comment_info":0,"uagb_excerpt":"ITINERARIO 16 D\u00cdAS D\u00cdA 1:\u00a0Llegada y visita Antananarivo. D\u00cdA 2:\u00a0Vuelo a Nosy Be. D\u00cdA 3:\u00a0Visita y buceo en Nosy Tanikely. Visita playa de Andilana y atardecer en Mont Passot. D\u00cdA 4:\u00a0Visita Nosy Iranja. Atardecer en Ambatoloaka. D\u00cdA 5:\u00a0Visita Parque Nacional Lokobe. Vuelo de regreso\u00a0Antananarivo. D\u00cdA 6:\u00a0Viaje en coche Antsirabe (5h \/ 185km). Visita de la&hellip;","_links":{"self":[{"href":"https:\/\/www.ebanoviajes.com\/index.php\/wp-json\/wp\/v2\/pages\/5874","targetHints":{"allow":["GET"]}}],"collection":[{"href":"https:\/\/www.ebanoviajes.com\/index.php\/wp-json\/wp\/v2\/pages"}],"about":[{"href":"https:\/\/www.ebanoviajes.com\/index.php\/wp-json\/wp\/v2\/types\/page"}],"author":[{"embeddable":true,"href":"https:\/\/www.ebanoviajes.com\/index.php\/wp-json\/wp\/v2\/users\/1"}],"replies":[{"embeddable":true,"href":"https:\/\/www.ebanoviajes.com\/index.php\/wp-json\/wp\/v2\/comments?post=5874"}],"version-history":[{"count":211,"href":"https:\/\/www.ebanoviajes.com\/index.php\/wp-json\/wp\/v2\/pages\/5874\/revisions"}],"predecessor-version":[{"id":9740,"href":"https:\/\/www.ebanoviajes.com\/index.php\/wp-json\/wp\/v2\/pages\/5874\/revisions\/9740"}],"wp:attachment":[{"href":"https:\/\/www.ebanoviajes.com\/index.php\/wp-json\/wp\/v2\/media?parent=5874"}],"curies":[{"name":"wp","href":"https:\/\/api.w.org\/{rel}","templated":true}]}}