{"id":5787,"date":"2024-07-12T10:21:00","date_gmt":"2024-07-12T10:21:00","guid":{"rendered":"https:\/\/www.ebanoviajes.com\/?page_id=5787"},"modified":"2025-04-04T11:00:11","modified_gmt":"2025-04-04T11:00:11","slug":"madagascar","status":"publish","type":"page","link":"https:\/\/www.ebanoviajes.com\/index.php\/madagascar\/","title":{"rendered":"Madagascar"},"content":{"rendered":"\t\t<div data-elementor-type=\"wp-page\" data-elementor-id=\"5787\" class=\"elementor elementor-5787\">\n\t\t\t\t\t\t<section class=\"elementor-section elementor-top-section elementor-element elementor-element-c5bf168 elementor-section-height-min-height elementor-section-content-middle elementor-section-boxed elementor-section-height-default elementor-section-items-middle\" data-id=\"c5bf168\" data-element_type=\"section\" data-e-type=\"section\" data-settings=\"{&quot;background_background&quot;:&quot;classic&quot;}\">\n\t\t\t\t\t\t\t<div class=\"elementor-background-overlay\"><\/div>\n\t\t\t\t\t\t\t<div class=\"elementor-container elementor-column-gap-default\">\n\t\t\t\t\t<div class=\"elementor-column elementor-col-100 elementor-top-column elementor-element elementor-element-b619b2b\" data-id=\"b619b2b\" data-element_type=\"column\" data-e-type=\"column\">\n\t\t\t<div class=\"elementor-widget-wrap elementor-element-populated\">\n\t\t\t\t\t\t<div class=\"elementor-element elementor-element-3bbfa08 elementor-widget__width-initial elementor-widget elementor-widget-heading\" data-id=\"3bbfa08\" data-element_type=\"widget\" data-e-type=\"widget\" data-widget_type=\"heading.default\">\n\t\t\t\t<div class=\"elementor-widget-container\">\n\t\t\t\t\t<h2 class=\"elementor-heading-title elementor-size-default\">MADAGASCAR<\/h2>\t\t\t\t<\/div>\n\t\t\t\t<\/div>\n\t\t\t\t<div class=\"elementor-element elementor-element-1c3afc3 elementor-widget elementor-widget-heading\" data-id=\"1c3afc3\" data-element_type=\"widget\" data-e-type=\"widget\" data-widget_type=\"heading.default\">\n\t\t\t\t<div class=\"elementor-widget-container\">\n\t\t\t\t\t<h2 class=\"elementor-heading-title elementor-size-default\">LA ISLA ROJA<\/h2>\t\t\t\t<\/div>\n\t\t\t\t<\/div>\n\t\t\t\t\t<\/div>\n\t\t<\/div>\n\t\t\t\t\t<\/div>\n\t\t<\/section>\n\t\t\t\t<section class=\"elementor-section elementor-top-section elementor-element elementor-element-f991c41 elementor-section-boxed elementor-section-height-default elementor-section-height-default\" data-id=\"f991c41\" data-element_type=\"section\" data-e-type=\"section\">\n\t\t\t\t\t\t<div class=\"elementor-container elementor-column-gap-default\">\n\t\t\t\t\t<div class=\"elementor-column elementor-col-100 elementor-top-column elementor-element elementor-element-53c3c36\" data-id=\"53c3c36\" data-element_type=\"column\" data-e-type=\"column\">\n\t\t\t<div class=\"elementor-widget-wrap elementor-element-populated\">\n\t\t\t\t\t\t<div class=\"elementor-element elementor-element-b56e32e elementor-widget elementor-widget-text-editor\" data-id=\"b56e32e\" data-element_type=\"widget\" data-e-type=\"widget\" data-widget_type=\"text-editor.default\">\n\t\t\t\t<div class=\"elementor-widget-container\">\n\t\t\t\t\t\t\t\t\t<p>Madagascar es la isla m\u00e1s grande del Oc\u00e9ano \u00cdndico y la cuarta m\u00e1s grande de todo el mundo, es considerada por muchos como el \u00absexto continente\u00bb, ya que hace 150 millones de a\u00f1os se separ\u00f3 de \u00c1frica, llevando as\u00ed una l\u00ednea evolutiva completamente diferente, lo que ha dado lugar a una biodiversidad y fauna \u00fanicas en el mundo.\u00a0<\/p><p>\u00a0<\/p><p>Este incre\u00edble pa\u00eds, te abrir\u00e1<span style=\"font-style: inherit;\">\u00a0un abanico de posibilidades como ning\u00fan otro. Si lo que quieres es aventura, ad\u00e9ntrate en el interior de la isla, conoce la cultura y gastronom\u00eda malgache, atraviesa sus cambiantes paisajes por carretera y recorre sus parques naturales en busca de l\u00e9mures y toda clase de reptiles. Si por el contrario prefieres tranquilidad, explora el archipi\u00e9lago de Nosy Be y sus playas paradis\u00edacas, sin olvidarte por supuesto, de su fauna marina ya sea haciendo buceo o snorkel.<\/span><\/p>\t\t\t\t\t\t\t\t<\/div>\n\t\t\t\t<\/div>\n\t\t\t\t<div class=\"elementor-element elementor-element-bb62f31 elementor-widget-divider--view-line_text elementor-widget-divider--element-align-center elementor-widget elementor-widget-divider\" data-id=\"bb62f31\" data-element_type=\"widget\" data-e-type=\"widget\" data-widget_type=\"divider.default\">\n\t\t\t\t<div class=\"elementor-widget-container\">\n\t\t\t\t\t\t\t<div class=\"elementor-divider\">\n\t\t\t<span class=\"elementor-divider-separator\">\n\t\t\t\t\t\t\t<span class=\"elementor-divider__text elementor-divider__element\">\n\t\t\t\tORGANIZA TU VIAJE\t\t\t\t<\/span>\n\t\t\t\t\t\t<\/span>\n\t\t<\/div>\n\t\t\t\t\t\t<\/div>\n\t\t\t\t<\/div>\n\t\t\t\t\t<\/div>\n\t\t<\/div>\n\t\t\t\t\t<\/div>\n\t\t<\/section>\n\t\t\t\t<section class=\"elementor-section elementor-top-section elementor-element elementor-element-7d42833 elementor-section-boxed elementor-section-height-default elementor-section-height-default\" data-id=\"7d42833\" data-element_type=\"section\" data-e-type=\"section\">\n\t\t\t\t\t\t<div class=\"elementor-container elementor-column-gap-default\">\n\t\t\t\t\t<div class=\"elementor-column elementor-col-33 elementor-top-column elementor-element elementor-element-708bae8\" data-id=\"708bae8\" data-element_type=\"column\" data-e-type=\"column\">\n\t\t\t<div class=\"elementor-widget-wrap elementor-element-populated\">\n\t\t\t\t\t\t<div class=\"elementor-element elementor-element-90da642 elementor-widget elementor-widget-image\" data-id=\"90da642\" data-element_type=\"widget\" data-e-type=\"widget\" data-widget_type=\"image.default\">\n\t\t\t\t<div class=\"elementor-widget-container\">\n\t\t\t\t\t\t\t\t\t\t\t\t\t\t\t\t<a href=\"https:\/\/www.ebanoviajes.com\/index.php\/informacion-madagascar\/\">\n\t\t\t\t\t\t\t<img fetchpriority=\"high\" decoding=\"async\" width=\"1920\" height=\"2560\" src=\"https:\/\/www.ebanoviajes.com\/wp-content\/uploads\/2024\/07\/IMG_E5333-scaled.jpg\" class=\"attachment-full size-full wp-image-5839\" alt=\"\" srcset=\"https:\/\/www.ebanoviajes.com\/wp-content\/uploads\/2024\/07\/IMG_E5333-scaled.jpg 1920w, https:\/\/www.ebanoviajes.com\/wp-content\/uploads\/2024\/07\/IMG_E5333-225x300.jpg 225w, https:\/\/www.ebanoviajes.com\/wp-content\/uploads\/2024\/07\/IMG_E5333-768x1024.jpg 768w, https:\/\/www.ebanoviajes.com\/wp-content\/uploads\/2024\/07\/IMG_E5333-1152x1536.jpg 1152w, https:\/\/www.ebanoviajes.com\/wp-content\/uploads\/2024\/07\/IMG_E5333-1536x2048.jpg 1536w\" sizes=\"(max-width: 1920px) 100vw, 1920px\" \/>\t\t\t\t\t\t\t\t<\/a>\n\t\t\t\t\t\t\t\t\t\t\t\t\t\t\t<\/div>\n\t\t\t\t<\/div>\n\t\t\t\t<div class=\"elementor-element elementor-element-94900b3 elementor-align-justify elementor-widget elementor-widget-button\" data-id=\"94900b3\" data-element_type=\"widget\" data-e-type=\"widget\" data-widget_type=\"button.default\">\n\t\t\t\t<div class=\"elementor-widget-container\">\n\t\t\t\t\t\t\t\t\t<div class=\"elementor-button-wrapper\">\n\t\t\t\t\t<a class=\"elementor-button elementor-button-link elementor-size-sm\" href=\"https:\/\/www.ebanoviajes.com\/index.php\/informacion-madagascar\/\">\n\t\t\t\t\t\t<span class=\"elementor-button-content-wrapper\">\n\t\t\t\t\t\t\t\t\t<span class=\"elementor-button-text\">INFORMACI\u00d3N \u00daTIL Y PREPARATIVOS<\/span>\n\t\t\t\t\t<\/span>\n\t\t\t\t\t<\/a>\n\t\t\t\t<\/div>\n\t\t\t\t\t\t\t\t<\/div>\n\t\t\t\t<\/div>\n\t\t\t\t<div class=\"elementor-element elementor-element-a50740f elementor-widget elementor-widget-text-editor\" data-id=\"a50740f\" data-element_type=\"widget\" data-e-type=\"widget\" data-widget_type=\"text-editor.default\">\n\t\t\t\t<div class=\"elementor-widget-container\">\n\t\t\t\t\t\t\t\t\t<p style=\"font-size: 16px; font-style: normal; font-weight: 400; text-align: justify;\">Para empezar, organiza tu viaje con toda la informaci\u00f3n necesaria:<\/p>\n<ul>\n<li style=\"font-size: 16px; font-style: normal; text-align: justify;\">Visado.<\/li>\n<li style=\"font-size: 16px; font-style: normal; text-align: justify;\">Documentos Obligatorios.<\/li>\n<li style=\"font-size: 16px; font-style: normal; text-align: justify;\">Vacunas.&nbsp;<\/li>\n<li style=\"font-size: 16px; font-style: normal; text-align: justify;\">Seguridad.<\/li>\n<li style=\"font-size: 16px; font-style: normal; text-align: justify;\"><span title=\"Se ha encontrado un posible error ortogr\u00e1fico.\" data-type=\"misspelling\" data-suggestions=\"[{&quot;value&quot;:&quot;Mejore poca&quot;},{&quot;value&quot;:&quot;Mejor \u00e9poca&quot;},{&quot;value&quot;:&quot;Mejor poca&quot;},{&quot;value&quot;:&quot;Mejor \u00e9pocas&quot;},{&quot;value&quot;:&quot;Mejor evoca&quot;},{&quot;value&quot;:&quot;Mejor \u00e9pica&quot;},{&quot;value&quot;:&quot;Mejor apoca&quot;}]\" data-rule=\"MORFOLOGIK_RULE_ES\" data-word=\"Mejor epoca\">Mejor \u00e9poca<\/span>&nbsp;y clima.<\/li>\n<li style=\"font-size: 16px; font-style: normal; text-align: justify;\">Transporte.<\/li>\n<\/ul>\t\t\t\t\t\t\t\t<\/div>\n\t\t\t\t<\/div>\n\t\t\t\t\t<\/div>\n\t\t<\/div>\n\t\t\t\t<div class=\"elementor-column elementor-col-33 elementor-top-column elementor-element elementor-element-b2912b0\" data-id=\"b2912b0\" data-element_type=\"column\" data-e-type=\"column\">\n\t\t\t<div class=\"elementor-widget-wrap elementor-element-populated\">\n\t\t\t\t\t\t<div class=\"elementor-element elementor-element-55e8eab elementor-widget elementor-widget-image\" data-id=\"55e8eab\" data-element_type=\"widget\" data-e-type=\"widget\" data-widget_type=\"image.default\">\n\t\t\t\t<div class=\"elementor-widget-container\">\n\t\t\t\t\t\t\t\t\t\t\t\t\t\t\t\t<a href=\"https:\/\/www.ebanoviajes.com\/index.php\/itinerario-madagascar\/\">\n\t\t\t\t\t\t\t<img decoding=\"async\" width=\"768\" height=\"1024\" src=\"https:\/\/www.ebanoviajes.com\/wp-content\/uploads\/2025\/02\/IMG_5597-768x1024.jpeg\" class=\"attachment-large size-large wp-image-8333\" alt=\"\" srcset=\"https:\/\/www.ebanoviajes.com\/wp-content\/uploads\/2025\/02\/IMG_5597-768x1024.jpeg 768w, https:\/\/www.ebanoviajes.com\/wp-content\/uploads\/2025\/02\/IMG_5597-225x300.jpeg 225w, https:\/\/www.ebanoviajes.com\/wp-content\/uploads\/2025\/02\/IMG_5597-1152x1536.jpeg 1152w, https:\/\/www.ebanoviajes.com\/wp-content\/uploads\/2025\/02\/IMG_5597-1536x2048.jpeg 1536w, https:\/\/www.ebanoviajes.com\/wp-content\/uploads\/2025\/02\/IMG_5597-scaled.jpeg 1920w\" sizes=\"(max-width: 768px) 100vw, 768px\" \/>\t\t\t\t\t\t\t\t<\/a>\n\t\t\t\t\t\t\t\t\t\t\t\t\t\t\t<\/div>\n\t\t\t\t<\/div>\n\t\t\t\t<div class=\"elementor-element elementor-element-066d9d4 elementor-align-justify elementor-widget elementor-widget-button\" data-id=\"066d9d4\" data-element_type=\"widget\" data-e-type=\"widget\" data-widget_type=\"button.default\">\n\t\t\t\t<div class=\"elementor-widget-container\">\n\t\t\t\t\t\t\t\t\t<div class=\"elementor-button-wrapper\">\n\t\t\t\t\t<a class=\"elementor-button elementor-button-link elementor-size-sm\" href=\"https:\/\/www.ebanoviajes.com\/index.php\/itinerario-madagascar\/\">\n\t\t\t\t\t\t<span class=\"elementor-button-content-wrapper\">\n\t\t\t\t\t\t\t\t\t<span class=\"elementor-button-text\">CUADERNO DE VIAJE<\/span>\n\t\t\t\t\t<\/span>\n\t\t\t\t\t<\/a>\n\t\t\t\t<\/div>\n\t\t\t\t\t\t\t\t<\/div>\n\t\t\t\t<\/div>\n\t\t\t\t<div class=\"elementor-element elementor-element-a44dcd4 elementor-widget elementor-widget-text-editor\" data-id=\"a44dcd4\" data-element_type=\"widget\" data-e-type=\"widget\" data-widget_type=\"text-editor.default\">\n\t\t\t\t<div class=\"elementor-widget-container\">\n\t\t\t\t\t\t\t\t\t<p>Para continuar, aqu\u00ed encontrar\u00e1s un itinerario de&nbsp;<b>16 d\u00edas<\/b> (+2 de vuelos), <b>alojamientos<\/b>,&nbsp;<b>mapas <\/b>y&nbsp;<b>presupuesto.<\/b><\/p>\t\t\t\t\t\t\t\t<\/div>\n\t\t\t\t<\/div>\n\t\t\t\t\t<\/div>\n\t\t<\/div>\n\t\t\t\t<div class=\"elementor-column elementor-col-33 elementor-top-column elementor-element elementor-element-74b3ba7\" data-id=\"74b3ba7\" data-element_type=\"column\" data-e-type=\"column\">\n\t\t\t<div class=\"elementor-widget-wrap elementor-element-populated\">\n\t\t\t\t\t\t<div class=\"elementor-element elementor-element-e442063 elementor-widget elementor-widget-image\" data-id=\"e442063\" data-element_type=\"widget\" data-e-type=\"widget\" data-widget_type=\"image.default\">\n\t\t\t\t<div class=\"elementor-widget-container\">\n\t\t\t\t\t\t\t\t\t\t\t\t\t\t\t\t<a href=\"https:\/\/www.ebanoviajes.com\/index.php\/viaje-a-madagascar\/\">\n\t\t\t\t\t\t\t<img decoding=\"async\" width=\"768\" height=\"1024\" src=\"https:\/\/www.ebanoviajes.com\/wp-content\/uploads\/2025\/02\/1A08CD50-91B9-4D1A-8984-9E8E752FAAAB_1_105_c.jpeg\" class=\"attachment-2048x2048 size-2048x2048 wp-image-7719\" alt=\"\" srcset=\"https:\/\/www.ebanoviajes.com\/wp-content\/uploads\/2025\/02\/1A08CD50-91B9-4D1A-8984-9E8E752FAAAB_1_105_c.jpeg 768w, https:\/\/www.ebanoviajes.com\/wp-content\/uploads\/2025\/02\/1A08CD50-91B9-4D1A-8984-9E8E752FAAAB_1_105_c-225x300.jpeg 225w\" sizes=\"(max-width: 768px) 100vw, 768px\" \/>\t\t\t\t\t\t\t\t<\/a>\n\t\t\t\t\t\t\t\t\t\t\t\t\t\t\t<\/div>\n\t\t\t\t<\/div>\n\t\t\t\t<div class=\"elementor-element elementor-element-a227a89 elementor-align-justify elementor-widget elementor-widget-button\" data-id=\"a227a89\" data-element_type=\"widget\" data-e-type=\"widget\" data-widget_type=\"button.default\">\n\t\t\t\t<div class=\"elementor-widget-container\">\n\t\t\t\t\t\t\t\t\t<div class=\"elementor-button-wrapper\">\n\t\t\t\t\t<a class=\"elementor-button elementor-button-link elementor-size-sm\" href=\"https:\/\/www.ebanoviajes.com\/index.php\/viaje-a-madagascar\/\">\n\t\t\t\t\t\t<span class=\"elementor-button-content-wrapper\">\n\t\t\t\t\t\t\t\t\t<span class=\"elementor-button-text\">DIARIO<\/span>\n\t\t\t\t\t<\/span>\n\t\t\t\t\t<\/a>\n\t\t\t\t<\/div>\n\t\t\t\t\t\t\t\t<\/div>\n\t\t\t\t<\/div>\n\t\t\t\t<div class=\"elementor-element elementor-element-0c9b1e2 elementor-widget elementor-widget-text-editor\" data-id=\"0c9b1e2\" data-element_type=\"widget\" data-e-type=\"widget\" data-widget_type=\"text-editor.default\">\n\t\t\t\t<div class=\"elementor-widget-container\">\n\t\t\t\t\t\t\t\t\t<p>Para terminar, echa un ojo a nuestro <b>diario<\/b> por la Isla Roja.<\/p>\t\t\t\t\t\t\t\t<\/div>\n\t\t\t\t<\/div>\n\t\t\t\t\t<\/div>\n\t\t<\/div>\n\t\t\t\t\t<\/div>\n\t\t<\/section>\n\t\t\t\t<\/div>\n\t\t","protected":false},"excerpt":{"rendered":"<p>MADAGASCAR LA ISLA ROJA Madagascar es la isla m\u00e1s grande del Oc\u00e9ano \u00cdndico y la cuarta m\u00e1s grande de todo el mundo, es considerada por muchos como el \u00absexto continente\u00bb, ya que hace 150 millones de a\u00f1os se separ\u00f3 de \u00c1frica, llevando as\u00ed una l\u00ednea evolutiva completamente diferente, lo que ha dado lugar a una [&hellip;]<\/p>\n","protected":false},"author":1,"featured_media":0,"parent":0,"menu_order":0,"comment_status":"closed","ping_status":"closed","template":"","meta":{"_uag_custom_page_level_css":"","site-sidebar-layout":"no-sidebar","site-content-layout":"","ast-site-content-layout":"full-width-container","site-content-style":"default","site-sidebar-style":"default","ast-global-header-display":"","ast-banner-title-visibility":"","ast-main-header-display":"","ast-hfb-above-header-display":"","ast-hfb-below-header-display":"","ast-hfb-mobile-header-display":"","site-post-title":"disabled","ast-breadcrumbs-content":"","ast-featured-img":"disabled","footer-sml-layout":"","ast-disable-related-posts":"","theme-transparent-header-meta":"","adv-header-id-meta":"","stick-header-meta":"","header-above-stick-meta":"","header-main-stick-meta":"","header-below-stick-meta":"","astra-migrate-meta-layouts":"default","ast-page-background-enabled":"default","ast-page-background-meta":{"desktop":{"background-color":"var(--ast-global-color-4)","background-image":"","background-repeat":"repeat","background-position":"center center","background-size":"auto","background-attachment":"scroll","background-type":"","background-media":"","overlay-type":"","overlay-color":"","overlay-opacity":"","overlay-gradient":""},"tablet":{"background-color":"","background-image":"","background-repeat":"repeat","background-position":"center center","background-size":"auto","background-attachment":"scroll","background-type":"","background-media":"","overlay-type":"","overlay-color":"","overlay-opacity":"","overlay-gradient":""},"mobile":{"background-color":"","background-image":"","background-repeat":"repeat","background-position":"center center","background-size":"auto","background-attachment":"scroll","background-type":"","background-media":"","overlay-type":"","overlay-color":"","overlay-opacity":"","overlay-gradient":""}},"ast-content-background-meta":{"desktop":{"background-color":"var(--ast-global-color-5)","background-image":"","background-repeat":"repeat","background-position":"center center","background-size":"auto","background-attachment":"scroll","background-type":"","background-media":"","overlay-type":"","overlay-color":"","overlay-opacity":"","overlay-gradient":""},"tablet":{"background-color":"var(--ast-global-color-5)","background-image":"","background-repeat":"repeat","background-position":"center center","background-size":"auto","background-attachment":"scroll","background-type":"","background-media":"","overlay-type":"","overlay-color":"","overlay-opacity":"","overlay-gradient":""},"mobile":{"background-color":"var(--ast-global-color-5)","background-image":"","background-repeat":"repeat","background-position":"center center","background-size":"auto","background-attachment":"scroll","background-type":"","background-media":"","overlay-type":"","overlay-color":"","overlay-opacity":"","overlay-gradient":""}},"footnotes":""},"class_list":["post-5787","page","type-page","status-publish","hentry"],"uagb_featured_image_src":{"full":false,"thumbnail":false,"medium":false,"medium_large":false,"large":false,"1536x1536":false,"2048x2048":false,"bm-post-thumb":false,"bm-post-medium":false},"uagb_author_info":{"display_name":"admin","author_link":"https:\/\/www.ebanoviajes.com\/index.php\/author\/admin\/"},"uagb_comment_info":0,"uagb_excerpt":"MADAGASCAR LA ISLA ROJA Madagascar es la isla m\u00e1s grande del Oc\u00e9ano \u00cdndico y la cuarta m\u00e1s grande de todo el mundo, es considerada por muchos como el \u00absexto continente\u00bb, ya que hace 150 millones de a\u00f1os se separ\u00f3 de \u00c1frica, llevando as\u00ed una l\u00ednea evolutiva completamente diferente, lo que ha dado lugar a una&hellip;","_links":{"self":[{"href":"https:\/\/www.ebanoviajes.com\/index.php\/wp-json\/wp\/v2\/pages\/5787","targetHints":{"allow":["GET"]}}],"collection":[{"href":"https:\/\/www.ebanoviajes.com\/index.php\/wp-json\/wp\/v2\/pages"}],"about":[{"href":"https:\/\/www.ebanoviajes.com\/index.php\/wp-json\/wp\/v2\/types\/page"}],"author":[{"embeddable":true,"href":"https:\/\/www.ebanoviajes.com\/index.php\/wp-json\/wp\/v2\/users\/1"}],"replies":[{"embeddable":true,"href":"https:\/\/www.ebanoviajes.com\/index.php\/wp-json\/wp\/v2\/comments?post=5787"}],"version-history":[{"count":172,"href":"https:\/\/www.ebanoviajes.com\/index.php\/wp-json\/wp\/v2\/pages\/5787\/revisions"}],"predecessor-version":[{"id":9736,"href":"https:\/\/www.ebanoviajes.com\/index.php\/wp-json\/wp\/v2\/pages\/5787\/revisions\/9736"}],"wp:attachment":[{"href":"https:\/\/www.ebanoviajes.com\/index.php\/wp-json\/wp\/v2\/media?parent=5787"}],"curies":[{"name":"wp","href":"https:\/\/api.w.org\/{rel}","templated":true}]}}