{"id":5231,"date":"2023-09-17T15:44:09","date_gmt":"2023-09-17T15:44:09","guid":{"rendered":"https:\/\/www.ebanoviajes.com\/?page_id=5231"},"modified":"2025-03-31T09:04:42","modified_gmt":"2025-03-31T09:04:42","slug":"informacion-para-viajar-a-colombia-2023","status":"publish","type":"page","link":"https:\/\/www.ebanoviajes.com\/index.php\/informacion-para-viajar-a-colombia-2023\/","title":{"rendered":"Informaci\u00f3n para viajar a Colombia 2023"},"content":{"rendered":"\t\t<div data-elementor-type=\"wp-page\" data-elementor-id=\"5231\" class=\"elementor elementor-5231\">\n\t\t\t\t\t\t<section class=\"elementor-section elementor-top-section elementor-element elementor-element-b39f547 elementor-section-full_width elementor-section-height-min-height elementor-section-height-default elementor-section-items-middle\" data-id=\"b39f547\" data-element_type=\"section\" data-e-type=\"section\" data-settings=\"{&quot;background_background&quot;:&quot;classic&quot;}\">\n\t\t\t\t\t\t<div class=\"elementor-container elementor-column-gap-default\">\n\t\t\t\t\t<div class=\"elementor-column elementor-col-100 elementor-top-column elementor-element elementor-element-47a052b\" data-id=\"47a052b\" data-element_type=\"column\" data-e-type=\"column\">\n\t\t\t<div class=\"elementor-widget-wrap\">\n\t\t\t\t\t\t\t<\/div>\n\t\t<\/div>\n\t\t\t\t\t<\/div>\n\t\t<\/section>\n\t\t\t\t<section class=\"elementor-section elementor-top-section elementor-element elementor-element-cae4f64 elementor-section-boxed elementor-section-height-default elementor-section-height-default\" data-id=\"cae4f64\" data-element_type=\"section\" data-e-type=\"section\">\n\t\t\t\t\t\t<div class=\"elementor-container elementor-column-gap-default\">\n\t\t\t\t\t<div class=\"elementor-column elementor-col-100 elementor-top-column elementor-element elementor-element-61ed97c\" data-id=\"61ed97c\" data-element_type=\"column\" data-e-type=\"column\">\n\t\t\t<div class=\"elementor-widget-wrap elementor-element-populated\">\n\t\t\t\t\t\t<div class=\"elementor-element elementor-element-355d1c6 elementor-widget elementor-widget-text-editor\" data-id=\"355d1c6\" data-element_type=\"widget\" data-e-type=\"widget\" data-widget_type=\"text-editor.default\">\n\t\t\t\t<div class=\"elementor-widget-container\">\n\t\t\t\t\t\t\t\t\t<p>Colombia es sin\u00f3nimo de aventura, naturaleza, playas paradis\u00edacas, ciudad coloniales, gastronom\u00eda y caf\u00e9&#8230; mucho caf\u00e9. En <span style=\"color: #ff9900;\"><b>agosto 2023<\/b><\/span>, recorr\u00ed por libre el pa\u00eds. Aqu\u00ed te responder\u00e9 a todas las dudas que te van a surgir antes de tu comenzar tu viaje por las tierras colombianas.\u00a0<\/p>\t\t\t\t\t\t\t\t<\/div>\n\t\t\t\t<\/div>\n\t\t\t\t<div class=\"elementor-element elementor-element-ed23c42 elementor-widget elementor-widget-heading\" data-id=\"ed23c42\" data-element_type=\"widget\" data-e-type=\"widget\" data-widget_type=\"heading.default\">\n\t\t\t\t<div class=\"elementor-widget-container\">\n\t\t\t\t\t<h2 class=\"elementor-heading-title elementor-size-default\">1- \u00bfHACE FALTA VISADO PARA VIAJAR A COLOMBIA EN 2025?<\/h2>\t\t\t\t<\/div>\n\t\t\t\t<\/div>\n\t\t\t\t<div class=\"elementor-element elementor-element-76b958f elementor-widget elementor-widget-text-editor\" data-id=\"76b958f\" data-element_type=\"widget\" data-e-type=\"widget\" data-widget_type=\"text-editor.default\">\n\t\t\t\t<div class=\"elementor-widget-container\">\n\t\t\t\t\t\t\t\t\t<p><span style=\"color: #ff9900;\"><b><u>NO<\/u> <\/b><\/span>hace falta visado si eres ciudadano espa\u00f1ol y viajas por turismo. A la entrada al pa\u00eds tendr\u00e1s <span style=\"color: #ff9900;\"><b>90 d\u00edas <\/b><\/span>prorrogables en <b><span style=\"color: #ff9900;\">180 d\u00edas<\/span>.<\/b><\/p>\t\t\t\t\t\t\t\t<\/div>\n\t\t\t\t<\/div>\n\t\t\t\t<div class=\"elementor-element elementor-element-d6ec306 elementor-widget elementor-widget-heading\" data-id=\"d6ec306\" data-element_type=\"widget\" data-e-type=\"widget\" data-widget_type=\"heading.default\">\n\t\t\t\t<div class=\"elementor-widget-container\">\n\t\t\t\t\t<h2 class=\"elementor-heading-title elementor-size-default\">2-\u00bfQU\u00c9 DOCUMENTOS OBLIGATORIOS NECESITO PARA VIAJAR A COLOMBIA?<\/h2>\t\t\t\t<\/div>\n\t\t\t\t<\/div>\n\t\t\t\t<div class=\"elementor-element elementor-element-456823b elementor-widget elementor-widget-text-editor\" data-id=\"456823b\" data-element_type=\"widget\" data-e-type=\"widget\" data-widget_type=\"text-editor.default\">\n\t\t\t\t<div class=\"elementor-widget-container\">\n\t\t\t\t\t\t\t\t\t<p>Actualmente <span style=\"color: #ff9900;\"><b>2025<\/b><\/span>, necesitar\u00e1s:\u00a0<\/p><p>1- <b><span style=\"color: #ff9900;\"><u>Pasaporte en vigor<\/u><\/span>,<\/b> con una validez m\u00ednima de 6 meses.<\/p><p>2- Billete de ida y vuelta.<\/p>\t\t\t\t\t\t\t\t<\/div>\n\t\t\t\t<\/div>\n\t\t\t\t<div class=\"elementor-element elementor-element-8d95f9d elementor-widget elementor-widget-heading\" data-id=\"8d95f9d\" data-element_type=\"widget\" data-e-type=\"widget\" data-widget_type=\"heading.default\">\n\t\t\t\t<div class=\"elementor-widget-container\">\n\t\t\t\t\t<h2 class=\"elementor-heading-title elementor-size-default\">3-\u00bfQU\u00c9 REQUISITOS EXISTEN FRENTE A LA COVID-19?<\/h2>\t\t\t\t<\/div>\n\t\t\t\t<\/div>\n\t\t\t\t<div class=\"elementor-element elementor-element-01cbe83 elementor-widget elementor-widget-text-editor\" data-id=\"01cbe83\" data-element_type=\"widget\" data-e-type=\"widget\" data-widget_type=\"text-editor.default\">\n\t\t\t\t<div class=\"elementor-widget-container\">\n\t\t\t\t\t\t\t\t\t<p><span style=\"color: #ff9900;\"><b><u>NO<\/u><\/b><\/span>, actualmente en\u00a0<b><span style=\"color: #ff9900;\">2025<\/span>\u00a0<\/b>no existe ning\u00fan tipo de restricci\u00f3n frente a la COVID-19.<\/p>\t\t\t\t\t\t\t\t<\/div>\n\t\t\t\t<\/div>\n\t\t\t\t<div class=\"elementor-element elementor-element-dc2c6e0 elementor-widget elementor-widget-heading\" data-id=\"dc2c6e0\" data-element_type=\"widget\" data-e-type=\"widget\" data-widget_type=\"heading.default\">\n\t\t\t\t<div class=\"elementor-widget-container\">\n\t\t\t\t\t<h2 class=\"elementor-heading-title elementor-size-default\">4-\u00bfHACE FALTA VACUNARSE?<\/h2>\t\t\t\t<\/div>\n\t\t\t\t<\/div>\n\t\t\t\t<div class=\"elementor-element elementor-element-53cdb98 elementor-widget elementor-widget-text-editor\" data-id=\"53cdb98\" data-element_type=\"widget\" data-e-type=\"widget\" data-widget_type=\"text-editor.default\">\n\t\t\t\t<div class=\"elementor-widget-container\">\n\t\t\t\t\t\t\t\t\t<p>Si como en mi caso tienes previsto viajar a la<span style=\"color: #ff9900;\"><b> regi\u00f3n del Amazonas<\/b><\/span>, es obligatoria la vacuna frente a la <span style=\"color: #ff9900;\"><b><u>FIEBRE AMARILLA<\/u><\/b><\/span> (aunque a nosotros nadie nos la pidi\u00f3).<\/p><p>*Es aconsejable acudir al centro de vacunaci\u00f3n internacional para tener toda la informaci\u00f3n del destino al que viajas, as\u00ed como vacunas adicionales no obligatorias.<\/p>\t\t\t\t\t\t\t\t<\/div>\n\t\t\t\t<\/div>\n\t\t\t\t<div class=\"elementor-element elementor-element-faeacf1 elementor-widget elementor-widget-heading\" data-id=\"faeacf1\" data-element_type=\"widget\" data-e-type=\"widget\" data-widget_type=\"heading.default\">\n\t\t\t\t<div class=\"elementor-widget-container\">\n\t\t\t\t\t<h2 class=\"elementor-heading-title elementor-size-default\">5-\u00bfES UN PA\u00cdS SEGURO?<\/h2>\t\t\t\t<\/div>\n\t\t\t\t<\/div>\n\t\t\t\t<div class=\"elementor-element elementor-element-67ce94e elementor-widget elementor-widget-text-editor\" data-id=\"67ce94e\" data-element_type=\"widget\" data-e-type=\"widget\" data-widget_type=\"text-editor.default\">\n\t\t\t\t<div class=\"elementor-widget-container\">\n\t\t\t\t\t\t\t\t\t<p>Sin duda alguna esta es la pregunta estrella que se formula la gente a la hora de decidir si viajar o no. Marcado por su pasado violento, Colombia es un destino estigmatizado que desde mi punto de vista no le hace justicia a la realidad que nosotros vivimos durante nuestra estancia. L\u00f3gicamente, hay que tener \u00abprecauciones\u00bb, pero vamos&#8230; nada diferente a cualquier otro destino del resto del mundo. Eso s\u00ed, el \u00fanico lugar donde aumentar\u00eda las precauciones, ser\u00eda en su capital, Bogot\u00e1. En esta ciudad el ambiente nocturno es algo raro y s\u00ed llegu\u00e9 a sentir algo de inseguridad. Evitar\u00eda a toda costa expediciones nocturnas innecesarias, ya que la ciudad de noche tiene poco que ofrecer. Si pese a ello decides salir, intenta no ir solo y usar taxis para llegar a tu destino. Como dicen en Colombia: \u00ab<i>No des papaya<\/i>\u00ab.\u00a0<\/p><p>\u00a0<\/p>\t\t\t\t\t\t\t\t<\/div>\n\t\t\t\t<\/div>\n\t\t\t\t\t<\/div>\n\t\t<\/div>\n\t\t\t\t\t<\/div>\n\t\t<\/section>\n\t\t\t\t<section class=\"elementor-section elementor-top-section elementor-element elementor-element-4fc410d elementor-section-boxed elementor-section-height-default elementor-section-height-default\" data-id=\"4fc410d\" data-element_type=\"section\" data-e-type=\"section\">\n\t\t\t\t\t\t<div class=\"elementor-container elementor-column-gap-default\">\n\t\t\t\t\t<div class=\"elementor-column elementor-col-100 elementor-top-column elementor-element elementor-element-f048d7b\" data-id=\"f048d7b\" data-element_type=\"column\" data-e-type=\"column\">\n\t\t\t<div class=\"elementor-widget-wrap elementor-element-populated\">\n\t\t\t\t\t\t<div class=\"elementor-element elementor-element-851a72b elementor-widget elementor-widget-heading\" data-id=\"851a72b\" data-element_type=\"widget\" data-e-type=\"widget\" data-widget_type=\"heading.default\">\n\t\t\t\t<div class=\"elementor-widget-container\">\n\t\t\t\t\t<h2 class=\"elementor-heading-title elementor-size-default\">6-\u00bfCU\u00c1L ES LA MEJOR \u00c9POCA PARA IR? \u00bfQU\u00c9 CLIMA TIENE COLOMBIA?<br><\/h2>\t\t\t\t<\/div>\n\t\t\t\t<\/div>\n\t\t\t\t<div class=\"elementor-element elementor-element-e5c5614 elementor-widget elementor-widget-text-editor\" data-id=\"e5c5614\" data-element_type=\"widget\" data-e-type=\"widget\" data-widget_type=\"text-editor.default\">\n\t\t\t\t<div class=\"elementor-widget-container\">\n\t\t\t\t\t\t\t\t\t<p style=\"font-size: 16px; font-style: normal; font-weight: 400;\">Como consecuencia de la topograf\u00eda tan variada que tiene Colombia, es dif\u00edcil establecer un \u00fanico clima que englobe a todo el pa\u00eds ya que tiene diferentes microclimas y depender\u00e1 de la zona a visitar. Pese a ello, se puede decir que su\u00a0<span style=\"font-weight: bold;\"><span style=\"color: #ff9900;\">clima es tropical h\u00famedo<\/span>,\u00a0<\/span>con posibilidad de<span style=\"color: #ff9900;\"><span style=\"font-weight: bold;\">\u00a0lluvias durante todo<\/span>\u00a0<span style=\"font-weight: bold;\">el a\u00f1o<\/span><\/span>.\u00a0<\/p><ul style=\"font-size: 16px; font-style: normal;\"><li style=\"font-weight: 400; font-size: 16px;\"><u>Temporada alta<\/u>:\u00a0<span style=\"font-weight: bold;\">DICIEMBRE \u2013 MARZO.<\/span><\/li><li style=\"font-weight: 400; font-size: 16px;\"><u>Temporada intermedia:<\/u>\u00a0<span style=\"font-weight: bold;\">ABRIL \u2013 SEPTIEMBRE.<\/span><\/li><li style=\"font-size: 16px;\"><u>Temporada baja:<\/u><b> OCTUBRE &#8211; NOVIEMBRE. <\/b>Lluvias en pr\u00e1cticamente todo el pa\u00eds.<\/li><li style=\"font-size: 16px;\"><span style=\"font-style: inherit; font-weight: inherit; background-color: var(--ast-global-color-5); color: var(--ast-global-color-3);\"><u>M<\/u><\/span><span style=\"font-size: 1rem; font-style: inherit; font-weight: inherit; color: var(--ast-global-color-3); background-color: var(--ast-global-color-5);\"><u>ejores meses para viajar:<\/u><span style=\"font-weight: bold;\">\u00a0ENERO, FEBRERO, JULIO Y AGOSTO.<\/span><\/span><\/li><\/ul><div><span style=\"color: #ff9900;\"><b>*Nota: <\/b><\/span>La temperatura en la capital, Bogot\u00e1, oscila entre <span style=\"color: #ff9900;\"><b>10\u00baC &#8211; 18\u00baC<\/b><\/span> durante todo el a\u00f1o. No cometas mi error y ll\u00e9vate una chaqueta.<b>\u00a0<\/b><\/div>\t\t\t\t\t\t\t\t<\/div>\n\t\t\t\t<\/div>\n\t\t\t\t<div class=\"elementor-element elementor-element-db58ddf elementor-widget elementor-widget-heading\" data-id=\"db58ddf\" data-element_type=\"widget\" data-e-type=\"widget\" data-widget_type=\"heading.default\">\n\t\t\t\t<div class=\"elementor-widget-container\">\n\t\t\t\t\t<h2 class=\"elementor-heading-title elementor-size-default\">7-\u00bfCOM\u00d3 MOVERSE?<\/h2>\t\t\t\t<\/div>\n\t\t\t\t<\/div>\n\t\t\t\t<div class=\"elementor-element elementor-element-a74bf3c elementor-widget elementor-widget-text-editor\" data-id=\"a74bf3c\" data-element_type=\"widget\" data-e-type=\"widget\" data-widget_type=\"text-editor.default\">\n\t\t\t\t<div class=\"elementor-widget-container\">\n\t\t\t\t\t\t\t\t\t<p>Colombia, es un pa\u00eds inmenso, con grandes distancias y malas comunicaciones terrestres. Para moverte libre y eficientemente por el pa\u00eds te recomiendo:\u00a0<\/p><p><strong>1<\/strong><b>&#8211;<u>ALQUILER DE COCHE<\/u>:<\/b>\u00a0recomendado para las siguientes zonas:<\/p><ul><li><u>Eje Cafetero<b>:<\/b><\/u>\u00a0<span style=\"font-style: inherit; font-weight: inherit; background-color: var(--ast-global-color-5); color: var(--ast-global-color-3);\">\u00a1Alquila coche! s\u00ed o s\u00ed, no te hace falta el permiso internacional de conducir, con tu licencia espa\u00f1ola es suficiente. Las carreteras est\u00e1n en buen estado y el tr\u00e1fico es respetuoso. <\/span><span style=\"color: #ff0000;\"><span style=\"font-style: inherit; background-color: var(--ast-global-color-5);\">Precio 30\u20ac-40\u20ac por d\u00eda<\/span><span style=\"font-style: inherit; font-weight: inherit; background-color: var(--ast-global-color-5);\">.<\/span><\/span><\/li><\/ul><p><span style=\"font-style: inherit; background-color: var(--ast-global-color-5); color: var(--ast-global-color-3);\"><strong>2<\/strong><b>&#8211;<u>VUELOS INTERNOS<\/u>: <\/b>Como dec\u00edamos, Colombia es un pa\u00eds gigante, si quieres recorrerlo en su \u00abtotalidad\u00bb tendr\u00e1s que coger vuelos internos. Aqu\u00ed te dejo los nuestros y el precio que suelen tener:<\/span><\/p><ul><li><u>Bogot\u00e1 -Pereira<\/u> (Eje cafetero): <span style=\"color: #ff0000;\">65\u20ac<\/span><\/li><li><u>Pereira &#8211; Medell\u00edn<\/u>: <span style=\"color: #ff0000;\">62\u20ac<\/span><\/li><li><u>Medell\u00edn &#8211; Santa Marta<\/u>: <span style=\"color: #ff0000;\">76\u20ac<\/span><\/li><li><u>Cartagena &#8211; Leticia <\/u>(Amazonas):<span style=\"color: #ff0000;\"> 330\u20ac<\/span><\/li><\/ul><p><strong>3<\/strong><b>&#8211; <u>AUTOB\u00daS<\/u><\/b>: para terminar, solo nos faltar\u00eda al autob\u00fas. La red de conexiones es bastante buena y funciona de forma \u00e1gil, pero ten en cuenta que las distancias son muy largas. Si tienes poco presupuesto y mucho tiempo puede ser una opci\u00f3n interesante. Nosotros lo usamos para hacer la conexi\u00f3n:<\/p><ul><li><span style=\"font-style: inherit; font-weight: inherit; background-color: var(--ast-global-color-5); color: var(--ast-global-color-3);\">Santa Marta &#8211;\u00a0 Cartagena (compa\u00f1\u00eda: <\/span><b style=\"font-style: inherit; background-color: var(--ast-global-color-5); color: var(--ast-global-color-3);\">MARSOL<\/b><span style=\"font-style: inherit; font-weight: inherit; background-color: var(--ast-global-color-5); color: var(--ast-global-color-3);\">, precio: <\/span><span style=\"color: #ff0000;\">13\u20ac<\/span><span style=\"font-style: inherit; font-weight: inherit; background-color: var(--ast-global-color-5); color: var(--ast-global-color-3);\">).\u00a0<\/span><\/li><li>Medell\u00edn &#8211; Guanacaste (<span style=\"color: #ff0000;\">5\u20ac<\/span>).<\/li><\/ul>\t\t\t\t\t\t\t\t<\/div>\n\t\t\t\t<\/div>\n\t\t\t\t\t<\/div>\n\t\t<\/div>\n\t\t\t\t\t<\/div>\n\t\t<\/section>\n\t\t\t\t<\/div>\n\t\t","protected":false},"excerpt":{"rendered":"<p>Colombia es sin\u00f3nimo de aventura, naturaleza, playas paradis\u00edacas, ciudad coloniales, gastronom\u00eda y caf\u00e9&#8230; mucho caf\u00e9. En agosto 2023, recorr\u00ed por libre el pa\u00eds. Aqu\u00ed te responder\u00e9 a todas las dudas que te van a surgir antes de tu comenzar tu viaje por las tierras colombianas.\u00a0 1- \u00bfHACE FALTA VISADO PARA VIAJAR A COLOMBIA EN 2025? [&hellip;]<\/p>\n","protected":false},"author":1,"featured_media":0,"parent":0,"menu_order":0,"comment_status":"closed","ping_status":"closed","template":"","meta":{"_uag_custom_page_level_css":"","site-sidebar-layout":"no-sidebar","site-content-layout":"","ast-site-content-layout":"full-width-container","site-content-style":"default","site-sidebar-style":"default","ast-global-header-display":"","ast-banner-title-visibility":"","ast-main-header-display":"","ast-hfb-above-header-display":"","ast-hfb-below-header-display":"","ast-hfb-mobile-header-display":"","site-post-title":"disabled","ast-breadcrumbs-content":"","ast-featured-img":"disabled","footer-sml-layout":"","ast-disable-related-posts":"","theme-transparent-header-meta":"","adv-header-id-meta":"","stick-header-meta":"","header-above-stick-meta":"","header-main-stick-meta":"","header-below-stick-meta":"","astra-migrate-meta-layouts":"default","ast-page-background-enabled":"default","ast-page-background-meta":{"desktop":{"background-color":"var(--ast-global-color-4)","background-image":"","background-repeat":"repeat","background-position":"center center","background-size":"auto","background-attachment":"scroll","background-type":"","background-media":"","overlay-type":"","overlay-color":"","overlay-opacity":"","overlay-gradient":""},"tablet":{"background-color":"","background-image":"","background-repeat":"repeat","background-position":"center center","background-size":"auto","background-attachment":"scroll","background-type":"","background-media":"","overlay-type":"","overlay-color":"","overlay-opacity":"","overlay-gradient":""},"mobile":{"background-color":"","background-image":"","background-repeat":"repeat","background-position":"center center","background-size":"auto","background-attachment":"scroll","background-type":"","background-media":"","overlay-type":"","overlay-color":"","overlay-opacity":"","overlay-gradient":""}},"ast-content-background-meta":{"desktop":{"background-color":"var(--ast-global-color-5)","background-image":"","background-repeat":"repeat","background-position":"center center","background-size":"auto","background-attachment":"scroll","background-type":"","background-media":"","overlay-type":"","overlay-color":"","overlay-opacity":"","overlay-gradient":""},"tablet":{"background-color":"var(--ast-global-color-5)","background-image":"","background-repeat":"repeat","background-position":"center center","background-size":"auto","background-attachment":"scroll","background-type":"","background-media":"","overlay-type":"","overlay-color":"","overlay-opacity":"","overlay-gradient":""},"mobile":{"background-color":"var(--ast-global-color-5)","background-image":"","background-repeat":"repeat","background-position":"center center","background-size":"auto","background-attachment":"scroll","background-type":"","background-media":"","overlay-type":"","overlay-color":"","overlay-opacity":"","overlay-gradient":""}},"footnotes":""},"class_list":["post-5231","page","type-page","status-publish","hentry"],"uagb_featured_image_src":{"full":false,"thumbnail":false,"medium":false,"medium_large":false,"large":false,"1536x1536":false,"2048x2048":false,"bm-post-thumb":false,"bm-post-medium":false},"uagb_author_info":{"display_name":"admin","author_link":"https:\/\/www.ebanoviajes.com\/index.php\/author\/admin\/"},"uagb_comment_info":0,"uagb_excerpt":"Colombia es sin\u00f3nimo de aventura, naturaleza, playas paradis\u00edacas, ciudad coloniales, gastronom\u00eda y caf\u00e9&#8230; mucho caf\u00e9. En agosto 2023, recorr\u00ed por libre el pa\u00eds. Aqu\u00ed te responder\u00e9 a todas las dudas que te van a surgir antes de tu comenzar tu viaje por las tierras colombianas.\u00a0 1- \u00bfHACE FALTA VISADO PARA VIAJAR A COLOMBIA EN 2025?&hellip;","_links":{"self":[{"href":"https:\/\/www.ebanoviajes.com\/index.php\/wp-json\/wp\/v2\/pages\/5231","targetHints":{"allow":["GET"]}}],"collection":[{"href":"https:\/\/www.ebanoviajes.com\/index.php\/wp-json\/wp\/v2\/pages"}],"about":[{"href":"https:\/\/www.ebanoviajes.com\/index.php\/wp-json\/wp\/v2\/types\/page"}],"author":[{"embeddable":true,"href":"https:\/\/www.ebanoviajes.com\/index.php\/wp-json\/wp\/v2\/users\/1"}],"replies":[{"embeddable":true,"href":"https:\/\/www.ebanoviajes.com\/index.php\/wp-json\/wp\/v2\/comments?post=5231"}],"version-history":[{"count":31,"href":"https:\/\/www.ebanoviajes.com\/index.php\/wp-json\/wp\/v2\/pages\/5231\/revisions"}],"predecessor-version":[{"id":9460,"href":"https:\/\/www.ebanoviajes.com\/index.php\/wp-json\/wp\/v2\/pages\/5231\/revisions\/9460"}],"wp:attachment":[{"href":"https:\/\/www.ebanoviajes.com\/index.php\/wp-json\/wp\/v2\/media?parent=5231"}],"curies":[{"name":"wp","href":"https:\/\/api.w.org\/{rel}","templated":true}]}}