{"id":4745,"date":"2023-05-30T19:05:00","date_gmt":"2023-05-30T19:05:00","guid":{"rendered":"https:\/\/www.ebanoviajes.com\/?page_id=4745"},"modified":"2025-04-02T09:00:39","modified_gmt":"2025-04-02T09:00:39","slug":"informacion-nepal","status":"publish","type":"page","link":"https:\/\/www.ebanoviajes.com\/index.php\/informacion-nepal\/","title":{"rendered":"Informaci\u00f3n Nepal"},"content":{"rendered":"\t\t<div data-elementor-type=\"wp-page\" data-elementor-id=\"4745\" class=\"elementor elementor-4745\">\n\t\t\t\t\t\t<section class=\"elementor-section elementor-top-section elementor-element elementor-element-a26c221 elementor-section-full_width elementor-section-height-min-height elementor-section-height-default elementor-section-items-middle\" data-id=\"a26c221\" data-element_type=\"section\" data-e-type=\"section\" data-settings=\"{&quot;background_background&quot;:&quot;classic&quot;}\">\n\t\t\t\t\t\t<div class=\"elementor-container elementor-column-gap-default\">\n\t\t\t\t\t<div class=\"elementor-column elementor-col-100 elementor-top-column elementor-element elementor-element-b1e7d81\" data-id=\"b1e7d81\" data-element_type=\"column\" data-e-type=\"column\">\n\t\t\t<div class=\"elementor-widget-wrap\">\n\t\t\t\t\t\t\t<\/div>\n\t\t<\/div>\n\t\t\t\t\t<\/div>\n\t\t<\/section>\n\t\t\t\t<section class=\"elementor-section elementor-top-section elementor-element elementor-element-f8d63ca elementor-section-boxed elementor-section-height-default elementor-section-height-default\" data-id=\"f8d63ca\" data-element_type=\"section\" data-e-type=\"section\">\n\t\t\t\t\t\t<div class=\"elementor-container elementor-column-gap-default\">\n\t\t\t\t\t<div class=\"elementor-column elementor-col-100 elementor-top-column elementor-element elementor-element-ed10629\" data-id=\"ed10629\" data-element_type=\"column\" data-e-type=\"column\">\n\t\t\t<div class=\"elementor-widget-wrap elementor-element-populated\">\n\t\t\t\t\t\t<div class=\"elementor-element elementor-element-133f497 elementor-widget elementor-widget-heading\" data-id=\"133f497\" data-element_type=\"widget\" data-e-type=\"widget\" data-widget_type=\"heading.default\">\n\t\t\t\t<div class=\"elementor-widget-container\">\n\t\t\t\t\t<h2 class=\"elementor-heading-title elementor-size-default\">1-\u00bfHACE FALTA VISADO PARA VIAJAR A NEPAL EN 2025?<\/h2>\t\t\t\t<\/div>\n\t\t\t\t<\/div>\n\t\t\t\t<div class=\"elementor-element elementor-element-48b5f3d elementor-widget elementor-widget-text-editor\" data-id=\"48b5f3d\" data-element_type=\"widget\" data-e-type=\"widget\" data-widget_type=\"text-editor.default\">\n\t\t\t\t<div class=\"elementor-widget-container\">\n\t\t\t\t\t\t\t\t\t<p><span style=\"background-color: var(--ast-global-color-5); color: var(--ast-global-color-3); font-size: 1rem; font-weight: bold; text-align: justify;\"><span style=\"color: #ff9900;\">S\u00cd<\/span>,<\/span><span style=\"background-color: var(--ast-global-color-5); color: var(--ast-global-color-3); font-size: 1rem; text-align: justify;\">\u00a0el visado es un\u00a0<\/span><span style=\"background-color: var(--ast-global-color-5); color: var(--ast-global-color-3); font-size: 1rem; font-weight: bold; text-align: justify;\"><span style=\"color: #ff9900;\">documento obligatorio <\/span>(excepto menores de 10 a\u00f1os)<\/span><span style=\"background-color: var(--ast-global-color-5); color: var(--ast-global-color-3); font-size: 1rem; text-align: justify;\">\u00a0para entrar en <b>Nepal<\/b>, pero la verdad que es bastante f\u00e1cil obtenerlo, existen dos formas:<\/span><\/p><ul><li style=\"text-align: justify;\"><span style=\"font-style: inherit;\">En el<\/span><b style=\"font-style: inherit;\"> propio aeropuerto<\/b><span style=\"font-style: inherit;\"> a tu llegada<\/span><i> \u00abVisa on arrival\u00bb<\/i><span style=\"font-style: inherit;\">. Tiene un precio de: <\/span><span style=\"color: #ff0000;\"><b style=\"font-style: inherit;\">30\u20ac\/15 d\u00edas &#8211; 50\u20ac\/30 d\u00edas &#8211; 120\u20ac\/90 d\u00edas<\/b><\/span><span style=\"font-style: inherit;\">. Para tramitar el visado hay que rellenar un formulario que te entregan el avi\u00f3n, sin embargo, puede hacerlo online\u00a0<\/span><a style=\"font-style: inherit;\" href=\"https:\/\/nepaliport.immigration.gov.np\/online\" target=\"_blank\" rel=\"noopener\">aqu\u00ed<\/a><span style=\"font-style: inherit;\">.<\/span><\/li><li style=\"text-align: justify;\"><span style=\"font-size: 1rem; font-style: inherit;\"><b>Tramitarlo en Espa\u00f1a<\/b>, en la\u00a0<\/span><a style=\"font-size: 1rem; font-style: inherit;\" href=\"https:\/\/sp.nepalembassy.gov.np\/spanish\/\" target=\"_blank\" rel=\"noopener\">embajada de Madrid<\/a><span style=\"font-size: 1rem; font-style: inherit;\">. Una vez que recibas el visado tienes un <b>plazo m\u00e1ximo para viajar al pa\u00eds de 6 meses<\/b>.<\/span><\/li><\/ul>\t\t\t\t\t\t\t\t<\/div>\n\t\t\t\t<\/div>\n\t\t\t\t<div class=\"elementor-element elementor-element-8c68cd7 elementor-widget elementor-widget-heading\" data-id=\"8c68cd7\" data-element_type=\"widget\" data-e-type=\"widget\" data-widget_type=\"heading.default\">\n\t\t\t\t<div class=\"elementor-widget-container\">\n\t\t\t\t\t<h2 class=\"elementor-heading-title elementor-size-default\"><span style=\"color: var(--ast-global-color-2);, sans-serif;font-size: 25px;white-space: normal;background-color: var(--ast-global-color-5)\">2- \u00bfQU\u00c9 DOCUMENTOS OBLIGATORIOS NECESITO?<\/span><\/h2>\t\t\t\t<\/div>\n\t\t\t\t<\/div>\n\t\t\t\t<div class=\"elementor-element elementor-element-c4a285f elementor-widget elementor-widget-text-editor\" data-id=\"c4a285f\" data-element_type=\"widget\" data-e-type=\"widget\" data-widget_type=\"text-editor.default\">\n\t\t\t\t<div class=\"elementor-widget-container\">\n\t\t\t\t\t\t\t\t\t<p style=\"font-size: 16px; font-style: normal; text-align: justify;\"><span title=\"Si el adverbio \u00abactualmente\u00bb se refiere a toda la frase, y no solo al verbo, es recomendable usar una coma.\" data-type=\"grammar\" data-suggestions=\"[{&quot;value&quot;:&quot;actualmente,&quot;}]\" data-rule=\"COMMA_ADVERB\" data-word=\"actualmente\"><b>Actualmente (2025)<\/b>,<\/span>\u00a0solo necesitas:<\/p><ul><li style=\"font-weight: 400;\"><span style=\"color: #ff9900;\"><span style=\"font-weight: bold;\">Pa<\/span><span style=\"font-weight: bold;\">saporte con una validez\u00a0<span title=\"Se ha encontrado un posible error ortogr\u00e1fico.\" data-type=\"misspelling\" data-suggestions=\"[{&quot;value&quot;:&quot;m\u00ednima&quot;},{&quot;value&quot;:&quot;m\u00ednimo&quot;},{&quot;value&quot;:&quot;m\u00ednimas&quot;},{&quot;value&quot;:&quot;minia&quot;},{&quot;value&quot;:&quot;minina&quot;},{&quot;value&quot;:&quot;mini\u00e1&quot;}]\" data-rule=\"MORFOLOGIK_RULE_ES\" data-word=\"minima\">m\u00ednima<\/span>\u00a0de 6 meses<\/span>.<\/span><\/li><li><span style=\"color: #ff9900;\"><b>Visado<\/b><\/span><span style=\"font-weight: 400;\"><span style=\"color: #ff9900;\">.<\/span>\u00a0<\/span><\/li><li><b><span style=\"color: #ff9900;\">Permiso internacional de circulaci\u00f3n<\/span>,<\/b> en caso de alquilar un veh\u00edculo<b>.<\/b><\/li><\/ul>\t\t\t\t\t\t\t\t<\/div>\n\t\t\t\t<\/div>\n\t\t\t\t<div class=\"elementor-element elementor-element-ee86904 elementor-widget elementor-widget-heading\" data-id=\"ee86904\" data-element_type=\"widget\" data-e-type=\"widget\" data-widget_type=\"heading.default\">\n\t\t\t\t<div class=\"elementor-widget-container\">\n\t\t\t\t\t<h2 class=\"elementor-heading-title elementor-size-default\"><div class=\"elementor-element elementor-element-4f0b209 elementor-widget elementor-widget-heading\" data-id=\"4f0b209\" data-element_type=\"widget\" data-widget_type=\"heading.default\" style=\"flex-basis: var(--flex-basis);flex-grow: var(--flex-grow);flex-shrink: var(--flex-shrink);align-self: var(--align-self);flex-direction: var(--flex-direction);flex-wrap: var(--flex-wrap);justify-content: var(--justify-content);align-items: var(--align-items);align-content: var(--align-content);gap: var(--gap);--swiper-theme-color: #000;--swiper-navigation-size: 44px;--swiper-pagination-bullet-size: 6px;--swiper-pagination-bullet-horizontal-gap: 6px;--widgets-spacing: 20px;width: 1120px;font-size: 16px;white-space: normal\"><div class=\"elementor-widget-container\"><h2 class=\"elementor-heading-title elementor-size-default\" style=\"font-size: 25px;, sans-serif\">3- \u00bfHACE FALTA VACUNARSE?<span style=\", sans-serif;font-size: 1.875rem;font-style: inherit;white-space: pre-wrap\"><\/span><\/h2><\/div><\/div><\/h2>\t\t\t\t<\/div>\n\t\t\t\t<\/div>\n\t\t\t\t<div class=\"elementor-element elementor-element-2c27fc0 elementor-widget elementor-widget-text-editor\" data-id=\"2c27fc0\" data-element_type=\"widget\" data-e-type=\"widget\" data-widget_type=\"text-editor.default\">\n\t\t\t\t<div class=\"elementor-widget-container\">\n\t\t\t\t\t\t\t\t\t<p>\u00danicamente es obligatoria la <strong><span style=\"color: #ff9900;\">fiebre amarilla<\/span><\/strong> en caso de venir de alg\u00fan pa\u00eds end\u00e9mico, o haber viajado a uno de ellos en los 9 meses anteriores al viaje.\u00a0<\/p>\t\t\t\t\t\t\t\t<\/div>\n\t\t\t\t<\/div>\n\t\t\t\t<div class=\"elementor-element elementor-element-2e80752 elementor-widget elementor-widget-heading\" data-id=\"2e80752\" data-element_type=\"widget\" data-e-type=\"widget\" data-widget_type=\"heading.default\">\n\t\t\t\t<div class=\"elementor-widget-container\">\n\t\t\t\t\t<h2 class=\"elementor-heading-title elementor-size-default\">4- \u00bfES UN PA\u00cdS SEGURO?<\/h2>\t\t\t\t<\/div>\n\t\t\t\t<\/div>\n\t\t\t\t<div class=\"elementor-element elementor-element-3a1f849 elementor-widget elementor-widget-text-editor\" data-id=\"3a1f849\" data-element_type=\"widget\" data-e-type=\"widget\" data-widget_type=\"text-editor.default\">\n\t\t\t\t<div class=\"elementor-widget-container\">\n\t\t\t\t\t\t\t\t\t<p>Nepal, es un pa\u00eds muy seguro que trata especialmente bien al turista. Como ocurre en cualquier lugar, el sentido com\u00fan debe estar siempre presente para evitar cualquier situaci\u00f3n inc\u00f3moda. Nuestra experiencia durante los <b>20 d\u00edas<\/b> que estuvimos recorriendo el pa\u00eds fue bastante buena y nos sentimos muy seguros en todo momento.&nbsp;<\/p>\t\t\t\t\t\t\t\t<\/div>\n\t\t\t\t<\/div>\n\t\t\t\t<div class=\"elementor-element elementor-element-b9eb8f5 elementor-widget elementor-widget-heading\" data-id=\"b9eb8f5\" data-element_type=\"widget\" data-e-type=\"widget\" data-widget_type=\"heading.default\">\n\t\t\t\t<div class=\"elementor-widget-container\">\n\t\t\t\t\t<h2 class=\"elementor-heading-title elementor-size-default\">5- \u00bfCU\u00c1L ES LA MEJOR \u00c9POCA PARA IR? \u00bfQU\u00c9 CLIMA TIENE?<\/h2>\t\t\t\t<\/div>\n\t\t\t\t<\/div>\n\t\t\t\t<div class=\"elementor-element elementor-element-0e623a3 elementor-widget elementor-widget-text-editor\" data-id=\"0e623a3\" data-element_type=\"widget\" data-e-type=\"widget\" data-widget_type=\"text-editor.default\">\n\t\t\t\t<div class=\"elementor-widget-container\">\n\t\t\t\t\t\t\t\t\t<p>El clima de Nepal se puede dividir principalmente en 4 per\u00edodos:<\/p>\n<ol>\n<li><span style=\"color: #ff9900;\"><strong><u>PER\u00cdODO FR\u00cdO<\/u><\/strong><\/span>: <b>Enero-Marzo. <\/b>Pese a las bajas temperaturas se pueden realizar casi todos los trekkings, eso s\u00ed, muy preparados t\u00e9cnicamente para el fr\u00edo.<\/li>\n<li><u><span style=\"color: #ff9900;\"><span style=\"caret-color: #ff9900;\"><b>PER\u00cdODO PRIMAVERAL<\/b><\/span><\/span>:<\/u><b> Abril-Junio. <\/b>Se caracteriza por temperaturas medias y precipitaciones puntuales. Mejor momento para observar la naturaleza del pa\u00eds.<\/li>\n<li><u><span style=\"color: #ff9900;\"><strong>PER\u00cdODO DE LLUVIAS<\/strong><\/span>:<\/u><b> Junio-Septiembre.<\/b> Per\u00edodo del monz\u00f3n, valles a rebosar de agua. Obligatorio llevar buena ropa impermeable.<\/li>\n<li><span style=\"color: #ff9900;\"><strong><u>PER\u00cdODO DE TREKKINGS:<\/u>&nbsp;<\/strong><\/span><strong>Octubre-Diciembre. <\/strong>Temperaturas c\u00e1lidas y poca probabilidad de precipitaciones. Cielos despejados, algo imprescindible para contemplar el techo del mundo.<\/li>\n<\/ol>\t\t\t\t\t\t\t\t<\/div>\n\t\t\t\t<\/div>\n\t\t\t\t<div class=\"elementor-element elementor-element-fcc7fca elementor-widget elementor-widget-heading\" data-id=\"fcc7fca\" data-element_type=\"widget\" data-e-type=\"widget\" data-widget_type=\"heading.default\">\n\t\t\t\t<div class=\"elementor-widget-container\">\n\t\t\t\t\t<h2 class=\"elementor-heading-title elementor-size-default\">6- \u00bfCOM\u00d3 MOVERSE?<\/h2>\t\t\t\t<\/div>\n\t\t\t\t<\/div>\n\t\t\t\t<div class=\"elementor-element elementor-element-aa946dc elementor-widget elementor-widget-text-editor\" data-id=\"aa946dc\" data-element_type=\"widget\" data-e-type=\"widget\" data-widget_type=\"text-editor.default\">\n\t\t\t\t<div class=\"elementor-widget-container\">\n\t\t\t\t\t\t\t\t\t<p>Personalmente, soy de la opini\u00f3n de alquilar siempre un coche cuando viajo por la libertad que me proporciona, sin embargo, en Nepal decidimos no hacerlo, ya que estar\u00eda sin usarse durante el tiempo que hici\u00e9semos el trekking, por lo que optamos por contratar <i>\u00abdrivers\u00bb<\/i> para los trayectos. Para movernos dentro de las ciudades, lo hicimos mediante los autobuses p\u00fablicos, que a pesar de ser algo ca\u00f3ticos funcionan bastante bien. Otra alternativa para los trayectos entre ciudades, es usar los buses de larga distancia que conectan las puntos de mayor inter\u00e9s del pa\u00eds.\u00a0<\/p><p>\u00a0<\/p>\t\t\t\t\t\t\t\t<\/div>\n\t\t\t\t<\/div>\n\t\t\t\t\t<\/div>\n\t\t<\/div>\n\t\t\t\t\t<\/div>\n\t\t<\/section>\n\t\t\t\t<\/div>\n\t\t","protected":false},"excerpt":{"rendered":"<p>1-\u00bfHACE FALTA VISADO PARA VIAJAR A NEPAL EN 2025? S\u00cd,\u00a0el visado es un\u00a0documento obligatorio (excepto menores de 10 a\u00f1os)\u00a0para entrar en Nepal, pero la verdad que es bastante f\u00e1cil obtenerlo, existen dos formas: En el propio aeropuerto a tu llegada \u00abVisa on arrival\u00bb. Tiene un precio de: 30\u20ac\/15 d\u00edas &#8211; 50\u20ac\/30 d\u00edas &#8211; 120\u20ac\/90 d\u00edas. [&hellip;]<\/p>\n","protected":false},"author":1,"featured_media":0,"parent":0,"menu_order":0,"comment_status":"closed","ping_status":"closed","template":"","meta":{"_uag_custom_page_level_css":"","site-sidebar-layout":"no-sidebar","site-content-layout":"page-builder","ast-site-content-layout":"default","site-content-style":"default","site-sidebar-style":"default","ast-global-header-display":"","ast-banner-title-visibility":"","ast-main-header-display":"","ast-hfb-above-header-display":"","ast-hfb-below-header-display":"","ast-hfb-mobile-header-display":"","site-post-title":"disabled","ast-breadcrumbs-content":"","ast-featured-img":"disabled","footer-sml-layout":"","ast-disable-related-posts":"","theme-transparent-header-meta":"","adv-header-id-meta":"","stick-header-meta":"","header-above-stick-meta":"","header-main-stick-meta":"","header-below-stick-meta":"","astra-migrate-meta-layouts":"default","ast-page-background-enabled":"default","ast-page-background-meta":{"desktop":{"background-color":"var(--ast-global-color-4)","background-image":"","background-repeat":"repeat","background-position":"center center","background-size":"auto","background-attachment":"scroll","background-type":"","background-media":"","overlay-type":"","overlay-color":"","overlay-opacity":"","overlay-gradient":""},"tablet":{"background-color":"","background-image":"","background-repeat":"repeat","background-position":"center center","background-size":"auto","background-attachment":"scroll","background-type":"","background-media":"","overlay-type":"","overlay-color":"","overlay-opacity":"","overlay-gradient":""},"mobile":{"background-color":"","background-image":"","background-repeat":"repeat","background-position":"center center","background-size":"auto","background-attachment":"scroll","background-type":"","background-media":"","overlay-type":"","overlay-color":"","overlay-opacity":"","overlay-gradient":""}},"ast-content-background-meta":{"desktop":{"background-color":"var(--ast-global-color-5)","background-image":"","background-repeat":"repeat","background-position":"center center","background-size":"auto","background-attachment":"scroll","background-type":"","background-media":"","overlay-type":"","overlay-color":"","overlay-opacity":"","overlay-gradient":""},"tablet":{"background-color":"var(--ast-global-color-5)","background-image":"","background-repeat":"repeat","background-position":"center center","background-size":"auto","background-attachment":"scroll","background-type":"","background-media":"","overlay-type":"","overlay-color":"","overlay-opacity":"","overlay-gradient":""},"mobile":{"background-color":"var(--ast-global-color-5)","background-image":"","background-repeat":"repeat","background-position":"center center","background-size":"auto","background-attachment":"scroll","background-type":"","background-media":"","overlay-type":"","overlay-color":"","overlay-opacity":"","overlay-gradient":""}},"footnotes":""},"class_list":["post-4745","page","type-page","status-publish","hentry"],"uagb_featured_image_src":{"full":false,"thumbnail":false,"medium":false,"medium_large":false,"large":false,"1536x1536":false,"2048x2048":false,"bm-post-thumb":false,"bm-post-medium":false},"uagb_author_info":{"display_name":"admin","author_link":"https:\/\/www.ebanoviajes.com\/index.php\/author\/admin\/"},"uagb_comment_info":0,"uagb_excerpt":"1-\u00bfHACE FALTA VISADO PARA VIAJAR A NEPAL EN 2025? S\u00cd,\u00a0el visado es un\u00a0documento obligatorio (excepto menores de 10 a\u00f1os)\u00a0para entrar en Nepal, pero la verdad que es bastante f\u00e1cil obtenerlo, existen dos formas: En el propio aeropuerto a tu llegada \u00abVisa on arrival\u00bb. Tiene un precio de: 30\u20ac\/15 d\u00edas &#8211; 50\u20ac\/30 d\u00edas &#8211; 120\u20ac\/90 d\u00edas.&hellip;","_links":{"self":[{"href":"https:\/\/www.ebanoviajes.com\/index.php\/wp-json\/wp\/v2\/pages\/4745","targetHints":{"allow":["GET"]}}],"collection":[{"href":"https:\/\/www.ebanoviajes.com\/index.php\/wp-json\/wp\/v2\/pages"}],"about":[{"href":"https:\/\/www.ebanoviajes.com\/index.php\/wp-json\/wp\/v2\/types\/page"}],"author":[{"embeddable":true,"href":"https:\/\/www.ebanoviajes.com\/index.php\/wp-json\/wp\/v2\/users\/1"}],"replies":[{"embeddable":true,"href":"https:\/\/www.ebanoviajes.com\/index.php\/wp-json\/wp\/v2\/comments?post=4745"}],"version-history":[{"count":16,"href":"https:\/\/www.ebanoviajes.com\/index.php\/wp-json\/wp\/v2\/pages\/4745\/revisions"}],"predecessor-version":[{"id":9555,"href":"https:\/\/www.ebanoviajes.com\/index.php\/wp-json\/wp\/v2\/pages\/4745\/revisions\/9555"}],"wp:attachment":[{"href":"https:\/\/www.ebanoviajes.com\/index.php\/wp-json\/wp\/v2\/media?parent=4745"}],"curies":[{"name":"wp","href":"https:\/\/api.w.org\/{rel}","templated":true}]}}