{"id":4714,"date":"2023-05-28T15:40:55","date_gmt":"2023-05-28T15:40:55","guid":{"rendered":"https:\/\/www.ebanoviajes.com\/?page_id=4714"},"modified":"2025-03-31T09:06:35","modified_gmt":"2025-03-31T09:06:35","slug":"informacion-y-preparativos-costa-rica","status":"publish","type":"page","link":"https:\/\/www.ebanoviajes.com\/index.php\/informacion-y-preparativos-costa-rica\/","title":{"rendered":"informaci\u00f3n y preparativos Costa Rica"},"content":{"rendered":"\t\t<div data-elementor-type=\"wp-page\" data-elementor-id=\"4714\" class=\"elementor elementor-4714\">\n\t\t\t\t\t\t<section class=\"elementor-section elementor-top-section elementor-element elementor-element-a2b9b85 elementor-section-full_width elementor-section-height-min-height elementor-section-height-default elementor-section-items-middle\" data-id=\"a2b9b85\" data-element_type=\"section\" data-e-type=\"section\" data-settings=\"{&quot;background_background&quot;:&quot;classic&quot;}\">\n\t\t\t\t\t\t<div class=\"elementor-container elementor-column-gap-default\">\n\t\t\t\t\t<div class=\"elementor-column elementor-col-100 elementor-top-column elementor-element elementor-element-a0e7001\" data-id=\"a0e7001\" data-element_type=\"column\" data-e-type=\"column\">\n\t\t\t<div class=\"elementor-widget-wrap\">\n\t\t\t\t\t\t\t<\/div>\n\t\t<\/div>\n\t\t\t\t\t<\/div>\n\t\t<\/section>\n\t\t\t\t<section class=\"elementor-section elementor-top-section elementor-element elementor-element-abdf353 elementor-section-boxed elementor-section-height-default elementor-section-height-default\" data-id=\"abdf353\" data-element_type=\"section\" data-e-type=\"section\">\n\t\t\t\t\t\t<div class=\"elementor-container elementor-column-gap-default\">\n\t\t\t\t\t<div class=\"elementor-column elementor-col-100 elementor-top-column elementor-element elementor-element-f11558d\" data-id=\"f11558d\" data-element_type=\"column\" data-e-type=\"column\">\n\t\t\t<div class=\"elementor-widget-wrap elementor-element-populated\">\n\t\t\t\t\t\t<div class=\"elementor-element elementor-element-eea6603 elementor-widget elementor-widget-text-editor\" data-id=\"eea6603\" data-element_type=\"widget\" data-e-type=\"widget\" data-widget_type=\"text-editor.default\">\n\t\t\t\t<div class=\"elementor-widget-container\">\n\t\t\t\t\t\t\t\t\t<p>Costa Rica, la tierra de la \u00abPura Vida\u00bb es sin duda un destino apto para cualquier p\u00fablico. Las infinita opciones, la buena infraestructura y la amabilidad de su gente, lo han convertido en un imprescindible de todo Am\u00e9rica. En <span style=\"color: #ff9900;\"><b>abril\u00a02020<\/b><\/span>, recorrimos en coche y por libre todo el pa\u00eds. A continuaci\u00f3n te responder\u00e9 a todas las dudas que te van a surgir.<\/p>\t\t\t\t\t\t\t\t<\/div>\n\t\t\t\t<\/div>\n\t\t\t\t\t<\/div>\n\t\t<\/div>\n\t\t\t\t\t<\/div>\n\t\t<\/section>\n\t\t\t\t<section class=\"elementor-section elementor-top-section elementor-element elementor-element-5b8f930 elementor-section-boxed elementor-section-height-default elementor-section-height-default\" data-id=\"5b8f930\" data-element_type=\"section\" data-e-type=\"section\">\n\t\t\t\t\t\t<div class=\"elementor-container elementor-column-gap-default\">\n\t\t\t\t\t<div class=\"elementor-column elementor-col-100 elementor-top-column elementor-element elementor-element-f427088\" data-id=\"f427088\" data-element_type=\"column\" data-e-type=\"column\">\n\t\t\t<div class=\"elementor-widget-wrap elementor-element-populated\">\n\t\t\t\t\t\t<div class=\"elementor-element elementor-element-f507e11 elementor-widget elementor-widget-heading\" data-id=\"f507e11\" data-element_type=\"widget\" data-e-type=\"widget\" data-widget_type=\"heading.default\">\n\t\t\t\t<div class=\"elementor-widget-container\">\n\t\t\t\t\t<h2 class=\"elementor-heading-title elementor-size-default\">1<u>- \u00bfHace falta visado PARA VIAJAR A COSTA RICA en 2025?<\/u><\/h2>\t\t\t\t<\/div>\n\t\t\t\t<\/div>\n\t\t\t\t<div class=\"elementor-element elementor-element-4c76b18 elementor-widget__width-initial elementor-widget elementor-widget-text-editor\" data-id=\"4c76b18\" data-element_type=\"widget\" data-e-type=\"widget\" data-widget_type=\"text-editor.default\">\n\t\t\t\t<div class=\"elementor-widget-container\">\n\t\t\t\t\t\t\t\t\t<p><span style=\"color: #ff9900;\"><b>NO<\/b><\/span>, no hace falta visado para los ciudadanos espa\u00f1oles para estancias inferiores a <b><span style=\"color: #ff9900;\">90 d\u00edas<\/span>.<\/b><\/p>\t\t\t\t\t\t\t\t<\/div>\n\t\t\t\t<\/div>\n\t\t\t\t<div class=\"elementor-element elementor-element-baf46da elementor-widget elementor-widget-heading\" data-id=\"baf46da\" data-element_type=\"widget\" data-e-type=\"widget\" data-widget_type=\"heading.default\">\n\t\t\t\t<div class=\"elementor-widget-container\">\n\t\t\t\t\t<h2 class=\"elementor-heading-title elementor-size-default\">2- \u00bfQU\u00c9 DOCUMENTOS OBLIGATORIOS NECESITO?<\/h2>\t\t\t\t<\/div>\n\t\t\t\t<\/div>\n\t\t\t\t<div class=\"elementor-element elementor-element-af5c101 elementor-widget elementor-widget-text-editor\" data-id=\"af5c101\" data-element_type=\"widget\" data-e-type=\"widget\" data-widget_type=\"text-editor.default\">\n\t\t\t\t<div class=\"elementor-widget-container\">\n\t\t\t\t\t\t\t\t\t<p>Actualmente (2025), solo necesitas:<\/p><ol style=\"font-size: 16px; font-style: normal;\"><li style=\"font-weight: 400; font-size: 16px;\"><span style=\"font-weight: bold; font-style: inherit; background-color: var(--ast-global-color-5); color: #ff9900;\">Pasaporte<\/span><span style=\"font-style: inherit; font-weight: inherit; background-color: var(--ast-global-color-5); color: var(--ast-global-color-3);\"><span style=\"color: #ff6600;\">\u00a0<\/span>con una\u00a0<\/span><span style=\"color: #ff6600;\"><span style=\"font-weight: bold; font-style: inherit; background-color: var(--ast-global-color-5); color: #ff9900;\">validez m\u00ednima de 6 meses<\/span><span style=\"font-style: inherit; font-weight: inherit; background-color: var(--ast-global-color-5);\">.<\/span><\/span><\/li><li style=\"font-weight: 400; font-size: 16px;\"><span style=\"font-weight: bold; color: #ff9900;\">NO hace falta permiso de circulaci\u00f3n internacional <\/span>en caso de tener pensado alquilar un coche.<\/li><li style=\"font-size: 16px;\"><span style=\"color: #ff9900;\"><b>Billete de salida<\/b><\/span>, ya sea v\u00eda a\u00e9rea, terrestre o mar\u00edtima.<\/li><\/ol>\t\t\t\t\t\t\t\t<\/div>\n\t\t\t\t<\/div>\n\t\t\t\t<div class=\"elementor-element elementor-element-b3acaf5 elementor-widget elementor-widget-heading\" data-id=\"b3acaf5\" data-element_type=\"widget\" data-e-type=\"widget\" data-widget_type=\"heading.default\">\n\t\t\t\t<div class=\"elementor-widget-container\">\n\t\t\t\t\t<h2 class=\"elementor-heading-title elementor-size-default\">3- \u00bfQU\u00c9 REQUISITOS EXISTEN FRENTE A LA COVID-19?<\/h2>\t\t\t\t<\/div>\n\t\t\t\t<\/div>\n\t\t\t\t<div class=\"elementor-element elementor-element-a1862ae elementor-widget elementor-widget-text-editor\" data-id=\"a1862ae\" data-element_type=\"widget\" data-e-type=\"widget\" data-widget_type=\"text-editor.default\">\n\t\t\t\t<div class=\"elementor-widget-container\">\n\t\t\t\t\t\t\t\t\t<p>Actualmente (2025),<span style=\"color: #ff6600;\">\u00a0<span style=\"color: #ff9900;\"><b>no\u00a0existe ninguna restricci\u00f3n<\/b> <\/span><\/span>frente a la Covid-19. Se permite la entrada al pa\u00eds de personas no vacunadas.<\/p>\t\t\t\t\t\t\t\t<\/div>\n\t\t\t\t<\/div>\n\t\t\t\t<div class=\"elementor-element elementor-element-214a7ef elementor-widget elementor-widget-heading\" data-id=\"214a7ef\" data-element_type=\"widget\" data-e-type=\"widget\" data-widget_type=\"heading.default\">\n\t\t\t\t<div class=\"elementor-widget-container\">\n\t\t\t\t\t<h2 class=\"elementor-heading-title elementor-size-default\">4- \u00bfHACE FALTA VACUNARSE?<\/h2>\t\t\t\t<\/div>\n\t\t\t\t<\/div>\n\t\t\t\t<div class=\"elementor-element elementor-element-97d6647 elementor-widget elementor-widget-text-editor\" data-id=\"97d6647\" data-element_type=\"widget\" data-e-type=\"widget\" data-widget_type=\"text-editor.default\">\n\t\t\t\t<div class=\"elementor-widget-container\">\n\t\t\t\t\t\t\t\t\t<p><span style=\"color: #ff6600;\"><span style=\"font-weight: bold; color: #ff9900;\">No hay vacunas obligatorias<\/span>\u00a0<\/span>para viajar a Costa Rica, aunque siempre es recomendable visitar el centro de vacunaci\u00f3n internacional previamente al viaje, sin embargo, la vacuna de la<span style=\"color: #ff9900;\"> <b>fiebre amarilla<\/b> <\/span>es obligatoria si procedes de alg\u00fan pa\u00eds end\u00e9mico. Te dejo aqu\u00ed el enlace del\u00a0<a href=\"https:\/\/www.ministeriodesalud.go.cr\/index.php\/692-ciudadanos\/1125-zonas-geograficas-en-riesgo-de-transmision-de-fiebre-amarilla\" target=\"_blank\" rel=\"noopener\">ministerio de salud<\/a>.<\/p>\t\t\t\t\t\t\t\t<\/div>\n\t\t\t\t<\/div>\n\t\t\t\t<div class=\"elementor-element elementor-element-c52ca60 elementor-widget elementor-widget-heading\" data-id=\"c52ca60\" data-element_type=\"widget\" data-e-type=\"widget\" data-widget_type=\"heading.default\">\n\t\t\t\t<div class=\"elementor-widget-container\">\n\t\t\t\t\t<h2 class=\"elementor-heading-title elementor-size-default\">5- \u00bfES UN PA\u00cdS SEGURO?<\/h2>\t\t\t\t<\/div>\n\t\t\t\t<\/div>\n\t\t\t\t<div class=\"elementor-element elementor-element-0d6bff7 elementor-widget elementor-widget-text-editor\" data-id=\"0d6bff7\" data-element_type=\"widget\" data-e-type=\"widget\" data-widget_type=\"text-editor.default\">\n\t\t\t\t<div class=\"elementor-widget-container\">\n\t\t\t\t\t\t\t\t\t<p>Costa Rica es uno de los pa\u00edses m\u00e1s seguros de todo Latinoam\u00e9rica. Como en todo destino, el sentido com\u00fan debe primar por encima de todo, evitar estar solo a altas horas de la noche en sitios conflictivos como pueden ser las grandes ciudades, evitar consumir drogas y alcohol, etc&#8230; Personalmente, en nuestra ruta de <span style=\"color: #ff9900;\"><b>16 d\u00edas <\/b><\/span>no tuvimos ning\u00fan problema, por lo que mi respuesta es <span style=\"color: #ff9900;\"><b>S\u00cd<\/b><\/span>, y eso que nos saltamos algunos puntos de los anteriores respecto al \u00absentido com\u00fan\u00bb. Por otra parte, tambi\u00e9n es aconsejable no conducir de noche debido al tr\u00e1fico ca\u00f3tico y los conductores ebrios. En lo que respecta a la polic\u00eda, tampoco tuvimos ning\u00fan contratiempo o situaciones inc\u00f3modas.<\/p>\t\t\t\t\t\t\t\t<\/div>\n\t\t\t\t<\/div>\n\t\t\t\t<div class=\"elementor-element elementor-element-ee79717 elementor-widget elementor-widget-heading\" data-id=\"ee79717\" data-element_type=\"widget\" data-e-type=\"widget\" data-widget_type=\"heading.default\">\n\t\t\t\t<div class=\"elementor-widget-container\">\n\t\t\t\t\t<h2 class=\"elementor-heading-title elementor-size-default\"><span style=\"color: var(--ast-global-color-2);, sans-serif;font-size: 24px;white-space: normal;background-color: var(--ast-global-color-5)\">6-\u00bfCU\u00c1L ES LA MEJOR \u00c9POCA PARA IR? \u00bfQU\u00c9 CLIMA TIENE COSTA RICA?<\/span><\/h2>\t\t\t\t<\/div>\n\t\t\t\t<\/div>\n\t\t\t\t<div class=\"elementor-element elementor-element-02abf28 elementor-widget elementor-widget-text-editor\" data-id=\"02abf28\" data-element_type=\"widget\" data-e-type=\"widget\" data-widget_type=\"text-editor.default\">\n\t\t\t\t<div class=\"elementor-widget-container\">\n\t\t\t\t\t\t\t\t\t<p>Como consecuencia de la topograf\u00eda tan variada que tiene Costa Rica, es dif\u00edcil establecer un \u00fanico clima que englobe a todo el pa\u00eds ya que tiene diferentes microclimas. Pese a ello, se puede decir que su <span style=\"color: #ff9900;\"><b>clima es tropical<\/b><\/span>, con una <span style=\"color: #ff9900;\"><b>temperatura moderada (27\u00baC)<\/b><\/span>\u00a0y con posibilidad de<span style=\"color: #ff9900;\"><b> lluvias durante todo<\/b> <b>el a\u00f1o<\/b><\/span>. Se puede diferenciar dos estaciones:<\/p><ol><li><u>Estaci\u00f3n seca \/ Temporada alta<\/u>: <b>DICIEMBRE &#8211; ABRIL.<\/b><\/li><li><u>Estaci\u00f3n h\u00fameda \/ Temporada Baja:<\/u> <b>MAYO &#8211; NOVIEMBRE.<\/b><\/li><li><u>M<\/u><span style=\"background-color: var(--ast-global-color-5); color: var(--ast-global-color-3); font-size: 1rem;\"><u>ejores meses para viajar:<\/u><b>\u00a0ENERO, FEBRERO Y MARZO.<\/b><\/span><\/li><\/ol>\t\t\t\t\t\t\t\t<\/div>\n\t\t\t\t<\/div>\n\t\t\t\t<div class=\"elementor-element elementor-element-8d9c128 elementor-widget elementor-widget-heading\" data-id=\"8d9c128\" data-element_type=\"widget\" data-e-type=\"widget\" data-widget_type=\"heading.default\">\n\t\t\t\t<div class=\"elementor-widget-container\">\n\t\t\t\t\t<h2 class=\"elementor-heading-title elementor-size-default\"><span style=\"color: var(--ast-global-color-2);, sans-serif;font-size: 24px;white-space: normal;background-color: var(--ast-global-color-5)\">7-\u00bfC\u00d3MO MOVERSE?<\/span><\/h2>\t\t\t\t<\/div>\n\t\t\t\t<\/div>\n\t\t\t\t<div class=\"elementor-element elementor-element-6011ef5 elementor-widget elementor-widget-text-editor\" data-id=\"6011ef5\" data-element_type=\"widget\" data-e-type=\"widget\" data-widget_type=\"text-editor.default\">\n\t\t\t\t<div class=\"elementor-widget-container\">\n\t\t\t\t\t\t\t\t\t<p style=\"font-size: 16px; font-style: normal; font-weight: 400; text-align: justify;\">Principalmente podemos movernos de tres formas diferentes en el pa\u00eds:<\/p>\n<p style=\"font-size: 16px; font-style: normal; text-align: justify;\">1<u style=\"font-weight: bold;\">-Alquilando tu propio coche:&nbsp;<\/u>esta es sin duda la<span style=\"font-weight: bold;\">&nbsp;<span style=\"color: #ff9900;\">forma&nbsp;m\u00e1s recomendable<\/span>,<\/span> te dar\u00e1 libertad y flexibilidad<span style=\"font-weight: bold;\">. <\/span>Las carreteras en Costa Rica est\u00e1n en buen estado, aunque hay que tener cuidado en temporada de lluvias, especialmente si se va a ir por rutas poco convencionales. Por otra parte, la conducci\u00f3n result\u00f3 ser bastante parecida a la que tenemos en Espa\u00f1a. El precio del alquiler fueron <strong><span style=\"color: #ff0000;\">50<\/span><span style=\"color: #ff0000;\"><strong>0<\/strong>\u20ac<\/span><\/strong> por 15 d\u00edas con&nbsp;<a href=\"https:\/\/www.economycarrentals.com\/es-ES?c=ES\" target=\"_blank\" rel=\"noopener\">esta empresa<\/a>.<\/p>\n<p style=\"font-size: 16px; font-style: normal; font-weight: 400; text-align: justify;\">2<u style=\"font-weight: bold;\">-Transporte p\u00fablico:<\/u>&nbsp;esta opci\u00f3n yo la descartar\u00eda completamente ya que el transporte p\u00fablico de Costa Rica est\u00e1 enfocado a los residentes (como tiene que ser), pero si tu inter\u00e9s es moverte de forma eficiente y c\u00f3moda yo lo descartar\u00eda.&nbsp;<\/p>\n<p style=\"font-size: 16px; font-style: normal; font-weight: 400; text-align: justify;\">3<u style=\"font-weight: bold;\">-Shuttles bus:<\/u>&nbsp;puede ser una buena opci\u00f3n si no quieres alquilar un coche y buscas algo m\u00e1s de flexibilidad respecto a la rigidez del transporte p\u00fablico. La mejor empresa es&nbsp;<a style=\"font-size: 1rem;\" href=\"https:\/\/www.interbusonline.com\/\" target=\"_blank\" rel=\"noopener\">Interbus<\/a>.<\/p>\t\t\t\t\t\t\t\t<\/div>\n\t\t\t\t<\/div>\n\t\t\t\t\t<\/div>\n\t\t<\/div>\n\t\t\t\t\t<\/div>\n\t\t<\/section>\n\t\t\t\t<\/div>\n\t\t","protected":false},"excerpt":{"rendered":"<p>Costa Rica, la tierra de la \u00abPura Vida\u00bb es sin duda un destino apto para cualquier p\u00fablico. Las infinita opciones, la buena infraestructura y la amabilidad de su gente, lo han convertido en un imprescindible de todo Am\u00e9rica. En abril\u00a02020, recorrimos en coche y por libre todo el pa\u00eds. A continuaci\u00f3n te responder\u00e9 a todas [&hellip;]<\/p>\n","protected":false},"author":1,"featured_media":0,"parent":0,"menu_order":0,"comment_status":"closed","ping_status":"closed","template":"","meta":{"_uag_custom_page_level_css":"","site-sidebar-layout":"no-sidebar","site-content-layout":"page-builder","ast-site-content-layout":"default","site-content-style":"default","site-sidebar-style":"default","ast-global-header-display":"","ast-banner-title-visibility":"","ast-main-header-display":"","ast-hfb-above-header-display":"","ast-hfb-below-header-display":"","ast-hfb-mobile-header-display":"","site-post-title":"disabled","ast-breadcrumbs-content":"","ast-featured-img":"disabled","footer-sml-layout":"","ast-disable-related-posts":"","theme-transparent-header-meta":"","adv-header-id-meta":"","stick-header-meta":"","header-above-stick-meta":"","header-main-stick-meta":"","header-below-stick-meta":"","astra-migrate-meta-layouts":"default","ast-page-background-enabled":"default","ast-page-background-meta":{"desktop":{"background-color":"var(--ast-global-color-4)","background-image":"","background-repeat":"repeat","background-position":"center center","background-size":"auto","background-attachment":"scroll","background-type":"","background-media":"","overlay-type":"","overlay-color":"","overlay-opacity":"","overlay-gradient":""},"tablet":{"background-color":"","background-image":"","background-repeat":"repeat","background-position":"center center","background-size":"auto","background-attachment":"scroll","background-type":"","background-media":"","overlay-type":"","overlay-color":"","overlay-opacity":"","overlay-gradient":""},"mobile":{"background-color":"","background-image":"","background-repeat":"repeat","background-position":"center center","background-size":"auto","background-attachment":"scroll","background-type":"","background-media":"","overlay-type":"","overlay-color":"","overlay-opacity":"","overlay-gradient":""}},"ast-content-background-meta":{"desktop":{"background-color":"var(--ast-global-color-5)","background-image":"","background-repeat":"repeat","background-position":"center center","background-size":"auto","background-attachment":"scroll","background-type":"","background-media":"","overlay-type":"","overlay-color":"","overlay-opacity":"","overlay-gradient":""},"tablet":{"background-color":"var(--ast-global-color-5)","background-image":"","background-repeat":"repeat","background-position":"center center","background-size":"auto","background-attachment":"scroll","background-type":"","background-media":"","overlay-type":"","overlay-color":"","overlay-opacity":"","overlay-gradient":""},"mobile":{"background-color":"var(--ast-global-color-5)","background-image":"","background-repeat":"repeat","background-position":"center center","background-size":"auto","background-attachment":"scroll","background-type":"","background-media":"","overlay-type":"","overlay-color":"","overlay-opacity":"","overlay-gradient":""}},"footnotes":""},"class_list":["post-4714","page","type-page","status-publish","hentry"],"uagb_featured_image_src":{"full":false,"thumbnail":false,"medium":false,"medium_large":false,"large":false,"1536x1536":false,"2048x2048":false,"bm-post-thumb":false,"bm-post-medium":false},"uagb_author_info":{"display_name":"admin","author_link":"https:\/\/www.ebanoviajes.com\/index.php\/author\/admin\/"},"uagb_comment_info":0,"uagb_excerpt":"Costa Rica, la tierra de la \u00abPura Vida\u00bb es sin duda un destino apto para cualquier p\u00fablico. Las infinita opciones, la buena infraestructura y la amabilidad de su gente, lo han convertido en un imprescindible de todo Am\u00e9rica. En abril\u00a02020, recorrimos en coche y por libre todo el pa\u00eds. A continuaci\u00f3n te responder\u00e9 a todas&hellip;","_links":{"self":[{"href":"https:\/\/www.ebanoviajes.com\/index.php\/wp-json\/wp\/v2\/pages\/4714","targetHints":{"allow":["GET"]}}],"collection":[{"href":"https:\/\/www.ebanoviajes.com\/index.php\/wp-json\/wp\/v2\/pages"}],"about":[{"href":"https:\/\/www.ebanoviajes.com\/index.php\/wp-json\/wp\/v2\/types\/page"}],"author":[{"embeddable":true,"href":"https:\/\/www.ebanoviajes.com\/index.php\/wp-json\/wp\/v2\/users\/1"}],"replies":[{"embeddable":true,"href":"https:\/\/www.ebanoviajes.com\/index.php\/wp-json\/wp\/v2\/comments?post=4714"}],"version-history":[{"count":40,"href":"https:\/\/www.ebanoviajes.com\/index.php\/wp-json\/wp\/v2\/pages\/4714\/revisions"}],"predecessor-version":[{"id":9466,"href":"https:\/\/www.ebanoviajes.com\/index.php\/wp-json\/wp\/v2\/pages\/4714\/revisions\/9466"}],"wp:attachment":[{"href":"https:\/\/www.ebanoviajes.com\/index.php\/wp-json\/wp\/v2\/media?parent=4714"}],"curies":[{"name":"wp","href":"https:\/\/api.w.org\/{rel}","templated":true}]}}