{"id":4361,"date":"2023-05-18T11:15:36","date_gmt":"2023-05-18T11:15:36","guid":{"rendered":"https:\/\/www.ebanoviajes.com\/?page_id=4361"},"modified":"2025-03-31T09:02:47","modified_gmt":"2025-03-31T09:02:47","slug":"informacion-y-preparativos-jordania","status":"publish","type":"page","link":"https:\/\/www.ebanoviajes.com\/index.php\/informacion-y-preparativos-jordania\/","title":{"rendered":"INFORMACI\u00d3N Y PREPARATIVOS JORDANIA"},"content":{"rendered":"\t\t<div data-elementor-type=\"wp-page\" data-elementor-id=\"4361\" class=\"elementor elementor-4361\">\n\t\t\t\t\t\t<section class=\"elementor-section elementor-top-section elementor-element elementor-element-e854e1a elementor-section-full_width elementor-section-height-min-height elementor-section-height-default elementor-section-items-middle\" data-id=\"e854e1a\" data-element_type=\"section\" data-e-type=\"section\" data-settings=\"{&quot;background_background&quot;:&quot;classic&quot;}\">\n\t\t\t\t\t\t<div class=\"elementor-container elementor-column-gap-default\">\n\t\t\t\t\t<div class=\"elementor-column elementor-col-100 elementor-top-column elementor-element elementor-element-86423b8\" data-id=\"86423b8\" data-element_type=\"column\" data-e-type=\"column\">\n\t\t\t<div class=\"elementor-widget-wrap\">\n\t\t\t\t\t\t\t<\/div>\n\t\t<\/div>\n\t\t\t\t\t<\/div>\n\t\t<\/section>\n\t\t\t\t<section class=\"elementor-section elementor-top-section elementor-element elementor-element-105ad45 elementor-section-boxed elementor-section-height-default elementor-section-height-default\" data-id=\"105ad45\" data-element_type=\"section\" data-e-type=\"section\">\n\t\t\t\t\t\t<div class=\"elementor-container elementor-column-gap-default\">\n\t\t\t\t\t<div class=\"elementor-column elementor-col-100 elementor-top-column elementor-element elementor-element-10b5810\" data-id=\"10b5810\" data-element_type=\"column\" data-e-type=\"column\">\n\t\t\t<div class=\"elementor-widget-wrap elementor-element-populated\">\n\t\t\t\t\t\t<div class=\"elementor-element elementor-element-76626a7 elementor-widget elementor-widget-heading\" data-id=\"76626a7\" data-element_type=\"widget\" data-e-type=\"widget\" data-widget_type=\"heading.default\">\n\t\t\t\t<div class=\"elementor-widget-container\">\n\t\t\t\t\t<h2 class=\"elementor-heading-title elementor-size-default\">1<u>-\u00bfHACE FALTA VISADO PARA VIAJAR A JORDANIA EN 2025?<\/u><\/h2>\t\t\t\t<\/div>\n\t\t\t\t<\/div>\n\t\t\t\t<div class=\"elementor-element elementor-element-b5e5c94 elementor-widget__width-initial elementor-widget elementor-widget-text-editor\" data-id=\"b5e5c94\" data-element_type=\"widget\" data-e-type=\"widget\" data-widget_type=\"text-editor.default\">\n\t\t\t\t<div class=\"elementor-widget-container\">\n\t\t\t\t\t\t\t\t\t<p><strong><span style=\"color: #ff9900;\">S\u00cd<\/span><\/strong><span style=\"font-style: inherit; font-weight: inherit; background-color: var(--ast-global-color-5); color: var(--ast-global-color-3);\">, el visado es un <\/span><span style=\"color: #ff9900;\"><b style=\"font-style: inherit; background-color: var(--ast-global-color-5);\">documento obligatorio<\/b><\/span><span style=\"font-style: inherit; font-weight: inherit; background-color: var(--ast-global-color-5); color: var(--ast-global-color-3);\"> para entrar en <\/span><b style=\"font-style: inherit; background-color: var(--ast-global-color-5); color: var(--ast-global-color-3);\">Jordania<\/b><span style=\"font-style: inherit; font-weight: inherit; background-color: var(--ast-global-color-5); color: var(--ast-global-color-3);\">, pero no tiene ninguna dificultad obtenerlo, existen varias formas:<\/span><\/p>\n<ul>\n<li><span style=\"font-style: inherit; font-weight: inherit; background-color: var(--ast-global-color-5); color: var(--ast-global-color-3);\">&nbsp;La forma m\u00e1s \u00fatil y recomendada de todas es comprar el<\/span><a style=\"font-style: inherit; font-weight: inherit;\" href=\"https:\/\/www.jordanpass.jo\/Default.aspx\" target=\"_blank\" rel=\"noopener\"> \u00abJordan Pass\u00bb<\/a><span style=\"font-style: inherit; font-weight: inherit; background-color: var(--ast-global-color-5); color: var(--ast-global-color-3);\">. Este te incluye el visado si pasas m\u00e1s de 3 noches y te permite acceder a pr\u00e1cticamente todas las atracciones tur\u00edsticas del pa\u00eds (incluyendo Petra). Tiene un precio de <\/span><span style=\"color: #ff0000;\"><b style=\"font-style: inherit; background-color: var(--ast-global-color-5);\">90\u20ac<\/b><\/span><span style=\"font-style: inherit; font-weight: inherit; background-color: var(--ast-global-color-5); color: var(--ast-global-color-3);\"> (70 Dinares Jordanos).&nbsp;<\/span><\/li>\n<li><span style=\"font-style: inherit; font-weight: inherit; background-color: var(--ast-global-color-5); color: var(--ast-global-color-3);\">&nbsp;En el propio <\/span><b style=\"font-style: inherit; background-color: var(--ast-global-color-5); color: var(--ast-global-color-3);\">aeropuerto de Am\u00e1n<\/b><span style=\"font-style: inherit; font-weight: inherit; background-color: var(--ast-global-color-5); color: var(--ast-global-color-3);\"> a tu llegada. Tiene un precio de <\/span><span style=\"color: #ff0000;\"><b style=\"font-style: inherit; background-color: var(--ast-global-color-5);\">48\u20ac<\/b><\/span><span style=\"font-style: inherit; font-weight: inherit; background-color: var(--ast-global-color-5); color: var(--ast-global-color-3);\"> (40 Dinares Jordanos) y es v\u00e1lido por <\/span><span style=\"color: #ff9900;\"><b style=\"font-style: inherit; background-color: var(--ast-global-color-5);\">30 d\u00edas<\/b><\/span><span style=\"font-style: inherit; font-weight: inherit; background-color: var(--ast-global-color-5); color: var(--ast-global-color-3);\">.<\/span><\/li>\n<\/ul>\n<div>* <u><b>NOTA<\/b><\/u>: Si quieres pasar m\u00e1s de 30 d\u00edas, puedes renovar tu visado en cualquier comisaria de polic\u00eda.<\/div><div><br><\/div>\t\t\t\t\t\t\t\t<\/div>\n\t\t\t\t<\/div>\n\t\t\t\t<div class=\"elementor-element elementor-element-8d195d0 elementor-widget elementor-widget-heading\" data-id=\"8d195d0\" data-element_type=\"widget\" data-e-type=\"widget\" data-widget_type=\"heading.default\">\n\t\t\t\t<div class=\"elementor-widget-container\">\n\t\t\t\t\t<h2 class=\"elementor-heading-title elementor-size-default\">2-\u00bfQU\u00c9 DOCUMENTOS OBLIGATORIOS NECESITO?<\/h2>\t\t\t\t<\/div>\n\t\t\t\t<\/div>\n\t\t\t\t<div class=\"elementor-element elementor-element-ee6b699 elementor-widget elementor-widget-text-editor\" data-id=\"ee6b699\" data-element_type=\"widget\" data-e-type=\"widget\" data-widget_type=\"text-editor.default\">\n\t\t\t\t<div class=\"elementor-widget-container\">\n\t\t\t\t\t\t\t\t\t<p>Actualmente <b>(2025)<\/b>, solo necesitas:<\/p><ul><li><span style=\"color: #ff9900;\"><b style=\"font-style: inherit; background-color: var(--ast-global-color-5);\">Pasaporte<\/b><\/span><span style=\"font-style: inherit; font-weight: inherit; background-color: var(--ast-global-color-5); color: var(--ast-global-color-3);\"> con una <\/span><b style=\"font-style: inherit; background-color: var(--ast-global-color-5); color: var(--ast-global-color-3);\">validez m\u00ednima de 6 meses<\/b><span style=\"font-style: inherit; font-weight: inherit; background-color: var(--ast-global-color-5); color: var(--ast-global-color-3);\">.<\/span><\/li><li><span style=\"font-style: inherit; font-weight: inherit; background-color: var(--ast-global-color-5); color: var(--ast-global-color-3);\">Rellenar este<\/span><a style=\"font-style: inherit; font-weight: inherit;\" href=\"https:\/\/www.gateway2jordan.gov.jo\/index.html\"> formulario<\/a><span style=\"font-style: inherit; font-weight: inherit; background-color: var(--ast-global-color-5); color: var(--ast-global-color-3);\"> en las 72h previas al viaje.<\/span><\/li><li><b><span style=\"color: #ff9900;\">Permiso de circulaci\u00f3n internaciona<\/span>l<\/b> en caso de tener pensado alquilar un coche.<\/li><\/ul>\t\t\t\t\t\t\t\t<\/div>\n\t\t\t\t<\/div>\n\t\t\t\t<div class=\"elementor-element elementor-element-9f82494 elementor-widget elementor-widget-heading\" data-id=\"9f82494\" data-element_type=\"widget\" data-e-type=\"widget\" data-widget_type=\"heading.default\">\n\t\t\t\t<div class=\"elementor-widget-container\">\n\t\t\t\t\t<h2 class=\"elementor-heading-title elementor-size-default\">3-\u00bfQU\u00c9 REQUISITOS EXISTEN FRENTE A LA COVID-19?<\/h2>\t\t\t\t<\/div>\n\t\t\t\t<\/div>\n\t\t\t\t<div class=\"elementor-element elementor-element-7ec8619 elementor-widget elementor-widget-text-editor\" data-id=\"7ec8619\" data-element_type=\"widget\" data-e-type=\"widget\" data-widget_type=\"text-editor.default\">\n\t\t\t\t<div class=\"elementor-widget-container\">\n\t\t\t\t\t\t\t\t\t<p>Desde el <b>1\/3\/2022 <\/b>no existe ning\u00fan requisito frente a la COVID-19.\u00a0<\/p>\t\t\t\t\t\t\t\t<\/div>\n\t\t\t\t<\/div>\n\t\t\t\t<div class=\"elementor-element elementor-element-735da13 elementor-widget elementor-widget-heading\" data-id=\"735da13\" data-element_type=\"widget\" data-e-type=\"widget\" data-widget_type=\"heading.default\">\n\t\t\t\t<div class=\"elementor-widget-container\">\n\t\t\t\t\t<h2 class=\"elementor-heading-title elementor-size-default\">4-\u00bfHACE FALTA VACUNARSE?<\/h2>\t\t\t\t<\/div>\n\t\t\t\t<\/div>\n\t\t\t\t<div class=\"elementor-element elementor-element-18a2116 elementor-widget elementor-widget-text-editor\" data-id=\"18a2116\" data-element_type=\"widget\" data-e-type=\"widget\" data-widget_type=\"text-editor.default\">\n\t\t\t\t<div class=\"elementor-widget-container\">\n\t\t\t\t\t\t\t\t\t<p><span style=\"color: #ff9900;\"><b>No hay vacunas obligatorias<\/b><\/span> para viajar a Jordania, aunque siempre es recomendable visitar el centro de vacunaci\u00f3n internacional previamente al viaje.<\/p>\t\t\t\t\t\t\t\t<\/div>\n\t\t\t\t<\/div>\n\t\t\t\t<div class=\"elementor-element elementor-element-2507757 elementor-widget elementor-widget-heading\" data-id=\"2507757\" data-element_type=\"widget\" data-e-type=\"widget\" data-widget_type=\"heading.default\">\n\t\t\t\t<div class=\"elementor-widget-container\">\n\t\t\t\t\t<h2 class=\"elementor-heading-title elementor-size-default\">5-\u00bfES UN PA\u00cdS SEGURO?<\/h2>\t\t\t\t<\/div>\n\t\t\t\t<\/div>\n\t\t\t\t<div class=\"elementor-element elementor-element-57ed129 elementor-widget elementor-widget-text-editor\" data-id=\"57ed129\" data-element_type=\"widget\" data-e-type=\"widget\" data-widget_type=\"text-editor.default\">\n\t\t\t\t<div class=\"elementor-widget-container\">\n\t\t\t\t\t\t\t\t\t<p>La respuesta es un rotundo <b>S\u00cd.<\/b> Tristemente Oriente Medio siempre ha tenido muy mala fama para el turismo, muchas veces de forma injusta y Jordania es un claro ejemplo de ello. Es un destino totalmente recomendable para viajar en solitario, pareja, familia o amigos. L\u00f3gicamente, como en cualquier otro destino, es necesario hacer uso del sentido com\u00fan para evitar cualquier tipo de situaci\u00f3n desagradable, evitar manifestaciones pol\u00edticas o religiosas, andar solo\/a de madrugada en ciudades grandes y sobre todo, evitar a las personas que en las atracciones tur\u00edsticas como por ejemplo Petra, quieren ense\u00f1arte una \u00abcueva secreta\u00bb o \u00ablugar secreto\u00bb porque se han dado casos de robo. Resumiendo los jordanos son personas respetuosas, amables y curiosas, que no dudar\u00e1n en preguntarte o ayudarte en lo que necesites a lo largo de tu viaje. Respecto a la polic\u00eda, tampoco tuvimos ning\u00fan problema, y eso que nos pararon en bastantes ocasiones en la carretera.&nbsp;<\/p>\n<p><b>Actualmente en 2025<\/b>, tras el conflicto armado que est\u00e1n sufriendo sus vecinos palestinos en la <b>franja de Gaza<\/b> a manos de <b>Israel<\/b>, Jordania ha sufrido un duro golpe en lo que ha turismo se refiere, sin embargo, el conflicto no ha llegado a las tierras jordanas, por lo que se puede viajar sin ning\u00fan tipo de problema. \u00danicamente se aconseja no acercarse a ninguna de las fronteras Israel &#8211; Jordania.&nbsp;<\/p>\t\t\t\t\t\t\t\t<\/div>\n\t\t\t\t<\/div>\n\t\t\t\t<div class=\"elementor-element elementor-element-956eea4 elementor-widget elementor-widget-heading\" data-id=\"956eea4\" data-element_type=\"widget\" data-e-type=\"widget\" data-widget_type=\"heading.default\">\n\t\t\t\t<div class=\"elementor-widget-container\">\n\t\t\t\t\t<h2 class=\"elementor-heading-title elementor-size-default\">6-\u00bfCU\u00c1L ES LA MEJOR \u00c9POCA PARA IR? \u00bfQU\u00c9 CLIMA TIENE JORDANIA?<\/h2>\t\t\t\t<\/div>\n\t\t\t\t<\/div>\n\t\t\t\t<div class=\"elementor-element elementor-element-128bfc6 elementor-widget__width-initial elementor-widget elementor-widget-text-editor\" data-id=\"128bfc6\" data-element_type=\"widget\" data-e-type=\"widget\" data-widget_type=\"text-editor.default\">\n\t\t\t\t<div class=\"elementor-widget-container\">\n\t\t\t\t\t\t\t\t\t<p style=\"font-size: 16px; font-style: normal; font-weight: 400; text-align: justify;\">Jordania, es un pa\u00eds de clima \u00e1rido y seco, con veranos muy calurosos e inviernos fr\u00edos y h\u00famedos.<\/p><ul><li style=\"font-size: 16px; font-style: normal; text-align: justify;\"><u><b>Temporada baja<\/b>:<\/u>\u00a0<strong><span style=\"color: #ff9900;\">Junio, julio y agosto<\/span><\/strong><b style=\"font-weight: 400;\">. <\/b>Clima de desierto extremo agobiantes en todo el pa\u00eds,\u00a0poco turismo, precios m\u00e1s baratos.<\/li><li style=\"font-size: 16px; font-style: normal; text-align: justify;\"><u><b>Temporada alta<\/b>:<\/u>\u00a0<span style=\"color: #ff9900;\"><b>Marzo, abril y mayo<\/b><\/span>. D\u00edas c\u00e1lidos y noches frescas, turismo elevado, precios m\u00e1s caros.<\/li><li style=\"font-size: 16px; font-style: normal; text-align: justify;\"><u><b>Temporada media<\/b>:<\/u>\u00a0<span style=\"color: #ff9900;\"><b>Septiembre-Febrero.<\/b> <\/span>Temperatura agradable durante el d\u00eda y fr\u00edo nocturno, posibilidad de precipitaciones<\/li><\/ul>\t\t\t\t\t\t\t\t<\/div>\n\t\t\t\t<\/div>\n\t\t\t\t\t<\/div>\n\t\t<\/div>\n\t\t\t\t\t<\/div>\n\t\t<\/section>\n\t\t\t\t<section class=\"elementor-section elementor-top-section elementor-element elementor-element-f098011 elementor-section-boxed elementor-section-height-default elementor-section-height-default\" data-id=\"f098011\" data-element_type=\"section\" data-e-type=\"section\">\n\t\t\t\t\t\t<div class=\"elementor-container elementor-column-gap-default\">\n\t\t\t\t\t<div class=\"elementor-column elementor-col-100 elementor-top-column elementor-element elementor-element-6da8610\" data-id=\"6da8610\" data-element_type=\"column\" data-e-type=\"column\">\n\t\t\t<div class=\"elementor-widget-wrap elementor-element-populated\">\n\t\t\t\t\t\t<div class=\"elementor-element elementor-element-7d81ade elementor-widget elementor-widget-heading\" data-id=\"7d81ade\" data-element_type=\"widget\" data-e-type=\"widget\" data-widget_type=\"heading.default\">\n\t\t\t\t<div class=\"elementor-widget-container\">\n\t\t\t\t\t<h2 class=\"elementor-heading-title elementor-size-default\">7-\u00bfC\u00d3MO MOVERSE?<\/h2>\t\t\t\t<\/div>\n\t\t\t\t<\/div>\n\t\t\t\t<div class=\"elementor-element elementor-element-4dc1b4a elementor-widget elementor-widget-text-editor\" data-id=\"4dc1b4a\" data-element_type=\"widget\" data-e-type=\"widget\" data-widget_type=\"text-editor.default\">\n\t\t\t\t<div class=\"elementor-widget-container\">\n\t\t\t\t\t\t\t\t\t<p>Principalmente podemos movernos de tres formas diferentes en el pa\u00eds:<\/p><ul><li><u style=\"font-weight: bold;\">Alquilando tu propio coche: <\/u>esta es sin duda la<b> forma\u00a0m\u00e1s recomendable<\/b>. La conducci\u00f3n en Jordania es bastante similar a la de Espa\u00f1a y las carreteras est\u00e1n en perfecto estado. Las dos carreteras principales son: <b>la Carretera del Rey y la Carretera del Mar Muerto.<\/b> El precio del alquiler ronda los <strong><span style=\"color: #ff0000;\">150\u20ac<\/span><\/strong> la semana.\u00a0<\/li><li><u style=\"font-weight: bold;\">Autob\u00fas:<\/u> la principal compa\u00f1ia es\u00a0<a href=\"https:\/\/www.jett.com.jo\/en\/\" target=\"_blank\" rel=\"noopener\">Jett Bus<\/a>, la cual ofrece combinaciones entre los puntos de mayor inter\u00e9s del pa\u00eds, a un precio bastante econ\u00f3mico, sin embargo, las paradas no son c\u00e9ntricas y deber\u00e1s coger un taxi despu\u00e9s para llegar a tu objetivo. Otro inconveniente es la rigidez de horarios, los cuales condicionan las visitas y si viajas con el tiempo justo puede suponer un problema.\u00a0<\/li><li><u style=\"font-weight: bold;\">Taxi:<\/u> puede ser una buena opci\u00f3n si no quieres alquilar un coche, y buscas algo m\u00e1s de flexibilidad respecto a la rigidez de los autobuses.<\/li><\/ul>\t\t\t\t\t\t\t\t<\/div>\n\t\t\t\t<\/div>\n\t\t\t\t\t<\/div>\n\t\t<\/div>\n\t\t\t\t\t<\/div>\n\t\t<\/section>\n\t\t\t\t<\/div>\n\t\t","protected":false},"excerpt":{"rendered":"<p>1-\u00bfHACE FALTA VISADO PARA VIAJAR A JORDANIA EN 2025? S\u00cd, el visado es un documento obligatorio para entrar en Jordania, pero no tiene ninguna dificultad obtenerlo, existen varias formas: &nbsp;La forma m\u00e1s \u00fatil y recomendada de todas es comprar el \u00abJordan Pass\u00bb. Este te incluye el visado si pasas m\u00e1s de 3 noches y te [&hellip;]<\/p>\n","protected":false},"author":1,"featured_media":0,"parent":0,"menu_order":0,"comment_status":"closed","ping_status":"closed","template":"","meta":{"_uag_custom_page_level_css":"","site-sidebar-layout":"no-sidebar","site-content-layout":"page-builder","ast-site-content-layout":"default","site-content-style":"default","site-sidebar-style":"default","ast-global-header-display":"","ast-banner-title-visibility":"","ast-main-header-display":"","ast-hfb-above-header-display":"","ast-hfb-below-header-display":"","ast-hfb-mobile-header-display":"","site-post-title":"disabled","ast-breadcrumbs-content":"","ast-featured-img":"disabled","footer-sml-layout":"","ast-disable-related-posts":"","theme-transparent-header-meta":"","adv-header-id-meta":"","stick-header-meta":"","header-above-stick-meta":"","header-main-stick-meta":"","header-below-stick-meta":"","astra-migrate-meta-layouts":"default","ast-page-background-enabled":"default","ast-page-background-meta":{"desktop":{"background-color":"var(--ast-global-color-4)","background-image":"","background-repeat":"repeat","background-position":"center center","background-size":"auto","background-attachment":"scroll","background-type":"","background-media":"","overlay-type":"","overlay-color":"","overlay-opacity":"","overlay-gradient":""},"tablet":{"background-color":"","background-image":"","background-repeat":"repeat","background-position":"center center","background-size":"auto","background-attachment":"scroll","background-type":"","background-media":"","overlay-type":"","overlay-color":"","overlay-opacity":"","overlay-gradient":""},"mobile":{"background-color":"","background-image":"","background-repeat":"repeat","background-position":"center center","background-size":"auto","background-attachment":"scroll","background-type":"","background-media":"","overlay-type":"","overlay-color":"","overlay-opacity":"","overlay-gradient":""}},"ast-content-background-meta":{"desktop":{"background-color":"var(--ast-global-color-5)","background-image":"","background-repeat":"repeat","background-position":"center center","background-size":"auto","background-attachment":"scroll","background-type":"","background-media":"","overlay-type":"","overlay-color":"","overlay-opacity":"","overlay-gradient":""},"tablet":{"background-color":"var(--ast-global-color-5)","background-image":"","background-repeat":"repeat","background-position":"center center","background-size":"auto","background-attachment":"scroll","background-type":"","background-media":"","overlay-type":"","overlay-color":"","overlay-opacity":"","overlay-gradient":""},"mobile":{"background-color":"var(--ast-global-color-5)","background-image":"","background-repeat":"repeat","background-position":"center center","background-size":"auto","background-attachment":"scroll","background-type":"","background-media":"","overlay-type":"","overlay-color":"","overlay-opacity":"","overlay-gradient":""}},"footnotes":""},"class_list":["post-4361","page","type-page","status-publish","hentry"],"uagb_featured_image_src":{"full":false,"thumbnail":false,"medium":false,"medium_large":false,"large":false,"1536x1536":false,"2048x2048":false,"bm-post-thumb":false,"bm-post-medium":false},"uagb_author_info":{"display_name":"admin","author_link":"https:\/\/www.ebanoviajes.com\/index.php\/author\/admin\/"},"uagb_comment_info":0,"uagb_excerpt":"1-\u00bfHACE FALTA VISADO PARA VIAJAR A JORDANIA EN 2025? S\u00cd, el visado es un documento obligatorio para entrar en Jordania, pero no tiene ninguna dificultad obtenerlo, existen varias formas: &nbsp;La forma m\u00e1s \u00fatil y recomendada de todas es comprar el \u00abJordan Pass\u00bb. Este te incluye el visado si pasas m\u00e1s de 3 noches y te&hellip;","_links":{"self":[{"href":"https:\/\/www.ebanoviajes.com\/index.php\/wp-json\/wp\/v2\/pages\/4361","targetHints":{"allow":["GET"]}}],"collection":[{"href":"https:\/\/www.ebanoviajes.com\/index.php\/wp-json\/wp\/v2\/pages"}],"about":[{"href":"https:\/\/www.ebanoviajes.com\/index.php\/wp-json\/wp\/v2\/types\/page"}],"author":[{"embeddable":true,"href":"https:\/\/www.ebanoviajes.com\/index.php\/wp-json\/wp\/v2\/users\/1"}],"replies":[{"embeddable":true,"href":"https:\/\/www.ebanoviajes.com\/index.php\/wp-json\/wp\/v2\/comments?post=4361"}],"version-history":[{"count":37,"href":"https:\/\/www.ebanoviajes.com\/index.php\/wp-json\/wp\/v2\/pages\/4361\/revisions"}],"predecessor-version":[{"id":9457,"href":"https:\/\/www.ebanoviajes.com\/index.php\/wp-json\/wp\/v2\/pages\/4361\/revisions\/9457"}],"wp:attachment":[{"href":"https:\/\/www.ebanoviajes.com\/index.php\/wp-json\/wp\/v2\/media?parent=4361"}],"curies":[{"name":"wp","href":"https:\/\/api.w.org\/{rel}","templated":true}]}}