{"id":4249,"date":"2023-05-16T16:35:49","date_gmt":"2023-05-16T16:35:49","guid":{"rendered":"https:\/\/www.ebanoviajes.com\/?page_id=4249"},"modified":"2025-02-27T16:27:40","modified_gmt":"2025-02-27T16:27:40","slug":"itinerario-jordania-por-libre-10-dias","status":"publish","type":"page","link":"https:\/\/www.ebanoviajes.com\/index.php\/itinerario-jordania-por-libre-10-dias\/","title":{"rendered":"ITINERARIO JORDANIA POR LIBRE 10 D\u00cdAS"},"content":{"rendered":"\t\t<div data-elementor-type=\"wp-page\" data-elementor-id=\"4249\" class=\"elementor elementor-4249\">\n\t\t\t\t\t\t<section class=\"elementor-section elementor-top-section elementor-element elementor-element-b6f78bf elementor-section-boxed elementor-section-height-default elementor-section-height-default\" data-id=\"b6f78bf\" data-element_type=\"section\" data-e-type=\"section\">\n\t\t\t\t\t\t<div class=\"elementor-container elementor-column-gap-default\">\n\t\t\t\t\t<div class=\"elementor-column elementor-col-100 elementor-top-column elementor-element elementor-element-909c8e9\" data-id=\"909c8e9\" data-element_type=\"column\" data-e-type=\"column\" data-settings=\"{&quot;background_background&quot;:&quot;gradient&quot;}\">\n\t\t\t<div class=\"elementor-widget-wrap elementor-element-populated\">\n\t\t\t\t\t\t<div class=\"elementor-element elementor-element-32247cf elementor-widget elementor-widget-heading\" data-id=\"32247cf\" data-element_type=\"widget\" data-e-type=\"widget\" data-widget_type=\"heading.default\">\n\t\t\t\t<div class=\"elementor-widget-container\">\n\t\t\t\t\t<h2 class=\"elementor-heading-title elementor-size-default\">ITINERARIO 10 D\u00cdAS<\/h2>\t\t\t\t<\/div>\n\t\t\t\t<\/div>\n\t\t\t\t<div class=\"elementor-element elementor-element-01e982b elementor-widget elementor-widget-text-editor\" data-id=\"01e982b\" data-element_type=\"widget\" data-e-type=\"widget\" data-widget_type=\"text-editor.default\">\n\t\t\t\t<div class=\"elementor-widget-container\">\n\t\t\t\t\t\t\t\t\t<hr \/><p style=\"font-size: 17px; font-style: normal; font-weight: 400;\"><span style=\"font-weight: bold;\"><u>D\u00cdA 1:<\/u><\/span>\u00a0Llegada a Am\u00e1n.\u00a0<\/p><p style=\"font-size: 17px; font-style: normal;\"><span style=\"font-weight: 400;\"><u><span style=\"font-weight: bold;\">D\u00cdA 2:<\/span><\/u>\u00a0Visita de la<\/span><b> ciudad de Am\u00e1n<\/b>.<\/p><p style=\"font-size: 17px; font-style: normal;\"><u style=\"font-weight: bold;\">D\u00cdA 3:<\/u> Viaje y visita <b>Jerash<\/b> y Ajlun.<\/p><p style=\"font-size: 17px; font-style: normal;\"><u style=\"font-weight: bold;\">D\u00cdA 4:<\/u> Viaje y visita al <b>Mar Muerto<\/b> desde Jerash, parando de camino en el monte Nebo.<\/p><p style=\"font-size: 17px; font-style: normal;\"><u style=\"font-weight: bold;\">D\u00cdA 5:<\/u> Visita <b>Wadi Mujib<\/b> y viaje a Wadi Musa (Petra). Por la noche, <b>\u00abPetra by night\u00bb<\/b>.<\/p><p style=\"font-size: 17px; font-style: normal;\"><span style=\"font-weight: 400;\"><span style=\"font-weight: bold;\"><u>D\u00cdA 6:<\/u><\/span>\u00a0Visita de d\u00eda completo en la ciudad perdida de<\/span><b> Petra.<\/b><\/p><p style=\"font-size: 17px; font-style: normal;\"><u style=\"font-weight: bold;\">D\u00cdA 7: <\/u>Viaje y tour en 4&#215;4 de d\u00eda completo en<b> Wadi Rum<\/b> y alojamiento en campamento beduino en mitad del desierto.<\/p><p style=\"font-size: 17px; font-style: normal;\"><span style=\"font-weight: 400;\"><span style=\"font-weight: bold;\"><u>D\u00cdA 8:<\/u><\/span>\u00a0Viaje a <\/span><b>Aqaba<\/b>. Snorkel por libre durante todo el d\u00eda en el<b>\u00a0Mar Rojo<\/b>.<\/p><p style=\"font-size: 17px; font-style: normal;\"><span style=\"font-weight: bold;\"><u>D\u00cdA 9:<\/u>\u00a0<\/span>Viaje de regreso a la ciudad de Am\u00e1n.\u00a0<\/p><p style=\"font-size: 17px; font-style: normal;\"><span style=\"font-weight: bold;\"><u>D\u00cdA 10:<\/u> <\/span>Final de viaje en tierras jordanas.<\/p><p style=\"font-size: 17px; font-style: normal; font-weight: 400;\">\u00a0<\/p>\t\t\t\t\t\t\t\t<\/div>\n\t\t\t\t<\/div>\n\t\t\t\t\t<\/div>\n\t\t<\/div>\n\t\t\t\t\t<\/div>\n\t\t<\/section>\n\t\t\t\t<section class=\"elementor-section elementor-top-section elementor-element elementor-element-df203e3 elementor-section-boxed elementor-section-height-default elementor-section-height-default\" data-id=\"df203e3\" data-element_type=\"section\" data-e-type=\"section\">\n\t\t\t\t\t\t<div class=\"elementor-container elementor-column-gap-default\">\n\t\t\t\t\t<div class=\"elementor-column elementor-col-100 elementor-top-column elementor-element elementor-element-1852ea8\" data-id=\"1852ea8\" data-element_type=\"column\" data-e-type=\"column\">\n\t\t\t<div class=\"elementor-widget-wrap elementor-element-populated\">\n\t\t\t\t\t\t<div class=\"elementor-element elementor-element-1e7427d elementor-widget elementor-widget-heading\" data-id=\"1e7427d\" data-element_type=\"widget\" data-e-type=\"widget\" data-widget_type=\"heading.default\">\n\t\t\t\t<div class=\"elementor-widget-container\">\n\t\t\t\t\t<h2 class=\"elementor-heading-title elementor-size-default\">ALOJAMIENTOS Y EMPRESA DE ALQUILER DE VEH\u00cdCULO<\/h2>\t\t\t\t<\/div>\n\t\t\t\t<\/div>\n\t\t\t\t<div class=\"elementor-element elementor-element-c0925fa elementor-widget elementor-widget-text-editor\" data-id=\"c0925fa\" data-element_type=\"widget\" data-e-type=\"widget\" data-widget_type=\"text-editor.default\">\n\t\t\t\t<div class=\"elementor-widget-container\">\n\t\t\t\t\t\t\t\t\t<p>&#8211;<u><b> FECHA DE VIAJE<\/b><\/u>: 3 Mayo &#8211; 13 Mayo 2023<\/p>\n<p>&#8211; <b><u>TIPO DE VIAJE<\/u><\/b>: En pareja, completamente por libre.&nbsp;<\/p>\n<p>&#8211;<u><b> EMPRESA DE ALQUILER DE COCHE<\/b><\/u>:&nbsp;<a href=\"https:\/\/www.booking.com\/cars\/index.es.html?selected_currency=EUR&amp;adplat=www-index-web_shell_header-car-missing_creative-4mFOUBL9YIoQiG5eGicQSt&amp;aid=304142&amp;client_name=b-web-shell-bff&amp;etStateBlob=EV9u41lKlvEbVYE56l8TlQPiG9dz8FGCbFzQoN96PY8-S8HgX9r2E-_R6TvIyf8FBQ4SXzvR1hGvqAutRFzQiRw&amp;distribution_id=4mFOUBL9YIoQiG5eGicQSt\" target=\"_blank\" rel=\"noopener\">Booking.com<\/a>, 240\u20ac por 9 d\u00edas de alquiler.&nbsp;<\/p>\n<p>&#8211; <u><b>ALOJAMIENTOS<\/b><\/u>: Puedes encontrar alojamientos de todos los precios en todo Jordania, exceptuando la regi\u00f3n del Mar Muerto, donde las \u00fanicas alternativas son resort de lujo. Nosotros nos alojamos en sitios humildes y econ\u00f3micos que rondaban los 25\u20ac-30\u20ac por noche \/ dos persona, d\u00e1ndonos un capricho en un resort a las orillas del Mar Muerto.&nbsp;<\/p>\n<ul>\n<li><b><u>Am\u00e1n<\/u><\/b>:&nbsp;<a style=\"font-size: 1rem;\" href=\"https:\/\/www.booking.com\/hotel\/jo\/rainbow-house.es.html?aid=304142&amp;label=gen173bo-1FEgRjYXJzKIICOOgHSApYA2hGiAEBmAEKuAEHyAEN2AEB6AEB-AEGiAIBmAICqAIDuALpiIK-BsACAdICJGMxZTc3NTMyLWEwYWQtNDQ5ZC05NDYyLTliYjc4NzEzYTJkZtgCBeACAQ&amp;sid=6d0c1723fa8eb6f7866e8ee9fbb41a76&amp;all_sr_blocks=829521805_347563391_2_0_0&amp;checkin=2025-03-20&amp;checkout=2025-03-21&amp;dist=0&amp;group_adults=2&amp;group_children=0&amp;hapos=2&amp;highlighted_blocks=829521805_347563391_2_0_0&amp;hpos=2&amp;matching_block_id=829521805_347563391_2_0_0&amp;no_rooms=1&amp;req_adults=2&amp;req_children=0&amp;room1=A%2CA&amp;sb_price_type=total&amp;sr_order=distance_from_search&amp;sr_pri_blocks=829521805_347563391_2_0_0__1166&amp;srepoch=1740670500&amp;srpvid=b4916d8eeb250444&amp;type=total&amp;ucfs=1&amp;\" target=\"_blank\" rel=\"noopener\">Rainbow House:<\/a>&nbsp;alojamiento muy sencillo con ba\u00f1o compartido en la mejor zona de Am\u00e1n. Lo mejor las vistas y la ubicaci\u00f3n. Habitaciones muy sencillas.&nbsp;<\/li>\n<li><b><u>Jerash<\/u><\/b>:&nbsp;<a href=\"https:\/\/www.booking.com\/hotel\/jo\/the-ancient-city-of-jerash-166.es.html?aid=304142&amp;label=gen173bo-1FEgRjYXJzKIICOOgHSApYA2hGiAEBmAEKuAEHyAEN2AEB6AEB-AEGiAIBmAICqAIDuALpiIK-BsACAdICJGMxZTc3NTMyLWEwYWQtNDQ5ZC05NDYyLTliYjc4NzEzYTJkZtgCBeACAQ&amp;sid=6d0c1723fa8eb6f7866e8ee9fbb41a76&amp;all_sr_blocks=724275407_310123109_0_42_0&amp;checkin=2025-03-20&amp;checkout=2025-03-21&amp;dest_id=7242754&amp;dest_type=hotel&amp;dist=0&amp;group_adults=2&amp;group_children=0&amp;hapos=1&amp;highlighted_blocks=724275407_310123109_0_42_0&amp;hpos=1&amp;matching_block_id=724275407_310123109_0_42_0&amp;no_rooms=1&amp;req_adults=2&amp;req_children=0&amp;room1=A%2CA&amp;sb_price_type=total&amp;sr_order=popularity&amp;sr_pri_blocks=724275407_310123109_0_42_0__1944&amp;srepoch=1740670533&amp;srpvid=5d156da0c7b90155&amp;type=total&amp;ucfs=1&amp;\" target=\"_blank\" rel=\"noopener\">Full Panorama Jarash<\/a>: una buena opci\u00f3n de alojamiento para descansar tras visitar el complejo arqueol\u00f3gico de Jerash. &nbsp;<\/li>\n<li><b><u>Mar Muerto<\/u><\/b>:&nbsp;<a href=\"https:\/\/www.booking.com\/hotel\/jo\/e23-samarah-resort.es.html?aid=304142&amp;label=gen173bo-1FEgRjYXJzKIICOOgHSApYA2hGiAEBmAEKuAEHyAEN2AEB6AEB-AEGiAIBmAICqAIDuALpiIK-BsACAdICJGMxZTc3NTMyLWEwYWQtNDQ5ZC05NDYyLTliYjc4NzEzYTJkZtgCBeACAQ&amp;sid=6d0c1723fa8eb6f7866e8ee9fbb41a76&amp;all_sr_blocks=1138379101_386553969_4_0_0&amp;checkin=2025-03-20&amp;checkout=2025-03-21&amp;dest_id=11383791&amp;dest_type=hotel&amp;dist=0&amp;group_adults=2&amp;group_children=0&amp;hapos=1&amp;highlighted_blocks=1138379101_386553969_4_0_0&amp;hpos=1&amp;matching_block_id=1138379101_386553969_4_0_0&amp;no_rooms=1&amp;req_adults=2&amp;req_children=0&amp;room1=A%2CA&amp;sb_price_type=total&amp;sr_order=popularity&amp;sr_pri_blocks=1138379101_386553969_4_0_0__13910&amp;srepoch=1740670569&amp;srpvid=e5256db1ec990098&amp;type=total&amp;ucfs=1&amp;\" target=\"_blank\" rel=\"noopener\">Samarah Resort<\/a>: nuestro alojamiento estrella del viaje, sencillamente perfecto. Cuenta con playa privada en el Mar Muerto, piscina y un buen restaurante.&nbsp;<\/li>\n<li><b><u>Petra<\/u><\/b>:&nbsp;<a href=\"https:\/\/www.booking.com\/hotel\/jo\/petra-sky.es.html?aid=304142&amp;label=gen173bo-1FEgRjYXJzKIICOOgHSApYA2hGiAEBmAEKuAEHyAEN2AEB6AEB-AEGiAIBmAICqAIDuALpiIK-BsACAdICJGMxZTc3NTMyLWEwYWQtNDQ5ZC05NDYyLTliYjc4NzEzYTJkZtgCBeACAQ&amp;sid=6d0c1723fa8eb6f7866e8ee9fbb41a76&amp;all_sr_blocks=414768702_279235494_2_1_0&amp;checkin=2025-03-20&amp;checkout=2025-03-21&amp;dest_id=4147687&amp;dest_type=hotel&amp;dist=0&amp;group_adults=2&amp;group_children=0&amp;hapos=1&amp;highlighted_blocks=414768702_279235494_2_1_0&amp;hpos=1&amp;matching_block_id=414768702_279235494_2_1_0&amp;no_rooms=1&amp;req_adults=2&amp;req_children=0&amp;room1=A%2CA&amp;sb_price_type=total&amp;sr_order=popularity&amp;sr_pri_blocks=414768702_279235494_2_1_0__5869&amp;srepoch=1740670615&amp;srpvid=79a16dcae32a0775&amp;type=total&amp;ucfs=1&amp;\" target=\"_blank\" rel=\"noopener\">Petra Sky Hotel<\/a>: hotel sencillo ubicado a tan solo 15min andando de la entrada a la ciudad de Petra.&nbsp;<\/li>\n<li><u><b>Wadi Rum<\/b><\/u>:&nbsp;<a href=\"https:\/\/www.booking.com\/searchresults.es.html?ss=Wadi+Rum%2C+Aqaba+Governorate%2C+Jordania&amp;efdco=1&amp;label=gen173bo-1DEgRjYXJzKIICOOgHSApYA2hGiAEBmAEKuAEHyAEN2AED6AEB-AEGiAIBmAICqAIDuALpiIK-BsACAdICJGMxZTc3NTMyLWEwYWQtNDQ5ZC05NDYyLTliYjc4NzEzYTJkZtgCBOACAQ&amp;sid=fda7389e1e56150f23ced12c114c8d87&amp;aid=304142&amp;lang=es&amp;sb=1&amp;src_elem=sb&amp;src=index&amp;dest_id=900048616&amp;dest_type=city&amp;ac_position=0&amp;ac_click_type=b&amp;ac_langcode=es&amp;ac_suggestion_list_length=5&amp;search_selected=true&amp;search_pageview_id=28e46d21af3405b7&amp;ac_meta=GhAyOGU0NmQyMWFmMzQwNWI3IAAoATICZXM6BHdhZGlAAEoAUAA%3D&amp;checkin=2025-03-20&amp;checkout=2025-03-21&amp;group_adults=2&amp;no_rooms=1&amp;group_children=0\" target=\"_blank\" rel=\"noopener\">Camp<\/a>: tienes cientos de opciones para alojarte en el desierto de Wadi Rum Los precios son extremadamente baratos ya que al reservar la noche est\u00e1s contratando con ellos la excursi\u00f3n en 4&#215;4 de jornada completa.&nbsp;<\/li>\n<li><b><u>Aqaba<\/u><\/b>:&nbsp;<a href=\"https:\/\/www.booking.com\/hotel\/jo\/aqaba-adventure-divers-resort.es.html?aid=304142&amp;label=gen173nr-1FCAEoggI46AdIM1gEaEaIAQGYAQq4AQfIAQ3YAQHoAQH4AQ2IAgGoAgO4ApOGgr4GwAIB0gIkODE1MzQyMzEtZGI1NS00Yjc1LTljN2QtN2M2ZGM3NjIyMjdi2AIG4AIB&amp;sid=6d0c1723fa8eb6f7866e8ee9fbb41a76&amp;all_sr_blocks=26681301_395698842_0_1_0&amp;checkin=2025-03-20&amp;checkout=2025-03-21&amp;dest_id=266813&amp;dest_type=hotel&amp;dist=0&amp;group_adults=2&amp;group_children=0&amp;hapos=1&amp;highlighted_blocks=26681301_395698842_0_1_0&amp;hpos=1&amp;matching_block_id=26681301_395698842_0_1_0&amp;no_rooms=1&amp;req_adults=2&amp;req_children=0&amp;room1=A%2CA&amp;sb_price_type=total&amp;sr_order=popularity&amp;sr_pri_blocks=26681301_395698842_0_1_0__3189&amp;srepoch=1740670656&amp;srpvid=3fbf6ddeafad06c9&amp;type=total&amp;ucfs=1&amp;\" target=\"_blank\" rel=\"noopener\">Aqaba adventure Divers Resort<\/a>: alojamiento perfecto si lo que est\u00e1s buscando es bucear en el Mar Rojo. Est\u00e1 a 20 minutos \/ 15 kil\u00f3metros de la ciudad de Aqaba.<\/li>\n<\/ul>\t\t\t\t\t\t\t\t<\/div>\n\t\t\t\t<\/div>\n\t\t\t\t\t<\/div>\n\t\t<\/div>\n\t\t\t\t\t<\/div>\n\t\t<\/section>\n\t\t\t\t<section class=\"elementor-section elementor-top-section elementor-element elementor-element-54e5e8b elementor-section-boxed elementor-section-height-default elementor-section-height-default\" data-id=\"54e5e8b\" data-element_type=\"section\" data-e-type=\"section\">\n\t\t\t\t\t\t<div class=\"elementor-container elementor-column-gap-default\">\n\t\t\t\t\t<div class=\"elementor-column elementor-col-100 elementor-top-column elementor-element elementor-element-ef8fbb2\" data-id=\"ef8fbb2\" data-element_type=\"column\" data-e-type=\"column\">\n\t\t\t<div class=\"elementor-widget-wrap elementor-element-populated\">\n\t\t\t\t\t\t<div class=\"elementor-element elementor-element-2e098b3 elementor-widget elementor-widget-heading\" data-id=\"2e098b3\" data-element_type=\"widget\" data-e-type=\"widget\" data-widget_type=\"heading.default\">\n\t\t\t\t<div class=\"elementor-widget-container\">\n\t\t\t\t\t<h2 class=\"elementor-heading-title elementor-size-default\">PRESUPUESTO<\/h2>\t\t\t\t<\/div>\n\t\t\t\t<\/div>\n\t\t\t\t<div class=\"elementor-element elementor-element-5908fb4 elementor-widget elementor-widget-text-editor\" data-id=\"5908fb4\" data-element_type=\"widget\" data-e-type=\"widget\" data-widget_type=\"text-editor.default\">\n\t\t\t\t<div class=\"elementor-widget-container\">\n\t\t\t\t\t\t\t\t\t<p>&#8211; <u><b>VUELO<\/b><\/u>: <span style=\"color: #ff0000;\">250\u20ac<\/span><\/p><p>&#8211;<u><b> JORDAN PASS<\/b><\/u>: <span style=\"color: #ff0000;\">100\u20ac<\/span><\/p><p>&#8211; <u><b>SEGURO<\/b><\/u>: <span style=\"color: #ff0000;\">70\u20ac<\/span><\/p><p>&#8211; <u><b>COCHE DE ALQUILER<\/b><\/u>: 238\u20ac \/<span style=\"color: #ff0000;\"> 119\u20ac<\/span> por persona.\u00a0<\/p><p>&#8211; <u><b>ALOJAMIENTOS<\/b><\/u>: 427\u20ac \/ <span style=\"color: #ff0000;\">214\u20ac<\/span> por persona<\/p><p>&#8211; <u><b>ACTIVIDADES<\/b><\/u>:<span style=\"color: #ff0000;\"> 136\u20ac<\/span><\/p><ul><li>Wadi Mujib: 27\u20ac<\/li><li>Monte Nebo: 3\u20ac<\/li><li>Petra By Night: 21\u20ac<\/li><li>4&#215;4 Wadi Rum: 75\u20ac<\/li><li>Alquiler equipo Snorkel: 10\u20ac<\/li><\/ul><p>&#8211; <u><b>OTROS GASTOS<\/b><\/u>: <span style=\"color: #ff0000;\">160\u20ac<\/span><\/p><ul><li>Comida: 120\u20ac por persona.<\/li><li>Gasolina: 80\u20ac \/ 40\u20ac por persona.\u00a0<\/li><\/ul><div><strong><span style=\"color: #ff0000;\">* TOTAL PRESUPUESTO APROXIMADO POR PERSONA: 1050\u20ac<\/span><\/strong><\/div>\t\t\t\t\t\t\t\t<\/div>\n\t\t\t\t<\/div>\n\t\t\t\t\t<\/div>\n\t\t<\/div>\n\t\t\t\t\t<\/div>\n\t\t<\/section>\n\t\t\t\t<section class=\"elementor-section elementor-top-section elementor-element elementor-element-e5c8474 elementor-section-boxed elementor-section-height-default elementor-section-height-default\" data-id=\"e5c8474\" data-element_type=\"section\" data-e-type=\"section\">\n\t\t\t\t\t\t<div class=\"elementor-container elementor-column-gap-default\">\n\t\t\t\t\t<div class=\"elementor-column elementor-col-100 elementor-top-column elementor-element elementor-element-9dc43a8\" data-id=\"9dc43a8\" data-element_type=\"column\" data-e-type=\"column\">\n\t\t\t<div class=\"elementor-widget-wrap elementor-element-populated\">\n\t\t\t\t\t\t<div class=\"elementor-element elementor-element-33c11b0 elementor-widget elementor-widget-heading\" data-id=\"33c11b0\" data-element_type=\"widget\" data-e-type=\"widget\" data-widget_type=\"heading.default\">\n\t\t\t\t<div class=\"elementor-widget-container\">\n\t\t\t\t\t<h2 class=\"elementor-heading-title elementor-size-default\">LA RUTA<\/h2>\t\t\t\t<\/div>\n\t\t\t\t<\/div>\n\t\t\t\t\t<\/div>\n\t\t<\/div>\n\t\t\t\t\t<\/div>\n\t\t<\/section>\n\t\t\t\t<section class=\"elementor-section elementor-top-section elementor-element elementor-element-ded47ad elementor-section-boxed elementor-section-height-default elementor-section-height-default\" data-id=\"ded47ad\" data-element_type=\"section\" data-e-type=\"section\">\n\t\t\t\t\t\t<div class=\"elementor-container elementor-column-gap-default\">\n\t\t\t\t\t<div class=\"elementor-column elementor-col-100 elementor-top-column elementor-element elementor-element-c0cce02\" data-id=\"c0cce02\" data-element_type=\"column\" data-e-type=\"column\">\n\t\t\t<div class=\"elementor-widget-wrap elementor-element-populated\">\n\t\t\t\t\t\t<div class=\"elementor-element elementor-element-9d5de16 elementor-widget elementor-widget-html\" data-id=\"9d5de16\" data-element_type=\"widget\" data-e-type=\"widget\" data-widget_type=\"html.default\">\n\t\t\t\t<div class=\"elementor-widget-container\">\n\t\t\t\t\t<iframe src=\"https:\/\/www.google.com\/maps\/d\/embed?mid=1Ad01WdRWSlJpkTosrON4D6TFhnK-zzA&ehbc=2E312F\" width=\"640\" height=\"480\"><\/iframe>\t\t\t\t<\/div>\n\t\t\t\t<\/div>\n\t\t\t\t\t<\/div>\n\t\t<\/div>\n\t\t\t\t\t<\/div>\n\t\t<\/section>\n\t\t\t\t<\/div>\n\t\t","protected":false},"excerpt":{"rendered":"<p>ITINERARIO 10 D\u00cdAS D\u00cdA 1:\u00a0Llegada a Am\u00e1n.\u00a0 D\u00cdA 2:\u00a0Visita de la ciudad de Am\u00e1n. D\u00cdA 3: Viaje y visita Jerash y Ajlun. D\u00cdA 4: Viaje y visita al Mar Muerto desde Jerash, parando de camino en el monte Nebo. D\u00cdA 5: Visita Wadi Mujib y viaje a Wadi Musa (Petra). Por la noche, \u00abPetra by [&hellip;]<\/p>\n","protected":false},"author":1,"featured_media":0,"parent":0,"menu_order":0,"comment_status":"closed","ping_status":"closed","template":"","meta":{"_uag_custom_page_level_css":"","site-sidebar-layout":"no-sidebar","site-content-layout":"page-builder","ast-site-content-layout":"default","site-content-style":"default","site-sidebar-style":"default","ast-global-header-display":"","ast-banner-title-visibility":"","ast-main-header-display":"","ast-hfb-above-header-display":"","ast-hfb-below-header-display":"","ast-hfb-mobile-header-display":"","site-post-title":"disabled","ast-breadcrumbs-content":"","ast-featured-img":"disabled","footer-sml-layout":"","ast-disable-related-posts":"","theme-transparent-header-meta":"","adv-header-id-meta":"","stick-header-meta":"","header-above-stick-meta":"","header-main-stick-meta":"","header-below-stick-meta":"","astra-migrate-meta-layouts":"default","ast-page-background-enabled":"default","ast-page-background-meta":{"desktop":{"background-color":"var(--ast-global-color-4)","background-image":"","background-repeat":"repeat","background-position":"center center","background-size":"auto","background-attachment":"scroll","background-type":"","background-media":"","overlay-type":"","overlay-color":"","overlay-opacity":"","overlay-gradient":""},"tablet":{"background-color":"","background-image":"","background-repeat":"repeat","background-position":"center center","background-size":"auto","background-attachment":"scroll","background-type":"","background-media":"","overlay-type":"","overlay-color":"","overlay-opacity":"","overlay-gradient":""},"mobile":{"background-color":"","background-image":"","background-repeat":"repeat","background-position":"center center","background-size":"auto","background-attachment":"scroll","background-type":"","background-media":"","overlay-type":"","overlay-color":"","overlay-opacity":"","overlay-gradient":""}},"ast-content-background-meta":{"desktop":{"background-color":"var(--ast-global-color-5)","background-image":"","background-repeat":"repeat","background-position":"center center","background-size":"auto","background-attachment":"scroll","background-type":"","background-media":"","overlay-type":"","overlay-color":"","overlay-opacity":"","overlay-gradient":""},"tablet":{"background-color":"var(--ast-global-color-5)","background-image":"","background-repeat":"repeat","background-position":"center center","background-size":"auto","background-attachment":"scroll","background-type":"","background-media":"","overlay-type":"","overlay-color":"","overlay-opacity":"","overlay-gradient":""},"mobile":{"background-color":"var(--ast-global-color-5)","background-image":"","background-repeat":"repeat","background-position":"center center","background-size":"auto","background-attachment":"scroll","background-type":"","background-media":"","overlay-type":"","overlay-color":"","overlay-opacity":"","overlay-gradient":""}},"footnotes":""},"class_list":["post-4249","page","type-page","status-publish","hentry"],"uagb_featured_image_src":{"full":false,"thumbnail":false,"medium":false,"medium_large":false,"large":false,"1536x1536":false,"2048x2048":false,"bm-post-thumb":false,"bm-post-medium":false},"uagb_author_info":{"display_name":"admin","author_link":"https:\/\/www.ebanoviajes.com\/index.php\/author\/admin\/"},"uagb_comment_info":0,"uagb_excerpt":"ITINERARIO 10 D\u00cdAS D\u00cdA 1:\u00a0Llegada a Am\u00e1n.\u00a0 D\u00cdA 2:\u00a0Visita de la ciudad de Am\u00e1n. D\u00cdA 3: Viaje y visita Jerash y Ajlun. D\u00cdA 4: Viaje y visita al Mar Muerto desde Jerash, parando de camino en el monte Nebo. D\u00cdA 5: Visita Wadi Mujib y viaje a Wadi Musa (Petra). Por la noche, \u00abPetra by&hellip;","_links":{"self":[{"href":"https:\/\/www.ebanoviajes.com\/index.php\/wp-json\/wp\/v2\/pages\/4249","targetHints":{"allow":["GET"]}}],"collection":[{"href":"https:\/\/www.ebanoviajes.com\/index.php\/wp-json\/wp\/v2\/pages"}],"about":[{"href":"https:\/\/www.ebanoviajes.com\/index.php\/wp-json\/wp\/v2\/types\/page"}],"author":[{"embeddable":true,"href":"https:\/\/www.ebanoviajes.com\/index.php\/wp-json\/wp\/v2\/users\/1"}],"replies":[{"embeddable":true,"href":"https:\/\/www.ebanoviajes.com\/index.php\/wp-json\/wp\/v2\/comments?post=4249"}],"version-history":[{"count":73,"href":"https:\/\/www.ebanoviajes.com\/index.php\/wp-json\/wp\/v2\/pages\/4249\/revisions"}],"predecessor-version":[{"id":8558,"href":"https:\/\/www.ebanoviajes.com\/index.php\/wp-json\/wp\/v2\/pages\/4249\/revisions\/8558"}],"wp:attachment":[{"href":"https:\/\/www.ebanoviajes.com\/index.php\/wp-json\/wp\/v2\/media?parent=4249"}],"curies":[{"name":"wp","href":"https:\/\/api.w.org\/{rel}","templated":true}]}}