{"id":3760,"date":"2023-04-26T11:34:35","date_gmt":"2023-04-26T11:34:35","guid":{"rendered":"https:\/\/www.ebanoviajes.com\/?page_id=3760"},"modified":"2023-04-27T12:52:58","modified_gmt":"2023-04-27T12:52:58","slug":"informacion-util-y-preparativos-kayak","status":"publish","type":"page","link":"https:\/\/www.ebanoviajes.com\/index.php\/informacion-util-y-preparativos-kayak\/","title":{"rendered":"INFORMACI\u00d3N \u00daTIL Y PREPARATIVOS KAYAK"},"content":{"rendered":"\t\t<div data-elementor-type=\"wp-page\" data-elementor-id=\"3760\" class=\"elementor elementor-3760\">\n\t\t\t\t\t\t<section class=\"elementor-section elementor-top-section elementor-element elementor-element-4019e07 elementor-section-boxed elementor-section-height-default elementor-section-height-default\" data-id=\"4019e07\" data-element_type=\"section\" data-e-type=\"section\">\n\t\t\t\t\t\t<div class=\"elementor-container elementor-column-gap-default\">\n\t\t\t\t\t<div class=\"elementor-column elementor-col-100 elementor-top-column elementor-element elementor-element-cc3c419\" data-id=\"cc3c419\" data-element_type=\"column\" data-e-type=\"column\">\n\t\t\t<div class=\"elementor-widget-wrap elementor-element-populated\">\n\t\t\t\t\t\t<div class=\"elementor-element elementor-element-9b10e2b elementor-widget elementor-widget-heading\" data-id=\"9b10e2b\" data-element_type=\"widget\" data-e-type=\"widget\" data-widget_type=\"heading.default\">\n\t\t\t\t<div class=\"elementor-widget-container\">\n\t\t\t\t\t<h2 class=\"elementor-heading-title elementor-size-default\"><u>INFORMACI\u00d3N \u00daTIL Y PREPARATIVOS<\/u><\/h2>\t\t\t\t<\/div>\n\t\t\t\t<\/div>\n\t\t\t\t<div class=\"elementor-element elementor-element-e22c557 elementor-widget elementor-widget-text-editor\" data-id=\"e22c557\" data-element_type=\"widget\" data-e-type=\"widget\" data-widget_type=\"text-editor.default\">\n\t\t\t\t<div class=\"elementor-widget-container\">\n\t\t\t\t\t\t\t\t\t<p>Organizar este tipo de aventuras por libre y sin experiencia no es algo f\u00e1cil. Antes de nada quiero que sepas que si no estas seguro, hay empresas que se encargan de hacer este tipo de viajes de forma organizada y con un gu\u00eda experimentado, pero si estas decidido a ir por tu cuenta, entonces sigue leyendo porque este es tu sitio.<\/p>\t\t\t\t\t\t\t\t<\/div>\n\t\t\t\t<\/div>\n\t\t\t\t<div class=\"elementor-element elementor-element-1dd7254 elementor-widget elementor-widget-heading\" data-id=\"1dd7254\" data-element_type=\"widget\" data-e-type=\"widget\" data-widget_type=\"heading.default\">\n\t\t\t\t<div class=\"elementor-widget-container\">\n\t\t\t\t\t<h2 class=\"elementor-heading-title elementor-size-default\"><u>1- \u00bfES LEGAL DAR LA VUELTA A LAS ISLAS?<\/u><\/h2>\t\t\t\t<\/div>\n\t\t\t\t<\/div>\n\t\t\t\t<div class=\"elementor-element elementor-element-8425f97 elementor-widget elementor-widget-text-editor\" data-id=\"8425f97\" data-element_type=\"widget\" data-e-type=\"widget\" data-widget_type=\"text-editor.default\">\n\t\t\t\t<div class=\"elementor-widget-container\">\n\t\t\t\t\t\t\t\t\t<p>La respuesta es <b><u>SI<\/u><\/b>. Las \u00fanicas restricciones que existen actualmente (2023) son 2:<\/p><p>\u00a0<\/p><p><b>&#8211; Navegar de d\u00eda<\/b>, es decir, desde que amanece hasta la puesta de sol.<\/p><p><b>&#8211; Buen tiempo, con v<\/b><b style=\"font-style: inherit; background-color: var(--ast-global-color-5); color: var(--ast-global-color-3);\">isibilidad superior a 1 milla n\u00e1utica (1,8km).\u00a0<\/b><\/p><p><span style=\"background-color: var(--ast-global-color-5); color: var(--ast-global-color-3); font-style: inherit; font-weight: inherit;\">\u00a0<\/span><\/p><p><span style=\"background-color: var(--ast-global-color-5); color: var(--ast-global-color-3); font-style: inherit; font-weight: inherit;\">L\u00f3gicamente, siempre tiene que primar el sentido com\u00fan, si vas a comenzar la jornada de navegaci\u00f3n y hace un sol incre\u00edble, pero viento y olas de 3 metros ni se te ocurra salir.<\/span><\/p>\t\t\t\t\t\t\t\t<\/div>\n\t\t\t\t<\/div>\n\t\t\t\t<div class=\"elementor-element elementor-element-ed434e4 elementor-widget elementor-widget-heading\" data-id=\"ed434e4\" data-element_type=\"widget\" data-e-type=\"widget\" data-widget_type=\"heading.default\">\n\t\t\t\t<div class=\"elementor-widget-container\">\n\t\t\t\t\t<h2 class=\"elementor-heading-title elementor-size-default\"><u>2- \u00bfSE PUEDE ACAMPAR EN LAS PLAYAS?<\/u><\/h2>\t\t\t\t<\/div>\n\t\t\t\t<\/div>\n\t\t\t\t<div class=\"elementor-element elementor-element-4c4d8b0 elementor-widget elementor-widget-text-editor\" data-id=\"4c4d8b0\" data-element_type=\"widget\" data-e-type=\"widget\" data-widget_type=\"text-editor.default\">\n\t\t\t\t<div class=\"elementor-widget-container\">\n\t\t\t\t\t\t\t\t\t<p>Acampar NO, <b><u>PERNOCTAR HACIENDO&nbsp;VIVAC, SI<\/u>.<\/b>&nbsp;Primero vamos a definir ambos conceptos:<br><br><\/p>\n<p><b><u>&#8211; Acampar:<\/u><\/b> consiste en montar una tienda de compa\u00f1a donde vivir temporalmente, ya sea de d\u00eda y\/o noche.<\/p>\n<p><u><b>&#8211; Vivac:<\/b><\/u> se refiere a la pernocta en la naturaleza sin montar ninguna estructura ni alterar nada del medio natural, es decir pasar la noche al raso protegido solo por una manta, saco o funda.<\/p>\n<p><br><\/p>\n<p>*Resumiendo nosotros podremos pernoctar haciendo vivac en las playas, durmiendo en esterillas y sacos, incluso usando medias-lunas y mosquiteras. Pero NUNCA en tiendas de campa\u00f1a.&nbsp;<\/p>\t\t\t\t\t\t\t\t<\/div>\n\t\t\t\t<\/div>\n\t\t\t\t<div class=\"elementor-element elementor-element-56d4e73 elementor-widget elementor-widget-heading\" data-id=\"56d4e73\" data-element_type=\"widget\" data-e-type=\"widget\" data-widget_type=\"heading.default\">\n\t\t\t\t<div class=\"elementor-widget-container\">\n\t\t\t\t\t<h2 class=\"elementor-heading-title elementor-size-default\">3- \u00bfCU\u00c1L ES LA MEJOR FECHA?<\/h2>\t\t\t\t<\/div>\n\t\t\t\t<\/div>\n\t\t\t\t<div class=\"elementor-element elementor-element-62184f9 elementor-widget elementor-widget-text-editor\" data-id=\"62184f9\" data-element_type=\"widget\" data-e-type=\"widget\" data-widget_type=\"text-editor.default\">\n\t\t\t\t<div class=\"elementor-widget-container\">\n\t\t\t\t\t\t\t\t\t<p>Las mejores fechas son:\u00a0<b><u>junio, julio, agosto y septiembre<\/u><\/b>. Durante estos meses la meteorolog\u00eda es m\u00e1s estable, apenas hay precipitaciones y el mar est\u00e1 m\u00e1s en calma, aunque es cierto que son los meses de m\u00e1s calor.<\/p>\t\t\t\t\t\t\t\t<\/div>\n\t\t\t\t<\/div>\n\t\t\t\t<div class=\"elementor-element elementor-element-c95723c elementor-widget elementor-widget-heading\" data-id=\"c95723c\" data-element_type=\"widget\" data-e-type=\"widget\" data-widget_type=\"heading.default\">\n\t\t\t\t<div class=\"elementor-widget-container\">\n\t\t\t\t\t<h2 class=\"elementor-heading-title elementor-size-default\"><u>4- \u00bfQU\u00c9 KAYAK ALQUILO?<\/u><\/h2>\t\t\t\t<\/div>\n\t\t\t\t<\/div>\n\t\t\t\t<div class=\"elementor-element elementor-element-8bdb2c2 elementor-widget elementor-widget-text-editor\" data-id=\"8bdb2c2\" data-element_type=\"widget\" data-e-type=\"widget\" data-widget_type=\"text-editor.default\">\n\t\t\t\t<div class=\"elementor-widget-container\">\n\t\t\t\t\t\t\t\t\t<p>Existen decenas de tipos de kayaks, en funci\u00f3n de su utilidad y medio. Nosotros queremos dar la vuelta a una isla, haciendo una media de 4-6h remando al d\u00eda, por lo que usaremos, s\u00ed o s\u00ed, <b><u>KAYAKS DE TRAVES\u00cdA (CERRADOS)<\/u><\/b>. Desconf\u00eda de las empresas que te quieran dar un kayak abierto, este tipo es ideal para trayectos cortos, o actividades como pesca donde necesitas espacio para tener movilidad, pero en rutas largas son inestables y les entra mucha agua, por lo que hay riesgo de volcar o no poder avanzar.<\/p>\n<p>Ahora, dentro de los <b style=\"text-decoration-line: underline;\">KAYAKS DE TRAVES\u00cdA (CERRADOS)<\/b>&nbsp;podemos decidir si usar uno <b>simple<\/b>, o uno <b>doble<\/b>. Por ejemplo, yo siempre he usado kayak de traves\u00eda simple, pero en la vuelta a Formentera con mi pareja decidimos alquilar un kayak doble para repartir el esfuerzo y hacer el viaje m\u00e1s llevadero.&nbsp;<\/p>\t\t\t\t\t\t\t\t<\/div>\n\t\t\t\t<\/div>\n\t\t\t\t\t<\/div>\n\t\t<\/div>\n\t\t\t\t\t<\/div>\n\t\t<\/section>\n\t\t\t\t<section class=\"elementor-section elementor-top-section elementor-element elementor-element-1641cf9 elementor-section-boxed elementor-section-height-default elementor-section-height-default\" data-id=\"1641cf9\" data-element_type=\"section\" data-e-type=\"section\">\n\t\t\t\t\t\t<div class=\"elementor-container elementor-column-gap-default\">\n\t\t\t\t\t<div class=\"elementor-column elementor-col-50 elementor-top-column elementor-element elementor-element-c7d14c6\" data-id=\"c7d14c6\" data-element_type=\"column\" data-e-type=\"column\">\n\t\t\t<div class=\"elementor-widget-wrap elementor-element-populated\">\n\t\t\t\t\t\t<div class=\"elementor-element elementor-element-6443194 elementor-widget elementor-widget-image\" data-id=\"6443194\" data-element_type=\"widget\" data-e-type=\"widget\" data-widget_type=\"image.default\">\n\t\t\t\t<div class=\"elementor-widget-container\">\n\t\t\t\t\t\t\t\t\t\t\t\t<figure class=\"wp-caption\">\n\t\t\t\t\t\t\t\t\t\t<img fetchpriority=\"high\" decoding=\"async\" width=\"994\" height=\"1024\" src=\"https:\/\/www.ebanoviajes.com\/wp-content\/uploads\/2023\/04\/IMG-20210907-WA0006-994x1024.jpg\" class=\"attachment-large size-large wp-image-3767\" alt=\"\" srcset=\"https:\/\/www.ebanoviajes.com\/wp-content\/uploads\/2023\/04\/IMG-20210907-WA0006-994x1024.jpg 994w, https:\/\/www.ebanoviajes.com\/wp-content\/uploads\/2023\/04\/IMG-20210907-WA0006-291x300.jpg 291w, https:\/\/www.ebanoviajes.com\/wp-content\/uploads\/2023\/04\/IMG-20210907-WA0006-768x791.jpg 768w, https:\/\/www.ebanoviajes.com\/wp-content\/uploads\/2023\/04\/IMG-20210907-WA0006-1491x1536.jpg 1491w, https:\/\/www.ebanoviajes.com\/wp-content\/uploads\/2023\/04\/IMG-20210907-WA0006.jpg 1553w\" sizes=\"(max-width: 994px) 100vw, 994px\" \/>\t\t\t\t\t\t\t\t\t\t\t<figcaption class=\"widget-image-caption wp-caption-text\">KAYAKS DE TRAVES\u00cdA SIMPLE<\/figcaption>\n\t\t\t\t\t\t\t\t\t\t<\/figure>\n\t\t\t\t\t\t\t\t\t<\/div>\n\t\t\t\t<\/div>\n\t\t\t\t\t<\/div>\n\t\t<\/div>\n\t\t\t\t<div class=\"elementor-column elementor-col-50 elementor-top-column elementor-element elementor-element-c3c753e\" data-id=\"c3c753e\" data-element_type=\"column\" data-e-type=\"column\">\n\t\t\t<div class=\"elementor-widget-wrap elementor-element-populated\">\n\t\t\t\t\t\t<div class=\"elementor-element elementor-element-1e11282 elementor-widget elementor-widget-image\" data-id=\"1e11282\" data-element_type=\"widget\" data-e-type=\"widget\" data-widget_type=\"image.default\">\n\t\t\t\t<div class=\"elementor-widget-container\">\n\t\t\t\t\t\t\t\t\t\t\t\t<figure class=\"wp-caption\">\n\t\t\t\t\t\t\t\t\t\t<img decoding=\"async\" width=\"1024\" height=\"768\" src=\"https:\/\/www.ebanoviajes.com\/wp-content\/uploads\/2023\/04\/IMG-20220804-WA0047-1024x768.jpg\" class=\"attachment-large size-large wp-image-3768\" alt=\"\" srcset=\"https:\/\/www.ebanoviajes.com\/wp-content\/uploads\/2023\/04\/IMG-20220804-WA0047-1024x768.jpg 1024w, https:\/\/www.ebanoviajes.com\/wp-content\/uploads\/2023\/04\/IMG-20220804-WA0047-300x225.jpg 300w, https:\/\/www.ebanoviajes.com\/wp-content\/uploads\/2023\/04\/IMG-20220804-WA0047-768x576.jpg 768w, https:\/\/www.ebanoviajes.com\/wp-content\/uploads\/2023\/04\/IMG-20220804-WA0047-1536x1152.jpg 1536w, https:\/\/www.ebanoviajes.com\/wp-content\/uploads\/2023\/04\/IMG-20220804-WA0047.jpg 1600w\" sizes=\"(max-width: 1024px) 100vw, 1024px\" \/>\t\t\t\t\t\t\t\t\t\t\t<figcaption class=\"widget-image-caption wp-caption-text\">KAYAK TRAVES\u00cdA DOBLE + VIVAC<\/figcaption>\n\t\t\t\t\t\t\t\t\t\t<\/figure>\n\t\t\t\t\t\t\t\t\t<\/div>\n\t\t\t\t<\/div>\n\t\t\t\t\t<\/div>\n\t\t<\/div>\n\t\t\t\t\t<\/div>\n\t\t<\/section>\n\t\t\t\t<section class=\"elementor-section elementor-top-section elementor-element elementor-element-2569b0e elementor-section-boxed elementor-section-height-default elementor-section-height-default\" data-id=\"2569b0e\" data-element_type=\"section\" data-e-type=\"section\">\n\t\t\t\t\t\t<div class=\"elementor-container elementor-column-gap-default\">\n\t\t\t\t\t<div class=\"elementor-column elementor-col-100 elementor-top-column elementor-element elementor-element-9771c8f\" data-id=\"9771c8f\" data-element_type=\"column\" data-e-type=\"column\">\n\t\t\t<div class=\"elementor-widget-wrap elementor-element-populated\">\n\t\t\t\t\t\t<div class=\"elementor-element elementor-element-bc3365b elementor-widget elementor-widget-heading\" data-id=\"bc3365b\" data-element_type=\"widget\" data-e-type=\"widget\" data-widget_type=\"heading.default\">\n\t\t\t\t<div class=\"elementor-widget-container\">\n\t\t\t\t\t<h2 class=\"elementor-heading-title elementor-size-default\"><u>5- \u00bfQU\u00c9 PRECAUCIONES TENDR\u00cdA QUE TENER?<\/u><\/h2>\t\t\t\t<\/div>\n\t\t\t\t<\/div>\n\t\t\t\t<div class=\"elementor-element elementor-element-9b72bc2 elementor-widget elementor-widget-text-editor\" data-id=\"9b72bc2\" data-element_type=\"widget\" data-e-type=\"widget\" data-widget_type=\"text-editor.default\">\n\t\t\t\t<div class=\"elementor-widget-container\">\n\t\t\t\t\t\t\t\t\t<p>Desde mi punto de vista son principalmente 3:<\/p><p>\u00a0<\/p><p><b><u>&#8211; PREVISI\u00d3N METEOROL\u00d3GICA:<\/u><\/b>\u00a0en este apartado tenemos dos grandes enemigos o aliados: el viento y el oleaje.<\/p><p><b style=\"text-decoration-line: underline;\">&#8211; PLANIFICACI\u00d3N DE ETAPAS:<\/b>\u00a0cuantos km aproximados voy a recorrer, donde voy parar a descansar y donde voy a dormir.<\/p><p><u style=\"font-weight: bold;\">&#8211; SUMINISTROS:<\/u>\u00a0llevar mucha agua y comida suficiente. De no ser as\u00ed, tener claro donde es el pr\u00f3ximo punto donde poder reabastecernos.<\/p><p>\u00a0<\/p><p>\u00a0<\/p><p>*Este apartado es demasiado extenso y complejo, as\u00ed que te lo dejo explicado en profundidad aqu\u00ed.<\/p>\t\t\t\t\t\t\t\t<\/div>\n\t\t\t\t<\/div>\n\t\t\t\t\t<\/div>\n\t\t<\/div>\n\t\t\t\t\t<\/div>\n\t\t<\/section>\n\t\t\t\t<section class=\"elementor-section elementor-top-section elementor-element elementor-element-27a12bd elementor-section-boxed elementor-section-height-default elementor-section-height-default\" data-id=\"27a12bd\" data-element_type=\"section\" data-e-type=\"section\">\n\t\t\t\t\t\t<div class=\"elementor-container elementor-column-gap-default\">\n\t\t\t\t\t<div class=\"elementor-column elementor-col-100 elementor-top-column elementor-element elementor-element-3e1d1b0\" data-id=\"3e1d1b0\" data-element_type=\"column\" data-e-type=\"column\">\n\t\t\t<div class=\"elementor-widget-wrap elementor-element-populated\">\n\t\t\t\t\t\t<div class=\"elementor-element elementor-element-7dcf773 elementor-widget elementor-widget-heading\" data-id=\"7dcf773\" data-element_type=\"widget\" data-e-type=\"widget\" data-widget_type=\"heading.default\">\n\t\t\t\t<div class=\"elementor-widget-container\">\n\t\t\t\t\t<h2 class=\"elementor-heading-title elementor-size-default\">6- \u00bfQU\u00c9 MATERIAL NECESITO?<\/h2>\t\t\t\t<\/div>\n\t\t\t\t<\/div>\n\t\t\t\t<div class=\"elementor-element elementor-element-228e70e elementor-widget elementor-widget-text-editor\" data-id=\"228e70e\" data-element_type=\"widget\" data-e-type=\"widget\" data-widget_type=\"text-editor.default\">\n\t\t\t\t<div class=\"elementor-widget-container\">\n\t\t\t\t\t\t\t\t\t<p>Pincha en este enlace para tener una informaci\u00f3n detallada de todo el material que necesitas, y en caso de no tenerlo, donde poder comprarlo.<\/p>\t\t\t\t\t\t\t\t<\/div>\n\t\t\t\t<\/div>\n\t\t\t\t<div class=\"elementor-element elementor-element-715bb88 elementor-widget elementor-widget-heading\" data-id=\"715bb88\" data-element_type=\"widget\" data-e-type=\"widget\" data-widget_type=\"heading.default\">\n\t\t\t\t<div class=\"elementor-widget-container\">\n\t\t\t\t\t<h2 class=\"elementor-heading-title elementor-size-default\"><u>7- \u00bfQU\u00c9 COMIDA LLEVO?<\/u><\/h2>\t\t\t\t<\/div>\n\t\t\t\t<\/div>\n\t\t\t\t<div class=\"elementor-element elementor-element-16238f3 elementor-widget elementor-widget-text-editor\" data-id=\"16238f3\" data-element_type=\"widget\" data-e-type=\"widget\" data-widget_type=\"text-editor.default\">\n\t\t\t\t<div class=\"elementor-widget-container\">\n\t\t\t\t\t\t\t\t\t<p>Tenemos que tener claro que el espacio dentro de un kayak de traves\u00eda es limitado, y tampoco nos interesa cargarlo demasiado, por lo que tendremos que ser muy pr\u00e1cticos a la hora de que saber que comida llevar. Mis recomendaciones son:<\/p><p>\u00a0<\/p><p><b><u>&#8211; DESAYUNO:<\/u><\/b> leche en polvo, caf\u00e9 soluble, paquetes de galletas, rebanadas de pan y bote de tomate rallado.<\/p><p><u><b>&#8211; COMIDA:<\/b><\/u> paquetes de pasta o arroz, botes de salsa bolo\u00f1esa.<\/p><p><u><b>&#8211; CENA:<\/b><\/u> pan en rebanadas, latas de conserva.<\/p><p>\u00a0<\/p><p>S\u00e9 que est\u00e1s pensando que es lo que comprar\u00eda un ni\u00f1o de 5 a\u00f1os, pero realmente este tipo de productos son ligeros, no ocupan mucho espacio y te sacar\u00e1n de m\u00e1s de un apuro. Durante tu viaje te encontrar\u00e1s con numerosos chiringuitos y restaurantes en las playas, donde poder darte alg\u00fan capricho y salir de la dieta de tu sobrino peque\u00f1o.<\/p>\t\t\t\t\t\t\t\t<\/div>\n\t\t\t\t<\/div>\n\t\t\t\t<div class=\"elementor-element elementor-element-26c84c9 elementor-widget elementor-widget-heading\" data-id=\"26c84c9\" data-element_type=\"widget\" data-e-type=\"widget\" data-widget_type=\"heading.default\">\n\t\t\t\t<div class=\"elementor-widget-container\">\n\t\t\t\t\t<h2 class=\"elementor-heading-title elementor-size-default\">8- \u00bfESTOY PREPARADO FISICAMENTE?<\/h2>\t\t\t\t<\/div>\n\t\t\t\t<\/div>\n\t\t\t\t<div class=\"elementor-element elementor-element-b81bb5c elementor-widget elementor-widget-text-editor\" data-id=\"b81bb5c\" data-element_type=\"widget\" data-e-type=\"widget\" data-widget_type=\"text-editor.default\">\n\t\t\t\t<div class=\"elementor-widget-container\">\n\t\t\t\t\t\t\t\t\t<p>La duda protagonista a la hora de lanzarte a esta aventura. No te voy a negar que dar la vuelta a una isla es una tarea exigente, requiere de un m\u00ednimo de condici\u00f3n f\u00edsica y sobre todo tener claro que habr\u00e1 momentos en los que acabes de remar hasta los huevos. Pero sinceramente, es un deporte que est\u00e1 al alcance de todo el mundo, lo que tienes que tener claro es no remar al fallo, simplemente parar las veces que hagan falta, y si en lugar de tardar 4 d\u00edas, tardas 7 pues mucho mejor, as\u00ed disfrutar\u00e1s m\u00e1s de la experiencia sin malos ratos, ni sufrimientos innecesarios. Independientemente de tu condici\u00f3n f\u00edsica y mental, es recomendable hacer alguna salida previa para ver como te encuentras. Tambi\u00e9n puede ser interesante, si tienes muchas dudas o falta de tiempo, alquilar un kayak por un par de d\u00edas y combinarlo con tu viaje por tierra, las opciones son infinitas.\u00a0<\/p><p>\u00a0<\/p><p>\u00a0<\/p>\t\t\t\t\t\t\t\t<\/div>\n\t\t\t\t<\/div>\n\t\t\t\t\t<\/div>\n\t\t<\/div>\n\t\t\t\t\t<\/div>\n\t\t<\/section>\n\t\t\t\t<\/div>\n\t\t","protected":false},"excerpt":{"rendered":"<p>INFORMACI\u00d3N \u00daTIL Y PREPARATIVOS Organizar este tipo de aventuras por libre y sin experiencia no es algo f\u00e1cil. Antes de nada quiero que sepas que si no estas seguro, hay empresas que se encargan de hacer este tipo de viajes de forma organizada y con un gu\u00eda experimentado, pero si estas decidido a ir por [&hellip;]<\/p>\n","protected":false},"author":1,"featured_media":0,"parent":0,"menu_order":0,"comment_status":"closed","ping_status":"closed","template":"","meta":{"_uag_custom_page_level_css":"","site-sidebar-layout":"no-sidebar","site-content-layout":"page-builder","ast-site-content-layout":"default","site-content-style":"default","site-sidebar-style":"default","ast-global-header-display":"","ast-banner-title-visibility":"","ast-main-header-display":"","ast-hfb-above-header-display":"","ast-hfb-below-header-display":"","ast-hfb-mobile-header-display":"","site-post-title":"disabled","ast-breadcrumbs-content":"","ast-featured-img":"disabled","footer-sml-layout":"","ast-disable-related-posts":"","theme-transparent-header-meta":"","adv-header-id-meta":"","stick-header-meta":"","header-above-stick-meta":"","header-main-stick-meta":"","header-below-stick-meta":"","astra-migrate-meta-layouts":"default","ast-page-background-enabled":"default","ast-page-background-meta":{"desktop":{"background-color":"var(--ast-global-color-4)","background-image":"","background-repeat":"repeat","background-position":"center center","background-size":"auto","background-attachment":"scroll","background-type":"","background-media":"","overlay-type":"","overlay-color":"","overlay-opacity":"","overlay-gradient":""},"tablet":{"background-color":"","background-image":"","background-repeat":"repeat","background-position":"center center","background-size":"auto","background-attachment":"scroll","background-type":"","background-media":"","overlay-type":"","overlay-color":"","overlay-opacity":"","overlay-gradient":""},"mobile":{"background-color":"","background-image":"","background-repeat":"repeat","background-position":"center center","background-size":"auto","background-attachment":"scroll","background-type":"","background-media":"","overlay-type":"","overlay-color":"","overlay-opacity":"","overlay-gradient":""}},"ast-content-background-meta":{"desktop":{"background-color":"var(--ast-global-color-5)","background-image":"","background-repeat":"repeat","background-position":"center center","background-size":"auto","background-attachment":"scroll","background-type":"","background-media":"","overlay-type":"","overlay-color":"","overlay-opacity":"","overlay-gradient":""},"tablet":{"background-color":"var(--ast-global-color-5)","background-image":"","background-repeat":"repeat","background-position":"center center","background-size":"auto","background-attachment":"scroll","background-type":"","background-media":"","overlay-type":"","overlay-color":"","overlay-opacity":"","overlay-gradient":""},"mobile":{"background-color":"var(--ast-global-color-5)","background-image":"","background-repeat":"repeat","background-position":"center center","background-size":"auto","background-attachment":"scroll","background-type":"","background-media":"","overlay-type":"","overlay-color":"","overlay-opacity":"","overlay-gradient":""}},"footnotes":""},"class_list":["post-3760","page","type-page","status-publish","hentry"],"uagb_featured_image_src":{"full":false,"thumbnail":false,"medium":false,"medium_large":false,"large":false,"1536x1536":false,"2048x2048":false,"bm-post-thumb":false,"bm-post-medium":false},"uagb_author_info":{"display_name":"admin","author_link":"https:\/\/www.ebanoviajes.com\/index.php\/author\/admin\/"},"uagb_comment_info":0,"uagb_excerpt":"INFORMACI\u00d3N \u00daTIL Y PREPARATIVOS Organizar este tipo de aventuras por libre y sin experiencia no es algo f\u00e1cil. Antes de nada quiero que sepas que si no estas seguro, hay empresas que se encargan de hacer este tipo de viajes de forma organizada y con un gu\u00eda experimentado, pero si estas decidido a ir por&hellip;","_links":{"self":[{"href":"https:\/\/www.ebanoviajes.com\/index.php\/wp-json\/wp\/v2\/pages\/3760","targetHints":{"allow":["GET"]}}],"collection":[{"href":"https:\/\/www.ebanoviajes.com\/index.php\/wp-json\/wp\/v2\/pages"}],"about":[{"href":"https:\/\/www.ebanoviajes.com\/index.php\/wp-json\/wp\/v2\/types\/page"}],"author":[{"embeddable":true,"href":"https:\/\/www.ebanoviajes.com\/index.php\/wp-json\/wp\/v2\/users\/1"}],"replies":[{"embeddable":true,"href":"https:\/\/www.ebanoviajes.com\/index.php\/wp-json\/wp\/v2\/comments?post=3760"}],"version-history":[{"count":16,"href":"https:\/\/www.ebanoviajes.com\/index.php\/wp-json\/wp\/v2\/pages\/3760\/revisions"}],"predecessor-version":[{"id":3852,"href":"https:\/\/www.ebanoviajes.com\/index.php\/wp-json\/wp\/v2\/pages\/3760\/revisions\/3852"}],"wp:attachment":[{"href":"https:\/\/www.ebanoviajes.com\/index.php\/wp-json\/wp\/v2\/media?parent=3760"}],"curies":[{"name":"wp","href":"https:\/\/api.w.org\/{rel}","templated":true}]}}