{"id":3698,"date":"2023-04-24T17:01:37","date_gmt":"2023-04-24T17:01:37","guid":{"rendered":"https:\/\/www.ebanoviajes.com\/?page_id=3698"},"modified":"2025-04-11T08:53:53","modified_gmt":"2025-04-11T08:53:53","slug":"informacion-util-y-preparativos","status":"publish","type":"page","link":"https:\/\/www.ebanoviajes.com\/index.php\/informacion-util-y-preparativos\/","title":{"rendered":"INFORMACI\u00d3N \u00daTIL Y PREPARATIVOS"},"content":{"rendered":"\t\t<div data-elementor-type=\"wp-page\" data-elementor-id=\"3698\" class=\"elementor elementor-3698\">\n\t\t\t\t\t\t<section class=\"elementor-section elementor-top-section elementor-element elementor-element-c03ad2d elementor-section-full_width elementor-section-height-min-height elementor-section-height-default elementor-section-items-middle\" data-id=\"c03ad2d\" data-element_type=\"section\" data-e-type=\"section\" data-settings=\"{&quot;background_background&quot;:&quot;classic&quot;}\">\n\t\t\t\t\t\t<div class=\"elementor-container elementor-column-gap-default\">\n\t\t\t\t\t<div class=\"elementor-column elementor-col-100 elementor-top-column elementor-element elementor-element-67b0895\" data-id=\"67b0895\" data-element_type=\"column\" data-e-type=\"column\">\n\t\t\t<div class=\"elementor-widget-wrap\">\n\t\t\t\t\t\t\t<\/div>\n\t\t<\/div>\n\t\t\t\t\t<\/div>\n\t\t<\/section>\n\t\t\t\t<section class=\"elementor-section elementor-top-section elementor-element elementor-element-905e96a elementor-section-boxed elementor-section-height-default elementor-section-height-default\" data-id=\"905e96a\" data-element_type=\"section\" data-e-type=\"section\">\n\t\t\t\t\t\t<div class=\"elementor-container elementor-column-gap-default\">\n\t\t\t\t\t<div class=\"elementor-column elementor-col-100 elementor-top-column elementor-element elementor-element-91972b2\" data-id=\"91972b2\" data-element_type=\"column\" data-e-type=\"column\">\n\t\t\t<div class=\"elementor-widget-wrap elementor-element-populated\">\n\t\t\t\t\t\t<div class=\"elementor-element elementor-element-0823347 elementor-widget elementor-widget-heading\" data-id=\"0823347\" data-element_type=\"widget\" data-e-type=\"widget\" data-widget_type=\"heading.default\">\n\t\t\t\t<div class=\"elementor-widget-container\">\n\t\t\t\t\t<h2 class=\"elementor-heading-title elementor-size-default\">PREPARATIVOS ANTES DEL VIAJE<\/h2>\t\t\t\t<\/div>\n\t\t\t\t<\/div>\n\t\t\t\t<div class=\"elementor-element elementor-element-b41afb4 elementor-widget elementor-widget-text-editor\" data-id=\"b41afb4\" data-element_type=\"widget\" data-e-type=\"widget\" data-widget_type=\"text-editor.default\">\n\t\t\t\t<div class=\"elementor-widget-container\">\n\t\t\t\t\t\t\t\t\t<p>\u00bfQui\u00e9n no ha so\u00f1ado con viajar a Egipto? todo el mundo al menos una vez en su vida, lo ha hecho. Egipto no son solo sus pir\u00e1mides, es tambi\u00e9n un pa\u00eds con una historia fascinante, una cultura milenaria y un entorno dIgno de pel\u00edcula. En agosto 2022, me lanc\u00e9 a realizar este viaje en solitario y aqu\u00ed te responder\u00e9 a todas las dudas que me surgieron antes de iniciar mi viaje.&nbsp;<\/p>\t\t\t\t\t\t\t\t<\/div>\n\t\t\t\t<\/div>\n\t\t\t\t<div class=\"elementor-element elementor-element-2b41999 elementor-widget elementor-widget-heading\" data-id=\"2b41999\" data-element_type=\"widget\" data-e-type=\"widget\" data-widget_type=\"heading.default\">\n\t\t\t\t<div class=\"elementor-widget-container\">\n\t\t\t\t\t<h2 class=\"elementor-heading-title elementor-size-default\">1-\u00bfHACE FALTA VISADO PARA VIAJAR A EGIPTO EN 2O25?<\/h2>\t\t\t\t<\/div>\n\t\t\t\t<\/div>\n\t\t\t\t<div class=\"elementor-element elementor-element-37a2134 elementor-widget elementor-widget-text-editor\" data-id=\"37a2134\" data-element_type=\"widget\" data-e-type=\"widget\" data-widget_type=\"text-editor.default\">\n\t\t\t\t<div class=\"elementor-widget-container\">\n\t\t\t\t\t\t\t\t\t<p><b><span style=\"color: #ff9900;\">S\u00cd<\/span>,<\/b> el visado es un <span style=\"color: #ff9900;\"><b>documento obligatorio<\/b><\/span> para entrar en Egipto, pero la verdad que es bastante f\u00e1cil obtenerlo, existen dos formas:<\/p>\n<ul>\n<li>En el propio aeropuerto a tu llegada. Cuesta alrededor de <span style=\"color: #ff0000;\"><b>25\u20ac <\/b><\/span>y es valido por<b> 30 d\u00edas.<\/b><\/li>\n<li><span style=\"font-style: inherit;\">&nbsp;A trav\u00e9s de&nbsp;<\/span><a style=\"font-style: inherit;\" href=\"https:\/\/www.visa2egypt.gov.eg\/eVisa\/Home;jsessionid=gIRI5Dr0F3sytgkrGIkOv01_G1p9aWF-IJLv-XWk.pp-ui-01?VISTK=CBQF-YVWM-XB8J-N2X9-O44K-OM50-6T22-ZG67-8T4P-07PA-U31A-GHFC-ZWYL-ZXSG-7P1T-W9S0\" target=\"_blank\" rel=\"noopener\">este enlace del gobierno<\/a><span style=\"font-style: inherit;\">&nbsp;, se conoce como <\/span><b style=\"font-style: inherit;\">e-visa<\/b><span style=\"font-style: inherit;\"> y <b>tienes que sacarlo con al menos 7 d\u00edas de antelaci\u00f3n<\/b>. Precio <\/span><b style=\"font-style: inherit;\"><span style=\"color: #ff0000;\">25\u20ac<\/span>\/30 d\u00edas<\/b><span style=\"font-style: inherit;\">.&nbsp;<\/span><span style=\"font-style: inherit;\">Existe la opci\u00f3n de comprar un visado de m\u00faltiples entradas por 60\u20ac.<\/span><\/li>\n<\/ul>\t\t\t\t\t\t\t\t<\/div>\n\t\t\t\t<\/div>\n\t\t\t\t<div class=\"elementor-element elementor-element-fb70195 elementor-widget elementor-widget-heading\" data-id=\"fb70195\" data-element_type=\"widget\" data-e-type=\"widget\" data-widget_type=\"heading.default\">\n\t\t\t\t<div class=\"elementor-widget-container\">\n\t\t\t\t\t<h2 class=\"elementor-heading-title elementor-size-default\">2- \u00bfQU\u00c9 DOCUMENTOS OBLIGATORIOS NECESITO?<\/h2>\t\t\t\t<\/div>\n\t\t\t\t<\/div>\n\t\t\t\t<div class=\"elementor-element elementor-element-bcae5f8 elementor-widget elementor-widget-text-editor\" data-id=\"bcae5f8\" data-element_type=\"widget\" data-e-type=\"widget\" data-widget_type=\"text-editor.default\">\n\t\t\t\t<div class=\"elementor-widget-container\">\n\t\t\t\t\t\t\t\t\t<p><span title=\"Si el adverbio \u00abactualmente\u00bb se refiere a toda la frase, y no solo al verbo, es recomendable usar una coma.\" data-type=\"grammar\" data-suggestions=\"[{&quot;value&quot;:&quot;actualmente,&quot;}]\" data-rule=\"COMMA_ADVERB\" data-word=\"actualmente\">Actualmente (<strong>2025<\/strong>),<\/span>\u00a0solo necesitas:<\/p><ul><li>Copia del<span style=\"color: #ff9900;\"><b> visado<\/b><\/span>\u00a0en caso de que lo hayas hecho <b>online.<\/b><\/li><li><span style=\"color: #ff9900;\"><b>Pa<\/b><\/span><span style=\"font-weight: bold;\"><span style=\"color: #ff9900;\">saporte<\/span> con una validez\u00a0<span title=\"Se ha encontrado un posible error ortogr\u00e1fico.\" data-type=\"misspelling\" data-suggestions=\"[{&quot;value&quot;:&quot;m\u00ednima&quot;},{&quot;value&quot;:&quot;m\u00ednimo&quot;},{&quot;value&quot;:&quot;m\u00ednimas&quot;},{&quot;value&quot;:&quot;minia&quot;},{&quot;value&quot;:&quot;minina&quot;},{&quot;value&quot;:&quot;mini\u00e1&quot;}]\" data-rule=\"MORFOLOGIK_RULE_ES\" data-word=\"minima\">m\u00ednima<\/span>\u00a0de 6 meses<\/span>.<\/li><li><b>Itinerario de viaje<\/b>, en ocasiones puedes preguntarte a cerca de tu recorrido y que tienes pensado hacer en el pa\u00eds.<\/li><\/ul>\t\t\t\t\t\t\t\t<\/div>\n\t\t\t\t<\/div>\n\t\t\t\t<div class=\"elementor-element elementor-element-8f98d3b elementor-widget elementor-widget-heading\" data-id=\"8f98d3b\" data-element_type=\"widget\" data-e-type=\"widget\" data-widget_type=\"heading.default\">\n\t\t\t\t<div class=\"elementor-widget-container\">\n\t\t\t\t\t<h2 class=\"elementor-heading-title elementor-size-default\">3- \u00bfQU\u00c9 REQUISITOS EXISTEN FRENTE A LA COVID-19?<\/h2>\t\t\t\t<\/div>\n\t\t\t\t<\/div>\n\t\t\t\t<div class=\"elementor-element elementor-element-30c2088 elementor-widget elementor-widget-text-editor\" data-id=\"30c2088\" data-element_type=\"widget\" data-e-type=\"widget\" data-widget_type=\"text-editor.default\">\n\t\t\t\t<div class=\"elementor-widget-container\">\n\t\t\t\t\t\t\t\t\t<p>Desde el 17\/8\/22<span style=\"color: #ff9900;\"> <b>no existe ning\u00fan requisito<\/b><\/span> para viajar a <b>Egipto<\/b>.<\/p>\t\t\t\t\t\t\t\t<\/div>\n\t\t\t\t<\/div>\n\t\t\t\t<div class=\"elementor-element elementor-element-4f0b209 elementor-widget elementor-widget-heading\" data-id=\"4f0b209\" data-element_type=\"widget\" data-e-type=\"widget\" data-widget_type=\"heading.default\">\n\t\t\t\t<div class=\"elementor-widget-container\">\n\t\t\t\t\t<h2 class=\"elementor-heading-title elementor-size-default\">4- \u00bfHACE FALTA VACUNARSE?<\/h2>\t\t\t\t<\/div>\n\t\t\t\t<\/div>\n\t\t\t\t<div class=\"elementor-element elementor-element-f8d2b7a elementor-widget elementor-widget-text-editor\" data-id=\"f8d2b7a\" data-element_type=\"widget\" data-e-type=\"widget\" data-widget_type=\"text-editor.default\">\n\t\t\t\t<div class=\"elementor-widget-container\">\n\t\t\t\t\t\t\t\t\t<p>\u00danicamente es obligatoria la fiebre amarilla en caso de vivir en\u00a0<span title=\"\u00bfQuer\u00eda decir \u00abalg\u00fan\u00bb?\" data-type=\"grammar\" data-suggestions=\"[{&quot;value&quot;:&quot;alg\u00fan&quot;}]\" data-rule=\"ES_SIMPLE_REPLACE_ALGUN\" data-word=\"algun\">alg\u00fan<\/span>\u00a0<span title=\"Se ha encontrado un posible error ortogr\u00e1fico.\" data-type=\"misspelling\" data-suggestions=\"[{&quot;value&quot;:&quot;pa\u00eds&quot;},{&quot;value&quot;:&quot;Par\u00eds&quot;},{&quot;value&quot;:&quot;payos&quot;},{&quot;value&quot;:&quot;vais&quot;},{&quot;value&quot;:&quot;dais&quot;},{&quot;value&quot;:&quot;paya&quot;},{&quot;value&quot;:&quot;payas&quot;}]\" data-rule=\"MORFOLOGIK_RULE_ES\" data-word=\"pais\">pa\u00eds<\/span>\u00a0<span title=\"Se ha encontrado un posible error ortogr\u00e1fico.\" data-type=\"misspelling\" data-suggestions=\"[{&quot;value&quot;:&quot;end\u00e9mico&quot;},{&quot;value&quot;:&quot;end\u00e9mica&quot;},{&quot;value&quot;:&quot;end\u00e9micos&quot;}]\" data-rule=\"MORFOLOGIK_RULE_ES\" data-word=\"endemico\">end\u00e9mico, o haber viajado en los 9 meses anteriores al viaje.<\/span><\/p>\t\t\t\t\t\t\t\t<\/div>\n\t\t\t\t<\/div>\n\t\t\t\t<div class=\"elementor-element elementor-element-c43d916 elementor-widget elementor-widget-heading\" data-id=\"c43d916\" data-element_type=\"widget\" data-e-type=\"widget\" data-widget_type=\"heading.default\">\n\t\t\t\t<div class=\"elementor-widget-container\">\n\t\t\t\t\t<h2 class=\"elementor-heading-title elementor-size-default\">5- \u00bfES UN PA\u00cdS SEGURO?<\/h2>\t\t\t\t<\/div>\n\t\t\t\t<\/div>\n\t\t\t\t<div class=\"elementor-element elementor-element-efe726c elementor-widget elementor-widget-text-editor\" data-id=\"efe726c\" data-element_type=\"widget\" data-e-type=\"widget\" data-widget_type=\"text-editor.default\">\n\t\t\t\t<div class=\"elementor-widget-container\">\n\t\t\t\t\t\t\t\t\t<p>La respuesta es <span style=\"color: #ff9900;\"><b>S\u00cd<\/b><\/span>. Pese a la serie de revueltas y atentados entre los los a\u00f1os 2011 &#8211; 2017, Egipto se gan\u00f3 la fama de ser un destino inseguro, pero desde hace a\u00f1os la situaci\u00f3n en el pa\u00eds a cambiado mucho. Actualmente<b> (2025)<\/b>, pese al conflicto actual cercano a sus frontera oriental entre Gaza e Israel, es un pa\u00eds totalmente seguro para viajar, tanto por libre como en viajes organizados. Todas las ciudades y monumentos de importancia tienen medidas de seguridad muy altas y el turismo, como principal fuente de ingreso, no solo est\u00e1 protegido por la polic\u00eda, sino por toda la sociedad en general. No obstante, como en cualquier otro destino, es necesario hacer uso del sentido com\u00fan para evitar cualquier situaci\u00f3n desagradable.<\/p>\t\t\t\t\t\t\t\t<\/div>\n\t\t\t\t<\/div>\n\t\t\t\t<div class=\"elementor-element elementor-element-d1cb03b elementor-widget elementor-widget-heading\" data-id=\"d1cb03b\" data-element_type=\"widget\" data-e-type=\"widget\" data-widget_type=\"heading.default\">\n\t\t\t\t<div class=\"elementor-widget-container\">\n\t\t\t\t\t<h2 class=\"elementor-heading-title elementor-size-default\">6- \u00bfCU\u00c1L ES LA MEJOR \u00c9POCA PARA IR? \u00bfQU\u00c9 CLIMA TIENE EGIPTO?<\/h2>\t\t\t\t<\/div>\n\t\t\t\t<\/div>\n\t\t\t\t<div class=\"elementor-element elementor-element-2e73f21 elementor-widget elementor-widget-text-editor\" data-id=\"2e73f21\" data-element_type=\"widget\" data-e-type=\"widget\" data-widget_type=\"text-editor.default\">\n\t\t\t\t<div class=\"elementor-widget-container\">\n\t\t\t\t\t\t\t\t\t<p><b>Egipto<\/b> es un pa\u00eds de clima des\u00e9rtico, con temperaturas elevadas durante todo el a\u00f1o, salvo en su costa donde el clima es mediterr\u00e1neo.\u00a0<\/p><p><strong><span style=\"color: #0000ff;\"><u>1- Temporada baja:<\/u><\/span><\/strong> <b>Julio y agosto<\/b>. Meses de calor extremo (28\u00baC-40\u00baC), poco turismo, precios m\u00e1s baratos.<\/p><p><strong><span style=\"color: #ff0000;\"><u>2- Temporada alta:<\/u> <\/span><\/strong><b>Octubre, noviembre, diciembre y enero<\/b>. Meses de menor calor (12\u00baC-22\u00baC), turismo elevado, precios m\u00e1s caros.<\/p><p><strong><span style=\"color: #99cc00;\"><u>3- Mejores meses:<\/u><\/span><\/strong> <b>Marzo, abril, mayo, septiembre, octubre y noviembre.<\/b>\u00a0Meses de calor no tan extremo (15\u00baC-28\u00baC), precios y turismo intermedio.<\/p><p><u>4- Mes m\u00e1s barato:<\/u><b> Febrero.<\/b> Menos calor y menos horas de luz respecto a julio y agosto.<\/p><p>*Durante los meses de <b>diciembre, enero y febrero,<\/b> las temperaturas en el interior del pa\u00eds pueden rondar los 20\u00baC por el d\u00eda, y los <b>10\u00baC por la noche.<\/b><\/p>\t\t\t\t\t\t\t\t<\/div>\n\t\t\t\t<\/div>\n\t\t\t\t<div class=\"elementor-element elementor-element-fe587b5 elementor-widget elementor-widget-heading\" data-id=\"fe587b5\" data-element_type=\"widget\" data-e-type=\"widget\" data-widget_type=\"heading.default\">\n\t\t\t\t<div class=\"elementor-widget-container\">\n\t\t\t\t\t<h2 class=\"elementor-heading-title elementor-size-default\">7- \u00bfC\u00d3MO MOVERSE?<\/h2>\t\t\t\t<\/div>\n\t\t\t\t<\/div>\n\t\t\t\t<div class=\"elementor-element elementor-element-711631f elementor-widget elementor-widget-text-editor\" data-id=\"711631f\" data-element_type=\"widget\" data-e-type=\"widget\" data-widget_type=\"text-editor.default\">\n\t\t\t\t<div class=\"elementor-widget-container\">\n\t\t\t\t\t\t\t\t\t<p style=\"font-size: 16px; font-style: normal; font-weight: 400; text-align: justify;\">Una de las grandes preguntas que nos surgen a todos cuando viajamos, es la forma en la que vamos a movernos y en que medio de transporte. En Egipto tenemos principalmente 4 opciones:<\/p>\n<ul>\n<li style=\"font-style: normal; text-align: justify;\"><span title=\"En una tipograf\u00eda cuidada, utilice el car\u00e1cter adecuado de guion largo (raya).\" data-type=\"grammar\" data-suggestions=\"[{&quot;value&quot;:&quot;\u2014&quot;}]\" data-rule=\"GUION_LARGO\" data-word=\"-\"><u><b>1-<\/b><b style=\"font-size: 16px;\">Autob\u00fas: <\/b><\/u>las principales compa\u00f1\u00edas son<a href=\"https:\/\/go-bus.com\/?lang=en\" target=\"_blank\" rel=\"noopener\"> Go bus<\/a>&nbsp;y&nbsp;<\/span><a style=\"font-size: 1rem;\" href=\"https:\/\/bluebus.com.eg\/\" target=\"_blank\" rel=\"noopener\">Bue Bus<\/a>, tienen conexi\u00f3n desde<b> El Cairo<\/b> con las ciudades principales (excepto Asu\u00e1n).<\/li>\n<li style=\"font-size: 16px; font-style: normal; text-align: justify;\"><span style=\"text-decoration-line: underline; font-weight: bold;\" title=\"En una tipograf\u00eda cuidada, utilice el car\u00e1cter adecuado de guion largo (raya).\" data-type=\"grammar\" data-suggestions=\"[{&quot;value&quot;:&quot;\u2014&quot;}]\" data-rule=\"GUION_LARGO\" data-word=\"-\">2-Tren:<\/span><span style=\"background-color: var(--ast-global-color-5); color: var(--ast-global-color-3); font-size: 1rem;\">&nbsp;Opci\u00f3n perfecta para trayectos intermedios.&nbsp;<\/span><\/li>\n<li style=\"font-size: 16px; font-style: normal; text-align: justify;\"><span title=\"En una tipograf\u00eda cuidada, utilice el car\u00e1cter adecuado de guion largo (raya).\" data-type=\"grammar\" data-suggestions=\"[{&quot;value&quot;:&quot;\u2014&quot;}]\" data-rule=\"GUION_LARGO\" data-word=\"-\"><u style=\"font-weight: bold;\">3\u2013Barco: <\/u>Una de las mejores opciones para conocer los encantos de Egipto,<a href=\"https:\/\/www.civitatis.com\/es\/luxor\/crucero-nilo-4-noches-luxor-asuan\/?srsltid=AfmBOorS7QGdTKVy_brwQb45QtfWa3Ac2wRHpMvJnXP3pttbVWp6kRCz\" target=\"_blank\"> es navegar las aguas del Nilo, generalmente Luxor-Asu\u00e1n<\/a>.&nbsp;<\/span><\/li>\n<li style=\"font-size: 16px; font-style: normal; text-align: justify;\"><span title=\"En una tipograf\u00eda cuidada, utilice el car\u00e1cter adecuado de guion largo (raya).\" data-type=\"grammar\" data-suggestions=\"[{&quot;value&quot;:&quot;\u2014&quot;}]\" data-rule=\"GUION_LARGO\" data-word=\"-\"><u style=\"font-weight: bold;\">4-Avi\u00f3n: <\/u>Opci\u00f3n m\u00e1s cara, pero tambi\u00e9n m\u00e1s r\u00e1pida. Todas las ciudades principales tienen aeropuerto.<\/span><\/li>\n<\/ul>\n<p>*Dentro de las ciudades puedes moverte en Taxi (tendr\u00e1s que negociar el precio) o Uber\/Careem (precio fijo). Al comienzo de mi viaje yo optaba por utilizar el taxi, pero despu\u00e9s de varias broncas por intentar \u00abenga\u00f1arme\u00bb me decante por la opci\u00f3n de Uber con la que no tuve ning\u00fan problema.<\/p>\t\t\t\t\t\t\t\t<\/div>\n\t\t\t\t<\/div>\n\t\t\t\t\t<\/div>\n\t\t<\/div>\n\t\t\t\t\t<\/div>\n\t\t<\/section>\n\t\t\t\t<\/div>\n\t\t","protected":false},"excerpt":{"rendered":"<p>PREPARATIVOS ANTES DEL VIAJE \u00bfQui\u00e9n no ha so\u00f1ado con viajar a Egipto? todo el mundo al menos una vez en su vida, lo ha hecho. Egipto no son solo sus pir\u00e1mides, es tambi\u00e9n un pa\u00eds con una historia fascinante, una cultura milenaria y un entorno dIgno de pel\u00edcula. En agosto 2022, me lanc\u00e9 a realizar [&hellip;]<\/p>\n","protected":false},"author":1,"featured_media":0,"parent":0,"menu_order":0,"comment_status":"closed","ping_status":"closed","template":"","meta":{"_uag_custom_page_level_css":"","site-sidebar-layout":"no-sidebar","site-content-layout":"page-builder","ast-site-content-layout":"default","site-content-style":"default","site-sidebar-style":"default","ast-global-header-display":"","ast-banner-title-visibility":"","ast-main-header-display":"","ast-hfb-above-header-display":"","ast-hfb-below-header-display":"","ast-hfb-mobile-header-display":"","site-post-title":"disabled","ast-breadcrumbs-content":"","ast-featured-img":"disabled","footer-sml-layout":"","ast-disable-related-posts":"","theme-transparent-header-meta":"","adv-header-id-meta":"","stick-header-meta":"","header-above-stick-meta":"","header-main-stick-meta":"","header-below-stick-meta":"","astra-migrate-meta-layouts":"default","ast-page-background-enabled":"default","ast-page-background-meta":{"desktop":{"background-color":"var(--ast-global-color-4)","background-image":"","background-repeat":"repeat","background-position":"center center","background-size":"auto","background-attachment":"scroll","background-type":"","background-media":"","overlay-type":"","overlay-color":"","overlay-opacity":"","overlay-gradient":""},"tablet":{"background-color":"","background-image":"","background-repeat":"repeat","background-position":"center center","background-size":"auto","background-attachment":"scroll","background-type":"","background-media":"","overlay-type":"","overlay-color":"","overlay-opacity":"","overlay-gradient":""},"mobile":{"background-color":"","background-image":"","background-repeat":"repeat","background-position":"center center","background-size":"auto","background-attachment":"scroll","background-type":"","background-media":"","overlay-type":"","overlay-color":"","overlay-opacity":"","overlay-gradient":""}},"ast-content-background-meta":{"desktop":{"background-color":"var(--ast-global-color-5)","background-image":"","background-repeat":"repeat","background-position":"center center","background-size":"auto","background-attachment":"scroll","background-type":"","background-media":"","overlay-type":"","overlay-color":"","overlay-opacity":"","overlay-gradient":""},"tablet":{"background-color":"var(--ast-global-color-5)","background-image":"","background-repeat":"repeat","background-position":"center center","background-size":"auto","background-attachment":"scroll","background-type":"","background-media":"","overlay-type":"","overlay-color":"","overlay-opacity":"","overlay-gradient":""},"mobile":{"background-color":"var(--ast-global-color-5)","background-image":"","background-repeat":"repeat","background-position":"center center","background-size":"auto","background-attachment":"scroll","background-type":"","background-media":"","overlay-type":"","overlay-color":"","overlay-opacity":"","overlay-gradient":""}},"footnotes":""},"class_list":["post-3698","page","type-page","status-publish","hentry"],"uagb_featured_image_src":{"full":false,"thumbnail":false,"medium":false,"medium_large":false,"large":false,"1536x1536":false,"2048x2048":false,"bm-post-thumb":false,"bm-post-medium":false},"uagb_author_info":{"display_name":"admin","author_link":"https:\/\/www.ebanoviajes.com\/index.php\/author\/admin\/"},"uagb_comment_info":0,"uagb_excerpt":"PREPARATIVOS ANTES DEL VIAJE \u00bfQui\u00e9n no ha so\u00f1ado con viajar a Egipto? todo el mundo al menos una vez en su vida, lo ha hecho. Egipto no son solo sus pir\u00e1mides, es tambi\u00e9n un pa\u00eds con una historia fascinante, una cultura milenaria y un entorno dIgno de pel\u00edcula. En agosto 2022, me lanc\u00e9 a realizar&hellip;","_links":{"self":[{"href":"https:\/\/www.ebanoviajes.com\/index.php\/wp-json\/wp\/v2\/pages\/3698","targetHints":{"allow":["GET"]}}],"collection":[{"href":"https:\/\/www.ebanoviajes.com\/index.php\/wp-json\/wp\/v2\/pages"}],"about":[{"href":"https:\/\/www.ebanoviajes.com\/index.php\/wp-json\/wp\/v2\/types\/page"}],"author":[{"embeddable":true,"href":"https:\/\/www.ebanoviajes.com\/index.php\/wp-json\/wp\/v2\/users\/1"}],"replies":[{"embeddable":true,"href":"https:\/\/www.ebanoviajes.com\/index.php\/wp-json\/wp\/v2\/comments?post=3698"}],"version-history":[{"count":37,"href":"https:\/\/www.ebanoviajes.com\/index.php\/wp-json\/wp\/v2\/pages\/3698\/revisions"}],"predecessor-version":[{"id":9999,"href":"https:\/\/www.ebanoviajes.com\/index.php\/wp-json\/wp\/v2\/pages\/3698\/revisions\/9999"}],"wp:attachment":[{"href":"https:\/\/www.ebanoviajes.com\/index.php\/wp-json\/wp\/v2\/media?parent=3698"}],"curies":[{"name":"wp","href":"https:\/\/api.w.org\/{rel}","templated":true}]}}