{"id":3538,"date":"2023-04-23T09:19:26","date_gmt":"2023-04-23T09:19:26","guid":{"rendered":"https:\/\/www.ebanoviajes.com\/?page_id=3538"},"modified":"2025-03-14T16:45:00","modified_gmt":"2025-03-14T16:45:00","slug":"itinerario-botsuana-10-dias","status":"publish","type":"page","link":"https:\/\/www.ebanoviajes.com\/index.php\/itinerario-botsuana-10-dias\/","title":{"rendered":"ITINERARIO BOTSUANA 10 D\u00cdAS"},"content":{"rendered":"\t\t<div data-elementor-type=\"wp-page\" data-elementor-id=\"3538\" class=\"elementor elementor-3538\">\n\t\t\t\t\t\t<section class=\"elementor-section elementor-top-section elementor-element elementor-element-cc8cd1a elementor-section-boxed elementor-section-height-default elementor-section-height-default\" data-id=\"cc8cd1a\" data-element_type=\"section\" data-e-type=\"section\" data-settings=\"{&quot;background_background&quot;:&quot;gradient&quot;}\">\n\t\t\t\t\t\t<div class=\"elementor-container elementor-column-gap-default\">\n\t\t\t\t\t<div class=\"elementor-column elementor-col-100 elementor-top-column elementor-element elementor-element-caf37f3\" data-id=\"caf37f3\" data-element_type=\"column\" data-e-type=\"column\" data-settings=\"{&quot;background_background&quot;:&quot;gradient&quot;}\">\n\t\t\t<div class=\"elementor-widget-wrap elementor-element-populated\">\n\t\t\t\t\t\t<div class=\"elementor-element elementor-element-868aa1b elementor-widget elementor-widget-heading\" data-id=\"868aa1b\" data-element_type=\"widget\" data-e-type=\"widget\" data-widget_type=\"heading.default\">\n\t\t\t\t<div class=\"elementor-widget-container\">\n\t\t\t\t\t<h2 class=\"elementor-heading-title elementor-size-default\"><u>ITINERARIOS<\/u><\/h2>\t\t\t\t<\/div>\n\t\t\t\t<\/div>\n\t\t\t\t<div class=\"elementor-element elementor-element-5cb465a elementor-widget elementor-widget-text-editor\" data-id=\"5cb465a\" data-element_type=\"widget\" data-e-type=\"widget\" data-widget_type=\"text-editor.default\">\n\t\t\t\t<div class=\"elementor-widget-container\">\n\t\t\t\t\t\t\t\t\t<p><span style=\"text-align: justify;\">*Antes de comenzar, quiero que sepas que este itinerario es solo una parte de un viaje de m\u00e1s de dos meses que hice desde noviembre 2022 hasta enero 2023. Mi periplo africano consisti\u00f3 en llegar hasta el coraz\u00f3n del continente, cruzando los siguientes pa\u00edses:&nbsp;<\/span><a href=\"https:\/\/www.ebanoviajes.com\/index.php\/surafrica\/\" target=\"_blank\" rel=\"noopener\">Sud\u00e1frica<\/a><span style=\"text-align: justify;\">,&nbsp;<\/span><a href=\"https:\/\/www.ebanoviajes.com\/index.php\/namibia\/\" target=\"_blank\" rel=\"noopener\">Namibia<\/a><span style=\"text-align: justify;\">, Botsuana,&nbsp;<\/span><a href=\"https:\/\/www.ebanoviajes.com\/index.php\/zambia\/\" target=\"_blank\" rel=\"noopener\">Zambia<\/a><span style=\"text-align: justify;\">,&nbsp;<\/span><a href=\"https:\/\/www.ebanoviajes.com\/index.php\/tanzania\/\" target=\"_blank\">Tanzania y<\/a><a href=\"https:\/\/www.ebanoviajes.com\/index.php\/kenia\/\" target=\"_blank\">&nbsp;Kenia<\/a><span style=\"text-align: justify;\">. Un viaje totalmente por libre, atravesando fronteras, llevando mi propio veh\u00edculo, durmiendo en tienda de campa\u00f1a dentro y fuera de los Parques Nacionales y realizando todo tipo de actividades extremas.<\/span><\/p>\t\t\t\t\t\t\t\t<\/div>\n\t\t\t\t<\/div>\n\t\t\t\t<div class=\"elementor-element elementor-element-d8b6e62 elementor-widget elementor-widget-heading\" data-id=\"d8b6e62\" data-element_type=\"widget\" data-e-type=\"widget\" data-widget_type=\"heading.default\">\n\t\t\t\t<div class=\"elementor-widget-container\">\n\t\t\t\t\t<h2 class=\"elementor-heading-title elementor-size-default\"><u>ITINERARIO 9 D\u00cdAS DESDE FRONTERA CON NAMIBIA.<\/u><\/h2>\t\t\t\t<\/div>\n\t\t\t\t<\/div>\n\t\t\t\t<div class=\"elementor-element elementor-element-0f3ad6c elementor-widget elementor-widget-text-editor\" data-id=\"0f3ad6c\" data-element_type=\"widget\" data-e-type=\"widget\" data-widget_type=\"text-editor.default\">\n\t\t\t\t<div class=\"elementor-widget-container\">\n\t\t\t\t\t\t\t\t\t<hr \/><p><u><b>D\u00cdA 1: <\/b><\/u>Llegada a Botsuana a trav\u00e9s de la frontera Mohembo Border (Namibia &#8211; Botsuana). Viaje hasta Maun (400km\/6h30&#8242;).<\/p><p><u><b>D\u00cdA 2:<\/b><\/u> Visita Maun y vuelo en helic\u00f3ptero en el<b>\u00a0delta del Okavango<\/b>.<\/p><p><u><b>D\u00cdA 3: <\/b><\/u>Safari en <b>Moremi National Park.<\/b><\/p><p><u><b>D\u00cdA 4:<\/b><\/u> Viaje Maun &#8211; Gweta (200km\/2h). Alojamiento y desconexi\u00f3n en Planet Baobab.<\/p><p><u><b>D\u00cdA 5:<\/b><\/u> D\u00eda de descanso en <b>Planet Baobab.<\/b><\/p><p><u><b>D\u00cdA 6:<\/b><\/u> Viaje Gweta &#8211; Kasane (400km\/6H). Visita al pueblo de Kasane.<\/p><p><u><b>D\u00cdA 7: <\/b><\/u>Safari terrestre en <b>Chobe National Park<\/b>.<\/p><p><u><b>D\u00cdA 8:<\/b><\/u> Safari en barca por r\u00edo Chobe.<\/p><p><u><b>D\u00cdA 9<\/b><\/u><u style=\"font-style: inherit; font-weight: inherit; background-color: transparent; color: var(--ast-global-color-3);\"><b>:<\/b><\/u><span style=\"font-style: inherit; font-weight: inherit; background-color: transparent; color: var(--ast-global-color-3);\"> Cruce Frontera <\/span><b style=\"font-style: inherit; background-color: transparent; color: var(--ast-global-color-3);\">Kazungula Bridge<\/b><span style=\"font-style: inherit; font-weight: inherit; background-color: transparent; color: var(--ast-global-color-3);\"> (Botsuana &#8211; Zambia).<\/span><\/p><p><span style=\"font-style: inherit; font-weight: inherit; background-color: transparent; color: var(--ast-global-color-3);\">\u00a0<\/span><\/p><p>*Este itinerario es el que realic\u00e9 para cruzar el pa\u00eds direcci\u00f3n\u00a0<a href=\"https:\/\/www.ebanoviajes.com\/index.php\/zambia\/\" target=\"_blank\" rel=\"noopener\">Zambia<\/a><b>,<\/b> por lo que si tu intenci\u00f3n es conocer solamente Botsuana, esta planificaci\u00f3n no es pr\u00e1ctica. Dada la cercan\u00eda de las <b>Cataratas Victoria<\/b> del pueblo de<b> Kasane<\/b>, es recomendable contemplar la posibilidad de introducir dicha visita. Aqu\u00ed tienes otra ruta alternativa de<b> 11 d\u00edas<\/b>, a la que habr\u00eda que sumar dos adicionales de vuelos.<\/p>\t\t\t\t\t\t\t\t<\/div>\n\t\t\t\t<\/div>\n\t\t\t\t<div class=\"elementor-element elementor-element-7bab48b elementor-widget elementor-widget-heading\" data-id=\"7bab48b\" data-element_type=\"widget\" data-e-type=\"widget\" data-widget_type=\"heading.default\">\n\t\t\t\t<div class=\"elementor-widget-container\">\n\t\t\t\t\t<h2 class=\"elementor-heading-title elementor-size-default\"><u>ITINERARIO RECOMENDADO: 8 D\u00cdAS BOTSUANA+ 3 D\u00cdAS CATARATAS VICTORIA, <\/u><u>ZAMBIA.<\/u><\/h2>\t\t\t\t<\/div>\n\t\t\t\t<\/div>\n\t\t\t\t<div class=\"elementor-element elementor-element-291ab88 elementor-widget elementor-widget-text-editor\" data-id=\"291ab88\" data-element_type=\"widget\" data-e-type=\"widget\" data-widget_type=\"text-editor.default\">\n\t\t\t\t<div class=\"elementor-widget-container\">\n\t\t\t\t\t\t\t\t\t<hr \/><p style=\"font-size: 16px; font-style: normal; font-weight: 400; text-align: justify;\"><u><span style=\"font-weight: bold;\">D\u00cdA 1:\u00a0<\/span><\/u>Llegada a Maun.\u00a0<\/p><p style=\"font-size: 16px; font-style: normal; font-weight: 400; text-align: justify;\"><u><span style=\"font-weight: bold;\">D\u00cdA 2:<\/span><\/u>\u00a0Visita Maun y vuelo en helic\u00f3ptero en el<span style=\"font-weight: bold;\">\u00a0Delta del Okavango<\/span>.<\/p><p style=\"font-size: 16px; font-style: normal; font-weight: 400; text-align: justify;\"><u><span style=\"font-weight: bold;\">D\u00cdA 3:\u00a0<\/span><\/u>Safari en\u00a0<span style=\"font-weight: bold;\">Moremi National Park.<\/span><\/p><p style=\"font-size: 16px; font-style: normal; font-weight: 400; text-align: justify;\"><u><span style=\"font-weight: bold;\">D\u00cdA 4:<\/span><\/u>\u00a0Safari en\u00a0<span style=\"font-weight: bold;\">Moremi National Park<\/span>.<\/p><p style=\"font-size: 16px; font-style: normal; font-weight: 400; text-align: justify;\"><u><span style=\"font-weight: bold;\">D\u00cdA 5:<\/span><\/u>\u00a0Viaje Maun &#8211; Gweta (200km\/2h). Alojamiento y desconexi\u00f3n en Planet Baobab.<\/p><p style=\"font-size: 16px; font-style: normal; font-weight: 400; text-align: justify;\"><u><span style=\"font-weight: bold;\">D\u00cdA 6:\u00a0<\/span><\/u><span style=\"background-color: transparent; color: var(--ast-global-color-3); font-size: 1rem;\">Viaje Gweta &#8211; Kasane (400km\/6H). Visita al pueblo de Kasane.<\/span><\/p><p style=\"font-size: 16px; font-style: normal; font-weight: 400; text-align: justify;\"><u><span style=\"font-weight: bold;\">D\u00cdA 7:<\/span><\/u>\u00a0<span style=\"background-color: transparent; color: var(--ast-global-color-3); font-size: 1rem;\">Safari terrestre y acu\u00e1tico en\u00a0<\/span><span style=\"background-color: transparent; color: var(--ast-global-color-3); font-size: 1rem; font-weight: bold;\">Chobe National Park<\/span><span style=\"background-color: transparent; color: var(--ast-global-color-3); font-size: 1rem;\">.<\/span><\/p><p style=\"font-size: 16px; font-style: normal; text-align: justify;\"><u><span style=\"font-weight: bold;\">D\u00cdA 8:<\/span> <\/u>Cruce de frontera <b>Kazungula Bridge <\/b>(Botsuana &#8211; Zambia). Viaje hasta <b>Livingstone<\/b> (75km\/1h)<\/p><p style=\"font-size: 16px; font-style: normal; text-align: justify;\"><span style=\"font-weight: 400;\"><u><span style=\"font-weight: bold;\">D\u00cdA 9:<\/span><\/u>\u00a0Visita <\/span><b>Cataratas Victoria<\/b>.<\/p><p style=\"font-size: 16px; font-style: normal; text-align: justify;\"><u><b>D\u00cdA 10: <\/b><\/u>Actividad en <b>Cataratas Victoria<\/b>: Rafting, Devil&#8217;s Pool, etc&#8230;<\/p><p style=\"font-size: 16px; font-style: normal; font-weight: 400; text-align: justify;\"><u><span style=\"font-weight: bold;\">D\u00cdA 11:<\/span><\/u>\u00a0Regreso a casa desde Kasane o Livingstone.<\/p><p style=\"font-size: 16px; font-style: normal; font-weight: 400; text-align: justify;\">\u00a0<\/p>\t\t\t\t\t\t\t\t<\/div>\n\t\t\t\t<\/div>\n\t\t\t\t\t<\/div>\n\t\t<\/div>\n\t\t\t\t\t<\/div>\n\t\t<\/section>\n\t\t\t\t<section class=\"elementor-section elementor-top-section elementor-element elementor-element-c8a1c5d elementor-section-boxed elementor-section-height-default elementor-section-height-default\" data-id=\"c8a1c5d\" data-element_type=\"section\" data-e-type=\"section\">\n\t\t\t\t\t\t<div class=\"elementor-container elementor-column-gap-default\">\n\t\t\t\t\t<div class=\"elementor-column elementor-col-100 elementor-top-column elementor-element elementor-element-45089be\" data-id=\"45089be\" data-element_type=\"column\" data-e-type=\"column\">\n\t\t\t<div class=\"elementor-widget-wrap elementor-element-populated\">\n\t\t\t\t\t\t<div class=\"elementor-element elementor-element-7978b89 elementor-widget elementor-widget-heading\" data-id=\"7978b89\" data-element_type=\"widget\" data-e-type=\"widget\" data-widget_type=\"heading.default\">\n\t\t\t\t<div class=\"elementor-widget-container\">\n\t\t\t\t\t<h2 class=\"elementor-heading-title elementor-size-default\">CUADERNO DE VIAJE<\/h2>\t\t\t\t<\/div>\n\t\t\t\t<\/div>\n\t\t\t\t<div class=\"elementor-element elementor-element-5b822d1 elementor-widget elementor-widget-text-editor\" data-id=\"5b822d1\" data-element_type=\"widget\" data-e-type=\"widget\" data-widget_type=\"text-editor.default\">\n\t\t\t\t<div class=\"elementor-widget-container\">\n\t\t\t\t\t\t\t\t\t<hr>\n<p>&#8211; <u><b>FECHAS DE VIAJE<\/b><\/u>: 28 Noviembre &#8211; 5 Diciembre 2022.<\/p>\n<p>&#8211; <u><b>TIPO DE VIAJE<\/b><\/u>: Grupo de 4 amigos, completamente por libre con veh\u00edculo propio.<\/p>\n<p>&#8211;<u><b> EMPRESA DE ALQUILER DE COCHE<\/b><\/u>:&nbsp;<a style=\"font-size: 1rem;\" href=\"https:\/\/aroundaboutcars.com\" target=\"_blank\" rel=\"noopener\">Around About Cars<\/a>. B<span style=\"text-align: justify; font-size: 1rem;\">uena opci\u00f3n si el objetivo de tu viaje es atravesar fronteras, ya que puedes recoge el veh\u00edculo en Sud\u00e1frica y dejarlo en cualquier sucursal de Namibia o Botsuana.<\/span><\/p>\n<p>&#8211; <u><b>ALOJAMIENTOS<\/b><\/u>:&nbsp;<\/p>\n<ul>\n<li><b>Maun<\/b>:&nbsp;<a href=\"https:\/\/africanbushlovers.com\" target=\"_blank\" rel=\"noopener\">African Bush Lovers<\/a>: camping econ\u00f3mico en el centro de la ciudad. Aparte de su genial ubicaci\u00f3n, cuenta con veh\u00edculos 4&#215;4 para hacer safaris. Nosotros contratamos sus servicios y la verdad que los recomendamos enormemente.&nbsp;<\/li>\n<li><b>Gweta<\/b>:&nbsp;<a href=\"https:\/\/planetbaobab.travel\" target=\"_blank\" rel=\"noopener\">Planet Baobab<\/a>: incre\u00edble alojamiento rodeado de enormes Baobabs. Cuenta con zona de camping, piscina y un buen restaurante. Muy recomendable, ideal para desconectar de los duros y largos safaris.&nbsp;<\/li>\n<li><b style=\"font-style: inherit;\">Kasane<\/b><span style=\"font-style: inherit;\">:&nbsp;<\/span><a href=\"https:\/\/www.booking.com\/hotel\/bw\/elephant-trail-guesthouse.es.html?label=metagha-link-LUES-hotel-3789661_dev-desktop_los-1_bw-4_dow-Monday_defdate-1_room-0_gstadt-2_rateid-public_aud-7379979543_gacid-21404702604_mcid-10_ppa-0_clrid-0_ad-1_gstkid-0_checkin-20250310_ppt-Ce_lp-2724_r-14669946488932088334&amp;sid=6d0c1723fa8eb6f7866e8ee9fbb41a76&amp;aid=356935&amp;ucfs=1&amp;checkin=2025-03-10&amp;checkout=2025-03-11&amp;dest_id=-1397470&amp;dest_type=city&amp;group_adults=2&amp;no_rooms=1&amp;group_children=0&amp;srpvid=a8c8715df11e014f&amp;srepoch=1741277258&amp;matching_block_id=200153117_386472855_2_42_0&amp;atlas_src=sr_iw_title\" target=\"_blank\" rel=\"noopener\" style=\"font-style: inherit;\">Elephant Trail Guesthouse<\/a><span style=\"font-style: inherit;\">: buena opci\u00f3n para alojarse en Kasane. <\/span>Proporcionan diferentes tipos de safari en el cercano Chobe National Park.&nbsp;<\/li>\n<li><b>Livingstone<\/b>:&nbsp;<a href=\"https:\/\/www.booking.com\/hotel\/zm\/fawlty-towers-backpackers.es.html?aid=356935&amp;label=metagha-link-LUES-hotel-3789661_dev-desktop_los-1_bw-4_dow-Monday_defdate-1_room-0_gstadt-2_rateid-public_aud-7379979543_gacid-21404702604_mcid-10_ppa-0_clrid-0_ad-1_gstkid-0_checkin-20250310_ppt-Ce_lp-2724_r-14669946488932088334&amp;sid=6d0c1723fa8eb6f7866e8ee9fbb41a76&amp;all_sr_blocks=378966108_120672003_2_41_0&amp;checkin=2025-03-10&amp;checkout=2025-03-11&amp;dest_id=3789661&amp;dest_type=hotel&amp;dist=0&amp;group_adults=2&amp;group_children=0&amp;hapos=1&amp;highlighted_blocks=378966108_120672003_2_41_0&amp;hpos=1&amp;matching_block_id=378966108_120672003_2_41_0&amp;no_rooms=1&amp;req_adults=2&amp;req_children=0&amp;room1=A%2CA&amp;sb_price_type=total&amp;sr_order=popularity&amp;sr_pri_blocks=378966108_120672003_2_41_0__4680&amp;srepoch=1741277171&amp;srpvid=c804713557c800a5&amp;type=total&amp;ucfs=1&amp;\" target=\"_blank\" rel=\"noopener\">Fawlty Towers Accommodation &amp; Activities<\/a>: buen alojamiento ubicado en el centro de Livingstone. Cuenta con una buena piscina y proporcionan un buen numero de actividades para hacer en las Cataratas Victoria y en el Zambeze.<\/li>\n<\/ul>\t\t\t\t\t\t\t\t<\/div>\n\t\t\t\t<\/div>\n\t\t\t\t\t<\/div>\n\t\t<\/div>\n\t\t\t\t\t<\/div>\n\t\t<\/section>\n\t\t\t\t<section class=\"elementor-section elementor-top-section elementor-element elementor-element-346cc35 elementor-section-boxed elementor-section-height-default elementor-section-height-default\" data-id=\"346cc35\" data-element_type=\"section\" data-e-type=\"section\">\n\t\t\t\t\t\t<div class=\"elementor-container elementor-column-gap-default\">\n\t\t\t\t\t<div class=\"elementor-column elementor-col-100 elementor-top-column elementor-element elementor-element-724aa07\" data-id=\"724aa07\" data-element_type=\"column\" data-e-type=\"column\">\n\t\t\t<div class=\"elementor-widget-wrap elementor-element-populated\">\n\t\t\t\t\t\t<div class=\"elementor-element elementor-element-2f12d61 elementor-widget elementor-widget-heading\" data-id=\"2f12d61\" data-element_type=\"widget\" data-e-type=\"widget\" data-widget_type=\"heading.default\">\n\t\t\t\t<div class=\"elementor-widget-container\">\n\t\t\t\t\t<h2 class=\"elementor-heading-title elementor-size-default\">PRESUPUESTO BOTUSUANA + CATARATAS VICTORIA<\/h2>\t\t\t\t<\/div>\n\t\t\t\t<\/div>\n\t\t\t\t<div class=\"elementor-element elementor-element-3dd279b elementor-widget elementor-widget-text-editor\" data-id=\"3dd279b\" data-element_type=\"widget\" data-e-type=\"widget\" data-widget_type=\"text-editor.default\">\n\t\t\t\t<div class=\"elementor-widget-container\">\n\t\t\t\t\t\t\t\t\t<p>&#8211; <u><b>VUELO:<\/b><\/u> desde <span style=\"color: #ff0000;\">550\u20ac<\/span><\/p><p>&#8211; <u><b>SEGURO<\/b><\/u>: <span style=\"color: #ff0000;\">35\u20ac<\/span><\/p><p>&#8211; <u><b>COCHE<\/b><\/u>: 405\u20ac \/<span style=\"color: #ff0000;\">101\u20ac<\/span> persona por 9 d\u00edas de alquiler (Solo Botsuana)<\/p><p>&#8211; <u><b>ALOJAMIENTO<\/b><\/u>: <span style=\"color: #ff0000;\">170\u20ac<\/span><\/p><p>&#8211; <u><b>ACTIVIDADES<\/b><\/u>: <span style=\"color: #ff0000;\">700\u20ac<\/span><\/p><ul><li>Safari Moremi National Park: 75\u20ac<\/li><li>Vuelo Helic\u00f3ptero Okavango: 265\u20ac<\/li><li>Safari Chobe National Park: 90\u20ac<\/li><li>Entrada Cataratas Victoria: 60\u20ac<\/li><li>Devil&#8217;s Pool: 90\u20ac<\/li><li>Rafting Zambeze: 120\u20ac<\/li><\/ul><p>&#8211; <u><b>OTROS GASTOS<\/b><\/u>: <span style=\"color: #ff0000;\">444\u20ac<\/span><\/p><ul><li>Comida y bebida: 225\u20ac<\/li><li>Gasolina: 150\u20ac \/ 40\u20ac por persona.\u00a0<\/li><li>Visado Zambia: 25\u20ac<\/li><li>Sim: 14\u20ac<\/li><li>Transporte Kasane &#8211; Livingstone: 30\u20ac<\/li><\/ul><div><strong><span style=\"color: #ff0000;\"><u>* PRESUPUESTO TOTAL APROXIMADO 2000\u20ac GRUPO DE 4 PERSONAS.\u00a0<\/u><\/span><\/strong><\/div>\t\t\t\t\t\t\t\t<\/div>\n\t\t\t\t<\/div>\n\t\t\t\t\t<\/div>\n\t\t<\/div>\n\t\t\t\t\t<\/div>\n\t\t<\/section>\n\t\t\t\t<section class=\"elementor-section elementor-top-section elementor-element elementor-element-93a7cf9 elementor-section-boxed elementor-section-height-default elementor-section-height-default\" data-id=\"93a7cf9\" data-element_type=\"section\" data-e-type=\"section\">\n\t\t\t\t\t\t<div class=\"elementor-container elementor-column-gap-default\">\n\t\t\t\t\t<div class=\"elementor-column elementor-col-100 elementor-top-column elementor-element elementor-element-211522b\" data-id=\"211522b\" data-element_type=\"column\" data-e-type=\"column\">\n\t\t\t<div class=\"elementor-widget-wrap elementor-element-populated\">\n\t\t\t\t\t\t<div class=\"elementor-element elementor-element-439bd66 elementor-widget elementor-widget-heading\" data-id=\"439bd66\" data-element_type=\"widget\" data-e-type=\"widget\" data-widget_type=\"heading.default\">\n\t\t\t\t<div class=\"elementor-widget-container\">\n\t\t\t\t\t<h2 class=\"elementor-heading-title elementor-size-default\">LA RUTA<\/h2>\t\t\t\t<\/div>\n\t\t\t\t<\/div>\n\t\t\t\t\t<\/div>\n\t\t<\/div>\n\t\t\t\t\t<\/div>\n\t\t<\/section>\n\t\t\t\t<section class=\"elementor-section elementor-top-section elementor-element elementor-element-d453fc3 elementor-section-boxed elementor-section-height-default elementor-section-height-default\" data-id=\"d453fc3\" data-element_type=\"section\" data-e-type=\"section\">\n\t\t\t\t\t\t<div class=\"elementor-container elementor-column-gap-default\">\n\t\t\t\t\t<div class=\"elementor-column elementor-col-100 elementor-top-column elementor-element elementor-element-1c0bd31\" data-id=\"1c0bd31\" data-element_type=\"column\" data-e-type=\"column\">\n\t\t\t<div class=\"elementor-widget-wrap elementor-element-populated\">\n\t\t\t\t\t\t<div class=\"elementor-element elementor-element-906d640 elementor-widget elementor-widget-html\" data-id=\"906d640\" data-element_type=\"widget\" data-e-type=\"widget\" data-widget_type=\"html.default\">\n\t\t\t\t<div class=\"elementor-widget-container\">\n\t\t\t\t\t<iframe src=\"https:\/\/www.google.com\/maps\/d\/embed?mid=1l-OBTIRJojJCJYJKketsPu-DYNwi7uA&ehbc=2E312F\" width=\"640\" height=\"480\"><\/iframe>\t\t\t\t<\/div>\n\t\t\t\t<\/div>\n\t\t\t\t\t<\/div>\n\t\t<\/div>\n\t\t\t\t\t<\/div>\n\t\t<\/section>\n\t\t\t\t<\/div>\n\t\t","protected":false},"excerpt":{"rendered":"<p>ITINERARIOS *Antes de comenzar, quiero que sepas que este itinerario es solo una parte de un viaje de m\u00e1s de dos meses que hice desde noviembre 2022 hasta enero 2023. Mi periplo africano consisti\u00f3 en llegar hasta el coraz\u00f3n del continente, cruzando los siguientes pa\u00edses:&nbsp;Sud\u00e1frica,&nbsp;Namibia, Botsuana,&nbsp;Zambia,&nbsp;Tanzania y&nbsp;Kenia. Un viaje totalmente por libre, atravesando fronteras, llevando [&hellip;]<\/p>\n","protected":false},"author":1,"featured_media":0,"parent":0,"menu_order":0,"comment_status":"closed","ping_status":"closed","template":"","meta":{"_uag_custom_page_level_css":"","site-sidebar-layout":"no-sidebar","site-content-layout":"page-builder","ast-site-content-layout":"default","site-content-style":"default","site-sidebar-style":"default","ast-global-header-display":"","ast-banner-title-visibility":"","ast-main-header-display":"","ast-hfb-above-header-display":"","ast-hfb-below-header-display":"","ast-hfb-mobile-header-display":"","site-post-title":"disabled","ast-breadcrumbs-content":"","ast-featured-img":"disabled","footer-sml-layout":"","ast-disable-related-posts":"","theme-transparent-header-meta":"","adv-header-id-meta":"","stick-header-meta":"","header-above-stick-meta":"","header-main-stick-meta":"","header-below-stick-meta":"","astra-migrate-meta-layouts":"default","ast-page-background-enabled":"default","ast-page-background-meta":{"desktop":{"background-color":"var(--ast-global-color-4)","background-image":"","background-repeat":"repeat","background-position":"center center","background-size":"auto","background-attachment":"scroll","background-type":"","background-media":"","overlay-type":"","overlay-color":"","overlay-opacity":"","overlay-gradient":""},"tablet":{"background-color":"","background-image":"","background-repeat":"repeat","background-position":"center center","background-size":"auto","background-attachment":"scroll","background-type":"","background-media":"","overlay-type":"","overlay-color":"","overlay-opacity":"","overlay-gradient":""},"mobile":{"background-color":"","background-image":"","background-repeat":"repeat","background-position":"center center","background-size":"auto","background-attachment":"scroll","background-type":"","background-media":"","overlay-type":"","overlay-color":"","overlay-opacity":"","overlay-gradient":""}},"ast-content-background-meta":{"desktop":{"background-color":"var(--ast-global-color-5)","background-image":"","background-repeat":"repeat","background-position":"center center","background-size":"auto","background-attachment":"scroll","background-type":"","background-media":"","overlay-type":"","overlay-color":"","overlay-opacity":"","overlay-gradient":""},"tablet":{"background-color":"var(--ast-global-color-5)","background-image":"","background-repeat":"repeat","background-position":"center center","background-size":"auto","background-attachment":"scroll","background-type":"","background-media":"","overlay-type":"","overlay-color":"","overlay-opacity":"","overlay-gradient":""},"mobile":{"background-color":"var(--ast-global-color-5)","background-image":"","background-repeat":"repeat","background-position":"center center","background-size":"auto","background-attachment":"scroll","background-type":"","background-media":"","overlay-type":"","overlay-color":"","overlay-opacity":"","overlay-gradient":""}},"footnotes":""},"class_list":["post-3538","page","type-page","status-publish","hentry"],"uagb_featured_image_src":{"full":false,"thumbnail":false,"medium":false,"medium_large":false,"large":false,"1536x1536":false,"2048x2048":false,"bm-post-thumb":false,"bm-post-medium":false},"uagb_author_info":{"display_name":"admin","author_link":"https:\/\/www.ebanoviajes.com\/index.php\/author\/admin\/"},"uagb_comment_info":0,"uagb_excerpt":"ITINERARIOS *Antes de comenzar, quiero que sepas que este itinerario es solo una parte de un viaje de m\u00e1s de dos meses que hice desde noviembre 2022 hasta enero 2023. Mi periplo africano consisti\u00f3 en llegar hasta el coraz\u00f3n del continente, cruzando los siguientes pa\u00edses:&nbsp;Sud\u00e1frica,&nbsp;Namibia, Botsuana,&nbsp;Zambia,&nbsp;Tanzania y&nbsp;Kenia. Un viaje totalmente por libre, atravesando fronteras, llevando&hellip;","_links":{"self":[{"href":"https:\/\/www.ebanoviajes.com\/index.php\/wp-json\/wp\/v2\/pages\/3538","targetHints":{"allow":["GET"]}}],"collection":[{"href":"https:\/\/www.ebanoviajes.com\/index.php\/wp-json\/wp\/v2\/pages"}],"about":[{"href":"https:\/\/www.ebanoviajes.com\/index.php\/wp-json\/wp\/v2\/types\/page"}],"author":[{"embeddable":true,"href":"https:\/\/www.ebanoviajes.com\/index.php\/wp-json\/wp\/v2\/users\/1"}],"replies":[{"embeddable":true,"href":"https:\/\/www.ebanoviajes.com\/index.php\/wp-json\/wp\/v2\/comments?post=3538"}],"version-history":[{"count":49,"href":"https:\/\/www.ebanoviajes.com\/index.php\/wp-json\/wp\/v2\/pages\/3538\/revisions"}],"predecessor-version":[{"id":8961,"href":"https:\/\/www.ebanoviajes.com\/index.php\/wp-json\/wp\/v2\/pages\/3538\/revisions\/8961"}],"wp:attachment":[{"href":"https:\/\/www.ebanoviajes.com\/index.php\/wp-json\/wp\/v2\/media?parent=3538"}],"curies":[{"name":"wp","href":"https:\/\/api.w.org\/{rel}","templated":true}]}}