{"id":3208,"date":"2023-04-15T14:42:32","date_gmt":"2023-04-15T14:42:32","guid":{"rendered":"https:\/\/www.ebanoviajes.com\/?page_id=3208"},"modified":"2025-03-01T19:53:21","modified_gmt":"2025-03-01T19:53:21","slug":"itinerario-uganda","status":"publish","type":"page","link":"https:\/\/www.ebanoviajes.com\/index.php\/itinerario-uganda\/","title":{"rendered":"Itinerario Uganda."},"content":{"rendered":"\t\t<div data-elementor-type=\"wp-page\" data-elementor-id=\"3208\" class=\"elementor elementor-3208\">\n\t\t\t\t\t\t<section class=\"elementor-section elementor-top-section elementor-element elementor-element-fe318c6 elementor-section-boxed elementor-section-height-default elementor-section-height-default\" data-id=\"fe318c6\" data-element_type=\"section\" data-e-type=\"section\">\n\t\t\t\t\t\t<div class=\"elementor-container elementor-column-gap-default\">\n\t\t\t\t\t<div class=\"elementor-column elementor-col-100 elementor-top-column elementor-element elementor-element-365de80\" data-id=\"365de80\" data-element_type=\"column\" data-e-type=\"column\" data-settings=\"{&quot;background_background&quot;:&quot;gradient&quot;}\">\n\t\t\t<div class=\"elementor-widget-wrap elementor-element-populated\">\n\t\t\t\t\t\t<div class=\"elementor-element elementor-element-e40bf55 elementor-widget elementor-widget-heading\" data-id=\"e40bf55\" data-element_type=\"widget\" data-e-type=\"widget\" data-widget_type=\"heading.default\">\n\t\t\t\t<div class=\"elementor-widget-container\">\n\t\t\t\t\t<h2 class=\"elementor-heading-title elementor-size-default\"><a href=\"#dia1\"><u>ITINERARIO 11 D\u00cdAS<\/u><\/a><\/h2>\t\t\t\t<\/div>\n\t\t\t\t<\/div>\n\t\t\t\t<div class=\"elementor-element elementor-element-44ae163 elementor-widget elementor-widget-text-editor\" data-id=\"44ae163\" data-element_type=\"widget\" data-e-type=\"widget\" data-widget_type=\"text-editor.default\">\n\t\t\t\t<div class=\"elementor-widget-container\">\n\t\t\t\t\t\t\t\t\t<hr \/><p><u><b style=\"font-style: inherit;\">&#8211;<\/b> <b>D\u00cdA 1:\u00a0<\/b><\/u><span style=\"font-style: inherit;\">Llegada a Entebbe y viaje a Murchinson Falls National Park. Visita santuario <b>Rino<\/b> <b>Zhiwa<\/b>.\u00a0<\/span><\/p><p><b style=\"text-decoration: underline;\">&#8211; D\u00cdA 2:<\/b><b> <\/b>Safari en <b>Murchinson Falls N.P<\/b> y viaje en barco por el Nilo hasta las Cataratas Murchinson.<\/p><p><u><b>&#8211; D\u00cdA 3:<\/b><\/u>\u00a0Viaje Murchinson N.P &#8211;<b> Kibale N.P.<\/b> De camino parada en Fort Portal.<\/p><p><u style=\"font-weight: bold;\">&#8211; D\u00cdA 4:<\/u> Trekking <b>Chimpanc\u00e9s<\/b> y viaje a<b> Queen Elisabeth National Park<\/b>.<\/p><p><b><u>&#8211; D\u00cdA 5:<\/u> <\/b>Safari en <b>Queen Elisabeth National Park<\/b> y safari en bote por <b>Kazinga Chanel<\/b> .<\/p><p><u style=\"font-weight: bold;\">&#8211; D\u00cdA 6:<\/u> Viaje a <b>Bwindi Impenetrable Forest N.P<\/b>. De camino Safari en Isasha.<\/p><p><b><u>&#8211; D\u00cdA 7:<\/u> <\/b>Trekking <b>gorilas<\/b> de la monta\u00f1a en Bwindi (Buhoma Sector)<\/p><p><u><b>&#8211; D\u00cdA 8:<\/b><\/u> Viaje Bwindi a <b>Lake Mburo National Park<\/b>.<\/p><p><u><b>&#8211; D\u00cdA 9:<\/b><\/u> Safari en Lake Mburo National Park.<\/p><p><u><b>&#8211; D\u00cdA 10:<\/b><\/u> Viaje de regreso a <b>Entebbe<\/b>.<\/p><p><u><b>&#8211; D\u00cdA 11:<\/b><\/u>\u00a0Visita Entebbe y regreso a Madrid.<\/p>\t\t\t\t\t\t\t\t<\/div>\n\t\t\t\t<\/div>\n\t\t\t\t\t<\/div>\n\t\t<\/div>\n\t\t\t\t\t<\/div>\n\t\t<\/section>\n\t\t\t\t<section class=\"elementor-section elementor-top-section elementor-element elementor-element-a20213d elementor-section-boxed elementor-section-height-default elementor-section-height-default\" data-id=\"a20213d\" data-element_type=\"section\" data-e-type=\"section\">\n\t\t\t\t\t\t<div class=\"elementor-container elementor-column-gap-default\">\n\t\t\t\t\t<div class=\"elementor-column elementor-col-100 elementor-top-column elementor-element elementor-element-fa38a06\" data-id=\"fa38a06\" data-element_type=\"column\" data-e-type=\"column\" data-settings=\"{&quot;background_background&quot;:&quot;gradient&quot;}\">\n\t\t\t<div class=\"elementor-widget-wrap elementor-element-populated\">\n\t\t\t\t\t\t<div class=\"elementor-element elementor-element-be92a4d elementor-widget elementor-widget-heading\" data-id=\"be92a4d\" data-element_type=\"widget\" data-e-type=\"widget\" data-widget_type=\"heading.default\">\n\t\t\t\t<div class=\"elementor-widget-container\">\n\t\t\t\t\t<h2 class=\"elementor-heading-title elementor-size-default\">ALOJAMIENTOS Y EMPRESA DE ALQUILER DE VEH\u00cdCULO<\/h2>\t\t\t\t<\/div>\n\t\t\t\t<\/div>\n\t\t\t\t<div class=\"elementor-element elementor-element-6c81613 elementor-widget elementor-widget-text-editor\" data-id=\"6c81613\" data-element_type=\"widget\" data-e-type=\"widget\" data-widget_type=\"text-editor.default\">\n\t\t\t\t<div class=\"elementor-widget-container\">\n\t\t\t\t\t\t\t\t\t<hr \/><hr \/><p><b>&#8211; <u>FECHA DE VIAJE:<\/u><\/b> 9 Diciembre &#8211; 21 Diciembre 2024.<\/p><p><b style=\"font-style: inherit;\">&#8211; <u>TIPO DE VIAJE:<\/u><\/b><span style=\"font-style: inherit;\"> En pareja, completamente por libre y con coche de alquiler 4&#215;4 sin <\/span><i>driver <\/i>(EMPRESA:\u00a0<a href=\"https:\/\/www.selfdriveuganda.com\" target=\"_blank\" rel=\"noopener\">SELFDRIVE UGANDA<\/a>)\u00a0<\/p><p><span style=\"font-style: inherit;\"><b>&#8211; <u>ALOJAMIENTOS<\/u><\/b><\/span><span style=\"font-style: inherit;\">: En el 70% del viaje acampamos en campings privados con nuestra propia tienda de campa\u00f1a en el suelo (15\u20ac la noche 2 personas), aprovechando as\u00ed los espacios comunes y las instalaciones de los alojamientos (restaurante, ba\u00f1os, etc). Resto de alojamientos: gama media (35\u20ac la noche 2 personas):<\/span><\/p><ul><li style=\"list-style-type: none;\"><ul><li><u><b>Entebbe<\/b><\/u>:\u00a0<a href=\"https:\/\/www.booking.com\/hotel\/ug\/viavia-guesthouse-entebbe.es.html?aid=2311236&amp;label=es-es-booking-desktop-onknyt5TBrS8m9RnGd%2A6fgS652829001115%3Apl%3Ata%3Ap1%3Ap2%3Aac%3Aap%3Aneg%3Afi%3Atikwd-65526620%3Alp1005493%3Ali%3Adec%3Adm&amp;sid=e99babcb3fd94e3bef11c886501869df&amp;all_sr_blocks=212269208_400208818_2_1_0%2C212269208_400208818_2_1_0&amp;checkin=2025-04-26&amp;checkout=2025-04-27&amp;dest_id=-1727789&amp;dest_type=city&amp;dist=0&amp;group_adults=4&amp;group_children=0&amp;hapos=1&amp;highlighted_blocks=212269208_400208818_2_1_0%2C212269208_400208818_2_1_0&amp;hpos=1&amp;matching_block_id=212269208_400208818_2_1_0&amp;no_rooms=2&amp;req_adults=4&amp;req_children=0&amp;room1=A%2CA&amp;room2=A%2CA&amp;sb_price_type=total&amp;sr_order=popularity&amp;sr_pri_blocks=212269208_400208818_2_1_0__7650%2C212269208_400208818_2_1_0__7650&amp;srepoch=1737218325&amp;srpvid=7ed97508423407a4&amp;type=total&amp;ucfs=1&amp;\" target=\"_blank\" rel=\"noopener\">ViaVia Hotel<\/a><a style=\"font-size: 1rem;\" href=\"https:\/\/www.booking.com\/hotel\/ug\/viavia-guesthouse-entebbe.es.html?label=es-es-booking-desktop-onknyt5TBrS8m9RnGd*6fgS652829001115%3Apl%3Ata%3Ap1%3Ap2%3Aac%3Aap%3Aneg%3Afi%3Atikwd-65526620%3Alp1005493%3Ali%3Adec%3Adm&amp;sid=e99babcb3fd94e3bef11c886501869df&amp;aid=2311236\" target=\"_blank\" rel=\"noopener\">\u00a0<\/a>: Ubicado a unos 5km del aeropuerto. El restaurante es incre\u00edble, comida super rica, variada y cerveza fr\u00eda. Habitaciones sencillas y limpias. El alojamiento cuenta con piscina y dos peque\u00f1os lagos ideales para el avistamiento de aves.<\/li><li><u style=\"font-weight: bold;\">Murchinson Falls National Park:<\/u>\u00a0<a style=\"font-size: 1rem;\" href=\"https:\/\/www.booking.com\/hotel\/ug\/red-chilli-rest-camp.es.html?aid=2311236&amp;label=es-es-booking-desktop-onknyt5TBrS8m9RnGd%2A6fgS652829001115%3Apl%3Ata%3Ap1%3Ap2%3Aac%3Aap%3Aneg%3Afi%3Atikwd-65526620%3Alp1005493%3Ali%3Adec%3Adm&amp;sid=e99babcb3fd94e3bef11c886501869df&amp;all_sr_blocks=677399405_379785668_2_0_0&amp;checkin=2025-01-10&amp;checkout=2025-01-11&amp;dest_id=6773994&amp;dest_type=hotel&amp;dist=0&amp;group_adults=2&amp;group_children=0&amp;hapos=1&amp;highlighted_blocks=677399405_379785668_2_0_0&amp;hpos=1&amp;matching_block_id=677399405_379785668_2_0_0&amp;no_rooms=1&amp;req_adults=2&amp;req_children=0&amp;room1=A%2CA&amp;sb_price_type=total&amp;sr_order=popularity&amp;sr_pri_blocks=677399405_379785668_2_0_0__4200&amp;srepoch=1736523154&amp;srpvid=4f706d4753eb0190&amp;type=total&amp;ucfs=1&amp;\" target=\"_blank\" rel=\"noopener\">Red Chilly Rest Camp<\/a>: Ubicado en el centro del Parque Nacional, pegado al R\u00edo Nilo y a unos 10 minutos de la principal zona de safaris (Paraa). Buenas zonas comunes para acampar y buen restaurante. Durante la noche se puede ver hipop\u00f3tamos pastando por el campamento. En la p\u00e1gina de Booking no vas a encontrar la opci\u00f3n de reservar tu \u00abparcela\u00bb para acampar. Si estas interesado, ponte en contacto por WhatsApp directamente con ellos: +256 772709151.<\/li><li><u><b>Kibale National Park<\/b><\/u>:\u00a0<a href=\"https:\/\/www.booking.com\/hotel\/ug\/isunga-lodge.es.html?aid=2311236&amp;label=es-es-booking-desktop-onknyt5TBrS8m9RnGd%2A6fgS652829001115%3Apl%3Ata%3Ap1%3Ap2%3Aac%3Aap%3Aneg%3Afi%3Atikwd-65526620%3Alp1005493%3Ali%3Adec%3Adm&amp;sid=e99babcb3fd94e3bef11c886501869df&amp;age=0&amp;checkin=2025-01-10&amp;checkout=2025-01-11&amp;dest_id=2107956&amp;dest_type=hotel&amp;dist=0&amp;group_adults=2&amp;group_children=1&amp;hapos=1&amp;hpos=1&amp;no_rooms=1&amp;req_adults=2&amp;req_age=0&amp;req_children=1&amp;room1=A%2CA%2C0&amp;sb_price_type=total&amp;soh=1&amp;sr_order=popularity&amp;srepoch=1736523765&amp;srpvid=9fc26e78bc480654&amp;type=total&amp;ucfs=1&amp;#no_availability_msg\" target=\"_blank\" rel=\"noopener\">Isunga Lodge<\/a>: Ubicado a unos 20 minutos del centro de visitantes del trekking de los chimpanc\u00e9s. Sin duda alguna el mejor alojamiento de todo el viaje. Caba\u00f1as preciosas en un entorno de ensue\u00f1o. El restaurante, las vistas al Parque Nacional y la piscina hacen de este alojamiento un capricho que merece la pena pagar.\u00a0<\/li><li><b><u>Queen Elizabeth National Park<\/u>:<\/b>\u00a0<a href=\"https:\/\/www.booking.com\/hotel\/ug\/engiri-game-lodge-and-campsite.es.html?aid=318615&amp;label=New_English_EN_ES_21457893385-TTKU5WNpzZlV3nreO8zMBgS640819029771%3Apl%3Ata%3Ap1%3Ap2%3Aac%3Aap%3Aneg&amp;sid=e99babcb3fd94e3bef11c886501869df&amp;age=0&amp;all_sr_blocks=193893506_94079632_2_21_549755813888&amp;checkin=2025-01-10&amp;checkout=2025-01-11&amp;dest_id=-1729523&amp;dest_type=city&amp;dist=0&amp;group_adults=2&amp;group_children=1&amp;hapos=1&amp;highlighted_blocks=193893506_94079632_2_21_549755813888&amp;hpos=1&amp;matching_block_id=193893506_94079632_2_21_549755813888&amp;no_rooms=1&amp;req_adults=2&amp;req_age=0&amp;req_children=1&amp;room1=A%2CA%2C0&amp;sb_price_type=total&amp;sr_order=popularity&amp;sr_pri_blocks=193893506_94079632_2_21_549755813888__9450&amp;srepoch=1736524083&amp;srpvid=90126f1159930719&amp;type=total&amp;ucfs=1&amp;\" target=\"_blank\" rel=\"noopener\">Engiri Rest Camp<\/a>: Ubicado en el interior del Parque Nacional. Buenas zonas para acampar (te ofrecen zonas techadas sin coste adicional). Un alojamiento sencillo, sin embargo, su mayor punto fuerte es el personal y la comida del restaurante.\u00a0<span style=\"font-size: 1rem;\">\u00a0<\/span><span style=\"font-size: 1rem;\">En la p\u00e1gina de Booking no vas a encontrar la opci\u00f3n de reservar tu \u00abparcela\u00bb para acampar. Si estas interesado, ponte en contacto por correo para hacer la reserva: <i>engirigamelodge@gmail.com.\u00a0<\/i><\/span><\/li><li><span style=\"font-size: 1rem;\"><u style=\"font-weight: bold;\">Biwindi Impenetrable Forest:<\/u><span style=\"font-weight: bold;\">\u00a0<\/span><\/span><a style=\"font-size: 1rem;\" href=\"https:\/\/www.booking.com\/hotel\/ug\/bwindi-forest-lodge.es.html?aid=2311236&amp;label=es-es-booking-desktop-onknyt5TBrS8m9RnGd%2A6fgS652829001115%3Apl%3Ata%3Ap1%3Ap2%3Aac%3Aap%3Aneg%3Afi%3Atikwd-65526620%3Alp1005493%3Ali%3Adec%3Adm&amp;sid=e99babcb3fd94e3bef11c886501869df&amp;all_sr_blocks=284631001_273408973_2_41_0&amp;checkin=2025-01-10&amp;checkout=2025-01-11&amp;dest_id=2846310&amp;dest_type=hotel&amp;dist=0&amp;group_adults=2&amp;group_children=0&amp;hapos=1&amp;highlighted_blocks=284631001_273408973_2_41_0&amp;hpos=1&amp;matching_block_id=284631001_273408973_2_41_0&amp;no_rooms=1&amp;req_adults=2&amp;req_children=0&amp;room1=A%2CA&amp;sb_price_type=total&amp;sr_order=popularity&amp;sr_pri_blocks=284631001_273408973_2_41_0__9112&amp;srepoch=1736524456&amp;srpvid=13ca6fd2bfcd00bd&amp;type=total&amp;ucfs=1&amp;\" target=\"_blank\" rel=\"noopener\">Bwindi Forest Lodge<\/a>: Ubicado a 10 minutos andando del centro de visitantes del Parque Nacional de Biwindi sector Buhoma. El alojamiento no nos encant\u00f3, eso s\u00ed, las vistas son espectaculares. Si tu veh\u00edculo no es un 4&#215;4, no intentes subir hasta el parking.\u00a0<\/li><li><b><u>Lake Mburu National Park<\/u><\/b>:\u00a0<a href=\"http:\/\/leopardrestcamp.com\/accommodation\" target=\"_blank\" rel=\"noopener\">Leopard Rest Camp<\/a>: Ubicado a 5 minutos de la entrada del Parque Nacional. El alojamiento cuenta con grandes zonas para acampar y los espacios comunes son una pasada.\u00a0<\/li><\/ul><\/li><\/ul>\t\t\t\t\t\t\t\t<\/div>\n\t\t\t\t<\/div>\n\t\t\t\t\t<\/div>\n\t\t<\/div>\n\t\t\t\t\t<\/div>\n\t\t<\/section>\n\t\t\t\t<section class=\"elementor-section elementor-top-section elementor-element elementor-element-e102f39 elementor-section-boxed elementor-section-height-default elementor-section-height-default\" data-id=\"e102f39\" data-element_type=\"section\" data-e-type=\"section\">\n\t\t\t\t\t\t<div class=\"elementor-container elementor-column-gap-default\">\n\t\t\t\t\t<div class=\"elementor-column elementor-col-100 elementor-top-column elementor-element elementor-element-9bc1ae8\" data-id=\"9bc1ae8\" data-element_type=\"column\" data-e-type=\"column\">\n\t\t\t<div class=\"elementor-widget-wrap elementor-element-populated\">\n\t\t\t\t\t\t<div class=\"elementor-element elementor-element-5330c6f elementor-widget elementor-widget-heading\" data-id=\"5330c6f\" data-element_type=\"widget\" data-e-type=\"widget\" data-widget_type=\"heading.default\">\n\t\t\t\t<div class=\"elementor-widget-container\">\n\t\t\t\t\t<h2 class=\"elementor-heading-title elementor-size-default\">PRESUPUESTO<\/h2>\t\t\t\t<\/div>\n\t\t\t\t<\/div>\n\t\t\t\t<div class=\"elementor-element elementor-element-3ec7855 elementor-widget__width-initial elementor-widget elementor-widget-text-editor\" data-id=\"3ec7855\" data-element_type=\"widget\" data-e-type=\"widget\" data-widget_type=\"text-editor.default\">\n\t\t\t\t<div class=\"elementor-widget-container\">\n\t\t\t\t\t\t\t\t\t<p><b>&#8211; <u>VUELO<\/u><\/b>: <span style=\"color: #ff0000;\">630\u20ac\u00a0<\/span><\/p><p><span style=\"font-style: inherit;\"><b>&#8211; <u>COCHE<\/u><\/b><\/span><span style=\"font-style: inherit;\">: 530\u20ac \u00a0(<span style=\"color: #ff0000;\">265\u20ac 1P<\/span>)<\/span><\/p><p><span style=\"font-style: inherit;\"><b>&#8211; <u>ALOJAMIENTOS<\/u><\/b><\/span><span style=\"font-style: inherit;\">: 631\u20ac &#8211; 2 personas (<\/span><span style=\"font-style: inherit; color: #ff0000;\">315\u20ac<\/span><span style=\"font-style: inherit;\"> 1P).<\/span><\/p><ul><li style=\"list-style-type: none;\"><ul><li>Murchinson Falls N.P \/ Red Chilli Rest Camp: 8\u20ac persona (P)\/ noche (N) = 32\u20ac (2P2N).<\/li><li>Kibale \/ Isunga Lodge: 128 \u20ac (2P1N).<\/li><li>Queen Elizabeth \/ Engiri Rest Camp: 15\u20ac PN = 60\u20ac (2P2N).<\/li><li>Bwindi Forest Lodge: 150\u20ac (2P2N).<\/li><li>Lake Mburu \/ Leopard Rest Camp: 10\u20ac PN = 40\u20ac (2P2N).<\/li><li>Entebbe \/ ViaVia Hotel: 70 \u20ac (2P1N)<\/li><\/ul><\/li><\/ul><p><strong>&#8211; <u>ENTRADAS PARQUES NACIONALES<\/u><\/strong>: 700\u20ac &#8211; 2 personas (<span style=\"color: #ff0000;\">350\u20ac<\/span> 1P) <i>*PRECIO ENTRADA 45\u20ac POR PERSONA &#8211; 24H.\u00a0<\/i><\/p><ul><li style=\"list-style-type: none;\"><ul><li>2 D\u00edas Murchinson: \u00a090\u20ac + 30\u20ac safari en barca = 120\u20ac.<\/li><li>2 d\u00edas Queen Elizabeth = 90\u20ac + 30\u20ac safari en barca= 120\u20ac.<\/li><li>1 d\u00eda Lake Mburu = 45\u20ac + 25\u20ac safari a pie = 70\u20ac.<\/li><li>Santuario Ziwa Rhino Sanctuary: 50\u20ac entrada + trekking.<span style=\"font-size: 1rem;\">\u00a0<\/span><\/li><\/ul><\/li><\/ul><p><strong>&#8211; <u>PERMISOS Y TREKKING CHIMPANC\u00c9S + GORILAS:<\/u> \u00a0<\/strong><span style=\"color: #ff0000;\">1000\u20ac<\/span> &#8211; 1 persona.\u00a0<\/p><p>*Para la tramitaci\u00f3n de los permisos puedes hacerlo de dos formas, a trav\u00e9s de la\u00a0<a href=\"https:\/\/ugandawildlife.org\" target=\"_blank\" rel=\"noopener\">UWA (Uganda Wildlife Authority)<\/a>\u00a0o a trav\u00e9s de la empresa con la que alquiles el coche, gestiones el viaje, etc&#8230; Nosotros lo hicimos a trav\u00e9s de\u00a0<a href=\"https:\/\/www.selfdriveuganda.com\" target=\"_blank\" rel=\"noopener\">Selfdrive Uganda<\/a>\u00a0y fue todo perfecto.\u00a0<\/p><p>\u00a0<\/p><p><span style=\"font-style: inherit; font-weight: bold;\">&#8211; <\/span><u style=\"font-style: inherit; font-weight: bold;\">OTROS GASTOS:<\/u><b style=\"font-style: inherit;\">\u00a0 <\/b><span style=\"font-style: inherit; color: #ff0000;\"><u>400\u20ac<\/u><\/span><\/p><ul><li style=\"list-style-type: none;\"><ul><li>Visado: 50\u20ac<\/li><li>Esim: 35\u20ac<\/li><li>Seguro: 65\u20ac<\/li><li>Comida y bebida: 500\u20ac (250\u20ac 1P)<\/li><\/ul><\/li><\/ul><p><strong>&#8211; <u>PRESUPUESTO TOTAL 1 PERSONA<\/u><\/strong>: <span style=\"color: #ff0000;\"><strong><span style=\"text-decoration: underline;\">3030\u20ac<\/span><\/strong><\/span><\/p>\t\t\t\t\t\t\t\t<\/div>\n\t\t\t\t<\/div>\n\t\t\t\t\t<\/div>\n\t\t<\/div>\n\t\t\t\t\t<\/div>\n\t\t<\/section>\n\t\t\t\t<section class=\"elementor-section elementor-top-section elementor-element elementor-element-f02acf0 elementor-section-boxed elementor-section-height-default elementor-section-height-default\" data-id=\"f02acf0\" data-element_type=\"section\" data-e-type=\"section\">\n\t\t\t\t\t\t<div class=\"elementor-container elementor-column-gap-default\">\n\t\t\t\t\t<div class=\"elementor-column elementor-col-100 elementor-top-column elementor-element elementor-element-33f25e5\" data-id=\"33f25e5\" data-element_type=\"column\" data-e-type=\"column\">\n\t\t\t<div class=\"elementor-widget-wrap elementor-element-populated\">\n\t\t\t\t\t\t<div class=\"elementor-element elementor-element-6350927 elementor-widget elementor-widget-heading\" data-id=\"6350927\" data-element_type=\"widget\" data-e-type=\"widget\" data-widget_type=\"heading.default\">\n\t\t\t\t<div class=\"elementor-widget-container\">\n\t\t\t\t\t<h2 class=\"elementor-heading-title elementor-size-default\">LA RUTA<\/h2>\t\t\t\t<\/div>\n\t\t\t\t<\/div>\n\t\t\t\t<div class=\"elementor-element elementor-element-4e0793e elementor-widget elementor-widget-html\" data-id=\"4e0793e\" data-element_type=\"widget\" data-e-type=\"widget\" data-widget_type=\"html.default\">\n\t\t\t\t<div class=\"elementor-widget-container\">\n\t\t\t\t\t<iframe src=\"https:\/\/www.google.com\/maps\/d\/embed?mid=1Yg8ZiwqZiL1kl6lfCS5tfnETFZaUF5A&ehbc=2E312F\" width=\"640\" height=\"480\"><\/iframe>\t\t\t\t<\/div>\n\t\t\t\t<\/div>\n\t\t\t\t\t<\/div>\n\t\t<\/div>\n\t\t\t\t\t<\/div>\n\t\t<\/section>\n\t\t\t\t<\/div>\n\t\t","protected":false},"excerpt":{"rendered":"<p>ITINERARIO 11 D\u00cdAS &#8211; D\u00cdA 1:\u00a0Llegada a Entebbe y viaje a Murchinson Falls National Park. Visita santuario Rino Zhiwa.\u00a0 &#8211; D\u00cdA 2: Safari en Murchinson Falls N.P y viaje en barco por el Nilo hasta las Cataratas Murchinson. &#8211; D\u00cdA 3:\u00a0Viaje Murchinson N.P &#8211; Kibale N.P. De camino parada en Fort Portal. &#8211; D\u00cdA 4: [&hellip;]<\/p>\n","protected":false},"author":1,"featured_media":0,"parent":0,"menu_order":0,"comment_status":"closed","ping_status":"closed","template":"","meta":{"_uag_custom_page_level_css":"","site-sidebar-layout":"no-sidebar","site-content-layout":"page-builder","ast-site-content-layout":"default","site-content-style":"default","site-sidebar-style":"default","ast-global-header-display":"","ast-banner-title-visibility":"","ast-main-header-display":"","ast-hfb-above-header-display":"","ast-hfb-below-header-display":"","ast-hfb-mobile-header-display":"","site-post-title":"disabled","ast-breadcrumbs-content":"","ast-featured-img":"disabled","footer-sml-layout":"","ast-disable-related-posts":"","theme-transparent-header-meta":"","adv-header-id-meta":"","stick-header-meta":"","header-above-stick-meta":"","header-main-stick-meta":"","header-below-stick-meta":"","astra-migrate-meta-layouts":"default","ast-page-background-enabled":"default","ast-page-background-meta":{"desktop":{"background-color":"var(--ast-global-color-4)","background-image":"","background-repeat":"repeat","background-position":"center center","background-size":"auto","background-attachment":"scroll","background-type":"","background-media":"","overlay-type":"","overlay-color":"","overlay-opacity":"","overlay-gradient":""},"tablet":{"background-color":"","background-image":"","background-repeat":"repeat","background-position":"center center","background-size":"auto","background-attachment":"scroll","background-type":"","background-media":"","overlay-type":"","overlay-color":"","overlay-opacity":"","overlay-gradient":""},"mobile":{"background-color":"","background-image":"","background-repeat":"repeat","background-position":"center center","background-size":"auto","background-attachment":"scroll","background-type":"","background-media":"","overlay-type":"","overlay-color":"","overlay-opacity":"","overlay-gradient":""}},"ast-content-background-meta":{"desktop":{"background-color":"var(--ast-global-color-5)","background-image":"","background-repeat":"repeat","background-position":"center center","background-size":"auto","background-attachment":"scroll","background-type":"","background-media":"","overlay-type":"","overlay-color":"","overlay-opacity":"","overlay-gradient":""},"tablet":{"background-color":"var(--ast-global-color-5)","background-image":"","background-repeat":"repeat","background-position":"center center","background-size":"auto","background-attachment":"scroll","background-type":"","background-media":"","overlay-type":"","overlay-color":"","overlay-opacity":"","overlay-gradient":""},"mobile":{"background-color":"var(--ast-global-color-5)","background-image":"","background-repeat":"repeat","background-position":"center center","background-size":"auto","background-attachment":"scroll","background-type":"","background-media":"","overlay-type":"","overlay-color":"","overlay-opacity":"","overlay-gradient":""}},"footnotes":""},"class_list":["post-3208","page","type-page","status-publish","hentry"],"uagb_featured_image_src":{"full":false,"thumbnail":false,"medium":false,"medium_large":false,"large":false,"1536x1536":false,"2048x2048":false,"bm-post-thumb":false,"bm-post-medium":false},"uagb_author_info":{"display_name":"admin","author_link":"https:\/\/www.ebanoviajes.com\/index.php\/author\/admin\/"},"uagb_comment_info":0,"uagb_excerpt":"ITINERARIO 11 D\u00cdAS &#8211; D\u00cdA 1:\u00a0Llegada a Entebbe y viaje a Murchinson Falls National Park. Visita santuario Rino Zhiwa.\u00a0 &#8211; D\u00cdA 2: Safari en Murchinson Falls N.P y viaje en barco por el Nilo hasta las Cataratas Murchinson. &#8211; D\u00cdA 3:\u00a0Viaje Murchinson N.P &#8211; Kibale N.P. De camino parada en Fort Portal. &#8211; D\u00cdA 4:&hellip;","_links":{"self":[{"href":"https:\/\/www.ebanoviajes.com\/index.php\/wp-json\/wp\/v2\/pages\/3208","targetHints":{"allow":["GET"]}}],"collection":[{"href":"https:\/\/www.ebanoviajes.com\/index.php\/wp-json\/wp\/v2\/pages"}],"about":[{"href":"https:\/\/www.ebanoviajes.com\/index.php\/wp-json\/wp\/v2\/types\/page"}],"author":[{"embeddable":true,"href":"https:\/\/www.ebanoviajes.com\/index.php\/wp-json\/wp\/v2\/users\/1"}],"replies":[{"embeddable":true,"href":"https:\/\/www.ebanoviajes.com\/index.php\/wp-json\/wp\/v2\/comments?post=3208"}],"version-history":[{"count":286,"href":"https:\/\/www.ebanoviajes.com\/index.php\/wp-json\/wp\/v2\/pages\/3208\/revisions"}],"predecessor-version":[{"id":8571,"href":"https:\/\/www.ebanoviajes.com\/index.php\/wp-json\/wp\/v2\/pages\/3208\/revisions\/8571"}],"wp:attachment":[{"href":"https:\/\/www.ebanoviajes.com\/index.php\/wp-json\/wp\/v2\/media?parent=3208"}],"curies":[{"name":"wp","href":"https:\/\/api.w.org\/{rel}","templated":true}]}}