{"id":2316,"date":"2023-03-29T18:31:04","date_gmt":"2023-03-29T18:31:04","guid":{"rendered":"https:\/\/www.ebanoviajes.com\/?page_id=2316"},"modified":"2025-01-31T10:02:10","modified_gmt":"2025-01-31T10:02:10","slug":"viajes-en-kayak-por-libre-en-las-islas-baleares","status":"publish","type":"page","link":"https:\/\/www.ebanoviajes.com\/index.php\/viajes-en-kayak-por-libre-en-las-islas-baleares\/","title":{"rendered":"Viajes en kayak por libre en las Islas Baleares"},"content":{"rendered":"\t\t<div data-elementor-type=\"wp-page\" data-elementor-id=\"2316\" class=\"elementor elementor-2316\">\n\t\t\t\t\t\t<section class=\"elementor-section elementor-top-section elementor-element elementor-element-6mouqp7 elementor-section-height-min-height elementor-section-boxed elementor-section-height-default elementor-section-items-middle\" data-id=\"6mouqp7\" data-element_type=\"section\" data-e-type=\"section\" data-settings=\"{&quot;background_background&quot;:&quot;classic&quot;}\">\n\t\t\t\t\t\t\t<div class=\"elementor-background-overlay\"><\/div>\n\t\t\t\t\t\t\t<div class=\"elementor-container elementor-column-gap-default\">\n\t\t\t\t\t<div class=\"elementor-column elementor-col-100 elementor-top-column elementor-element elementor-element-be10890\" data-id=\"be10890\" data-element_type=\"column\" data-e-type=\"column\">\n\t\t\t<div class=\"elementor-widget-wrap elementor-element-populated\">\n\t\t\t\t\t\t<div class=\"elementor-element elementor-element-02500f6 elementor-widget elementor-widget-heading\" data-id=\"02500f6\" data-element_type=\"widget\" data-e-type=\"widget\" data-widget_type=\"heading.default\">\n\t\t\t\t<div class=\"elementor-widget-container\">\n\t\t\t\t\t<h1 class=\"elementor-heading-title elementor-size-default\">KAYAK<\/h1>\t\t\t\t<\/div>\n\t\t\t\t<\/div>\n\t\t\t\t<div class=\"elementor-element elementor-element-0708f7f elementor-widget elementor-widget-heading\" data-id=\"0708f7f\" data-element_type=\"widget\" data-e-type=\"widget\" data-widget_type=\"heading.default\">\n\t\t\t\t<div class=\"elementor-widget-container\">\n\t\t\t\t\t<h1 class=\"elementor-heading-title elementor-size-default\">ISLAS BALEARES<\/h1>\t\t\t\t<\/div>\n\t\t\t\t<\/div>\n\t\t\t\t\t<\/div>\n\t\t<\/div>\n\t\t\t\t\t<\/div>\n\t\t<\/section>\n\t\t\t\t<section class=\"elementor-section elementor-top-section elementor-element elementor-element-dee7b15 elementor-section-boxed elementor-section-height-default elementor-section-height-default\" data-id=\"dee7b15\" data-element_type=\"section\" data-e-type=\"section\">\n\t\t\t\t\t\t<div class=\"elementor-container elementor-column-gap-default\">\n\t\t\t\t\t<div class=\"elementor-column elementor-col-100 elementor-top-column elementor-element elementor-element-eaf66d3\" data-id=\"eaf66d3\" data-element_type=\"column\" data-e-type=\"column\">\n\t\t\t<div class=\"elementor-widget-wrap elementor-element-populated\">\n\t\t\t\t\t\t<div class=\"elementor-element elementor-element-37b53df elementor-align-justify elementor-widget elementor-widget-button\" data-id=\"37b53df\" data-element_type=\"widget\" data-e-type=\"widget\" data-widget_type=\"button.default\">\n\t\t\t\t<div class=\"elementor-widget-container\">\n\t\t\t\t\t\t\t\t\t<div class=\"elementor-button-wrapper\">\n\t\t\t\t\t<a class=\"elementor-button elementor-button-link elementor-size-sm\" href=\"https:\/\/www.ebanoviajes.com\/index.php\/informacion-util-y-preparativos-kayak\/\">\n\t\t\t\t\t\t<span class=\"elementor-button-content-wrapper\">\n\t\t\t\t\t\t\t\t\t<span class=\"elementor-button-text\">INFORMACI\u00d3N \u00daTIL Y PREPARATIVOS<\/span>\n\t\t\t\t\t<\/span>\n\t\t\t\t\t<\/a>\n\t\t\t\t<\/div>\n\t\t\t\t\t\t\t\t<\/div>\n\t\t\t\t<\/div>\n\t\t\t\t\t<\/div>\n\t\t<\/div>\n\t\t\t\t\t<\/div>\n\t\t<\/section>\n\t\t\t\t<section class=\"elementor-section elementor-top-section elementor-element elementor-element-b0c904d elementor-section-boxed elementor-section-height-default elementor-section-height-default\" data-id=\"b0c904d\" data-element_type=\"section\" data-e-type=\"section\" data-settings=\"{&quot;background_background&quot;:&quot;classic&quot;}\">\n\t\t\t\t\t\t<div class=\"elementor-container elementor-column-gap-default\">\n\t\t\t\t\t<div class=\"elementor-column elementor-col-100 elementor-top-column elementor-element elementor-element-5dd5bfa\" data-id=\"5dd5bfa\" data-element_type=\"column\" data-e-type=\"column\">\n\t\t\t<div class=\"elementor-widget-wrap elementor-element-populated\">\n\t\t\t\t\t\t<div class=\"elementor-element elementor-element-2ae6fb0 elementor-widget elementor-widget-image\" data-id=\"2ae6fb0\" data-element_type=\"widget\" data-e-type=\"widget\" data-widget_type=\"image.default\">\n\t\t\t\t<div class=\"elementor-widget-container\">\n\t\t\t\t\t\t\t\t\t\t\t\t\t\t\t<img fetchpriority=\"high\" decoding=\"async\" width=\"2048\" height=\"1537\" src=\"https:\/\/www.ebanoviajes.com\/wp-content\/uploads\/2024\/04\/IMG-20210907-WA0005.jpg\" class=\"attachment-2048x2048 size-2048x2048 wp-image-5683\" alt=\"\" srcset=\"https:\/\/www.ebanoviajes.com\/wp-content\/uploads\/2024\/04\/IMG-20210907-WA0005.jpg 2048w, https:\/\/www.ebanoviajes.com\/wp-content\/uploads\/2024\/04\/IMG-20210907-WA0005-300x225.jpg 300w, https:\/\/www.ebanoviajes.com\/wp-content\/uploads\/2024\/04\/IMG-20210907-WA0005-1024x769.jpg 1024w, https:\/\/www.ebanoviajes.com\/wp-content\/uploads\/2024\/04\/IMG-20210907-WA0005-768x576.jpg 768w, https:\/\/www.ebanoviajes.com\/wp-content\/uploads\/2024\/04\/IMG-20210907-WA0005-1536x1153.jpg 1536w\" sizes=\"(max-width: 2048px) 100vw, 2048px\" \/>\t\t\t\t\t\t\t\t\t\t\t\t\t\t\t<\/div>\n\t\t\t\t<\/div>\n\t\t\t\t<div class=\"elementor-element elementor-element-a6caeab elementor-widget elementor-widget-text-editor\" data-id=\"a6caeab\" data-element_type=\"widget\" data-e-type=\"widget\" data-widget_type=\"text-editor.default\">\n\t\t\t\t<div class=\"elementor-widget-container\">\n\t\t\t\t\t\t\t\t\t<p style=\"font-size: 16px; font-style: normal; font-weight: 400; text-align: justify;\">Antes de lazarte a tu pr\u00f3xima aventura por estas islas, primero echa un ojo a esta secci\u00f3n. Aqu\u00ed responder\u00e9 a todas las dudas que te van a surgir:<\/p>\n<p style=\"font-size: 16px; font-style: normal; font-weight: 400; text-align: justify;\">\n<\/p><p style=\"font-size: 16px; font-style: normal; font-weight: 400; text-align: justify;\">&#8211; \u00bfEs legal dar la vuelta a las islas?<\/p>\n<p style=\"font-size: 16px; font-style: normal; font-weight: 400; text-align: justify;\">&#8211; \u00bfSe puede acampar en las playas?<\/p>\n<p style=\"font-size: 16px; font-style: normal; font-weight: 400; text-align: justify;\">&#8211; \u00bfCu\u00e1l es la mejor fecha?<\/p>\n<p style=\"font-size: 16px; font-style: normal; font-weight: 400; text-align: justify;\">&#8211; \u00bfQu\u00e9 Kayak alquilo?<\/p>\n<p style=\"font-size: 16px; font-style: normal; font-weight: 400; text-align: justify;\">&#8211; \u00bfQu\u00e9 precauciones tendr\u00eda que tener?<\/p>\n<p style=\"font-size: 16px; font-style: normal; font-weight: 400; text-align: justify;\">&#8211; \u00bfQu\u00e9 material necesito?<\/p>\n<p style=\"font-size: 16px; font-style: normal; font-weight: 400; text-align: justify;\">&#8211; \u00bfQu\u00e9 comida llevo?<\/p>\n<p style=\"font-size: 16px; font-style: normal; font-weight: 400; text-align: justify;\">&#8211; \u00bfEstoy preparado f\u00edsicamente?<\/p>\n<p><\/p>\t\t\t\t\t\t\t\t<\/div>\n\t\t\t\t<\/div>\n\t\t\t\t\t<\/div>\n\t\t<\/div>\n\t\t\t\t\t<\/div>\n\t\t<\/section>\n\t\t\t\t<section class=\"elementor-section elementor-top-section elementor-element elementor-element-ef13b67 elementor-section-boxed elementor-section-height-default elementor-section-height-default\" data-id=\"ef13b67\" data-element_type=\"section\" data-e-type=\"section\" data-settings=\"{&quot;background_background&quot;:&quot;gradient&quot;}\">\n\t\t\t\t\t\t<div class=\"elementor-container elementor-column-gap-default\">\n\t\t\t\t\t<div class=\"elementor-column elementor-col-100 elementor-top-column elementor-element elementor-element-bbe9c5f\" data-id=\"bbe9c5f\" data-element_type=\"column\" data-e-type=\"column\">\n\t\t\t<div class=\"elementor-widget-wrap elementor-element-populated\">\n\t\t\t\t\t\t<div class=\"elementor-element elementor-element-2f3a4a7 elementor-widget elementor-widget-heading\" data-id=\"2f3a4a7\" data-element_type=\"widget\" data-e-type=\"widget\" data-widget_type=\"heading.default\">\n\t\t\t\t<div class=\"elementor-widget-container\">\n\t\t\t\t\t<h2 class=\"elementor-heading-title elementor-size-default\"><u>\u00bfQU\u00c9 ISLA QUIERES RECORER?<\/u><\/h2>\t\t\t\t<\/div>\n\t\t\t\t<\/div>\n\t\t\t\t\t<\/div>\n\t\t<\/div>\n\t\t\t\t\t<\/div>\n\t\t<\/section>\n\t\t\t\t<section class=\"elementor-section elementor-top-section elementor-element elementor-element-aec3374 elementor-section-boxed elementor-section-height-default elementor-section-height-default\" data-id=\"aec3374\" data-element_type=\"section\" data-e-type=\"section\" data-settings=\"{&quot;background_background&quot;:&quot;classic&quot;}\">\n\t\t\t\t\t\t<div class=\"elementor-container elementor-column-gap-default\">\n\t\t\t\t\t<div class=\"elementor-column elementor-col-33 elementor-top-column elementor-element elementor-element-fa6926c\" data-id=\"fa6926c\" data-element_type=\"column\" data-e-type=\"column\" data-settings=\"{&quot;background_background&quot;:&quot;gradient&quot;}\">\n\t\t\t<div class=\"elementor-widget-wrap elementor-element-populated\">\n\t\t\t\t\t\t<div class=\"elementor-element elementor-element-6a07c2d elementor-align-justify elementor-widget elementor-widget-button\" data-id=\"6a07c2d\" data-element_type=\"widget\" data-e-type=\"widget\" data-widget_type=\"button.default\">\n\t\t\t\t<div class=\"elementor-widget-container\">\n\t\t\t\t\t\t\t\t\t<div class=\"elementor-button-wrapper\">\n\t\t\t\t\t<a class=\"elementor-button elementor-button-link elementor-size-sm\" href=\"https:\/\/www.ebanoviajes.com\/index.php\/formentera-en-kayak-4-dias\/\">\n\t\t\t\t\t\t<span class=\"elementor-button-content-wrapper\">\n\t\t\t\t\t\t\t\t\t<span class=\"elementor-button-text\">FORMENTERA 4 D\u00cdAS <\/span>\n\t\t\t\t\t<\/span>\n\t\t\t\t\t<\/a>\n\t\t\t\t<\/div>\n\t\t\t\t\t\t\t\t<\/div>\n\t\t\t\t<\/div>\n\t\t\t\t<div class=\"elementor-element elementor-element-6c3a5a1 elementor-widget elementor-widget-image\" data-id=\"6c3a5a1\" data-element_type=\"widget\" data-e-type=\"widget\" data-widget_type=\"image.default\">\n\t\t\t\t<div class=\"elementor-widget-container\">\n\t\t\t\t\t\t\t\t\t\t\t\t\t\t\t<img decoding=\"async\" width=\"1024\" height=\"934\" src=\"https:\/\/www.ebanoviajes.com\/wp-content\/uploads\/2023\/03\/mapa-formentera-1024x934.jpg\" class=\"attachment-large size-large wp-image-2338\" alt=\"\" srcset=\"https:\/\/www.ebanoviajes.com\/wp-content\/uploads\/2023\/03\/mapa-formentera-1024x934.jpg 1024w, https:\/\/www.ebanoviajes.com\/wp-content\/uploads\/2023\/03\/mapa-formentera-300x274.jpg 300w, https:\/\/www.ebanoviajes.com\/wp-content\/uploads\/2023\/03\/mapa-formentera-768x700.jpg 768w, https:\/\/www.ebanoviajes.com\/wp-content\/uploads\/2023\/03\/mapa-formentera.jpg 1080w\" sizes=\"(max-width: 1024px) 100vw, 1024px\" \/>\t\t\t\t\t\t\t\t\t\t\t\t\t\t\t<\/div>\n\t\t\t\t<\/div>\n\t\t\t\t\t<\/div>\n\t\t<\/div>\n\t\t\t\t<div class=\"elementor-column elementor-col-33 elementor-top-column elementor-element elementor-element-2fa6645\" data-id=\"2fa6645\" data-element_type=\"column\" data-e-type=\"column\">\n\t\t\t<div class=\"elementor-widget-wrap elementor-element-populated\">\n\t\t\t\t\t\t<div class=\"elementor-element elementor-element-0186549 elementor-align-justify elementor-widget elementor-widget-button\" data-id=\"0186549\" data-element_type=\"widget\" data-e-type=\"widget\" data-widget_type=\"button.default\">\n\t\t\t\t<div class=\"elementor-widget-container\">\n\t\t\t\t\t\t\t\t\t<div class=\"elementor-button-wrapper\">\n\t\t\t\t\t<a class=\"elementor-button elementor-button-link elementor-size-sm\" href=\"https:\/\/www.ebanoviajes.com\/index.php\/ibiza-en-kayak-6-dias\/\">\n\t\t\t\t\t\t<span class=\"elementor-button-content-wrapper\">\n\t\t\t\t\t\t\t\t\t<span class=\"elementor-button-text\">IBIZA 6\/7 D\u00cdAS<\/span>\n\t\t\t\t\t<\/span>\n\t\t\t\t\t<\/a>\n\t\t\t\t<\/div>\n\t\t\t\t\t\t\t\t<\/div>\n\t\t\t\t<\/div>\n\t\t\t\t<div class=\"elementor-element elementor-element-66f9330 elementor-widget elementor-widget-image\" data-id=\"66f9330\" data-element_type=\"widget\" data-e-type=\"widget\" data-widget_type=\"image.default\">\n\t\t\t\t<div class=\"elementor-widget-container\">\n\t\t\t\t\t\t\t\t\t\t\t\t\t\t\t<img decoding=\"async\" src=\"https:\/\/www.ebanoviajes.com\/wp-content\/uploads\/2023\/03\/Foto-de-Alex-\ud83e\udd19\ud83c\udfff-1.jpg\" title=\"Foto de Alex \ud83e\udd19\ud83c\udfff (1)\" alt=\"Foto de Alex \ud83e\udd19\ud83c\udfff (1)\" loading=\"lazy\" \/>\t\t\t\t\t\t\t\t\t\t\t\t\t\t\t<\/div>\n\t\t\t\t<\/div>\n\t\t\t\t\t<\/div>\n\t\t<\/div>\n\t\t\t\t<div class=\"elementor-column elementor-col-33 elementor-top-column elementor-element elementor-element-b95eeec\" data-id=\"b95eeec\" data-element_type=\"column\" data-e-type=\"column\">\n\t\t\t<div class=\"elementor-widget-wrap elementor-element-populated\">\n\t\t\t\t\t\t<div class=\"elementor-element elementor-element-80f0fb9 elementor-align-justify elementor-widget elementor-widget-button\" data-id=\"80f0fb9\" data-element_type=\"widget\" data-e-type=\"widget\" data-widget_type=\"button.default\">\n\t\t\t\t<div class=\"elementor-widget-container\">\n\t\t\t\t\t\t\t\t\t<div class=\"elementor-button-wrapper\">\n\t\t\t\t\t<a class=\"elementor-button elementor-button-link elementor-size-sm\" href=\"https:\/\/www.ebanoviajes.com\/index.php\/menorca-en-kayak-7-dias\/\">\n\t\t\t\t\t\t<span class=\"elementor-button-content-wrapper\">\n\t\t\t\t\t\t\t\t\t<span class=\"elementor-button-text\">MENORCA 7\/8 D\u00cdAS<\/span>\n\t\t\t\t\t<\/span>\n\t\t\t\t\t<\/a>\n\t\t\t\t<\/div>\n\t\t\t\t\t\t\t\t<\/div>\n\t\t\t\t<\/div>\n\t\t\t\t<div class=\"elementor-element elementor-element-2b97483 elementor-widget elementor-widget-image\" data-id=\"2b97483\" data-element_type=\"widget\" data-e-type=\"widget\" data-widget_type=\"image.default\">\n\t\t\t\t<div class=\"elementor-widget-container\">\n\t\t\t\t\t\t\t\t\t\t\t\t\t\t\t<img decoding=\"async\" width=\"2048\" height=\"1418\" src=\"https:\/\/www.ebanoviajes.com\/wp-content\/uploads\/2023\/03\/mapa-general-detallado-de-Menorca-playas-carreteras-gasolineras-autobuses-parking-lugares-interes-1-scaled-e1738317689915-2048x1418.jpg\" class=\"attachment-2048x2048 size-2048x2048 wp-image-2344\" alt=\"\" srcset=\"https:\/\/www.ebanoviajes.com\/wp-content\/uploads\/2023\/03\/mapa-general-detallado-de-Menorca-playas-carreteras-gasolineras-autobuses-parking-lugares-interes-1-scaled-e1738317689915-2048x1418.jpg 2048w, https:\/\/www.ebanoviajes.com\/wp-content\/uploads\/2023\/03\/mapa-general-detallado-de-Menorca-playas-carreteras-gasolineras-autobuses-parking-lugares-interes-1-scaled-e1738317689915-300x208.jpg 300w, https:\/\/www.ebanoviajes.com\/wp-content\/uploads\/2023\/03\/mapa-general-detallado-de-Menorca-playas-carreteras-gasolineras-autobuses-parking-lugares-interes-1-scaled-e1738317689915-1024x709.jpg 1024w, https:\/\/www.ebanoviajes.com\/wp-content\/uploads\/2023\/03\/mapa-general-detallado-de-Menorca-playas-carreteras-gasolineras-autobuses-parking-lugares-interes-1-scaled-e1738317689915-768x532.jpg 768w, https:\/\/www.ebanoviajes.com\/wp-content\/uploads\/2023\/03\/mapa-general-detallado-de-Menorca-playas-carreteras-gasolineras-autobuses-parking-lugares-interes-1-scaled-e1738317689915-1536x1063.jpg 1536w\" sizes=\"(max-width: 2048px) 100vw, 2048px\" \/>\t\t\t\t\t\t\t\t\t\t\t\t\t\t\t<\/div>\n\t\t\t\t<\/div>\n\t\t\t\t\t<\/div>\n\t\t<\/div>\n\t\t\t\t\t<\/div>\n\t\t<\/section>\n\t\t\t\t<\/div>\n\t\t","protected":false},"excerpt":{"rendered":"<p>KAYAK ISLAS BALEARES INFORMACI\u00d3N \u00daTIL Y PREPARATIVOS Antes de lazarte a tu pr\u00f3xima aventura por estas islas, primero echa un ojo a esta secci\u00f3n. Aqu\u00ed responder\u00e9 a todas las dudas que te van a surgir: &#8211; \u00bfEs legal dar la vuelta a las islas? &#8211; \u00bfSe puede acampar en las playas? &#8211; \u00bfCu\u00e1l es la [&hellip;]<\/p>\n","protected":false},"author":1,"featured_media":0,"parent":0,"menu_order":0,"comment_status":"closed","ping_status":"closed","template":"","meta":{"_uag_custom_page_level_css":"","site-sidebar-layout":"no-sidebar","site-content-layout":"page-builder","ast-site-content-layout":"default","site-content-style":"default","site-sidebar-style":"default","ast-global-header-display":"","ast-banner-title-visibility":"","ast-main-header-display":"","ast-hfb-above-header-display":"","ast-hfb-below-header-display":"","ast-hfb-mobile-header-display":"","site-post-title":"disabled","ast-breadcrumbs-content":"","ast-featured-img":"disabled","footer-sml-layout":"","ast-disable-related-posts":"","theme-transparent-header-meta":"","adv-header-id-meta":"","stick-header-meta":"","header-above-stick-meta":"","header-main-stick-meta":"","header-below-stick-meta":"","astra-migrate-meta-layouts":"default","ast-page-background-enabled":"default","ast-page-background-meta":{"desktop":{"background-color":"var(--ast-global-color-4)","background-image":"","background-repeat":"repeat","background-position":"center center","background-size":"auto","background-attachment":"scroll","background-type":"","background-media":"","overlay-type":"","overlay-color":"","overlay-opacity":"","overlay-gradient":""},"tablet":{"background-color":"","background-image":"","background-repeat":"repeat","background-position":"center center","background-size":"auto","background-attachment":"scroll","background-type":"","background-media":"","overlay-type":"","overlay-color":"","overlay-opacity":"","overlay-gradient":""},"mobile":{"background-color":"","background-image":"","background-repeat":"repeat","background-position":"center center","background-size":"auto","background-attachment":"scroll","background-type":"","background-media":"","overlay-type":"","overlay-color":"","overlay-opacity":"","overlay-gradient":""}},"ast-content-background-meta":{"desktop":{"background-color":"var(--ast-global-color-5)","background-image":"","background-repeat":"repeat","background-position":"center center","background-size":"auto","background-attachment":"scroll","background-type":"","background-media":"","overlay-type":"","overlay-color":"","overlay-opacity":"","overlay-gradient":""},"tablet":{"background-color":"var(--ast-global-color-5)","background-image":"","background-repeat":"repeat","background-position":"center center","background-size":"auto","background-attachment":"scroll","background-type":"","background-media":"","overlay-type":"","overlay-color":"","overlay-opacity":"","overlay-gradient":""},"mobile":{"background-color":"var(--ast-global-color-5)","background-image":"","background-repeat":"repeat","background-position":"center center","background-size":"auto","background-attachment":"scroll","background-type":"","background-media":"","overlay-type":"","overlay-color":"","overlay-opacity":"","overlay-gradient":""}},"footnotes":""},"class_list":["post-2316","page","type-page","status-publish","hentry"],"uagb_featured_image_src":{"full":false,"thumbnail":false,"medium":false,"medium_large":false,"large":false,"1536x1536":false,"2048x2048":false,"bm-post-thumb":false,"bm-post-medium":false},"uagb_author_info":{"display_name":"admin","author_link":"https:\/\/www.ebanoviajes.com\/index.php\/author\/admin\/"},"uagb_comment_info":0,"uagb_excerpt":"KAYAK ISLAS BALEARES INFORMACI\u00d3N \u00daTIL Y PREPARATIVOS Antes de lazarte a tu pr\u00f3xima aventura por estas islas, primero echa un ojo a esta secci\u00f3n. Aqu\u00ed responder\u00e9 a todas las dudas que te van a surgir: &#8211; \u00bfEs legal dar la vuelta a las islas? &#8211; \u00bfSe puede acampar en las playas? &#8211; \u00bfCu\u00e1l es la&hellip;","_links":{"self":[{"href":"https:\/\/www.ebanoviajes.com\/index.php\/wp-json\/wp\/v2\/pages\/2316","targetHints":{"allow":["GET"]}}],"collection":[{"href":"https:\/\/www.ebanoviajes.com\/index.php\/wp-json\/wp\/v2\/pages"}],"about":[{"href":"https:\/\/www.ebanoviajes.com\/index.php\/wp-json\/wp\/v2\/types\/page"}],"author":[{"embeddable":true,"href":"https:\/\/www.ebanoviajes.com\/index.php\/wp-json\/wp\/v2\/users\/1"}],"replies":[{"embeddable":true,"href":"https:\/\/www.ebanoviajes.com\/index.php\/wp-json\/wp\/v2\/comments?post=2316"}],"version-history":[{"count":119,"href":"https:\/\/www.ebanoviajes.com\/index.php\/wp-json\/wp\/v2\/pages\/2316\/revisions"}],"predecessor-version":[{"id":7443,"href":"https:\/\/www.ebanoviajes.com\/index.php\/wp-json\/wp\/v2\/pages\/2316\/revisions\/7443"}],"wp:attachment":[{"href":"https:\/\/www.ebanoviajes.com\/index.php\/wp-json\/wp\/v2\/media?parent=2316"}],"curies":[{"name":"wp","href":"https:\/\/api.w.org\/{rel}","templated":true}]}}