{"id":1455,"date":"2023-03-19T09:13:49","date_gmt":"2023-03-19T09:13:49","guid":{"rendered":"https:\/\/www.ebanoviajes.com\/?page_id=1455"},"modified":"2025-03-22T09:52:40","modified_gmt":"2025-03-22T09:52:40","slug":"colombia","status":"publish","type":"page","link":"https:\/\/www.ebanoviajes.com\/index.php\/colombia\/","title":{"rendered":"Colombia"},"content":{"rendered":"\t\t<div data-elementor-type=\"wp-page\" data-elementor-id=\"1455\" class=\"elementor elementor-1455\">\n\t\t\t\t\t\t<section class=\"elementor-section elementor-top-section elementor-element elementor-element-ysa4iig elementor-section-height-min-height elementor-section-boxed elementor-section-height-default elementor-section-items-middle\" data-id=\"ysa4iig\" data-element_type=\"section\" data-e-type=\"section\" data-settings=\"{&quot;background_background&quot;:&quot;classic&quot;}\">\n\t\t\t\t\t\t\t<div class=\"elementor-background-overlay\"><\/div>\n\t\t\t\t\t\t\t<div class=\"elementor-container elementor-column-gap-default\">\n\t\t\t\t\t<div class=\"elementor-column elementor-col-100 elementor-top-column elementor-element elementor-element-be10890\" data-id=\"be10890\" data-element_type=\"column\" data-e-type=\"column\">\n\t\t\t<div class=\"elementor-widget-wrap elementor-element-populated\">\n\t\t\t\t\t\t<div class=\"elementor-element elementor-element-0708f7f elementor-widget elementor-widget-heading\" data-id=\"0708f7f\" data-element_type=\"widget\" data-e-type=\"widget\" data-widget_type=\"heading.default\">\n\t\t\t\t<div class=\"elementor-widget-container\">\n\t\t\t\t\t<h1 class=\"elementor-heading-title elementor-size-default\">COLOMBIA<\/h1>\t\t\t\t<\/div>\n\t\t\t\t<\/div>\n\t\t\t\t<div class=\"elementor-element elementor-element-beec850 elementor-widget elementor-widget-heading\" data-id=\"beec850\" data-element_type=\"widget\" data-e-type=\"widget\" data-widget_type=\"heading.default\">\n\t\t\t\t<div class=\"elementor-widget-container\">\n\t\t\t\t\t<h2 class=\"elementor-heading-title elementor-size-default\">BIENVENIDOS A LA TIERRITA<\/h2>\t\t\t\t<\/div>\n\t\t\t\t<\/div>\n\t\t\t\t\t<\/div>\n\t\t<\/div>\n\t\t\t\t\t<\/div>\n\t\t<\/section>\n\t\t\t\t<section class=\"elementor-section elementor-top-section elementor-element elementor-element-5abf4ae elementor-section-boxed elementor-section-height-default elementor-section-height-default\" data-id=\"5abf4ae\" data-element_type=\"section\" data-e-type=\"section\">\n\t\t\t\t\t\t<div class=\"elementor-container elementor-column-gap-default\">\n\t\t\t\t\t<div class=\"elementor-column elementor-col-100 elementor-top-column elementor-element elementor-element-21cf8d8\" data-id=\"21cf8d8\" data-element_type=\"column\" data-e-type=\"column\">\n\t\t\t<div class=\"elementor-widget-wrap elementor-element-populated\">\n\t\t\t\t\t\t<div class=\"elementor-element elementor-element-9107ba3 elementor-widget elementor-widget-text-editor\" data-id=\"9107ba3\" data-element_type=\"widget\" data-e-type=\"widget\" data-widget_type=\"text-editor.default\">\n\t\t\t\t<div class=\"elementor-widget-container\">\n\t\t\t\t\t\t\t\t\t<p>Colombia, la gran estigmatizada de Am\u00e9rica del Sur cuyo \u00fanico peligro actualmente es el de quedarse all\u00ed para siempre. Un destino que lo tiene todo, playas e islas paradis\u00edacas ba\u00f1adas por el Mar Caribe y Pac\u00edfico, altas monta\u00f1as y largos trekkings en los Andes colombianos, selvas impenetrables en el Amazonas y por supuesto ciudades en las que perderte disfrutando de su cultura, gastronom\u00eda y arquitectura colonial. Aqu\u00ed encontraras toda la informaci\u00f3n para organizar un viaje por libre en Colombia \u00bfA qu\u00e9 est\u00e1s esperando?.<\/p>\t\t\t\t\t\t\t\t<\/div>\n\t\t\t\t<\/div>\n\t\t\t\t<div class=\"elementor-element elementor-element-07ef7ed elementor-widget-divider--view-line_text elementor-widget-divider--element-align-center elementor-widget elementor-widget-divider\" data-id=\"07ef7ed\" data-element_type=\"widget\" data-e-type=\"widget\" data-widget_type=\"divider.default\">\n\t\t\t\t<div class=\"elementor-widget-container\">\n\t\t\t\t\t\t\t<div class=\"elementor-divider\">\n\t\t\t<span class=\"elementor-divider-separator\">\n\t\t\t\t\t\t\t<span class=\"elementor-divider__text elementor-divider__element\">\n\t\t\t\tORGANIZA TU VIAJE\t\t\t\t<\/span>\n\t\t\t\t\t\t<\/span>\n\t\t<\/div>\n\t\t\t\t\t\t<\/div>\n\t\t\t\t<\/div>\n\t\t\t\t\t<\/div>\n\t\t<\/div>\n\t\t\t\t\t<\/div>\n\t\t<\/section>\n\t\t\t\t<section class=\"elementor-section elementor-top-section elementor-element elementor-element-2c656a9 elementor-section-boxed elementor-section-height-default elementor-section-height-default\" data-id=\"2c656a9\" data-element_type=\"section\" data-e-type=\"section\">\n\t\t\t\t\t\t<div class=\"elementor-container elementor-column-gap-default\">\n\t\t\t\t\t<div class=\"elementor-column elementor-col-33 elementor-top-column elementor-element elementor-element-926cb5e\" data-id=\"926cb5e\" data-element_type=\"column\" data-e-type=\"column\">\n\t\t\t<div class=\"elementor-widget-wrap elementor-element-populated\">\n\t\t\t\t\t\t<div class=\"elementor-element elementor-element-bff2ac9 elementor-widget__width-initial elementor-widget elementor-widget-image\" data-id=\"bff2ac9\" data-element_type=\"widget\" data-e-type=\"widget\" data-widget_type=\"image.default\">\n\t\t\t\t<div class=\"elementor-widget-container\">\n\t\t\t\t\t\t\t\t\t\t\t\t\t\t\t<img fetchpriority=\"high\" decoding=\"async\" width=\"1440\" height=\"1800\" src=\"https:\/\/www.ebanoviajes.com\/wp-content\/uploads\/2023\/08\/SGUE4735-1.jpg\" class=\"attachment-full size-full wp-image-5003\" alt=\"\" srcset=\"https:\/\/www.ebanoviajes.com\/wp-content\/uploads\/2023\/08\/SGUE4735-1.jpg 1440w, https:\/\/www.ebanoviajes.com\/wp-content\/uploads\/2023\/08\/SGUE4735-1-240x300.jpg 240w, https:\/\/www.ebanoviajes.com\/wp-content\/uploads\/2023\/08\/SGUE4735-1-819x1024.jpg 819w, https:\/\/www.ebanoviajes.com\/wp-content\/uploads\/2023\/08\/SGUE4735-1-768x960.jpg 768w, https:\/\/www.ebanoviajes.com\/wp-content\/uploads\/2023\/08\/SGUE4735-1-1229x1536.jpg 1229w\" sizes=\"(max-width: 1440px) 100vw, 1440px\" \/>\t\t\t\t\t\t\t\t\t\t\t\t\t\t\t<\/div>\n\t\t\t\t<\/div>\n\t\t\t\t<div class=\"elementor-element elementor-element-02edd14 elementor-align-justify elementor-widget elementor-widget-button\" data-id=\"02edd14\" data-element_type=\"widget\" data-e-type=\"widget\" data-widget_type=\"button.default\">\n\t\t\t\t<div class=\"elementor-widget-container\">\n\t\t\t\t\t\t\t\t\t<div class=\"elementor-button-wrapper\">\n\t\t\t\t\t<a class=\"elementor-button elementor-button-link elementor-size-sm\" href=\"https:\/\/www.ebanoviajes.com\/index.php\/informacion-para-viajar-a-colombia-2023\/\">\n\t\t\t\t\t\t<span class=\"elementor-button-content-wrapper\">\n\t\t\t\t\t\t\t\t\t<span class=\"elementor-button-text\">INFORMACI\u00d3N \u00daTIL Y PREPARATIVOS<\/span>\n\t\t\t\t\t<\/span>\n\t\t\t\t\t<\/a>\n\t\t\t\t<\/div>\n\t\t\t\t\t\t\t\t<\/div>\n\t\t\t\t<\/div>\n\t\t\t\t<div class=\"elementor-element elementor-element-cffc580 elementor-widget elementor-widget-text-editor\" data-id=\"cffc580\" data-element_type=\"widget\" data-e-type=\"widget\" data-widget_type=\"text-editor.default\">\n\t\t\t\t<div class=\"elementor-widget-container\">\n\t\t\t\t\t\t\t\t\t<p style=\"font-size: 16px; font-style: normal; font-weight: 400; text-align: justify;\">Para empezar, organiza tu viaje con toda la informaci\u00f3n necesaria:<\/p><ul><li style=\"font-size: 16px; font-style: normal; text-align: justify;\">Visado.<\/li><li style=\"font-size: 16px; font-style: normal; text-align: justify;\">Documentos Obligatorios.<\/li><li style=\"font-size: 16px; font-style: normal; text-align: justify;\">Vacunas.\u00a0<\/li><li style=\"font-size: 16px; font-style: normal; text-align: justify;\">Seguridad.<\/li><li style=\"font-size: 16px; font-style: normal; text-align: justify;\"><span title=\"Se ha encontrado un posible error ortogr\u00e1fico.\" data-type=\"misspelling\" data-suggestions=\"[{&quot;value&quot;:&quot;Mejore poca&quot;},{&quot;value&quot;:&quot;Mejor \u00e9poca&quot;},{&quot;value&quot;:&quot;Mejor poca&quot;},{&quot;value&quot;:&quot;Mejor \u00e9pocas&quot;},{&quot;value&quot;:&quot;Mejor evoca&quot;},{&quot;value&quot;:&quot;Mejor \u00e9pica&quot;},{&quot;value&quot;:&quot;Mejor apoca&quot;}]\" data-rule=\"MORFOLOGIK_RULE_ES\" data-word=\"Mejor epoca\">Mejor \u00e9poca<\/span>\u00a0y clima.<\/li><li style=\"font-size: 16px; font-style: normal; text-align: justify;\">Transporte.<\/li><\/ul>\t\t\t\t\t\t\t\t<\/div>\n\t\t\t\t<\/div>\n\t\t\t\t\t<\/div>\n\t\t<\/div>\n\t\t\t\t<div class=\"elementor-column elementor-col-33 elementor-top-column elementor-element elementor-element-db609ec\" data-id=\"db609ec\" data-element_type=\"column\" data-e-type=\"column\">\n\t\t\t<div class=\"elementor-widget-wrap elementor-element-populated\">\n\t\t\t\t\t\t<div class=\"elementor-element elementor-element-6b792a3 elementor-widget elementor-widget-image\" data-id=\"6b792a3\" data-element_type=\"widget\" data-e-type=\"widget\" data-widget_type=\"image.default\">\n\t\t\t\t<div class=\"elementor-widget-container\">\n\t\t\t\t\t\t\t\t\t\t\t\t\t\t\t\t<a href=\"https:\/\/www.ebanoviajes.com\/index.php\/cuaderno-de-viaje-colombia\/\">\n\t\t\t\t\t\t\t<img decoding=\"async\" width=\"1920\" height=\"2560\" src=\"https:\/\/www.ebanoviajes.com\/wp-content\/uploads\/2023\/08\/IMG_2205-scaled.jpg\" class=\"attachment-full size-full wp-image-5001\" alt=\"\" srcset=\"https:\/\/www.ebanoviajes.com\/wp-content\/uploads\/2023\/08\/IMG_2205-scaled.jpg 1920w, https:\/\/www.ebanoviajes.com\/wp-content\/uploads\/2023\/08\/IMG_2205-225x300.jpg 225w, https:\/\/www.ebanoviajes.com\/wp-content\/uploads\/2023\/08\/IMG_2205-768x1024.jpg 768w, https:\/\/www.ebanoviajes.com\/wp-content\/uploads\/2023\/08\/IMG_2205-1152x1536.jpg 1152w, https:\/\/www.ebanoviajes.com\/wp-content\/uploads\/2023\/08\/IMG_2205-1536x2048.jpg 1536w\" sizes=\"(max-width: 1920px) 100vw, 1920px\" \/>\t\t\t\t\t\t\t\t<\/a>\n\t\t\t\t\t\t\t\t\t\t\t\t\t\t\t<\/div>\n\t\t\t\t<\/div>\n\t\t\t\t<div class=\"elementor-element elementor-element-706d49e elementor-align-justify elementor-widget elementor-widget-button\" data-id=\"706d49e\" data-element_type=\"widget\" data-e-type=\"widget\" data-widget_type=\"button.default\">\n\t\t\t\t<div class=\"elementor-widget-container\">\n\t\t\t\t\t\t\t\t\t<div class=\"elementor-button-wrapper\">\n\t\t\t\t\t<a class=\"elementor-button elementor-button-link elementor-size-sm\" href=\"https:\/\/www.ebanoviajes.com\/index.php\/cuaderno-de-viaje-colombia\/\">\n\t\t\t\t\t\t<span class=\"elementor-button-content-wrapper\">\n\t\t\t\t\t\t\t\t\t<span class=\"elementor-button-text\">CUADERNO DE VIAJE<\/span>\n\t\t\t\t\t<\/span>\n\t\t\t\t\t<\/a>\n\t\t\t\t<\/div>\n\t\t\t\t\t\t\t\t<\/div>\n\t\t\t\t<\/div>\n\t\t\t\t<div class=\"elementor-element elementor-element-49dffeb elementor-widget elementor-widget-text-editor\" data-id=\"49dffeb\" data-element_type=\"widget\" data-e-type=\"widget\" data-widget_type=\"text-editor.default\">\n\t\t\t\t<div class=\"elementor-widget-container\">\n\t\t\t\t\t\t\t\t\t<p><span style=\"text-align: justify;\">Para continuar, aqu\u00ed encontrar\u00e1s un itinerarios de&nbsp;<\/span><span style=\"text-align: justify;\"><span style=\"font-weight: bold;\">18 d\u00edas<u>,<\/u><\/span><\/span><span style=\"text-align: justify;\">&nbsp;alojamientos, presupuesto y rutas del viaje.<\/span><\/p>\t\t\t\t\t\t\t\t<\/div>\n\t\t\t\t<\/div>\n\t\t\t\t\t<\/div>\n\t\t<\/div>\n\t\t\t\t<div class=\"elementor-column elementor-col-33 elementor-top-column elementor-element elementor-element-02f6b29\" data-id=\"02f6b29\" data-element_type=\"column\" data-e-type=\"column\">\n\t\t\t<div class=\"elementor-widget-wrap elementor-element-populated\">\n\t\t\t\t\t\t<div class=\"elementor-element elementor-element-a0e1d26 elementor-widget elementor-widget-image\" data-id=\"a0e1d26\" data-element_type=\"widget\" data-e-type=\"widget\" data-widget_type=\"image.default\">\n\t\t\t\t<div class=\"elementor-widget-container\">\n\t\t\t\t\t\t\t\t\t\t\t\t\t\t\t<img decoding=\"async\" width=\"768\" height=\"1024\" src=\"https:\/\/www.ebanoviajes.com\/wp-content\/uploads\/2023\/09\/IMG_0071-768x1024.jpg\" class=\"attachment-large size-large wp-image-5135\" alt=\"\" srcset=\"https:\/\/www.ebanoviajes.com\/wp-content\/uploads\/2023\/09\/IMG_0071-768x1024.jpg 768w, https:\/\/www.ebanoviajes.com\/wp-content\/uploads\/2023\/09\/IMG_0071-225x300.jpg 225w, https:\/\/www.ebanoviajes.com\/wp-content\/uploads\/2023\/09\/IMG_0071-1152x1536.jpg 1152w, https:\/\/www.ebanoviajes.com\/wp-content\/uploads\/2023\/09\/IMG_0071-1536x2048.jpg 1536w, https:\/\/www.ebanoviajes.com\/wp-content\/uploads\/2023\/09\/IMG_0071-scaled.jpg 1920w\" sizes=\"(max-width: 768px) 100vw, 768px\" \/>\t\t\t\t\t\t\t\t\t\t\t\t\t\t\t<\/div>\n\t\t\t\t<\/div>\n\t\t\t\t<div class=\"elementor-element elementor-element-71d779d elementor-align-justify elementor-widget elementor-widget-button\" data-id=\"71d779d\" data-element_type=\"widget\" data-e-type=\"widget\" data-widget_type=\"button.default\">\n\t\t\t\t<div class=\"elementor-widget-container\">\n\t\t\t\t\t\t\t\t\t<div class=\"elementor-button-wrapper\">\n\t\t\t\t\t<a class=\"elementor-button elementor-button-link elementor-size-sm\" href=\"https:\/\/www.ebanoviajes.com\/index.php\/itinerario-colombia-y-diario-de-viaje\/\">\n\t\t\t\t\t\t<span class=\"elementor-button-content-wrapper\">\n\t\t\t\t\t\t\t\t\t<span class=\"elementor-button-text\">DIARIO<\/span>\n\t\t\t\t\t<\/span>\n\t\t\t\t\t<\/a>\n\t\t\t\t<\/div>\n\t\t\t\t\t\t\t\t<\/div>\n\t\t\t\t<\/div>\n\t\t\t\t<div class=\"elementor-element elementor-element-6c276ab elementor-widget elementor-widget-text-editor\" data-id=\"6c276ab\" data-element_type=\"widget\" data-e-type=\"widget\" data-widget_type=\"text-editor.default\">\n\t\t\t\t<div class=\"elementor-widget-container\">\n\t\t\t\t\t\t\t\t\t<p>Para terminar echa un ojo a nuestro diario de viaje por \u00abLa Tierrita\u00bb.<\/p>\t\t\t\t\t\t\t\t<\/div>\n\t\t\t\t<\/div>\n\t\t\t\t\t<\/div>\n\t\t<\/div>\n\t\t\t\t\t<\/div>\n\t\t<\/section>\n\t\t\t\t<\/div>\n\t\t","protected":false},"excerpt":{"rendered":"<p>COLOMBIA BIENVENIDOS A LA TIERRITA Colombia, la gran estigmatizada de Am\u00e9rica del Sur cuyo \u00fanico peligro actualmente es el de quedarse all\u00ed para siempre. Un destino que lo tiene todo, playas e islas paradis\u00edacas ba\u00f1adas por el Mar Caribe y Pac\u00edfico, altas monta\u00f1as y largos trekkings en los Andes colombianos, selvas impenetrables en el Amazonas [&hellip;]<\/p>\n","protected":false},"author":1,"featured_media":0,"parent":0,"menu_order":0,"comment_status":"closed","ping_status":"closed","template":"","meta":{"_uag_custom_page_level_css":"","site-sidebar-layout":"no-sidebar","site-content-layout":"page-builder","ast-site-content-layout":"default","site-content-style":"default","site-sidebar-style":"default","ast-global-header-display":"","ast-banner-title-visibility":"","ast-main-header-display":"","ast-hfb-above-header-display":"","ast-hfb-below-header-display":"","ast-hfb-mobile-header-display":"","site-post-title":"disabled","ast-breadcrumbs-content":"","ast-featured-img":"disabled","footer-sml-layout":"","ast-disable-related-posts":"","theme-transparent-header-meta":"","adv-header-id-meta":"","stick-header-meta":"","header-above-stick-meta":"","header-main-stick-meta":"","header-below-stick-meta":"","astra-migrate-meta-layouts":"default","ast-page-background-enabled":"default","ast-page-background-meta":{"desktop":{"background-color":"var(--ast-global-color-4)","background-image":"","background-repeat":"repeat","background-position":"center center","background-size":"auto","background-attachment":"scroll","background-type":"","background-media":"","overlay-type":"","overlay-color":"","overlay-opacity":"","overlay-gradient":""},"tablet":{"background-color":"","background-image":"","background-repeat":"repeat","background-position":"center center","background-size":"auto","background-attachment":"scroll","background-type":"","background-media":"","overlay-type":"","overlay-color":"","overlay-opacity":"","overlay-gradient":""},"mobile":{"background-color":"","background-image":"","background-repeat":"repeat","background-position":"center center","background-size":"auto","background-attachment":"scroll","background-type":"","background-media":"","overlay-type":"","overlay-color":"","overlay-opacity":"","overlay-gradient":""}},"ast-content-background-meta":{"desktop":{"background-color":"var(--ast-global-color-5)","background-image":"","background-repeat":"repeat","background-position":"center center","background-size":"auto","background-attachment":"scroll","background-type":"","background-media":"","overlay-type":"","overlay-color":"","overlay-opacity":"","overlay-gradient":""},"tablet":{"background-color":"var(--ast-global-color-5)","background-image":"","background-repeat":"repeat","background-position":"center center","background-size":"auto","background-attachment":"scroll","background-type":"","background-media":"","overlay-type":"","overlay-color":"","overlay-opacity":"","overlay-gradient":""},"mobile":{"background-color":"var(--ast-global-color-5)","background-image":"","background-repeat":"repeat","background-position":"center center","background-size":"auto","background-attachment":"scroll","background-type":"","background-media":"","overlay-type":"","overlay-color":"","overlay-opacity":"","overlay-gradient":""}},"footnotes":""},"class_list":["post-1455","page","type-page","status-publish","hentry"],"uagb_featured_image_src":{"full":false,"thumbnail":false,"medium":false,"medium_large":false,"large":false,"1536x1536":false,"2048x2048":false,"bm-post-thumb":false,"bm-post-medium":false},"uagb_author_info":{"display_name":"admin","author_link":"https:\/\/www.ebanoviajes.com\/index.php\/author\/admin\/"},"uagb_comment_info":0,"uagb_excerpt":"COLOMBIA BIENVENIDOS A LA TIERRITA Colombia, la gran estigmatizada de Am\u00e9rica del Sur cuyo \u00fanico peligro actualmente es el de quedarse all\u00ed para siempre. Un destino que lo tiene todo, playas e islas paradis\u00edacas ba\u00f1adas por el Mar Caribe y Pac\u00edfico, altas monta\u00f1as y largos trekkings en los Andes colombianos, selvas impenetrables en el Amazonas&hellip;","_links":{"self":[{"href":"https:\/\/www.ebanoviajes.com\/index.php\/wp-json\/wp\/v2\/pages\/1455","targetHints":{"allow":["GET"]}}],"collection":[{"href":"https:\/\/www.ebanoviajes.com\/index.php\/wp-json\/wp\/v2\/pages"}],"about":[{"href":"https:\/\/www.ebanoviajes.com\/index.php\/wp-json\/wp\/v2\/types\/page"}],"author":[{"embeddable":true,"href":"https:\/\/www.ebanoviajes.com\/index.php\/wp-json\/wp\/v2\/users\/1"}],"replies":[{"embeddable":true,"href":"https:\/\/www.ebanoviajes.com\/index.php\/wp-json\/wp\/v2\/comments?post=1455"}],"version-history":[{"count":43,"href":"https:\/\/www.ebanoviajes.com\/index.php\/wp-json\/wp\/v2\/pages\/1455\/revisions"}],"predecessor-version":[{"id":9100,"href":"https:\/\/www.ebanoviajes.com\/index.php\/wp-json\/wp\/v2\/pages\/1455\/revisions\/9100"}],"wp:attachment":[{"href":"https:\/\/www.ebanoviajes.com\/index.php\/wp-json\/wp\/v2\/media?parent=1455"}],"curies":[{"name":"wp","href":"https:\/\/api.w.org\/{rel}","templated":true}]}}