{"id":1446,"date":"2023-03-19T09:13:49","date_gmt":"2023-03-19T09:13:49","guid":{"rendered":"https:\/\/www.ebanoviajes.com\/?page_id=1446"},"modified":"2025-03-19T12:42:31","modified_gmt":"2025-03-19T12:42:31","slug":"kenia","status":"publish","type":"page","link":"https:\/\/www.ebanoviajes.com\/index.php\/kenia\/","title":{"rendered":"Kenia"},"content":{"rendered":"\t\t<div data-elementor-type=\"wp-page\" data-elementor-id=\"1446\" class=\"elementor elementor-1446\">\n\t\t\t\t\t\t<section class=\"elementor-section elementor-top-section elementor-element elementor-element-mz0cept elementor-section-height-min-height elementor-section-items-top elementor-section-boxed elementor-section-height-default\" data-id=\"mz0cept\" data-element_type=\"section\" data-e-type=\"section\" data-settings=\"{&quot;background_background&quot;:&quot;classic&quot;}\">\n\t\t\t\t\t\t\t<div class=\"elementor-background-overlay\"><\/div>\n\t\t\t\t\t\t\t<div class=\"elementor-container elementor-column-gap-default\">\n\t\t\t\t\t<div class=\"elementor-column elementor-col-100 elementor-top-column elementor-element elementor-element-8d46742\" data-id=\"8d46742\" data-element_type=\"column\" data-e-type=\"column\">\n\t\t\t<div class=\"elementor-widget-wrap elementor-element-populated\">\n\t\t\t\t\t\t<div class=\"elementor-element elementor-element-7876f5c elementor-widget elementor-widget-spacer\" data-id=\"7876f5c\" data-element_type=\"widget\" data-e-type=\"widget\" data-widget_type=\"spacer.default\">\n\t\t\t\t<div class=\"elementor-widget-container\">\n\t\t\t\t\t\t\t<div class=\"elementor-spacer\">\n\t\t\t<div class=\"elementor-spacer-inner\"><\/div>\n\t\t<\/div>\n\t\t\t\t\t\t<\/div>\n\t\t\t\t<\/div>\n\t\t\t\t<div class=\"elementor-element elementor-element-fbdc8cf elementor-widget elementor-widget-heading\" data-id=\"fbdc8cf\" data-element_type=\"widget\" data-e-type=\"widget\" data-widget_type=\"heading.default\">\n\t\t\t\t<div class=\"elementor-widget-container\">\n\t\t\t\t\t<h1 class=\"elementor-heading-title elementor-size-default\">KENYA<\/h1>\t\t\t\t<\/div>\n\t\t\t\t<\/div>\n\t\t\t\t<div class=\"elementor-element elementor-element-47069c6 elementor-widget elementor-widget-heading\" data-id=\"47069c6\" data-element_type=\"widget\" data-e-type=\"widget\" data-widget_type=\"heading.default\">\n\t\t\t\t<div class=\"elementor-widget-container\">\n\t\t\t\t\t<h2 class=\"elementor-heading-title elementor-size-default\">TIERRA M\u00e1SAI<\/h2>\t\t\t\t<\/div>\n\t\t\t\t<\/div>\n\t\t\t\t\t<\/div>\n\t\t<\/div>\n\t\t\t\t\t<\/div>\n\t\t<\/section>\n\t\t\t\t<section class=\"elementor-section elementor-top-section elementor-element elementor-element-6deadd3 elementor-section-boxed elementor-section-height-default elementor-section-height-default\" data-id=\"6deadd3\" data-element_type=\"section\" data-e-type=\"section\">\n\t\t\t\t\t\t<div class=\"elementor-container elementor-column-gap-default\">\n\t\t\t\t\t<div class=\"elementor-column elementor-col-100 elementor-top-column elementor-element elementor-element-864915c\" data-id=\"864915c\" data-element_type=\"column\" data-e-type=\"column\">\n\t\t\t<div class=\"elementor-widget-wrap elementor-element-populated\">\n\t\t\t\t\t\t<div class=\"elementor-element elementor-element-d8bbeb2 elementor-widget elementor-widget-text-editor\" data-id=\"d8bbeb2\" data-element_type=\"widget\" data-e-type=\"widget\" data-widget_type=\"text-editor.default\">\n\t\t\t\t<div class=\"elementor-widget-container\">\n\t\t\t\t\t\t\t\t\t<p>Un antiguo proverbio M\u00e1sai dice<i>: \u00abLa tierra en la que vivimos no la heredamos de nuestros padres, sino que la tomamos prestada de nuestros hijos\u00bb.\u00a0<\/i><span style=\"font-style: inherit; font-weight: inherit; background-color: var(--ast-global-color-5); color: var(--ast-global-color-3);\">Con este refr\u00e1n tan sencillo t<\/span><span style=\"font-style: inherit; font-weight: inherit; color: var(--ast-global-color-3); background-color: var(--ast-global-color-5);\">e<\/span> <span style=\"font-style: inherit; font-weight: inherit; color: var(--ast-global-color-3); background-color: var(--ast-global-color-5);\">p<\/span><span style=\"font-style: inherit; font-weight: inherit; color: var(--ast-global-color-3); background-color: var(--ast-global-color-5);\">uedes hacer una idea de la riqueza y el respeto que sienten los habitantes de Kenia por su tierra y sus recursos. Un entorno natural que cuenta con una fauna salvaje capaz de hacer competencia a la cercana Tanzania. Aqu\u00ed encontrar\u00e1s toda la informaci\u00f3n para recorrer Kenia por libre en 4&#215;4 y como hacer safaris por tu cuenta sin morir en el intento.<\/span><\/p>\t\t\t\t\t\t\t\t<\/div>\n\t\t\t\t<\/div>\n\t\t\t\t<div class=\"elementor-element elementor-element-356becd elementor-widget-divider--view-line_text elementor-widget-divider--element-align-center elementor-widget elementor-widget-divider\" data-id=\"356becd\" data-element_type=\"widget\" data-e-type=\"widget\" data-widget_type=\"divider.default\">\n\t\t\t\t<div class=\"elementor-widget-container\">\n\t\t\t\t\t\t\t<div class=\"elementor-divider\">\n\t\t\t<span class=\"elementor-divider-separator\">\n\t\t\t\t\t\t\t<span class=\"elementor-divider__text elementor-divider__element\">\n\t\t\t\tORGANIZA TU VIAJE\t\t\t\t<\/span>\n\t\t\t\t\t\t<\/span>\n\t\t<\/div>\n\t\t\t\t\t\t<\/div>\n\t\t\t\t<\/div>\n\t\t\t\t\t<\/div>\n\t\t<\/div>\n\t\t\t\t\t<\/div>\n\t\t<\/section>\n\t\t\t\t<section class=\"elementor-section elementor-top-section elementor-element elementor-element-488ea77 elementor-section-boxed elementor-section-height-default elementor-section-height-default\" data-id=\"488ea77\" data-element_type=\"section\" data-e-type=\"section\">\n\t\t\t\t\t\t<div class=\"elementor-container elementor-column-gap-default\">\n\t\t\t\t\t<div class=\"elementor-column elementor-col-33 elementor-top-column elementor-element elementor-element-0f570da\" data-id=\"0f570da\" data-element_type=\"column\" data-e-type=\"column\">\n\t\t\t<div class=\"elementor-widget-wrap elementor-element-populated\">\n\t\t\t\t\t\t<div class=\"elementor-element elementor-element-a82d822 elementor-widget elementor-widget-image\" data-id=\"a82d822\" data-element_type=\"widget\" data-e-type=\"widget\" data-widget_type=\"image.default\">\n\t\t\t\t<div class=\"elementor-widget-container\">\n\t\t\t\t\t\t\t\t\t\t\t\t\t\t\t\t<a href=\"https:\/\/www.ebanoviajes.com\/index.php\/informacion-para-viajar-a-kenia-por-libre\/\">\n\t\t\t\t\t\t\t<img fetchpriority=\"high\" decoding=\"async\" width=\"2000\" height=\"1500\" src=\"https:\/\/www.ebanoviajes.com\/wp-content\/uploads\/2023\/04\/IMG-20221218-WA0001.jpg\" class=\"attachment-2048x2048 size-2048x2048 wp-image-3523\" alt=\"\" srcset=\"https:\/\/www.ebanoviajes.com\/wp-content\/uploads\/2023\/04\/IMG-20221218-WA0001.jpg 2000w, https:\/\/www.ebanoviajes.com\/wp-content\/uploads\/2023\/04\/IMG-20221218-WA0001-300x225.jpg 300w, https:\/\/www.ebanoviajes.com\/wp-content\/uploads\/2023\/04\/IMG-20221218-WA0001-1024x768.jpg 1024w, https:\/\/www.ebanoviajes.com\/wp-content\/uploads\/2023\/04\/IMG-20221218-WA0001-768x576.jpg 768w, https:\/\/www.ebanoviajes.com\/wp-content\/uploads\/2023\/04\/IMG-20221218-WA0001-1536x1152.jpg 1536w\" sizes=\"(max-width: 2000px) 100vw, 2000px\" \/>\t\t\t\t\t\t\t\t<\/a>\n\t\t\t\t\t\t\t\t\t\t\t\t\t\t\t<\/div>\n\t\t\t\t<\/div>\n\t\t\t\t<div class=\"elementor-element elementor-element-3a1c717 elementor-align-justify elementor-widget elementor-widget-button\" data-id=\"3a1c717\" data-element_type=\"widget\" data-e-type=\"widget\" data-widget_type=\"button.default\">\n\t\t\t\t<div class=\"elementor-widget-container\">\n\t\t\t\t\t\t\t\t\t<div class=\"elementor-button-wrapper\">\n\t\t\t\t\t<a class=\"elementor-button elementor-button-link elementor-size-sm\" href=\"https:\/\/www.ebanoviajes.com\/index.php\/informacion-para-viajar-a-kenia-por-libre\/\">\n\t\t\t\t\t\t<span class=\"elementor-button-content-wrapper\">\n\t\t\t\t\t\t\t\t\t<span class=\"elementor-button-text\">INFORMACI\u00d3N \u00daTIL Y PREPARATIVOS<\/span>\n\t\t\t\t\t<\/span>\n\t\t\t\t\t<\/a>\n\t\t\t\t<\/div>\n\t\t\t\t\t\t\t\t<\/div>\n\t\t\t\t<\/div>\n\t\t\t\t<div class=\"elementor-element elementor-element-4293601 elementor-widget elementor-widget-text-editor\" data-id=\"4293601\" data-element_type=\"widget\" data-e-type=\"widget\" data-widget_type=\"text-editor.default\">\n\t\t\t\t<div class=\"elementor-widget-container\">\n\t\t\t\t\t\t\t\t\t<p style=\"font-size: 16px; font-style: normal; font-weight: 400; text-align: justify;\">Para empezar, organiza tu viaje con toda la informaci\u00f3n necesaria:\u00a0<\/p><ul><li style=\"font-size: 16px; font-style: normal; text-align: justify;\">Visado.<\/li><li style=\"font-size: 16px; font-style: normal; text-align: justify;\">Documentos Obligatorios.<\/li><li style=\"font-size: 16px; font-style: normal; text-align: justify;\">Vacunas.\u00a0<\/li><li style=\"font-size: 16px; font-style: normal; text-align: justify;\">Seguridad.<\/li><li style=\"font-size: 16px; font-style: normal; text-align: justify;\"><span title=\"Se ha encontrado un posible error ortogr\u00e1fico.\" data-type=\"misspelling\" data-suggestions=\"[{&quot;value&quot;:&quot;Mejore poca&quot;},{&quot;value&quot;:&quot;Mejor \u00e9poca&quot;},{&quot;value&quot;:&quot;Mejor poca&quot;},{&quot;value&quot;:&quot;Mejor \u00e9pocas&quot;},{&quot;value&quot;:&quot;Mejor evoca&quot;},{&quot;value&quot;:&quot;Mejor \u00e9pica&quot;},{&quot;value&quot;:&quot;Mejor apoca&quot;}]\" data-rule=\"MORFOLOGIK_RULE_ES\" data-word=\"Mejor epoca\">Mejor \u00e9poca<\/span>\u00a0y clima.<\/li><li style=\"font-size: 16px; font-style: normal; text-align: justify;\">Transporte.<\/li><\/ul>\t\t\t\t\t\t\t\t<\/div>\n\t\t\t\t<\/div>\n\t\t\t\t\t<\/div>\n\t\t<\/div>\n\t\t\t\t<div class=\"elementor-column elementor-col-33 elementor-top-column elementor-element elementor-element-3bc9365\" data-id=\"3bc9365\" data-element_type=\"column\" data-e-type=\"column\">\n\t\t\t<div class=\"elementor-widget-wrap elementor-element-populated\">\n\t\t\t\t\t\t<div class=\"elementor-element elementor-element-3f5baf2 elementor-widget elementor-widget-image\" data-id=\"3f5baf2\" data-element_type=\"widget\" data-e-type=\"widget\" data-widget_type=\"image.default\">\n\t\t\t\t<div class=\"elementor-widget-container\">\n\t\t\t\t\t\t\t\t\t\t\t\t\t\t\t\t<a href=\"https:\/\/www.ebanoviajes.com\/index.php\/itinerario-kenia\/\">\n\t\t\t\t\t\t\t<img decoding=\"async\" width=\"1024\" height=\"768\" src=\"https:\/\/www.ebanoviajes.com\/wp-content\/uploads\/2025\/03\/IMG20221218124118-1024x768.jpg\" class=\"attachment-large size-large wp-image-9013\" alt=\"\" srcset=\"https:\/\/www.ebanoviajes.com\/wp-content\/uploads\/2025\/03\/IMG20221218124118-1024x768.jpg 1024w, https:\/\/www.ebanoviajes.com\/wp-content\/uploads\/2025\/03\/IMG20221218124118-300x225.jpg 300w, https:\/\/www.ebanoviajes.com\/wp-content\/uploads\/2025\/03\/IMG20221218124118-768x576.jpg 768w, https:\/\/www.ebanoviajes.com\/wp-content\/uploads\/2025\/03\/IMG20221218124118-1536x1152.jpg 1536w, https:\/\/www.ebanoviajes.com\/wp-content\/uploads\/2025\/03\/IMG20221218124118-2048x1536.jpg 2048w\" sizes=\"(max-width: 1024px) 100vw, 1024px\" \/>\t\t\t\t\t\t\t\t<\/a>\n\t\t\t\t\t\t\t\t\t\t\t\t\t\t\t<\/div>\n\t\t\t\t<\/div>\n\t\t\t\t<div class=\"elementor-element elementor-element-f0d3997 elementor-align-justify elementor-widget elementor-widget-button\" data-id=\"f0d3997\" data-element_type=\"widget\" data-e-type=\"widget\" data-widget_type=\"button.default\">\n\t\t\t\t<div class=\"elementor-widget-container\">\n\t\t\t\t\t\t\t\t\t<div class=\"elementor-button-wrapper\">\n\t\t\t\t\t<a class=\"elementor-button elementor-button-link elementor-size-sm\" href=\"https:\/\/www.ebanoviajes.com\/index.php\/itinerario-kenia\/\">\n\t\t\t\t\t\t<span class=\"elementor-button-content-wrapper\">\n\t\t\t\t\t\t\t\t\t<span class=\"elementor-button-text\">CUADERNO DE VIAJE<\/span>\n\t\t\t\t\t<\/span>\n\t\t\t\t\t<\/a>\n\t\t\t\t<\/div>\n\t\t\t\t\t\t\t\t<\/div>\n\t\t\t\t<\/div>\n\t\t\t\t<div class=\"elementor-element elementor-element-76ed429 elementor-widget elementor-widget-text-editor\" data-id=\"76ed429\" data-element_type=\"widget\" data-e-type=\"widget\" data-widget_type=\"text-editor.default\">\n\t\t\t\t<div class=\"elementor-widget-container\">\n\t\t\t\t\t\t\t\t\t<p><span style=\"text-align: justify;\">Para continuar, aqu\u00ed encontrar\u00e1s el itinerario de&nbsp;nuestro viaje de <b>8<\/b><\/span><span style=\"text-align: justify;\"><b>&nbsp;d\u00edas<\/b> recorriendo el pa\u00eds por libre, el presupuesto, alojamientos y mapa de la ruta.&nbsp;<\/span><\/p>\t\t\t\t\t\t\t\t<\/div>\n\t\t\t\t<\/div>\n\t\t\t\t\t<\/div>\n\t\t<\/div>\n\t\t\t\t<div class=\"elementor-column elementor-col-33 elementor-top-column elementor-element elementor-element-7fdbf5d\" data-id=\"7fdbf5d\" data-element_type=\"column\" data-e-type=\"column\">\n\t\t\t<div class=\"elementor-widget-wrap elementor-element-populated\">\n\t\t\t\t\t\t<div class=\"elementor-element elementor-element-6d30dc8 elementor-widget elementor-widget-image\" data-id=\"6d30dc8\" data-element_type=\"widget\" data-e-type=\"widget\" data-widget_type=\"image.default\">\n\t\t\t\t<div class=\"elementor-widget-container\">\n\t\t\t\t\t\t\t\t\t\t\t\t\t\t\t\t<a href=\"https:\/\/www.ebanoviajes.com\/index.php\/diario-kenia-por-libre\/\">\n\t\t\t\t\t\t\t<img decoding=\"async\" width=\"1600\" height=\"1200\" src=\"https:\/\/www.ebanoviajes.com\/wp-content\/uploads\/2023\/04\/IMG-20221216-WA0003.jpg\" class=\"attachment-2048x2048 size-2048x2048 wp-image-3513\" alt=\"\" srcset=\"https:\/\/www.ebanoviajes.com\/wp-content\/uploads\/2023\/04\/IMG-20221216-WA0003.jpg 1600w, https:\/\/www.ebanoviajes.com\/wp-content\/uploads\/2023\/04\/IMG-20221216-WA0003-300x225.jpg 300w, https:\/\/www.ebanoviajes.com\/wp-content\/uploads\/2023\/04\/IMG-20221216-WA0003-1024x768.jpg 1024w, https:\/\/www.ebanoviajes.com\/wp-content\/uploads\/2023\/04\/IMG-20221216-WA0003-768x576.jpg 768w, https:\/\/www.ebanoviajes.com\/wp-content\/uploads\/2023\/04\/IMG-20221216-WA0003-1536x1152.jpg 1536w\" sizes=\"(max-width: 1600px) 100vw, 1600px\" \/>\t\t\t\t\t\t\t\t<\/a>\n\t\t\t\t\t\t\t\t\t\t\t\t\t\t\t<\/div>\n\t\t\t\t<\/div>\n\t\t\t\t<div class=\"elementor-element elementor-element-c2b9b2c elementor-align-justify elementor-widget elementor-widget-button\" data-id=\"c2b9b2c\" data-element_type=\"widget\" data-e-type=\"widget\" data-widget_type=\"button.default\">\n\t\t\t\t<div class=\"elementor-widget-container\">\n\t\t\t\t\t\t\t\t\t<div class=\"elementor-button-wrapper\">\n\t\t\t\t\t<a class=\"elementor-button elementor-button-link elementor-size-sm\" href=\"https:\/\/www.ebanoviajes.com\/index.php\/diario-kenia-por-libre\/\">\n\t\t\t\t\t\t<span class=\"elementor-button-content-wrapper\">\n\t\t\t\t\t\t\t\t\t<span class=\"elementor-button-text\">DIARIO<\/span>\n\t\t\t\t\t<\/span>\n\t\t\t\t\t<\/a>\n\t\t\t\t<\/div>\n\t\t\t\t\t\t\t\t<\/div>\n\t\t\t\t<\/div>\n\t\t\t\t<div class=\"elementor-element elementor-element-0e8937d elementor-widget elementor-widget-text-editor\" data-id=\"0e8937d\" data-element_type=\"widget\" data-e-type=\"widget\" data-widget_type=\"text-editor.default\">\n\t\t\t\t<div class=\"elementor-widget-container\">\n\t\t\t\t\t\t\t\t\t<p>Termina de organizar tu aventura echando un ojo a mi diario del viaje.<\/p>\t\t\t\t\t\t\t\t<\/div>\n\t\t\t\t<\/div>\n\t\t\t\t\t<\/div>\n\t\t<\/div>\n\t\t\t\t\t<\/div>\n\t\t<\/section>\n\t\t\t\t<\/div>\n\t\t","protected":false},"excerpt":{"rendered":"<p>KENYA TIERRA M\u00e1SAI Un antiguo proverbio M\u00e1sai dice: \u00abLa tierra en la que vivimos no la heredamos de nuestros padres, sino que la tomamos prestada de nuestros hijos\u00bb.\u00a0Con este refr\u00e1n tan sencillo te puedes hacer una idea de la riqueza y el respeto que sienten los habitantes de Kenia por su tierra y sus recursos. [&hellip;]<\/p>\n","protected":false},"author":1,"featured_media":0,"parent":0,"menu_order":0,"comment_status":"closed","ping_status":"closed","template":"","meta":{"_uag_custom_page_level_css":"","site-sidebar-layout":"no-sidebar","site-content-layout":"page-builder","ast-site-content-layout":"default","site-content-style":"default","site-sidebar-style":"default","ast-global-header-display":"","ast-banner-title-visibility":"","ast-main-header-display":"","ast-hfb-above-header-display":"","ast-hfb-below-header-display":"","ast-hfb-mobile-header-display":"","site-post-title":"disabled","ast-breadcrumbs-content":"","ast-featured-img":"disabled","footer-sml-layout":"","ast-disable-related-posts":"","theme-transparent-header-meta":"","adv-header-id-meta":"","stick-header-meta":"","header-above-stick-meta":"","header-main-stick-meta":"","header-below-stick-meta":"","astra-migrate-meta-layouts":"default","ast-page-background-enabled":"default","ast-page-background-meta":{"desktop":{"background-color":"var(--ast-global-color-4)","background-image":"","background-repeat":"repeat","background-position":"center center","background-size":"auto","background-attachment":"scroll","background-type":"","background-media":"","overlay-type":"","overlay-color":"","overlay-opacity":"","overlay-gradient":""},"tablet":{"background-color":"","background-image":"","background-repeat":"repeat","background-position":"center center","background-size":"auto","background-attachment":"scroll","background-type":"","background-media":"","overlay-type":"","overlay-color":"","overlay-opacity":"","overlay-gradient":""},"mobile":{"background-color":"","background-image":"","background-repeat":"repeat","background-position":"center center","background-size":"auto","background-attachment":"scroll","background-type":"","background-media":"","overlay-type":"","overlay-color":"","overlay-opacity":"","overlay-gradient":""}},"ast-content-background-meta":{"desktop":{"background-color":"var(--ast-global-color-5)","background-image":"","background-repeat":"repeat","background-position":"center center","background-size":"auto","background-attachment":"scroll","background-type":"","background-media":"","overlay-type":"","overlay-color":"","overlay-opacity":"","overlay-gradient":""},"tablet":{"background-color":"var(--ast-global-color-5)","background-image":"","background-repeat":"repeat","background-position":"center center","background-size":"auto","background-attachment":"scroll","background-type":"","background-media":"","overlay-type":"","overlay-color":"","overlay-opacity":"","overlay-gradient":""},"mobile":{"background-color":"var(--ast-global-color-5)","background-image":"","background-repeat":"repeat","background-position":"center center","background-size":"auto","background-attachment":"scroll","background-type":"","background-media":"","overlay-type":"","overlay-color":"","overlay-opacity":"","overlay-gradient":""}},"footnotes":""},"class_list":["post-1446","page","type-page","status-publish","hentry"],"uagb_featured_image_src":{"full":false,"thumbnail":false,"medium":false,"medium_large":false,"large":false,"1536x1536":false,"2048x2048":false,"bm-post-thumb":false,"bm-post-medium":false},"uagb_author_info":{"display_name":"admin","author_link":"https:\/\/www.ebanoviajes.com\/index.php\/author\/admin\/"},"uagb_comment_info":0,"uagb_excerpt":"KENYA TIERRA M\u00e1SAI Un antiguo proverbio M\u00e1sai dice: \u00abLa tierra en la que vivimos no la heredamos de nuestros padres, sino que la tomamos prestada de nuestros hijos\u00bb.\u00a0Con este refr\u00e1n tan sencillo te puedes hacer una idea de la riqueza y el respeto que sienten los habitantes de Kenia por su tierra y sus recursos.&hellip;","_links":{"self":[{"href":"https:\/\/www.ebanoviajes.com\/index.php\/wp-json\/wp\/v2\/pages\/1446","targetHints":{"allow":["GET"]}}],"collection":[{"href":"https:\/\/www.ebanoviajes.com\/index.php\/wp-json\/wp\/v2\/pages"}],"about":[{"href":"https:\/\/www.ebanoviajes.com\/index.php\/wp-json\/wp\/v2\/types\/page"}],"author":[{"embeddable":true,"href":"https:\/\/www.ebanoviajes.com\/index.php\/wp-json\/wp\/v2\/users\/1"}],"replies":[{"embeddable":true,"href":"https:\/\/www.ebanoviajes.com\/index.php\/wp-json\/wp\/v2\/comments?post=1446"}],"version-history":[{"count":55,"href":"https:\/\/www.ebanoviajes.com\/index.php\/wp-json\/wp\/v2\/pages\/1446\/revisions"}],"predecessor-version":[{"id":9061,"href":"https:\/\/www.ebanoviajes.com\/index.php\/wp-json\/wp\/v2\/pages\/1446\/revisions\/9061"}],"wp:attachment":[{"href":"https:\/\/www.ebanoviajes.com\/index.php\/wp-json\/wp\/v2\/media?parent=1446"}],"curies":[{"name":"wp","href":"https:\/\/api.w.org\/{rel}","templated":true}]}}