{"id":11366,"date":"2026-01-21T13:27:34","date_gmt":"2026-01-21T13:27:34","guid":{"rendered":"https:\/\/www.ebanoviajes.com\/?page_id=11366"},"modified":"2026-01-21T14:51:34","modified_gmt":"2026-01-21T14:51:34","slug":"c","status":"publish","type":"page","link":"https:\/\/www.ebanoviajes.com\/index.php\/c\/","title":{"rendered":""},"content":{"rendered":"\t\t<div data-elementor-type=\"wp-page\" data-elementor-id=\"11366\" class=\"elementor elementor-11366\">\n\t\t\t\t\t\t<section class=\"elementor-section elementor-top-section elementor-element elementor-element-7169922a elementor-section-boxed elementor-section-height-default elementor-section-height-default\" data-id=\"7169922a\" data-element_type=\"section\" data-e-type=\"section\">\n\t\t\t\t\t\t<div class=\"elementor-container elementor-column-gap-default\">\n\t\t\t\t\t<div class=\"elementor-column elementor-col-100 elementor-top-column elementor-element elementor-element-53194ed\" data-id=\"53194ed\" data-element_type=\"column\" data-e-type=\"column\" data-settings=\"{&quot;background_background&quot;:&quot;gradient&quot;}\">\n\t\t\t<div class=\"elementor-widget-wrap elementor-element-populated\">\n\t\t\t\t\t\t<div class=\"elementor-element elementor-element-54629b13 elementor-widget elementor-widget-heading\" data-id=\"54629b13\" data-element_type=\"widget\" data-e-type=\"widget\" data-widget_type=\"heading.default\">\n\t\t\t\t<div class=\"elementor-widget-container\">\n\t\t\t\t\t<h2 class=\"elementor-heading-title elementor-size-default\"><a href=\"#dia1\"><u>ITINERARIO 15 D\u00cdAS<\/u><\/a><\/h2>\t\t\t\t<\/div>\n\t\t\t\t<\/div>\n\t\t\t\t<div class=\"elementor-element elementor-element-349dbc18 elementor-widget elementor-widget-text-editor\" data-id=\"349dbc18\" data-element_type=\"widget\" data-e-type=\"widget\" data-widget_type=\"text-editor.default\">\n\t\t\t\t<div class=\"elementor-widget-container\">\n\t\t\t\t\t\t\t\t\t<hr \/><p><u><b style=\"font-style: inherit;\">&#8211;<\/b> <b>D\u00cdA 1:\u00a0<\/b><\/u><span style=\"font-style: inherit;\">Llegada a Cuiab\u00e1 y viaje hasta Pocon\u00e9\u00a0<\/span><strong style=\"font-size: 1rem;\"><span style=\"color: #0000ff;\">(100km\/1h30\u2032)<\/span><\/strong><\/p><p><b style=\"text-decoration: underline;\">&#8211; D\u00cdA 2:<\/b>Viaje hasta <b>Porto Jofre, <\/b>coraz\u00f3n del <b>Pantanal Norte<\/b> <strong><span style=\"color: #0000ff;\">(1<\/span><\/strong><strong style=\"font-size: 1rem;\"><span style=\"color: #0000ff;\">40 km).<\/span><\/strong><\/p><p><u><b>&#8211; D\u00cdA 3:<\/b><\/u>\u00a0Safari 1 en\u00a0<b style=\"font-size: 1rem;\">Parque Estatal Encontro das \u00c1guas.<\/b><\/p><p><u style=\"font-weight: bold;\">&#8211; D\u00cdA 4:<\/u>\u00a0<span style=\"font-size: 1rem;\">Safari 2 en\u00a0<\/span><b style=\"font-size: 1rem;\">Parque Estatal Encontro das \u00c1guas.<\/b><\/p><p><u style=\"font-weight: bold;\">&#8211; D\u00cdA 5:<\/u> Viaje a <b>Chapada Das Guimaraes<\/b> desde<b> Porto Jofre<\/b> <span style=\"color: #0000ff;\"><strong>(<\/strong><\/span><strong style=\"font-size: 1rem;\"><span style=\"color: #0000ff;\">315\u202fkm).<\/span><\/strong><\/p><p><u style=\"font-weight: bold;\">&#8211; D\u00cdA 6:<\/u> Viaje a <b>Aquidauna <\/b>desde<b> Chapada das Guimaraes (<\/b><strong style=\"font-size: 1rem;\"><span style=\"color: #0000ff;\">730\u202fkm\/11 horas)<\/span><\/strong><\/p><p><b><u>&#8211; D\u00cdA 7:<\/u>\u00a0<\/b>Visita<b> Aquidauna <\/b>y b\u00fasqueda de osos hormigueros.<\/p><p><u><b>&#8211; D\u00cdA 8:<\/b><\/u>\u00a0<b>\u00a0<\/b>Viaje<b> <\/b>a<b> Pantanal Sur, R\u00edo Miranda <span style=\"color: #0000ff;\">(200km\/3h)<\/span><\/b><\/p><p><u><b>&#8211; D\u00cdA 9:<\/b><\/u> Safari en <b>R\u00edo Miranda<\/b>.\u00a0<\/p><p><u><b>&#8211; D\u00cdA 10:<\/b><\/u> Viaje a <b>Bonito<\/b> desde <b>Aquidauna<\/b> <strong><span style=\"color: #0000ff;\">(240km\/3h)<\/span><\/strong>. Visita <b>Buraco das Araras<\/b>.<\/p><p><u><b>&#8211; D\u00cdA 11:<\/b><\/u>\u00a0Buceo en <b>Abismo Anhumas<\/b> y viaje hasta <b>Dourado<\/b>.<\/p><p><span style=\"text-decoration: underline;\"><strong>&#8211; D\u00cdA 12:<\/strong><\/span> Viaje a <b>Foz de Iguaz\u00fa<\/b> desde <b>Dourado<\/b> <strong><span style=\"color: #0000ff;\">(500km\/8h)<\/span><\/strong><\/p><p><span style=\"text-decoration: underline;\"><strong>&#8211; D\u00cdA 13:<\/strong><\/span> Visita <b>Cataratas de Iguaz\u00fa<\/b> desde <b>Brasil<\/b>.\u00a0<\/p><p><span style=\"text-decoration: underline;\"><strong>&#8211; D\u00cdA 14:<\/strong><\/span> Visita <b>Cataratas de Iguaz\u00fa<\/b> desde <b>Argentina<\/b>.<\/p><p><span style=\"text-decoration: underline;\"><strong>&#8211; D\u00cdA 15<\/strong><\/span>: Regreso a casa.\u00a0<\/p>\t\t\t\t\t\t\t\t<\/div>\n\t\t\t\t<\/div>\n\t\t\t\t\t<\/div>\n\t\t<\/div>\n\t\t\t\t\t<\/div>\n\t\t<\/section>\n\t\t\t\t<section class=\"elementor-section elementor-top-section elementor-element elementor-element-2d4f259a elementor-section-boxed elementor-section-height-default elementor-section-height-default\" data-id=\"2d4f259a\" data-element_type=\"section\" data-e-type=\"section\">\n\t\t\t\t\t\t<div class=\"elementor-container elementor-column-gap-default\">\n\t\t\t\t\t<div class=\"elementor-column elementor-col-100 elementor-top-column elementor-element elementor-element-34f3b79\" data-id=\"34f3b79\" data-element_type=\"column\" data-e-type=\"column\" data-settings=\"{&quot;background_background&quot;:&quot;gradient&quot;}\">\n\t\t\t<div class=\"elementor-widget-wrap elementor-element-populated\">\n\t\t\t\t\t\t<div class=\"elementor-element elementor-element-3301a92 elementor-widget elementor-widget-heading\" data-id=\"3301a92\" data-element_type=\"widget\" data-e-type=\"widget\" data-widget_type=\"heading.default\">\n\t\t\t\t<div class=\"elementor-widget-container\">\n\t\t\t\t\t<h2 class=\"elementor-heading-title elementor-size-default\">ALOJAMIENTOS Y EMPRESA DE ALQUILER DE VEH\u00cdCULO<\/h2>\t\t\t\t<\/div>\n\t\t\t\t<\/div>\n\t\t\t\t<div class=\"elementor-element elementor-element-31fd6481 elementor-widget elementor-widget-text-editor\" data-id=\"31fd6481\" data-element_type=\"widget\" data-e-type=\"widget\" data-widget_type=\"text-editor.default\">\n\t\t\t\t<div class=\"elementor-widget-container\">\n\t\t\t\t\t\t\t\t\t<hr \/><hr \/><p><b>&#8211; <u>FECHA DE VIAJE:<\/u><\/b>\u00a03 Septiembre &#8211; 17 Septiembre 2025.<\/p><p><b style=\"font-style: inherit;\">&#8211; <u>TIPO DE VIAJE:<\/u><\/b><span style=\"font-style: inherit;\"> En solitario, completamente por libre y con coche de alquiler<\/span><i>\u00a0<\/i>(EMPRESA:\u00a0<a href=\"https:\/\/www.driveonholidays.com\/en\/home\" target=\"_blank\" rel=\"noopener\">MOVIDA RENTAL CAR<\/a>)\u00a0<\/p><p><span style=\"font-style: inherit;\"><b>&#8211; <u>ALOJAMIENTOS<\/u><\/b><\/span><span style=\"font-style: inherit;\">:\u00a0<\/span><\/p><ul><li style=\"list-style-type: none;\"><ul><li><u><b>Pocon\u00e9<\/b><\/u>:<a href=\"https:\/\/www.booking.com\/hotel\/br\/canoas-pocone.es.html?aid=304142&amp;label=gen173bo-10CAEoggI46AdIClgDaEaIAQGYATO4AQfIAQ3YAQPoAQH4AQGIAgGYAiGoAgG4Apq9w8sGwAIB0gIkMDAyOWFiNGItYWQxNi00OWFkLWFmZGItMjNkMTBhZjU0ZWE32AIB4AIB&amp;sid=1efc7522d883c2b523c98d14e35cc7fd&amp;all_sr_blocks=165848501_378561872_2_1_0&amp;checkin=2026-06-16&amp;checkout=2026-06-17&amp;dest_id=1658485&amp;dest_type=hotel&amp;dist=0&amp;group_adults=2&amp;group_children=0&amp;hapos=1&amp;highlighted_blocks=165848501_378561872_2_1_0&amp;hpos=1&amp;matching_block_id=165848501_378561872_2_1_0&amp;no_rooms=1&amp;req_adults=2&amp;req_children=0&amp;room1=A%2CA&amp;sb_price_type=total&amp;sr_order=popularity&amp;sr_pri_blocks=165848501_378561872_2_1_0__28500&amp;srepoch=1769004937&amp;srpvid=dae6644351790306&amp;type=total&amp;ucfs=1&amp;\" target=\"_blank\" rel=\"noopener\"> Canoas Hotel<\/a>: alojamiento sencillo, ideal para organizar tu viaje por Pantanal Norte.\u00a0<\/li><li><u style=\"font-weight: bold;\">Porto Jofre, Pantanal Norte:<\/u><a href=\"https:\/\/donaoncajaguarlodge.com\/\" target=\"_blank\" rel=\"noopener\"> Jaguar Lodge Pusada Dona On\u00e7a:\u00a0<\/a>el alojamiento en Porto Jofre es bastante limitado y caro. Esta opci\u00f3n es una de las m\u00e1s econ\u00f3micas de la zona, habitaciones sencillas y sin zonas comunes, sin embargo, los safaris privados por el r\u00edo no se les puede poner ninguna queja. Buena alternativa si quieres un buen servicio sin ning\u00fan lujo.\u00a0<\/li><li><b style=\"text-decoration: underline;\">Chapada das Guimaraes:<\/b>\u00a0<a href=\"https:\/\/www.booking.com\/hotel\/br\/zizi-home.es.html?aid=304142&amp;label=gen173bo-10CAEoggI46AdIClgDaEaIAQGYATO4AQfIAQ3YAQPoAQH4AQGIAgGYAiGoAgG4Apq9w8sGwAIB0gIkMDAyOWFiNGItYWQxNi00OWFkLWFmZGItMjNkMTBhZjU0ZWE32AIB4AIB&amp;sid=1efc7522d883c2b523c98d14e35cc7fd&amp;all_sr_blocks=301805605_335413219_2_0_0&amp;checkin=2026-06-16&amp;checkout=2026-06-17&amp;dest_id=3018056&amp;dest_type=hotel&amp;dist=0&amp;group_adults=2&amp;group_children=0&amp;hapos=1&amp;highlighted_blocks=301805605_335413219_2_0_0&amp;hpos=1&amp;matching_block_id=301805605_335413219_2_0_0&amp;no_rooms=1&amp;req_adults=2&amp;req_children=0&amp;room1=A%2CA&amp;sb_price_type=total&amp;sr_order=popularity&amp;sr_pri_blocks=301805605_335413219_2_0_0__16500&amp;srepoch=1769005344&amp;srpvid=5af3650e8d5404a2&amp;type=total&amp;ucfs=1&amp;\" target=\"_blank\" rel=\"noopener\">Zizi Home<\/a>: un bonito alojamiento a las afueras de Chapada. Lo mejor es la amabilidad de la propietaria y su atenci\u00f3n. Muy recomendable.<\/li><li><b><u>Aquidauna<\/u>:<\/b>\u00a0<a href=\"https:\/\/www.booking.com\/hotel\/br\/beira-rio-aquidauana1.es.html?aid=304142&amp;label=gen173bo-10CAEoggI46AdIClgDaEaIAQGYATO4AQfIAQ3YAQPoAQH4AQGIAgGYAiGoAgG4Apq9w8sGwAIB0gIkMDAyOWFiNGItYWQxNi00OWFkLWFmZGItMjNkMTBhZjU0ZWE32AIB4AIB&amp;sid=1efc7522d883c2b523c98d14e35cc7fd&amp;all_sr_blocks=1007917102_386504809_2_1_0&amp;checkin=2026-06-16&amp;checkout=2026-06-17&amp;dest_id=10079171&amp;dest_type=hotel&amp;dist=0&amp;group_adults=2&amp;group_children=0&amp;hapos=1&amp;highlighted_blocks=1007917102_386504809_2_1_0&amp;hpos=1&amp;matching_block_id=1007917102_386504809_2_1_0&amp;no_rooms=1&amp;req_adults=2&amp;req_children=0&amp;room1=A%2CA&amp;sb_price_type=total&amp;sr_order=popularity&amp;sr_pri_blocks=1007917102_386504809_2_1_0__19805&amp;srepoch=1769005419&amp;srpvid=1f8e6533e4d7034f&amp;type=total&amp;ucfs=1&amp;\" target=\"_blank\" rel=\"noopener\">Hotel Beira<\/a>: muy buen hotel al lado del R\u00edo Aquidauna. Lo mejor sin duda es su desayuno.<\/li><li><span style=\"font-size: 1rem;\"><u style=\"font-weight: bold;\">Pantanal Sur:\u00a0<\/u><\/span><a href=\"https:\/\/www.instagram.com\/whynot_pantanal\/?hl=es\" target=\"_blank\" rel=\"noopener\">Why not jaguar in Pantanal Sur:<\/a>\u00a0contacto de Tony, gu\u00eda tur\u00edstico que realiza tour privados por el R\u00edo Mirando. Si contratas el pack con \u00e9l, el alojamiento es en\u00a0<a href=\"https:\/\/pantanaljunglelodge.com.br\" target=\"_blank\" rel=\"noopener\">Pantanal Jungle lodge<\/a>, el cual es, un verdadero para\u00edso.<\/li><li><b><u>Bonito:\u00a0<\/u><\/b><a href=\"https:\/\/www.booking.com\/hotel\/br\/bonito-hi-hostel.es.html?aid=304142&amp;label=gen173bo-10CAEoggI46AdIClgDaEaIAQGYATO4AQfIAQ3YAQPoAQH4AQGIAgGYAiGoAgG4Apq9w8sGwAIB0gIkMDAyOWFiNGItYWQxNi00OWFkLWFmZGItMjNkMTBhZjU0ZWE32AIB4AIB&amp;sid=1efc7522d883c2b523c98d14e35cc7fd&amp;all_sr_blocks=53553711_273452225_2_1_0&amp;checkin=2026-06-16&amp;checkout=2026-06-17&amp;dest_id=535537&amp;dest_type=hotel&amp;dist=0&amp;group_adults=2&amp;group_children=0&amp;hapos=1&amp;highlighted_blocks=53553711_273452225_2_1_0&amp;hpos=1&amp;matching_block_id=53553711_273452225_2_1_0&amp;no_rooms=1&amp;req_adults=2&amp;req_children=0&amp;room1=A%2CA&amp;sb_price_type=total&amp;sr_order=popularity&amp;sr_pri_blocks=53553711_273452225_2_1_0__13401&amp;srepoch=1769006381&amp;srpvid=7c176714bd390078&amp;type=total&amp;ucfs=1&amp;\" target=\"_blank\" rel=\"noopener\">Bonito HI<\/a>: muy buenas instalaciones con ambiente juvenil. Tienen tambi\u00e9n \u00abagencia\u00bb para organizar actividades.<\/li><li><u style=\"font-weight: bold;\">Dourado:<\/u>\u00a0<a href=\"https:\/\/www.booking.com\/hotel\/br\/campo-verde-dourados.es.html?aid=304142&amp;label=gen173bo-10CAEoggI46AdIClgDaEaIAQGYATO4AQfIAQ3YAQPoAQH4AQGIAgGYAiGoAgG4Apq9w8sGwAIB0gIkMDAyOWFiNGItYWQxNi00OWFkLWFmZGItMjNkMTBhZjU0ZWE32AIB4AIB&amp;sid=1efc7522d883c2b523c98d14e35cc7fd&amp;all_sr_blocks=315143402_267918404_2_1_0&amp;checkin=2026-06-16&amp;checkout=2026-06-17&amp;dest_id=3151434&amp;dest_type=hotel&amp;dist=0&amp;group_adults=2&amp;group_children=0&amp;hapos=1&amp;highlighted_blocks=315143402_267918404_2_1_0&amp;hpos=1&amp;matching_block_id=315143402_267918404_2_1_0&amp;no_rooms=1&amp;req_adults=2&amp;req_children=0&amp;room1=A%2CA&amp;sb_price_type=total&amp;sr_order=popularity&amp;sr_pri_blocks=315143402_267918404_2_1_0__25000&amp;srepoch=1769006645&amp;srpvid=d4b26798c6b00376&amp;type=total&amp;ucfs=1&amp;\" target=\"_blank\" rel=\"noopener\">Hotel Campo Verde<\/a>: alojamiento no recomendado en el centro de Dourado.\u00a0<\/li><li><u style=\"font-weight: bold;\">Foz de Iguaz\u00fa:<\/u><a href=\"https:\/\/www.booking.com\/hotel\/br\/holiday.es.html?aid=304142&amp;label=gen173bo-10CAEoggI46AdIClgDaEaIAQGYATO4AQfIAQ3YAQPoAQH4AQGIAgGYAiGoAgG4Apq9w8sGwAIB0gIkMDAyOWFiNGItYWQxNi00OWFkLWFmZGItMjNkMTBhZjU0ZWE32AIB4AIB&amp;sid=1efc7522d883c2b523c98d14e35cc7fd&amp;all_sr_blocks=49649105_94687381_2_1_0_640911&amp;checkin=2026-06-16&amp;checkout=2026-06-17&amp;dest_id=-643720&amp;dest_type=city&amp;dist=0&amp;group_adults=2&amp;group_children=0&amp;hapos=20&amp;highlighted_blocks=49649105_94687381_2_1_0_640911&amp;hpos=20&amp;matching_block_id=49649105_94687381_2_1_0_640911&amp;nflt=ht_id%3D204&amp;no_rooms=1&amp;req_adults=2&amp;req_children=0&amp;room1=A%2CA&amp;sb_price_type=total&amp;sr_order=popularity&amp;sr_pri_blocks=49649105_94687381_2_1_0_640911_29160&amp;srepoch=1769006742&amp;srpvid=0f8b67c52a68045c&amp;type=total&amp;ucfs=1&amp;\" target=\"_blank\" rel=\"noopener\"> \u00a0Hotel Holiday Foz<\/a>: muy buena ubicaci\u00f3n, buenas instalaciones y mejor buffet. Alojamiento muy recomendable.<\/li><\/ul><\/li><\/ul>\t\t\t\t\t\t\t\t<\/div>\n\t\t\t\t<\/div>\n\t\t\t\t\t<\/div>\n\t\t<\/div>\n\t\t\t\t\t<\/div>\n\t\t<\/section>\n\t\t\t\t<section class=\"elementor-section elementor-top-section elementor-element elementor-element-14f045f7 elementor-section-boxed elementor-section-height-default elementor-section-height-default\" data-id=\"14f045f7\" data-element_type=\"section\" data-e-type=\"section\">\n\t\t\t\t\t\t<div class=\"elementor-container elementor-column-gap-default\">\n\t\t\t\t\t<div class=\"elementor-column elementor-col-100 elementor-top-column elementor-element elementor-element-255a30fd\" data-id=\"255a30fd\" data-element_type=\"column\" data-e-type=\"column\">\n\t\t\t<div class=\"elementor-widget-wrap elementor-element-populated\">\n\t\t\t\t\t\t<div class=\"elementor-element elementor-element-25862d42 elementor-widget elementor-widget-heading\" data-id=\"25862d42\" data-element_type=\"widget\" data-e-type=\"widget\" data-widget_type=\"heading.default\">\n\t\t\t\t<div class=\"elementor-widget-container\">\n\t\t\t\t\t<h2 class=\"elementor-heading-title elementor-size-default\">PRESUPUESTO<\/h2>\t\t\t\t<\/div>\n\t\t\t\t<\/div>\n\t\t\t\t<div class=\"elementor-element elementor-element-754a47 elementor-widget__width-initial elementor-widget elementor-widget-text-editor\" data-id=\"754a47\" data-element_type=\"widget\" data-e-type=\"widget\" data-widget_type=\"text-editor.default\">\n\t\t\t\t<div class=\"elementor-widget-container\">\n\t\t\t\t\t\t\t\t\t<p><b>&#8211; <\/b><u style=\"font-weight: bold;\">VUELOS:<\/u><span style=\"color: #ff0000;\"><b> 725\u20ac<\/b><\/span><\/p><ul><li>Madrid &#8211; S\u00e3o Paulo: 620\u20ac<\/li><li>S\u00e3o Paulo &#8211; Cuiab\u00e1: 45\u20ac<\/li><li>Foz de Iguaz\u00fa &#8211;\u00a0S\u00e3o Paulo: 88\u20ac<\/li><\/ul><p><span style=\"font-style: inherit;\"><b>&#8211; <u>COCHE<\/u><\/b><\/span><span style=\"font-style: inherit;\">: <span style=\"color: #ff0000;\"><b>765\u20ac<\/b><\/span><\/span><\/p><p><span style=\"font-style: inherit;\"><b>&#8211;<u>ALOJAMIENTOS<\/u><\/b>: <strong><span style=\"color: #ff0000;\">1736\u20ac<\/span> <\/strong>*En este precio est\u00e1n incluidos los safaris ya <\/span>que<span style=\"font-style: inherit;\">\u00a0iban incluidos en un pack junto con el alojamiento.\u00a0<\/span><\/p><ul><li style=\"list-style-type: none;\"><ul><li>Pocon\u00e9 \/ Canoas Hotel: 47\u20ac<\/li><li>Tour Pantanal Norte \/ Pousada Dona On\u00e7a 4D\/3N: 1000\u20ac<\/li><li>Chapada das Guimaraes \/ Zizi Home: 25\u20ac<\/li><li>Aquidauna \/ Hotel Beira 2N: 50\u20ac<\/li><li>Pantanal Sur\/ Why not Jaguar in Pantanal Sur 2N: 469\u20ac<\/li><li>Bonito \/ Hostal e Pousada: 26\u20ac<\/li><li>Dourado \/ Hotel Campo Verde: 24\u20ac<\/li><li>Foz de Iguaz\u00fa \/ Hotel Holiday Foz: 95\u20ac<\/li><\/ul><\/li><\/ul><p><strong>&#8211; <u>ACTIVIDADES:<\/u><span style=\"color: #ff0000;\"> 380\u20ac<\/span><\/strong><\/p><ul><li>Visita Buraco das Araras: 25\u20ac<\/li><li>Buceo Abismo Anhumas: 300\u20ac<\/li><li>Entradas Cataratas Iguaz\u00fa Brasil: 18\u20ac<\/li><li>Entradas Cataratas Iguaz\u00fa Argentina: 37\u20ac<\/li><\/ul><p><span style=\"font-style: inherit; font-weight: bold;\">&#8211; <\/span><u style=\"font-style: inherit; font-weight: bold;\">OTROS GASTOS:<\/u><span style=\"font-style: inherit; font-weight: bold;\">\u00a0<\/span><strong><span style=\"color: #ff0000;\">715<\/span><span style=\"font-style: inherit; color: #ff0000;\">\u20ac<\/span><\/strong><\/p><ul><li style=\"list-style-type: none;\"><ul><li>Esim: 40\u20ac<\/li><li>Seguro: 80\u20ac<\/li><li>Comida y bebida: 300\u20ac aprox\u00a0<\/li><li>Gasolina: 270\u20ac<\/li><li>Peajes: 25\u20ac<\/li><\/ul><\/li><\/ul><p><strong>&#8211; <u>PRESUPUESTO TOTAL APROXIMADO 1 PERSONA<\/u><\/strong>: <span style=\"color: #ff0000;\"><span style=\"caret-color: #ff0000;\"><b><u>4321\u20ac<\/u><\/b><\/span><\/span><\/p>\t\t\t\t\t\t\t\t<\/div>\n\t\t\t\t<\/div>\n\t\t\t\t\t<\/div>\n\t\t<\/div>\n\t\t\t\t\t<\/div>\n\t\t<\/section>\n\t\t\t\t<section class=\"elementor-section elementor-top-section elementor-element elementor-element-34c41642 elementor-section-boxed elementor-section-height-default elementor-section-height-default\" data-id=\"34c41642\" data-element_type=\"section\" data-e-type=\"section\">\n\t\t\t\t\t\t<div class=\"elementor-container elementor-column-gap-default\">\n\t\t\t\t\t<div class=\"elementor-column elementor-col-100 elementor-top-column elementor-element elementor-element-4a84ad6a\" data-id=\"4a84ad6a\" data-element_type=\"column\" data-e-type=\"column\">\n\t\t\t<div class=\"elementor-widget-wrap elementor-element-populated\">\n\t\t\t\t\t\t<div class=\"elementor-element elementor-element-6c42d91e elementor-widget elementor-widget-heading\" data-id=\"6c42d91e\" data-element_type=\"widget\" data-e-type=\"widget\" data-widget_type=\"heading.default\">\n\t\t\t\t<div class=\"elementor-widget-container\">\n\t\t\t\t\t<h2 class=\"elementor-heading-title elementor-size-default\">LA RUTA<\/h2>\t\t\t\t<\/div>\n\t\t\t\t<\/div>\n\t\t\t\t<div class=\"elementor-element elementor-element-39e73740 elementor-widget elementor-widget-html\" data-id=\"39e73740\" data-element_type=\"widget\" data-e-type=\"widget\" data-widget_type=\"html.default\">\n\t\t\t\t<div class=\"elementor-widget-container\">\n\t\t\t\t\t<iframe src=\"https:\/\/www.google.com\/maps\/d\/embed?mid=1Qy_Ph4_6J3A2r6tGV_uDqkWBJzIYUig&ehbc=2E312F\" width=\"640\" height=\"480\"><\/iframe>\t\t\t\t<\/div>\n\t\t\t\t<\/div>\n\t\t\t\t\t<\/div>\n\t\t<\/div>\n\t\t\t\t\t<\/div>\n\t\t<\/section>\n\t\t\t\t<\/div>\n\t\t","protected":false},"excerpt":{"rendered":"<p>ITINERARIO 15 D\u00cdAS &#8211; D\u00cdA 1:\u00a0Llegada a Cuiab\u00e1 y viaje hasta Pocon\u00e9\u00a0(100km\/1h30\u2032) &#8211; D\u00cdA 2:Viaje hasta Porto Jofre, coraz\u00f3n del Pantanal Norte (140 km). &#8211; D\u00cdA 3:\u00a0Safari 1 en\u00a0Parque Estatal Encontro das \u00c1guas. &#8211; D\u00cdA 4:\u00a0Safari 2 en\u00a0Parque Estatal Encontro das \u00c1guas. &#8211; D\u00cdA 5: Viaje a Chapada Das Guimaraes desde Porto Jofre (315\u202fkm). &#8211; [&hellip;]<\/p>\n","protected":false},"author":1,"featured_media":0,"parent":0,"menu_order":0,"comment_status":"closed","ping_status":"closed","template":"","meta":{"_uag_custom_page_level_css":"","site-sidebar-layout":"no-sidebar","site-content-layout":"","ast-site-content-layout":"full-width-container","site-content-style":"default","site-sidebar-style":"default","ast-global-header-display":"","ast-banner-title-visibility":"","ast-main-header-display":"","ast-hfb-above-header-display":"","ast-hfb-below-header-display":"","ast-hfb-mobile-header-display":"","site-post-title":"","ast-breadcrumbs-content":"","ast-featured-img":"disabled","footer-sml-layout":"","ast-disable-related-posts":"","theme-transparent-header-meta":"","adv-header-id-meta":"","stick-header-meta":"","header-above-stick-meta":"","header-main-stick-meta":"","header-below-stick-meta":"","astra-migrate-meta-layouts":"default","ast-page-background-enabled":"default","ast-page-background-meta":{"desktop":{"background-color":"var(--ast-global-color-4)","background-image":"","background-repeat":"repeat","background-position":"center center","background-size":"auto","background-attachment":"scroll","background-type":"","background-media":"","overlay-type":"","overlay-color":"","overlay-opacity":"","overlay-gradient":""},"tablet":{"background-color":"","background-image":"","background-repeat":"repeat","background-position":"center center","background-size":"auto","background-attachment":"scroll","background-type":"","background-media":"","overlay-type":"","overlay-color":"","overlay-opacity":"","overlay-gradient":""},"mobile":{"background-color":"","background-image":"","background-repeat":"repeat","background-position":"center center","background-size":"auto","background-attachment":"scroll","background-type":"","background-media":"","overlay-type":"","overlay-color":"","overlay-opacity":"","overlay-gradient":""}},"ast-content-background-meta":{"desktop":{"background-color":"var(--ast-global-color-5)","background-image":"","background-repeat":"repeat","background-position":"center center","background-size":"auto","background-attachment":"scroll","background-type":"","background-media":"","overlay-type":"","overlay-color":"","overlay-opacity":"","overlay-gradient":""},"tablet":{"background-color":"var(--ast-global-color-5)","background-image":"","background-repeat":"repeat","background-position":"center center","background-size":"auto","background-attachment":"scroll","background-type":"","background-media":"","overlay-type":"","overlay-color":"","overlay-opacity":"","overlay-gradient":""},"mobile":{"background-color":"var(--ast-global-color-5)","background-image":"","background-repeat":"repeat","background-position":"center center","background-size":"auto","background-attachment":"scroll","background-type":"","background-media":"","overlay-type":"","overlay-color":"","overlay-opacity":"","overlay-gradient":""}},"footnotes":""},"class_list":["post-11366","page","type-page","status-publish","hentry"],"uagb_featured_image_src":{"full":false,"thumbnail":false,"medium":false,"medium_large":false,"large":false,"1536x1536":false,"2048x2048":false,"bm-post-thumb":false,"bm-post-medium":false},"uagb_author_info":{"display_name":"admin","author_link":"https:\/\/www.ebanoviajes.com\/index.php\/author\/admin\/"},"uagb_comment_info":0,"uagb_excerpt":"ITINERARIO 15 D\u00cdAS &#8211; D\u00cdA 1:\u00a0Llegada a Cuiab\u00e1 y viaje hasta Pocon\u00e9\u00a0(100km\/1h30\u2032) &#8211; D\u00cdA 2:Viaje hasta Porto Jofre, coraz\u00f3n del Pantanal Norte (140 km). &#8211; D\u00cdA 3:\u00a0Safari 1 en\u00a0Parque Estatal Encontro das \u00c1guas. &#8211; D\u00cdA 4:\u00a0Safari 2 en\u00a0Parque Estatal Encontro das \u00c1guas. &#8211; D\u00cdA 5: Viaje a Chapada Das Guimaraes desde Porto Jofre (315\u202fkm). &#8211;&hellip;","_links":{"self":[{"href":"https:\/\/www.ebanoviajes.com\/index.php\/wp-json\/wp\/v2\/pages\/11366","targetHints":{"allow":["GET"]}}],"collection":[{"href":"https:\/\/www.ebanoviajes.com\/index.php\/wp-json\/wp\/v2\/pages"}],"about":[{"href":"https:\/\/www.ebanoviajes.com\/index.php\/wp-json\/wp\/v2\/types\/page"}],"author":[{"embeddable":true,"href":"https:\/\/www.ebanoviajes.com\/index.php\/wp-json\/wp\/v2\/users\/1"}],"replies":[{"embeddable":true,"href":"https:\/\/www.ebanoviajes.com\/index.php\/wp-json\/wp\/v2\/comments?post=11366"}],"version-history":[{"count":29,"href":"https:\/\/www.ebanoviajes.com\/index.php\/wp-json\/wp\/v2\/pages\/11366\/revisions"}],"predecessor-version":[{"id":11400,"href":"https:\/\/www.ebanoviajes.com\/index.php\/wp-json\/wp\/v2\/pages\/11366\/revisions\/11400"}],"wp:attachment":[{"href":"https:\/\/www.ebanoviajes.com\/index.php\/wp-json\/wp\/v2\/media?parent=11366"}],"curies":[{"name":"wp","href":"https:\/\/api.w.org\/{rel}","templated":true}]}}