{"id":11096,"date":"2025-10-15T14:17:26","date_gmt":"2025-10-15T14:17:26","guid":{"rendered":"https:\/\/www.ebanoviajes.com\/?page_id=11096"},"modified":"2026-01-21T14:48:14","modified_gmt":"2026-01-21T14:48:14","slug":"viaje-pantanal-brasil","status":"publish","type":"page","link":"https:\/\/www.ebanoviajes.com\/index.php\/viaje-pantanal-brasil\/","title":{"rendered":"VIAJE PANTANAL BRASIL"},"content":{"rendered":"\t\t<div data-elementor-type=\"wp-page\" data-elementor-id=\"11096\" class=\"elementor elementor-11096\">\n\t\t\t\t\t\t<section class=\"elementor-section elementor-top-section elementor-element elementor-element-be68255 elementor-section-full_width elementor-section-height-min-height elementor-section-height-default elementor-section-items-middle\" data-id=\"be68255\" data-element_type=\"section\" data-e-type=\"section\" data-settings=\"{&quot;background_background&quot;:&quot;classic&quot;}\">\n\t\t\t\t\t\t<div class=\"elementor-container elementor-column-gap-default\">\n\t\t\t\t\t<div class=\"elementor-column elementor-col-100 elementor-top-column elementor-element elementor-element-b5e6869\" data-id=\"b5e6869\" data-element_type=\"column\" data-e-type=\"column\">\n\t\t\t<div class=\"elementor-widget-wrap elementor-element-populated\">\n\t\t\t\t\t\t<div class=\"elementor-element elementor-element-10dcba0 elementor-widget elementor-widget-heading\" data-id=\"10dcba0\" data-element_type=\"widget\" data-e-type=\"widget\" data-widget_type=\"heading.default\">\n\t\t\t\t<div class=\"elementor-widget-container\">\n\t\t\t\t\t<h2 class=\"elementor-heading-title elementor-size-default\">BRASIL<\/h2>\t\t\t\t<\/div>\n\t\t\t\t<\/div>\n\t\t\t\t<div class=\"elementor-element elementor-element-9657158 elementor-widget elementor-widget-heading\" data-id=\"9657158\" data-element_type=\"widget\" data-e-type=\"widget\" data-widget_type=\"heading.default\">\n\t\t\t\t<div class=\"elementor-widget-container\">\n\t\t\t\t\t<h2 class=\"elementor-heading-title elementor-size-default\">UN VIAJE DE PANTANAL A IGUAZ\u00da<\/h2>\t\t\t\t<\/div>\n\t\t\t\t<\/div>\n\t\t\t\t\t<\/div>\n\t\t<\/div>\n\t\t\t\t\t<\/div>\n\t\t<\/section>\n\t\t\t\t<section class=\"elementor-section elementor-top-section elementor-element elementor-element-14bfa8c elementor-section-boxed elementor-section-height-default elementor-section-height-default\" data-id=\"14bfa8c\" data-element_type=\"section\" data-e-type=\"section\">\n\t\t\t\t\t\t<div class=\"elementor-container elementor-column-gap-default\">\n\t\t\t\t\t<div class=\"elementor-column elementor-col-100 elementor-top-column elementor-element elementor-element-f80d790\" data-id=\"f80d790\" data-element_type=\"column\" data-e-type=\"column\">\n\t\t\t<div class=\"elementor-widget-wrap elementor-element-populated\">\n\t\t\t\t\t\t<div class=\"elementor-element elementor-element-31e7a22 elementor-widget__width-initial elementor-widget elementor-widget-text-editor\" data-id=\"31e7a22\" data-element_type=\"widget\" data-e-type=\"widget\" data-widget_type=\"text-editor.default\">\n\t\t\t\t<div class=\"elementor-widget-container\">\n\t\t\t\t\t\t\t\t\t<p class=\"p1\"><span class=\"s1\"><b>El Pantanal, el coraz\u00f3n salvaje de Brasil<\/b><\/span>, es un mundo donde el agua, la tierra y el cielo se funden en un solo horizonte. Un para\u00edso oculto que alberga la mayor concentraci\u00f3n de fauna de Sudam\u00e9rica: jaguares sigilosos, caimanes inm\u00f3viles bajo el sol y bandadas de guacamayos que ti\u00f1en el aire de color.<span style=\"font-style: inherit;\">Recorrerlo de norte a sur es adentrarse en una de las regiones m\u00e1s puras y salvajes del continente, donde la naturaleza marca el ritmo y cada d\u00eda revela un paisaje distinto.\u00a0<\/span><span style=\"font-style: inherit;\">Desde los humedales del <\/span><span class=\"s1\" style=\"font-style: inherit;\"><b>Pantanal Norte<\/b><\/span><span style=\"font-style: inherit;\">, pasando por las llanuras y estancias del <\/span><span class=\"s1\" style=\"font-style: inherit;\"><b>Pantanal Sur<\/b><\/span><span style=\"font-style: inherit;\">, hasta llegar al estruendo majestuoso de las <\/span><span class=\"s1\" style=\"font-style: inherit;\"><b>Cataratas de Iguaz\u00fa<\/b><\/span><span style=\"font-style: inherit;\">, este viaje es una traves\u00eda a trav\u00e9s de los ecosistemas m\u00e1s impresionantes de Brasil, en busca de esa conexi\u00f3n profunda con lo natural que solo este rinc\u00f3n del mundo puede ofrecer.<\/span><\/p>\t\t\t\t\t\t\t\t<\/div>\n\t\t\t\t<\/div>\n\t\t\t\t<div class=\"elementor-element elementor-element-0d493c2 elementor-widget-divider--view-line_text elementor-widget-divider--element-align-center elementor-widget elementor-widget-divider\" data-id=\"0d493c2\" data-element_type=\"widget\" data-e-type=\"widget\" data-widget_type=\"divider.default\">\n\t\t\t\t<div class=\"elementor-widget-container\">\n\t\t\t\t\t\t\t<div class=\"elementor-divider\">\n\t\t\t<span class=\"elementor-divider-separator\">\n\t\t\t\t\t\t\t<span class=\"elementor-divider__text elementor-divider__element\">\n\t\t\t\tORGANIZA TU VIAJE\t\t\t\t<\/span>\n\t\t\t\t\t\t<\/span>\n\t\t<\/div>\n\t\t\t\t\t\t<\/div>\n\t\t\t\t<\/div>\n\t\t\t\t\t<\/div>\n\t\t<\/div>\n\t\t\t\t\t<\/div>\n\t\t<\/section>\n\t\t\t\t<section class=\"elementor-section elementor-top-section elementor-element elementor-element-22e3b2c elementor-section-boxed elementor-section-height-default elementor-section-height-default\" data-id=\"22e3b2c\" data-element_type=\"section\" data-e-type=\"section\">\n\t\t\t\t\t\t<div class=\"elementor-container elementor-column-gap-default\">\n\t\t\t\t\t<div class=\"elementor-column elementor-col-33 elementor-top-column elementor-element elementor-element-2696d2d\" data-id=\"2696d2d\" data-element_type=\"column\" data-e-type=\"column\">\n\t\t\t<div class=\"elementor-widget-wrap elementor-element-populated\">\n\t\t\t\t\t\t<div class=\"elementor-element elementor-element-62feb5d elementor-widget elementor-widget-image\" data-id=\"62feb5d\" data-element_type=\"widget\" data-e-type=\"widget\" data-widget_type=\"image.default\">\n\t\t\t\t<div class=\"elementor-widget-container\">\n\t\t\t\t\t\t\t\t\t\t\t\t\t\t\t<img fetchpriority=\"high\" decoding=\"async\" width=\"2048\" height=\"1957\" src=\"https:\/\/www.ebanoviajes.com\/wp-content\/uploads\/2025\/10\/DSC03650-2048x1957.jpg\" class=\"attachment-2048x2048 size-2048x2048 wp-image-11104\" alt=\"\" srcset=\"https:\/\/www.ebanoviajes.com\/wp-content\/uploads\/2025\/10\/DSC03650-2048x1957.jpg 2048w, https:\/\/www.ebanoviajes.com\/wp-content\/uploads\/2025\/10\/DSC03650-300x287.jpg 300w, https:\/\/www.ebanoviajes.com\/wp-content\/uploads\/2025\/10\/DSC03650-1024x979.jpg 1024w, https:\/\/www.ebanoviajes.com\/wp-content\/uploads\/2025\/10\/DSC03650-768x734.jpg 768w, https:\/\/www.ebanoviajes.com\/wp-content\/uploads\/2025\/10\/DSC03650-1536x1468.jpg 1536w\" sizes=\"(max-width: 2048px) 100vw, 2048px\" \/>\t\t\t\t\t\t\t\t\t\t\t\t\t\t\t<\/div>\n\t\t\t\t<\/div>\n\t\t\t\t<div class=\"elementor-element elementor-element-cd5401b elementor-align-justify elementor-widget elementor-widget-button\" data-id=\"cd5401b\" data-element_type=\"widget\" data-e-type=\"widget\" data-widget_type=\"button.default\">\n\t\t\t\t<div class=\"elementor-widget-container\">\n\t\t\t\t\t\t\t\t\t<div class=\"elementor-button-wrapper\">\n\t\t\t\t\t<a class=\"elementor-button elementor-button-link elementor-size-sm\" href=\"#\">\n\t\t\t\t\t\t<span class=\"elementor-button-content-wrapper\">\n\t\t\t\t\t\t\t\t\t<span class=\"elementor-button-text\">INFORMACI\u00d3N \u00daTIL Y PREPARATIVOS<\/span>\n\t\t\t\t\t<\/span>\n\t\t\t\t\t<\/a>\n\t\t\t\t<\/div>\n\t\t\t\t\t\t\t\t<\/div>\n\t\t\t\t<\/div>\n\t\t\t\t<div class=\"elementor-element elementor-element-06448fd elementor-widget elementor-widget-text-editor\" data-id=\"06448fd\" data-element_type=\"widget\" data-e-type=\"widget\" data-widget_type=\"text-editor.default\">\n\t\t\t\t<div class=\"elementor-widget-container\">\n\t\t\t\t\t\t\t\t\t<p>Para empezar, organiza tu viaje con toda la informaci\u00f3n necesaria:<\/p><ul><li>Visado.<\/li><li>Documentos Obligatorios.<\/li><li>Vacunas.\u00a0<\/li><li>Seguridad.<\/li><li>\u00a0<span title=\"Se ha encontrado un posible error ortogr\u00e1fico.\" data-type=\"misspelling\" data-suggestions=\"[{&quot;value&quot;:&quot;Mejore poca&quot;},{&quot;value&quot;:&quot;Mejor \u00e9poca&quot;},{&quot;value&quot;:&quot;Mejor poca&quot;},{&quot;value&quot;:&quot;Mejor \u00e9pocas&quot;},{&quot;value&quot;:&quot;Mejor evoca&quot;},{&quot;value&quot;:&quot;Mejor \u00e9pica&quot;},{&quot;value&quot;:&quot;Mejor apoca&quot;}]\" data-rule=\"MORFOLOGIK_RULE_ES\" data-word=\"Mejor epoca\">Mejor \u00e9poca<\/span>\u00a0y clima.<\/li><li>Transporte.<\/li><\/ul>\t\t\t\t\t\t\t\t<\/div>\n\t\t\t\t<\/div>\n\t\t\t\t\t<\/div>\n\t\t<\/div>\n\t\t\t\t<div class=\"elementor-column elementor-col-33 elementor-top-column elementor-element elementor-element-2370cd8\" data-id=\"2370cd8\" data-element_type=\"column\" data-e-type=\"column\">\n\t\t\t<div class=\"elementor-widget-wrap elementor-element-populated\">\n\t\t\t\t\t\t<div class=\"elementor-element elementor-element-86a516e elementor-widget elementor-widget-image\" data-id=\"86a516e\" data-element_type=\"widget\" data-e-type=\"widget\" data-widget_type=\"image.default\">\n\t\t\t\t<div class=\"elementor-widget-container\">\n\t\t\t\t\t\t\t\t\t\t\t\t\t\t\t<img decoding=\"async\" width=\"2048\" height=\"2048\" src=\"https:\/\/www.ebanoviajes.com\/wp-content\/uploads\/2025\/09\/0E808335-DC93-4BB6-88CA-42451649F768-2048x2048.jpeg\" class=\"attachment-2048x2048 size-2048x2048 wp-image-10759\" alt=\"\" srcset=\"https:\/\/www.ebanoviajes.com\/wp-content\/uploads\/2025\/09\/0E808335-DC93-4BB6-88CA-42451649F768-2048x2048.jpeg 2048w, https:\/\/www.ebanoviajes.com\/wp-content\/uploads\/2025\/09\/0E808335-DC93-4BB6-88CA-42451649F768-300x300.jpeg 300w, https:\/\/www.ebanoviajes.com\/wp-content\/uploads\/2025\/09\/0E808335-DC93-4BB6-88CA-42451649F768-1024x1024.jpeg 1024w, https:\/\/www.ebanoviajes.com\/wp-content\/uploads\/2025\/09\/0E808335-DC93-4BB6-88CA-42451649F768-150x150.jpeg 150w, https:\/\/www.ebanoviajes.com\/wp-content\/uploads\/2025\/09\/0E808335-DC93-4BB6-88CA-42451649F768-768x768.jpeg 768w, https:\/\/www.ebanoviajes.com\/wp-content\/uploads\/2025\/09\/0E808335-DC93-4BB6-88CA-42451649F768-1536x1536.jpeg 1536w, https:\/\/www.ebanoviajes.com\/wp-content\/uploads\/2025\/09\/0E808335-DC93-4BB6-88CA-42451649F768-250x250.jpeg 250w\" sizes=\"(max-width: 2048px) 100vw, 2048px\" \/>\t\t\t\t\t\t\t\t\t\t\t\t\t\t\t<\/div>\n\t\t\t\t<\/div>\n\t\t\t\t<div class=\"elementor-element elementor-element-9a47d4a elementor-align-justify elementor-widget elementor-widget-button\" data-id=\"9a47d4a\" data-element_type=\"widget\" data-e-type=\"widget\" data-widget_type=\"button.default\">\n\t\t\t\t<div class=\"elementor-widget-container\">\n\t\t\t\t\t\t\t\t\t<div class=\"elementor-button-wrapper\">\n\t\t\t\t\t<a class=\"elementor-button elementor-button-link elementor-size-sm\" href=\"https:\/\/www.ebanoviajes.com\/index.php\/c\/\">\n\t\t\t\t\t\t<span class=\"elementor-button-content-wrapper\">\n\t\t\t\t\t\t\t\t\t<span class=\"elementor-button-text\">CUADERNO DE VIAJE<\/span>\n\t\t\t\t\t<\/span>\n\t\t\t\t\t<\/a>\n\t\t\t\t<\/div>\n\t\t\t\t\t\t\t\t<\/div>\n\t\t\t\t<\/div>\n\t\t\t\t<div class=\"elementor-element elementor-element-dbbcea4 elementor-widget elementor-widget-text-editor\" data-id=\"dbbcea4\" data-element_type=\"widget\" data-e-type=\"widget\" data-widget_type=\"text-editor.default\">\n\t\t\t\t<div class=\"elementor-widget-container\">\n\t\t\t\t\t\t\t\t\t<p>Continua echando un ojo al <b>itinerario<\/b>, <b>alojamientos<\/b>, y <b>presupuesto<\/b>.<\/p>\t\t\t\t\t\t\t\t<\/div>\n\t\t\t\t<\/div>\n\t\t\t\t\t<\/div>\n\t\t<\/div>\n\t\t\t\t<div class=\"elementor-column elementor-col-33 elementor-top-column elementor-element elementor-element-6f82fc8\" data-id=\"6f82fc8\" data-element_type=\"column\" data-e-type=\"column\">\n\t\t\t<div class=\"elementor-widget-wrap elementor-element-populated\">\n\t\t\t\t\t\t<div class=\"elementor-element elementor-element-c16b44c elementor-widget elementor-widget-image\" data-id=\"c16b44c\" data-element_type=\"widget\" data-e-type=\"widget\" data-widget_type=\"image.default\">\n\t\t\t\t<div class=\"elementor-widget-container\">\n\t\t\t\t\t\t\t\t\t\t\t\t\t\t\t<img decoding=\"async\" width=\"2048\" height=\"2048\" src=\"https:\/\/www.ebanoviajes.com\/wp-content\/uploads\/2025\/09\/1AD9FC81-0417-4F9E-9FFB-7BAAC9A72687-2048x2048.jpeg\" class=\"attachment-2048x2048 size-2048x2048 wp-image-10768\" alt=\"\" srcset=\"https:\/\/www.ebanoviajes.com\/wp-content\/uploads\/2025\/09\/1AD9FC81-0417-4F9E-9FFB-7BAAC9A72687-2048x2048.jpeg 2048w, https:\/\/www.ebanoviajes.com\/wp-content\/uploads\/2025\/09\/1AD9FC81-0417-4F9E-9FFB-7BAAC9A72687-300x300.jpeg 300w, https:\/\/www.ebanoviajes.com\/wp-content\/uploads\/2025\/09\/1AD9FC81-0417-4F9E-9FFB-7BAAC9A72687-1024x1024.jpeg 1024w, https:\/\/www.ebanoviajes.com\/wp-content\/uploads\/2025\/09\/1AD9FC81-0417-4F9E-9FFB-7BAAC9A72687-150x150.jpeg 150w, https:\/\/www.ebanoviajes.com\/wp-content\/uploads\/2025\/09\/1AD9FC81-0417-4F9E-9FFB-7BAAC9A72687-768x768.jpeg 768w, https:\/\/www.ebanoviajes.com\/wp-content\/uploads\/2025\/09\/1AD9FC81-0417-4F9E-9FFB-7BAAC9A72687-1536x1536.jpeg 1536w, https:\/\/www.ebanoviajes.com\/wp-content\/uploads\/2025\/09\/1AD9FC81-0417-4F9E-9FFB-7BAAC9A72687-250x250.jpeg 250w\" sizes=\"(max-width: 2048px) 100vw, 2048px\" \/>\t\t\t\t\t\t\t\t\t\t\t\t\t\t\t<\/div>\n\t\t\t\t<\/div>\n\t\t\t\t<div class=\"elementor-element elementor-element-63c61b5 elementor-align-justify elementor-widget elementor-widget-button\" data-id=\"63c61b5\" data-element_type=\"widget\" data-e-type=\"widget\" data-widget_type=\"button.default\">\n\t\t\t\t<div class=\"elementor-widget-container\">\n\t\t\t\t\t\t\t\t\t<div class=\"elementor-button-wrapper\">\n\t\t\t\t\t<a class=\"elementor-button elementor-button-link elementor-size-sm\" href=\"https:\/\/www.ebanoviajes.com\/index.php\/diario-de-viaje-pantanal-brasil\/\">\n\t\t\t\t\t\t<span class=\"elementor-button-content-wrapper\">\n\t\t\t\t\t\t\t\t\t<span class=\"elementor-button-text\">DIARIO<\/span>\n\t\t\t\t\t<\/span>\n\t\t\t\t\t<\/a>\n\t\t\t\t<\/div>\n\t\t\t\t\t\t\t\t<\/div>\n\t\t\t\t<\/div>\n\t\t\t\t<div class=\"elementor-element elementor-element-b75a30d elementor-widget elementor-widget-text-editor\" data-id=\"b75a30d\" data-element_type=\"widget\" data-e-type=\"widget\" data-widget_type=\"text-editor.default\">\n\t\t\t\t<div class=\"elementor-widget-container\">\n\t\t\t\t\t\t\t\t\t<p>Termina leyendo mi<b> diario de viaje de 17 d\u00edas <\/b>desde Pantanal Norte hasta Iguaz\u00fa, en un viaje por tierra y r\u00edos de m\u00e1s de <b>3000 kil\u00f3metros<\/b>.<\/p>\t\t\t\t\t\t\t\t<\/div>\n\t\t\t\t<\/div>\n\t\t\t\t\t<\/div>\n\t\t<\/div>\n\t\t\t\t\t<\/div>\n\t\t<\/section>\n\t\t\t\t<\/div>\n\t\t","protected":false},"excerpt":{"rendered":"<p>BRASIL UN VIAJE DE PANTANAL A IGUAZ\u00da El Pantanal, el coraz\u00f3n salvaje de Brasil, es un mundo donde el agua, la tierra y el cielo se funden en un solo horizonte. Un para\u00edso oculto que alberga la mayor concentraci\u00f3n de fauna de Sudam\u00e9rica: jaguares sigilosos, caimanes inm\u00f3viles bajo el sol y bandadas de guacamayos que [&hellip;]<\/p>\n","protected":false},"author":1,"featured_media":0,"parent":0,"menu_order":0,"comment_status":"closed","ping_status":"closed","template":"","meta":{"_uag_custom_page_level_css":"","site-sidebar-layout":"no-sidebar","site-content-layout":"","ast-site-content-layout":"full-width-container","site-content-style":"default","site-sidebar-style":"default","ast-global-header-display":"","ast-banner-title-visibility":"","ast-main-header-display":"","ast-hfb-above-header-display":"","ast-hfb-below-header-display":"","ast-hfb-mobile-header-display":"","site-post-title":"disabled","ast-breadcrumbs-content":"","ast-featured-img":"disabled","footer-sml-layout":"","ast-disable-related-posts":"","theme-transparent-header-meta":"","adv-header-id-meta":"","stick-header-meta":"","header-above-stick-meta":"","header-main-stick-meta":"","header-below-stick-meta":"","astra-migrate-meta-layouts":"default","ast-page-background-enabled":"default","ast-page-background-meta":{"desktop":{"background-color":"var(--ast-global-color-4)","background-image":"","background-repeat":"repeat","background-position":"center center","background-size":"auto","background-attachment":"scroll","background-type":"","background-media":"","overlay-type":"","overlay-color":"","overlay-opacity":"","overlay-gradient":""},"tablet":{"background-color":"","background-image":"","background-repeat":"repeat","background-position":"center center","background-size":"auto","background-attachment":"scroll","background-type":"","background-media":"","overlay-type":"","overlay-color":"","overlay-opacity":"","overlay-gradient":""},"mobile":{"background-color":"","background-image":"","background-repeat":"repeat","background-position":"center center","background-size":"auto","background-attachment":"scroll","background-type":"","background-media":"","overlay-type":"","overlay-color":"","overlay-opacity":"","overlay-gradient":""}},"ast-content-background-meta":{"desktop":{"background-color":"var(--ast-global-color-5)","background-image":"","background-repeat":"repeat","background-position":"center center","background-size":"auto","background-attachment":"scroll","background-type":"","background-media":"","overlay-type":"","overlay-color":"","overlay-opacity":"","overlay-gradient":""},"tablet":{"background-color":"var(--ast-global-color-5)","background-image":"","background-repeat":"repeat","background-position":"center center","background-size":"auto","background-attachment":"scroll","background-type":"","background-media":"","overlay-type":"","overlay-color":"","overlay-opacity":"","overlay-gradient":""},"mobile":{"background-color":"var(--ast-global-color-5)","background-image":"","background-repeat":"repeat","background-position":"center center","background-size":"auto","background-attachment":"scroll","background-type":"","background-media":"","overlay-type":"","overlay-color":"","overlay-opacity":"","overlay-gradient":""}},"footnotes":""},"class_list":["post-11096","page","type-page","status-publish","hentry"],"uagb_featured_image_src":{"full":false,"thumbnail":false,"medium":false,"medium_large":false,"large":false,"1536x1536":false,"2048x2048":false,"bm-post-thumb":false,"bm-post-medium":false},"uagb_author_info":{"display_name":"admin","author_link":"https:\/\/www.ebanoviajes.com\/index.php\/author\/admin\/"},"uagb_comment_info":0,"uagb_excerpt":"BRASIL UN VIAJE DE PANTANAL A IGUAZ\u00da El Pantanal, el coraz\u00f3n salvaje de Brasil, es un mundo donde el agua, la tierra y el cielo se funden en un solo horizonte. Un para\u00edso oculto que alberga la mayor concentraci\u00f3n de fauna de Sudam\u00e9rica: jaguares sigilosos, caimanes inm\u00f3viles bajo el sol y bandadas de guacamayos que&hellip;","_links":{"self":[{"href":"https:\/\/www.ebanoviajes.com\/index.php\/wp-json\/wp\/v2\/pages\/11096","targetHints":{"allow":["GET"]}}],"collection":[{"href":"https:\/\/www.ebanoviajes.com\/index.php\/wp-json\/wp\/v2\/pages"}],"about":[{"href":"https:\/\/www.ebanoviajes.com\/index.php\/wp-json\/wp\/v2\/types\/page"}],"author":[{"embeddable":true,"href":"https:\/\/www.ebanoviajes.com\/index.php\/wp-json\/wp\/v2\/users\/1"}],"replies":[{"embeddable":true,"href":"https:\/\/www.ebanoviajes.com\/index.php\/wp-json\/wp\/v2\/comments?post=11096"}],"version-history":[{"count":23,"href":"https:\/\/www.ebanoviajes.com\/index.php\/wp-json\/wp\/v2\/pages\/11096\/revisions"}],"predecessor-version":[{"id":11389,"href":"https:\/\/www.ebanoviajes.com\/index.php\/wp-json\/wp\/v2\/pages\/11096\/revisions\/11389"}],"wp:attachment":[{"href":"https:\/\/www.ebanoviajes.com\/index.php\/wp-json\/wp\/v2\/media?parent=11096"}],"curies":[{"name":"wp","href":"https:\/\/api.w.org\/{rel}","templated":true}]}}