{"id":10728,"date":"2025-09-21T18:27:06","date_gmt":"2025-09-21T18:27:06","guid":{"rendered":"https:\/\/www.ebanoviajes.com\/?page_id=10728"},"modified":"2025-09-21T18:41:50","modified_gmt":"2025-09-21T18:41:50","slug":"informacion-para-viajar-a-komodo","status":"publish","type":"page","link":"https:\/\/www.ebanoviajes.com\/index.php\/informacion-para-viajar-a-komodo\/","title":{"rendered":"INFORMACI\u00d3N PARA VIAJAR A KOMODO"},"content":{"rendered":"\t\t<div data-elementor-type=\"wp-page\" data-elementor-id=\"10728\" class=\"elementor elementor-10728\">\n\t\t\t\t\t\t<section class=\"elementor-section elementor-top-section elementor-element elementor-element-36bd8e10 elementor-section-full_width elementor-section-height-min-height elementor-section-height-default elementor-section-items-middle\" data-id=\"36bd8e10\" data-element_type=\"section\" data-e-type=\"section\" data-settings=\"{&quot;background_background&quot;:&quot;classic&quot;}\">\n\t\t\t\t\t\t<div class=\"elementor-container elementor-column-gap-default\">\n\t\t\t\t\t<div class=\"elementor-column elementor-col-100 elementor-top-column elementor-element elementor-element-66f4e12\" data-id=\"66f4e12\" data-element_type=\"column\" data-e-type=\"column\">\n\t\t\t<div class=\"elementor-widget-wrap\">\n\t\t\t\t\t\t\t<\/div>\n\t\t<\/div>\n\t\t\t\t\t<\/div>\n\t\t<\/section>\n\t\t\t\t<section class=\"elementor-section elementor-top-section elementor-element elementor-element-4aa9c01a elementor-section-boxed elementor-section-height-default elementor-section-height-default\" data-id=\"4aa9c01a\" data-element_type=\"section\" data-e-type=\"section\">\n\t\t\t\t\t\t<div class=\"elementor-container elementor-column-gap-default\">\n\t\t\t\t\t<div class=\"elementor-column elementor-col-100 elementor-top-column elementor-element elementor-element-3044f16a\" data-id=\"3044f16a\" data-element_type=\"column\" data-e-type=\"column\">\n\t\t\t<div class=\"elementor-widget-wrap elementor-element-populated\">\n\t\t\t\t\t\t<div class=\"elementor-element elementor-element-7d04a5f5 elementor-widget elementor-widget-heading\" data-id=\"7d04a5f5\" data-element_type=\"widget\" data-e-type=\"widget\" data-widget_type=\"heading.default\">\n\t\t\t\t<div class=\"elementor-widget-container\">\n\t\t\t\t\t<h2 class=\"elementor-heading-title elementor-size-default\">1- \u00bfHACE FALTA VISADO?<\/h2>\t\t\t\t<\/div>\n\t\t\t\t<\/div>\n\t\t\t\t<div class=\"elementor-element elementor-element-125f79c1 elementor-widget elementor-widget-text-editor\" data-id=\"125f79c1\" data-element_type=\"widget\" data-e-type=\"widget\" data-widget_type=\"text-editor.default\">\n\t\t\t\t<div class=\"elementor-widget-container\">\n\t\t\t\t\t\t\t\t\t<p>El <span style=\"color: #ff9900;\"><strong>visado<\/strong><\/span> para entrar en Indonesia es <b><span style=\"color: #ff9900;\">obligatorio<\/span>.<\/b> Puede obtenerse en el mismo <b>aeropuerto<\/b>\u00a0<i>Visa On Arrival (VOE)<\/i>. Sin embargo, la forma m\u00e1s c\u00f3moda de hacer el tr\u00e1mite es a trav\u00e9s de la siguiente\u00a0<a href=\"https:\/\/evisa.imigrasi.go.id\" target=\"_blank\" rel=\"noopener\">web<\/a>\u00a0considerada como <i>Electronic Visa On Arrival (e-VOE)<\/i>.\u00a0<\/p><p>Tiene un coste de<b><span style=\"color: #ff0000;\"> 35$<\/span><\/b> y es v\u00e1lido por <b>30 d\u00edas<\/b>, o <b>\u00a0<span style=\"color: #ff0000;\">100$ <\/span><\/b>en caso de querer permanecer hasta<b> 60 d\u00edas (VISA C1).<\/b><\/p>\t\t\t\t\t\t\t\t<\/div>\n\t\t\t\t<\/div>\n\t\t\t\t\t<\/div>\n\t\t<\/div>\n\t\t\t\t\t<\/div>\n\t\t<\/section>\n\t\t\t\t<section class=\"elementor-section elementor-top-section elementor-element elementor-element-415dfa6a elementor-section-boxed elementor-section-height-default elementor-section-height-default\" data-id=\"415dfa6a\" data-element_type=\"section\" data-e-type=\"section\">\n\t\t\t\t\t\t<div class=\"elementor-container elementor-column-gap-default\">\n\t\t\t\t\t<div class=\"elementor-column elementor-col-100 elementor-top-column elementor-element elementor-element-7c46ce19\" data-id=\"7c46ce19\" data-element_type=\"column\" data-e-type=\"column\">\n\t\t\t<div class=\"elementor-widget-wrap elementor-element-populated\">\n\t\t\t\t\t\t<div class=\"elementor-element elementor-element-5723d860 elementor-widget elementor-widget-heading\" data-id=\"5723d860\" data-element_type=\"widget\" data-e-type=\"widget\" data-widget_type=\"heading.default\">\n\t\t\t\t<div class=\"elementor-widget-container\">\n\t\t\t\t\t<h2 class=\"elementor-heading-title elementor-size-default\">2- \u00bfQUE DOCUMENTOS OBLIGATORIOS NECESITO?<\/h2>\t\t\t\t<\/div>\n\t\t\t\t<\/div>\n\t\t\t\t\t<\/div>\n\t\t<\/div>\n\t\t\t\t\t<\/div>\n\t\t<\/section>\n\t\t\t\t<section class=\"elementor-section elementor-top-section elementor-element elementor-element-398151b4 elementor-section-boxed elementor-section-height-default elementor-section-height-default\" data-id=\"398151b4\" data-element_type=\"section\" data-e-type=\"section\">\n\t\t\t\t\t\t<div class=\"elementor-container elementor-column-gap-default\">\n\t\t\t\t\t<div class=\"elementor-column elementor-col-100 elementor-top-column elementor-element elementor-element-3d1b12c3\" data-id=\"3d1b12c3\" data-element_type=\"column\" data-e-type=\"column\">\n\t\t\t<div class=\"elementor-widget-wrap elementor-element-populated\">\n\t\t\t\t\t\t<div class=\"elementor-element elementor-element-b50a922 elementor-widget elementor-widget-text-editor\" data-id=\"b50a922\" data-element_type=\"widget\" data-e-type=\"widget\" data-widget_type=\"text-editor.default\">\n\t\t\t\t<div class=\"elementor-widget-container\">\n\t\t\t\t\t\t\t\t\t<p>Actualmente en <b>2025<\/b>, son obligatorios:<\/p><p>1- <span style=\"color: #ff9900;\"><b>Pasaporte<\/b><\/span> en vigor, con una <b>validez m\u00ednima de 6 meses<\/b>.<\/p><p>2- <span style=\"color: #ff9900;\"><b>Billete ida y vuelta<\/b>.<\/span><\/p><p>3- <span style=\"color: #ff9900;\"><b>Vacuna fiebre amarilla <\/b><\/span>en caso de haber visitado un pa\u00eds end\u00e9mico en los 6 meses previos.<\/p><p>4- <span style=\"color: #ff9900;\"><b>Declaraci\u00f3n \u00abAll INDONESIA\u00bb <\/b><\/span>3 d\u00edas antes de la entrada al pa\u00eds. Puedes tramitarlo en<b>\u00a0<\/b><a href=\"https:\/\/allindonesia.imigrasi.go.id\" target=\"_blank\" rel=\"noopener\">este enlace<\/a><b>.<\/b><\/p>\t\t\t\t\t\t\t\t<\/div>\n\t\t\t\t<\/div>\n\t\t\t\t\t<\/div>\n\t\t<\/div>\n\t\t\t\t\t<\/div>\n\t\t<\/section>\n\t\t\t\t<section class=\"elementor-section elementor-top-section elementor-element elementor-element-343f154d elementor-section-boxed elementor-section-height-default elementor-section-height-default\" data-id=\"343f154d\" data-element_type=\"section\" data-e-type=\"section\">\n\t\t\t\t\t\t<div class=\"elementor-container elementor-column-gap-default\">\n\t\t\t\t\t<div class=\"elementor-column elementor-col-100 elementor-top-column elementor-element elementor-element-7dbe438f\" data-id=\"7dbe438f\" data-element_type=\"column\" data-e-type=\"column\">\n\t\t\t<div class=\"elementor-widget-wrap elementor-element-populated\">\n\t\t\t\t\t\t<div class=\"elementor-element elementor-element-2eab2291 elementor-widget elementor-widget-heading\" data-id=\"2eab2291\" data-element_type=\"widget\" data-e-type=\"widget\" data-widget_type=\"heading.default\">\n\t\t\t\t<div class=\"elementor-widget-container\">\n\t\t\t\t\t<h2 class=\"elementor-heading-title elementor-size-default\">3- \u00bfHACE FALTA VACUNARSE?<\/h2>\t\t\t\t<\/div>\n\t\t\t\t<\/div>\n\t\t\t\t\t<\/div>\n\t\t<\/div>\n\t\t\t\t\t<\/div>\n\t\t<\/section>\n\t\t\t\t<section class=\"elementor-section elementor-top-section elementor-element elementor-element-3fa26c62 elementor-section-boxed elementor-section-height-default elementor-section-height-default\" data-id=\"3fa26c62\" data-element_type=\"section\" data-e-type=\"section\">\n\t\t\t\t\t\t<div class=\"elementor-container elementor-column-gap-default\">\n\t\t\t\t\t<div class=\"elementor-column elementor-col-100 elementor-top-column elementor-element elementor-element-529a426e\" data-id=\"529a426e\" data-element_type=\"column\" data-e-type=\"column\">\n\t\t\t<div class=\"elementor-widget-wrap elementor-element-populated\">\n\t\t\t\t\t\t<div class=\"elementor-element elementor-element-5092898a elementor-widget__width-initial elementor-widget elementor-widget-text-editor\" data-id=\"5092898a\" data-element_type=\"widget\" data-e-type=\"widget\" data-widget_type=\"text-editor.default\">\n\t\t\t\t<div class=\"elementor-widget-container\">\n\t\t\t\t\t\t\t\t\t<p><span style=\"font-style: inherit;\">La \u00fanica vacuna <span style=\"color: #ff9900;\"><b>obligatoria<\/b><\/span> es la <b><span style=\"color: #ff9900;\">fiebre amarilla<\/span>, <\/b>sin embargo, se aconseja la vacuna de la hepatitis A, del t\u00e9tanos y de la fiebre tifoidea. Independientemente,<b>\u00a0<\/b>antes de iniciar el viaje se recomienda consultar a su centro de vacunaci\u00f3n internacional, as\u00ed como leer las recomendaciones sanitarias por pa\u00edses del\u00a0<\/span><a style=\"font-style: inherit;\" href=\"https:\/\/www.sanidad.gob.es\/areas\/sanidadExterior\/laSaludTambienViaja\/consejosSanitarios\/home.htm\" target=\"_blank\" rel=\"noopener\">Ministerio de Sanidad<\/a>.<\/p><p>\u00a0<\/p>\t\t\t\t\t\t\t\t<\/div>\n\t\t\t\t<\/div>\n\t\t\t\t\t<\/div>\n\t\t<\/div>\n\t\t\t\t\t<\/div>\n\t\t<\/section>\n\t\t\t\t<section class=\"elementor-section elementor-top-section elementor-element elementor-element-6f0bbe4a elementor-section-boxed elementor-section-height-default elementor-section-height-default\" data-id=\"6f0bbe4a\" data-element_type=\"section\" data-e-type=\"section\">\n\t\t\t\t\t\t<div class=\"elementor-container elementor-column-gap-default\">\n\t\t\t\t\t<div class=\"elementor-column elementor-col-100 elementor-top-column elementor-element elementor-element-ad1457b\" data-id=\"ad1457b\" data-element_type=\"column\" data-e-type=\"column\">\n\t\t\t<div class=\"elementor-widget-wrap elementor-element-populated\">\n\t\t\t\t\t\t<div class=\"elementor-element elementor-element-58a51875 elementor-widget elementor-widget-heading\" data-id=\"58a51875\" data-element_type=\"widget\" data-e-type=\"widget\" data-widget_type=\"heading.default\">\n\t\t\t\t<div class=\"elementor-widget-container\">\n\t\t\t\t\t<h2 class=\"elementor-heading-title elementor-size-default\">4- \u00bfES UN PA\u00cdS SEGURO?<\/h2>\t\t\t\t<\/div>\n\t\t\t\t<\/div>\n\t\t\t\t\t<\/div>\n\t\t<\/div>\n\t\t\t\t\t<\/div>\n\t\t<\/section>\n\t\t\t\t<section class=\"elementor-section elementor-top-section elementor-element elementor-element-5d4d29 elementor-section-boxed elementor-section-height-default elementor-section-height-default\" data-id=\"5d4d29\" data-element_type=\"section\" data-e-type=\"section\">\n\t\t\t\t\t\t<div class=\"elementor-container elementor-column-gap-default\">\n\t\t\t\t\t<div class=\"elementor-column elementor-col-100 elementor-top-column elementor-element elementor-element-5db83968\" data-id=\"5db83968\" data-element_type=\"column\" data-e-type=\"column\">\n\t\t\t<div class=\"elementor-widget-wrap elementor-element-populated\">\n\t\t\t\t\t\t<div class=\"elementor-element elementor-element-60a8e12a elementor-widget elementor-widget-text-editor\" data-id=\"60a8e12a\" data-element_type=\"widget\" data-e-type=\"widget\" data-widget_type=\"text-editor.default\">\n\t\t\t\t<div class=\"elementor-widget-container\">\n\t\t\t\t\t\t\t\t\t<p class=\"p1\">En general, <span class=\"s1\" style=\"color: #ff9900;\"><b>Indonesia es un pa\u00eds seguro para los viajeros<\/b><\/span>. La criminalidad violenta es muy baja y la gente local es incre\u00edblemente amable. El mayor riesgo suele ser el <span class=\"s1\"><b>tr\u00e1fico ca\u00f3tico<\/b><\/span>, as\u00ed que si alquilas moto usa siempre casco y conduce con precauci\u00f3n.<\/p><p class=\"p1\">Tambi\u00e9n conviene protegerse de los <span class=\"s1\"><b>mosquitos<\/b><\/span> (dengue, malaria en algunas zonas) y beber siempre agua embotellada. Inf\u00f3rmate si viajas en temporada de lluvias, ya que puede haber inundaciones o caminos cortados.<\/p><p class=\"p1\">Con sentido com\u00fan, respeto por la cultura local y un buen seguro de viaje, lo m\u00e1s probable es que tu experiencia en Indonesia sea tan segura como inolvidable.<\/p>\t\t\t\t\t\t\t\t<\/div>\n\t\t\t\t<\/div>\n\t\t\t\t\t<\/div>\n\t\t<\/div>\n\t\t\t\t\t<\/div>\n\t\t<\/section>\n\t\t\t\t<section class=\"elementor-section elementor-top-section elementor-element elementor-element-587237c8 elementor-section-boxed elementor-section-height-default elementor-section-height-default\" data-id=\"587237c8\" data-element_type=\"section\" data-e-type=\"section\">\n\t\t\t\t\t\t<div class=\"elementor-container elementor-column-gap-default\">\n\t\t\t\t\t<div class=\"elementor-column elementor-col-100 elementor-top-column elementor-element elementor-element-2a6f0204\" data-id=\"2a6f0204\" data-element_type=\"column\" data-e-type=\"column\">\n\t\t\t<div class=\"elementor-widget-wrap elementor-element-populated\">\n\t\t\t\t\t\t<div class=\"elementor-element elementor-element-54a53368 elementor-widget elementor-widget-heading\" data-id=\"54a53368\" data-element_type=\"widget\" data-e-type=\"widget\" data-widget_type=\"heading.default\">\n\t\t\t\t<div class=\"elementor-widget-container\">\n\t\t\t\t\t<h2 class=\"elementor-heading-title elementor-size-default\">5- \u00bfCU\u00c1L ES LA MEJOR \u00c9POCA PARA VIAJAR A INDONESIA? <\/h2>\t\t\t\t<\/div>\n\t\t\t\t<\/div>\n\t\t\t\t\t<\/div>\n\t\t<\/div>\n\t\t\t\t\t<\/div>\n\t\t<\/section>\n\t\t\t\t<section class=\"elementor-section elementor-top-section elementor-element elementor-element-7b20f46 elementor-section-boxed elementor-section-height-default elementor-section-height-default\" data-id=\"7b20f46\" data-element_type=\"section\" data-e-type=\"section\">\n\t\t\t\t\t\t<div class=\"elementor-container elementor-column-gap-default\">\n\t\t\t\t\t<div class=\"elementor-column elementor-col-100 elementor-top-column elementor-element elementor-element-6b1e1b1c\" data-id=\"6b1e1b1c\" data-element_type=\"column\" data-e-type=\"column\">\n\t\t\t<div class=\"elementor-widget-wrap elementor-element-populated\">\n\t\t\t\t\t\t<div class=\"elementor-element elementor-element-7795b809 elementor-widget elementor-widget-text-editor\" data-id=\"7795b809\" data-element_type=\"widget\" data-e-type=\"widget\" data-widget_type=\"text-editor.default\">\n\t\t\t\t<div class=\"elementor-widget-container\">\n\t\t\t\t\t\t\t\t\t<p><span style=\"color: #99cc00;\"><strong>&#8211;<\/strong> <b>Mejores meses (Temporada alta &#8211; Temporada seca)<\/b><\/span>:<u>\u00a0Mayo, Junio y Septiembre<\/u>. Estos meses corresponden con la <b>\u00e9poca seca<\/b>, por lo que el buen tiempo esta\u00a0asegurado. Aunque en cuanto a condiciones clim\u00e1ticas Julio y Agosto son dos buenas opciones, hay que tratar de evitarlos si quieres huir del turismo masificado.\u00a0<\/p><p><span style=\"color: #ff0000;\"><strong>&#8211; Peores meses (Temporada baja &#8211; Temporada lluvia):<\/strong><\/span><u> Diciembre, Enero y Febrero<\/u>. Estos meses corresponden con la <b>\u00e9poca de lluvias<\/b>. Las tormentas son frecuentes y el mar esta en muy mal estado.<\/p><p><span style=\"color: #3366ff;\"><b>&#8211; Buena opci\u00f3n (Temporada media)<\/b><\/span>: <u>Marzo, Abril y Octubre.<\/u>\u00a0Buen equilibrio entre clima y turismo. Aunque puede haber alguna lluvia y tormenta ocasional, no son muy duraderas y no arruinan el viaje.<\/p><p><span style=\"font-style: inherit;\">\u00a0<\/span><\/p><p>* Independientemente del mes en el que se viaje, es recomendable mirar la previsi\u00f3n del tiempo de las diferentes zonas de tu itinerario, ya que la temperatura y el clima es diferente de una regi\u00f3n a otra.\u00a0<\/p>\t\t\t\t\t\t\t\t<\/div>\n\t\t\t\t<\/div>\n\t\t\t\t\t<\/div>\n\t\t<\/div>\n\t\t\t\t\t<\/div>\n\t\t<\/section>\n\t\t\t\t<section class=\"elementor-section elementor-top-section elementor-element elementor-element-40f39991 elementor-section-boxed elementor-section-height-default elementor-section-height-default\" data-id=\"40f39991\" data-element_type=\"section\" data-e-type=\"section\">\n\t\t\t\t\t\t<div class=\"elementor-container elementor-column-gap-default\">\n\t\t\t\t\t<div class=\"elementor-column elementor-col-100 elementor-top-column elementor-element elementor-element-5188c7be\" data-id=\"5188c7be\" data-element_type=\"column\" data-e-type=\"column\">\n\t\t\t<div class=\"elementor-widget-wrap elementor-element-populated\">\n\t\t\t\t\t\t<div class=\"elementor-element elementor-element-1ba45600 elementor-widget elementor-widget-heading\" data-id=\"1ba45600\" data-element_type=\"widget\" data-e-type=\"widget\" data-widget_type=\"heading.default\">\n\t\t\t\t<div class=\"elementor-widget-container\">\n\t\t\t\t\t<h2 class=\"elementor-heading-title elementor-size-default\">6- \u00bfCOMO MOVERSE?<\/h2>\t\t\t\t<\/div>\n\t\t\t\t<\/div>\n\t\t\t\t\t<\/div>\n\t\t<\/div>\n\t\t\t\t\t<\/div>\n\t\t<\/section>\n\t\t\t\t<section class=\"elementor-section elementor-top-section elementor-element elementor-element-68176c51 elementor-section-boxed elementor-section-height-default elementor-section-height-default\" data-id=\"68176c51\" data-element_type=\"section\" data-e-type=\"section\">\n\t\t\t\t\t\t<div class=\"elementor-container elementor-column-gap-default\">\n\t\t\t\t\t<div class=\"elementor-column elementor-col-100 elementor-top-column elementor-element elementor-element-533def61\" data-id=\"533def61\" data-element_type=\"column\" data-e-type=\"column\">\n\t\t\t<div class=\"elementor-widget-wrap elementor-element-populated\">\n\t\t\t\t\t\t<div class=\"elementor-element elementor-element-6e6aee10 elementor-widget elementor-widget-text-editor\" data-id=\"6e6aee10\" data-element_type=\"widget\" data-e-type=\"widget\" data-widget_type=\"text-editor.default\">\n\t\t\t\t<div class=\"elementor-widget-container\">\n\t\t\t\t\t\t\t\t\t<p>Hay numerosas posibilidades para moverse por <b>Indonesia:&nbsp;<\/b><\/p>\n<p><b style=\"font-style: inherit;\">&nbsp;<\/b><\/p>\n<p><b style=\"font-style: inherit;\">&#8211; Vuelos internos<\/b><\/p>\n<p class=\"p2\">\n<\/p><p class=\"p3\">\u2705 R\u00e1pidos y conectan bien las islas principales (Bali, Java, Sumatra, Flores-Komodo).<\/p>\n<p class=\"p3\">\u274c Pueden sufrir retrasos y el precio sube si reservas tarde.<\/p>\n<p class=\"p3\"><br><\/p>\n<p class=\"p2\"><b>&#8211; Autobuses y minivanes<\/b><b><\/b><\/p>\n<p class=\"p3\">\u2705 Muy econ\u00f3micos y cubren distancias largas dentro de las islas.<\/p>\n<p class=\"p3\">\u274c Lentos y, a veces, inc\u00f3modos por el tr\u00e1fico o el estado de las carreteras.<\/p>\n<p class=\"p3\"><b style=\"font-style: inherit;\"><br><\/b><\/p>\n<p class=\"p3\"><b style=\"font-style: inherit;\">&#8211; Moto de alquiler<\/b><br><\/p>\n<p class=\"p2\"><b><\/b><\/p>\n<p class=\"p3\">\u2705 Libertad total para explorar a tu ritmo, barata.<\/p>\n<p class=\"p3\">\u274c Requiere experiencia, tr\u00e1fico ca\u00f3tico y riesgo de accidentes si no tienes cuidado.<\/p>\n<p class=\"p3\"><br><\/p>\n<p class=\"p2\"><b>&#8211; Barcos y ferris<\/b><b><\/b><\/p>\n<p class=\"p3\">\u2705 Perfectos para saltar de isla en isla y vivir la experiencia local.<\/p>\n<p class=\"p3\">\u274c Los trayectos pueden ser largos y el mar a veces est\u00e1 agitado.<\/p>\n<p class=\"p3\"><br><\/p>\n<p class=\"p2\"><b>&#8211; APP Grab \/ GoJek (tipo Uber)<\/b><b><\/b><\/p>\n<p class=\"p3\">\u2705 Barato, seguro y c\u00f3modo en ciudades grandes.<\/p>\n<p class=\"p3\">\u274c No disponible en todas las islas o zonas remotas.<\/p>\t\t\t\t\t\t\t\t<\/div>\n\t\t\t\t<\/div>\n\t\t\t\t\t<\/div>\n\t\t<\/div>\n\t\t\t\t\t<\/div>\n\t\t<\/section>\n\t\t\t\t<\/div>\n\t\t","protected":false},"excerpt":{"rendered":"<p>1- \u00bfHACE FALTA VISADO? El visado para entrar en Indonesia es obligatorio. Puede obtenerse en el mismo aeropuerto\u00a0Visa On Arrival (VOE). Sin embargo, la forma m\u00e1s c\u00f3moda de hacer el tr\u00e1mite es a trav\u00e9s de la siguiente\u00a0web\u00a0considerada como Electronic Visa On Arrival (e-VOE).\u00a0 Tiene un coste de 35$ y es v\u00e1lido por 30 d\u00edas, o [&hellip;]<\/p>\n","protected":false},"author":1,"featured_media":0,"parent":0,"menu_order":0,"comment_status":"closed","ping_status":"closed","template":"","meta":{"_uag_custom_page_level_css":"","site-sidebar-layout":"no-sidebar","site-content-layout":"","ast-site-content-layout":"full-width-container","site-content-style":"default","site-sidebar-style":"default","ast-global-header-display":"","ast-banner-title-visibility":"","ast-main-header-display":"","ast-hfb-above-header-display":"","ast-hfb-below-header-display":"","ast-hfb-mobile-header-display":"","site-post-title":"disabled","ast-breadcrumbs-content":"","ast-featured-img":"disabled","footer-sml-layout":"","ast-disable-related-posts":"","theme-transparent-header-meta":"","adv-header-id-meta":"","stick-header-meta":"","header-above-stick-meta":"","header-main-stick-meta":"","header-below-stick-meta":"","astra-migrate-meta-layouts":"default","ast-page-background-enabled":"default","ast-page-background-meta":{"desktop":{"background-color":"var(--ast-global-color-4)","background-image":"","background-repeat":"repeat","background-position":"center center","background-size":"auto","background-attachment":"scroll","background-type":"","background-media":"","overlay-type":"","overlay-color":"","overlay-opacity":"","overlay-gradient":""},"tablet":{"background-color":"","background-image":"","background-repeat":"repeat","background-position":"center center","background-size":"auto","background-attachment":"scroll","background-type":"","background-media":"","overlay-type":"","overlay-color":"","overlay-opacity":"","overlay-gradient":""},"mobile":{"background-color":"","background-image":"","background-repeat":"repeat","background-position":"center center","background-size":"auto","background-attachment":"scroll","background-type":"","background-media":"","overlay-type":"","overlay-color":"","overlay-opacity":"","overlay-gradient":""}},"ast-content-background-meta":{"desktop":{"background-color":"var(--ast-global-color-5)","background-image":"","background-repeat":"repeat","background-position":"center center","background-size":"auto","background-attachment":"scroll","background-type":"","background-media":"","overlay-type":"","overlay-color":"","overlay-opacity":"","overlay-gradient":""},"tablet":{"background-color":"var(--ast-global-color-5)","background-image":"","background-repeat":"repeat","background-position":"center center","background-size":"auto","background-attachment":"scroll","background-type":"","background-media":"","overlay-type":"","overlay-color":"","overlay-opacity":"","overlay-gradient":""},"mobile":{"background-color":"var(--ast-global-color-5)","background-image":"","background-repeat":"repeat","background-position":"center center","background-size":"auto","background-attachment":"scroll","background-type":"","background-media":"","overlay-type":"","overlay-color":"","overlay-opacity":"","overlay-gradient":""}},"footnotes":""},"class_list":["post-10728","page","type-page","status-publish","hentry"],"uagb_featured_image_src":{"full":false,"thumbnail":false,"medium":false,"medium_large":false,"large":false,"1536x1536":false,"2048x2048":false,"bm-post-thumb":false,"bm-post-medium":false},"uagb_author_info":{"display_name":"admin","author_link":"https:\/\/www.ebanoviajes.com\/index.php\/author\/admin\/"},"uagb_comment_info":0,"uagb_excerpt":"1- \u00bfHACE FALTA VISADO? El visado para entrar en Indonesia es obligatorio. Puede obtenerse en el mismo aeropuerto\u00a0Visa On Arrival (VOE). Sin embargo, la forma m\u00e1s c\u00f3moda de hacer el tr\u00e1mite es a trav\u00e9s de la siguiente\u00a0web\u00a0considerada como Electronic Visa On Arrival (e-VOE).\u00a0 Tiene un coste de 35$ y es v\u00e1lido por 30 d\u00edas, o&hellip;","_links":{"self":[{"href":"https:\/\/www.ebanoviajes.com\/index.php\/wp-json\/wp\/v2\/pages\/10728","targetHints":{"allow":["GET"]}}],"collection":[{"href":"https:\/\/www.ebanoviajes.com\/index.php\/wp-json\/wp\/v2\/pages"}],"about":[{"href":"https:\/\/www.ebanoviajes.com\/index.php\/wp-json\/wp\/v2\/types\/page"}],"author":[{"embeddable":true,"href":"https:\/\/www.ebanoviajes.com\/index.php\/wp-json\/wp\/v2\/users\/1"}],"replies":[{"embeddable":true,"href":"https:\/\/www.ebanoviajes.com\/index.php\/wp-json\/wp\/v2\/comments?post=10728"}],"version-history":[{"count":10,"href":"https:\/\/www.ebanoviajes.com\/index.php\/wp-json\/wp\/v2\/pages\/10728\/revisions"}],"predecessor-version":[{"id":10739,"href":"https:\/\/www.ebanoviajes.com\/index.php\/wp-json\/wp\/v2\/pages\/10728\/revisions\/10739"}],"wp:attachment":[{"href":"https:\/\/www.ebanoviajes.com\/index.php\/wp-json\/wp\/v2\/media?parent=10728"}],"curies":[{"name":"wp","href":"https:\/\/api.w.org\/{rel}","templated":true}]}}